{"id":278223,"date":"2024-05-30T17:04:37","date_gmt":"2024-05-30T20:04:37","guid":{"rendered":"https:\/\/shop.bazarcia.com\/produto\/colecao-gatinha-candy-matrizes-e-projetos-de-bordado\/"},"modified":"2024-06-08T16:34:46","modified_gmt":"2024-06-08T19:34:46","slug":"colecao-gatinha-candy-matrizes-e-projetos-de-bordado","status":"publish","type":"product","link":"https:\/\/shop.bazarcia.com\/en\/product\/colecao-gatinha-candy-matrizes-e-projetos-de-bordado\/","title":{"rendered":"Cole\u00e7\u00e3o Gatinha Candy Matrizes e Projetos de Bordado"},"content":{"rendered":"<p style=\"margin-top: 0px;margin-bottom: 1rem;color: #6c737b;font-family: Roboto, sans-serif\"><span style=\"font-weight: bolder\">ESTE PRODUTO EST\u00c1 NA PR\u00c9-VENDA E SER\u00c1 LIBERADO EM 07\/06\/2024<\/span><\/p>\n<p style=\"margin-top: 0px;margin-bottom: 1rem;color: #6c737b;font-family: Roboto, sans-serif\"><span style=\"font-weight: bolder\"><span style=\"font-weight: bolder\"><span style=\"font-weight: bolder\"><span style=\"font-weight: bolder\"><span style=\"font-weight: bolder\"><span style=\"font-weight: bolder\"><span style=\"font-weight: bolder\"><span style=\"font-weight: bolder\"><span style=\"font-weight: bolder\"><span style=\"font-weight: bolder\"><span style=\"font-weight: bolder\"><span style=\"font-weight: bolder\"><span style=\"font-weight: bolder\"><span style=\"font-weight: bolder\"><span style=\"font-weight: bolder\"><span style=\"font-weight: bolder\"><span style=\"font-weight: bolder\"><span style=\"font-weight: bolder\"><span style=\"font-weight: bolder\"><span style=\"font-weight: bolder\"><span style=\"font-weight: bolder\"><span style=\"font-weight: bolder\"><span style=\"font-weight: bolder\"><span style=\"font-weight: bolder\"><span style=\"font-weight: bolder\"><span style=\"font-weight: bolder\"><span style=\"font-weight: bolder\"><span style=\"font-weight: bolder\"><span style=\"font-weight: bolder\"><span style=\"font-weight: bolder\"><span style=\"font-weight: bolder\"><span style=\"font-weight: bolder\">Cole\u00e7\u00e3o Gatinha Candy Matrizes e Projetos de Bordado<\/span><\/span><\/span><\/span><\/span><\/span><\/span><\/span><\/span><\/span><\/span><\/span><\/span><\/span><\/span><\/span><\/span><\/span><\/span><\/span><\/span><\/span><\/span><\/span><\/span><\/span><\/span><\/span><\/span><\/span><br \/>\n<\/span><\/span><\/p>\n<div style=\"color: #212529;font-family: Roboto, sans-serif\">\n<p style=\"margin-top: 0px;margin-bottom: 1rem;color: #6c737b\"><span style=\"font-weight: bolder\"><i style=\"vertical-align: middle\"><span style=\"font-weight: bolder\">Descri\u00e7\u00e3o das Matrizes:<br \/>\n<i style=\"vertical-align: middle\">\u2665 Quais s\u00e3o e seus tamanhos est\u00e3o detalhados nas imagens aqui mesmo, ent\u00e3o clique na imagem de capa e passe para as pr\u00f3ximas imagens para conferir todos os detalhes.<br \/>\n<\/i><br \/>\n<\/span><\/i><\/span><\/p>\n<p style=\"margin-top: 0px;margin-bottom: 1rem;color: #6c737b\"><span style=\"font-weight: bolder\"><span style=\"font-weight: bolder\">\u2661 Este \u00e9 um produto DIGITAL, os arquivos estar\u00e3o dispon\u00edveis para download aqui mesmo, na sua conta, ap\u00f3s confirma\u00e7\u00e3o do pagamento. Para produtos em pr\u00e9-venda, atente-se \u00e0 data de entrega.<\/span><\/span><span style=\"font-weight: bolder\"><span style=\"font-weight: bolder\"><br \/>\n<\/span><\/span><\/p>\n<p style=\"margin-top: 0px;margin-bottom: 1rem;color: #6c737b\"><span style=\"font-weight: bolder\"><span style=\"font-weight: bolder\">\u2661 Os arquivos est\u00e3o em pasta compactada (ZIP), sendo necess\u00e1rio descompact\u00e1-la.<\/span><\/span><\/p>\n<p style=\"margin-top: 0px;margin-bottom: 1rem;color: #6c737b\">\u2661 Os mesmos s\u00e3o compat\u00edveis com v\u00e1rios tipos e modelos de m\u00e1quinas, com os seguintes formatos:<br \/>\nDST &#8211; EXP &#8211; HUS &#8211; JEF &#8211; PES &#8211; XXX<\/p>\n<p style=\"margin-top: 0px;margin-bottom: 1rem;color: #6c737b\">\u2661 Adquirindo nossas matrizes e projetos voc\u00ea se declara de acordo com nossos\u00a0<span style=\"font-weight: bolder\"><span style=\"font-weight: bolder\"><span style=\"font-weight: bolder\"><span style=\"font-weight: bolder\"><span style=\"font-weight: bolder\"><a style=\"color: #95663c;background-color: transparent\" href=\"https:\/\/shop.bazarcia.com\/en\/store\/atelie-mamae-coruja\/toc\/\" target=\"_blank\" rel=\"nofollow noopener\">TERMOS E CONDI\u00c7\u00d5ES<\/a><\/span>.<\/span><\/span><\/span><\/span><\/p>\n<p>Designer: Cibelle Mello (Arts de Belinha)<br \/>\nPrograma\u00e7\u00e3o e Adapta\u00e7\u00e3o: Ateli\u00ea Mam\u00e3e Coruja<\/p>\n<\/div>","protected":false},"excerpt":{"rendered":"<p>Este \u00e9 um PRODUTO DIGITAL destinado a artes\u00e3s e artes\u00e3os \u2665<\/p>\n<p>\u2665 Eita que essa cole\u00e7\u00e3o ta um sonho de t\u00e3o recheada. Acompanha com a gente!<\/p>\n<p>\u2665 Matrizes em apliques, pontos leves, tags, abas, matelass\u00eas, naninha plana, lombada, fecho, espelhos (Projetos Bag&#8217;s Lepetit Baby) e ainda de brinde chaveirinhos e tags para segura chupeta, e tudo isso em diversos tamanhos dessa gatinha linda que ganhou o nome de Candy, por causa de suas cores t\u00e3o fofas, uma combina\u00e7\u00e3o perfeita para enxovais de beb\u00ea.<br \/>\nPara conferir todas as possibilidades dessa cole\u00e7\u00e3o e tamanhos das matrizes veja as imagens.<\/p>\n<p>\u2665 Um mont\u00e3o de arquivos, com aquela qualidade e carinho na programa\u00e7\u00e3o que voc\u00eas j\u00e1 conhecem, para enfeitar diversos tipos de pe\u00e7as e encantar muitos clientes.<\/p>\n<p>Mais informa\u00e7\u00f5es abaixo!<\/p>","protected":false},"featured_media":278179,"comment_status":"open","ping_status":"closed","template":"","meta":{"_acf_changed":false,"_joinchat":[]},"product_brand":[],"product_cat":[84,122,326,85,312,98,1329,106],"product_tag":[],"class_list":{"0":"post-278223","1":"product","2":"type-product","3":"status-publish","4":"has-post-thumbnail","6":"product_cat-matrizes-de-bordado","7":"product_cat-matrizes-de-bordado-animais","8":"product_cat-gatinhos","9":"product_cat-apliques","10":"product_cat-matrizes-pontos-leves","11":"product_cat-projetos-na-bordadeira-in-the-hoop-embroidery","12":"product_cat-projetos-abas-na-bordadeira","13":"product_cat-projeto-chaveiros-e-tags-na-bordadeira","15":"first","16":"instock","17":"downloadable","18":"virtual","19":"sold-individually","20":"purchasable","21":"product-type-simple"},"acf":[],"yoast_head":"<!-- This site is optimized with the Yoast SEO plugin v27.2 - https:\/\/yoast.com\/product\/yoast-seo-wordpress\/ -->\n<title>Cole\u00e7\u00e3o Gatinha Candy Matrizes e Projetos de Bordado - \ud835\udc1b\ud835\udc1a\ud835\udc33\ud835\udc1a\ud835\udc2b &amp; \ud835\udc1c\ud835\udc22\ud835\udc1a<\/title>\n<meta name=\"robots\" content=\"index, follow, max-snippet:-1, max-image-preview:large, max-video-preview:-1\" \/>\n<link rel=\"canonical\" href=\"https:\/\/shop.bazarcia.com\/en\/product\/colecao-gatinha-candy-matrizes-e-projetos-de-bordado\/\" \/>\n<meta property=\"og:locale\" content=\"en_US\" \/>\n<meta property=\"og:type\" content=\"article\" \/>\n<meta property=\"og:title\" content=\"Cole\u00e7\u00e3o Gatinha Candy Matrizes e Projetos de Bordado - \ud835\udc1b\ud835\udc1a\ud835\udc33\ud835\udc1a\ud835\udc2b &amp; \ud835\udc1c\ud835\udc22\ud835\udc1a\" \/>\n<meta property=\"og:description\" content=\"Este \u00e9 um PRODUTO DIGITAL destinado a artes\u00e3s e artes\u00e3os \u2665  \u2665 Eita que essa cole\u00e7\u00e3o ta um sonho de t\u00e3o recheada. Acompanha com a gente!  \u2665 Matrizes em apliques, pontos leves, tags, abas, matelass\u00eas, naninha plana, lombada, fecho, espelhos (Projetos Bag&#039;s Lepetit Baby) e ainda de brinde chaveirinhos e tags para segura chupeta, e tudo isso em diversos tamanhos dessa gatinha linda que ganhou o nome de Candy, por causa de suas cores t\u00e3o fofas, uma combina\u00e7\u00e3o perfeita para enxovais de beb\u00ea. Para conferir todas as possibilidades dessa cole\u00e7\u00e3o e tamanhos das matrizes veja as imagens.  \u2665 Um mont\u00e3o de arquivos, com aquela qualidade e carinho na programa\u00e7\u00e3o que voc\u00eas j\u00e1 conhecem, para enfeitar diversos tipos de pe\u00e7as e encantar muitos clientes.  Mais informa\u00e7\u00f5es abaixo!\" \/>\n<meta property=\"og:url\" content=\"https:\/\/shop.bazarcia.com\/en\/product\/colecao-gatinha-candy-matrizes-e-projetos-de-bordado\/\" \/>\n<meta property=\"og:site_name\" content=\"\ud835\udc1b\ud835\udc1a\ud835\udc33\ud835\udc1a\ud835\udc2b &amp; \ud835\udc1c\ud835\udc22\ud835\udc1a\" \/>\n<meta property=\"article:publisher\" content=\"https:\/\/www.facebook.com\/shopbazarcia\" \/>\n<meta property=\"article:modified_time\" content=\"2024-06-08T19:34:46+00:00\" \/>\n<meta property=\"og:image\" content=\"https:\/\/shop.bazarcia.com\/wp-content\/uploads\/2024\/05\/colecao-matrizes-de-bordado-gatinha-candy-apliques-pontos-leves-abas-tags-molduras-naninha-plana-matelasse-coracao-chaveiros-1.jpg\" \/>\n\t<meta property=\"og:image:width\" content=\"540\" \/>\n\t<meta property=\"og:image:height\" content=\"540\" \/>\n\t<meta property=\"og:image:type\" content=\"image\/jpeg\" \/>\n<meta name=\"twitter:card\" content=\"summary_large_image\" \/>\n<meta name=\"twitter:label1\" content=\"Est. reading time\" \/>\n\t<meta name=\"twitter:data1\" content=\"1 minute\" \/>\n<script type=\"application\/ld+json\" class=\"yoast-schema-graph\">{\"@context\":\"https:\/\/schema.org\",\"@graph\":[{\"@type\":\"WebPage\",\"@id\":\"https:\/\/shop.bazarcia.com\/produto\/colecao-gatinha-candy-matrizes-e-projetos-de-bordado\/\",\"url\":\"https:\/\/shop.bazarcia.com\/produto\/colecao-gatinha-candy-matrizes-e-projetos-de-bordado\/\",\"name\":\"Cole\u00e7\u00e3o Gatinha Candy Matrizes e Projetos de Bordado - \ud835\udc1b\ud835\udc1a\ud835\udc33\ud835\udc1a\ud835\udc2b &amp; \ud835\udc1c\ud835\udc22\ud835\udc1a\",\"isPartOf\":{\"@id\":\"https:\/\/shop.bazarcia.com\/#website\"},\"primaryImageOfPage\":{\"@id\":\"https:\/\/shop.bazarcia.com\/produto\/colecao-gatinha-candy-matrizes-e-projetos-de-bordado\/#primaryimage\"},\"image\":{\"@id\":\"https:\/\/shop.bazarcia.com\/produto\/colecao-gatinha-candy-matrizes-e-projetos-de-bordado\/#primaryimage\"},\"thumbnailUrl\":\"https:\/\/shop.bazarcia.com\/wp-content\/uploads\/2024\/05\/colecao-matrizes-de-bordado-gatinha-candy-apliques-pontos-leves-abas-tags-molduras-naninha-plana-matelasse-coracao-chaveiros-1.jpg\",\"datePublished\":\"2024-05-30T20:04:37+00:00\",\"dateModified\":\"2024-06-08T19:34:46+00:00\",\"breadcrumb\":{\"@id\":\"https:\/\/shop.bazarcia.com\/produto\/colecao-gatinha-candy-matrizes-e-projetos-de-bordado\/#breadcrumb\"},\"inLanguage\":\"en-US\",\"potentialAction\":[{\"@type\":\"ReadAction\",\"target\":[\"https:\/\/shop.bazarcia.com\/produto\/colecao-gatinha-candy-matrizes-e-projetos-de-bordado\/\"]}]},{\"@type\":\"ImageObject\",\"inLanguage\":\"en-US\",\"@id\":\"https:\/\/shop.bazarcia.com\/produto\/colecao-gatinha-candy-matrizes-e-projetos-de-bordado\/#primaryimage\",\"url\":\"https:\/\/shop.bazarcia.com\/wp-content\/uploads\/2024\/05\/colecao-matrizes-de-bordado-gatinha-candy-apliques-pontos-leves-abas-tags-molduras-naninha-plana-matelasse-coracao-chaveiros-1.jpg\",\"contentUrl\":\"https:\/\/shop.bazarcia.com\/wp-content\/uploads\/2024\/05\/colecao-matrizes-de-bordado-gatinha-candy-apliques-pontos-leves-abas-tags-molduras-naninha-plana-matelasse-coracao-chaveiros-1.jpg\",\"width\":540,\"height\":540},{\"@type\":\"BreadcrumbList\",\"@id\":\"https:\/\/shop.bazarcia.com\/produto\/colecao-gatinha-candy-matrizes-e-projetos-de-bordado\/#breadcrumb\",\"itemListElement\":[{\"@type\":\"ListItem\",\"position\":1,\"name\":\"In\u00edcio\",\"item\":\"https:\/\/shop.bazarcia.com\/\"},{\"@type\":\"ListItem\",\"position\":2,\"name\":\"Loja\",\"item\":\"https:\/\/shop.bazarcia.com\/loja\/\"},{\"@type\":\"ListItem\",\"position\":3,\"name\":\"Cole\u00e7\u00e3o Gatinha Candy Matrizes e Projetos de Bordado\"}]},{\"@type\":\"WebSite\",\"@id\":\"https:\/\/shop.bazarcia.com\/#website\",\"url\":\"https:\/\/shop.bazarcia.com\/\",\"name\":\"Bazar & Cia\",\"description\":\"criatividade ponto a ponto\",\"publisher\":{\"@id\":\"https:\/\/shop.bazarcia.com\/#organization\"},\"potentialAction\":[{\"@type\":\"SearchAction\",\"target\":{\"@type\":\"EntryPoint\",\"urlTemplate\":\"https:\/\/shop.bazarcia.com\/?s={search_term_string}\"},\"query-input\":{\"@type\":\"PropertyValueSpecification\",\"valueRequired\":true,\"valueName\":\"search_term_string\"}}],\"inLanguage\":\"en-US\"},{\"@type\":\"Organization\",\"@id\":\"https:\/\/shop.bazarcia.com\/#organization\",\"name\":\"Bazar & Cia\",\"url\":\"https:\/\/shop.bazarcia.com\/\",\"logo\":{\"@type\":\"ImageObject\",\"inLanguage\":\"en-US\",\"@id\":\"https:\/\/shop.bazarcia.com\/#\/schema\/logo\/image\/\",\"url\":\"https:\/\/shop.bazarcia.com\/wp-content\/uploads\/2024\/02\/cropped-logo_bazarcia.png\",\"contentUrl\":\"https:\/\/shop.bazarcia.com\/wp-content\/uploads\/2024\/02\/cropped-logo_bazarcia.png\",\"width\":150,\"height\":150,\"caption\":\"Bazar & Cia\"},\"image\":{\"@id\":\"https:\/\/shop.bazarcia.com\/#\/schema\/logo\/image\/\"},\"sameAs\":[\"https:\/\/www.facebook.com\/shopbazarcia\",\"https:\/\/www.instagram.com\/shopbazarcia\",\"https:\/\/br.pinterest.com\/suzane_eloise\/\",\"https:\/\/www.youtube.com\/c\/BazardoBordadoMatrizeseProjetos\"]}]}<\/script>\n<!-- \/ Yoast SEO plugin. -->","yoast_head_json":{"title":"Cole\u00e7\u00e3o Gatinha Candy Matrizes e Projetos de Bordado - \ud835\udc1b\ud835\udc1a\ud835\udc33\ud835\udc1a\ud835\udc2b &amp; \ud835\udc1c\ud835\udc22\ud835\udc1a","robots":{"index":"index","follow":"follow","max-snippet":"max-snippet:-1","max-image-preview":"max-image-preview:large","max-video-preview":"max-video-preview:-1"},"canonical":"https:\/\/shop.bazarcia.com\/en\/product\/colecao-gatinha-candy-matrizes-e-projetos-de-bordado\/","og_locale":"en_US","og_type":"article","og_title":"Cole\u00e7\u00e3o Gatinha Candy Matrizes e Projetos de Bordado - \ud835\udc1b\ud835\udc1a\ud835\udc33\ud835\udc1a\ud835\udc2b &amp; \ud835\udc1c\ud835\udc22\ud835\udc1a","og_description":"Este \u00e9 um PRODUTO DIGITAL destinado a artes\u00e3s e artes\u00e3os \u2665  \u2665 Eita que essa cole\u00e7\u00e3o ta um sonho de t\u00e3o recheada. Acompanha com a gente!  \u2665 Matrizes em apliques, pontos leves, tags, abas, matelass\u00eas, naninha plana, lombada, fecho, espelhos (Projetos Bag's Lepetit Baby) e ainda de brinde chaveirinhos e tags para segura chupeta, e tudo isso em diversos tamanhos dessa gatinha linda que ganhou o nome de Candy, por causa de suas cores t\u00e3o fofas, uma combina\u00e7\u00e3o perfeita para enxovais de beb\u00ea. Para conferir todas as possibilidades dessa cole\u00e7\u00e3o e tamanhos das matrizes veja as imagens.  \u2665 Um mont\u00e3o de arquivos, com aquela qualidade e carinho na programa\u00e7\u00e3o que voc\u00eas j\u00e1 conhecem, para enfeitar diversos tipos de pe\u00e7as e encantar muitos clientes.  Mais informa\u00e7\u00f5es abaixo!","og_url":"https:\/\/shop.bazarcia.com\/en\/product\/colecao-gatinha-candy-matrizes-e-projetos-de-bordado\/","og_site_name":"\ud835\udc1b\ud835\udc1a\ud835\udc33\ud835\udc1a\ud835\udc2b &amp; \ud835\udc1c\ud835\udc22\ud835\udc1a","article_publisher":"https:\/\/www.facebook.com\/shopbazarcia","article_modified_time":"2024-06-08T19:34:46+00:00","og_image":[{"width":540,"height":540,"url":"https:\/\/shop.bazarcia.com\/wp-content\/uploads\/2024\/05\/colecao-matrizes-de-bordado-gatinha-candy-apliques-pontos-leves-abas-tags-molduras-naninha-plana-matelasse-coracao-chaveiros-1.jpg","type":"image\/jpeg"}],"twitter_card":"summary_large_image","twitter_misc":{"Est. reading time":"1 minute"},"schema":{"@context":"https:\/\/schema.org","@graph":[{"@type":"WebPage","@id":"https:\/\/shop.bazarcia.com\/produto\/colecao-gatinha-candy-matrizes-e-projetos-de-bordado\/","url":"https:\/\/shop.bazarcia.com\/produto\/colecao-gatinha-candy-matrizes-e-projetos-de-bordado\/","name":"Cole\u00e7\u00e3o Gatinha Candy Matrizes e Projetos de Bordado - \ud835\udc1b\ud835\udc1a\ud835\udc33\ud835\udc1a\ud835\udc2b &amp; \ud835\udc1c\ud835\udc22\ud835\udc1a","isPartOf":{"@id":"https:\/\/shop.bazarcia.com\/#website"},"primaryImageOfPage":{"@id":"https:\/\/shop.bazarcia.com\/produto\/colecao-gatinha-candy-matrizes-e-projetos-de-bordado\/#primaryimage"},"image":{"@id":"https:\/\/shop.bazarcia.com\/produto\/colecao-gatinha-candy-matrizes-e-projetos-de-bordado\/#primaryimage"},"thumbnailUrl":"https:\/\/shop.bazarcia.com\/wp-content\/uploads\/2024\/05\/colecao-matrizes-de-bordado-gatinha-candy-apliques-pontos-leves-abas-tags-molduras-naninha-plana-matelasse-coracao-chaveiros-1.jpg","datePublished":"2024-05-30T20:04:37+00:00","dateModified":"2024-06-08T19:34:46+00:00","breadcrumb":{"@id":"https:\/\/shop.bazarcia.com\/produto\/colecao-gatinha-candy-matrizes-e-projetos-de-bordado\/#breadcrumb"},"inLanguage":"en-US","potentialAction":[{"@type":"ReadAction","target":["https:\/\/shop.bazarcia.com\/produto\/colecao-gatinha-candy-matrizes-e-projetos-de-bordado\/"]}]},{"@type":"ImageObject","inLanguage":"en-US","@id":"https:\/\/shop.bazarcia.com\/produto\/colecao-gatinha-candy-matrizes-e-projetos-de-bordado\/#primaryimage","url":"https:\/\/shop.bazarcia.com\/wp-content\/uploads\/2024\/05\/colecao-matrizes-de-bordado-gatinha-candy-apliques-pontos-leves-abas-tags-molduras-naninha-plana-matelasse-coracao-chaveiros-1.jpg","contentUrl":"https:\/\/shop.bazarcia.com\/wp-content\/uploads\/2024\/05\/colecao-matrizes-de-bordado-gatinha-candy-apliques-pontos-leves-abas-tags-molduras-naninha-plana-matelasse-coracao-chaveiros-1.jpg","width":540,"height":540},{"@type":"BreadcrumbList","@id":"https:\/\/shop.bazarcia.com\/produto\/colecao-gatinha-candy-matrizes-e-projetos-de-bordado\/#breadcrumb","itemListElement":[{"@type":"ListItem","position":1,"name":"In\u00edcio","item":"https:\/\/shop.bazarcia.com\/"},{"@type":"ListItem","position":2,"name":"Loja","item":"https:\/\/shop.bazarcia.com\/loja\/"},{"@type":"ListItem","position":3,"name":"Cole\u00e7\u00e3o Gatinha Candy Matrizes e Projetos de Bordado"}]},{"@type":"WebSite","@id":"https:\/\/shop.bazarcia.com\/#website","url":"https:\/\/shop.bazarcia.com\/","name":"Bazar & Cia","description":"criatividade ponto a ponto","publisher":{"@id":"https:\/\/shop.bazarcia.com\/#organization"},"potentialAction":[{"@type":"SearchAction","target":{"@type":"EntryPoint","urlTemplate":"https:\/\/shop.bazarcia.com\/?s={search_term_string}"},"query-input":{"@type":"PropertyValueSpecification","valueRequired":true,"valueName":"search_term_string"}}],"inLanguage":"en-US"},{"@type":"Organization","@id":"https:\/\/shop.bazarcia.com\/#organization","name":"Bazar & Cia","url":"https:\/\/shop.bazarcia.com\/","logo":{"@type":"ImageObject","inLanguage":"en-US","@id":"https:\/\/shop.bazarcia.com\/#\/schema\/logo\/image\/","url":"https:\/\/shop.bazarcia.com\/wp-content\/uploads\/2024\/02\/cropped-logo_bazarcia.png","contentUrl":"https:\/\/shop.bazarcia.com\/wp-content\/uploads\/2024\/02\/cropped-logo_bazarcia.png","width":150,"height":150,"caption":"Bazar & Cia"},"image":{"@id":"https:\/\/shop.bazarcia.com\/#\/schema\/logo\/image\/"},"sameAs":["https:\/\/www.facebook.com\/shopbazarcia","https:\/\/www.instagram.com\/shopbazarcia","https:\/\/br.pinterest.com\/suzane_eloise\/","https:\/\/www.youtube.com\/c\/BazardoBordadoMatrizeseProjetos"]}]}},"_links":{"self":[{"href":"https:\/\/shop.bazarcia.com\/en\/wp-json\/wp\/v2\/product\/278223","targetHints":{"allow":["GET"]}}],"collection":[{"href":"https:\/\/shop.bazarcia.com\/en\/wp-json\/wp\/v2\/product"}],"about":[{"href":"https:\/\/shop.bazarcia.com\/en\/wp-json\/wp\/v2\/types\/product"}],"replies":[{"embeddable":true,"href":"https:\/\/shop.bazarcia.com\/en\/wp-json\/wp\/v2\/comments?post=278223"}],"version-history":[{"count":4,"href":"https:\/\/shop.bazarcia.com\/en\/wp-json\/wp\/v2\/product\/278223\/revisions"}],"predecessor-version":[{"id":279402,"href":"https:\/\/shop.bazarcia.com\/en\/wp-json\/wp\/v2\/product\/278223\/revisions\/279402"}],"wp:featuredmedia":[{"embeddable":true,"href":"https:\/\/shop.bazarcia.com\/en\/wp-json\/wp\/v2\/media\/278179"}],"wp:attachment":[{"href":"https:\/\/shop.bazarcia.com\/en\/wp-json\/wp\/v2\/media?parent=278223"}],"wp:term":[{"taxonomy":"product_brand","embeddable":true,"href":"https:\/\/shop.bazarcia.com\/en\/wp-json\/wp\/v2\/product_brand?post=278223"},{"taxonomy":"product_cat","embeddable":true,"href":"https:\/\/shop.bazarcia.com\/en\/wp-json\/wp\/v2\/product_cat?post=278223"},{"taxonomy":"product_tag","embeddable":true,"href":"https:\/\/shop.bazarcia.com\/en\/wp-json\/wp\/v2\/product_tag?post=278223"}],"curies":[{"name":"wp","href":"https:\/\/api.w.org\/{rel}","templated":true}]}}