{"id":279329,"date":"2024-06-07T12:38:13","date_gmt":"2024-06-07T15:38:13","guid":{"rendered":"https:\/\/shop.bazarcia.com\/produto\/projeto-na-bordadeira-acessarios-para-festa-junina-ith-gravata-e-laco\/"},"modified":"2025-06-23T16:00:41","modified_gmt":"2025-06-23T19:00:41","slug":"projeto-na-bordadeira-acessorios-para-festa-junina-ith-gravata-e-laco","status":"publish","type":"product","link":"https:\/\/shop.bazarcia.com\/en\/product\/projeto-na-bordadeira-acessorios-para-festa-junina-ith-gravata-e-laco\/","title":{"rendered":"[Projeto na Bordadeira] Acess\u00f3rios para Festa Junina ITH &#8211; Gravata e La\u00e7o"},"content":{"rendered":"<p>Fa\u00e7a lindos La\u00e7os e Gravatas de tecido!<\/p>\n<p>Matrizes para bastidor a partir do 10&#215;10, para o projeto completo La\u00e7o a partir do 13&#215;18 e para a gravata 15&#215;26. V\u00eddeos de passo a passo no Insta.<\/p>\n<p>Este \u00e9 um produto DIGITAL e os arquivos estar\u00e3o dispon\u00edveis para download aqui mesmo na sua conta ap\u00f3s confirma\u00e7\u00e3o do pagamento.<\/p>\n<p>Os arquivos est\u00e3o em pasta compactada (ZIP), sendo necess\u00e1rio descompact\u00e1-la.<\/p>\n<p>Os mesmos s\u00e3o compat\u00edveis com v\u00e1rios tipos e modelos de m\u00e1quinas, com os seguintes formatos: DST \u2013 EXP \u2013 HUS \u2013 JEF \u2013 PES \u2013 XXX<\/p>","protected":false},"excerpt":{"rendered":"<p>Fa\u00e7a lindos La\u00e7os e Gravatas de tecido!<br \/>\nMatrizes para bastidor a partir do 10&#215;10, para o projeto completo La\u00e7o a partir do 13&#215;18 e para a gravata 15&#215;26.<br \/>\nArrasta para o lado para conferir mais ideias.<br \/>\nPES \u2013 JEF\u2013 DST \u2013 XXX \u2013 EXP \u2013 HUS<\/p>","protected":false},"featured_media":279290,"comment_status":"open","ping_status":"closed","template":"","meta":{"_acf_changed":false,"_joinchat":[]},"product_brand":[],"product_cat":[1324,160,84,1895,98,1385,1330],"product_tag":[1435],"class_list":{"0":"post-279329","1":"product","2":"type-product","3":"status-publish","4":"has-post-thumbnail","6":"product_cat-acessorios-masculinos","7":"product_cat-projeto-lacinhos-na-bordadeira","8":"product_cat-matrizes-de-bordado","9":"product_cat-projetos-festa-junina-ith","10":"product_cat-projetos-na-bordadeira-in-the-hoop-embroidery","11":"product_cat-projetos-para-bastidor-13x18","12":"product_cat-projetos-para-datas-especiais","13":"product_tag-projeto-na-bordadeira-ith","15":"first","16":"instock","17":"downloadable","18":"virtual","19":"purchasable","20":"product-type-simple"},"acf":[],"yoast_head":"<!-- This site is optimized with the Yoast SEO plugin v27.2 - https:\/\/yoast.com\/product\/yoast-seo-wordpress\/ -->\n<title>[Projeto na Bordadeira] Acess\u00f3rios para Festa Junina ITH - Gravata e La\u00e7o - \ud835\udc1b\ud835\udc1a\ud835\udc33\ud835\udc1a\ud835\udc2b &amp; \ud835\udc1c\ud835\udc22\ud835\udc1a<\/title>\n<meta name=\"robots\" content=\"index, follow, max-snippet:-1, max-image-preview:large, max-video-preview:-1\" \/>\n<link rel=\"canonical\" href=\"https:\/\/shop.bazarcia.com\/en\/product\/projeto-na-bordadeira-acessorios-para-festa-junina-ith-gravata-e-laco\/\" \/>\n<meta property=\"og:locale\" content=\"en_US\" \/>\n<meta property=\"og:type\" content=\"article\" \/>\n<meta property=\"og:title\" content=\"[Projeto na Bordadeira] Acess\u00f3rios para Festa Junina ITH - Gravata e La\u00e7o - \ud835\udc1b\ud835\udc1a\ud835\udc33\ud835\udc1a\ud835\udc2b &amp; \ud835\udc1c\ud835\udc22\ud835\udc1a\" \/>\n<meta property=\"og:description\" content=\"Fa\u00e7a lindos La\u00e7os e Gravatas de tecido! Matrizes para bastidor a partir do 10x10, para o projeto completo La\u00e7o a partir do 13x18 e para a gravata 15x26. Arrasta para o lado para conferir mais ideias. PES \u2013 JEF\u2013 DST \u2013 XXX \u2013 EXP \u2013 HUS\" \/>\n<meta property=\"og:url\" content=\"https:\/\/shop.bazarcia.com\/en\/product\/projeto-na-bordadeira-acessorios-para-festa-junina-ith-gravata-e-laco\/\" \/>\n<meta property=\"og:site_name\" content=\"\ud835\udc1b\ud835\udc1a\ud835\udc33\ud835\udc1a\ud835\udc2b &amp; \ud835\udc1c\ud835\udc22\ud835\udc1a\" \/>\n<meta property=\"article:publisher\" content=\"https:\/\/www.facebook.com\/shopbazarcia\" \/>\n<meta property=\"article:modified_time\" content=\"2025-06-23T19:00:41+00:00\" \/>\n<meta property=\"og:image\" content=\"https:\/\/shop.bazarcia.com\/wp-content\/uploads\/2024\/06\/Imagem-para-Bazar-1.jpg\" \/>\n\t<meta property=\"og:image:width\" content=\"1080\" \/>\n\t<meta property=\"og:image:height\" content=\"1080\" \/>\n\t<meta property=\"og:image:type\" content=\"image\/jpeg\" \/>\n<meta name=\"twitter:card\" content=\"summary_large_image\" \/>\n<meta name=\"twitter:label1\" content=\"Est. reading time\" \/>\n\t<meta name=\"twitter:data1\" content=\"1 minute\" \/>\n<script type=\"application\/ld+json\" class=\"yoast-schema-graph\">{\"@context\":\"https:\/\/schema.org\",\"@graph\":[{\"@type\":\"WebPage\",\"@id\":\"https:\/\/shop.bazarcia.com\/produto\/projeto-na-bordadeira-acessorios-para-festa-junina-ith-gravata-e-laco\/\",\"url\":\"https:\/\/shop.bazarcia.com\/produto\/projeto-na-bordadeira-acessorios-para-festa-junina-ith-gravata-e-laco\/\",\"name\":\"[Projeto na Bordadeira] Acess\u00f3rios para Festa Junina ITH - Gravata e La\u00e7o - \ud835\udc1b\ud835\udc1a\ud835\udc33\ud835\udc1a\ud835\udc2b &amp; \ud835\udc1c\ud835\udc22\ud835\udc1a\",\"isPartOf\":{\"@id\":\"https:\/\/shop.bazarcia.com\/#website\"},\"primaryImageOfPage\":{\"@id\":\"https:\/\/shop.bazarcia.com\/produto\/projeto-na-bordadeira-acessorios-para-festa-junina-ith-gravata-e-laco\/#primaryimage\"},\"image\":{\"@id\":\"https:\/\/shop.bazarcia.com\/produto\/projeto-na-bordadeira-acessorios-para-festa-junina-ith-gravata-e-laco\/#primaryimage\"},\"thumbnailUrl\":\"https:\/\/shop.bazarcia.com\/wp-content\/uploads\/2024\/06\/Imagem-para-Bazar-1.jpg\",\"datePublished\":\"2024-06-07T15:38:13+00:00\",\"dateModified\":\"2025-06-23T19:00:41+00:00\",\"breadcrumb\":{\"@id\":\"https:\/\/shop.bazarcia.com\/produto\/projeto-na-bordadeira-acessorios-para-festa-junina-ith-gravata-e-laco\/#breadcrumb\"},\"inLanguage\":\"en-US\",\"potentialAction\":[{\"@type\":\"ReadAction\",\"target\":[\"https:\/\/shop.bazarcia.com\/produto\/projeto-na-bordadeira-acessorios-para-festa-junina-ith-gravata-e-laco\/\"]}]},{\"@type\":\"ImageObject\",\"inLanguage\":\"en-US\",\"@id\":\"https:\/\/shop.bazarcia.com\/produto\/projeto-na-bordadeira-acessorios-para-festa-junina-ith-gravata-e-laco\/#primaryimage\",\"url\":\"https:\/\/shop.bazarcia.com\/wp-content\/uploads\/2024\/06\/Imagem-para-Bazar-1.jpg\",\"contentUrl\":\"https:\/\/shop.bazarcia.com\/wp-content\/uploads\/2024\/06\/Imagem-para-Bazar-1.jpg\",\"width\":1080,\"height\":1080},{\"@type\":\"BreadcrumbList\",\"@id\":\"https:\/\/shop.bazarcia.com\/produto\/projeto-na-bordadeira-acessorios-para-festa-junina-ith-gravata-e-laco\/#breadcrumb\",\"itemListElement\":[{\"@type\":\"ListItem\",\"position\":1,\"name\":\"In\u00edcio\",\"item\":\"https:\/\/shop.bazarcia.com\/\"},{\"@type\":\"ListItem\",\"position\":2,\"name\":\"Loja\",\"item\":\"https:\/\/shop.bazarcia.com\/loja\/\"},{\"@type\":\"ListItem\",\"position\":3,\"name\":\"[Projeto na Bordadeira] Acess\u00f3rios para Festa Junina ITH &#8211; Gravata e La\u00e7o\"}]},{\"@type\":\"WebSite\",\"@id\":\"https:\/\/shop.bazarcia.com\/#website\",\"url\":\"https:\/\/shop.bazarcia.com\/\",\"name\":\"Bazar & Cia\",\"description\":\"criatividade ponto a ponto\",\"publisher\":{\"@id\":\"https:\/\/shop.bazarcia.com\/#organization\"},\"potentialAction\":[{\"@type\":\"SearchAction\",\"target\":{\"@type\":\"EntryPoint\",\"urlTemplate\":\"https:\/\/shop.bazarcia.com\/?s={search_term_string}\"},\"query-input\":{\"@type\":\"PropertyValueSpecification\",\"valueRequired\":true,\"valueName\":\"search_term_string\"}}],\"inLanguage\":\"en-US\"},{\"@type\":\"Organization\",\"@id\":\"https:\/\/shop.bazarcia.com\/#organization\",\"name\":\"Bazar & Cia\",\"url\":\"https:\/\/shop.bazarcia.com\/\",\"logo\":{\"@type\":\"ImageObject\",\"inLanguage\":\"en-US\",\"@id\":\"https:\/\/shop.bazarcia.com\/#\/schema\/logo\/image\/\",\"url\":\"https:\/\/shop.bazarcia.com\/wp-content\/uploads\/2024\/02\/cropped-logo_bazarcia.png\",\"contentUrl\":\"https:\/\/shop.bazarcia.com\/wp-content\/uploads\/2024\/02\/cropped-logo_bazarcia.png\",\"width\":150,\"height\":150,\"caption\":\"Bazar & Cia\"},\"image\":{\"@id\":\"https:\/\/shop.bazarcia.com\/#\/schema\/logo\/image\/\"},\"sameAs\":[\"https:\/\/www.facebook.com\/shopbazarcia\",\"https:\/\/www.instagram.com\/shopbazarcia\",\"https:\/\/br.pinterest.com\/suzane_eloise\/\",\"https:\/\/www.youtube.com\/c\/BazardoBordadoMatrizeseProjetos\"]}]}<\/script>\n<!-- \/ Yoast SEO plugin. -->","yoast_head_json":{"title":"[Projeto na Bordadeira] Acess\u00f3rios para Festa Junina ITH - Gravata e La\u00e7o - \ud835\udc1b\ud835\udc1a\ud835\udc33\ud835\udc1a\ud835\udc2b &amp; \ud835\udc1c\ud835\udc22\ud835\udc1a","robots":{"index":"index","follow":"follow","max-snippet":"max-snippet:-1","max-image-preview":"max-image-preview:large","max-video-preview":"max-video-preview:-1"},"canonical":"https:\/\/shop.bazarcia.com\/en\/product\/projeto-na-bordadeira-acessorios-para-festa-junina-ith-gravata-e-laco\/","og_locale":"en_US","og_type":"article","og_title":"[Projeto na Bordadeira] Acess\u00f3rios para Festa Junina ITH - Gravata e La\u00e7o - \ud835\udc1b\ud835\udc1a\ud835\udc33\ud835\udc1a\ud835\udc2b &amp; \ud835\udc1c\ud835\udc22\ud835\udc1a","og_description":"Fa\u00e7a lindos La\u00e7os e Gravatas de tecido! Matrizes para bastidor a partir do 10x10, para o projeto completo La\u00e7o a partir do 13x18 e para a gravata 15x26. Arrasta para o lado para conferir mais ideias. PES \u2013 JEF\u2013 DST \u2013 XXX \u2013 EXP \u2013 HUS","og_url":"https:\/\/shop.bazarcia.com\/en\/product\/projeto-na-bordadeira-acessorios-para-festa-junina-ith-gravata-e-laco\/","og_site_name":"\ud835\udc1b\ud835\udc1a\ud835\udc33\ud835\udc1a\ud835\udc2b &amp; \ud835\udc1c\ud835\udc22\ud835\udc1a","article_publisher":"https:\/\/www.facebook.com\/shopbazarcia","article_modified_time":"2025-06-23T19:00:41+00:00","og_image":[{"width":1080,"height":1080,"url":"https:\/\/shop.bazarcia.com\/wp-content\/uploads\/2024\/06\/Imagem-para-Bazar-1.jpg","type":"image\/jpeg"}],"twitter_card":"summary_large_image","twitter_misc":{"Est. reading time":"1 minute"},"schema":{"@context":"https:\/\/schema.org","@graph":[{"@type":"WebPage","@id":"https:\/\/shop.bazarcia.com\/produto\/projeto-na-bordadeira-acessorios-para-festa-junina-ith-gravata-e-laco\/","url":"https:\/\/shop.bazarcia.com\/produto\/projeto-na-bordadeira-acessorios-para-festa-junina-ith-gravata-e-laco\/","name":"[Projeto na Bordadeira] Acess\u00f3rios para Festa Junina ITH - Gravata e La\u00e7o - \ud835\udc1b\ud835\udc1a\ud835\udc33\ud835\udc1a\ud835\udc2b &amp; \ud835\udc1c\ud835\udc22\ud835\udc1a","isPartOf":{"@id":"https:\/\/shop.bazarcia.com\/#website"},"primaryImageOfPage":{"@id":"https:\/\/shop.bazarcia.com\/produto\/projeto-na-bordadeira-acessorios-para-festa-junina-ith-gravata-e-laco\/#primaryimage"},"image":{"@id":"https:\/\/shop.bazarcia.com\/produto\/projeto-na-bordadeira-acessorios-para-festa-junina-ith-gravata-e-laco\/#primaryimage"},"thumbnailUrl":"https:\/\/shop.bazarcia.com\/wp-content\/uploads\/2024\/06\/Imagem-para-Bazar-1.jpg","datePublished":"2024-06-07T15:38:13+00:00","dateModified":"2025-06-23T19:00:41+00:00","breadcrumb":{"@id":"https:\/\/shop.bazarcia.com\/produto\/projeto-na-bordadeira-acessorios-para-festa-junina-ith-gravata-e-laco\/#breadcrumb"},"inLanguage":"en-US","potentialAction":[{"@type":"ReadAction","target":["https:\/\/shop.bazarcia.com\/produto\/projeto-na-bordadeira-acessorios-para-festa-junina-ith-gravata-e-laco\/"]}]},{"@type":"ImageObject","inLanguage":"en-US","@id":"https:\/\/shop.bazarcia.com\/produto\/projeto-na-bordadeira-acessorios-para-festa-junina-ith-gravata-e-laco\/#primaryimage","url":"https:\/\/shop.bazarcia.com\/wp-content\/uploads\/2024\/06\/Imagem-para-Bazar-1.jpg","contentUrl":"https:\/\/shop.bazarcia.com\/wp-content\/uploads\/2024\/06\/Imagem-para-Bazar-1.jpg","width":1080,"height":1080},{"@type":"BreadcrumbList","@id":"https:\/\/shop.bazarcia.com\/produto\/projeto-na-bordadeira-acessorios-para-festa-junina-ith-gravata-e-laco\/#breadcrumb","itemListElement":[{"@type":"ListItem","position":1,"name":"In\u00edcio","item":"https:\/\/shop.bazarcia.com\/"},{"@type":"ListItem","position":2,"name":"Loja","item":"https:\/\/shop.bazarcia.com\/loja\/"},{"@type":"ListItem","position":3,"name":"[Projeto na Bordadeira] Acess\u00f3rios para Festa Junina ITH &#8211; Gravata e La\u00e7o"}]},{"@type":"WebSite","@id":"https:\/\/shop.bazarcia.com\/#website","url":"https:\/\/shop.bazarcia.com\/","name":"Bazar & Cia","description":"criatividade ponto a ponto","publisher":{"@id":"https:\/\/shop.bazarcia.com\/#organization"},"potentialAction":[{"@type":"SearchAction","target":{"@type":"EntryPoint","urlTemplate":"https:\/\/shop.bazarcia.com\/?s={search_term_string}"},"query-input":{"@type":"PropertyValueSpecification","valueRequired":true,"valueName":"search_term_string"}}],"inLanguage":"en-US"},{"@type":"Organization","@id":"https:\/\/shop.bazarcia.com\/#organization","name":"Bazar & Cia","url":"https:\/\/shop.bazarcia.com\/","logo":{"@type":"ImageObject","inLanguage":"en-US","@id":"https:\/\/shop.bazarcia.com\/#\/schema\/logo\/image\/","url":"https:\/\/shop.bazarcia.com\/wp-content\/uploads\/2024\/02\/cropped-logo_bazarcia.png","contentUrl":"https:\/\/shop.bazarcia.com\/wp-content\/uploads\/2024\/02\/cropped-logo_bazarcia.png","width":150,"height":150,"caption":"Bazar & Cia"},"image":{"@id":"https:\/\/shop.bazarcia.com\/#\/schema\/logo\/image\/"},"sameAs":["https:\/\/www.facebook.com\/shopbazarcia","https:\/\/www.instagram.com\/shopbazarcia","https:\/\/br.pinterest.com\/suzane_eloise\/","https:\/\/www.youtube.com\/c\/BazardoBordadoMatrizeseProjetos"]}]}},"_links":{"self":[{"href":"https:\/\/shop.bazarcia.com\/en\/wp-json\/wp\/v2\/product\/279329","targetHints":{"allow":["GET"]}}],"collection":[{"href":"https:\/\/shop.bazarcia.com\/en\/wp-json\/wp\/v2\/product"}],"about":[{"href":"https:\/\/shop.bazarcia.com\/en\/wp-json\/wp\/v2\/types\/product"}],"replies":[{"embeddable":true,"href":"https:\/\/shop.bazarcia.com\/en\/wp-json\/wp\/v2\/comments?post=279329"}],"version-history":[{"count":3,"href":"https:\/\/shop.bazarcia.com\/en\/wp-json\/wp\/v2\/product\/279329\/revisions"}],"predecessor-version":[{"id":326597,"href":"https:\/\/shop.bazarcia.com\/en\/wp-json\/wp\/v2\/product\/279329\/revisions\/326597"}],"wp:featuredmedia":[{"embeddable":true,"href":"https:\/\/shop.bazarcia.com\/en\/wp-json\/wp\/v2\/media\/279290"}],"wp:attachment":[{"href":"https:\/\/shop.bazarcia.com\/en\/wp-json\/wp\/v2\/media?parent=279329"}],"wp:term":[{"taxonomy":"product_brand","embeddable":true,"href":"https:\/\/shop.bazarcia.com\/en\/wp-json\/wp\/v2\/product_brand?post=279329"},{"taxonomy":"product_cat","embeddable":true,"href":"https:\/\/shop.bazarcia.com\/en\/wp-json\/wp\/v2\/product_cat?post=279329"},{"taxonomy":"product_tag","embeddable":true,"href":"https:\/\/shop.bazarcia.com\/en\/wp-json\/wp\/v2\/product_tag?post=279329"}],"curies":[{"name":"wp","href":"https:\/\/api.w.org\/{rel}","templated":true}]}}