{"id":279864,"date":"2024-06-11T16:48:09","date_gmt":"2024-06-11T19:48:09","guid":{"rendered":"https:\/\/shop.bazarcia.com\/?post_type=product&#038;p=279864"},"modified":"2025-10-15T16:53:02","modified_gmt":"2025-10-15T19:53:02","slug":"matrizes-de-bordado-colecao-alfabeto-vazado-minimalista","status":"publish","type":"product","link":"https:\/\/shop.bazarcia.com\/en\/product\/matrizes-de-bordado-colecao-alfabeto-vazado-minimalista\/","title":{"rendered":"Matrizes de Bordado &#8211; Cole\u00e7\u00e3o Alfabeto Vazado Minimalista + Alfabeto Vazado Borboleta 3D"},"content":{"rendered":"<p>? <strong>Matrizes de Bordado &#8211; Alfabeto Vazado Minimalista + Alfabeto Vazado Borboleta 3D <\/strong><\/p>\n<ul>\n<li>Letra em 7 cm<\/li>\n<li>Letra em 10 cm<\/li>\n<li>Letra em 13 cm<\/li>\n<li>Letra em 18cm<\/li>\n<\/ul>\n<p>? <strong>Aula T\u00e9cnica Borboleta [GR\u00c1TIS] <a href=\"https:\/\/www.instagram.com\/reel\/C59lkUkM1NB\/\" target=\"_blank\" rel=\"noopener\">Assista Aqui<\/a><\/strong><\/p>\n<p><em><strong>Certeza de sucesso no seu Ateli\u00ea!<\/strong><\/em><\/p>\n<p>Os arquivos ser\u00e3o disponibilizados em pasta compactada(ZIP), sendo necess\u00e1rio descompactar.<\/p>\n<p>Os mesmos ser\u00e3o compat\u00edveis com v\u00e1rios tipos e modelos de m\u00e1quinas, com os seguintes formatos:<\/p>\n<p>PES \u2013\u00a0 XXX \u2013 JEF \u2013 EXP \u2013 DST .<\/p>\n","protected":false},"excerpt":{"rendered":"<p>? <strong>Matrizes de Bordado &#8211; Alfabeto Vazado Minimalista + Alfabeto Vazado Borboleta 3D <\/strong><\/p>\n<ul>\n<li>Letra em 7 cm<\/li>\n<li>Letra em 10 cm<\/li>\n<li>Letra em 13 cm<\/li>\n<li>Letra em 18cm<\/li>\n<\/ul>\n<p>? <strong>Aula T\u00e9cnica Borboleta [GR\u00c1TIS] <a href=\"https:\/\/www.instagram.com\/reel\/C59lkUkM1NB\/\" target=\"_blank\" rel=\"noopener\">Assista Aqui<\/a><\/strong><\/p>\n<p><em><strong>Certeza de sucesso no seu Ateli\u00ea!<\/strong><\/em><\/p>\n<p>Os arquivos ser\u00e3o disponibilizados em pasta compactada(ZIP), sendo necess\u00e1rio descompactar.<\/p>\n<p>Os mesmos ser\u00e3o compat\u00edveis com v\u00e1rios tipos e modelos de m\u00e1quinas, com os seguintes formatos:<\/p>\n<p>PES \u2013\u00a0 XXX \u2013 JEF \u2013 EXP \u2013 DST .<\/p>\n","protected":false},"featured_media":349392,"comment_status":"open","ping_status":"closed","template":"","meta":{"_acf_changed":false,"_joinchat":[]},"product_brand":[],"product_cat":[122,321,296,84,86,1115],"product_tag":[],"class_list":{"0":"post-279864","1":"product","2":"type-product","3":"status-publish","4":"has-post-thumbnail","6":"product_cat-matrizes-de-bordado-animais","7":"product_cat-borboletas","8":"product_cat-florais","9":"product_cat-matrizes-de-bordado","10":"product_cat-materiais-para-bordado-computadorizado","11":"product_cat-sem-categoria","13":"first","14":"instock","15":"sale","16":"downloadable","17":"virtual","18":"purchasable","19":"product-type-simple"},"acf":[],"yoast_head":"<!-- This site is optimized with the Yoast SEO plugin v27.2 - https:\/\/yoast.com\/product\/yoast-seo-wordpress\/ -->\n<title>Matrizes de Bordado - Alfabeto Vazado Borboleta 3D Minimalista<\/title>\n<meta name=\"description\" content=\"Matrizes de Bordado Alfabeto Vazado com Borboleta 3D com Aula e Dicas Gr\u00e1tis! Garanta sua cole\u00e7\u00e3o e arrase em seus bordados!\" \/>\n<meta name=\"robots\" content=\"index, follow, max-snippet:-1, max-image-preview:large, max-video-preview:-1\" \/>\n<link rel=\"canonical\" href=\"https:\/\/shop.bazarcia.com\/en\/product\/matrizes-de-bordado-colecao-alfabeto-vazado-minimalista\/\" \/>\n<meta property=\"og:locale\" content=\"en_US\" \/>\n<meta property=\"og:type\" content=\"article\" \/>\n<meta property=\"og:title\" content=\"Matrizes de Bordado - Alfabeto Vazado Borboleta 3D Minimalista\" \/>\n<meta property=\"og:description\" content=\"Matrizes de Bordado Alfabeto Vazado com Borboleta 3D com Aula e Dicas Gr\u00e1tis! Garanta sua cole\u00e7\u00e3o e arrase em seus bordados!\" \/>\n<meta property=\"og:url\" content=\"https:\/\/shop.bazarcia.com\/en\/product\/matrizes-de-bordado-colecao-alfabeto-vazado-minimalista\/\" \/>\n<meta property=\"og:site_name\" content=\"\ud835\udc1b\ud835\udc1a\ud835\udc33\ud835\udc1a\ud835\udc2b &amp; \ud835\udc1c\ud835\udc22\ud835\udc1a\" \/>\n<meta property=\"article:publisher\" content=\"https:\/\/www.facebook.com\/shopbazarcia\" \/>\n<meta property=\"article:modified_time\" content=\"2025-10-15T19:53:02+00:00\" \/>\n<meta property=\"og:image\" content=\"https:\/\/shop.bazarcia.com\/wp-content\/uploads\/2025\/10\/24f5572b-3f23-4600-a074-2c9af8de22c7.jpeg\" \/>\n\t<meta property=\"og:image:width\" content=\"2063\" \/>\n\t<meta property=\"og:image:height\" content=\"2163\" \/>\n\t<meta property=\"og:image:type\" content=\"image\/jpeg\" \/>\n<meta name=\"twitter:card\" content=\"summary_large_image\" \/>\n<meta name=\"twitter:label1\" content=\"Est. reading time\" \/>\n\t<meta name=\"twitter:data1\" content=\"1 minute\" \/>\n<script type=\"application\/ld+json\" class=\"yoast-schema-graph\">{\"@context\":\"https:\/\/schema.org\",\"@graph\":[{\"@type\":\"WebPage\",\"@id\":\"https:\/\/shop.bazarcia.com\/produto\/matrizes-de-bordado-colecao-alfabeto-vazado-minimalista\/\",\"url\":\"https:\/\/shop.bazarcia.com\/produto\/matrizes-de-bordado-colecao-alfabeto-vazado-minimalista\/\",\"name\":\"Matrizes de Bordado - Alfabeto Vazado Borboleta 3D Minimalista\",\"isPartOf\":{\"@id\":\"https:\/\/shop.bazarcia.com\/#website\"},\"primaryImageOfPage\":{\"@id\":\"https:\/\/shop.bazarcia.com\/produto\/matrizes-de-bordado-colecao-alfabeto-vazado-minimalista\/#primaryimage\"},\"image\":{\"@id\":\"https:\/\/shop.bazarcia.com\/produto\/matrizes-de-bordado-colecao-alfabeto-vazado-minimalista\/#primaryimage\"},\"thumbnailUrl\":\"https:\/\/shop.bazarcia.com\/wp-content\/uploads\/2025\/10\/24f5572b-3f23-4600-a074-2c9af8de22c7.jpeg\",\"datePublished\":\"2024-06-11T19:48:09+00:00\",\"dateModified\":\"2025-10-15T19:53:02+00:00\",\"description\":\"Matrizes de Bordado Alfabeto Vazado com Borboleta 3D com Aula e Dicas Gr\u00e1tis! Garanta sua cole\u00e7\u00e3o e arrase em seus bordados!\",\"breadcrumb\":{\"@id\":\"https:\/\/shop.bazarcia.com\/produto\/matrizes-de-bordado-colecao-alfabeto-vazado-minimalista\/#breadcrumb\"},\"inLanguage\":\"en-US\",\"potentialAction\":[{\"@type\":\"ReadAction\",\"target\":[\"https:\/\/shop.bazarcia.com\/produto\/matrizes-de-bordado-colecao-alfabeto-vazado-minimalista\/\"]}]},{\"@type\":\"ImageObject\",\"inLanguage\":\"en-US\",\"@id\":\"https:\/\/shop.bazarcia.com\/produto\/matrizes-de-bordado-colecao-alfabeto-vazado-minimalista\/#primaryimage\",\"url\":\"https:\/\/shop.bazarcia.com\/wp-content\/uploads\/2025\/10\/24f5572b-3f23-4600-a074-2c9af8de22c7.jpeg\",\"contentUrl\":\"https:\/\/shop.bazarcia.com\/wp-content\/uploads\/2025\/10\/24f5572b-3f23-4600-a074-2c9af8de22c7.jpeg\",\"width\":2063,\"height\":2163},{\"@type\":\"BreadcrumbList\",\"@id\":\"https:\/\/shop.bazarcia.com\/produto\/matrizes-de-bordado-colecao-alfabeto-vazado-minimalista\/#breadcrumb\",\"itemListElement\":[{\"@type\":\"ListItem\",\"position\":1,\"name\":\"In\u00edcio\",\"item\":\"https:\/\/shop.bazarcia.com\/\"},{\"@type\":\"ListItem\",\"position\":2,\"name\":\"Loja\",\"item\":\"https:\/\/shop.bazarcia.com\/loja\/\"},{\"@type\":\"ListItem\",\"position\":3,\"name\":\"Matrizes de Bordado &#8211; Cole\u00e7\u00e3o Alfabeto Vazado Minimalista + Alfabeto Vazado Borboleta 3D\"}]},{\"@type\":\"WebSite\",\"@id\":\"https:\/\/shop.bazarcia.com\/#website\",\"url\":\"https:\/\/shop.bazarcia.com\/\",\"name\":\"Bazar & Cia\",\"description\":\"criatividade ponto a ponto\",\"publisher\":{\"@id\":\"https:\/\/shop.bazarcia.com\/#organization\"},\"potentialAction\":[{\"@type\":\"SearchAction\",\"target\":{\"@type\":\"EntryPoint\",\"urlTemplate\":\"https:\/\/shop.bazarcia.com\/?s={search_term_string}\"},\"query-input\":{\"@type\":\"PropertyValueSpecification\",\"valueRequired\":true,\"valueName\":\"search_term_string\"}}],\"inLanguage\":\"en-US\"},{\"@type\":\"Organization\",\"@id\":\"https:\/\/shop.bazarcia.com\/#organization\",\"name\":\"Bazar & Cia\",\"url\":\"https:\/\/shop.bazarcia.com\/\",\"logo\":{\"@type\":\"ImageObject\",\"inLanguage\":\"en-US\",\"@id\":\"https:\/\/shop.bazarcia.com\/#\/schema\/logo\/image\/\",\"url\":\"https:\/\/shop.bazarcia.com\/wp-content\/uploads\/2024\/02\/cropped-logo_bazarcia.png\",\"contentUrl\":\"https:\/\/shop.bazarcia.com\/wp-content\/uploads\/2024\/02\/cropped-logo_bazarcia.png\",\"width\":150,\"height\":150,\"caption\":\"Bazar & Cia\"},\"image\":{\"@id\":\"https:\/\/shop.bazarcia.com\/#\/schema\/logo\/image\/\"},\"sameAs\":[\"https:\/\/www.facebook.com\/shopbazarcia\",\"https:\/\/www.instagram.com\/shopbazarcia\",\"https:\/\/br.pinterest.com\/suzane_eloise\/\",\"https:\/\/www.youtube.com\/c\/BazardoBordadoMatrizeseProjetos\"]}]}<\/script>\n<!-- \/ Yoast SEO plugin. -->","yoast_head_json":{"title":"Matrizes de Bordado - Alfabeto Vazado Borboleta 3D Minimalista","description":"Matrizes de Bordado Alfabeto Vazado com Borboleta 3D com Aula e Dicas Gr\u00e1tis! Garanta sua cole\u00e7\u00e3o e arrase em seus bordados!","robots":{"index":"index","follow":"follow","max-snippet":"max-snippet:-1","max-image-preview":"max-image-preview:large","max-video-preview":"max-video-preview:-1"},"canonical":"https:\/\/shop.bazarcia.com\/en\/product\/matrizes-de-bordado-colecao-alfabeto-vazado-minimalista\/","og_locale":"en_US","og_type":"article","og_title":"Matrizes de Bordado - Alfabeto Vazado Borboleta 3D Minimalista","og_description":"Matrizes de Bordado Alfabeto Vazado com Borboleta 3D com Aula e Dicas Gr\u00e1tis! Garanta sua cole\u00e7\u00e3o e arrase em seus bordados!","og_url":"https:\/\/shop.bazarcia.com\/en\/product\/matrizes-de-bordado-colecao-alfabeto-vazado-minimalista\/","og_site_name":"\ud835\udc1b\ud835\udc1a\ud835\udc33\ud835\udc1a\ud835\udc2b &amp; \ud835\udc1c\ud835\udc22\ud835\udc1a","article_publisher":"https:\/\/www.facebook.com\/shopbazarcia","article_modified_time":"2025-10-15T19:53:02+00:00","og_image":[{"width":2063,"height":2163,"url":"https:\/\/shop.bazarcia.com\/wp-content\/uploads\/2025\/10\/24f5572b-3f23-4600-a074-2c9af8de22c7.jpeg","type":"image\/jpeg"}],"twitter_card":"summary_large_image","twitter_misc":{"Est. reading time":"1 minute"},"schema":{"@context":"https:\/\/schema.org","@graph":[{"@type":"WebPage","@id":"https:\/\/shop.bazarcia.com\/produto\/matrizes-de-bordado-colecao-alfabeto-vazado-minimalista\/","url":"https:\/\/shop.bazarcia.com\/produto\/matrizes-de-bordado-colecao-alfabeto-vazado-minimalista\/","name":"Matrizes de Bordado - Alfabeto Vazado Borboleta 3D Minimalista","isPartOf":{"@id":"https:\/\/shop.bazarcia.com\/#website"},"primaryImageOfPage":{"@id":"https:\/\/shop.bazarcia.com\/produto\/matrizes-de-bordado-colecao-alfabeto-vazado-minimalista\/#primaryimage"},"image":{"@id":"https:\/\/shop.bazarcia.com\/produto\/matrizes-de-bordado-colecao-alfabeto-vazado-minimalista\/#primaryimage"},"thumbnailUrl":"https:\/\/shop.bazarcia.com\/wp-content\/uploads\/2025\/10\/24f5572b-3f23-4600-a074-2c9af8de22c7.jpeg","datePublished":"2024-06-11T19:48:09+00:00","dateModified":"2025-10-15T19:53:02+00:00","description":"Matrizes de Bordado Alfabeto Vazado com Borboleta 3D com Aula e Dicas Gr\u00e1tis! Garanta sua cole\u00e7\u00e3o e arrase em seus bordados!","breadcrumb":{"@id":"https:\/\/shop.bazarcia.com\/produto\/matrizes-de-bordado-colecao-alfabeto-vazado-minimalista\/#breadcrumb"},"inLanguage":"en-US","potentialAction":[{"@type":"ReadAction","target":["https:\/\/shop.bazarcia.com\/produto\/matrizes-de-bordado-colecao-alfabeto-vazado-minimalista\/"]}]},{"@type":"ImageObject","inLanguage":"en-US","@id":"https:\/\/shop.bazarcia.com\/produto\/matrizes-de-bordado-colecao-alfabeto-vazado-minimalista\/#primaryimage","url":"https:\/\/shop.bazarcia.com\/wp-content\/uploads\/2025\/10\/24f5572b-3f23-4600-a074-2c9af8de22c7.jpeg","contentUrl":"https:\/\/shop.bazarcia.com\/wp-content\/uploads\/2025\/10\/24f5572b-3f23-4600-a074-2c9af8de22c7.jpeg","width":2063,"height":2163},{"@type":"BreadcrumbList","@id":"https:\/\/shop.bazarcia.com\/produto\/matrizes-de-bordado-colecao-alfabeto-vazado-minimalista\/#breadcrumb","itemListElement":[{"@type":"ListItem","position":1,"name":"In\u00edcio","item":"https:\/\/shop.bazarcia.com\/"},{"@type":"ListItem","position":2,"name":"Loja","item":"https:\/\/shop.bazarcia.com\/loja\/"},{"@type":"ListItem","position":3,"name":"Matrizes de Bordado &#8211; Cole\u00e7\u00e3o Alfabeto Vazado Minimalista + Alfabeto Vazado Borboleta 3D"}]},{"@type":"WebSite","@id":"https:\/\/shop.bazarcia.com\/#website","url":"https:\/\/shop.bazarcia.com\/","name":"Bazar & Cia","description":"criatividade ponto a ponto","publisher":{"@id":"https:\/\/shop.bazarcia.com\/#organization"},"potentialAction":[{"@type":"SearchAction","target":{"@type":"EntryPoint","urlTemplate":"https:\/\/shop.bazarcia.com\/?s={search_term_string}"},"query-input":{"@type":"PropertyValueSpecification","valueRequired":true,"valueName":"search_term_string"}}],"inLanguage":"en-US"},{"@type":"Organization","@id":"https:\/\/shop.bazarcia.com\/#organization","name":"Bazar & Cia","url":"https:\/\/shop.bazarcia.com\/","logo":{"@type":"ImageObject","inLanguage":"en-US","@id":"https:\/\/shop.bazarcia.com\/#\/schema\/logo\/image\/","url":"https:\/\/shop.bazarcia.com\/wp-content\/uploads\/2024\/02\/cropped-logo_bazarcia.png","contentUrl":"https:\/\/shop.bazarcia.com\/wp-content\/uploads\/2024\/02\/cropped-logo_bazarcia.png","width":150,"height":150,"caption":"Bazar & Cia"},"image":{"@id":"https:\/\/shop.bazarcia.com\/#\/schema\/logo\/image\/"},"sameAs":["https:\/\/www.facebook.com\/shopbazarcia","https:\/\/www.instagram.com\/shopbazarcia","https:\/\/br.pinterest.com\/suzane_eloise\/","https:\/\/www.youtube.com\/c\/BazardoBordadoMatrizeseProjetos"]}]}},"_links":{"self":[{"href":"https:\/\/shop.bazarcia.com\/en\/wp-json\/wp\/v2\/product\/279864","targetHints":{"allow":["GET"]}}],"collection":[{"href":"https:\/\/shop.bazarcia.com\/en\/wp-json\/wp\/v2\/product"}],"about":[{"href":"https:\/\/shop.bazarcia.com\/en\/wp-json\/wp\/v2\/types\/product"}],"replies":[{"embeddable":true,"href":"https:\/\/shop.bazarcia.com\/en\/wp-json\/wp\/v2\/comments?post=279864"}],"version-history":[{"count":3,"href":"https:\/\/shop.bazarcia.com\/en\/wp-json\/wp\/v2\/product\/279864\/revisions"}],"predecessor-version":[{"id":279866,"href":"https:\/\/shop.bazarcia.com\/en\/wp-json\/wp\/v2\/product\/279864\/revisions\/279866"}],"wp:featuredmedia":[{"embeddable":true,"href":"https:\/\/shop.bazarcia.com\/en\/wp-json\/wp\/v2\/media\/349392"}],"wp:attachment":[{"href":"https:\/\/shop.bazarcia.com\/en\/wp-json\/wp\/v2\/media?parent=279864"}],"wp:term":[{"taxonomy":"product_brand","embeddable":true,"href":"https:\/\/shop.bazarcia.com\/en\/wp-json\/wp\/v2\/product_brand?post=279864"},{"taxonomy":"product_cat","embeddable":true,"href":"https:\/\/shop.bazarcia.com\/en\/wp-json\/wp\/v2\/product_cat?post=279864"},{"taxonomy":"product_tag","embeddable":true,"href":"https:\/\/shop.bazarcia.com\/en\/wp-json\/wp\/v2\/product_tag?post=279864"}],"curies":[{"name":"wp","href":"https:\/\/api.w.org\/{rel}","templated":true}]}}