{"id":281868,"date":"2024-06-30T19:49:33","date_gmt":"2024-06-30T22:49:33","guid":{"rendered":"https:\/\/shop.bazarcia.com\/?post_type=product&#038;p=281868"},"modified":"2025-12-10T00:05:59","modified_gmt":"2025-12-10T03:05:59","slug":"matrizes-de-bordado-letras-alfabeto","status":"publish","type":"product","link":"https:\/\/shop.bazarcia.com\/en\/product\/matrizes-de-bordado-letras-alfabeto\/","title":{"rendered":"Matrizes de Bordado &#8211; Letrinhas L\u00fadicas [Alfabeto Mai\u00fasculo e Min\u00fasculo]"},"content":{"rendered":"<p>PES\u00a0 \u2013 XXX \u2013 JEF \u2013 EXP \u2013 DST .<\/p>","protected":false},"excerpt":{"rendered":"<ol>\n<li><strong>Matrizes de Bordado Letrinhas L\u00fadicas\u00a0 &#8211; Aten\u00e7\u00e3o, bordadeira este pre\u00e7o \u00e9 s\u00f3 at\u00e9 30 de junho. Garanta mais de 300 matrizes fofas de R$39,90 por R$24,90. APROVEITE!<\/strong><\/li>\n<\/ol>\n<ul>\n<li>Letras mai\u00fasculas e min\u00fasculas em 4 tamanhos (alfabeto todo);<\/li>\n<li>Temas L\u00fadicos que podes substituir Letras: abelhinha, cabecinhas de gatinho, ursinho, coelhinho, florzinha e sol;<\/li>\n<li>Letras u e e com bichinhos em cima;<\/li>\n<li>Letras i com bolinha vazada e com cora\u00e7\u00e3o;<\/li>\n<li>Letra A com cora\u00e7\u00e3o;<\/li>\n<li>Letra A com asas,<\/li>\n<li>Montagens com flores.<\/li>\n<\/ul>\n<p>S\u00e3o mais de 300 matrizes e como <em><strong>presente<\/strong><\/em>, mais de 30 nomes j\u00e1 editados com teminha l\u00fadico.<\/p>\n<p><strong>Nomes de Meninas prontos:<\/strong><\/p>\n<p>Alice,\u00a0Ana,\u00a0Ana Victoria,\u00a0Antonella,\u00a0Aurora, Aylla,\u00a0Isabela,\u00a0Isadora,\u00a0Izabel,\u00a0Lara,\u00a0Laura,\u00a0Liz,\u00a0Luiza,\u00a0Maite,\u00a0Maria,\u00a0Mariah,\u00a0Sofia,\u00a0Valentina e\u00a0Victoria.<\/p>\n<p><strong>Nomes de meninos<\/strong>:<\/p>\n<p>Anthony, Antonio, Benicio, Bento, Davi, Joaquim, Lucas, Mauricio, Miguel, Murilo, Pedro, Ravi e Theo.<\/p>\n<p>Bordados com carinha de inf\u00e2ncia para beb\u00eas e crian\u00e7as! E voc\u00ea mesmo est\u00e1 livre para fazer as suas montagens fofas e coloridas!<\/p>\n<p><em><strong>Assim, como no meu ateli\u00ea, tenho certeza de sucesso no seu tamb\u00e9m!<\/strong><\/em><\/p>\n<p>Os arquivos ser\u00e3o disponibilizados em pasta compactada(ZIP), sendo necess\u00e1rio descompactar.<\/p>\n<p>Os mesmos ser\u00e3o compat\u00edveis com v\u00e1rios tipos e modelos de m\u00e1quinas, com os seguintes formatos:<\/p>\n<p>PES\u00a0 \u2013 XXX \u2013 JEF \u2013 EXP \u2013 DST .<\/p>","protected":false},"featured_media":281873,"comment_status":"open","ping_status":"closed","template":"","meta":{"_acf_changed":false,"_joinchat":[]},"product_brand":[],"product_cat":[277,205,296,84],"product_tag":[1170],"class_list":{"0":"post-281868","1":"product","2":"type-product","3":"status-publish","4":"has-post-thumbnail","6":"product_cat-alfabetos","7":"product_cat-dia-das-criancas","8":"product_cat-florais","9":"product_cat-matrizes-de-bordado","10":"product_tag-bordado","12":"first","13":"instock","14":"sale","15":"downloadable","16":"virtual","17":"purchasable","18":"product-type-simple"},"acf":[],"yoast_head":"<!-- This site is optimized with the Yoast SEO plugin v27.2 - https:\/\/yoast.com\/product\/yoast-seo-wordpress\/ -->\n<title>Matrizes de Bordado - Alfabeto L\u00fadico<\/title>\n<meta name=\"description\" content=\"Matrizes de Bordado Alfabeto L\u00fadico, carinha de inf\u00e2ncia! Garanta j\u00e1 a sua cole\u00e7\u00e3o e arrase em seus bordados! Baixe na Hora!\" \/>\n<meta name=\"robots\" content=\"index, follow, max-snippet:-1, max-image-preview:large, max-video-preview:-1\" \/>\n<link rel=\"canonical\" href=\"https:\/\/shop.bazarcia.com\/en\/product\/matrizes-de-bordado-letras-alfabeto\/\" \/>\n<meta property=\"og:locale\" content=\"en_US\" \/>\n<meta property=\"og:type\" content=\"article\" \/>\n<meta property=\"og:title\" content=\"Matrizes de Bordado - Alfabeto L\u00fadico\" \/>\n<meta property=\"og:description\" content=\"Matrizes de Bordado Alfabeto L\u00fadico, carinha de inf\u00e2ncia! Garanta j\u00e1 a sua cole\u00e7\u00e3o e arrase em seus bordados! Baixe na Hora!\" \/>\n<meta property=\"og:url\" content=\"https:\/\/shop.bazarcia.com\/en\/product\/matrizes-de-bordado-letras-alfabeto\/\" \/>\n<meta property=\"og:site_name\" content=\"\ud835\udc1b\ud835\udc1a\ud835\udc33\ud835\udc1a\ud835\udc2b &amp; \ud835\udc1c\ud835\udc22\ud835\udc1a\" \/>\n<meta property=\"article:publisher\" content=\"https:\/\/www.facebook.com\/shopbazarcia\" \/>\n<meta property=\"article:modified_time\" content=\"2025-12-10T03:05:59+00:00\" \/>\n<meta property=\"og:image\" content=\"https:\/\/shop.bazarcia.com\/wp-content\/uploads\/2024\/06\/2-19.png\" \/>\n\t<meta property=\"og:image:width\" content=\"1080\" \/>\n\t<meta property=\"og:image:height\" content=\"1080\" \/>\n\t<meta property=\"og:image:type\" content=\"image\/png\" \/>\n<meta name=\"twitter:card\" content=\"summary_large_image\" \/>\n<meta name=\"twitter:label1\" content=\"Est. reading time\" \/>\n\t<meta name=\"twitter:data1\" content=\"1 minute\" \/>\n<script type=\"application\/ld+json\" class=\"yoast-schema-graph\">{\"@context\":\"https:\/\/schema.org\",\"@graph\":[{\"@type\":\"WebPage\",\"@id\":\"https:\/\/shop.bazarcia.com\/produto\/matrizes-de-bordado-letras-alfabeto\/\",\"url\":\"https:\/\/shop.bazarcia.com\/produto\/matrizes-de-bordado-letras-alfabeto\/\",\"name\":\"Matrizes de Bordado - Alfabeto L\u00fadico\",\"isPartOf\":{\"@id\":\"https:\/\/shop.bazarcia.com\/#website\"},\"primaryImageOfPage\":{\"@id\":\"https:\/\/shop.bazarcia.com\/produto\/matrizes-de-bordado-letras-alfabeto\/#primaryimage\"},\"image\":{\"@id\":\"https:\/\/shop.bazarcia.com\/produto\/matrizes-de-bordado-letras-alfabeto\/#primaryimage\"},\"thumbnailUrl\":\"https:\/\/shop.bazarcia.com\/wp-content\/uploads\/2024\/06\/2-19.png\",\"datePublished\":\"2024-06-30T22:49:33+00:00\",\"dateModified\":\"2025-12-10T03:05:59+00:00\",\"description\":\"Matrizes de Bordado Alfabeto L\u00fadico, carinha de inf\u00e2ncia! Garanta j\u00e1 a sua cole\u00e7\u00e3o e arrase em seus bordados! Baixe na Hora!\",\"breadcrumb\":{\"@id\":\"https:\/\/shop.bazarcia.com\/produto\/matrizes-de-bordado-letras-alfabeto\/#breadcrumb\"},\"inLanguage\":\"en-US\",\"potentialAction\":[{\"@type\":\"ReadAction\",\"target\":[\"https:\/\/shop.bazarcia.com\/produto\/matrizes-de-bordado-letras-alfabeto\/\"]}]},{\"@type\":\"ImageObject\",\"inLanguage\":\"en-US\",\"@id\":\"https:\/\/shop.bazarcia.com\/produto\/matrizes-de-bordado-letras-alfabeto\/#primaryimage\",\"url\":\"https:\/\/shop.bazarcia.com\/wp-content\/uploads\/2024\/06\/2-19.png\",\"contentUrl\":\"https:\/\/shop.bazarcia.com\/wp-content\/uploads\/2024\/06\/2-19.png\",\"width\":1080,\"height\":1080},{\"@type\":\"BreadcrumbList\",\"@id\":\"https:\/\/shop.bazarcia.com\/produto\/matrizes-de-bordado-letras-alfabeto\/#breadcrumb\",\"itemListElement\":[{\"@type\":\"ListItem\",\"position\":1,\"name\":\"In\u00edcio\",\"item\":\"https:\/\/shop.bazarcia.com\/\"},{\"@type\":\"ListItem\",\"position\":2,\"name\":\"Loja\",\"item\":\"https:\/\/shop.bazarcia.com\/loja\/\"},{\"@type\":\"ListItem\",\"position\":3,\"name\":\"Matrizes de Bordado &#8211; Letrinhas L\u00fadicas [Alfabeto Mai\u00fasculo e Min\u00fasculo]\"}]},{\"@type\":\"WebSite\",\"@id\":\"https:\/\/shop.bazarcia.com\/#website\",\"url\":\"https:\/\/shop.bazarcia.com\/\",\"name\":\"Bazar & Cia\",\"description\":\"criatividade ponto a ponto\",\"publisher\":{\"@id\":\"https:\/\/shop.bazarcia.com\/#organization\"},\"potentialAction\":[{\"@type\":\"SearchAction\",\"target\":{\"@type\":\"EntryPoint\",\"urlTemplate\":\"https:\/\/shop.bazarcia.com\/?s={search_term_string}\"},\"query-input\":{\"@type\":\"PropertyValueSpecification\",\"valueRequired\":true,\"valueName\":\"search_term_string\"}}],\"inLanguage\":\"en-US\"},{\"@type\":\"Organization\",\"@id\":\"https:\/\/shop.bazarcia.com\/#organization\",\"name\":\"Bazar & Cia\",\"url\":\"https:\/\/shop.bazarcia.com\/\",\"logo\":{\"@type\":\"ImageObject\",\"inLanguage\":\"en-US\",\"@id\":\"https:\/\/shop.bazarcia.com\/#\/schema\/logo\/image\/\",\"url\":\"https:\/\/shop.bazarcia.com\/wp-content\/uploads\/2024\/02\/cropped-logo_bazarcia.png\",\"contentUrl\":\"https:\/\/shop.bazarcia.com\/wp-content\/uploads\/2024\/02\/cropped-logo_bazarcia.png\",\"width\":150,\"height\":150,\"caption\":\"Bazar & Cia\"},\"image\":{\"@id\":\"https:\/\/shop.bazarcia.com\/#\/schema\/logo\/image\/\"},\"sameAs\":[\"https:\/\/www.facebook.com\/shopbazarcia\",\"https:\/\/www.instagram.com\/shopbazarcia\",\"https:\/\/br.pinterest.com\/suzane_eloise\/\",\"https:\/\/www.youtube.com\/c\/BazardoBordadoMatrizeseProjetos\"]}]}<\/script>\n<!-- \/ Yoast SEO plugin. -->","yoast_head_json":{"title":"Matrizes de Bordado - Alfabeto L\u00fadico","description":"Matrizes de Bordado Alfabeto L\u00fadico, carinha de inf\u00e2ncia! Garanta j\u00e1 a sua cole\u00e7\u00e3o e arrase em seus bordados! Baixe na Hora!","robots":{"index":"index","follow":"follow","max-snippet":"max-snippet:-1","max-image-preview":"max-image-preview:large","max-video-preview":"max-video-preview:-1"},"canonical":"https:\/\/shop.bazarcia.com\/en\/product\/matrizes-de-bordado-letras-alfabeto\/","og_locale":"en_US","og_type":"article","og_title":"Matrizes de Bordado - Alfabeto L\u00fadico","og_description":"Matrizes de Bordado Alfabeto L\u00fadico, carinha de inf\u00e2ncia! Garanta j\u00e1 a sua cole\u00e7\u00e3o e arrase em seus bordados! Baixe na Hora!","og_url":"https:\/\/shop.bazarcia.com\/en\/product\/matrizes-de-bordado-letras-alfabeto\/","og_site_name":"\ud835\udc1b\ud835\udc1a\ud835\udc33\ud835\udc1a\ud835\udc2b &amp; \ud835\udc1c\ud835\udc22\ud835\udc1a","article_publisher":"https:\/\/www.facebook.com\/shopbazarcia","article_modified_time":"2025-12-10T03:05:59+00:00","og_image":[{"width":1080,"height":1080,"url":"https:\/\/shop.bazarcia.com\/wp-content\/uploads\/2024\/06\/2-19.png","type":"image\/png"}],"twitter_card":"summary_large_image","twitter_misc":{"Est. reading time":"1 minute"},"schema":{"@context":"https:\/\/schema.org","@graph":[{"@type":"WebPage","@id":"https:\/\/shop.bazarcia.com\/produto\/matrizes-de-bordado-letras-alfabeto\/","url":"https:\/\/shop.bazarcia.com\/produto\/matrizes-de-bordado-letras-alfabeto\/","name":"Matrizes de Bordado - Alfabeto L\u00fadico","isPartOf":{"@id":"https:\/\/shop.bazarcia.com\/#website"},"primaryImageOfPage":{"@id":"https:\/\/shop.bazarcia.com\/produto\/matrizes-de-bordado-letras-alfabeto\/#primaryimage"},"image":{"@id":"https:\/\/shop.bazarcia.com\/produto\/matrizes-de-bordado-letras-alfabeto\/#primaryimage"},"thumbnailUrl":"https:\/\/shop.bazarcia.com\/wp-content\/uploads\/2024\/06\/2-19.png","datePublished":"2024-06-30T22:49:33+00:00","dateModified":"2025-12-10T03:05:59+00:00","description":"Matrizes de Bordado Alfabeto L\u00fadico, carinha de inf\u00e2ncia! Garanta j\u00e1 a sua cole\u00e7\u00e3o e arrase em seus bordados! Baixe na Hora!","breadcrumb":{"@id":"https:\/\/shop.bazarcia.com\/produto\/matrizes-de-bordado-letras-alfabeto\/#breadcrumb"},"inLanguage":"en-US","potentialAction":[{"@type":"ReadAction","target":["https:\/\/shop.bazarcia.com\/produto\/matrizes-de-bordado-letras-alfabeto\/"]}]},{"@type":"ImageObject","inLanguage":"en-US","@id":"https:\/\/shop.bazarcia.com\/produto\/matrizes-de-bordado-letras-alfabeto\/#primaryimage","url":"https:\/\/shop.bazarcia.com\/wp-content\/uploads\/2024\/06\/2-19.png","contentUrl":"https:\/\/shop.bazarcia.com\/wp-content\/uploads\/2024\/06\/2-19.png","width":1080,"height":1080},{"@type":"BreadcrumbList","@id":"https:\/\/shop.bazarcia.com\/produto\/matrizes-de-bordado-letras-alfabeto\/#breadcrumb","itemListElement":[{"@type":"ListItem","position":1,"name":"In\u00edcio","item":"https:\/\/shop.bazarcia.com\/"},{"@type":"ListItem","position":2,"name":"Loja","item":"https:\/\/shop.bazarcia.com\/loja\/"},{"@type":"ListItem","position":3,"name":"Matrizes de Bordado &#8211; Letrinhas L\u00fadicas [Alfabeto Mai\u00fasculo e Min\u00fasculo]"}]},{"@type":"WebSite","@id":"https:\/\/shop.bazarcia.com\/#website","url":"https:\/\/shop.bazarcia.com\/","name":"Bazar & Cia","description":"criatividade ponto a ponto","publisher":{"@id":"https:\/\/shop.bazarcia.com\/#organization"},"potentialAction":[{"@type":"SearchAction","target":{"@type":"EntryPoint","urlTemplate":"https:\/\/shop.bazarcia.com\/?s={search_term_string}"},"query-input":{"@type":"PropertyValueSpecification","valueRequired":true,"valueName":"search_term_string"}}],"inLanguage":"en-US"},{"@type":"Organization","@id":"https:\/\/shop.bazarcia.com\/#organization","name":"Bazar & Cia","url":"https:\/\/shop.bazarcia.com\/","logo":{"@type":"ImageObject","inLanguage":"en-US","@id":"https:\/\/shop.bazarcia.com\/#\/schema\/logo\/image\/","url":"https:\/\/shop.bazarcia.com\/wp-content\/uploads\/2024\/02\/cropped-logo_bazarcia.png","contentUrl":"https:\/\/shop.bazarcia.com\/wp-content\/uploads\/2024\/02\/cropped-logo_bazarcia.png","width":150,"height":150,"caption":"Bazar & Cia"},"image":{"@id":"https:\/\/shop.bazarcia.com\/#\/schema\/logo\/image\/"},"sameAs":["https:\/\/www.facebook.com\/shopbazarcia","https:\/\/www.instagram.com\/shopbazarcia","https:\/\/br.pinterest.com\/suzane_eloise\/","https:\/\/www.youtube.com\/c\/BazardoBordadoMatrizeseProjetos"]}]}},"_links":{"self":[{"href":"https:\/\/shop.bazarcia.com\/en\/wp-json\/wp\/v2\/product\/281868","targetHints":{"allow":["GET"]}}],"collection":[{"href":"https:\/\/shop.bazarcia.com\/en\/wp-json\/wp\/v2\/product"}],"about":[{"href":"https:\/\/shop.bazarcia.com\/en\/wp-json\/wp\/v2\/types\/product"}],"replies":[{"embeddable":true,"href":"https:\/\/shop.bazarcia.com\/en\/wp-json\/wp\/v2\/comments?post=281868"}],"version-history":[{"count":11,"href":"https:\/\/shop.bazarcia.com\/en\/wp-json\/wp\/v2\/product\/281868\/revisions"}],"predecessor-version":[{"id":358997,"href":"https:\/\/shop.bazarcia.com\/en\/wp-json\/wp\/v2\/product\/281868\/revisions\/358997"}],"wp:featuredmedia":[{"embeddable":true,"href":"https:\/\/shop.bazarcia.com\/en\/wp-json\/wp\/v2\/media\/281873"}],"wp:attachment":[{"href":"https:\/\/shop.bazarcia.com\/en\/wp-json\/wp\/v2\/media?parent=281868"}],"wp:term":[{"taxonomy":"product_brand","embeddable":true,"href":"https:\/\/shop.bazarcia.com\/en\/wp-json\/wp\/v2\/product_brand?post=281868"},{"taxonomy":"product_cat","embeddable":true,"href":"https:\/\/shop.bazarcia.com\/en\/wp-json\/wp\/v2\/product_cat?post=281868"},{"taxonomy":"product_tag","embeddable":true,"href":"https:\/\/shop.bazarcia.com\/en\/wp-json\/wp\/v2\/product_tag?post=281868"}],"curies":[{"name":"wp","href":"https:\/\/api.w.org\/{rel}","templated":true}]}}