{"id":282882,"date":"2024-07-09T16:26:56","date_gmt":"2024-07-09T19:26:56","guid":{"rendered":"https:\/\/shop.bazarcia.com\/produto\/kit-com-3-matrizes-de-bordado-biologia-profissao-001\/"},"modified":"2025-01-30T09:03:36","modified_gmt":"2025-01-30T12:03:36","slug":"kit-com-3-matrizes-de-bordado-biologia-profissao-001","status":"publish","type":"product","link":"https:\/\/shop.bazarcia.com\/en\/product\/kit-com-3-matrizes-de-bordado-biologia-profissao-001\/","title":{"rendered":"Kit com 3 Matrizes de Bordado &#8211; Psicologia [PROFISS\u00c3O] &#8211; 001"},"content":{"rendered":"<p>Compat\u00edveis nos formatos DST &#8211; EXP &#8211; HUS &#8211; JEF &#8211; PES &#8211; XXX, disponibilizados em pasta compactada (ZIP \/ RAR) sendo necess\u00e1rio descompactar com Winzip ou WinRar.<\/p>\n<p>0-PSICO-02-082092-002<\/p>\n<p>CORES: 02<br \/>\nN. PONTOS: 14.084<br \/>\nTOTAL LINHA: 61,2m<br \/>\nTEMPO ESTIMADO: 30min<\/p>\n<p>0-PSICO-01-082092-001<\/p>\n<p>CORES: 01<br \/>\nN. PONTOS: 14.084<br \/>\nTOTAL LINHA: 61,2m<br \/>\nTEMPO ESTIMADO: 30min<\/p>\n<p>0-PSICO-01-072067-003<\/p>\n<p>CORES: 01<br \/>\nN. PONTOS: 4.914<br \/>\nTOTAL LINHA: 22,47m<br \/>\nTEMPO ESTIMADO: 10min<\/p>\n<p>Demais dados anexo no arquivo .PDF<\/p>","protected":false},"excerpt":{"rendered":"<p>Kit com 3 Matrizes de Bordado &#8211; Psicologia &#8211; Cole\u00e7\u00e3o [PROFISS\u00c3O]<br \/>\nPrograma para bordadeiras dom\u00e9sticas ou profissionais<\/p>\n","protected":false},"featured_media":282879,"comment_status":"open","ping_status":"closed","template":"","meta":{"_acf_changed":false,"_joinchat":[]},"product_brand":[],"product_cat":[84,310,360],"product_tag":[1170,1431,1433,1280,1090,1432],"class_list":{"0":"post-282882","1":"product","2":"type-product","3":"status-publish","4":"has-post-thumbnail","6":"product_cat-matrizes-de-bordado","7":"product_cat-profissoes","8":"product_cat-psicologia","9":"product_tag-bordado","10":"product_tag-bordado-computadorizado","11":"product_tag-bordado-eletronico","12":"product_tag-bordar","13":"product_tag-maquina-de-bordar","14":"product_tag-matrizes-de-bordado","16":"first","17":"instock","18":"downloadable","19":"virtual","20":"purchasable","21":"product-type-simple"},"acf":[],"yoast_head":"<!-- This site is optimized with the Yoast SEO plugin v27.2 - https:\/\/yoast.com\/product\/yoast-seo-wordpress\/ -->\n<title>Matriz de Bordado - Psicologia - [PROFISS\u00c3O]<\/title>\n<meta name=\"robots\" content=\"index, follow, max-snippet:-1, max-image-preview:large, max-video-preview:-1\" \/>\n<link rel=\"canonical\" href=\"https:\/\/shop.bazarcia.com\/en\/product\/kit-com-3-matrizes-de-bordado-biologia-profissao-001\/\" \/>\n<meta property=\"og:locale\" content=\"en_US\" \/>\n<meta property=\"og:type\" content=\"article\" \/>\n<meta property=\"og:title\" content=\"Matriz de Bordado - Psicologia - [PROFISS\u00c3O]\" \/>\n<meta property=\"og:description\" content=\"Kit com 3 Matrizes de Bordado - Psicologia - Cole\u00e7\u00e3o [PROFISS\u00c3O] Programa para bordadeiras dom\u00e9sticas ou profissionais\" \/>\n<meta property=\"og:url\" content=\"https:\/\/shop.bazarcia.com\/en\/product\/kit-com-3-matrizes-de-bordado-biologia-profissao-001\/\" \/>\n<meta property=\"og:site_name\" content=\"\ud835\udc1b\ud835\udc1a\ud835\udc33\ud835\udc1a\ud835\udc2b &amp; \ud835\udc1c\ud835\udc22\ud835\udc1a\" \/>\n<meta property=\"article:publisher\" content=\"https:\/\/www.facebook.com\/shopbazarcia\" \/>\n<meta property=\"article:modified_time\" content=\"2025-01-30T12:03:36+00:00\" \/>\n<meta property=\"og:image\" content=\"https:\/\/shop.bazarcia.com\/wp-content\/uploads\/2024\/07\/001-psicologia.png\" \/>\n\t<meta property=\"og:image:width\" content=\"1080\" \/>\n\t<meta property=\"og:image:height\" content=\"1080\" \/>\n\t<meta property=\"og:image:type\" content=\"image\/png\" \/>\n<meta name=\"twitter:card\" content=\"summary_large_image\" \/>\n<script type=\"application\/ld+json\" class=\"yoast-schema-graph\">{\"@context\":\"https:\/\/schema.org\",\"@graph\":[{\"@type\":\"WebPage\",\"@id\":\"https:\/\/shop.bazarcia.com\/produto\/kit-com-3-matrizes-de-bordado-biologia-profissao-001\/\",\"url\":\"https:\/\/shop.bazarcia.com\/produto\/kit-com-3-matrizes-de-bordado-biologia-profissao-001\/\",\"name\":\"Matriz de Bordado - Psicologia - [PROFISS\u00c3O]\",\"isPartOf\":{\"@id\":\"https:\/\/shop.bazarcia.com\/#website\"},\"primaryImageOfPage\":{\"@id\":\"https:\/\/shop.bazarcia.com\/produto\/kit-com-3-matrizes-de-bordado-biologia-profissao-001\/#primaryimage\"},\"image\":{\"@id\":\"https:\/\/shop.bazarcia.com\/produto\/kit-com-3-matrizes-de-bordado-biologia-profissao-001\/#primaryimage\"},\"thumbnailUrl\":\"https:\/\/shop.bazarcia.com\/wp-content\/uploads\/2024\/07\/001-psicologia.png\",\"datePublished\":\"2024-07-09T19:26:56+00:00\",\"dateModified\":\"2025-01-30T12:03:36+00:00\",\"breadcrumb\":{\"@id\":\"https:\/\/shop.bazarcia.com\/produto\/kit-com-3-matrizes-de-bordado-biologia-profissao-001\/#breadcrumb\"},\"inLanguage\":\"en-US\",\"potentialAction\":[{\"@type\":\"ReadAction\",\"target\":[\"https:\/\/shop.bazarcia.com\/produto\/kit-com-3-matrizes-de-bordado-biologia-profissao-001\/\"]}]},{\"@type\":\"ImageObject\",\"inLanguage\":\"en-US\",\"@id\":\"https:\/\/shop.bazarcia.com\/produto\/kit-com-3-matrizes-de-bordado-biologia-profissao-001\/#primaryimage\",\"url\":\"https:\/\/shop.bazarcia.com\/wp-content\/uploads\/2024\/07\/001-psicologia.png\",\"contentUrl\":\"https:\/\/shop.bazarcia.com\/wp-content\/uploads\/2024\/07\/001-psicologia.png\",\"width\":1080,\"height\":1080,\"caption\":\"PROFISS\u00c3O - biologia\"},{\"@type\":\"BreadcrumbList\",\"@id\":\"https:\/\/shop.bazarcia.com\/produto\/kit-com-3-matrizes-de-bordado-biologia-profissao-001\/#breadcrumb\",\"itemListElement\":[{\"@type\":\"ListItem\",\"position\":1,\"name\":\"In\u00edcio\",\"item\":\"https:\/\/shop.bazarcia.com\/\"},{\"@type\":\"ListItem\",\"position\":2,\"name\":\"Loja\",\"item\":\"https:\/\/shop.bazarcia.com\/loja\/\"},{\"@type\":\"ListItem\",\"position\":3,\"name\":\"Kit com 3 Matrizes de Bordado &#8211; Psicologia [PROFISS\u00c3O] &#8211; 001\"}]},{\"@type\":\"WebSite\",\"@id\":\"https:\/\/shop.bazarcia.com\/#website\",\"url\":\"https:\/\/shop.bazarcia.com\/\",\"name\":\"Bazar & Cia\",\"description\":\"criatividade ponto a ponto\",\"publisher\":{\"@id\":\"https:\/\/shop.bazarcia.com\/#organization\"},\"potentialAction\":[{\"@type\":\"SearchAction\",\"target\":{\"@type\":\"EntryPoint\",\"urlTemplate\":\"https:\/\/shop.bazarcia.com\/?s={search_term_string}\"},\"query-input\":{\"@type\":\"PropertyValueSpecification\",\"valueRequired\":true,\"valueName\":\"search_term_string\"}}],\"inLanguage\":\"en-US\"},{\"@type\":\"Organization\",\"@id\":\"https:\/\/shop.bazarcia.com\/#organization\",\"name\":\"Bazar & Cia\",\"url\":\"https:\/\/shop.bazarcia.com\/\",\"logo\":{\"@type\":\"ImageObject\",\"inLanguage\":\"en-US\",\"@id\":\"https:\/\/shop.bazarcia.com\/#\/schema\/logo\/image\/\",\"url\":\"https:\/\/shop.bazarcia.com\/wp-content\/uploads\/2024\/02\/cropped-logo_bazarcia.png\",\"contentUrl\":\"https:\/\/shop.bazarcia.com\/wp-content\/uploads\/2024\/02\/cropped-logo_bazarcia.png\",\"width\":150,\"height\":150,\"caption\":\"Bazar & Cia\"},\"image\":{\"@id\":\"https:\/\/shop.bazarcia.com\/#\/schema\/logo\/image\/\"},\"sameAs\":[\"https:\/\/www.facebook.com\/shopbazarcia\",\"https:\/\/www.instagram.com\/shopbazarcia\",\"https:\/\/br.pinterest.com\/suzane_eloise\/\",\"https:\/\/www.youtube.com\/c\/BazardoBordadoMatrizeseProjetos\"]}]}<\/script>\n<!-- \/ Yoast SEO plugin. -->","yoast_head_json":{"title":"Matriz de Bordado - Psicologia - [PROFISS\u00c3O]","robots":{"index":"index","follow":"follow","max-snippet":"max-snippet:-1","max-image-preview":"max-image-preview:large","max-video-preview":"max-video-preview:-1"},"canonical":"https:\/\/shop.bazarcia.com\/en\/product\/kit-com-3-matrizes-de-bordado-biologia-profissao-001\/","og_locale":"en_US","og_type":"article","og_title":"Matriz de Bordado - Psicologia - [PROFISS\u00c3O]","og_description":"Kit com 3 Matrizes de Bordado - Psicologia - Cole\u00e7\u00e3o [PROFISS\u00c3O] Programa para bordadeiras dom\u00e9sticas ou profissionais","og_url":"https:\/\/shop.bazarcia.com\/en\/product\/kit-com-3-matrizes-de-bordado-biologia-profissao-001\/","og_site_name":"\ud835\udc1b\ud835\udc1a\ud835\udc33\ud835\udc1a\ud835\udc2b &amp; \ud835\udc1c\ud835\udc22\ud835\udc1a","article_publisher":"https:\/\/www.facebook.com\/shopbazarcia","article_modified_time":"2025-01-30T12:03:36+00:00","og_image":[{"width":1080,"height":1080,"url":"https:\/\/shop.bazarcia.com\/wp-content\/uploads\/2024\/07\/001-psicologia.png","type":"image\/png"}],"twitter_card":"summary_large_image","schema":{"@context":"https:\/\/schema.org","@graph":[{"@type":"WebPage","@id":"https:\/\/shop.bazarcia.com\/produto\/kit-com-3-matrizes-de-bordado-biologia-profissao-001\/","url":"https:\/\/shop.bazarcia.com\/produto\/kit-com-3-matrizes-de-bordado-biologia-profissao-001\/","name":"Matriz de Bordado - Psicologia - [PROFISS\u00c3O]","isPartOf":{"@id":"https:\/\/shop.bazarcia.com\/#website"},"primaryImageOfPage":{"@id":"https:\/\/shop.bazarcia.com\/produto\/kit-com-3-matrizes-de-bordado-biologia-profissao-001\/#primaryimage"},"image":{"@id":"https:\/\/shop.bazarcia.com\/produto\/kit-com-3-matrizes-de-bordado-biologia-profissao-001\/#primaryimage"},"thumbnailUrl":"https:\/\/shop.bazarcia.com\/wp-content\/uploads\/2024\/07\/001-psicologia.png","datePublished":"2024-07-09T19:26:56+00:00","dateModified":"2025-01-30T12:03:36+00:00","breadcrumb":{"@id":"https:\/\/shop.bazarcia.com\/produto\/kit-com-3-matrizes-de-bordado-biologia-profissao-001\/#breadcrumb"},"inLanguage":"en-US","potentialAction":[{"@type":"ReadAction","target":["https:\/\/shop.bazarcia.com\/produto\/kit-com-3-matrizes-de-bordado-biologia-profissao-001\/"]}]},{"@type":"ImageObject","inLanguage":"en-US","@id":"https:\/\/shop.bazarcia.com\/produto\/kit-com-3-matrizes-de-bordado-biologia-profissao-001\/#primaryimage","url":"https:\/\/shop.bazarcia.com\/wp-content\/uploads\/2024\/07\/001-psicologia.png","contentUrl":"https:\/\/shop.bazarcia.com\/wp-content\/uploads\/2024\/07\/001-psicologia.png","width":1080,"height":1080,"caption":"PROFISS\u00c3O - biologia"},{"@type":"BreadcrumbList","@id":"https:\/\/shop.bazarcia.com\/produto\/kit-com-3-matrizes-de-bordado-biologia-profissao-001\/#breadcrumb","itemListElement":[{"@type":"ListItem","position":1,"name":"In\u00edcio","item":"https:\/\/shop.bazarcia.com\/"},{"@type":"ListItem","position":2,"name":"Loja","item":"https:\/\/shop.bazarcia.com\/loja\/"},{"@type":"ListItem","position":3,"name":"Kit com 3 Matrizes de Bordado &#8211; Psicologia [PROFISS\u00c3O] &#8211; 001"}]},{"@type":"WebSite","@id":"https:\/\/shop.bazarcia.com\/#website","url":"https:\/\/shop.bazarcia.com\/","name":"Bazar & Cia","description":"criatividade ponto a ponto","publisher":{"@id":"https:\/\/shop.bazarcia.com\/#organization"},"potentialAction":[{"@type":"SearchAction","target":{"@type":"EntryPoint","urlTemplate":"https:\/\/shop.bazarcia.com\/?s={search_term_string}"},"query-input":{"@type":"PropertyValueSpecification","valueRequired":true,"valueName":"search_term_string"}}],"inLanguage":"en-US"},{"@type":"Organization","@id":"https:\/\/shop.bazarcia.com\/#organization","name":"Bazar & Cia","url":"https:\/\/shop.bazarcia.com\/","logo":{"@type":"ImageObject","inLanguage":"en-US","@id":"https:\/\/shop.bazarcia.com\/#\/schema\/logo\/image\/","url":"https:\/\/shop.bazarcia.com\/wp-content\/uploads\/2024\/02\/cropped-logo_bazarcia.png","contentUrl":"https:\/\/shop.bazarcia.com\/wp-content\/uploads\/2024\/02\/cropped-logo_bazarcia.png","width":150,"height":150,"caption":"Bazar & Cia"},"image":{"@id":"https:\/\/shop.bazarcia.com\/#\/schema\/logo\/image\/"},"sameAs":["https:\/\/www.facebook.com\/shopbazarcia","https:\/\/www.instagram.com\/shopbazarcia","https:\/\/br.pinterest.com\/suzane_eloise\/","https:\/\/www.youtube.com\/c\/BazardoBordadoMatrizeseProjetos"]}]}},"_links":{"self":[{"href":"https:\/\/shop.bazarcia.com\/en\/wp-json\/wp\/v2\/product\/282882","targetHints":{"allow":["GET"]}}],"collection":[{"href":"https:\/\/shop.bazarcia.com\/en\/wp-json\/wp\/v2\/product"}],"about":[{"href":"https:\/\/shop.bazarcia.com\/en\/wp-json\/wp\/v2\/types\/product"}],"replies":[{"embeddable":true,"href":"https:\/\/shop.bazarcia.com\/en\/wp-json\/wp\/v2\/comments?post=282882"}],"version-history":[{"count":2,"href":"https:\/\/shop.bazarcia.com\/en\/wp-json\/wp\/v2\/product\/282882\/revisions"}],"predecessor-version":[{"id":282886,"href":"https:\/\/shop.bazarcia.com\/en\/wp-json\/wp\/v2\/product\/282882\/revisions\/282886"}],"wp:featuredmedia":[{"embeddable":true,"href":"https:\/\/shop.bazarcia.com\/en\/wp-json\/wp\/v2\/media\/282879"}],"wp:attachment":[{"href":"https:\/\/shop.bazarcia.com\/en\/wp-json\/wp\/v2\/media?parent=282882"}],"wp:term":[{"taxonomy":"product_brand","embeddable":true,"href":"https:\/\/shop.bazarcia.com\/en\/wp-json\/wp\/v2\/product_brand?post=282882"},{"taxonomy":"product_cat","embeddable":true,"href":"https:\/\/shop.bazarcia.com\/en\/wp-json\/wp\/v2\/product_cat?post=282882"},{"taxonomy":"product_tag","embeddable":true,"href":"https:\/\/shop.bazarcia.com\/en\/wp-json\/wp\/v2\/product_tag?post=282882"}],"curies":[{"name":"wp","href":"https:\/\/api.w.org\/{rel}","templated":true}]}}