{"id":286206,"date":"2024-08-06T16:24:08","date_gmt":"2024-08-06T19:24:08","guid":{"rendered":"https:\/\/shop.bazarcia.com\/produto\/matrizes-de-bordado-mini-carteirinha-porta-cartao\/"},"modified":"2024-08-06T16:30:12","modified_gmt":"2024-08-06T19:30:12","slug":"matrizes-de-bordado-mini-carteirinha-porta-cartao","status":"publish","type":"product","link":"https:\/\/shop.bazarcia.com\/en\/product\/matrizes-de-bordado-mini-carteirinha-porta-cartao\/","title":{"rendered":"Matrizes de Bordado &#8211; Mini Carteirinha Porta Cart\u00e3o"},"content":{"rendered":"<div class=\"container related-and-upsells\" style=\"margin: 0px auto;padding: 0px 15px;border: 0px;vertical-align: baseline;font-style: normal;font-weight: 400;line-height: inherit;font-family: Lato, Arial, Helvetica, sans-serif;font-size: 14px;width: 1222px;max-width: 1222px;color: #777777;letter-spacing: normal;text-align: start;text-indent: 0px;text-transform: none;background-color: #ffffff\">\n<div class=\"upsells-carousel\" style=\"padding: 0px;border: 0px;vertical-align: baseline;font-style: inherit;font-variant: inherit;font-weight: inherit;line-height: inherit;font-family: inherit;font-size: 14px;margin: 0px 0px var(--wd-single-spacing) 0px\"><\/div>\n<\/div>\n<div class=\"product-tabs-wrapper\" style=\"border-top: 1px solid var(--brdcolor-gray-300);border-right: 0px;border-bottom: 1px solid var(--brdcolor-gray-300);border-left: 0px;vertical-align: baseline;font-style: normal;font-weight: 400;line-height: inherit;font-family: Lato, Arial, Helvetica, sans-serif;font-size: 14px;background-color: var(--bgcolor-white);color: #777777;letter-spacing: normal;text-align: start;text-indent: 0px;text-transform: none;padding: var(--wd-single-spacing) 0px var(--wd-single-spacing) 0px;margin: 0px 0px var(--wd-single-spacing) 0px\">\n<div class=\"container\" style=\"margin: 0px auto;padding: 0px 15px;border: 0px;vertical-align: baseline;font-style: inherit;font-variant: inherit;font-weight: inherit;line-height: inherit;font-family: inherit;font-size: 14px;width: 1222px;max-width: 1222px\">\n<div class=\"row\" style=\"margin: 0px -15px;padding: 0px;border: 0px;vertical-align: baseline;font-style: inherit;font-variant: inherit;font-weight: inherit;line-height: inherit;font-family: inherit;font-size: 14px;flex-wrap: wrap\">\n<div class=\"col-12 poduct-tabs-inner\" style=\"margin: 0px;padding: 0px 15px;border: 0px;vertical-align: baseline;font-style: inherit;font-variant: inherit;font-weight: inherit;line-height: inherit;font-family: inherit;font-size: 14px;position: relative;width: 1222px;min-height: 1px;flex: 0 0 100%;max-width: 100%\">\n<div class=\"woocommerce-tabs wc-tabs-wrapper tabs-layout-tabs\" style=\"margin: 0px;padding: 0px;border: 0px;vertical-align: baseline;font-style: inherit;font-variant: inherit;font-weight: inherit;line-height: inherit;font-family: inherit;font-size: 14px\" data-state=\"first\" data-layout=\"tabs\">\n<div class=\"wd-accordion-item wd-tab-wrapper woodmart-tab-wrapper\" style=\"margin: 0px;padding: 0px;border: 0px;vertical-align: baseline;font-style: inherit;font-variant: inherit;font-weight: inherit;line-height: inherit;font-family: inherit;font-size: 14px\">\n<div id=\"tab-description\" class=\"entry-content woocommerce-Tabs-panel woocommerce-Tabs-panel--description wd-active panel wc-tab\" style=\"margin: 0px;padding: 0px;border: 0px;vertical-align: baseline;font-style: inherit;font-variant: inherit;font-weight: inherit;line-height: inherit;font-family: inherit;font-size: 14px\" role=\"tabpanel\" aria-labelledby=\"tab-title-description\" data-accordion-index=\"description\">\n<div class=\"wc-tab-inner\" style=\"margin: 0px;padding: 0px;border: 0px;vertical-align: baseline;font-style: inherit;font-variant: inherit;font-weight: inherit;line-height: inherit;font-family: inherit;font-size: 14px\">\n<p style=\"padding: 0px;border: 0px;vertical-align: baseline;font-style: inherit;font-variant: inherit;font-weight: inherit;line-height: inherit;font-family: inherit;font-size: 14px;margin: 0px 0px var(--wd-tags-mb) 0px\">Arquivos em pes, jef, dst, xxx e exp<\/p>\n<p style=\"margin: 0px 0px 1rem;padding: 0px;border: 0px;vertical-align: baseline;font-style: inherit;font-variant: inherit;font-weight: inherit;line-height: inherit;font-family: Raleway, sans-serif;font-size: 14px;color: #7a7a7a\">Este \u00e9 um produto digital, que \u00e9 disponibilizado para DOWNLOAD logo ap\u00f3s a comprova\u00e7\u00e3o do pagamento.<\/p>\n<p style=\"margin: 0px 0px 1rem;padding: 0px;border: 0px;vertical-align: baseline;font-style: inherit;font-variant: inherit;font-weight: inherit;line-height: inherit;font-family: Raleway, sans-serif;font-size: 14px;color: #7a7a7a\">Arquivos encontram-se em pastas compactada (ZIP), sendo necess\u00e1rio descompacta-las.<\/p>\n<p style=\"margin: 0px 0px 1rem;padding: 0px;border: 0px;vertical-align: baseline;font-style: inherit;font-variant: inherit;font-weight: inherit;line-height: inherit;font-family: Raleway;font-size: 14px;color: #7a7a7a\">\u201cAten\u00e7\u00e3o: este produto \u00e9 vendido de forma digital e n\u00e3o f\u00edsica. Ao concluir a compra, o usu\u00e1rio dever\u00e1 realizar o download do conte\u00fado em seu pr\u00f3prio computador, acessando a aba de Downloads dentro do pr\u00f3prio site Bazar do Bordado, ou atrav\u00e9s de um link disponibilizado e enviado para o e-mail cadastrado.<\/p>\n<p style=\"margin: 0px 0px 1rem;padding: 0px;border: 0px;vertical-align: baseline;font-style: inherit;font-variant: inherit;font-weight: inherit;line-height: inherit;font-family: Raleway;font-size: 14px;color: #7a7a7a\">Esse download poder\u00e1 ser feito por at\u00e9 99 (noventa e nove) vezes diretamente no site do Bazar do Bordado, em um per\u00edodo m\u00e1ximo de 365 (trezentos e sessenta e cinco dias) a ser contado da data da disponibiliza\u00e7\u00e3o do material. Ap\u00f3s este per\u00edodo, o link ser\u00e1 expirado.<\/p>\n<p style=\"margin: 0px 0px 1rem;padding: 0px;border: 0px;vertical-align: baseline;font-style: inherit;font-variant: inherit;font-weight: inherit;line-height: inherit;font-family: Raleway;font-size: 14px;color: #7a7a7a\">Por isso, \u00e9 importante que o usu\u00e1rio comprador fa\u00e7a o download do conte\u00fado o quanto antes, armazenando no seu compartimento de interesse (como: computador, e-mail, drive, hd externo, pendrive, etc.) de forma que possa utilizar o produto mesmo ap\u00f3s o link para download ter expirado em nossa plataforma.<\/p>\n<p style=\"margin: 0px 0px 1rem;padding: 0px;border: 0px;vertical-align: baseline;font-style: inherit;font-variant: inherit;font-weight: inherit;line-height: inherit;font-family: Raleway;font-size: 14px;color: #7a7a7a\">Se for excedido o limite de downloads ou ultrapassado o tempo mencionado acima, o acesso ao produto s\u00f3 poder\u00e1 ser feito mediante a uma nova compra.\u201d<\/p>\n<\/div>\n<\/div>\n<\/div>\n<div class=\"wd-accordion-item wd-tab-wrapper woodmart-tab-wrapper\" style=\"margin: 0px;padding: 0px;border: 0px;vertical-align: baseline;font-style: inherit;font-variant: inherit;font-weight: inherit;line-height: inherit;font-family: inherit;font-size: 14px\"><\/div>\n<div class=\"wd-accordion-item wd-tab-wrapper woodmart-tab-wrapper\" style=\"margin: 0px;padding: 0px;border: 0px;vertical-align: baseline;font-style: inherit;font-variant: inherit;font-weight: inherit;line-height: inherit;font-family: inherit;font-size: 14px\"><\/div>\n<\/div>\n<\/div>\n<\/div>\n<\/div>\n<\/div>","protected":false},"excerpt":{"rendered":"<p>Matriz para fazer no bastidor 13&#215;18, 14&#215;20 ou maior<\/p>\n<p>Verifique se a matriz que est\u00e1 adquirindo serve para o seu bastidor, ap\u00f3s a entrega n\u00e3o realizamos troca nem devolu\u00e7\u00e3o, por se tratar de um arquivo eletr\u00f4nico.<\/p>\n<p>Nosso produtos n\u00e3o podem ser copiados, trocados, editados, compartilhados ou revendidos. Eles tem somente a finalidade de uso pessoal, para a produ\u00e7\u00e3o de pe\u00e7as para uso ou venda<\/p>\n<p>Manga Rosa Bordados Deseja Boa venda e Muito Sucesso!!!<\/p>\n<p>Assista Pap<\/p>\n<p>https:\/\/www.youtube.com\/watch?v=bZlrJwn2dqM&amp;t=59s<\/p>","protected":false},"featured_media":286205,"comment_status":"closed","ping_status":"closed","template":"","meta":{"_acf_changed":false,"_joinchat":[]},"product_brand":[],"product_cat":[98,152],"product_tag":[1491,1435],"class_list":{"0":"post-286206","1":"product","2":"type-product","3":"status-publish","4":"has-post-thumbnail","6":"product_cat-projetos-na-bordadeira-in-the-hoop-embroidery","7":"product_cat-projeto-carteiras-na-bordadeira","8":"product_tag-carteirinha","9":"product_tag-projeto-na-bordadeira-ith","11":"first","12":"instock","13":"downloadable","14":"virtual","15":"sold-individually","16":"purchasable","17":"product-type-simple"},"acf":[],"yoast_head":"<!-- This site is optimized with the Yoast SEO plugin v27.2 - https:\/\/yoast.com\/product\/yoast-seo-wordpress\/ -->\n<title>Matrizes de Bordado - Mini Carteirinha Porta Cart\u00e3o - \ud835\udc1b\ud835\udc1a\ud835\udc33\ud835\udc1a\ud835\udc2b &amp; \ud835\udc1c\ud835\udc22\ud835\udc1a<\/title>\n<meta name=\"robots\" content=\"index, follow, max-snippet:-1, max-image-preview:large, max-video-preview:-1\" \/>\n<link rel=\"canonical\" href=\"https:\/\/shop.bazarcia.com\/en\/product\/matrizes-de-bordado-mini-carteirinha-porta-cartao\/\" \/>\n<meta property=\"og:locale\" content=\"en_US\" \/>\n<meta property=\"og:type\" content=\"article\" \/>\n<meta property=\"og:title\" content=\"Matrizes de Bordado - Mini Carteirinha Porta Cart\u00e3o - \ud835\udc1b\ud835\udc1a\ud835\udc33\ud835\udc1a\ud835\udc2b &amp; \ud835\udc1c\ud835\udc22\ud835\udc1a\" \/>\n<meta property=\"og:description\" content=\"Matriz para fazer no bastidor 13x18, 14x20 ou maior  Verifique se a matriz que est\u00e1 adquirindo serve para o seu bastidor, ap\u00f3s a entrega n\u00e3o realizamos troca nem devolu\u00e7\u00e3o, por se tratar de um arquivo eletr\u00f4nico.  Nosso produtos n\u00e3o podem ser copiados, trocados, editados, compartilhados ou revendidos. Eles tem somente a finalidade de uso pessoal, para a produ\u00e7\u00e3o de pe\u00e7as para uso ou venda  Manga Rosa Bordados Deseja Boa venda e Muito Sucesso!!!  Assista Pap  https:\/\/www.youtube.com\/watch?v=bZlrJwn2dqM&amp;t=59s\" \/>\n<meta property=\"og:url\" content=\"https:\/\/shop.bazarcia.com\/en\/product\/matrizes-de-bordado-mini-carteirinha-porta-cartao\/\" \/>\n<meta property=\"og:site_name\" content=\"\ud835\udc1b\ud835\udc1a\ud835\udc33\ud835\udc1a\ud835\udc2b &amp; \ud835\udc1c\ud835\udc22\ud835\udc1a\" \/>\n<meta property=\"article:publisher\" content=\"https:\/\/www.facebook.com\/shopbazarcia\" \/>\n<meta property=\"article:modified_time\" content=\"2024-08-06T19:30:12+00:00\" \/>\n<meta property=\"og:image\" content=\"https:\/\/shop.bazarcia.com\/wp-content\/uploads\/2024\/08\/8b1c9cb4-94e2-438f-b228-a434da826b88.jpg\" \/>\n\t<meta property=\"og:image:width\" content=\"1080\" \/>\n\t<meta property=\"og:image:height\" content=\"1080\" \/>\n\t<meta property=\"og:image:type\" content=\"image\/jpeg\" \/>\n<meta name=\"twitter:card\" content=\"summary_large_image\" \/>\n<meta name=\"twitter:label1\" content=\"Est. reading time\" \/>\n\t<meta name=\"twitter:data1\" content=\"1 minute\" \/>\n<script type=\"application\/ld+json\" class=\"yoast-schema-graph\">{\"@context\":\"https:\/\/schema.org\",\"@graph\":[{\"@type\":\"WebPage\",\"@id\":\"https:\/\/shop.bazarcia.com\/produto\/matrizes-de-bordado-mini-carteirinha-porta-cartao\/\",\"url\":\"https:\/\/shop.bazarcia.com\/produto\/matrizes-de-bordado-mini-carteirinha-porta-cartao\/\",\"name\":\"Matrizes de Bordado - Mini Carteirinha Porta Cart\u00e3o - \ud835\udc1b\ud835\udc1a\ud835\udc33\ud835\udc1a\ud835\udc2b &amp; \ud835\udc1c\ud835\udc22\ud835\udc1a\",\"isPartOf\":{\"@id\":\"https:\/\/shop.bazarcia.com\/#website\"},\"primaryImageOfPage\":{\"@id\":\"https:\/\/shop.bazarcia.com\/produto\/matrizes-de-bordado-mini-carteirinha-porta-cartao\/#primaryimage\"},\"image\":{\"@id\":\"https:\/\/shop.bazarcia.com\/produto\/matrizes-de-bordado-mini-carteirinha-porta-cartao\/#primaryimage\"},\"thumbnailUrl\":\"https:\/\/shop.bazarcia.com\/wp-content\/uploads\/2024\/08\/8b1c9cb4-94e2-438f-b228-a434da826b88.jpg\",\"datePublished\":\"2024-08-06T19:24:08+00:00\",\"dateModified\":\"2024-08-06T19:30:12+00:00\",\"breadcrumb\":{\"@id\":\"https:\/\/shop.bazarcia.com\/produto\/matrizes-de-bordado-mini-carteirinha-porta-cartao\/#breadcrumb\"},\"inLanguage\":\"en-US\",\"potentialAction\":[{\"@type\":\"ReadAction\",\"target\":[\"https:\/\/shop.bazarcia.com\/produto\/matrizes-de-bordado-mini-carteirinha-porta-cartao\/\"]}]},{\"@type\":\"ImageObject\",\"inLanguage\":\"en-US\",\"@id\":\"https:\/\/shop.bazarcia.com\/produto\/matrizes-de-bordado-mini-carteirinha-porta-cartao\/#primaryimage\",\"url\":\"https:\/\/shop.bazarcia.com\/wp-content\/uploads\/2024\/08\/8b1c9cb4-94e2-438f-b228-a434da826b88.jpg\",\"contentUrl\":\"https:\/\/shop.bazarcia.com\/wp-content\/uploads\/2024\/08\/8b1c9cb4-94e2-438f-b228-a434da826b88.jpg\",\"width\":1080,\"height\":1080},{\"@type\":\"BreadcrumbList\",\"@id\":\"https:\/\/shop.bazarcia.com\/produto\/matrizes-de-bordado-mini-carteirinha-porta-cartao\/#breadcrumb\",\"itemListElement\":[{\"@type\":\"ListItem\",\"position\":1,\"name\":\"In\u00edcio\",\"item\":\"https:\/\/shop.bazarcia.com\/\"},{\"@type\":\"ListItem\",\"position\":2,\"name\":\"Loja\",\"item\":\"https:\/\/shop.bazarcia.com\/loja\/\"},{\"@type\":\"ListItem\",\"position\":3,\"name\":\"Matrizes de Bordado &#8211; Mini Carteirinha Porta Cart\u00e3o\"}]},{\"@type\":\"WebSite\",\"@id\":\"https:\/\/shop.bazarcia.com\/#website\",\"url\":\"https:\/\/shop.bazarcia.com\/\",\"name\":\"Bazar & Cia\",\"description\":\"criatividade ponto a ponto\",\"publisher\":{\"@id\":\"https:\/\/shop.bazarcia.com\/#organization\"},\"potentialAction\":[{\"@type\":\"SearchAction\",\"target\":{\"@type\":\"EntryPoint\",\"urlTemplate\":\"https:\/\/shop.bazarcia.com\/?s={search_term_string}\"},\"query-input\":{\"@type\":\"PropertyValueSpecification\",\"valueRequired\":true,\"valueName\":\"search_term_string\"}}],\"inLanguage\":\"en-US\"},{\"@type\":\"Organization\",\"@id\":\"https:\/\/shop.bazarcia.com\/#organization\",\"name\":\"Bazar & Cia\",\"url\":\"https:\/\/shop.bazarcia.com\/\",\"logo\":{\"@type\":\"ImageObject\",\"inLanguage\":\"en-US\",\"@id\":\"https:\/\/shop.bazarcia.com\/#\/schema\/logo\/image\/\",\"url\":\"https:\/\/shop.bazarcia.com\/wp-content\/uploads\/2024\/02\/cropped-logo_bazarcia.png\",\"contentUrl\":\"https:\/\/shop.bazarcia.com\/wp-content\/uploads\/2024\/02\/cropped-logo_bazarcia.png\",\"width\":150,\"height\":150,\"caption\":\"Bazar & Cia\"},\"image\":{\"@id\":\"https:\/\/shop.bazarcia.com\/#\/schema\/logo\/image\/\"},\"sameAs\":[\"https:\/\/www.facebook.com\/shopbazarcia\",\"https:\/\/www.instagram.com\/shopbazarcia\",\"https:\/\/br.pinterest.com\/suzane_eloise\/\",\"https:\/\/www.youtube.com\/c\/BazardoBordadoMatrizeseProjetos\"]}]}<\/script>\n<!-- \/ Yoast SEO plugin. -->","yoast_head_json":{"title":"Matrizes de Bordado - Mini Carteirinha Porta Cart\u00e3o - \ud835\udc1b\ud835\udc1a\ud835\udc33\ud835\udc1a\ud835\udc2b &amp; \ud835\udc1c\ud835\udc22\ud835\udc1a","robots":{"index":"index","follow":"follow","max-snippet":"max-snippet:-1","max-image-preview":"max-image-preview:large","max-video-preview":"max-video-preview:-1"},"canonical":"https:\/\/shop.bazarcia.com\/en\/product\/matrizes-de-bordado-mini-carteirinha-porta-cartao\/","og_locale":"en_US","og_type":"article","og_title":"Matrizes de Bordado - Mini Carteirinha Porta Cart\u00e3o - \ud835\udc1b\ud835\udc1a\ud835\udc33\ud835\udc1a\ud835\udc2b &amp; \ud835\udc1c\ud835\udc22\ud835\udc1a","og_description":"Matriz para fazer no bastidor 13x18, 14x20 ou maior  Verifique se a matriz que est\u00e1 adquirindo serve para o seu bastidor, ap\u00f3s a entrega n\u00e3o realizamos troca nem devolu\u00e7\u00e3o, por se tratar de um arquivo eletr\u00f4nico.  Nosso produtos n\u00e3o podem ser copiados, trocados, editados, compartilhados ou revendidos. Eles tem somente a finalidade de uso pessoal, para a produ\u00e7\u00e3o de pe\u00e7as para uso ou venda  Manga Rosa Bordados Deseja Boa venda e Muito Sucesso!!!  Assista Pap  https:\/\/www.youtube.com\/watch?v=bZlrJwn2dqM&amp;t=59s","og_url":"https:\/\/shop.bazarcia.com\/en\/product\/matrizes-de-bordado-mini-carteirinha-porta-cartao\/","og_site_name":"\ud835\udc1b\ud835\udc1a\ud835\udc33\ud835\udc1a\ud835\udc2b &amp; \ud835\udc1c\ud835\udc22\ud835\udc1a","article_publisher":"https:\/\/www.facebook.com\/shopbazarcia","article_modified_time":"2024-08-06T19:30:12+00:00","og_image":[{"width":1080,"height":1080,"url":"https:\/\/shop.bazarcia.com\/wp-content\/uploads\/2024\/08\/8b1c9cb4-94e2-438f-b228-a434da826b88.jpg","type":"image\/jpeg"}],"twitter_card":"summary_large_image","twitter_misc":{"Est. reading time":"1 minute"},"schema":{"@context":"https:\/\/schema.org","@graph":[{"@type":"WebPage","@id":"https:\/\/shop.bazarcia.com\/produto\/matrizes-de-bordado-mini-carteirinha-porta-cartao\/","url":"https:\/\/shop.bazarcia.com\/produto\/matrizes-de-bordado-mini-carteirinha-porta-cartao\/","name":"Matrizes de Bordado - Mini Carteirinha Porta Cart\u00e3o - \ud835\udc1b\ud835\udc1a\ud835\udc33\ud835\udc1a\ud835\udc2b &amp; \ud835\udc1c\ud835\udc22\ud835\udc1a","isPartOf":{"@id":"https:\/\/shop.bazarcia.com\/#website"},"primaryImageOfPage":{"@id":"https:\/\/shop.bazarcia.com\/produto\/matrizes-de-bordado-mini-carteirinha-porta-cartao\/#primaryimage"},"image":{"@id":"https:\/\/shop.bazarcia.com\/produto\/matrizes-de-bordado-mini-carteirinha-porta-cartao\/#primaryimage"},"thumbnailUrl":"https:\/\/shop.bazarcia.com\/wp-content\/uploads\/2024\/08\/8b1c9cb4-94e2-438f-b228-a434da826b88.jpg","datePublished":"2024-08-06T19:24:08+00:00","dateModified":"2024-08-06T19:30:12+00:00","breadcrumb":{"@id":"https:\/\/shop.bazarcia.com\/produto\/matrizes-de-bordado-mini-carteirinha-porta-cartao\/#breadcrumb"},"inLanguage":"en-US","potentialAction":[{"@type":"ReadAction","target":["https:\/\/shop.bazarcia.com\/produto\/matrizes-de-bordado-mini-carteirinha-porta-cartao\/"]}]},{"@type":"ImageObject","inLanguage":"en-US","@id":"https:\/\/shop.bazarcia.com\/produto\/matrizes-de-bordado-mini-carteirinha-porta-cartao\/#primaryimage","url":"https:\/\/shop.bazarcia.com\/wp-content\/uploads\/2024\/08\/8b1c9cb4-94e2-438f-b228-a434da826b88.jpg","contentUrl":"https:\/\/shop.bazarcia.com\/wp-content\/uploads\/2024\/08\/8b1c9cb4-94e2-438f-b228-a434da826b88.jpg","width":1080,"height":1080},{"@type":"BreadcrumbList","@id":"https:\/\/shop.bazarcia.com\/produto\/matrizes-de-bordado-mini-carteirinha-porta-cartao\/#breadcrumb","itemListElement":[{"@type":"ListItem","position":1,"name":"In\u00edcio","item":"https:\/\/shop.bazarcia.com\/"},{"@type":"ListItem","position":2,"name":"Loja","item":"https:\/\/shop.bazarcia.com\/loja\/"},{"@type":"ListItem","position":3,"name":"Matrizes de Bordado &#8211; Mini Carteirinha Porta Cart\u00e3o"}]},{"@type":"WebSite","@id":"https:\/\/shop.bazarcia.com\/#website","url":"https:\/\/shop.bazarcia.com\/","name":"Bazar & Cia","description":"criatividade ponto a ponto","publisher":{"@id":"https:\/\/shop.bazarcia.com\/#organization"},"potentialAction":[{"@type":"SearchAction","target":{"@type":"EntryPoint","urlTemplate":"https:\/\/shop.bazarcia.com\/?s={search_term_string}"},"query-input":{"@type":"PropertyValueSpecification","valueRequired":true,"valueName":"search_term_string"}}],"inLanguage":"en-US"},{"@type":"Organization","@id":"https:\/\/shop.bazarcia.com\/#organization","name":"Bazar & Cia","url":"https:\/\/shop.bazarcia.com\/","logo":{"@type":"ImageObject","inLanguage":"en-US","@id":"https:\/\/shop.bazarcia.com\/#\/schema\/logo\/image\/","url":"https:\/\/shop.bazarcia.com\/wp-content\/uploads\/2024\/02\/cropped-logo_bazarcia.png","contentUrl":"https:\/\/shop.bazarcia.com\/wp-content\/uploads\/2024\/02\/cropped-logo_bazarcia.png","width":150,"height":150,"caption":"Bazar & Cia"},"image":{"@id":"https:\/\/shop.bazarcia.com\/#\/schema\/logo\/image\/"},"sameAs":["https:\/\/www.facebook.com\/shopbazarcia","https:\/\/www.instagram.com\/shopbazarcia","https:\/\/br.pinterest.com\/suzane_eloise\/","https:\/\/www.youtube.com\/c\/BazardoBordadoMatrizeseProjetos"]}]}},"_links":{"self":[{"href":"https:\/\/shop.bazarcia.com\/en\/wp-json\/wp\/v2\/product\/286206","targetHints":{"allow":["GET"]}}],"collection":[{"href":"https:\/\/shop.bazarcia.com\/en\/wp-json\/wp\/v2\/product"}],"about":[{"href":"https:\/\/shop.bazarcia.com\/en\/wp-json\/wp\/v2\/types\/product"}],"replies":[{"embeddable":true,"href":"https:\/\/shop.bazarcia.com\/en\/wp-json\/wp\/v2\/comments?post=286206"}],"version-history":[{"count":1,"href":"https:\/\/shop.bazarcia.com\/en\/wp-json\/wp\/v2\/product\/286206\/revisions"}],"predecessor-version":[{"id":286209,"href":"https:\/\/shop.bazarcia.com\/en\/wp-json\/wp\/v2\/product\/286206\/revisions\/286209"}],"wp:featuredmedia":[{"embeddable":true,"href":"https:\/\/shop.bazarcia.com\/en\/wp-json\/wp\/v2\/media\/286205"}],"wp:attachment":[{"href":"https:\/\/shop.bazarcia.com\/en\/wp-json\/wp\/v2\/media?parent=286206"}],"wp:term":[{"taxonomy":"product_brand","embeddable":true,"href":"https:\/\/shop.bazarcia.com\/en\/wp-json\/wp\/v2\/product_brand?post=286206"},{"taxonomy":"product_cat","embeddable":true,"href":"https:\/\/shop.bazarcia.com\/en\/wp-json\/wp\/v2\/product_cat?post=286206"},{"taxonomy":"product_tag","embeddable":true,"href":"https:\/\/shop.bazarcia.com\/en\/wp-json\/wp\/v2\/product_tag?post=286206"}],"curies":[{"name":"wp","href":"https:\/\/api.w.org\/{rel}","templated":true}]}}