{"id":28643,"date":"2020-05-22T16:36:23","date_gmt":"2020-05-22T19:36:23","guid":{"rendered":"https:\/\/shop.bazarcia.com\/?post_type=product&#038;p=28643"},"modified":"2021-03-03T20:25:02","modified_gmt":"2021-03-03T23:25:02","slug":"2-mascaras-infantis-coala-com-acabamento-bordado-tamanhos-pp-p-copia","status":"publish","type":"product","link":"https:\/\/shop.bazarcia.com\/en\/product\/2-mascaras-infantis-coala-com-acabamento-bordado-tamanhos-pp-p-copia\/","title":{"rendered":"2 M\u00e1scaras Infantis Coala com Acabamento Bordado Tamanhos P &#8211; M"},"content":{"rendered":"<p>Como fazer:<\/p>\n<p>&nbsp;<\/p>\n<p><iframe title=\"M\u00e1scaras Infantil cute de tecido na bordadeira!\" width=\"500\" height=\"281\" src=\"https:\/\/www.youtube.com\/embed\/wyE-ivX0zc8?feature=oembed\" frameborder=\"0\" allow=\"accelerometer; autoplay; clipboard-write; encrypted-media; gyroscope; picture-in-picture; web-share\" referrerpolicy=\"strict-origin-when-cross-origin\" allowfullscreen><\/iframe><\/p>\n<p>&nbsp;<\/p>\n<p>Como fazer: Separe dois el\u00e1sticos cortados com 12 a 13cm para o tamanho PP e 14 a 15cm para o tamanho P Prenda somente a entretela no bastidor e borde a primeira cor. Posicione os el\u00e1sticos nos pontos marcados e borde os 4 (cores) travetes laterais. Coloque o tecido sobre a entretela e borde as cores at\u00e9 terminar a parte central. Coloque um tecido por baixo do bastidor, se preferir prenda com alfinetes. Borde o contorno e remova o bastidor para recortar a sobras dos tecidos em frente e verso. Finalize o acabamento em ponto cheio envolta da m\u00e1scara. Destaque a m\u00e1scara da entretela, ela est\u00e1 pronta. Em uma m\u00e1quina de costura reta una os vincos de cima e de baixo.<\/p>","protected":false},"excerpt":{"rendered":"<p>tamanho M: 17.00 cm largura &#8211; 11.00 cm altura<br \/>\ntamanho P: 15.00 cm largura &#8211; 10.00 cm altura<\/p>\n<p>PCTMSK16-9<br \/>\nPCTMSK9-9<\/p>\n<p>INFORMA\u00c7\u00c3O IMPORTANTE<br \/>\nEst\u00e1 m\u00e1scara sair\u00e1 finalizada da m\u00e1quina de bordar somente com esta matriz, inclusive com a fixa\u00e7\u00e3o de el\u00e1sticos e acabamento final, sendo necess\u00e1rio uma costura para finaliza\u00e7\u00e3o dos vincos em V superior e inferior<\/p>","protected":false},"featured_media":26005,"comment_status":"open","ping_status":"closed","template":"","meta":{"_acf_changed":false,"_joinchat":[]},"product_brand":[],"product_cat":[1327,98,1385],"product_tag":[1090],"class_list":{"0":"post-28643","1":"product","2":"type-product","3":"status-publish","4":"has-post-thumbnail","6":"product_cat-projeto-mascaras-de-protecao-na-bordadeira","7":"product_cat-projetos-na-bordadeira-in-the-hoop-embroidery","8":"product_cat-projetos-para-bastidor-13x18","9":"product_tag-maquina-de-bordar","11":"first","12":"instock","13":"downloadable","14":"virtual","15":"purchasable","16":"product-type-simple"},"acf":[],"yoast_head":"<!-- This site is optimized with the Yoast SEO plugin v27.2 - https:\/\/yoast.com\/product\/yoast-seo-wordpress\/ -->\n<title>2 M\u00e1scaras Infantis Coala com Acabamento Bordado Tamanhos P - M - \ud835\udc1b\ud835\udc1a\ud835\udc33\ud835\udc1a\ud835\udc2b &amp; \ud835\udc1c\ud835\udc22\ud835\udc1a<\/title>\n<meta name=\"robots\" content=\"index, follow, max-snippet:-1, max-image-preview:large, max-video-preview:-1\" \/>\n<link rel=\"canonical\" href=\"https:\/\/shop.bazarcia.com\/en\/product\/2-mascaras-infantis-coala-com-acabamento-bordado-tamanhos-pp-p-copia\/\" \/>\n<meta property=\"og:locale\" content=\"en_US\" \/>\n<meta property=\"og:type\" content=\"article\" \/>\n<meta property=\"og:title\" content=\"2 M\u00e1scaras Infantis Coala com Acabamento Bordado Tamanhos P - M - \ud835\udc1b\ud835\udc1a\ud835\udc33\ud835\udc1a\ud835\udc2b &amp; \ud835\udc1c\ud835\udc22\ud835\udc1a\" \/>\n<meta property=\"og:description\" content=\"tamanho M: 17.00 cm largura - 11.00 cm altura tamanho P: 15.00 cm largura - 10.00 cm altura  PCTMSK16-9 PCTMSK9-9  INFORMA\u00c7\u00c3O IMPORTANTE Est\u00e1 m\u00e1scara sair\u00e1 finalizada da m\u00e1quina de bordar somente com esta matriz, inclusive com a fixa\u00e7\u00e3o de el\u00e1sticos e acabamento final, sendo necess\u00e1rio uma costura para finaliza\u00e7\u00e3o dos vincos em V superior e inferior\" \/>\n<meta property=\"og:url\" content=\"https:\/\/shop.bazarcia.com\/en\/product\/2-mascaras-infantis-coala-com-acabamento-bordado-tamanhos-pp-p-copia\/\" \/>\n<meta property=\"og:site_name\" content=\"\ud835\udc1b\ud835\udc1a\ud835\udc33\ud835\udc1a\ud835\udc2b &amp; \ud835\udc1c\ud835\udc22\ud835\udc1a\" \/>\n<meta property=\"article:publisher\" content=\"https:\/\/www.facebook.com\/shopbazarcia\" \/>\n<meta property=\"article:modified_time\" content=\"2021-03-03T23:25:02+00:00\" \/>\n<meta property=\"og:image\" content=\"https:\/\/shop.bazarcia.com\/wp-content\/uploads\/2020\/05\/PCTMSK8-9.jpg\" \/>\n\t<meta property=\"og:image:width\" content=\"400\" \/>\n\t<meta property=\"og:image:height\" content=\"400\" \/>\n\t<meta property=\"og:image:type\" content=\"image\/jpeg\" \/>\n<meta name=\"twitter:card\" content=\"summary_large_image\" \/>\n<meta name=\"twitter:label1\" content=\"Est. reading time\" \/>\n\t<meta name=\"twitter:data1\" content=\"1 minute\" \/>\n<script type=\"application\/ld+json\" class=\"yoast-schema-graph\">{\"@context\":\"https:\/\/schema.org\",\"@graph\":[{\"@type\":\"WebPage\",\"@id\":\"https:\/\/shop.bazarcia.com\/produto\/2-mascaras-infantis-coala-com-acabamento-bordado-tamanhos-pp-p-copia\/\",\"url\":\"https:\/\/shop.bazarcia.com\/produto\/2-mascaras-infantis-coala-com-acabamento-bordado-tamanhos-pp-p-copia\/\",\"name\":\"2 M\u00e1scaras Infantis Coala com Acabamento Bordado Tamanhos P - M - \ud835\udc1b\ud835\udc1a\ud835\udc33\ud835\udc1a\ud835\udc2b &amp; \ud835\udc1c\ud835\udc22\ud835\udc1a\",\"isPartOf\":{\"@id\":\"https:\/\/shop.bazarcia.com\/#website\"},\"primaryImageOfPage\":{\"@id\":\"https:\/\/shop.bazarcia.com\/produto\/2-mascaras-infantis-coala-com-acabamento-bordado-tamanhos-pp-p-copia\/#primaryimage\"},\"image\":{\"@id\":\"https:\/\/shop.bazarcia.com\/produto\/2-mascaras-infantis-coala-com-acabamento-bordado-tamanhos-pp-p-copia\/#primaryimage\"},\"thumbnailUrl\":\"https:\/\/shop.bazarcia.com\/wp-content\/uploads\/2020\/05\/PCTMSK8-9.jpg\",\"datePublished\":\"2020-05-22T19:36:23+00:00\",\"dateModified\":\"2021-03-03T23:25:02+00:00\",\"breadcrumb\":{\"@id\":\"https:\/\/shop.bazarcia.com\/produto\/2-mascaras-infantis-coala-com-acabamento-bordado-tamanhos-pp-p-copia\/#breadcrumb\"},\"inLanguage\":\"en-US\",\"potentialAction\":[{\"@type\":\"ReadAction\",\"target\":[\"https:\/\/shop.bazarcia.com\/produto\/2-mascaras-infantis-coala-com-acabamento-bordado-tamanhos-pp-p-copia\/\"]}]},{\"@type\":\"ImageObject\",\"inLanguage\":\"en-US\",\"@id\":\"https:\/\/shop.bazarcia.com\/produto\/2-mascaras-infantis-coala-com-acabamento-bordado-tamanhos-pp-p-copia\/#primaryimage\",\"url\":\"https:\/\/shop.bazarcia.com\/wp-content\/uploads\/2020\/05\/PCTMSK8-9.jpg\",\"contentUrl\":\"https:\/\/shop.bazarcia.com\/wp-content\/uploads\/2020\/05\/PCTMSK8-9.jpg\",\"width\":400,\"height\":400},{\"@type\":\"BreadcrumbList\",\"@id\":\"https:\/\/shop.bazarcia.com\/produto\/2-mascaras-infantis-coala-com-acabamento-bordado-tamanhos-pp-p-copia\/#breadcrumb\",\"itemListElement\":[{\"@type\":\"ListItem\",\"position\":1,\"name\":\"In\u00edcio\",\"item\":\"https:\/\/shop.bazarcia.com\/\"},{\"@type\":\"ListItem\",\"position\":2,\"name\":\"Loja\",\"item\":\"https:\/\/shop.bazarcia.com\/loja\/\"},{\"@type\":\"ListItem\",\"position\":3,\"name\":\"2 M\u00e1scaras Infantis Coala com Acabamento Bordado Tamanhos P &#8211; M\"}]},{\"@type\":\"WebSite\",\"@id\":\"https:\/\/shop.bazarcia.com\/#website\",\"url\":\"https:\/\/shop.bazarcia.com\/\",\"name\":\"Bazar & Cia\",\"description\":\"criatividade ponto a ponto\",\"publisher\":{\"@id\":\"https:\/\/shop.bazarcia.com\/#organization\"},\"potentialAction\":[{\"@type\":\"SearchAction\",\"target\":{\"@type\":\"EntryPoint\",\"urlTemplate\":\"https:\/\/shop.bazarcia.com\/?s={search_term_string}\"},\"query-input\":{\"@type\":\"PropertyValueSpecification\",\"valueRequired\":true,\"valueName\":\"search_term_string\"}}],\"inLanguage\":\"en-US\"},{\"@type\":\"Organization\",\"@id\":\"https:\/\/shop.bazarcia.com\/#organization\",\"name\":\"Bazar & Cia\",\"url\":\"https:\/\/shop.bazarcia.com\/\",\"logo\":{\"@type\":\"ImageObject\",\"inLanguage\":\"en-US\",\"@id\":\"https:\/\/shop.bazarcia.com\/#\/schema\/logo\/image\/\",\"url\":\"https:\/\/shop.bazarcia.com\/wp-content\/uploads\/2024\/02\/cropped-logo_bazarcia.png\",\"contentUrl\":\"https:\/\/shop.bazarcia.com\/wp-content\/uploads\/2024\/02\/cropped-logo_bazarcia.png\",\"width\":150,\"height\":150,\"caption\":\"Bazar & Cia\"},\"image\":{\"@id\":\"https:\/\/shop.bazarcia.com\/#\/schema\/logo\/image\/\"},\"sameAs\":[\"https:\/\/www.facebook.com\/shopbazarcia\",\"https:\/\/www.instagram.com\/shopbazarcia\",\"https:\/\/br.pinterest.com\/suzane_eloise\/\",\"https:\/\/www.youtube.com\/c\/BazardoBordadoMatrizeseProjetos\"]}]}<\/script>\n<!-- \/ Yoast SEO plugin. -->","yoast_head_json":{"title":"2 M\u00e1scaras Infantis Coala com Acabamento Bordado Tamanhos P - M - \ud835\udc1b\ud835\udc1a\ud835\udc33\ud835\udc1a\ud835\udc2b &amp; \ud835\udc1c\ud835\udc22\ud835\udc1a","robots":{"index":"index","follow":"follow","max-snippet":"max-snippet:-1","max-image-preview":"max-image-preview:large","max-video-preview":"max-video-preview:-1"},"canonical":"https:\/\/shop.bazarcia.com\/en\/product\/2-mascaras-infantis-coala-com-acabamento-bordado-tamanhos-pp-p-copia\/","og_locale":"en_US","og_type":"article","og_title":"2 M\u00e1scaras Infantis Coala com Acabamento Bordado Tamanhos P - M - \ud835\udc1b\ud835\udc1a\ud835\udc33\ud835\udc1a\ud835\udc2b &amp; \ud835\udc1c\ud835\udc22\ud835\udc1a","og_description":"tamanho M: 17.00 cm largura - 11.00 cm altura tamanho P: 15.00 cm largura - 10.00 cm altura  PCTMSK16-9 PCTMSK9-9  INFORMA\u00c7\u00c3O IMPORTANTE Est\u00e1 m\u00e1scara sair\u00e1 finalizada da m\u00e1quina de bordar somente com esta matriz, inclusive com a fixa\u00e7\u00e3o de el\u00e1sticos e acabamento final, sendo necess\u00e1rio uma costura para finaliza\u00e7\u00e3o dos vincos em V superior e inferior","og_url":"https:\/\/shop.bazarcia.com\/en\/product\/2-mascaras-infantis-coala-com-acabamento-bordado-tamanhos-pp-p-copia\/","og_site_name":"\ud835\udc1b\ud835\udc1a\ud835\udc33\ud835\udc1a\ud835\udc2b &amp; \ud835\udc1c\ud835\udc22\ud835\udc1a","article_publisher":"https:\/\/www.facebook.com\/shopbazarcia","article_modified_time":"2021-03-03T23:25:02+00:00","og_image":[{"width":400,"height":400,"url":"https:\/\/shop.bazarcia.com\/wp-content\/uploads\/2020\/05\/PCTMSK8-9.jpg","type":"image\/jpeg"}],"twitter_card":"summary_large_image","twitter_misc":{"Est. reading time":"1 minute"},"schema":{"@context":"https:\/\/schema.org","@graph":[{"@type":"WebPage","@id":"https:\/\/shop.bazarcia.com\/produto\/2-mascaras-infantis-coala-com-acabamento-bordado-tamanhos-pp-p-copia\/","url":"https:\/\/shop.bazarcia.com\/produto\/2-mascaras-infantis-coala-com-acabamento-bordado-tamanhos-pp-p-copia\/","name":"2 M\u00e1scaras Infantis Coala com Acabamento Bordado Tamanhos P - M - \ud835\udc1b\ud835\udc1a\ud835\udc33\ud835\udc1a\ud835\udc2b &amp; \ud835\udc1c\ud835\udc22\ud835\udc1a","isPartOf":{"@id":"https:\/\/shop.bazarcia.com\/#website"},"primaryImageOfPage":{"@id":"https:\/\/shop.bazarcia.com\/produto\/2-mascaras-infantis-coala-com-acabamento-bordado-tamanhos-pp-p-copia\/#primaryimage"},"image":{"@id":"https:\/\/shop.bazarcia.com\/produto\/2-mascaras-infantis-coala-com-acabamento-bordado-tamanhos-pp-p-copia\/#primaryimage"},"thumbnailUrl":"https:\/\/shop.bazarcia.com\/wp-content\/uploads\/2020\/05\/PCTMSK8-9.jpg","datePublished":"2020-05-22T19:36:23+00:00","dateModified":"2021-03-03T23:25:02+00:00","breadcrumb":{"@id":"https:\/\/shop.bazarcia.com\/produto\/2-mascaras-infantis-coala-com-acabamento-bordado-tamanhos-pp-p-copia\/#breadcrumb"},"inLanguage":"en-US","potentialAction":[{"@type":"ReadAction","target":["https:\/\/shop.bazarcia.com\/produto\/2-mascaras-infantis-coala-com-acabamento-bordado-tamanhos-pp-p-copia\/"]}]},{"@type":"ImageObject","inLanguage":"en-US","@id":"https:\/\/shop.bazarcia.com\/produto\/2-mascaras-infantis-coala-com-acabamento-bordado-tamanhos-pp-p-copia\/#primaryimage","url":"https:\/\/shop.bazarcia.com\/wp-content\/uploads\/2020\/05\/PCTMSK8-9.jpg","contentUrl":"https:\/\/shop.bazarcia.com\/wp-content\/uploads\/2020\/05\/PCTMSK8-9.jpg","width":400,"height":400},{"@type":"BreadcrumbList","@id":"https:\/\/shop.bazarcia.com\/produto\/2-mascaras-infantis-coala-com-acabamento-bordado-tamanhos-pp-p-copia\/#breadcrumb","itemListElement":[{"@type":"ListItem","position":1,"name":"In\u00edcio","item":"https:\/\/shop.bazarcia.com\/"},{"@type":"ListItem","position":2,"name":"Loja","item":"https:\/\/shop.bazarcia.com\/loja\/"},{"@type":"ListItem","position":3,"name":"2 M\u00e1scaras Infantis Coala com Acabamento Bordado Tamanhos P &#8211; M"}]},{"@type":"WebSite","@id":"https:\/\/shop.bazarcia.com\/#website","url":"https:\/\/shop.bazarcia.com\/","name":"Bazar & Cia","description":"criatividade ponto a ponto","publisher":{"@id":"https:\/\/shop.bazarcia.com\/#organization"},"potentialAction":[{"@type":"SearchAction","target":{"@type":"EntryPoint","urlTemplate":"https:\/\/shop.bazarcia.com\/?s={search_term_string}"},"query-input":{"@type":"PropertyValueSpecification","valueRequired":true,"valueName":"search_term_string"}}],"inLanguage":"en-US"},{"@type":"Organization","@id":"https:\/\/shop.bazarcia.com\/#organization","name":"Bazar & Cia","url":"https:\/\/shop.bazarcia.com\/","logo":{"@type":"ImageObject","inLanguage":"en-US","@id":"https:\/\/shop.bazarcia.com\/#\/schema\/logo\/image\/","url":"https:\/\/shop.bazarcia.com\/wp-content\/uploads\/2024\/02\/cropped-logo_bazarcia.png","contentUrl":"https:\/\/shop.bazarcia.com\/wp-content\/uploads\/2024\/02\/cropped-logo_bazarcia.png","width":150,"height":150,"caption":"Bazar & Cia"},"image":{"@id":"https:\/\/shop.bazarcia.com\/#\/schema\/logo\/image\/"},"sameAs":["https:\/\/www.facebook.com\/shopbazarcia","https:\/\/www.instagram.com\/shopbazarcia","https:\/\/br.pinterest.com\/suzane_eloise\/","https:\/\/www.youtube.com\/c\/BazardoBordadoMatrizeseProjetos"]}]}},"_links":{"self":[{"href":"https:\/\/shop.bazarcia.com\/en\/wp-json\/wp\/v2\/product\/28643","targetHints":{"allow":["GET"]}}],"collection":[{"href":"https:\/\/shop.bazarcia.com\/en\/wp-json\/wp\/v2\/product"}],"about":[{"href":"https:\/\/shop.bazarcia.com\/en\/wp-json\/wp\/v2\/types\/product"}],"replies":[{"embeddable":true,"href":"https:\/\/shop.bazarcia.com\/en\/wp-json\/wp\/v2\/comments?post=28643"}],"version-history":[{"count":0,"href":"https:\/\/shop.bazarcia.com\/en\/wp-json\/wp\/v2\/product\/28643\/revisions"}],"wp:featuredmedia":[{"embeddable":true,"href":"https:\/\/shop.bazarcia.com\/en\/wp-json\/wp\/v2\/media\/26005"}],"wp:attachment":[{"href":"https:\/\/shop.bazarcia.com\/en\/wp-json\/wp\/v2\/media?parent=28643"}],"wp:term":[{"taxonomy":"product_brand","embeddable":true,"href":"https:\/\/shop.bazarcia.com\/en\/wp-json\/wp\/v2\/product_brand?post=28643"},{"taxonomy":"product_cat","embeddable":true,"href":"https:\/\/shop.bazarcia.com\/en\/wp-json\/wp\/v2\/product_cat?post=28643"},{"taxonomy":"product_tag","embeddable":true,"href":"https:\/\/shop.bazarcia.com\/en\/wp-json\/wp\/v2\/product_tag?post=28643"}],"curies":[{"name":"wp","href":"https:\/\/api.w.org\/{rel}","templated":true}]}}