{"id":286831,"date":"2024-08-12T22:32:52","date_gmt":"2024-08-13T01:32:52","guid":{"rendered":"https:\/\/shop.bazarcia.com\/produto\/elefantinho-formas-geometricas\/"},"modified":"2025-07-02T10:59:12","modified_gmt":"2025-07-02T13:59:12","slug":"elefantinho-formas-geometricas","status":"publish","type":"product","link":"https:\/\/shop.bazarcia.com\/en\/product\/elefantinho-formas-geometricas\/","title":{"rendered":"ELEFANTINHO FORMAS GEOM\u00c9TRICAS"},"content":{"rendered":"<p>ELEFANTINHO FORMAS GEOM\u00c9TRICAS<\/p>\n<p>&nbsp;<\/p>\n<p>T\u00e9cnica Aplique<\/p>\n<p>N\u00e3o cont\u00e9m passo a passo.<\/p>\n<p>&nbsp;<\/p>\n<p>Durante o processo da educa\u00e7\u00e3o infantil, os brinquedos de empilhar e encaixar s\u00e3o \u00fateis para melhorar a motricidade fina, a coordena\u00e7\u00e3o motora e muitas outras habilidades afins. Esses jogos possibilitam que os pequenos adquiram mais destreza com as m\u00e3os e, com isso, desenvolvam no\u00e7\u00f5es espaciais.<\/p>\n<p>&nbsp;<\/p>\n<p>Tamanhos: 13&#215;18, 14&#215;20, 16&#215;26, 20&#215;28.<\/p>\n<p>&nbsp;<\/p>\n<p>ATEN\u00c7\u00c3O:<\/p>\n<p>&#8211; Este \u00e9 um produto digital.<\/p>\n<p>Dispon\u00edvel para download ap\u00f3s pagamento, na \u00e1rea de meus pedidos.<\/p>\n<p>Os arquivos est\u00e3o em pasta compactada (ZIP), sendo necess\u00e1rio descompact\u00e1-la.<\/p>\n<p>Os mesmos s\u00e3o compat\u00edveis com v\u00e1rios tipos e modelos de m\u00e1quinas, com os seguintes formatos:<\/p>\n<p>DST\u00a0 \u2013 JEF \u2013 PES \u2013 XXX<\/p>\n<p>Arquivo em zip, necess\u00e1rio descompactar.<\/p>","protected":false},"excerpt":{"rendered":"<p>ELEFANTINHO FORMAS GEOM\u00c9TRICAS<\/p>\n<p>T\u00e9cnica Aplique<br \/>\nN\u00e3o cont\u00e9m passo a passo.<\/p>\n<p>Durante o processo da educa\u00e7\u00e3o infantil, os brinquedos de empilhar e encaixar s\u00e3o \u00fateis para melhorar a motricidade fina, a coordena\u00e7\u00e3o motora e muitas outras habilidades afins. Esses jogos possibilitam que os pequenos adquiram mais destreza com as m\u00e3os e, com isso, desenvolvam no\u00e7\u00f5es espaciais.<\/p>\n<p>Tamanhos: 13&#215;18, 14&#215;20, 16&#215;26, 20&#215;28.<\/p>\n<p>ATEN\u00c7\u00c3O:<br \/>\n&#8211; Este \u00e9 um produto digital.<br \/>\nDispon\u00edvel para download ap\u00f3s pagamento, na \u00e1rea de meus pedidos.<br \/>\nOs arquivos est\u00e3o em pasta compactada (ZIP), sendo necess\u00e1rio descompact\u00e1-la.<br \/>\nOs mesmos s\u00e3o compat\u00edveis com v\u00e1rios tipos e modelos de m\u00e1quinas, com os seguintes formatos:<br \/>\nDST \u2013 JEF \u2013 PES \u2013 XXX<br \/>\nArquivo em zip, necess\u00e1rio descompactar.<\/p>","protected":false},"featured_media":286830,"comment_status":"open","ping_status":"closed","template":"","meta":{"_acf_changed":false,"_joinchat":[]},"product_brand":[],"product_cat":[84,122,187,1208,98,170],"product_tag":[1430],"class_list":{"0":"post-286831","1":"product","2":"type-product","3":"status-publish","4":"has-post-thumbnail","6":"product_cat-matrizes-de-bordado","7":"product_cat-matrizes-de-bordado-animais","8":"product_cat-elefantinhos","9":"product_cat-cute-kawaii","10":"product_cat-projetos-na-bordadeira-in-the-hoop-embroidery","11":"product_cat-projeto-bonecas-na-bordadeira","12":"product_tag-matriz-de-bordado","14":"first","15":"instock","16":"sale","17":"downloadable","18":"virtual","19":"purchasable","20":"product-type-simple"},"acf":[],"yoast_head":"<!-- This site is optimized with the Yoast SEO plugin v27.2 - https:\/\/yoast.com\/product\/yoast-seo-wordpress\/ -->\n<title>ELEFANTINHO FORMAS GEOM\u00c9TRICAS - \ud835\udc1b\ud835\udc1a\ud835\udc33\ud835\udc1a\ud835\udc2b &amp; \ud835\udc1c\ud835\udc22\ud835\udc1a<\/title>\n<meta name=\"robots\" content=\"index, follow, max-snippet:-1, max-image-preview:large, max-video-preview:-1\" \/>\n<link rel=\"canonical\" href=\"https:\/\/shop.bazarcia.com\/en\/product\/elefantinho-formas-geometricas\/\" \/>\n<meta property=\"og:locale\" content=\"en_US\" \/>\n<meta property=\"og:type\" content=\"article\" \/>\n<meta property=\"og:title\" content=\"ELEFANTINHO FORMAS GEOM\u00c9TRICAS - \ud835\udc1b\ud835\udc1a\ud835\udc33\ud835\udc1a\ud835\udc2b &amp; \ud835\udc1c\ud835\udc22\ud835\udc1a\" \/>\n<meta property=\"og:description\" content=\"ELEFANTINHO FORMAS GEOM\u00c9TRICAS  T\u00e9cnica Aplique N\u00e3o cont\u00e9m passo a passo.  Durante o processo da educa\u00e7\u00e3o infantil, os brinquedos de empilhar e encaixar s\u00e3o \u00fateis para melhorar a motricidade fina, a coordena\u00e7\u00e3o motora e muitas outras habilidades afins. Esses jogos possibilitam que os pequenos adquiram mais destreza com as m\u00e3os e, com isso, desenvolvam no\u00e7\u00f5es espaciais.  Tamanhos: 13x18, 14x20, 16x26, 20x28.  ATEN\u00c7\u00c3O: - Este \u00e9 um produto digital. Dispon\u00edvel para download ap\u00f3s pagamento, na \u00e1rea de meus pedidos. Os arquivos est\u00e3o em pasta compactada (ZIP), sendo necess\u00e1rio descompact\u00e1-la. Os mesmos s\u00e3o compat\u00edveis com v\u00e1rios tipos e modelos de m\u00e1quinas, com os seguintes formatos: DST \u2013 JEF \u2013 PES \u2013 XXX Arquivo em zip, necess\u00e1rio descompactar.\" \/>\n<meta property=\"og:url\" content=\"https:\/\/shop.bazarcia.com\/en\/product\/elefantinho-formas-geometricas\/\" \/>\n<meta property=\"og:site_name\" content=\"\ud835\udc1b\ud835\udc1a\ud835\udc33\ud835\udc1a\ud835\udc2b &amp; \ud835\udc1c\ud835\udc22\ud835\udc1a\" \/>\n<meta property=\"article:publisher\" content=\"https:\/\/www.facebook.com\/shopbazarcia\" \/>\n<meta property=\"article:modified_time\" content=\"2025-07-02T13:59:12+00:00\" \/>\n<meta property=\"og:image\" content=\"https:\/\/shop.bazarcia.com\/wp-content\/uploads\/2024\/08\/Logo-artesanato-feito-com-amor-delicado-rosa.png\" \/>\n\t<meta property=\"og:image:width\" content=\"500\" \/>\n\t<meta property=\"og:image:height\" content=\"500\" \/>\n\t<meta property=\"og:image:type\" content=\"image\/png\" \/>\n<meta name=\"twitter:card\" content=\"summary_large_image\" \/>\n<meta name=\"twitter:label1\" content=\"Est. reading time\" \/>\n\t<meta name=\"twitter:data1\" content=\"1 minute\" \/>\n<script type=\"application\/ld+json\" class=\"yoast-schema-graph\">{\"@context\":\"https:\/\/schema.org\",\"@graph\":[{\"@type\":\"WebPage\",\"@id\":\"https:\/\/shop.bazarcia.com\/produto\/elefantinho-formas-geometricas\/\",\"url\":\"https:\/\/shop.bazarcia.com\/produto\/elefantinho-formas-geometricas\/\",\"name\":\"ELEFANTINHO FORMAS GEOM\u00c9TRICAS - \ud835\udc1b\ud835\udc1a\ud835\udc33\ud835\udc1a\ud835\udc2b &amp; \ud835\udc1c\ud835\udc22\ud835\udc1a\",\"isPartOf\":{\"@id\":\"https:\/\/shop.bazarcia.com\/#website\"},\"primaryImageOfPage\":{\"@id\":\"https:\/\/shop.bazarcia.com\/produto\/elefantinho-formas-geometricas\/#primaryimage\"},\"image\":{\"@id\":\"https:\/\/shop.bazarcia.com\/produto\/elefantinho-formas-geometricas\/#primaryimage\"},\"thumbnailUrl\":\"https:\/\/shop.bazarcia.com\/wp-content\/uploads\/2024\/08\/Logo-artesanato-feito-com-amor-delicado-rosa.png\",\"datePublished\":\"2024-08-13T01:32:52+00:00\",\"dateModified\":\"2025-07-02T13:59:12+00:00\",\"breadcrumb\":{\"@id\":\"https:\/\/shop.bazarcia.com\/produto\/elefantinho-formas-geometricas\/#breadcrumb\"},\"inLanguage\":\"en-US\",\"potentialAction\":[{\"@type\":\"ReadAction\",\"target\":[\"https:\/\/shop.bazarcia.com\/produto\/elefantinho-formas-geometricas\/\"]}]},{\"@type\":\"ImageObject\",\"inLanguage\":\"en-US\",\"@id\":\"https:\/\/shop.bazarcia.com\/produto\/elefantinho-formas-geometricas\/#primaryimage\",\"url\":\"https:\/\/shop.bazarcia.com\/wp-content\/uploads\/2024\/08\/Logo-artesanato-feito-com-amor-delicado-rosa.png\",\"contentUrl\":\"https:\/\/shop.bazarcia.com\/wp-content\/uploads\/2024\/08\/Logo-artesanato-feito-com-amor-delicado-rosa.png\",\"width\":500,\"height\":500},{\"@type\":\"BreadcrumbList\",\"@id\":\"https:\/\/shop.bazarcia.com\/produto\/elefantinho-formas-geometricas\/#breadcrumb\",\"itemListElement\":[{\"@type\":\"ListItem\",\"position\":1,\"name\":\"In\u00edcio\",\"item\":\"https:\/\/shop.bazarcia.com\/\"},{\"@type\":\"ListItem\",\"position\":2,\"name\":\"Loja\",\"item\":\"https:\/\/shop.bazarcia.com\/loja\/\"},{\"@type\":\"ListItem\",\"position\":3,\"name\":\"ELEFANTINHO FORMAS GEOM\u00c9TRICAS\"}]},{\"@type\":\"WebSite\",\"@id\":\"https:\/\/shop.bazarcia.com\/#website\",\"url\":\"https:\/\/shop.bazarcia.com\/\",\"name\":\"Bazar & Cia\",\"description\":\"criatividade ponto a ponto\",\"publisher\":{\"@id\":\"https:\/\/shop.bazarcia.com\/#organization\"},\"potentialAction\":[{\"@type\":\"SearchAction\",\"target\":{\"@type\":\"EntryPoint\",\"urlTemplate\":\"https:\/\/shop.bazarcia.com\/?s={search_term_string}\"},\"query-input\":{\"@type\":\"PropertyValueSpecification\",\"valueRequired\":true,\"valueName\":\"search_term_string\"}}],\"inLanguage\":\"en-US\"},{\"@type\":\"Organization\",\"@id\":\"https:\/\/shop.bazarcia.com\/#organization\",\"name\":\"Bazar & Cia\",\"url\":\"https:\/\/shop.bazarcia.com\/\",\"logo\":{\"@type\":\"ImageObject\",\"inLanguage\":\"en-US\",\"@id\":\"https:\/\/shop.bazarcia.com\/#\/schema\/logo\/image\/\",\"url\":\"https:\/\/shop.bazarcia.com\/wp-content\/uploads\/2024\/02\/cropped-logo_bazarcia.png\",\"contentUrl\":\"https:\/\/shop.bazarcia.com\/wp-content\/uploads\/2024\/02\/cropped-logo_bazarcia.png\",\"width\":150,\"height\":150,\"caption\":\"Bazar & Cia\"},\"image\":{\"@id\":\"https:\/\/shop.bazarcia.com\/#\/schema\/logo\/image\/\"},\"sameAs\":[\"https:\/\/www.facebook.com\/shopbazarcia\",\"https:\/\/www.instagram.com\/shopbazarcia\",\"https:\/\/br.pinterest.com\/suzane_eloise\/\",\"https:\/\/www.youtube.com\/c\/BazardoBordadoMatrizeseProjetos\"]}]}<\/script>\n<!-- \/ Yoast SEO plugin. -->","yoast_head_json":{"title":"ELEFANTINHO FORMAS GEOM\u00c9TRICAS - \ud835\udc1b\ud835\udc1a\ud835\udc33\ud835\udc1a\ud835\udc2b &amp; \ud835\udc1c\ud835\udc22\ud835\udc1a","robots":{"index":"index","follow":"follow","max-snippet":"max-snippet:-1","max-image-preview":"max-image-preview:large","max-video-preview":"max-video-preview:-1"},"canonical":"https:\/\/shop.bazarcia.com\/en\/product\/elefantinho-formas-geometricas\/","og_locale":"en_US","og_type":"article","og_title":"ELEFANTINHO FORMAS GEOM\u00c9TRICAS - \ud835\udc1b\ud835\udc1a\ud835\udc33\ud835\udc1a\ud835\udc2b &amp; \ud835\udc1c\ud835\udc22\ud835\udc1a","og_description":"ELEFANTINHO FORMAS GEOM\u00c9TRICAS  T\u00e9cnica Aplique N\u00e3o cont\u00e9m passo a passo.  Durante o processo da educa\u00e7\u00e3o infantil, os brinquedos de empilhar e encaixar s\u00e3o \u00fateis para melhorar a motricidade fina, a coordena\u00e7\u00e3o motora e muitas outras habilidades afins. Esses jogos possibilitam que os pequenos adquiram mais destreza com as m\u00e3os e, com isso, desenvolvam no\u00e7\u00f5es espaciais.  Tamanhos: 13x18, 14x20, 16x26, 20x28.  ATEN\u00c7\u00c3O: - Este \u00e9 um produto digital. Dispon\u00edvel para download ap\u00f3s pagamento, na \u00e1rea de meus pedidos. Os arquivos est\u00e3o em pasta compactada (ZIP), sendo necess\u00e1rio descompact\u00e1-la. Os mesmos s\u00e3o compat\u00edveis com v\u00e1rios tipos e modelos de m\u00e1quinas, com os seguintes formatos: DST \u2013 JEF \u2013 PES \u2013 XXX Arquivo em zip, necess\u00e1rio descompactar.","og_url":"https:\/\/shop.bazarcia.com\/en\/product\/elefantinho-formas-geometricas\/","og_site_name":"\ud835\udc1b\ud835\udc1a\ud835\udc33\ud835\udc1a\ud835\udc2b &amp; \ud835\udc1c\ud835\udc22\ud835\udc1a","article_publisher":"https:\/\/www.facebook.com\/shopbazarcia","article_modified_time":"2025-07-02T13:59:12+00:00","og_image":[{"width":500,"height":500,"url":"https:\/\/shop.bazarcia.com\/wp-content\/uploads\/2024\/08\/Logo-artesanato-feito-com-amor-delicado-rosa.png","type":"image\/png"}],"twitter_card":"summary_large_image","twitter_misc":{"Est. reading time":"1 minute"},"schema":{"@context":"https:\/\/schema.org","@graph":[{"@type":"WebPage","@id":"https:\/\/shop.bazarcia.com\/produto\/elefantinho-formas-geometricas\/","url":"https:\/\/shop.bazarcia.com\/produto\/elefantinho-formas-geometricas\/","name":"ELEFANTINHO FORMAS GEOM\u00c9TRICAS - \ud835\udc1b\ud835\udc1a\ud835\udc33\ud835\udc1a\ud835\udc2b &amp; \ud835\udc1c\ud835\udc22\ud835\udc1a","isPartOf":{"@id":"https:\/\/shop.bazarcia.com\/#website"},"primaryImageOfPage":{"@id":"https:\/\/shop.bazarcia.com\/produto\/elefantinho-formas-geometricas\/#primaryimage"},"image":{"@id":"https:\/\/shop.bazarcia.com\/produto\/elefantinho-formas-geometricas\/#primaryimage"},"thumbnailUrl":"https:\/\/shop.bazarcia.com\/wp-content\/uploads\/2024\/08\/Logo-artesanato-feito-com-amor-delicado-rosa.png","datePublished":"2024-08-13T01:32:52+00:00","dateModified":"2025-07-02T13:59:12+00:00","breadcrumb":{"@id":"https:\/\/shop.bazarcia.com\/produto\/elefantinho-formas-geometricas\/#breadcrumb"},"inLanguage":"en-US","potentialAction":[{"@type":"ReadAction","target":["https:\/\/shop.bazarcia.com\/produto\/elefantinho-formas-geometricas\/"]}]},{"@type":"ImageObject","inLanguage":"en-US","@id":"https:\/\/shop.bazarcia.com\/produto\/elefantinho-formas-geometricas\/#primaryimage","url":"https:\/\/shop.bazarcia.com\/wp-content\/uploads\/2024\/08\/Logo-artesanato-feito-com-amor-delicado-rosa.png","contentUrl":"https:\/\/shop.bazarcia.com\/wp-content\/uploads\/2024\/08\/Logo-artesanato-feito-com-amor-delicado-rosa.png","width":500,"height":500},{"@type":"BreadcrumbList","@id":"https:\/\/shop.bazarcia.com\/produto\/elefantinho-formas-geometricas\/#breadcrumb","itemListElement":[{"@type":"ListItem","position":1,"name":"In\u00edcio","item":"https:\/\/shop.bazarcia.com\/"},{"@type":"ListItem","position":2,"name":"Loja","item":"https:\/\/shop.bazarcia.com\/loja\/"},{"@type":"ListItem","position":3,"name":"ELEFANTINHO FORMAS GEOM\u00c9TRICAS"}]},{"@type":"WebSite","@id":"https:\/\/shop.bazarcia.com\/#website","url":"https:\/\/shop.bazarcia.com\/","name":"Bazar & Cia","description":"criatividade ponto a ponto","publisher":{"@id":"https:\/\/shop.bazarcia.com\/#organization"},"potentialAction":[{"@type":"SearchAction","target":{"@type":"EntryPoint","urlTemplate":"https:\/\/shop.bazarcia.com\/?s={search_term_string}"},"query-input":{"@type":"PropertyValueSpecification","valueRequired":true,"valueName":"search_term_string"}}],"inLanguage":"en-US"},{"@type":"Organization","@id":"https:\/\/shop.bazarcia.com\/#organization","name":"Bazar & Cia","url":"https:\/\/shop.bazarcia.com\/","logo":{"@type":"ImageObject","inLanguage":"en-US","@id":"https:\/\/shop.bazarcia.com\/#\/schema\/logo\/image\/","url":"https:\/\/shop.bazarcia.com\/wp-content\/uploads\/2024\/02\/cropped-logo_bazarcia.png","contentUrl":"https:\/\/shop.bazarcia.com\/wp-content\/uploads\/2024\/02\/cropped-logo_bazarcia.png","width":150,"height":150,"caption":"Bazar & Cia"},"image":{"@id":"https:\/\/shop.bazarcia.com\/#\/schema\/logo\/image\/"},"sameAs":["https:\/\/www.facebook.com\/shopbazarcia","https:\/\/www.instagram.com\/shopbazarcia","https:\/\/br.pinterest.com\/suzane_eloise\/","https:\/\/www.youtube.com\/c\/BazardoBordadoMatrizeseProjetos"]}]}},"_links":{"self":[{"href":"https:\/\/shop.bazarcia.com\/en\/wp-json\/wp\/v2\/product\/286831","targetHints":{"allow":["GET"]}}],"collection":[{"href":"https:\/\/shop.bazarcia.com\/en\/wp-json\/wp\/v2\/product"}],"about":[{"href":"https:\/\/shop.bazarcia.com\/en\/wp-json\/wp\/v2\/types\/product"}],"replies":[{"embeddable":true,"href":"https:\/\/shop.bazarcia.com\/en\/wp-json\/wp\/v2\/comments?post=286831"}],"version-history":[{"count":1,"href":"https:\/\/shop.bazarcia.com\/en\/wp-json\/wp\/v2\/product\/286831\/revisions"}],"predecessor-version":[{"id":286833,"href":"https:\/\/shop.bazarcia.com\/en\/wp-json\/wp\/v2\/product\/286831\/revisions\/286833"}],"wp:featuredmedia":[{"embeddable":true,"href":"https:\/\/shop.bazarcia.com\/en\/wp-json\/wp\/v2\/media\/286830"}],"wp:attachment":[{"href":"https:\/\/shop.bazarcia.com\/en\/wp-json\/wp\/v2\/media?parent=286831"}],"wp:term":[{"taxonomy":"product_brand","embeddable":true,"href":"https:\/\/shop.bazarcia.com\/en\/wp-json\/wp\/v2\/product_brand?post=286831"},{"taxonomy":"product_cat","embeddable":true,"href":"https:\/\/shop.bazarcia.com\/en\/wp-json\/wp\/v2\/product_cat?post=286831"},{"taxonomy":"product_tag","embeddable":true,"href":"https:\/\/shop.bazarcia.com\/en\/wp-json\/wp\/v2\/product_tag?post=286831"}],"curies":[{"name":"wp","href":"https:\/\/api.w.org\/{rel}","templated":true}]}}