{"id":289084,"date":"2024-08-31T21:35:24","date_gmt":"2024-09-01T00:35:24","guid":{"rendered":"https:\/\/shop.bazarcia.com\/produto\/ursinha-com-morango\/"},"modified":"2024-10-08T17:28:30","modified_gmt":"2024-10-08T20:28:30","slug":"ursinha-com-morango","status":"publish","type":"product","link":"https:\/\/shop.bazarcia.com\/en\/product\/ursinha-com-morango\/","title":{"rendered":"Ursinha com morango"},"content":{"rendered":"<p>Matrizes de bordado em PONTOS LEVES, tema FEMININO BABY, ursinhas com morangos. Ideal para bordar em pe\u00e7as de ENXOVAL de BEB\u00ca, ECOBAG e pe\u00e7as de cozinha &#8230;<\/p>\n<p>Tamanhos 12cm, 13&#215;18, 16X26 e 20X30cm.<\/p>\n<p>Para a barrinha, bordar a primeira linha somente na entretela, ela \u00e9 a guia para posicionar o tecido por flutua\u00e7\u00e3o e tamb\u00e9m para casar com a pr\u00f3xima parte da execu\u00e7\u00e3o.<\/p>\n<p>Tamanhos BARRINHAS 15 e 30CM. Podem ser bordadas direto na pe\u00e7a ou para fazer e reservar, tudo emendadas, para aplica\u00e7\u00e3o posterior.<\/p>\n<p>Formatos dos arquivos: PES e JEF.<\/p>\n<p>Execu\u00e7\u00e3o pela artes\u00e3 Cl\u00e1udia Battisti (claudiabattisti.atelie).<\/p>\n<p class=\"MsoNormal\" style=\"line-height: normal\"><span style=\"font-size: 12.0pt;font-family: 'Georgia',serif;color: #333333\">A libera\u00e7\u00e3o das matrizes para DOWNLOAD ocorre logo ap\u00f3s a confirma\u00e7\u00e3o do pagamento, basta acessar DOWNLOADS na \u00e1rea do cliente neste site.<\/span><\/p>\n<p class=\"MsoNormal\" style=\"line-height: normal\"><span style=\"font-size: 12.0pt;font-family: 'Georgia',serif;color: #333333\">Trata-se de um produto virtual, matriz de bordado em pontos leves, cheio e ponto contorno.<\/span><\/p>","protected":false},"excerpt":{"rendered":"<p>Matrizes de bordado em PONTOS LEVES, tema FEMININO BABY, ursinhas com morangos. Ideal para bordar em pe\u00e7as de ENXOVAL de BEB\u00ca, ECOBAG e pe\u00e7as de cozinha &#8230;<br \/>\nTamanhos 12cm, 13&#215;18, 16X26 e 20X30cm.<br \/>\nPara a barrinha, bordar a primeira linha somente na entretela, ela \u00e9 a guia para posicionar o tecido por flutua\u00e7\u00e3o e tamb\u00e9m para casar com a pr\u00f3xima parte da execu\u00e7\u00e3o.<br \/>\nTamanhos BARRINHAS 15 e 30CM. Podem ser bordadas direto na pe\u00e7a ou para fazer e reservar, tudo emendadas, para aplica\u00e7\u00e3o posterior.<br \/>\nFormatos dos arquivos: PES e JEF.<br \/>\nExecu\u00e7\u00e3o pela artes\u00e3 Cl\u00e1udia Battisti (claudiabattisti.atelie).<\/p>","protected":false},"featured_media":289082,"comment_status":"open","ping_status":"closed","template":"","meta":{"_acf_changed":false,"_joinchat":[]},"product_brand":[],"product_cat":[84,122,123],"product_tag":[],"class_list":{"0":"post-289084","1":"product","2":"type-product","3":"status-publish","4":"has-post-thumbnail","6":"product_cat-matrizes-de-bordado","7":"product_cat-matrizes-de-bordado-animais","8":"product_cat-ursinhos","10":"first","11":"instock","12":"downloadable","13":"virtual","14":"purchasable","15":"product-type-simple"},"acf":[],"yoast_head":"<!-- This site is optimized with the Yoast SEO plugin v27.2 - https:\/\/yoast.com\/product\/yoast-seo-wordpress\/ -->\n<title>Ursinha com morango - \ud835\udc1b\ud835\udc1a\ud835\udc33\ud835\udc1a\ud835\udc2b &amp; \ud835\udc1c\ud835\udc22\ud835\udc1a<\/title>\n<meta name=\"robots\" content=\"index, follow, max-snippet:-1, max-image-preview:large, max-video-preview:-1\" \/>\n<link rel=\"canonical\" href=\"https:\/\/shop.bazarcia.com\/en\/product\/ursinha-com-morango\/\" \/>\n<meta property=\"og:locale\" content=\"en_US\" \/>\n<meta property=\"og:type\" content=\"article\" \/>\n<meta property=\"og:title\" content=\"Ursinha com morango - \ud835\udc1b\ud835\udc1a\ud835\udc33\ud835\udc1a\ud835\udc2b &amp; \ud835\udc1c\ud835\udc22\ud835\udc1a\" \/>\n<meta property=\"og:description\" content=\"Matrizes de bordado em PONTOS LEVES, tema FEMININO BABY, ursinhas com morangos. Ideal para bordar em pe\u00e7as de ENXOVAL de BEB\u00ca, ECOBAG e pe\u00e7as de cozinha ... Tamanhos 12cm, 13x18, 16X26 e 20X30cm. Para a barrinha, bordar a primeira linha somente na entretela, ela \u00e9 a guia para posicionar o tecido por flutua\u00e7\u00e3o e tamb\u00e9m para casar com a pr\u00f3xima parte da execu\u00e7\u00e3o. Tamanhos BARRINHAS 15 e 30CM. Podem ser bordadas direto na pe\u00e7a ou para fazer e reservar, tudo emendadas, para aplica\u00e7\u00e3o posterior. Formatos dos arquivos: PES e JEF. Execu\u00e7\u00e3o pela artes\u00e3 Cl\u00e1udia Battisti (claudiabattisti.atelie).\" \/>\n<meta property=\"og:url\" content=\"https:\/\/shop.bazarcia.com\/en\/product\/ursinha-com-morango\/\" \/>\n<meta property=\"og:site_name\" content=\"\ud835\udc1b\ud835\udc1a\ud835\udc33\ud835\udc1a\ud835\udc2b &amp; \ud835\udc1c\ud835\udc22\ud835\udc1a\" \/>\n<meta property=\"article:publisher\" content=\"https:\/\/www.facebook.com\/shopbazarcia\" \/>\n<meta property=\"article:modified_time\" content=\"2024-10-08T20:28:30+00:00\" \/>\n<meta property=\"og:image\" content=\"https:\/\/shop.bazarcia.com\/wp-content\/uploads\/2024\/08\/ursinha-com-morango-5-1.jpg\" \/>\n\t<meta property=\"og:image:width\" content=\"1080\" \/>\n\t<meta property=\"og:image:height\" content=\"1080\" \/>\n\t<meta property=\"og:image:type\" content=\"image\/jpeg\" \/>\n<meta name=\"twitter:card\" content=\"summary_large_image\" \/>\n<meta name=\"twitter:label1\" content=\"Est. reading time\" \/>\n\t<meta name=\"twitter:data1\" content=\"1 minute\" \/>\n<script type=\"application\/ld+json\" class=\"yoast-schema-graph\">{\"@context\":\"https:\/\/schema.org\",\"@graph\":[{\"@type\":\"WebPage\",\"@id\":\"https:\/\/shop.bazarcia.com\/produto\/ursinha-com-morango\/\",\"url\":\"https:\/\/shop.bazarcia.com\/produto\/ursinha-com-morango\/\",\"name\":\"Ursinha com morango - \ud835\udc1b\ud835\udc1a\ud835\udc33\ud835\udc1a\ud835\udc2b &amp; \ud835\udc1c\ud835\udc22\ud835\udc1a\",\"isPartOf\":{\"@id\":\"https:\/\/shop.bazarcia.com\/#website\"},\"primaryImageOfPage\":{\"@id\":\"https:\/\/shop.bazarcia.com\/produto\/ursinha-com-morango\/#primaryimage\"},\"image\":{\"@id\":\"https:\/\/shop.bazarcia.com\/produto\/ursinha-com-morango\/#primaryimage\"},\"thumbnailUrl\":\"https:\/\/shop.bazarcia.com\/wp-content\/uploads\/2024\/08\/ursinha-com-morango-5-1.jpg\",\"datePublished\":\"2024-09-01T00:35:24+00:00\",\"dateModified\":\"2024-10-08T20:28:30+00:00\",\"breadcrumb\":{\"@id\":\"https:\/\/shop.bazarcia.com\/produto\/ursinha-com-morango\/#breadcrumb\"},\"inLanguage\":\"en-US\",\"potentialAction\":[{\"@type\":\"ReadAction\",\"target\":[\"https:\/\/shop.bazarcia.com\/produto\/ursinha-com-morango\/\"]}]},{\"@type\":\"ImageObject\",\"inLanguage\":\"en-US\",\"@id\":\"https:\/\/shop.bazarcia.com\/produto\/ursinha-com-morango\/#primaryimage\",\"url\":\"https:\/\/shop.bazarcia.com\/wp-content\/uploads\/2024\/08\/ursinha-com-morango-5-1.jpg\",\"contentUrl\":\"https:\/\/shop.bazarcia.com\/wp-content\/uploads\/2024\/08\/ursinha-com-morango-5-1.jpg\",\"width\":1080,\"height\":1080},{\"@type\":\"BreadcrumbList\",\"@id\":\"https:\/\/shop.bazarcia.com\/produto\/ursinha-com-morango\/#breadcrumb\",\"itemListElement\":[{\"@type\":\"ListItem\",\"position\":1,\"name\":\"In\u00edcio\",\"item\":\"https:\/\/shop.bazarcia.com\/\"},{\"@type\":\"ListItem\",\"position\":2,\"name\":\"Loja\",\"item\":\"https:\/\/shop.bazarcia.com\/loja\/\"},{\"@type\":\"ListItem\",\"position\":3,\"name\":\"Ursinha com morango\"}]},{\"@type\":\"WebSite\",\"@id\":\"https:\/\/shop.bazarcia.com\/#website\",\"url\":\"https:\/\/shop.bazarcia.com\/\",\"name\":\"Bazar & Cia\",\"description\":\"criatividade ponto a ponto\",\"publisher\":{\"@id\":\"https:\/\/shop.bazarcia.com\/#organization\"},\"potentialAction\":[{\"@type\":\"SearchAction\",\"target\":{\"@type\":\"EntryPoint\",\"urlTemplate\":\"https:\/\/shop.bazarcia.com\/?s={search_term_string}\"},\"query-input\":{\"@type\":\"PropertyValueSpecification\",\"valueRequired\":true,\"valueName\":\"search_term_string\"}}],\"inLanguage\":\"en-US\"},{\"@type\":\"Organization\",\"@id\":\"https:\/\/shop.bazarcia.com\/#organization\",\"name\":\"Bazar & Cia\",\"url\":\"https:\/\/shop.bazarcia.com\/\",\"logo\":{\"@type\":\"ImageObject\",\"inLanguage\":\"en-US\",\"@id\":\"https:\/\/shop.bazarcia.com\/#\/schema\/logo\/image\/\",\"url\":\"https:\/\/shop.bazarcia.com\/wp-content\/uploads\/2024\/02\/cropped-logo_bazarcia.png\",\"contentUrl\":\"https:\/\/shop.bazarcia.com\/wp-content\/uploads\/2024\/02\/cropped-logo_bazarcia.png\",\"width\":150,\"height\":150,\"caption\":\"Bazar & Cia\"},\"image\":{\"@id\":\"https:\/\/shop.bazarcia.com\/#\/schema\/logo\/image\/\"},\"sameAs\":[\"https:\/\/www.facebook.com\/shopbazarcia\",\"https:\/\/www.instagram.com\/shopbazarcia\",\"https:\/\/br.pinterest.com\/suzane_eloise\/\",\"https:\/\/www.youtube.com\/c\/BazardoBordadoMatrizeseProjetos\"]}]}<\/script>\n<!-- \/ Yoast SEO plugin. -->","yoast_head_json":{"title":"Ursinha com morango - \ud835\udc1b\ud835\udc1a\ud835\udc33\ud835\udc1a\ud835\udc2b &amp; \ud835\udc1c\ud835\udc22\ud835\udc1a","robots":{"index":"index","follow":"follow","max-snippet":"max-snippet:-1","max-image-preview":"max-image-preview:large","max-video-preview":"max-video-preview:-1"},"canonical":"https:\/\/shop.bazarcia.com\/en\/product\/ursinha-com-morango\/","og_locale":"en_US","og_type":"article","og_title":"Ursinha com morango - \ud835\udc1b\ud835\udc1a\ud835\udc33\ud835\udc1a\ud835\udc2b &amp; \ud835\udc1c\ud835\udc22\ud835\udc1a","og_description":"Matrizes de bordado em PONTOS LEVES, tema FEMININO BABY, ursinhas com morangos. Ideal para bordar em pe\u00e7as de ENXOVAL de BEB\u00ca, ECOBAG e pe\u00e7as de cozinha ... Tamanhos 12cm, 13x18, 16X26 e 20X30cm. Para a barrinha, bordar a primeira linha somente na entretela, ela \u00e9 a guia para posicionar o tecido por flutua\u00e7\u00e3o e tamb\u00e9m para casar com a pr\u00f3xima parte da execu\u00e7\u00e3o. Tamanhos BARRINHAS 15 e 30CM. Podem ser bordadas direto na pe\u00e7a ou para fazer e reservar, tudo emendadas, para aplica\u00e7\u00e3o posterior. Formatos dos arquivos: PES e JEF. Execu\u00e7\u00e3o pela artes\u00e3 Cl\u00e1udia Battisti (claudiabattisti.atelie).","og_url":"https:\/\/shop.bazarcia.com\/en\/product\/ursinha-com-morango\/","og_site_name":"\ud835\udc1b\ud835\udc1a\ud835\udc33\ud835\udc1a\ud835\udc2b &amp; \ud835\udc1c\ud835\udc22\ud835\udc1a","article_publisher":"https:\/\/www.facebook.com\/shopbazarcia","article_modified_time":"2024-10-08T20:28:30+00:00","og_image":[{"width":1080,"height":1080,"url":"https:\/\/shop.bazarcia.com\/wp-content\/uploads\/2024\/08\/ursinha-com-morango-5-1.jpg","type":"image\/jpeg"}],"twitter_card":"summary_large_image","twitter_misc":{"Est. reading time":"1 minute"},"schema":{"@context":"https:\/\/schema.org","@graph":[{"@type":"WebPage","@id":"https:\/\/shop.bazarcia.com\/produto\/ursinha-com-morango\/","url":"https:\/\/shop.bazarcia.com\/produto\/ursinha-com-morango\/","name":"Ursinha com morango - \ud835\udc1b\ud835\udc1a\ud835\udc33\ud835\udc1a\ud835\udc2b &amp; \ud835\udc1c\ud835\udc22\ud835\udc1a","isPartOf":{"@id":"https:\/\/shop.bazarcia.com\/#website"},"primaryImageOfPage":{"@id":"https:\/\/shop.bazarcia.com\/produto\/ursinha-com-morango\/#primaryimage"},"image":{"@id":"https:\/\/shop.bazarcia.com\/produto\/ursinha-com-morango\/#primaryimage"},"thumbnailUrl":"https:\/\/shop.bazarcia.com\/wp-content\/uploads\/2024\/08\/ursinha-com-morango-5-1.jpg","datePublished":"2024-09-01T00:35:24+00:00","dateModified":"2024-10-08T20:28:30+00:00","breadcrumb":{"@id":"https:\/\/shop.bazarcia.com\/produto\/ursinha-com-morango\/#breadcrumb"},"inLanguage":"en-US","potentialAction":[{"@type":"ReadAction","target":["https:\/\/shop.bazarcia.com\/produto\/ursinha-com-morango\/"]}]},{"@type":"ImageObject","inLanguage":"en-US","@id":"https:\/\/shop.bazarcia.com\/produto\/ursinha-com-morango\/#primaryimage","url":"https:\/\/shop.bazarcia.com\/wp-content\/uploads\/2024\/08\/ursinha-com-morango-5-1.jpg","contentUrl":"https:\/\/shop.bazarcia.com\/wp-content\/uploads\/2024\/08\/ursinha-com-morango-5-1.jpg","width":1080,"height":1080},{"@type":"BreadcrumbList","@id":"https:\/\/shop.bazarcia.com\/produto\/ursinha-com-morango\/#breadcrumb","itemListElement":[{"@type":"ListItem","position":1,"name":"In\u00edcio","item":"https:\/\/shop.bazarcia.com\/"},{"@type":"ListItem","position":2,"name":"Loja","item":"https:\/\/shop.bazarcia.com\/loja\/"},{"@type":"ListItem","position":3,"name":"Ursinha com morango"}]},{"@type":"WebSite","@id":"https:\/\/shop.bazarcia.com\/#website","url":"https:\/\/shop.bazarcia.com\/","name":"Bazar & Cia","description":"criatividade ponto a ponto","publisher":{"@id":"https:\/\/shop.bazarcia.com\/#organization"},"potentialAction":[{"@type":"SearchAction","target":{"@type":"EntryPoint","urlTemplate":"https:\/\/shop.bazarcia.com\/?s={search_term_string}"},"query-input":{"@type":"PropertyValueSpecification","valueRequired":true,"valueName":"search_term_string"}}],"inLanguage":"en-US"},{"@type":"Organization","@id":"https:\/\/shop.bazarcia.com\/#organization","name":"Bazar & Cia","url":"https:\/\/shop.bazarcia.com\/","logo":{"@type":"ImageObject","inLanguage":"en-US","@id":"https:\/\/shop.bazarcia.com\/#\/schema\/logo\/image\/","url":"https:\/\/shop.bazarcia.com\/wp-content\/uploads\/2024\/02\/cropped-logo_bazarcia.png","contentUrl":"https:\/\/shop.bazarcia.com\/wp-content\/uploads\/2024\/02\/cropped-logo_bazarcia.png","width":150,"height":150,"caption":"Bazar & Cia"},"image":{"@id":"https:\/\/shop.bazarcia.com\/#\/schema\/logo\/image\/"},"sameAs":["https:\/\/www.facebook.com\/shopbazarcia","https:\/\/www.instagram.com\/shopbazarcia","https:\/\/br.pinterest.com\/suzane_eloise\/","https:\/\/www.youtube.com\/c\/BazardoBordadoMatrizeseProjetos"]}]}},"_links":{"self":[{"href":"https:\/\/shop.bazarcia.com\/en\/wp-json\/wp\/v2\/product\/289084","targetHints":{"allow":["GET"]}}],"collection":[{"href":"https:\/\/shop.bazarcia.com\/en\/wp-json\/wp\/v2\/product"}],"about":[{"href":"https:\/\/shop.bazarcia.com\/en\/wp-json\/wp\/v2\/types\/product"}],"replies":[{"embeddable":true,"href":"https:\/\/shop.bazarcia.com\/en\/wp-json\/wp\/v2\/comments?post=289084"}],"version-history":[{"count":1,"href":"https:\/\/shop.bazarcia.com\/en\/wp-json\/wp\/v2\/product\/289084\/revisions"}],"predecessor-version":[{"id":289087,"href":"https:\/\/shop.bazarcia.com\/en\/wp-json\/wp\/v2\/product\/289084\/revisions\/289087"}],"wp:featuredmedia":[{"embeddable":true,"href":"https:\/\/shop.bazarcia.com\/en\/wp-json\/wp\/v2\/media\/289082"}],"wp:attachment":[{"href":"https:\/\/shop.bazarcia.com\/en\/wp-json\/wp\/v2\/media?parent=289084"}],"wp:term":[{"taxonomy":"product_brand","embeddable":true,"href":"https:\/\/shop.bazarcia.com\/en\/wp-json\/wp\/v2\/product_brand?post=289084"},{"taxonomy":"product_cat","embeddable":true,"href":"https:\/\/shop.bazarcia.com\/en\/wp-json\/wp\/v2\/product_cat?post=289084"},{"taxonomy":"product_tag","embeddable":true,"href":"https:\/\/shop.bazarcia.com\/en\/wp-json\/wp\/v2\/product_tag?post=289084"}],"curies":[{"name":"wp","href":"https:\/\/api.w.org\/{rel}","templated":true}]}}