{"id":289481,"date":"2024-09-04T17:22:45","date_gmt":"2024-09-04T20:22:45","guid":{"rendered":"https:\/\/shop.bazarcia.com\/produto\/alfabeto-borboleta-3d-pequeno-4cm-3\/"},"modified":"2025-05-30T16:39:02","modified_gmt":"2025-05-30T19:39:02","slug":"alfabeto-borboleta-3d-pequeno-4cm-3","status":"publish","type":"product","link":"https:\/\/shop.bazarcia.com\/en\/product\/alfabeto-borboleta-3d-pequeno-4cm-3\/","title":{"rendered":"Letras Pequenas em pontos leves &#8211; Alfabeto 4cm e borboleta 3D"},"content":{"rendered":"<p>Todas as letras do alfabeto no tamanho de 4cm e incluindo 3 tamanhos de borboletas (20, 24 e 28mm).<\/p>\n<p>Ao finalizar o contorno da letra, h\u00e1 uma borboleta pequenina que d\u00e1 efeito como sombra da borboleta 3D.<\/p>\n<p>&nbsp;<\/p>\n<p>Encante as tuas clientes com bordado r\u00e1pido, pr\u00e1tico e que parece uma joia quando finalizado.<\/p>","protected":false},"excerpt":{"rendered":"<p>Letras Pequenas em pontos leves &#8211; Alfabeto 4cm de altura e borboleta 3D<\/p>\n<p>Ideais para fazer lembrancinhas, necessaire e bordar dentro de arabescos e molduras.<\/p>\n<p>Todas as letras do alfabeto no tamanho de 4cm e incluindo 3 tamanhos de borboletas.<br \/>\nAo finalizar o contorno da letra, h\u00e1 uma borboleta pequenina que d\u00e1 efeito como sombra da borboleta 3D.<\/p>\n<p>Encante as tuas clientes com bordado r\u00e1pido, pr\u00e1tico e que parece uma joia quando finalizado.<\/p>","protected":false},"featured_media":289478,"comment_status":"open","ping_status":"closed","template":"","meta":{"_acf_changed":false,"_joinchat":[]},"product_brand":[],"product_cat":[84,303],"product_tag":[],"class_list":{"0":"post-289481","1":"product","2":"type-product","3":"status-publish","4":"has-post-thumbnail","6":"product_cat-matrizes-de-bordado","7":"product_cat-monogramas","9":"first","10":"instock","11":"sale","12":"downloadable","13":"virtual","14":"sold-individually","15":"purchasable","16":"product-type-simple"},"acf":[],"yoast_head":"<!-- This site is optimized with the Yoast SEO plugin v27.2 - https:\/\/yoast.com\/product\/yoast-seo-wordpress\/ -->\n<title>Letras Pequenas em pontos leves - Alfabeto 4cm e borboleta 3D - \ud835\udc1b\ud835\udc1a\ud835\udc33\ud835\udc1a\ud835\udc2b &amp; \ud835\udc1c\ud835\udc22\ud835\udc1a<\/title>\n<meta name=\"robots\" content=\"index, follow, max-snippet:-1, max-image-preview:large, max-video-preview:-1\" \/>\n<link rel=\"canonical\" href=\"https:\/\/shop.bazarcia.com\/en\/product\/alfabeto-borboleta-3d-pequeno-4cm-3\/\" \/>\n<meta property=\"og:locale\" content=\"en_US\" \/>\n<meta property=\"og:type\" content=\"article\" \/>\n<meta property=\"og:title\" content=\"Letras Pequenas em pontos leves - Alfabeto 4cm e borboleta 3D - \ud835\udc1b\ud835\udc1a\ud835\udc33\ud835\udc1a\ud835\udc2b &amp; \ud835\udc1c\ud835\udc22\ud835\udc1a\" \/>\n<meta property=\"og:description\" content=\"Letras Pequenas em pontos leves - Alfabeto 4cm de altura e borboleta 3D  Ideais para fazer lembrancinhas, necessaire e bordar dentro de arabescos e molduras.  Todas as letras do alfabeto no tamanho de 4cm e incluindo 3 tamanhos de borboletas. Ao finalizar o contorno da letra, h\u00e1 uma borboleta pequenina que d\u00e1 efeito como sombra da borboleta 3D.  Encante as tuas clientes com bordado r\u00e1pido, pr\u00e1tico e que parece uma joia quando finalizado.\" \/>\n<meta property=\"og:url\" content=\"https:\/\/shop.bazarcia.com\/en\/product\/alfabeto-borboleta-3d-pequeno-4cm-3\/\" \/>\n<meta property=\"og:site_name\" content=\"\ud835\udc1b\ud835\udc1a\ud835\udc33\ud835\udc1a\ud835\udc2b &amp; \ud835\udc1c\ud835\udc22\ud835\udc1a\" \/>\n<meta property=\"article:publisher\" content=\"https:\/\/www.facebook.com\/shopbazarcia\" \/>\n<meta property=\"article:modified_time\" content=\"2025-05-30T19:39:02+00:00\" \/>\n<meta property=\"og:image\" content=\"https:\/\/shop.bazarcia.com\/wp-content\/uploads\/2024\/09\/WhatsApp-Image-2024-09-04-at-17.18.16.jpeg\" \/>\n\t<meta property=\"og:image:width\" content=\"960\" \/>\n\t<meta property=\"og:image:height\" content=\"1083\" \/>\n\t<meta property=\"og:image:type\" content=\"image\/jpeg\" \/>\n<meta name=\"twitter:card\" content=\"summary_large_image\" \/>\n<script type=\"application\/ld+json\" class=\"yoast-schema-graph\">{\"@context\":\"https:\/\/schema.org\",\"@graph\":[{\"@type\":\"WebPage\",\"@id\":\"https:\/\/shop.bazarcia.com\/produto\/alfabeto-borboleta-3d-pequeno-4cm-3\/\",\"url\":\"https:\/\/shop.bazarcia.com\/produto\/alfabeto-borboleta-3d-pequeno-4cm-3\/\",\"name\":\"Letras Pequenas em pontos leves - Alfabeto 4cm e borboleta 3D - \ud835\udc1b\ud835\udc1a\ud835\udc33\ud835\udc1a\ud835\udc2b &amp; \ud835\udc1c\ud835\udc22\ud835\udc1a\",\"isPartOf\":{\"@id\":\"https:\/\/shop.bazarcia.com\/#website\"},\"primaryImageOfPage\":{\"@id\":\"https:\/\/shop.bazarcia.com\/produto\/alfabeto-borboleta-3d-pequeno-4cm-3\/#primaryimage\"},\"image\":{\"@id\":\"https:\/\/shop.bazarcia.com\/produto\/alfabeto-borboleta-3d-pequeno-4cm-3\/#primaryimage\"},\"thumbnailUrl\":\"https:\/\/shop.bazarcia.com\/wp-content\/uploads\/2024\/09\/WhatsApp-Image-2024-09-04-at-17.18.16.jpeg\",\"datePublished\":\"2024-09-04T20:22:45+00:00\",\"dateModified\":\"2025-05-30T19:39:02+00:00\",\"breadcrumb\":{\"@id\":\"https:\/\/shop.bazarcia.com\/produto\/alfabeto-borboleta-3d-pequeno-4cm-3\/#breadcrumb\"},\"inLanguage\":\"en-US\",\"potentialAction\":[{\"@type\":\"ReadAction\",\"target\":[\"https:\/\/shop.bazarcia.com\/produto\/alfabeto-borboleta-3d-pequeno-4cm-3\/\"]}]},{\"@type\":\"ImageObject\",\"inLanguage\":\"en-US\",\"@id\":\"https:\/\/shop.bazarcia.com\/produto\/alfabeto-borboleta-3d-pequeno-4cm-3\/#primaryimage\",\"url\":\"https:\/\/shop.bazarcia.com\/wp-content\/uploads\/2024\/09\/WhatsApp-Image-2024-09-04-at-17.18.16.jpeg\",\"contentUrl\":\"https:\/\/shop.bazarcia.com\/wp-content\/uploads\/2024\/09\/WhatsApp-Image-2024-09-04-at-17.18.16.jpeg\",\"width\":960,\"height\":1083},{\"@type\":\"BreadcrumbList\",\"@id\":\"https:\/\/shop.bazarcia.com\/produto\/alfabeto-borboleta-3d-pequeno-4cm-3\/#breadcrumb\",\"itemListElement\":[{\"@type\":\"ListItem\",\"position\":1,\"name\":\"In\u00edcio\",\"item\":\"https:\/\/shop.bazarcia.com\/\"},{\"@type\":\"ListItem\",\"position\":2,\"name\":\"Loja\",\"item\":\"https:\/\/shop.bazarcia.com\/loja\/\"},{\"@type\":\"ListItem\",\"position\":3,\"name\":\"Letras Pequenas em pontos leves &#8211; Alfabeto 4cm e borboleta 3D\"}]},{\"@type\":\"WebSite\",\"@id\":\"https:\/\/shop.bazarcia.com\/#website\",\"url\":\"https:\/\/shop.bazarcia.com\/\",\"name\":\"Bazar & Cia\",\"description\":\"criatividade ponto a ponto\",\"publisher\":{\"@id\":\"https:\/\/shop.bazarcia.com\/#organization\"},\"potentialAction\":[{\"@type\":\"SearchAction\",\"target\":{\"@type\":\"EntryPoint\",\"urlTemplate\":\"https:\/\/shop.bazarcia.com\/?s={search_term_string}\"},\"query-input\":{\"@type\":\"PropertyValueSpecification\",\"valueRequired\":true,\"valueName\":\"search_term_string\"}}],\"inLanguage\":\"en-US\"},{\"@type\":\"Organization\",\"@id\":\"https:\/\/shop.bazarcia.com\/#organization\",\"name\":\"Bazar & Cia\",\"url\":\"https:\/\/shop.bazarcia.com\/\",\"logo\":{\"@type\":\"ImageObject\",\"inLanguage\":\"en-US\",\"@id\":\"https:\/\/shop.bazarcia.com\/#\/schema\/logo\/image\/\",\"url\":\"https:\/\/shop.bazarcia.com\/wp-content\/uploads\/2024\/02\/cropped-logo_bazarcia.png\",\"contentUrl\":\"https:\/\/shop.bazarcia.com\/wp-content\/uploads\/2024\/02\/cropped-logo_bazarcia.png\",\"width\":150,\"height\":150,\"caption\":\"Bazar & Cia\"},\"image\":{\"@id\":\"https:\/\/shop.bazarcia.com\/#\/schema\/logo\/image\/\"},\"sameAs\":[\"https:\/\/www.facebook.com\/shopbazarcia\",\"https:\/\/www.instagram.com\/shopbazarcia\",\"https:\/\/br.pinterest.com\/suzane_eloise\/\",\"https:\/\/www.youtube.com\/c\/BazardoBordadoMatrizeseProjetos\"]}]}<\/script>\n<!-- \/ Yoast SEO plugin. -->","yoast_head_json":{"title":"Letras Pequenas em pontos leves - Alfabeto 4cm e borboleta 3D - \ud835\udc1b\ud835\udc1a\ud835\udc33\ud835\udc1a\ud835\udc2b &amp; \ud835\udc1c\ud835\udc22\ud835\udc1a","robots":{"index":"index","follow":"follow","max-snippet":"max-snippet:-1","max-image-preview":"max-image-preview:large","max-video-preview":"max-video-preview:-1"},"canonical":"https:\/\/shop.bazarcia.com\/en\/product\/alfabeto-borboleta-3d-pequeno-4cm-3\/","og_locale":"en_US","og_type":"article","og_title":"Letras Pequenas em pontos leves - Alfabeto 4cm e borboleta 3D - \ud835\udc1b\ud835\udc1a\ud835\udc33\ud835\udc1a\ud835\udc2b &amp; \ud835\udc1c\ud835\udc22\ud835\udc1a","og_description":"Letras Pequenas em pontos leves - Alfabeto 4cm de altura e borboleta 3D  Ideais para fazer lembrancinhas, necessaire e bordar dentro de arabescos e molduras.  Todas as letras do alfabeto no tamanho de 4cm e incluindo 3 tamanhos de borboletas. Ao finalizar o contorno da letra, h\u00e1 uma borboleta pequenina que d\u00e1 efeito como sombra da borboleta 3D.  Encante as tuas clientes com bordado r\u00e1pido, pr\u00e1tico e que parece uma joia quando finalizado.","og_url":"https:\/\/shop.bazarcia.com\/en\/product\/alfabeto-borboleta-3d-pequeno-4cm-3\/","og_site_name":"\ud835\udc1b\ud835\udc1a\ud835\udc33\ud835\udc1a\ud835\udc2b &amp; \ud835\udc1c\ud835\udc22\ud835\udc1a","article_publisher":"https:\/\/www.facebook.com\/shopbazarcia","article_modified_time":"2025-05-30T19:39:02+00:00","og_image":[{"width":960,"height":1083,"url":"https:\/\/shop.bazarcia.com\/wp-content\/uploads\/2024\/09\/WhatsApp-Image-2024-09-04-at-17.18.16.jpeg","type":"image\/jpeg"}],"twitter_card":"summary_large_image","schema":{"@context":"https:\/\/schema.org","@graph":[{"@type":"WebPage","@id":"https:\/\/shop.bazarcia.com\/produto\/alfabeto-borboleta-3d-pequeno-4cm-3\/","url":"https:\/\/shop.bazarcia.com\/produto\/alfabeto-borboleta-3d-pequeno-4cm-3\/","name":"Letras Pequenas em pontos leves - Alfabeto 4cm e borboleta 3D - \ud835\udc1b\ud835\udc1a\ud835\udc33\ud835\udc1a\ud835\udc2b &amp; \ud835\udc1c\ud835\udc22\ud835\udc1a","isPartOf":{"@id":"https:\/\/shop.bazarcia.com\/#website"},"primaryImageOfPage":{"@id":"https:\/\/shop.bazarcia.com\/produto\/alfabeto-borboleta-3d-pequeno-4cm-3\/#primaryimage"},"image":{"@id":"https:\/\/shop.bazarcia.com\/produto\/alfabeto-borboleta-3d-pequeno-4cm-3\/#primaryimage"},"thumbnailUrl":"https:\/\/shop.bazarcia.com\/wp-content\/uploads\/2024\/09\/WhatsApp-Image-2024-09-04-at-17.18.16.jpeg","datePublished":"2024-09-04T20:22:45+00:00","dateModified":"2025-05-30T19:39:02+00:00","breadcrumb":{"@id":"https:\/\/shop.bazarcia.com\/produto\/alfabeto-borboleta-3d-pequeno-4cm-3\/#breadcrumb"},"inLanguage":"en-US","potentialAction":[{"@type":"ReadAction","target":["https:\/\/shop.bazarcia.com\/produto\/alfabeto-borboleta-3d-pequeno-4cm-3\/"]}]},{"@type":"ImageObject","inLanguage":"en-US","@id":"https:\/\/shop.bazarcia.com\/produto\/alfabeto-borboleta-3d-pequeno-4cm-3\/#primaryimage","url":"https:\/\/shop.bazarcia.com\/wp-content\/uploads\/2024\/09\/WhatsApp-Image-2024-09-04-at-17.18.16.jpeg","contentUrl":"https:\/\/shop.bazarcia.com\/wp-content\/uploads\/2024\/09\/WhatsApp-Image-2024-09-04-at-17.18.16.jpeg","width":960,"height":1083},{"@type":"BreadcrumbList","@id":"https:\/\/shop.bazarcia.com\/produto\/alfabeto-borboleta-3d-pequeno-4cm-3\/#breadcrumb","itemListElement":[{"@type":"ListItem","position":1,"name":"In\u00edcio","item":"https:\/\/shop.bazarcia.com\/"},{"@type":"ListItem","position":2,"name":"Loja","item":"https:\/\/shop.bazarcia.com\/loja\/"},{"@type":"ListItem","position":3,"name":"Letras Pequenas em pontos leves &#8211; Alfabeto 4cm e borboleta 3D"}]},{"@type":"WebSite","@id":"https:\/\/shop.bazarcia.com\/#website","url":"https:\/\/shop.bazarcia.com\/","name":"Bazar & Cia","description":"criatividade ponto a ponto","publisher":{"@id":"https:\/\/shop.bazarcia.com\/#organization"},"potentialAction":[{"@type":"SearchAction","target":{"@type":"EntryPoint","urlTemplate":"https:\/\/shop.bazarcia.com\/?s={search_term_string}"},"query-input":{"@type":"PropertyValueSpecification","valueRequired":true,"valueName":"search_term_string"}}],"inLanguage":"en-US"},{"@type":"Organization","@id":"https:\/\/shop.bazarcia.com\/#organization","name":"Bazar & Cia","url":"https:\/\/shop.bazarcia.com\/","logo":{"@type":"ImageObject","inLanguage":"en-US","@id":"https:\/\/shop.bazarcia.com\/#\/schema\/logo\/image\/","url":"https:\/\/shop.bazarcia.com\/wp-content\/uploads\/2024\/02\/cropped-logo_bazarcia.png","contentUrl":"https:\/\/shop.bazarcia.com\/wp-content\/uploads\/2024\/02\/cropped-logo_bazarcia.png","width":150,"height":150,"caption":"Bazar & Cia"},"image":{"@id":"https:\/\/shop.bazarcia.com\/#\/schema\/logo\/image\/"},"sameAs":["https:\/\/www.facebook.com\/shopbazarcia","https:\/\/www.instagram.com\/shopbazarcia","https:\/\/br.pinterest.com\/suzane_eloise\/","https:\/\/www.youtube.com\/c\/BazardoBordadoMatrizeseProjetos"]}]}},"_links":{"self":[{"href":"https:\/\/shop.bazarcia.com\/en\/wp-json\/wp\/v2\/product\/289481","targetHints":{"allow":["GET"]}}],"collection":[{"href":"https:\/\/shop.bazarcia.com\/en\/wp-json\/wp\/v2\/product"}],"about":[{"href":"https:\/\/shop.bazarcia.com\/en\/wp-json\/wp\/v2\/types\/product"}],"replies":[{"embeddable":true,"href":"https:\/\/shop.bazarcia.com\/en\/wp-json\/wp\/v2\/comments?post=289481"}],"version-history":[{"count":2,"href":"https:\/\/shop.bazarcia.com\/en\/wp-json\/wp\/v2\/product\/289481\/revisions"}],"predecessor-version":[{"id":300267,"href":"https:\/\/shop.bazarcia.com\/en\/wp-json\/wp\/v2\/product\/289481\/revisions\/300267"}],"wp:featuredmedia":[{"embeddable":true,"href":"https:\/\/shop.bazarcia.com\/en\/wp-json\/wp\/v2\/media\/289478"}],"wp:attachment":[{"href":"https:\/\/shop.bazarcia.com\/en\/wp-json\/wp\/v2\/media?parent=289481"}],"wp:term":[{"taxonomy":"product_brand","embeddable":true,"href":"https:\/\/shop.bazarcia.com\/en\/wp-json\/wp\/v2\/product_brand?post=289481"},{"taxonomy":"product_cat","embeddable":true,"href":"https:\/\/shop.bazarcia.com\/en\/wp-json\/wp\/v2\/product_cat?post=289481"},{"taxonomy":"product_tag","embeddable":true,"href":"https:\/\/shop.bazarcia.com\/en\/wp-json\/wp\/v2\/product_tag?post=289481"}],"curies":[{"name":"wp","href":"https:\/\/api.w.org\/{rel}","templated":true}]}}