{"id":291352,"date":"2024-09-18T11:35:53","date_gmt":"2024-09-18T14:35:53","guid":{"rendered":"https:\/\/shop.bazarcia.com\/?post_type=product&#038;p=291352"},"modified":"2025-07-02T10:50:50","modified_gmt":"2025-07-02T13:50:50","slug":"colecao-quiltings-para-necessairetrapezio","status":"publish","type":"product","link":"https:\/\/shop.bazarcia.com\/en\/product\/colecao-quiltings-para-necessairetrapezio\/","title":{"rendered":"COLE\u00c7\u00c3O QUILTINGS PARA NECESSAIRETRAPEZIO"},"content":{"rendered":"<p>COLE\u00c7\u00c3O QUILTINGS TRAPEZIO<\/p>\n<p>&nbsp;<\/p>\n<p>Cont\u00e9m:<\/p>\n<p>8 \u2013 Modelos de espelhos para necessaire diferentes.<\/p>\n<p>&nbsp;<\/p>\n<p>Tamanho:<\/p>\n<p>13&#215;18, 14&#215;20, 16&#215;26, 20&#215;28.<\/p>\n<p>Modelo Necessaire: Trap\u00e9zio<\/p>\n<p>PROJETO MISTO, \u00c9 NECESSARIO MAQUINA DE COSTURA.<\/p>\n<p>&nbsp;<\/p>\n<p>Espelho de quiltings para necessaire, mais praticidade e rapidez na produ\u00e7\u00e3o de montagens de necessaire.<\/p>\n<p>&nbsp;<\/p>\n<p>-Com passo a passo, o link das aulas estar\u00e1 dentro do arquivo.<\/p>\n<p>&nbsp;<\/p>\n<p>ATEN\u00c7\u00c3O:<\/p>\n<p>&#8211; Este \u00e9 um produto digital.<\/p>\n<p>Dispon\u00edvel para download ap\u00f3s pagamento, na \u00e1rea de meus pedidos.<\/p>\n<p>Os arquivos est\u00e3o em pasta compactada (ZIP), sendo necess\u00e1rio descompact\u00e1-la.<\/p>\n<p>Os mesmos s\u00e3o compat\u00edveis com v\u00e1rios tipos e modelos de m\u00e1quinas, com os seguintes formatos:<br \/>\nDST \u2013\u00a0 JEF \u2013 PES \u2013 XXX.<\/p>","protected":false},"excerpt":{"rendered":"<p>COLE\u00c7\u00c3O QUILTINGS TRAPEZIO<\/p>\n<p>Cont\u00e9m:<\/p>\n<p>8 \u2013 Modelos de espelhos para necessaire diferentes.<\/p>\n<p>&nbsp;<\/p>\n<p>Tamanho:<\/p>\n<p>13&#215;18, 14&#215;20, 16&#215;26, 20&#215;28.<\/p>\n<p>Modelo Necessaire: Trap\u00e9zio<\/p>\n<p>PROJETO MISTO, \u00c9 NECESSARIO MAQUINA DE COSTURA.<\/p>\n<p>Espelho de quiltings para necessaire, mais praticidade e rapidez na produ\u00e7\u00e3o de montagens de necessaire.<\/p>\n<p>-Com passo a passo, o link das aulas estar\u00e1 dentro do arquivo.<\/p>","protected":false},"featured_media":291357,"comment_status":"open","ping_status":"closed","template":"","meta":{"_acf_changed":false,"_joinchat":[]},"product_brand":[],"product_cat":[86],"product_tag":[],"class_list":{"0":"post-291352","1":"product","2":"type-product","3":"status-publish","4":"has-post-thumbnail","6":"product_cat-materiais-para-bordado-computadorizado","8":"first","9":"instock","10":"sale","11":"downloadable","12":"virtual","13":"purchasable","14":"product-type-simple"},"acf":[],"yoast_head":"<!-- This site is optimized with the Yoast SEO plugin v27.2 - https:\/\/yoast.com\/product\/yoast-seo-wordpress\/ -->\n<title>COLE\u00c7\u00c3O QUILTINGS PARA NECESSAIRETRAPEZIO - \ud835\udc1b\ud835\udc1a\ud835\udc33\ud835\udc1a\ud835\udc2b &amp; \ud835\udc1c\ud835\udc22\ud835\udc1a<\/title>\n<meta name=\"robots\" content=\"index, follow, max-snippet:-1, max-image-preview:large, max-video-preview:-1\" \/>\n<link rel=\"canonical\" href=\"https:\/\/shop.bazarcia.com\/en\/product\/colecao-quiltings-para-necessairetrapezio\/\" \/>\n<meta property=\"og:locale\" content=\"en_US\" \/>\n<meta property=\"og:type\" content=\"article\" \/>\n<meta property=\"og:title\" content=\"COLE\u00c7\u00c3O QUILTINGS PARA NECESSAIRETRAPEZIO - \ud835\udc1b\ud835\udc1a\ud835\udc33\ud835\udc1a\ud835\udc2b &amp; \ud835\udc1c\ud835\udc22\ud835\udc1a\" \/>\n<meta property=\"og:description\" content=\"COLE\u00c7\u00c3O QUILTINGS TRAPEZIO  Cont\u00e9m:  8 \u2013 Modelos de espelhos para necessaire diferentes.  &nbsp;  Tamanho:  13x18, 14x20, 16x26, 20x28.  Modelo Necessaire: Trap\u00e9zio  PROJETO MISTO, \u00c9 NECESSARIO MAQUINA DE COSTURA.  Espelho de quiltings para necessaire, mais praticidade e rapidez na produ\u00e7\u00e3o de montagens de necessaire.  -Com passo a passo, o link das aulas estar\u00e1 dentro do arquivo.\" \/>\n<meta property=\"og:url\" content=\"https:\/\/shop.bazarcia.com\/en\/product\/colecao-quiltings-para-necessairetrapezio\/\" \/>\n<meta property=\"og:site_name\" content=\"\ud835\udc1b\ud835\udc1a\ud835\udc33\ud835\udc1a\ud835\udc2b &amp; \ud835\udc1c\ud835\udc22\ud835\udc1a\" \/>\n<meta property=\"article:publisher\" content=\"https:\/\/www.facebook.com\/shopbazarcia\" \/>\n<meta property=\"article:modified_time\" content=\"2025-07-02T13:50:50+00:00\" \/>\n<meta property=\"og:image\" content=\"https:\/\/shop.bazarcia.com\/wp-content\/uploads\/2024\/09\/BB-MATRIZ-DE-BORDADO-QUILTINGS-TRAPEZIO.png\" \/>\n\t<meta property=\"og:image:width\" content=\"1080\" \/>\n\t<meta property=\"og:image:height\" content=\"1080\" \/>\n\t<meta property=\"og:image:type\" content=\"image\/png\" \/>\n<meta name=\"twitter:card\" content=\"summary_large_image\" \/>\n<meta name=\"twitter:label1\" content=\"Est. reading time\" \/>\n\t<meta name=\"twitter:data1\" content=\"1 minute\" \/>\n<script type=\"application\/ld+json\" class=\"yoast-schema-graph\">{\"@context\":\"https:\/\/schema.org\",\"@graph\":[{\"@type\":\"WebPage\",\"@id\":\"https:\/\/shop.bazarcia.com\/produto\/colecao-quiltings-para-necessairetrapezio\/\",\"url\":\"https:\/\/shop.bazarcia.com\/produto\/colecao-quiltings-para-necessairetrapezio\/\",\"name\":\"COLE\u00c7\u00c3O QUILTINGS PARA NECESSAIRETRAPEZIO - \ud835\udc1b\ud835\udc1a\ud835\udc33\ud835\udc1a\ud835\udc2b &amp; \ud835\udc1c\ud835\udc22\ud835\udc1a\",\"isPartOf\":{\"@id\":\"https:\/\/shop.bazarcia.com\/#website\"},\"primaryImageOfPage\":{\"@id\":\"https:\/\/shop.bazarcia.com\/produto\/colecao-quiltings-para-necessairetrapezio\/#primaryimage\"},\"image\":{\"@id\":\"https:\/\/shop.bazarcia.com\/produto\/colecao-quiltings-para-necessairetrapezio\/#primaryimage\"},\"thumbnailUrl\":\"https:\/\/shop.bazarcia.com\/wp-content\/uploads\/2024\/09\/BB-MATRIZ-DE-BORDADO-QUILTINGS-TRAPEZIO.png\",\"datePublished\":\"2024-09-18T14:35:53+00:00\",\"dateModified\":\"2025-07-02T13:50:50+00:00\",\"breadcrumb\":{\"@id\":\"https:\/\/shop.bazarcia.com\/produto\/colecao-quiltings-para-necessairetrapezio\/#breadcrumb\"},\"inLanguage\":\"en-US\",\"potentialAction\":[{\"@type\":\"ReadAction\",\"target\":[\"https:\/\/shop.bazarcia.com\/produto\/colecao-quiltings-para-necessairetrapezio\/\"]}]},{\"@type\":\"ImageObject\",\"inLanguage\":\"en-US\",\"@id\":\"https:\/\/shop.bazarcia.com\/produto\/colecao-quiltings-para-necessairetrapezio\/#primaryimage\",\"url\":\"https:\/\/shop.bazarcia.com\/wp-content\/uploads\/2024\/09\/BB-MATRIZ-DE-BORDADO-QUILTINGS-TRAPEZIO.png\",\"contentUrl\":\"https:\/\/shop.bazarcia.com\/wp-content\/uploads\/2024\/09\/BB-MATRIZ-DE-BORDADO-QUILTINGS-TRAPEZIO.png\",\"width\":1080,\"height\":1080},{\"@type\":\"BreadcrumbList\",\"@id\":\"https:\/\/shop.bazarcia.com\/produto\/colecao-quiltings-para-necessairetrapezio\/#breadcrumb\",\"itemListElement\":[{\"@type\":\"ListItem\",\"position\":1,\"name\":\"In\u00edcio\",\"item\":\"https:\/\/shop.bazarcia.com\/\"},{\"@type\":\"ListItem\",\"position\":2,\"name\":\"Loja\",\"item\":\"https:\/\/shop.bazarcia.com\/loja\/\"},{\"@type\":\"ListItem\",\"position\":3,\"name\":\"COLE\u00c7\u00c3O QUILTINGS PARA NECESSAIRETRAPEZIO\"}]},{\"@type\":\"WebSite\",\"@id\":\"https:\/\/shop.bazarcia.com\/#website\",\"url\":\"https:\/\/shop.bazarcia.com\/\",\"name\":\"Bazar & Cia\",\"description\":\"criatividade ponto a ponto\",\"publisher\":{\"@id\":\"https:\/\/shop.bazarcia.com\/#organization\"},\"potentialAction\":[{\"@type\":\"SearchAction\",\"target\":{\"@type\":\"EntryPoint\",\"urlTemplate\":\"https:\/\/shop.bazarcia.com\/?s={search_term_string}\"},\"query-input\":{\"@type\":\"PropertyValueSpecification\",\"valueRequired\":true,\"valueName\":\"search_term_string\"}}],\"inLanguage\":\"en-US\"},{\"@type\":\"Organization\",\"@id\":\"https:\/\/shop.bazarcia.com\/#organization\",\"name\":\"Bazar & Cia\",\"url\":\"https:\/\/shop.bazarcia.com\/\",\"logo\":{\"@type\":\"ImageObject\",\"inLanguage\":\"en-US\",\"@id\":\"https:\/\/shop.bazarcia.com\/#\/schema\/logo\/image\/\",\"url\":\"https:\/\/shop.bazarcia.com\/wp-content\/uploads\/2024\/02\/cropped-logo_bazarcia.png\",\"contentUrl\":\"https:\/\/shop.bazarcia.com\/wp-content\/uploads\/2024\/02\/cropped-logo_bazarcia.png\",\"width\":150,\"height\":150,\"caption\":\"Bazar & Cia\"},\"image\":{\"@id\":\"https:\/\/shop.bazarcia.com\/#\/schema\/logo\/image\/\"},\"sameAs\":[\"https:\/\/www.facebook.com\/shopbazarcia\",\"https:\/\/www.instagram.com\/shopbazarcia\",\"https:\/\/br.pinterest.com\/suzane_eloise\/\",\"https:\/\/www.youtube.com\/c\/BazardoBordadoMatrizeseProjetos\"]}]}<\/script>\n<!-- \/ Yoast SEO plugin. -->","yoast_head_json":{"title":"COLE\u00c7\u00c3O QUILTINGS PARA NECESSAIRETRAPEZIO - \ud835\udc1b\ud835\udc1a\ud835\udc33\ud835\udc1a\ud835\udc2b &amp; \ud835\udc1c\ud835\udc22\ud835\udc1a","robots":{"index":"index","follow":"follow","max-snippet":"max-snippet:-1","max-image-preview":"max-image-preview:large","max-video-preview":"max-video-preview:-1"},"canonical":"https:\/\/shop.bazarcia.com\/en\/product\/colecao-quiltings-para-necessairetrapezio\/","og_locale":"en_US","og_type":"article","og_title":"COLE\u00c7\u00c3O QUILTINGS PARA NECESSAIRETRAPEZIO - \ud835\udc1b\ud835\udc1a\ud835\udc33\ud835\udc1a\ud835\udc2b &amp; \ud835\udc1c\ud835\udc22\ud835\udc1a","og_description":"COLE\u00c7\u00c3O QUILTINGS TRAPEZIO  Cont\u00e9m:  8 \u2013 Modelos de espelhos para necessaire diferentes.  &nbsp;  Tamanho:  13x18, 14x20, 16x26, 20x28.  Modelo Necessaire: Trap\u00e9zio  PROJETO MISTO, \u00c9 NECESSARIO MAQUINA DE COSTURA.  Espelho de quiltings para necessaire, mais praticidade e rapidez na produ\u00e7\u00e3o de montagens de necessaire.  -Com passo a passo, o link das aulas estar\u00e1 dentro do arquivo.","og_url":"https:\/\/shop.bazarcia.com\/en\/product\/colecao-quiltings-para-necessairetrapezio\/","og_site_name":"\ud835\udc1b\ud835\udc1a\ud835\udc33\ud835\udc1a\ud835\udc2b &amp; \ud835\udc1c\ud835\udc22\ud835\udc1a","article_publisher":"https:\/\/www.facebook.com\/shopbazarcia","article_modified_time":"2025-07-02T13:50:50+00:00","og_image":[{"width":1080,"height":1080,"url":"https:\/\/shop.bazarcia.com\/wp-content\/uploads\/2024\/09\/BB-MATRIZ-DE-BORDADO-QUILTINGS-TRAPEZIO.png","type":"image\/png"}],"twitter_card":"summary_large_image","twitter_misc":{"Est. reading time":"1 minute"},"schema":{"@context":"https:\/\/schema.org","@graph":[{"@type":"WebPage","@id":"https:\/\/shop.bazarcia.com\/produto\/colecao-quiltings-para-necessairetrapezio\/","url":"https:\/\/shop.bazarcia.com\/produto\/colecao-quiltings-para-necessairetrapezio\/","name":"COLE\u00c7\u00c3O QUILTINGS PARA NECESSAIRETRAPEZIO - \ud835\udc1b\ud835\udc1a\ud835\udc33\ud835\udc1a\ud835\udc2b &amp; \ud835\udc1c\ud835\udc22\ud835\udc1a","isPartOf":{"@id":"https:\/\/shop.bazarcia.com\/#website"},"primaryImageOfPage":{"@id":"https:\/\/shop.bazarcia.com\/produto\/colecao-quiltings-para-necessairetrapezio\/#primaryimage"},"image":{"@id":"https:\/\/shop.bazarcia.com\/produto\/colecao-quiltings-para-necessairetrapezio\/#primaryimage"},"thumbnailUrl":"https:\/\/shop.bazarcia.com\/wp-content\/uploads\/2024\/09\/BB-MATRIZ-DE-BORDADO-QUILTINGS-TRAPEZIO.png","datePublished":"2024-09-18T14:35:53+00:00","dateModified":"2025-07-02T13:50:50+00:00","breadcrumb":{"@id":"https:\/\/shop.bazarcia.com\/produto\/colecao-quiltings-para-necessairetrapezio\/#breadcrumb"},"inLanguage":"en-US","potentialAction":[{"@type":"ReadAction","target":["https:\/\/shop.bazarcia.com\/produto\/colecao-quiltings-para-necessairetrapezio\/"]}]},{"@type":"ImageObject","inLanguage":"en-US","@id":"https:\/\/shop.bazarcia.com\/produto\/colecao-quiltings-para-necessairetrapezio\/#primaryimage","url":"https:\/\/shop.bazarcia.com\/wp-content\/uploads\/2024\/09\/BB-MATRIZ-DE-BORDADO-QUILTINGS-TRAPEZIO.png","contentUrl":"https:\/\/shop.bazarcia.com\/wp-content\/uploads\/2024\/09\/BB-MATRIZ-DE-BORDADO-QUILTINGS-TRAPEZIO.png","width":1080,"height":1080},{"@type":"BreadcrumbList","@id":"https:\/\/shop.bazarcia.com\/produto\/colecao-quiltings-para-necessairetrapezio\/#breadcrumb","itemListElement":[{"@type":"ListItem","position":1,"name":"In\u00edcio","item":"https:\/\/shop.bazarcia.com\/"},{"@type":"ListItem","position":2,"name":"Loja","item":"https:\/\/shop.bazarcia.com\/loja\/"},{"@type":"ListItem","position":3,"name":"COLE\u00c7\u00c3O QUILTINGS PARA NECESSAIRETRAPEZIO"}]},{"@type":"WebSite","@id":"https:\/\/shop.bazarcia.com\/#website","url":"https:\/\/shop.bazarcia.com\/","name":"Bazar & Cia","description":"criatividade ponto a ponto","publisher":{"@id":"https:\/\/shop.bazarcia.com\/#organization"},"potentialAction":[{"@type":"SearchAction","target":{"@type":"EntryPoint","urlTemplate":"https:\/\/shop.bazarcia.com\/?s={search_term_string}"},"query-input":{"@type":"PropertyValueSpecification","valueRequired":true,"valueName":"search_term_string"}}],"inLanguage":"en-US"},{"@type":"Organization","@id":"https:\/\/shop.bazarcia.com\/#organization","name":"Bazar & Cia","url":"https:\/\/shop.bazarcia.com\/","logo":{"@type":"ImageObject","inLanguage":"en-US","@id":"https:\/\/shop.bazarcia.com\/#\/schema\/logo\/image\/","url":"https:\/\/shop.bazarcia.com\/wp-content\/uploads\/2024\/02\/cropped-logo_bazarcia.png","contentUrl":"https:\/\/shop.bazarcia.com\/wp-content\/uploads\/2024\/02\/cropped-logo_bazarcia.png","width":150,"height":150,"caption":"Bazar & Cia"},"image":{"@id":"https:\/\/shop.bazarcia.com\/#\/schema\/logo\/image\/"},"sameAs":["https:\/\/www.facebook.com\/shopbazarcia","https:\/\/www.instagram.com\/shopbazarcia","https:\/\/br.pinterest.com\/suzane_eloise\/","https:\/\/www.youtube.com\/c\/BazardoBordadoMatrizeseProjetos"]}]}},"_links":{"self":[{"href":"https:\/\/shop.bazarcia.com\/en\/wp-json\/wp\/v2\/product\/291352","targetHints":{"allow":["GET"]}}],"collection":[{"href":"https:\/\/shop.bazarcia.com\/en\/wp-json\/wp\/v2\/product"}],"about":[{"href":"https:\/\/shop.bazarcia.com\/en\/wp-json\/wp\/v2\/types\/product"}],"replies":[{"embeddable":true,"href":"https:\/\/shop.bazarcia.com\/en\/wp-json\/wp\/v2\/comments?post=291352"}],"version-history":[{"count":1,"href":"https:\/\/shop.bazarcia.com\/en\/wp-json\/wp\/v2\/product\/291352\/revisions"}],"predecessor-version":[{"id":291354,"href":"https:\/\/shop.bazarcia.com\/en\/wp-json\/wp\/v2\/product\/291352\/revisions\/291354"}],"wp:featuredmedia":[{"embeddable":true,"href":"https:\/\/shop.bazarcia.com\/en\/wp-json\/wp\/v2\/media\/291357"}],"wp:attachment":[{"href":"https:\/\/shop.bazarcia.com\/en\/wp-json\/wp\/v2\/media?parent=291352"}],"wp:term":[{"taxonomy":"product_brand","embeddable":true,"href":"https:\/\/shop.bazarcia.com\/en\/wp-json\/wp\/v2\/product_brand?post=291352"},{"taxonomy":"product_cat","embeddable":true,"href":"https:\/\/shop.bazarcia.com\/en\/wp-json\/wp\/v2\/product_cat?post=291352"},{"taxonomy":"product_tag","embeddable":true,"href":"https:\/\/shop.bazarcia.com\/en\/wp-json\/wp\/v2\/product_tag?post=291352"}],"curies":[{"name":"wp","href":"https:\/\/api.w.org\/{rel}","templated":true}]}}