{"id":291525,"date":"2024-09-19T10:46:44","date_gmt":"2024-09-19T13:46:44","guid":{"rendered":"https:\/\/shop.bazarcia.com\/?post_type=product&#038;p=291525"},"modified":"2024-09-19T11:36:22","modified_gmt":"2024-09-19T14:36:22","slug":"matriz-de-bordado-varal-de-gaiolas-com-passarinho","status":"publish","type":"product","link":"https:\/\/shop.bazarcia.com\/en\/product\/matriz-de-bordado-varal-de-gaiolas-com-passarinho\/","title":{"rendered":"Matriz de bordado varal de gaiolas com passarinho"},"content":{"rendered":"<h2>Matriz de bordado varal de gaiolas com passarinho<\/h2>\n<p>A matriz de bordado varal de gaiolas com passarinho \u00e9 perfeita para dar um toque especial \u00e0s suas pe\u00e7as de tecido.<\/p>\n<p>matriz otimizada<\/p>\n<p>tamanhos 10x10cm\u00a0 13x18cm 16x26cm<\/p>\n<p>PRODUTO DIGITAL<\/p>\n<p>arquivo<\/p>\n<p>PES-EXP-HUS-DST-XXX-JEF<\/p>\n<p>Com um design delicado e charmoso, ela permite que voc\u00ea crie bordados incr\u00edveis de gaiolas com passarinhos, trazendo um ar rom\u00e2ntico e encantador para suas cria\u00e7\u00f5es.<\/p>\n<p>Ideal para roupas, acess\u00f3rios e itens de decora\u00e7\u00e3o, essa matriz \u00e9 vers\u00e1til e f\u00e1cil de usar, tornando o processo de bordado ainda mais prazeroso.<\/p>\n<p>Adquira j\u00e1 a sua e deixe suas pe\u00e7as ainda mais bonitas e exclusivas.<\/p>","protected":false},"excerpt":{"rendered":"<h2>Matriz de bordado varal de gaiolas com passarinho<\/h2>\n<p>A matriz de bordado varal de gaiolas com passarinho \u00e9 perfeita para dar um toque especial \u00e0s suas pe\u00e7as de tecido.<\/p>\n<p>matriz otimizada<\/p>\n<p>tamanhos 10x10cm\u00a0 13x18cm 16x26cm<\/p>\n<p>PRODUTO DIGITAL<\/p>\n<p>arquivo<\/p>\n<p>PES-EXP-HUS-DST-XXX-JEF<\/p>\n<p>Com um design delicado e charmoso, ela permite que voc\u00ea crie bordados incr\u00edveis de gaiolas com passarinhos, trazendo um ar rom\u00e2ntico e encantador para suas cria\u00e7\u00f5es.<\/p>\n<p>Ideal para roupas, acess\u00f3rios e itens de decora\u00e7\u00e3o, essa matriz \u00e9 vers\u00e1til e f\u00e1cil de usar, tornando o processo de bordado ainda mais prazeroso.<\/p>\n<p>Adquira j\u00e1 a sua e deixe suas pe\u00e7as ainda mais bonitas e exclusivas.<\/p>","protected":false},"featured_media":291538,"comment_status":"open","ping_status":"closed","template":"","meta":{"_acf_changed":false,"_joinchat":[]},"product_brand":[],"product_cat":[122,1698,84,201],"product_tag":[1430,1432,1434],"class_list":{"0":"post-291525","1":"product","2":"type-product","3":"status-publish","4":"has-post-thumbnail","6":"product_cat-matrizes-de-bordado-animais","7":"product_cat-gaiolas","8":"product_cat-matrizes-de-bordado","9":"product_cat-passarinhos","10":"product_tag-matriz-de-bordado","11":"product_tag-matrizes-de-bordado","12":"product_tag-matrizes-gratis","14":"first","15":"instock","16":"downloadable","17":"virtual","18":"purchasable","19":"product-type-simple"},"acf":[],"yoast_head":"<!-- This site is optimized with the Yoast SEO plugin v27.2 - https:\/\/yoast.com\/product\/yoast-seo-wordpress\/ -->\n<title>Matriz de bordado varal de gaiolas com passarinho - \ud835\udc1b\ud835\udc1a\ud835\udc33\ud835\udc1a\ud835\udc2b &amp; \ud835\udc1c\ud835\udc22\ud835\udc1a<\/title>\n<meta name=\"robots\" content=\"index, follow, max-snippet:-1, max-image-preview:large, max-video-preview:-1\" \/>\n<link rel=\"canonical\" href=\"https:\/\/shop.bazarcia.com\/en\/product\/matriz-de-bordado-varal-de-gaiolas-com-passarinho\/\" \/>\n<meta property=\"og:locale\" content=\"en_US\" \/>\n<meta property=\"og:type\" content=\"article\" \/>\n<meta property=\"og:title\" content=\"Matriz de bordado varal de gaiolas com passarinho - \ud835\udc1b\ud835\udc1a\ud835\udc33\ud835\udc1a\ud835\udc2b &amp; \ud835\udc1c\ud835\udc22\ud835\udc1a\" \/>\n<meta property=\"og:description\" content=\"Matriz de bordado varal de gaiolas com passarinho A matriz de bordado varal de gaiolas com passarinho \u00e9 perfeita para dar um toque especial \u00e0s suas pe\u00e7as de tecido.  matriz otimizada  tamanhos 10x10cm\u00a0 13x18cm 16x26cm  PRODUTO DIGITAL  arquivo  PES-EXP-HUS-DST-XXX-JEF  Com um design delicado e charmoso, ela permite que voc\u00ea crie bordados incr\u00edveis de gaiolas com passarinhos, trazendo um ar rom\u00e2ntico e encantador para suas cria\u00e7\u00f5es.  Ideal para roupas, acess\u00f3rios e itens de decora\u00e7\u00e3o, essa matriz \u00e9 vers\u00e1til e f\u00e1cil de usar, tornando o processo de bordado ainda mais prazeroso.  Adquira j\u00e1 a sua e deixe suas pe\u00e7as ainda mais bonitas e exclusivas.\" \/>\n<meta property=\"og:url\" content=\"https:\/\/shop.bazarcia.com\/en\/product\/matriz-de-bordado-varal-de-gaiolas-com-passarinho\/\" \/>\n<meta property=\"og:site_name\" content=\"\ud835\udc1b\ud835\udc1a\ud835\udc33\ud835\udc1a\ud835\udc2b &amp; \ud835\udc1c\ud835\udc22\ud835\udc1a\" \/>\n<meta property=\"article:publisher\" content=\"https:\/\/www.facebook.com\/shopbazarcia\" \/>\n<meta property=\"article:modified_time\" content=\"2024-09-19T14:36:22+00:00\" \/>\n<meta property=\"og:image\" content=\"https:\/\/shop.bazarcia.com\/wp-content\/uploads\/2024\/09\/GA-Gaiolas.png\" \/>\n\t<meta property=\"og:image:width\" content=\"2597\" \/>\n\t<meta property=\"og:image:height\" content=\"1775\" \/>\n\t<meta property=\"og:image:type\" content=\"image\/png\" \/>\n<meta name=\"twitter:card\" content=\"summary_large_image\" \/>\n<meta name=\"twitter:label1\" content=\"Est. reading time\" \/>\n\t<meta name=\"twitter:data1\" content=\"1 minute\" \/>\n<script type=\"application\/ld+json\" class=\"yoast-schema-graph\">{\"@context\":\"https:\/\/schema.org\",\"@graph\":[{\"@type\":\"WebPage\",\"@id\":\"https:\/\/shop.bazarcia.com\/produto\/matriz-de-bordado-varal-de-gaiolas-com-passarinho\/\",\"url\":\"https:\/\/shop.bazarcia.com\/produto\/matriz-de-bordado-varal-de-gaiolas-com-passarinho\/\",\"name\":\"Matriz de bordado varal de gaiolas com passarinho - \ud835\udc1b\ud835\udc1a\ud835\udc33\ud835\udc1a\ud835\udc2b &amp; \ud835\udc1c\ud835\udc22\ud835\udc1a\",\"isPartOf\":{\"@id\":\"https:\/\/shop.bazarcia.com\/#website\"},\"primaryImageOfPage\":{\"@id\":\"https:\/\/shop.bazarcia.com\/produto\/matriz-de-bordado-varal-de-gaiolas-com-passarinho\/#primaryimage\"},\"image\":{\"@id\":\"https:\/\/shop.bazarcia.com\/produto\/matriz-de-bordado-varal-de-gaiolas-com-passarinho\/#primaryimage\"},\"thumbnailUrl\":\"https:\/\/shop.bazarcia.com\/wp-content\/uploads\/2024\/09\/GA-Gaiolas-scaled.png\",\"datePublished\":\"2024-09-19T13:46:44+00:00\",\"dateModified\":\"2024-09-19T14:36:22+00:00\",\"breadcrumb\":{\"@id\":\"https:\/\/shop.bazarcia.com\/produto\/matriz-de-bordado-varal-de-gaiolas-com-passarinho\/#breadcrumb\"},\"inLanguage\":\"en-US\",\"potentialAction\":[{\"@type\":\"ReadAction\",\"target\":[\"https:\/\/shop.bazarcia.com\/produto\/matriz-de-bordado-varal-de-gaiolas-com-passarinho\/\"]}]},{\"@type\":\"ImageObject\",\"inLanguage\":\"en-US\",\"@id\":\"https:\/\/shop.bazarcia.com\/produto\/matriz-de-bordado-varal-de-gaiolas-com-passarinho\/#primaryimage\",\"url\":\"https:\/\/shop.bazarcia.com\/wp-content\/uploads\/2024\/09\/GA-Gaiolas-scaled.png\",\"contentUrl\":\"https:\/\/shop.bazarcia.com\/wp-content\/uploads\/2024\/09\/GA-Gaiolas-scaled.png\",\"width\":2560,\"height\":1750},{\"@type\":\"BreadcrumbList\",\"@id\":\"https:\/\/shop.bazarcia.com\/produto\/matriz-de-bordado-varal-de-gaiolas-com-passarinho\/#breadcrumb\",\"itemListElement\":[{\"@type\":\"ListItem\",\"position\":1,\"name\":\"In\u00edcio\",\"item\":\"https:\/\/shop.bazarcia.com\/\"},{\"@type\":\"ListItem\",\"position\":2,\"name\":\"Loja\",\"item\":\"https:\/\/shop.bazarcia.com\/loja\/\"},{\"@type\":\"ListItem\",\"position\":3,\"name\":\"Matriz de bordado varal de gaiolas com passarinho\"}]},{\"@type\":\"WebSite\",\"@id\":\"https:\/\/shop.bazarcia.com\/#website\",\"url\":\"https:\/\/shop.bazarcia.com\/\",\"name\":\"Bazar & Cia\",\"description\":\"criatividade ponto a ponto\",\"publisher\":{\"@id\":\"https:\/\/shop.bazarcia.com\/#organization\"},\"potentialAction\":[{\"@type\":\"SearchAction\",\"target\":{\"@type\":\"EntryPoint\",\"urlTemplate\":\"https:\/\/shop.bazarcia.com\/?s={search_term_string}\"},\"query-input\":{\"@type\":\"PropertyValueSpecification\",\"valueRequired\":true,\"valueName\":\"search_term_string\"}}],\"inLanguage\":\"en-US\"},{\"@type\":\"Organization\",\"@id\":\"https:\/\/shop.bazarcia.com\/#organization\",\"name\":\"Bazar & Cia\",\"url\":\"https:\/\/shop.bazarcia.com\/\",\"logo\":{\"@type\":\"ImageObject\",\"inLanguage\":\"en-US\",\"@id\":\"https:\/\/shop.bazarcia.com\/#\/schema\/logo\/image\/\",\"url\":\"https:\/\/shop.bazarcia.com\/wp-content\/uploads\/2024\/02\/cropped-logo_bazarcia.png\",\"contentUrl\":\"https:\/\/shop.bazarcia.com\/wp-content\/uploads\/2024\/02\/cropped-logo_bazarcia.png\",\"width\":150,\"height\":150,\"caption\":\"Bazar & Cia\"},\"image\":{\"@id\":\"https:\/\/shop.bazarcia.com\/#\/schema\/logo\/image\/\"},\"sameAs\":[\"https:\/\/www.facebook.com\/shopbazarcia\",\"https:\/\/www.instagram.com\/shopbazarcia\",\"https:\/\/br.pinterest.com\/suzane_eloise\/\",\"https:\/\/www.youtube.com\/c\/BazardoBordadoMatrizeseProjetos\"]}]}<\/script>\n<!-- \/ Yoast SEO plugin. -->","yoast_head_json":{"title":"Matriz de bordado varal de gaiolas com passarinho - \ud835\udc1b\ud835\udc1a\ud835\udc33\ud835\udc1a\ud835\udc2b &amp; \ud835\udc1c\ud835\udc22\ud835\udc1a","robots":{"index":"index","follow":"follow","max-snippet":"max-snippet:-1","max-image-preview":"max-image-preview:large","max-video-preview":"max-video-preview:-1"},"canonical":"https:\/\/shop.bazarcia.com\/en\/product\/matriz-de-bordado-varal-de-gaiolas-com-passarinho\/","og_locale":"en_US","og_type":"article","og_title":"Matriz de bordado varal de gaiolas com passarinho - \ud835\udc1b\ud835\udc1a\ud835\udc33\ud835\udc1a\ud835\udc2b &amp; \ud835\udc1c\ud835\udc22\ud835\udc1a","og_description":"Matriz de bordado varal de gaiolas com passarinho A matriz de bordado varal de gaiolas com passarinho \u00e9 perfeita para dar um toque especial \u00e0s suas pe\u00e7as de tecido.  matriz otimizada  tamanhos 10x10cm\u00a0 13x18cm 16x26cm  PRODUTO DIGITAL  arquivo  PES-EXP-HUS-DST-XXX-JEF  Com um design delicado e charmoso, ela permite que voc\u00ea crie bordados incr\u00edveis de gaiolas com passarinhos, trazendo um ar rom\u00e2ntico e encantador para suas cria\u00e7\u00f5es.  Ideal para roupas, acess\u00f3rios e itens de decora\u00e7\u00e3o, essa matriz \u00e9 vers\u00e1til e f\u00e1cil de usar, tornando o processo de bordado ainda mais prazeroso.  Adquira j\u00e1 a sua e deixe suas pe\u00e7as ainda mais bonitas e exclusivas.","og_url":"https:\/\/shop.bazarcia.com\/en\/product\/matriz-de-bordado-varal-de-gaiolas-com-passarinho\/","og_site_name":"\ud835\udc1b\ud835\udc1a\ud835\udc33\ud835\udc1a\ud835\udc2b &amp; \ud835\udc1c\ud835\udc22\ud835\udc1a","article_publisher":"https:\/\/www.facebook.com\/shopbazarcia","article_modified_time":"2024-09-19T14:36:22+00:00","og_image":[{"width":2597,"height":1775,"url":"https:\/\/shop.bazarcia.com\/wp-content\/uploads\/2024\/09\/GA-Gaiolas.png","type":"image\/png"}],"twitter_card":"summary_large_image","twitter_misc":{"Est. reading time":"1 minute"},"schema":{"@context":"https:\/\/schema.org","@graph":[{"@type":"WebPage","@id":"https:\/\/shop.bazarcia.com\/produto\/matriz-de-bordado-varal-de-gaiolas-com-passarinho\/","url":"https:\/\/shop.bazarcia.com\/produto\/matriz-de-bordado-varal-de-gaiolas-com-passarinho\/","name":"Matriz de bordado varal de gaiolas com passarinho - \ud835\udc1b\ud835\udc1a\ud835\udc33\ud835\udc1a\ud835\udc2b &amp; \ud835\udc1c\ud835\udc22\ud835\udc1a","isPartOf":{"@id":"https:\/\/shop.bazarcia.com\/#website"},"primaryImageOfPage":{"@id":"https:\/\/shop.bazarcia.com\/produto\/matriz-de-bordado-varal-de-gaiolas-com-passarinho\/#primaryimage"},"image":{"@id":"https:\/\/shop.bazarcia.com\/produto\/matriz-de-bordado-varal-de-gaiolas-com-passarinho\/#primaryimage"},"thumbnailUrl":"https:\/\/shop.bazarcia.com\/wp-content\/uploads\/2024\/09\/GA-Gaiolas-scaled.png","datePublished":"2024-09-19T13:46:44+00:00","dateModified":"2024-09-19T14:36:22+00:00","breadcrumb":{"@id":"https:\/\/shop.bazarcia.com\/produto\/matriz-de-bordado-varal-de-gaiolas-com-passarinho\/#breadcrumb"},"inLanguage":"en-US","potentialAction":[{"@type":"ReadAction","target":["https:\/\/shop.bazarcia.com\/produto\/matriz-de-bordado-varal-de-gaiolas-com-passarinho\/"]}]},{"@type":"ImageObject","inLanguage":"en-US","@id":"https:\/\/shop.bazarcia.com\/produto\/matriz-de-bordado-varal-de-gaiolas-com-passarinho\/#primaryimage","url":"https:\/\/shop.bazarcia.com\/wp-content\/uploads\/2024\/09\/GA-Gaiolas-scaled.png","contentUrl":"https:\/\/shop.bazarcia.com\/wp-content\/uploads\/2024\/09\/GA-Gaiolas-scaled.png","width":2560,"height":1750},{"@type":"BreadcrumbList","@id":"https:\/\/shop.bazarcia.com\/produto\/matriz-de-bordado-varal-de-gaiolas-com-passarinho\/#breadcrumb","itemListElement":[{"@type":"ListItem","position":1,"name":"In\u00edcio","item":"https:\/\/shop.bazarcia.com\/"},{"@type":"ListItem","position":2,"name":"Loja","item":"https:\/\/shop.bazarcia.com\/loja\/"},{"@type":"ListItem","position":3,"name":"Matriz de bordado varal de gaiolas com passarinho"}]},{"@type":"WebSite","@id":"https:\/\/shop.bazarcia.com\/#website","url":"https:\/\/shop.bazarcia.com\/","name":"Bazar & Cia","description":"criatividade ponto a ponto","publisher":{"@id":"https:\/\/shop.bazarcia.com\/#organization"},"potentialAction":[{"@type":"SearchAction","target":{"@type":"EntryPoint","urlTemplate":"https:\/\/shop.bazarcia.com\/?s={search_term_string}"},"query-input":{"@type":"PropertyValueSpecification","valueRequired":true,"valueName":"search_term_string"}}],"inLanguage":"en-US"},{"@type":"Organization","@id":"https:\/\/shop.bazarcia.com\/#organization","name":"Bazar & Cia","url":"https:\/\/shop.bazarcia.com\/","logo":{"@type":"ImageObject","inLanguage":"en-US","@id":"https:\/\/shop.bazarcia.com\/#\/schema\/logo\/image\/","url":"https:\/\/shop.bazarcia.com\/wp-content\/uploads\/2024\/02\/cropped-logo_bazarcia.png","contentUrl":"https:\/\/shop.bazarcia.com\/wp-content\/uploads\/2024\/02\/cropped-logo_bazarcia.png","width":150,"height":150,"caption":"Bazar & Cia"},"image":{"@id":"https:\/\/shop.bazarcia.com\/#\/schema\/logo\/image\/"},"sameAs":["https:\/\/www.facebook.com\/shopbazarcia","https:\/\/www.instagram.com\/shopbazarcia","https:\/\/br.pinterest.com\/suzane_eloise\/","https:\/\/www.youtube.com\/c\/BazardoBordadoMatrizeseProjetos"]}]}},"_links":{"self":[{"href":"https:\/\/shop.bazarcia.com\/en\/wp-json\/wp\/v2\/product\/291525","targetHints":{"allow":["GET"]}}],"collection":[{"href":"https:\/\/shop.bazarcia.com\/en\/wp-json\/wp\/v2\/product"}],"about":[{"href":"https:\/\/shop.bazarcia.com\/en\/wp-json\/wp\/v2\/types\/product"}],"replies":[{"embeddable":true,"href":"https:\/\/shop.bazarcia.com\/en\/wp-json\/wp\/v2\/comments?post=291525"}],"version-history":[{"count":1,"href":"https:\/\/shop.bazarcia.com\/en\/wp-json\/wp\/v2\/product\/291525\/revisions"}],"predecessor-version":[{"id":291540,"href":"https:\/\/shop.bazarcia.com\/en\/wp-json\/wp\/v2\/product\/291525\/revisions\/291540"}],"wp:featuredmedia":[{"embeddable":true,"href":"https:\/\/shop.bazarcia.com\/en\/wp-json\/wp\/v2\/media\/291538"}],"wp:attachment":[{"href":"https:\/\/shop.bazarcia.com\/en\/wp-json\/wp\/v2\/media?parent=291525"}],"wp:term":[{"taxonomy":"product_brand","embeddable":true,"href":"https:\/\/shop.bazarcia.com\/en\/wp-json\/wp\/v2\/product_brand?post=291525"},{"taxonomy":"product_cat","embeddable":true,"href":"https:\/\/shop.bazarcia.com\/en\/wp-json\/wp\/v2\/product_cat?post=291525"},{"taxonomy":"product_tag","embeddable":true,"href":"https:\/\/shop.bazarcia.com\/en\/wp-json\/wp\/v2\/product_tag?post=291525"}],"curies":[{"name":"wp","href":"https:\/\/api.w.org\/{rel}","templated":true}]}}