{"id":293030,"date":"2024-09-26T10:47:32","date_gmt":"2024-09-26T13:47:32","guid":{"rendered":"https:\/\/shop.bazarcia.com\/?post_type=product&#038;p=293030"},"modified":"2026-01-21T07:23:20","modified_gmt":"2026-01-21T10:23:20","slug":"alfabeto-flores-delicadas","status":"publish","type":"product","link":"https:\/\/shop.bazarcia.com\/en\/product\/alfabeto-flores-delicadas\/","title":{"rendered":"Combo Especial 2 Alfabetos &#8211; Aplique ou Vazado e Aplique com Flores"},"content":{"rendered":"<ul>\n<li>Letra em 7 cm<\/li>\n<li>Letra em 10 cm<\/li>\n<li>Letra em 13 cm<\/li>\n<li>Formatos no arquivo: DST, EXP, JEF, PES e XXX.<\/li>\n<li>Nomes; Caio, Dora e Olivia \u00e9 somente ilustrativo (n\u00e3o est\u00e1 no arquivo) seria fonte de inspira\u00e7\u00e3o.<\/li>\n<\/ul>","protected":false},"excerpt":{"rendered":"<p><strong>Aproveite a PROMO\u00c7\u00c3O, bordadeira! Cole\u00e7\u00f5es para fazer bordados para meninos, meninas e adultos com a mesma cole\u00e7\u00e3o!\u00a0<\/strong><\/p>\n<p>S\u00e3o Letras que podes usar <strong><em>vazada ou como aplique<\/em><\/strong> tamb\u00e9m. As <em>flores s\u00e3o em pontos leves<\/em>, ent\u00e3o podes usar o nacarado\/celofane para faz\u00ea-las brilhar!<\/p>\n<p>E, se bordar somente o pesponto, ter\u00e1s uma matriz muito delicada e diferente! Presenteie a tua cliente com esses pontinhos r\u00e1pidos de fazer!<\/p>\n<p>S\u00e3o tr\u00eas tamanhos: 7, 10 e 13cm.<\/p>\n<p>Estou te enviando alguns nomes como presente no arquivo Alfabeto Aplique ou Vazado.<\/p>\n<p><strong>Nomes; Caio, Dora e Olivia \u00e9 somente ilustrativo (n\u00e3o est\u00e1 no arquivo) seria fonte de inspira\u00e7\u00e3o.<\/strong><\/p>","protected":false},"featured_media":293031,"comment_status":"open","ping_status":"closed","template":"","meta":{"_acf_changed":false,"_joinchat":[]},"product_brand":[],"product_cat":[277,85,84],"product_tag":[1170,1431,1433,1280,1091,1532,1430],"class_list":{"0":"post-293030","1":"product","2":"type-product","3":"status-publish","4":"has-post-thumbnail","6":"product_cat-alfabetos","7":"product_cat-apliques","8":"product_cat-matrizes-de-bordado","9":"product_tag-bordado","10":"product_tag-bordado-computadorizado","11":"product_tag-bordado-eletronico","12":"product_tag-bordar","13":"product_tag-brother","14":"product_tag-manta","15":"product_tag-matriz-de-bordado","17":"first","18":"instock","19":"sale","20":"downloadable","21":"virtual","22":"purchasable","23":"product-type-simple"},"acf":[],"yoast_head":"<!-- This site is optimized with the Yoast SEO plugin v27.2 - https:\/\/yoast.com\/product\/yoast-seo-wordpress\/ -->\n<title>Combo Especial 2 Alfabetos - Aplique ou Vazado e Aplique com Flores - \ud835\udc1b\ud835\udc1a\ud835\udc33\ud835\udc1a\ud835\udc2b &amp; \ud835\udc1c\ud835\udc22\ud835\udc1a<\/title>\n<meta name=\"robots\" content=\"index, follow, max-snippet:-1, max-image-preview:large, max-video-preview:-1\" \/>\n<link rel=\"canonical\" href=\"https:\/\/shop.bazarcia.com\/en\/product\/alfabeto-flores-delicadas\/\" \/>\n<meta property=\"og:locale\" content=\"en_US\" \/>\n<meta property=\"og:type\" content=\"article\" \/>\n<meta property=\"og:title\" content=\"Combo Especial 2 Alfabetos - Aplique ou Vazado e Aplique com Flores - \ud835\udc1b\ud835\udc1a\ud835\udc33\ud835\udc1a\ud835\udc2b &amp; \ud835\udc1c\ud835\udc22\ud835\udc1a\" \/>\n<meta property=\"og:description\" content=\"Aproveite a PROMO\u00c7\u00c3O, bordadeira! Cole\u00e7\u00f5es para fazer bordados para meninos, meninas e adultos com a mesma cole\u00e7\u00e3o!\u00a0  S\u00e3o Letras que podes usar vazada ou como aplique tamb\u00e9m. As flores s\u00e3o em pontos leves, ent\u00e3o podes usar o nacarado\/celofane para faz\u00ea-las brilhar!  E, se bordar somente o pesponto, ter\u00e1s uma matriz muito delicada e diferente! Presenteie a tua cliente com esses pontinhos r\u00e1pidos de fazer!  S\u00e3o tr\u00eas tamanhos: 7, 10 e 13cm.  Estou te enviando alguns nomes como presente no arquivo Alfabeto Aplique ou Vazado.  Nomes; Caio, Dora e Olivia \u00e9 somente ilustrativo (n\u00e3o est\u00e1 no arquivo) seria fonte de inspira\u00e7\u00e3o.\" \/>\n<meta property=\"og:url\" content=\"https:\/\/shop.bazarcia.com\/en\/product\/alfabeto-flores-delicadas\/\" \/>\n<meta property=\"og:site_name\" content=\"\ud835\udc1b\ud835\udc1a\ud835\udc33\ud835\udc1a\ud835\udc2b &amp; \ud835\udc1c\ud835\udc22\ud835\udc1a\" \/>\n<meta property=\"article:publisher\" content=\"https:\/\/www.facebook.com\/shopbazarcia\" \/>\n<meta property=\"article:modified_time\" content=\"2026-01-21T10:23:20+00:00\" \/>\n<meta property=\"og:image\" content=\"https:\/\/shop.bazarcia.com\/wp-content\/uploads\/2024\/09\/IMG_1353-scaled.jpg\" \/>\n\t<meta property=\"og:image:width\" content=\"1920\" \/>\n\t<meta property=\"og:image:height\" content=\"2560\" \/>\n\t<meta property=\"og:image:type\" content=\"image\/jpeg\" \/>\n<meta name=\"twitter:card\" content=\"summary_large_image\" \/>\n<meta name=\"twitter:label1\" content=\"Est. reading time\" \/>\n\t<meta name=\"twitter:data1\" content=\"1 minute\" \/>\n<script type=\"application\/ld+json\" class=\"yoast-schema-graph\">{\"@context\":\"https:\/\/schema.org\",\"@graph\":[{\"@type\":\"WebPage\",\"@id\":\"https:\/\/shop.bazarcia.com\/produto\/alfabeto-flores-delicadas\/\",\"url\":\"https:\/\/shop.bazarcia.com\/produto\/alfabeto-flores-delicadas\/\",\"name\":\"Combo Especial 2 Alfabetos - Aplique ou Vazado e Aplique com Flores - \ud835\udc1b\ud835\udc1a\ud835\udc33\ud835\udc1a\ud835\udc2b &amp; \ud835\udc1c\ud835\udc22\ud835\udc1a\",\"isPartOf\":{\"@id\":\"https:\/\/shop.bazarcia.com\/#website\"},\"primaryImageOfPage\":{\"@id\":\"https:\/\/shop.bazarcia.com\/produto\/alfabeto-flores-delicadas\/#primaryimage\"},\"image\":{\"@id\":\"https:\/\/shop.bazarcia.com\/produto\/alfabeto-flores-delicadas\/#primaryimage\"},\"thumbnailUrl\":\"https:\/\/shop.bazarcia.com\/wp-content\/uploads\/2024\/09\/IMG_1353-scaled.jpg\",\"datePublished\":\"2024-09-26T13:47:32+00:00\",\"dateModified\":\"2026-01-21T10:23:20+00:00\",\"breadcrumb\":{\"@id\":\"https:\/\/shop.bazarcia.com\/produto\/alfabeto-flores-delicadas\/#breadcrumb\"},\"inLanguage\":\"en-US\",\"potentialAction\":[{\"@type\":\"ReadAction\",\"target\":[\"https:\/\/shop.bazarcia.com\/produto\/alfabeto-flores-delicadas\/\"]}]},{\"@type\":\"ImageObject\",\"inLanguage\":\"en-US\",\"@id\":\"https:\/\/shop.bazarcia.com\/produto\/alfabeto-flores-delicadas\/#primaryimage\",\"url\":\"https:\/\/shop.bazarcia.com\/wp-content\/uploads\/2024\/09\/IMG_1353-scaled.jpg\",\"contentUrl\":\"https:\/\/shop.bazarcia.com\/wp-content\/uploads\/2024\/09\/IMG_1353-scaled.jpg\",\"width\":1920,\"height\":2560,\"caption\":\"Edited with Lens Distortions v6.8.1\"},{\"@type\":\"BreadcrumbList\",\"@id\":\"https:\/\/shop.bazarcia.com\/produto\/alfabeto-flores-delicadas\/#breadcrumb\",\"itemListElement\":[{\"@type\":\"ListItem\",\"position\":1,\"name\":\"In\u00edcio\",\"item\":\"https:\/\/shop.bazarcia.com\/\"},{\"@type\":\"ListItem\",\"position\":2,\"name\":\"Loja\",\"item\":\"https:\/\/shop.bazarcia.com\/loja\/\"},{\"@type\":\"ListItem\",\"position\":3,\"name\":\"Combo Especial 2 Alfabetos &#8211; Aplique ou Vazado e Aplique com Flores\"}]},{\"@type\":\"WebSite\",\"@id\":\"https:\/\/shop.bazarcia.com\/#website\",\"url\":\"https:\/\/shop.bazarcia.com\/\",\"name\":\"Bazar & Cia\",\"description\":\"criatividade ponto a ponto\",\"publisher\":{\"@id\":\"https:\/\/shop.bazarcia.com\/#organization\"},\"potentialAction\":[{\"@type\":\"SearchAction\",\"target\":{\"@type\":\"EntryPoint\",\"urlTemplate\":\"https:\/\/shop.bazarcia.com\/?s={search_term_string}\"},\"query-input\":{\"@type\":\"PropertyValueSpecification\",\"valueRequired\":true,\"valueName\":\"search_term_string\"}}],\"inLanguage\":\"en-US\"},{\"@type\":\"Organization\",\"@id\":\"https:\/\/shop.bazarcia.com\/#organization\",\"name\":\"Bazar & Cia\",\"url\":\"https:\/\/shop.bazarcia.com\/\",\"logo\":{\"@type\":\"ImageObject\",\"inLanguage\":\"en-US\",\"@id\":\"https:\/\/shop.bazarcia.com\/#\/schema\/logo\/image\/\",\"url\":\"https:\/\/shop.bazarcia.com\/wp-content\/uploads\/2024\/02\/cropped-logo_bazarcia.png\",\"contentUrl\":\"https:\/\/shop.bazarcia.com\/wp-content\/uploads\/2024\/02\/cropped-logo_bazarcia.png\",\"width\":150,\"height\":150,\"caption\":\"Bazar & Cia\"},\"image\":{\"@id\":\"https:\/\/shop.bazarcia.com\/#\/schema\/logo\/image\/\"},\"sameAs\":[\"https:\/\/www.facebook.com\/shopbazarcia\",\"https:\/\/www.instagram.com\/shopbazarcia\",\"https:\/\/br.pinterest.com\/suzane_eloise\/\",\"https:\/\/www.youtube.com\/c\/BazardoBordadoMatrizeseProjetos\"]}]}<\/script>\n<!-- \/ Yoast SEO plugin. -->","yoast_head_json":{"title":"Combo Especial 2 Alfabetos - Aplique ou Vazado e Aplique com Flores - \ud835\udc1b\ud835\udc1a\ud835\udc33\ud835\udc1a\ud835\udc2b &amp; \ud835\udc1c\ud835\udc22\ud835\udc1a","robots":{"index":"index","follow":"follow","max-snippet":"max-snippet:-1","max-image-preview":"max-image-preview:large","max-video-preview":"max-video-preview:-1"},"canonical":"https:\/\/shop.bazarcia.com\/en\/product\/alfabeto-flores-delicadas\/","og_locale":"en_US","og_type":"article","og_title":"Combo Especial 2 Alfabetos - Aplique ou Vazado e Aplique com Flores - \ud835\udc1b\ud835\udc1a\ud835\udc33\ud835\udc1a\ud835\udc2b &amp; \ud835\udc1c\ud835\udc22\ud835\udc1a","og_description":"Aproveite a PROMO\u00c7\u00c3O, bordadeira! Cole\u00e7\u00f5es para fazer bordados para meninos, meninas e adultos com a mesma cole\u00e7\u00e3o!\u00a0  S\u00e3o Letras que podes usar vazada ou como aplique tamb\u00e9m. As flores s\u00e3o em pontos leves, ent\u00e3o podes usar o nacarado\/celofane para faz\u00ea-las brilhar!  E, se bordar somente o pesponto, ter\u00e1s uma matriz muito delicada e diferente! Presenteie a tua cliente com esses pontinhos r\u00e1pidos de fazer!  S\u00e3o tr\u00eas tamanhos: 7, 10 e 13cm.  Estou te enviando alguns nomes como presente no arquivo Alfabeto Aplique ou Vazado.  Nomes; Caio, Dora e Olivia \u00e9 somente ilustrativo (n\u00e3o est\u00e1 no arquivo) seria fonte de inspira\u00e7\u00e3o.","og_url":"https:\/\/shop.bazarcia.com\/en\/product\/alfabeto-flores-delicadas\/","og_site_name":"\ud835\udc1b\ud835\udc1a\ud835\udc33\ud835\udc1a\ud835\udc2b &amp; \ud835\udc1c\ud835\udc22\ud835\udc1a","article_publisher":"https:\/\/www.facebook.com\/shopbazarcia","article_modified_time":"2026-01-21T10:23:20+00:00","og_image":[{"width":1920,"height":2560,"url":"https:\/\/shop.bazarcia.com\/wp-content\/uploads\/2024\/09\/IMG_1353-scaled.jpg","type":"image\/jpeg"}],"twitter_card":"summary_large_image","twitter_misc":{"Est. reading time":"1 minute"},"schema":{"@context":"https:\/\/schema.org","@graph":[{"@type":"WebPage","@id":"https:\/\/shop.bazarcia.com\/produto\/alfabeto-flores-delicadas\/","url":"https:\/\/shop.bazarcia.com\/produto\/alfabeto-flores-delicadas\/","name":"Combo Especial 2 Alfabetos - Aplique ou Vazado e Aplique com Flores - \ud835\udc1b\ud835\udc1a\ud835\udc33\ud835\udc1a\ud835\udc2b &amp; \ud835\udc1c\ud835\udc22\ud835\udc1a","isPartOf":{"@id":"https:\/\/shop.bazarcia.com\/#website"},"primaryImageOfPage":{"@id":"https:\/\/shop.bazarcia.com\/produto\/alfabeto-flores-delicadas\/#primaryimage"},"image":{"@id":"https:\/\/shop.bazarcia.com\/produto\/alfabeto-flores-delicadas\/#primaryimage"},"thumbnailUrl":"https:\/\/shop.bazarcia.com\/wp-content\/uploads\/2024\/09\/IMG_1353-scaled.jpg","datePublished":"2024-09-26T13:47:32+00:00","dateModified":"2026-01-21T10:23:20+00:00","breadcrumb":{"@id":"https:\/\/shop.bazarcia.com\/produto\/alfabeto-flores-delicadas\/#breadcrumb"},"inLanguage":"en-US","potentialAction":[{"@type":"ReadAction","target":["https:\/\/shop.bazarcia.com\/produto\/alfabeto-flores-delicadas\/"]}]},{"@type":"ImageObject","inLanguage":"en-US","@id":"https:\/\/shop.bazarcia.com\/produto\/alfabeto-flores-delicadas\/#primaryimage","url":"https:\/\/shop.bazarcia.com\/wp-content\/uploads\/2024\/09\/IMG_1353-scaled.jpg","contentUrl":"https:\/\/shop.bazarcia.com\/wp-content\/uploads\/2024\/09\/IMG_1353-scaled.jpg","width":1920,"height":2560,"caption":"Edited with Lens Distortions v6.8.1"},{"@type":"BreadcrumbList","@id":"https:\/\/shop.bazarcia.com\/produto\/alfabeto-flores-delicadas\/#breadcrumb","itemListElement":[{"@type":"ListItem","position":1,"name":"In\u00edcio","item":"https:\/\/shop.bazarcia.com\/"},{"@type":"ListItem","position":2,"name":"Loja","item":"https:\/\/shop.bazarcia.com\/loja\/"},{"@type":"ListItem","position":3,"name":"Combo Especial 2 Alfabetos &#8211; Aplique ou Vazado e Aplique com Flores"}]},{"@type":"WebSite","@id":"https:\/\/shop.bazarcia.com\/#website","url":"https:\/\/shop.bazarcia.com\/","name":"Bazar & Cia","description":"criatividade ponto a ponto","publisher":{"@id":"https:\/\/shop.bazarcia.com\/#organization"},"potentialAction":[{"@type":"SearchAction","target":{"@type":"EntryPoint","urlTemplate":"https:\/\/shop.bazarcia.com\/?s={search_term_string}"},"query-input":{"@type":"PropertyValueSpecification","valueRequired":true,"valueName":"search_term_string"}}],"inLanguage":"en-US"},{"@type":"Organization","@id":"https:\/\/shop.bazarcia.com\/#organization","name":"Bazar & Cia","url":"https:\/\/shop.bazarcia.com\/","logo":{"@type":"ImageObject","inLanguage":"en-US","@id":"https:\/\/shop.bazarcia.com\/#\/schema\/logo\/image\/","url":"https:\/\/shop.bazarcia.com\/wp-content\/uploads\/2024\/02\/cropped-logo_bazarcia.png","contentUrl":"https:\/\/shop.bazarcia.com\/wp-content\/uploads\/2024\/02\/cropped-logo_bazarcia.png","width":150,"height":150,"caption":"Bazar & Cia"},"image":{"@id":"https:\/\/shop.bazarcia.com\/#\/schema\/logo\/image\/"},"sameAs":["https:\/\/www.facebook.com\/shopbazarcia","https:\/\/www.instagram.com\/shopbazarcia","https:\/\/br.pinterest.com\/suzane_eloise\/","https:\/\/www.youtube.com\/c\/BazardoBordadoMatrizeseProjetos"]}]}},"_links":{"self":[{"href":"https:\/\/shop.bazarcia.com\/en\/wp-json\/wp\/v2\/product\/293030","targetHints":{"allow":["GET"]}}],"collection":[{"href":"https:\/\/shop.bazarcia.com\/en\/wp-json\/wp\/v2\/product"}],"about":[{"href":"https:\/\/shop.bazarcia.com\/en\/wp-json\/wp\/v2\/types\/product"}],"replies":[{"embeddable":true,"href":"https:\/\/shop.bazarcia.com\/en\/wp-json\/wp\/v2\/comments?post=293030"}],"version-history":[{"count":10,"href":"https:\/\/shop.bazarcia.com\/en\/wp-json\/wp\/v2\/product\/293030\/revisions"}],"predecessor-version":[{"id":359433,"href":"https:\/\/shop.bazarcia.com\/en\/wp-json\/wp\/v2\/product\/293030\/revisions\/359433"}],"wp:featuredmedia":[{"embeddable":true,"href":"https:\/\/shop.bazarcia.com\/en\/wp-json\/wp\/v2\/media\/293031"}],"wp:attachment":[{"href":"https:\/\/shop.bazarcia.com\/en\/wp-json\/wp\/v2\/media?parent=293030"}],"wp:term":[{"taxonomy":"product_brand","embeddable":true,"href":"https:\/\/shop.bazarcia.com\/en\/wp-json\/wp\/v2\/product_brand?post=293030"},{"taxonomy":"product_cat","embeddable":true,"href":"https:\/\/shop.bazarcia.com\/en\/wp-json\/wp\/v2\/product_cat?post=293030"},{"taxonomy":"product_tag","embeddable":true,"href":"https:\/\/shop.bazarcia.com\/en\/wp-json\/wp\/v2\/product_tag?post=293030"}],"curies":[{"name":"wp","href":"https:\/\/api.w.org\/{rel}","templated":true}]}}