{"id":294777,"date":"2024-10-04T17:12:10","date_gmt":"2024-10-04T20:12:10","guid":{"rendered":"https:\/\/shop.bazarcia.com\/?post_type=product&#038;p=294777"},"modified":"2024-10-04T18:09:22","modified_gmt":"2024-10-04T21:09:22","slug":"matriz-de-bordado-personalizado-nivel-complexa","status":"publish","type":"product","link":"https:\/\/shop.bazarcia.com\/en\/product\/matriz-de-bordado-personalizado-nivel-complexa\/","title":{"rendered":"Matriz de Bordado \u2013 Personalizado \u2013 N\u00edvel Complexa"},"content":{"rendered":"<p>Para saber se seu pedido se encaixa no n\u00edvel de complexidade COMPLEXA veja os exemplos que deixei nas imagens, se mesmo assim ainda estiver com d\u00favidas entre em contato atrav\u00e9s do bot\u00e3o de WhatsApp<\/p>\n<p>IMPORTANTE: Antes de CLICAR EM COMPRAR tire todas suas d\u00favidas atrav\u00e9s do n\u00famero de atendimento do site (62) 99351-7244.<\/p>\n<p>Para realizar seu or\u00e7amento entre em contato e forne\u00e7a as seguintes informa\u00e7\u00f5es:<\/p>\n<ul>\n<li>Envie a arte de boa qualidade em qualquer um dos seguintes formatos .pdf, .png, .jpg, .cdr, .ai ou .eps (Caso for um uniforme, e o cliente j\u00e1 possuir uniforme bordado, favor enviar uma foto do bordado do uniforme para que a matriz fique o mais pr\u00f3ximo poss\u00edvel.)<\/li>\n<li>Informe o tamanho que precisa, por exemplo 10cm para peito, ou 18cm para costas, ou para manga, etc. Caso precise de dois ou mais tamanhos muito diferentes como 10cm 18cm 26cm favor informar antecipadamente para avalia\u00e7\u00e3o<\/li>\n<li>Forne\u00e7a o tipo de tecido que vai bordar, pois cada tipo de tecido tem uma configura\u00e7\u00e3o diferente.<\/li>\n<\/ul>\n<p>Prazo para entrega \u00e9 de 2 dias \u00fateis ap\u00f3s a confirma\u00e7\u00e3o de pagamento (Caso for de urg\u00eancia verificar a disponibilidade antes de efetuar o pagamento)<\/p>\n<p>Enviaremos o arquivo em formato de m\u00e1quina, (favor fornecer o formato que deseja junto ao or\u00e7amento exemplo PES \u2013 JEF \u2013 EXP \u2013 HUS \u2013 XXX \u2013 DST) n\u00e3o enviamos em .EMB<\/p>\n<p>Ap\u00f3s o envio voc\u00ea dever\u00e1 testar a matriz em uma amostra de tecido igual ao informado no or\u00e7amento. Caso necessite de ajustes mandar uma foto do teste com a frente e o verso do bordado explicando sua necessidade.<\/p>\n<ul style=\"font-family: Georgia\">\n<li>Aten\u00e7\u00e3o todas as matrizes vendidas por mim foram programadas por mim, N\u00c3O VENDO MATRIZES BAIXADAS DE SITES, GRUPOS ETC. Portanto dou todo o suporte caso haja qualquer erro nela, garantindo assim sua satisfa\u00e7\u00e3o.<\/li>\n<\/ul>\n<ul style=\"font-family: Georgia\">\n<li>Adquirindo nossas matrizes e projetos voc\u00ea se declara de acordo com nossos\u00a0<a href=\"https:\/\/shop.bazarcia.com\/en\/store\/arnaldo-designer-e-matrizes\/toc\/\">TERMOS E CONDI\u00c7\u00d5ES<\/a><\/li>\n<\/ul>\n<ul style=\"font-family: Georgia\">\n<li>Matriz de bordado desenvolvida por <a href=\"https:\/\/shop.bazarcia.com\/en\/store\/arnaldo-designer-e-matrizes\/\">A C Designer e Matrizes de Bordados<\/a><\/li>\n<\/ul>\n<ul style=\"font-family: Georgia\">\n<li>Designer: <a href=\"https:\/\/shop.bazarcia.com\/en\/store\/arnaldo-designer-e-matrizes\/biography\/\">Arnaldo Cavalcante<\/a><\/li>\n<\/ul>","protected":false},"excerpt":{"rendered":"<p>Programa\u00e7\u00e3o de Matrizes de bordado sob encomenda, Leia a descri\u00e7\u00e3o!<\/p>","protected":false},"featured_media":294779,"comment_status":"open","ping_status":"closed","template":"","meta":{"_acf_changed":false,"_joinchat":[]},"product_brand":[],"product_cat":[84,1318],"product_tag":[1170,1431,1433,1430,1432],"class_list":{"0":"post-294777","1":"product","2":"type-product","3":"status-publish","4":"has-post-thumbnail","6":"product_cat-matrizes-de-bordado","7":"product_cat-matrizes-de-bordado-sob-encomenda","8":"product_tag-bordado","9":"product_tag-bordado-computadorizado","10":"product_tag-bordado-eletronico","11":"product_tag-matriz-de-bordado","12":"product_tag-matrizes-de-bordado","14":"first","15":"instock","16":"downloadable","17":"virtual","18":"purchasable","19":"product-type-simple"},"acf":[],"yoast_head":"<!-- This site is optimized with the Yoast SEO plugin v27.2 - https:\/\/yoast.com\/product\/yoast-seo-wordpress\/ -->\n<title>Matriz de Bordado \u2013 Personalizado \u2013 N\u00edvel Complexa - \ud835\udc1b\ud835\udc1a\ud835\udc33\ud835\udc1a\ud835\udc2b &amp; \ud835\udc1c\ud835\udc22\ud835\udc1a<\/title>\n<meta name=\"description\" content=\"Para saber se seu pedido se encaixa no n\u00edvel de complexidade COMPLEXA veja os exemplos que deixei nas imagens, se mesmo assim ainda estiver com d\u00favidas entre em contato atrav\u00e9s do bot\u00e3o de WhatsApp\" \/>\n<meta name=\"robots\" content=\"index, follow, max-snippet:-1, max-image-preview:large, max-video-preview:-1\" \/>\n<link rel=\"canonical\" href=\"https:\/\/shop.bazarcia.com\/en\/product\/matriz-de-bordado-personalizado-nivel-complexa\/\" \/>\n<meta property=\"og:locale\" content=\"en_US\" \/>\n<meta property=\"og:type\" content=\"article\" \/>\n<meta property=\"og:title\" content=\"Matriz de Bordado \u2013 Personalizado \u2013 N\u00edvel Complexa - \ud835\udc1b\ud835\udc1a\ud835\udc33\ud835\udc1a\ud835\udc2b &amp; \ud835\udc1c\ud835\udc22\ud835\udc1a\" \/>\n<meta property=\"og:description\" content=\"Para saber se seu pedido se encaixa no n\u00edvel de complexidade COMPLEXA veja os exemplos que deixei nas imagens, se mesmo assim ainda estiver com d\u00favidas entre em contato atrav\u00e9s do bot\u00e3o de WhatsApp\" \/>\n<meta property=\"og:url\" content=\"https:\/\/shop.bazarcia.com\/en\/product\/matriz-de-bordado-personalizado-nivel-complexa\/\" \/>\n<meta property=\"og:site_name\" content=\"\ud835\udc1b\ud835\udc1a\ud835\udc33\ud835\udc1a\ud835\udc2b &amp; \ud835\udc1c\ud835\udc22\ud835\udc1a\" \/>\n<meta property=\"article:publisher\" content=\"https:\/\/www.facebook.com\/shopbazarcia\" \/>\n<meta property=\"article:modified_time\" content=\"2024-10-04T21:09:22+00:00\" \/>\n<meta property=\"og:image\" content=\"https:\/\/shop.bazarcia.com\/wp-content\/uploads\/2024\/10\/04site2.jpg\" \/>\n\t<meta property=\"og:image:width\" content=\"1080\" \/>\n\t<meta property=\"og:image:height\" content=\"1080\" \/>\n\t<meta property=\"og:image:type\" content=\"image\/jpeg\" \/>\n<meta name=\"twitter:card\" content=\"summary_large_image\" \/>\n<meta name=\"twitter:label1\" content=\"Est. reading time\" \/>\n\t<meta name=\"twitter:data1\" content=\"2 minutes\" \/>\n<script type=\"application\/ld+json\" class=\"yoast-schema-graph\">{\"@context\":\"https:\/\/schema.org\",\"@graph\":[{\"@type\":\"WebPage\",\"@id\":\"https:\/\/shop.bazarcia.com\/produto\/matriz-de-bordado-personalizado-nivel-complexa\/\",\"url\":\"https:\/\/shop.bazarcia.com\/produto\/matriz-de-bordado-personalizado-nivel-complexa\/\",\"name\":\"Matriz de Bordado \u2013 Personalizado \u2013 N\u00edvel Complexa - \ud835\udc1b\ud835\udc1a\ud835\udc33\ud835\udc1a\ud835\udc2b &amp; \ud835\udc1c\ud835\udc22\ud835\udc1a\",\"isPartOf\":{\"@id\":\"https:\/\/shop.bazarcia.com\/#website\"},\"primaryImageOfPage\":{\"@id\":\"https:\/\/shop.bazarcia.com\/produto\/matriz-de-bordado-personalizado-nivel-complexa\/#primaryimage\"},\"image\":{\"@id\":\"https:\/\/shop.bazarcia.com\/produto\/matriz-de-bordado-personalizado-nivel-complexa\/#primaryimage\"},\"thumbnailUrl\":\"https:\/\/shop.bazarcia.com\/wp-content\/uploads\/2024\/10\/04site2.jpg\",\"datePublished\":\"2024-10-04T20:12:10+00:00\",\"dateModified\":\"2024-10-04T21:09:22+00:00\",\"description\":\"Para saber se seu pedido se encaixa no n\u00edvel de complexidade COMPLEXA veja os exemplos que deixei nas imagens, se mesmo assim ainda estiver com d\u00favidas entre em contato atrav\u00e9s do bot\u00e3o de WhatsApp\",\"breadcrumb\":{\"@id\":\"https:\/\/shop.bazarcia.com\/produto\/matriz-de-bordado-personalizado-nivel-complexa\/#breadcrumb\"},\"inLanguage\":\"en-US\",\"potentialAction\":[{\"@type\":\"ReadAction\",\"target\":[\"https:\/\/shop.bazarcia.com\/produto\/matriz-de-bordado-personalizado-nivel-complexa\/\"]}]},{\"@type\":\"ImageObject\",\"inLanguage\":\"en-US\",\"@id\":\"https:\/\/shop.bazarcia.com\/produto\/matriz-de-bordado-personalizado-nivel-complexa\/#primaryimage\",\"url\":\"https:\/\/shop.bazarcia.com\/wp-content\/uploads\/2024\/10\/04site2.jpg\",\"contentUrl\":\"https:\/\/shop.bazarcia.com\/wp-content\/uploads\/2024\/10\/04site2.jpg\",\"width\":1080,\"height\":1080},{\"@type\":\"BreadcrumbList\",\"@id\":\"https:\/\/shop.bazarcia.com\/produto\/matriz-de-bordado-personalizado-nivel-complexa\/#breadcrumb\",\"itemListElement\":[{\"@type\":\"ListItem\",\"position\":1,\"name\":\"In\u00edcio\",\"item\":\"https:\/\/shop.bazarcia.com\/\"},{\"@type\":\"ListItem\",\"position\":2,\"name\":\"Loja\",\"item\":\"https:\/\/shop.bazarcia.com\/loja\/\"},{\"@type\":\"ListItem\",\"position\":3,\"name\":\"Matriz de Bordado \u2013 Personalizado \u2013 N\u00edvel Complexa\"}]},{\"@type\":\"WebSite\",\"@id\":\"https:\/\/shop.bazarcia.com\/#website\",\"url\":\"https:\/\/shop.bazarcia.com\/\",\"name\":\"Bazar & Cia\",\"description\":\"criatividade ponto a ponto\",\"publisher\":{\"@id\":\"https:\/\/shop.bazarcia.com\/#organization\"},\"potentialAction\":[{\"@type\":\"SearchAction\",\"target\":{\"@type\":\"EntryPoint\",\"urlTemplate\":\"https:\/\/shop.bazarcia.com\/?s={search_term_string}\"},\"query-input\":{\"@type\":\"PropertyValueSpecification\",\"valueRequired\":true,\"valueName\":\"search_term_string\"}}],\"inLanguage\":\"en-US\"},{\"@type\":\"Organization\",\"@id\":\"https:\/\/shop.bazarcia.com\/#organization\",\"name\":\"Bazar & Cia\",\"url\":\"https:\/\/shop.bazarcia.com\/\",\"logo\":{\"@type\":\"ImageObject\",\"inLanguage\":\"en-US\",\"@id\":\"https:\/\/shop.bazarcia.com\/#\/schema\/logo\/image\/\",\"url\":\"https:\/\/shop.bazarcia.com\/wp-content\/uploads\/2024\/02\/cropped-logo_bazarcia.png\",\"contentUrl\":\"https:\/\/shop.bazarcia.com\/wp-content\/uploads\/2024\/02\/cropped-logo_bazarcia.png\",\"width\":150,\"height\":150,\"caption\":\"Bazar & Cia\"},\"image\":{\"@id\":\"https:\/\/shop.bazarcia.com\/#\/schema\/logo\/image\/\"},\"sameAs\":[\"https:\/\/www.facebook.com\/shopbazarcia\",\"https:\/\/www.instagram.com\/shopbazarcia\",\"https:\/\/br.pinterest.com\/suzane_eloise\/\",\"https:\/\/www.youtube.com\/c\/BazardoBordadoMatrizeseProjetos\"]}]}<\/script>\n<!-- \/ Yoast SEO plugin. -->","yoast_head_json":{"title":"Matriz de Bordado \u2013 Personalizado \u2013 N\u00edvel Complexa - \ud835\udc1b\ud835\udc1a\ud835\udc33\ud835\udc1a\ud835\udc2b &amp; \ud835\udc1c\ud835\udc22\ud835\udc1a","description":"Para saber se seu pedido se encaixa no n\u00edvel de complexidade COMPLEXA veja os exemplos que deixei nas imagens, se mesmo assim ainda estiver com d\u00favidas entre em contato atrav\u00e9s do bot\u00e3o de WhatsApp","robots":{"index":"index","follow":"follow","max-snippet":"max-snippet:-1","max-image-preview":"max-image-preview:large","max-video-preview":"max-video-preview:-1"},"canonical":"https:\/\/shop.bazarcia.com\/en\/product\/matriz-de-bordado-personalizado-nivel-complexa\/","og_locale":"en_US","og_type":"article","og_title":"Matriz de Bordado \u2013 Personalizado \u2013 N\u00edvel Complexa - \ud835\udc1b\ud835\udc1a\ud835\udc33\ud835\udc1a\ud835\udc2b &amp; \ud835\udc1c\ud835\udc22\ud835\udc1a","og_description":"Para saber se seu pedido se encaixa no n\u00edvel de complexidade COMPLEXA veja os exemplos que deixei nas imagens, se mesmo assim ainda estiver com d\u00favidas entre em contato atrav\u00e9s do bot\u00e3o de WhatsApp","og_url":"https:\/\/shop.bazarcia.com\/en\/product\/matriz-de-bordado-personalizado-nivel-complexa\/","og_site_name":"\ud835\udc1b\ud835\udc1a\ud835\udc33\ud835\udc1a\ud835\udc2b &amp; \ud835\udc1c\ud835\udc22\ud835\udc1a","article_publisher":"https:\/\/www.facebook.com\/shopbazarcia","article_modified_time":"2024-10-04T21:09:22+00:00","og_image":[{"width":1080,"height":1080,"url":"https:\/\/shop.bazarcia.com\/wp-content\/uploads\/2024\/10\/04site2.jpg","type":"image\/jpeg"}],"twitter_card":"summary_large_image","twitter_misc":{"Est. reading time":"2 minutes"},"schema":{"@context":"https:\/\/schema.org","@graph":[{"@type":"WebPage","@id":"https:\/\/shop.bazarcia.com\/produto\/matriz-de-bordado-personalizado-nivel-complexa\/","url":"https:\/\/shop.bazarcia.com\/produto\/matriz-de-bordado-personalizado-nivel-complexa\/","name":"Matriz de Bordado \u2013 Personalizado \u2013 N\u00edvel Complexa - \ud835\udc1b\ud835\udc1a\ud835\udc33\ud835\udc1a\ud835\udc2b &amp; \ud835\udc1c\ud835\udc22\ud835\udc1a","isPartOf":{"@id":"https:\/\/shop.bazarcia.com\/#website"},"primaryImageOfPage":{"@id":"https:\/\/shop.bazarcia.com\/produto\/matriz-de-bordado-personalizado-nivel-complexa\/#primaryimage"},"image":{"@id":"https:\/\/shop.bazarcia.com\/produto\/matriz-de-bordado-personalizado-nivel-complexa\/#primaryimage"},"thumbnailUrl":"https:\/\/shop.bazarcia.com\/wp-content\/uploads\/2024\/10\/04site2.jpg","datePublished":"2024-10-04T20:12:10+00:00","dateModified":"2024-10-04T21:09:22+00:00","description":"Para saber se seu pedido se encaixa no n\u00edvel de complexidade COMPLEXA veja os exemplos que deixei nas imagens, se mesmo assim ainda estiver com d\u00favidas entre em contato atrav\u00e9s do bot\u00e3o de WhatsApp","breadcrumb":{"@id":"https:\/\/shop.bazarcia.com\/produto\/matriz-de-bordado-personalizado-nivel-complexa\/#breadcrumb"},"inLanguage":"en-US","potentialAction":[{"@type":"ReadAction","target":["https:\/\/shop.bazarcia.com\/produto\/matriz-de-bordado-personalizado-nivel-complexa\/"]}]},{"@type":"ImageObject","inLanguage":"en-US","@id":"https:\/\/shop.bazarcia.com\/produto\/matriz-de-bordado-personalizado-nivel-complexa\/#primaryimage","url":"https:\/\/shop.bazarcia.com\/wp-content\/uploads\/2024\/10\/04site2.jpg","contentUrl":"https:\/\/shop.bazarcia.com\/wp-content\/uploads\/2024\/10\/04site2.jpg","width":1080,"height":1080},{"@type":"BreadcrumbList","@id":"https:\/\/shop.bazarcia.com\/produto\/matriz-de-bordado-personalizado-nivel-complexa\/#breadcrumb","itemListElement":[{"@type":"ListItem","position":1,"name":"In\u00edcio","item":"https:\/\/shop.bazarcia.com\/"},{"@type":"ListItem","position":2,"name":"Loja","item":"https:\/\/shop.bazarcia.com\/loja\/"},{"@type":"ListItem","position":3,"name":"Matriz de Bordado \u2013 Personalizado \u2013 N\u00edvel Complexa"}]},{"@type":"WebSite","@id":"https:\/\/shop.bazarcia.com\/#website","url":"https:\/\/shop.bazarcia.com\/","name":"Bazar & Cia","description":"criatividade ponto a ponto","publisher":{"@id":"https:\/\/shop.bazarcia.com\/#organization"},"potentialAction":[{"@type":"SearchAction","target":{"@type":"EntryPoint","urlTemplate":"https:\/\/shop.bazarcia.com\/?s={search_term_string}"},"query-input":{"@type":"PropertyValueSpecification","valueRequired":true,"valueName":"search_term_string"}}],"inLanguage":"en-US"},{"@type":"Organization","@id":"https:\/\/shop.bazarcia.com\/#organization","name":"Bazar & Cia","url":"https:\/\/shop.bazarcia.com\/","logo":{"@type":"ImageObject","inLanguage":"en-US","@id":"https:\/\/shop.bazarcia.com\/#\/schema\/logo\/image\/","url":"https:\/\/shop.bazarcia.com\/wp-content\/uploads\/2024\/02\/cropped-logo_bazarcia.png","contentUrl":"https:\/\/shop.bazarcia.com\/wp-content\/uploads\/2024\/02\/cropped-logo_bazarcia.png","width":150,"height":150,"caption":"Bazar & Cia"},"image":{"@id":"https:\/\/shop.bazarcia.com\/#\/schema\/logo\/image\/"},"sameAs":["https:\/\/www.facebook.com\/shopbazarcia","https:\/\/www.instagram.com\/shopbazarcia","https:\/\/br.pinterest.com\/suzane_eloise\/","https:\/\/www.youtube.com\/c\/BazardoBordadoMatrizeseProjetos"]}]}},"_links":{"self":[{"href":"https:\/\/shop.bazarcia.com\/en\/wp-json\/wp\/v2\/product\/294777","targetHints":{"allow":["GET"]}}],"collection":[{"href":"https:\/\/shop.bazarcia.com\/en\/wp-json\/wp\/v2\/product"}],"about":[{"href":"https:\/\/shop.bazarcia.com\/en\/wp-json\/wp\/v2\/types\/product"}],"replies":[{"embeddable":true,"href":"https:\/\/shop.bazarcia.com\/en\/wp-json\/wp\/v2\/comments?post=294777"}],"version-history":[{"count":1,"href":"https:\/\/shop.bazarcia.com\/en\/wp-json\/wp\/v2\/product\/294777\/revisions"}],"predecessor-version":[{"id":294781,"href":"https:\/\/shop.bazarcia.com\/en\/wp-json\/wp\/v2\/product\/294777\/revisions\/294781"}],"wp:featuredmedia":[{"embeddable":true,"href":"https:\/\/shop.bazarcia.com\/en\/wp-json\/wp\/v2\/media\/294779"}],"wp:attachment":[{"href":"https:\/\/shop.bazarcia.com\/en\/wp-json\/wp\/v2\/media?parent=294777"}],"wp:term":[{"taxonomy":"product_brand","embeddable":true,"href":"https:\/\/shop.bazarcia.com\/en\/wp-json\/wp\/v2\/product_brand?post=294777"},{"taxonomy":"product_cat","embeddable":true,"href":"https:\/\/shop.bazarcia.com\/en\/wp-json\/wp\/v2\/product_cat?post=294777"},{"taxonomy":"product_tag","embeddable":true,"href":"https:\/\/shop.bazarcia.com\/en\/wp-json\/wp\/v2\/product_tag?post=294777"}],"curies":[{"name":"wp","href":"https:\/\/api.w.org\/{rel}","templated":true}]}}