{"id":296301,"date":"2024-10-15T10:18:57","date_gmt":"2024-10-15T13:18:57","guid":{"rendered":"https:\/\/shop.bazarcia.com\/?post_type=product&#038;p=296301"},"modified":"2024-10-15T11:22:50","modified_gmt":"2024-10-15T14:22:50","slug":"toalha-com-capuz","status":"publish","type":"product","link":"https:\/\/shop.bazarcia.com\/en\/product\/toalha-com-capuz\/","title":{"rendered":"Toalha com capuz"},"content":{"rendered":"<div class=\"xdj266r x11i5rnm xat24cr x1mh8g0r x1vvkbs x126k92a\">\n<div dir=\"auto\"><span class=\"html-span xexx8yu x4uap5 x18d9i69 xkhd6sd x1hl2dhg x16tdsg8 x1vvkbs x3nfvp2 x1j61x8r x1fcty0u xdj266r xat24cr xgzva0m xhhsvwb xxymvpz xlup9mm x1kky2od\"><img decoding=\"async\" class=\"xz74otr\" src=\"https:\/\/static.xx.fbcdn.net\/images\/emoji.php\/v9\/t8f\/1\/16\/1f6bc.png\" alt=\"?\" width=\"16\" height=\"16\" \/><\/span><span class=\"html-span xexx8yu x4uap5 x18d9i69 xkhd6sd x1hl2dhg x16tdsg8 x1vvkbs x3nfvp2 x1j61x8r x1fcty0u xdj266r xat24cr xgzva0m xhhsvwb xxymvpz xlup9mm x1kky2od\"><img decoding=\"async\" class=\"xz74otr\" src=\"https:\/\/static.xx.fbcdn.net\/images\/emoji.php\/v9\/tf4\/1\/16\/2728.png\" alt=\"\u2728\" width=\"16\" height=\"16\" \/><\/span> Videoaula imperd\u00edvel! <span class=\"html-span xexx8yu x4uap5 x18d9i69 xkhd6sd x1hl2dhg x16tdsg8 x1vvkbs x3nfvp2 x1j61x8r x1fcty0u xdj266r xat24cr xgzva0m xhhsvwb xxymvpz xlup9mm x1kky2od\"><img decoding=\"async\" class=\"xz74otr\" src=\"https:\/\/static.xx.fbcdn.net\/images\/emoji.php\/v9\/tf4\/1\/16\/2728.png\" alt=\"\u2728\" width=\"16\" height=\"16\" \/><\/span><span class=\"html-span xexx8yu x4uap5 x18d9i69 xkhd6sd x1hl2dhg x16tdsg8 x1vvkbs x3nfvp2 x1j61x8r x1fcty0u xdj266r xat24cr xgzva0m xhhsvwb xxymvpz xlup9mm x1kky2od\"><img decoding=\"async\" class=\"xz74otr\" src=\"https:\/\/static.xx.fbcdn.net\/images\/emoji.php\/v9\/t8f\/1\/16\/1f6bc.png\" alt=\"?\" width=\"16\" height=\"16\" \/><\/span><\/div>\n<div dir=\"auto\">Aprenda a fazer essa linda toalha de banho com capuz bordada para beb\u00ea e leve seu artesanato a um novo n\u00edvel! <span class=\"html-span xexx8yu x4uap5 x18d9i69 xkhd6sd x1hl2dhg x16tdsg8 x1vvkbs x3nfvp2 x1j61x8r x1fcty0u xdj266r xat24cr xgzva0m xhhsvwb xxymvpz xlup9mm x1kky2od\"><img decoding=\"async\" class=\"xz74otr\" src=\"https:\/\/static.xx.fbcdn.net\/images\/emoji.php\/v9\/t2\/1\/16\/1f60d.png\" alt=\"?\" width=\"16\" height=\"16\" \/><\/span> Al\u00e9m do capuz fofo, tem b\u00f4nus exclusivo: um barradinho especial para fraldinha! <span class=\"html-span xexx8yu x4uap5 x18d9i69 xkhd6sd x1hl2dhg x16tdsg8 x1vvkbs x3nfvp2 x1j61x8r x1fcty0u xdj266r xat24cr xgzva0m xhhsvwb xxymvpz xlup9mm x1kky2od\"><img loading=\"lazy\" decoding=\"async\" class=\"xz74otr\" src=\"https:\/\/static.xx.fbcdn.net\/images\/emoji.php\/v9\/t17\/1\/16\/1f37c.png\" alt=\"?\" width=\"16\" height=\"16\" \/><\/span><span class=\"html-span xexx8yu x4uap5 x18d9i69 xkhd6sd x1hl2dhg x16tdsg8 x1vvkbs x3nfvp2 x1j61x8r x1fcty0u xdj266r xat24cr xgzva0m xhhsvwb xxymvpz xlup9mm x1kky2od\"><img loading=\"lazy\" decoding=\"async\" class=\"xz74otr\" src=\"https:\/\/static.xx.fbcdn.net\/images\/emoji.php\/v9\/te9\/1\/16\/1f496.png\" alt=\"?\" width=\"16\" height=\"16\" \/><\/span><\/div>\n<\/div>\n<div class=\"x11i5rnm xat24cr x1mh8g0r x1vvkbs xtlvy1s x126k92a\">\n<div dir=\"auto\"><span class=\"html-span xexx8yu x4uap5 x18d9i69 xkhd6sd x1hl2dhg x16tdsg8 x1vvkbs x3nfvp2 x1j61x8r x1fcty0u xdj266r xat24cr xgzva0m xhhsvwb xxymvpz xlup9mm x1kky2od\"><img loading=\"lazy\" decoding=\"async\" class=\"xz74otr\" src=\"https:\/\/static.xx.fbcdn.net\/images\/emoji.php\/v9\/t33\/1\/16\/2705.png\" alt=\"\u2705\" width=\"16\" height=\"16\" \/><\/span> Passo a passo completo<\/div>\n<div dir=\"auto\"><span class=\"html-span xexx8yu x4uap5 x18d9i69 xkhd6sd x1hl2dhg x16tdsg8 x1vvkbs x3nfvp2 x1j61x8r x1fcty0u xdj266r xat24cr xgzva0m xhhsvwb xxymvpz xlup9mm x1kky2od\"><img loading=\"lazy\" decoding=\"async\" class=\"xz74otr\" src=\"https:\/\/static.xx.fbcdn.net\/images\/emoji.php\/v9\/t33\/1\/16\/2705.png\" alt=\"\u2705\" width=\"16\" height=\"16\" \/><\/span> Ideal para presentear ou vender!<\/div>\n<\/div>","protected":false},"excerpt":{"rendered":"<p>Aprenda a confeccionar uma toalha com capuz para beb\u00eas de maneira pr\u00e1tica e detalhada! Nesta v\u00eddeo aula, voltada para artes\u00e3s, voc\u00ea ver\u00e1 o passo a passo completo, desde o corte e costura at\u00e9 as dicas de personaliza\u00e7\u00e3o para criar pe\u00e7as \u00fanicas e encantadoras. Ideal para complementar o enxoval ou presentear. Venha desenvolver suas habilidades e criar com carinho!<\/p>","protected":false},"featured_media":296305,"comment_status":"open","ping_status":"closed","template":"","meta":{"_acf_changed":false,"_joinchat":[]},"product_brand":[],"product_cat":[1047],"product_tag":[1468],"class_list":{"0":"post-296301","1":"product","2":"type-product","3":"status-publish","4":"has-post-thumbnail","6":"product_cat-cursos","7":"product_tag-toalha-com-capuz-infantil","9":"first","10":"instock","11":"downloadable","12":"virtual","13":"purchasable","14":"product-type-simple"},"acf":[],"yoast_head":"<!-- This site is optimized with the Yoast SEO plugin v27.2 - https:\/\/yoast.com\/product\/yoast-seo-wordpress\/ -->\n<title>Toalha com capuz - \ud835\udc1b\ud835\udc1a\ud835\udc33\ud835\udc1a\ud835\udc2b &amp; \ud835\udc1c\ud835\udc22\ud835\udc1a<\/title>\n<meta name=\"robots\" content=\"index, follow, max-snippet:-1, max-image-preview:large, max-video-preview:-1\" \/>\n<link rel=\"canonical\" href=\"https:\/\/shop.bazarcia.com\/en\/product\/toalha-com-capuz\/\" \/>\n<meta property=\"og:locale\" content=\"en_US\" \/>\n<meta property=\"og:type\" content=\"article\" \/>\n<meta property=\"og:title\" content=\"Toalha com capuz - \ud835\udc1b\ud835\udc1a\ud835\udc33\ud835\udc1a\ud835\udc2b &amp; \ud835\udc1c\ud835\udc22\ud835\udc1a\" \/>\n<meta property=\"og:description\" content=\"Aprenda a confeccionar uma toalha com capuz para beb\u00eas de maneira pr\u00e1tica e detalhada! Nesta v\u00eddeo aula, voltada para artes\u00e3s, voc\u00ea ver\u00e1 o passo a passo completo, desde o corte e costura at\u00e9 as dicas de personaliza\u00e7\u00e3o para criar pe\u00e7as \u00fanicas e encantadoras. Ideal para complementar o enxoval ou presentear. Venha desenvolver suas habilidades e criar com carinho!\" \/>\n<meta property=\"og:url\" content=\"https:\/\/shop.bazarcia.com\/en\/product\/toalha-com-capuz\/\" \/>\n<meta property=\"og:site_name\" content=\"\ud835\udc1b\ud835\udc1a\ud835\udc33\ud835\udc1a\ud835\udc2b &amp; \ud835\udc1c\ud835\udc22\ud835\udc1a\" \/>\n<meta property=\"article:publisher\" content=\"https:\/\/www.facebook.com\/shopbazarcia\" \/>\n<meta property=\"article:modified_time\" content=\"2024-10-15T14:22:50+00:00\" \/>\n<meta property=\"og:image\" content=\"https:\/\/shop.bazarcia.com\/wp-content\/uploads\/2024\/10\/Copia-de-Copia-de-Detalhes.png\" \/>\n\t<meta property=\"og:image:width\" content=\"540\" \/>\n\t<meta property=\"og:image:height\" content=\"540\" \/>\n\t<meta property=\"og:image:type\" content=\"image\/png\" \/>\n<meta name=\"twitter:card\" content=\"summary_large_image\" \/>\n<script type=\"application\/ld+json\" class=\"yoast-schema-graph\">{\"@context\":\"https:\/\/schema.org\",\"@graph\":[{\"@type\":\"WebPage\",\"@id\":\"https:\/\/shop.bazarcia.com\/produto\/toalha-com-capuz\/\",\"url\":\"https:\/\/shop.bazarcia.com\/produto\/toalha-com-capuz\/\",\"name\":\"Toalha com capuz - \ud835\udc1b\ud835\udc1a\ud835\udc33\ud835\udc1a\ud835\udc2b &amp; \ud835\udc1c\ud835\udc22\ud835\udc1a\",\"isPartOf\":{\"@id\":\"https:\/\/shop.bazarcia.com\/#website\"},\"primaryImageOfPage\":{\"@id\":\"https:\/\/shop.bazarcia.com\/produto\/toalha-com-capuz\/#primaryimage\"},\"image\":{\"@id\":\"https:\/\/shop.bazarcia.com\/produto\/toalha-com-capuz\/#primaryimage\"},\"thumbnailUrl\":\"https:\/\/shop.bazarcia.com\/wp-content\/uploads\/2024\/10\/Copia-de-Copia-de-Detalhes.png\",\"datePublished\":\"2024-10-15T13:18:57+00:00\",\"dateModified\":\"2024-10-15T14:22:50+00:00\",\"breadcrumb\":{\"@id\":\"https:\/\/shop.bazarcia.com\/produto\/toalha-com-capuz\/#breadcrumb\"},\"inLanguage\":\"en-US\",\"potentialAction\":[{\"@type\":\"ReadAction\",\"target\":[\"https:\/\/shop.bazarcia.com\/produto\/toalha-com-capuz\/\"]}]},{\"@type\":\"ImageObject\",\"inLanguage\":\"en-US\",\"@id\":\"https:\/\/shop.bazarcia.com\/produto\/toalha-com-capuz\/#primaryimage\",\"url\":\"https:\/\/shop.bazarcia.com\/wp-content\/uploads\/2024\/10\/Copia-de-Copia-de-Detalhes.png\",\"contentUrl\":\"https:\/\/shop.bazarcia.com\/wp-content\/uploads\/2024\/10\/Copia-de-Copia-de-Detalhes.png\",\"width\":540,\"height\":540},{\"@type\":\"BreadcrumbList\",\"@id\":\"https:\/\/shop.bazarcia.com\/produto\/toalha-com-capuz\/#breadcrumb\",\"itemListElement\":[{\"@type\":\"ListItem\",\"position\":1,\"name\":\"In\u00edcio\",\"item\":\"https:\/\/shop.bazarcia.com\/\"},{\"@type\":\"ListItem\",\"position\":2,\"name\":\"Loja\",\"item\":\"https:\/\/shop.bazarcia.com\/loja\/\"},{\"@type\":\"ListItem\",\"position\":3,\"name\":\"Toalha com capuz\"}]},{\"@type\":\"WebSite\",\"@id\":\"https:\/\/shop.bazarcia.com\/#website\",\"url\":\"https:\/\/shop.bazarcia.com\/\",\"name\":\"Bazar & Cia\",\"description\":\"criatividade ponto a ponto\",\"publisher\":{\"@id\":\"https:\/\/shop.bazarcia.com\/#organization\"},\"potentialAction\":[{\"@type\":\"SearchAction\",\"target\":{\"@type\":\"EntryPoint\",\"urlTemplate\":\"https:\/\/shop.bazarcia.com\/?s={search_term_string}\"},\"query-input\":{\"@type\":\"PropertyValueSpecification\",\"valueRequired\":true,\"valueName\":\"search_term_string\"}}],\"inLanguage\":\"en-US\"},{\"@type\":\"Organization\",\"@id\":\"https:\/\/shop.bazarcia.com\/#organization\",\"name\":\"Bazar & Cia\",\"url\":\"https:\/\/shop.bazarcia.com\/\",\"logo\":{\"@type\":\"ImageObject\",\"inLanguage\":\"en-US\",\"@id\":\"https:\/\/shop.bazarcia.com\/#\/schema\/logo\/image\/\",\"url\":\"https:\/\/shop.bazarcia.com\/wp-content\/uploads\/2024\/02\/cropped-logo_bazarcia.png\",\"contentUrl\":\"https:\/\/shop.bazarcia.com\/wp-content\/uploads\/2024\/02\/cropped-logo_bazarcia.png\",\"width\":150,\"height\":150,\"caption\":\"Bazar & Cia\"},\"image\":{\"@id\":\"https:\/\/shop.bazarcia.com\/#\/schema\/logo\/image\/\"},\"sameAs\":[\"https:\/\/www.facebook.com\/shopbazarcia\",\"https:\/\/www.instagram.com\/shopbazarcia\",\"https:\/\/br.pinterest.com\/suzane_eloise\/\",\"https:\/\/www.youtube.com\/c\/BazardoBordadoMatrizeseProjetos\"]}]}<\/script>\n<!-- \/ Yoast SEO plugin. -->","yoast_head_json":{"title":"Toalha com capuz - \ud835\udc1b\ud835\udc1a\ud835\udc33\ud835\udc1a\ud835\udc2b &amp; \ud835\udc1c\ud835\udc22\ud835\udc1a","robots":{"index":"index","follow":"follow","max-snippet":"max-snippet:-1","max-image-preview":"max-image-preview:large","max-video-preview":"max-video-preview:-1"},"canonical":"https:\/\/shop.bazarcia.com\/en\/product\/toalha-com-capuz\/","og_locale":"en_US","og_type":"article","og_title":"Toalha com capuz - \ud835\udc1b\ud835\udc1a\ud835\udc33\ud835\udc1a\ud835\udc2b &amp; \ud835\udc1c\ud835\udc22\ud835\udc1a","og_description":"Aprenda a confeccionar uma toalha com capuz para beb\u00eas de maneira pr\u00e1tica e detalhada! Nesta v\u00eddeo aula, voltada para artes\u00e3s, voc\u00ea ver\u00e1 o passo a passo completo, desde o corte e costura at\u00e9 as dicas de personaliza\u00e7\u00e3o para criar pe\u00e7as \u00fanicas e encantadoras. Ideal para complementar o enxoval ou presentear. Venha desenvolver suas habilidades e criar com carinho!","og_url":"https:\/\/shop.bazarcia.com\/en\/product\/toalha-com-capuz\/","og_site_name":"\ud835\udc1b\ud835\udc1a\ud835\udc33\ud835\udc1a\ud835\udc2b &amp; \ud835\udc1c\ud835\udc22\ud835\udc1a","article_publisher":"https:\/\/www.facebook.com\/shopbazarcia","article_modified_time":"2024-10-15T14:22:50+00:00","og_image":[{"width":540,"height":540,"url":"https:\/\/shop.bazarcia.com\/wp-content\/uploads\/2024\/10\/Copia-de-Copia-de-Detalhes.png","type":"image\/png"}],"twitter_card":"summary_large_image","schema":{"@context":"https:\/\/schema.org","@graph":[{"@type":"WebPage","@id":"https:\/\/shop.bazarcia.com\/produto\/toalha-com-capuz\/","url":"https:\/\/shop.bazarcia.com\/produto\/toalha-com-capuz\/","name":"Toalha com capuz - \ud835\udc1b\ud835\udc1a\ud835\udc33\ud835\udc1a\ud835\udc2b &amp; \ud835\udc1c\ud835\udc22\ud835\udc1a","isPartOf":{"@id":"https:\/\/shop.bazarcia.com\/#website"},"primaryImageOfPage":{"@id":"https:\/\/shop.bazarcia.com\/produto\/toalha-com-capuz\/#primaryimage"},"image":{"@id":"https:\/\/shop.bazarcia.com\/produto\/toalha-com-capuz\/#primaryimage"},"thumbnailUrl":"https:\/\/shop.bazarcia.com\/wp-content\/uploads\/2024\/10\/Copia-de-Copia-de-Detalhes.png","datePublished":"2024-10-15T13:18:57+00:00","dateModified":"2024-10-15T14:22:50+00:00","breadcrumb":{"@id":"https:\/\/shop.bazarcia.com\/produto\/toalha-com-capuz\/#breadcrumb"},"inLanguage":"en-US","potentialAction":[{"@type":"ReadAction","target":["https:\/\/shop.bazarcia.com\/produto\/toalha-com-capuz\/"]}]},{"@type":"ImageObject","inLanguage":"en-US","@id":"https:\/\/shop.bazarcia.com\/produto\/toalha-com-capuz\/#primaryimage","url":"https:\/\/shop.bazarcia.com\/wp-content\/uploads\/2024\/10\/Copia-de-Copia-de-Detalhes.png","contentUrl":"https:\/\/shop.bazarcia.com\/wp-content\/uploads\/2024\/10\/Copia-de-Copia-de-Detalhes.png","width":540,"height":540},{"@type":"BreadcrumbList","@id":"https:\/\/shop.bazarcia.com\/produto\/toalha-com-capuz\/#breadcrumb","itemListElement":[{"@type":"ListItem","position":1,"name":"In\u00edcio","item":"https:\/\/shop.bazarcia.com\/"},{"@type":"ListItem","position":2,"name":"Loja","item":"https:\/\/shop.bazarcia.com\/loja\/"},{"@type":"ListItem","position":3,"name":"Toalha com capuz"}]},{"@type":"WebSite","@id":"https:\/\/shop.bazarcia.com\/#website","url":"https:\/\/shop.bazarcia.com\/","name":"Bazar & Cia","description":"criatividade ponto a ponto","publisher":{"@id":"https:\/\/shop.bazarcia.com\/#organization"},"potentialAction":[{"@type":"SearchAction","target":{"@type":"EntryPoint","urlTemplate":"https:\/\/shop.bazarcia.com\/?s={search_term_string}"},"query-input":{"@type":"PropertyValueSpecification","valueRequired":true,"valueName":"search_term_string"}}],"inLanguage":"en-US"},{"@type":"Organization","@id":"https:\/\/shop.bazarcia.com\/#organization","name":"Bazar & Cia","url":"https:\/\/shop.bazarcia.com\/","logo":{"@type":"ImageObject","inLanguage":"en-US","@id":"https:\/\/shop.bazarcia.com\/#\/schema\/logo\/image\/","url":"https:\/\/shop.bazarcia.com\/wp-content\/uploads\/2024\/02\/cropped-logo_bazarcia.png","contentUrl":"https:\/\/shop.bazarcia.com\/wp-content\/uploads\/2024\/02\/cropped-logo_bazarcia.png","width":150,"height":150,"caption":"Bazar & Cia"},"image":{"@id":"https:\/\/shop.bazarcia.com\/#\/schema\/logo\/image\/"},"sameAs":["https:\/\/www.facebook.com\/shopbazarcia","https:\/\/www.instagram.com\/shopbazarcia","https:\/\/br.pinterest.com\/suzane_eloise\/","https:\/\/www.youtube.com\/c\/BazardoBordadoMatrizeseProjetos"]}]}},"_links":{"self":[{"href":"https:\/\/shop.bazarcia.com\/en\/wp-json\/wp\/v2\/product\/296301","targetHints":{"allow":["GET"]}}],"collection":[{"href":"https:\/\/shop.bazarcia.com\/en\/wp-json\/wp\/v2\/product"}],"about":[{"href":"https:\/\/shop.bazarcia.com\/en\/wp-json\/wp\/v2\/types\/product"}],"replies":[{"embeddable":true,"href":"https:\/\/shop.bazarcia.com\/en\/wp-json\/wp\/v2\/comments?post=296301"}],"version-history":[{"count":1,"href":"https:\/\/shop.bazarcia.com\/en\/wp-json\/wp\/v2\/product\/296301\/revisions"}],"predecessor-version":[{"id":296309,"href":"https:\/\/shop.bazarcia.com\/en\/wp-json\/wp\/v2\/product\/296301\/revisions\/296309"}],"wp:featuredmedia":[{"embeddable":true,"href":"https:\/\/shop.bazarcia.com\/en\/wp-json\/wp\/v2\/media\/296305"}],"wp:attachment":[{"href":"https:\/\/shop.bazarcia.com\/en\/wp-json\/wp\/v2\/media?parent=296301"}],"wp:term":[{"taxonomy":"product_brand","embeddable":true,"href":"https:\/\/shop.bazarcia.com\/en\/wp-json\/wp\/v2\/product_brand?post=296301"},{"taxonomy":"product_cat","embeddable":true,"href":"https:\/\/shop.bazarcia.com\/en\/wp-json\/wp\/v2\/product_cat?post=296301"},{"taxonomy":"product_tag","embeddable":true,"href":"https:\/\/shop.bazarcia.com\/en\/wp-json\/wp\/v2\/product_tag?post=296301"}],"curies":[{"name":"wp","href":"https:\/\/api.w.org\/{rel}","templated":true}]}}