{"id":296361,"date":"2024-10-15T22:37:16","date_gmt":"2024-10-16T01:37:16","guid":{"rendered":"https:\/\/shop.bazarcia.com\/?post_type=product&#038;p=296361"},"modified":"2024-10-15T22:51:28","modified_gmt":"2024-10-16T01:51:28","slug":"matrizes-para-alfaias","status":"publish","type":"product","link":"https:\/\/shop.bazarcia.com\/en\/product\/matrizes-para-alfaias\/","title":{"rendered":"Matrizes para ALFAIAS"},"content":{"rendered":"<p>Matrizes de bordado para confec\u00e7\u00e3o de ALFAIAS, as pe\u00e7as usadas na missa.<\/p>\n<p>Geralmente essas pe\u00e7as tem tamanho padronizado e demandam motivos pequenos (pala \u00e9 a \u00fanica com a \u00e1rea toda bordada):<\/p>\n<p>Pala: 15&#215;15<\/p>\n<p>Sangu\u00edneo: 27&#215;38<\/p>\n<p>Corporal: 53&#215;53<\/p>\n<p>Manust\u00e9rgio: 30&#215;50<\/p>\n<p>Tamanhos come\u00e7ando com 8cm de altura, tamanho 10 tamb\u00e9m \u00e9 bastante usado. Barrados com 12 cm de altura e a 15&#215;15 para a pala. Tamb\u00e9m tem motivos maiores, no 16&#215;26 para o caso de toalhas de altar ou de banho para a casa paroquial.<\/p>\n<p>Formatos dos arquivos: PES, JEF, XXX, DST e EXP.<\/p>\n<p>A libera\u00e7\u00e3o das matrizes para DOWNLOAD ocorre logo ap\u00f3s a confirma\u00e7\u00e3o do pagamento, basta acessar DOWNLOADS na \u00e1rea do cliente neste site.<\/p>\n<p>Trata-se de um produto virtual, matriz de bordado em pontos leves, cheio e ponto contorno.<\/p>","protected":false},"excerpt":{"rendered":"<p>Matrizes de bordado para confec\u00e7\u00e3o de ALFAIAS, as pe\u00e7as usadas na missa.<\/p>\n<p>Geralmente essas pe\u00e7as tem tamanho padronizado e demandam motivos pequenos (pala \u00e9 a \u00fanica com a \u00e1rea toda bordada):<\/p>\n<p>Pala: 15&#215;15<\/p>\n<p>Sangu\u00edneo: 27&#215;38<\/p>\n<p>Corporal: 53&#215;53<\/p>\n<p>Manust\u00e9rgio: 30&#215;50<\/p>\n<p>Tamanhos come\u00e7ando com 8cm de altura, tamanho 10 tamb\u00e9m \u00e9 bastante usado. Barrados com 12 cm de altura e a 15&#215;15 para a pala. Tamb\u00e9m tem motivos maiores, no 16&#215;26 para o caso de toalhas de altar ou de banho para a casa paroquial.<\/p>\n<p>Formatos dos arquivos: PES, JEF, XXX, DST e EXP.<\/p>\n<p>&nbsp;<\/p>","protected":false},"featured_media":296368,"comment_status":"open","ping_status":"closed","template":"","meta":{"_acf_changed":false,"_joinchat":[]},"product_brand":[],"product_cat":[84,367,311],"product_tag":[],"class_list":{"0":"post-296361","1":"product","2":"type-product","3":"status-publish","4":"has-post-thumbnail","6":"product_cat-matrizes-de-bordado","7":"product_cat-oracoes","8":"product_cat-religiosos","10":"first","11":"instock","12":"downloadable","13":"virtual","14":"purchasable","15":"product-type-simple"},"acf":[],"yoast_head":"<!-- This site is optimized with the Yoast SEO plugin v27.2 - https:\/\/yoast.com\/product\/yoast-seo-wordpress\/ -->\n<title>Matrizes para ALFAIAS - \ud835\udc1b\ud835\udc1a\ud835\udc33\ud835\udc1a\ud835\udc2b &amp; \ud835\udc1c\ud835\udc22\ud835\udc1a<\/title>\n<meta name=\"robots\" content=\"index, follow, max-snippet:-1, max-image-preview:large, max-video-preview:-1\" \/>\n<link rel=\"canonical\" href=\"https:\/\/shop.bazarcia.com\/en\/product\/matrizes-para-alfaias\/\" \/>\n<meta property=\"og:locale\" content=\"en_US\" \/>\n<meta property=\"og:type\" content=\"article\" \/>\n<meta property=\"og:title\" content=\"Matrizes para ALFAIAS - \ud835\udc1b\ud835\udc1a\ud835\udc33\ud835\udc1a\ud835\udc2b &amp; \ud835\udc1c\ud835\udc22\ud835\udc1a\" \/>\n<meta property=\"og:description\" content=\"Matrizes de bordado para confec\u00e7\u00e3o de ALFAIAS, as pe\u00e7as usadas na missa.  Geralmente essas pe\u00e7as tem tamanho padronizado e demandam motivos pequenos (pala \u00e9 a \u00fanica com a \u00e1rea toda bordada):  Pala: 15x15  Sangu\u00edneo: 27x38  Corporal: 53x53  Manust\u00e9rgio: 30x50  Tamanhos come\u00e7ando com 8cm de altura, tamanho 10 tamb\u00e9m \u00e9 bastante usado. Barrados com 12 cm de altura e a 15x15 para a pala. Tamb\u00e9m tem motivos maiores, no 16x26 para o caso de toalhas de altar ou de banho para a casa paroquial.  Formatos dos arquivos: PES, JEF, XXX, DST e EXP.  &nbsp;\" \/>\n<meta property=\"og:url\" content=\"https:\/\/shop.bazarcia.com\/en\/product\/matrizes-para-alfaias\/\" \/>\n<meta property=\"og:site_name\" content=\"\ud835\udc1b\ud835\udc1a\ud835\udc33\ud835\udc1a\ud835\udc2b &amp; \ud835\udc1c\ud835\udc22\ud835\udc1a\" \/>\n<meta property=\"article:publisher\" content=\"https:\/\/www.facebook.com\/shopbazarcia\" \/>\n<meta property=\"article:modified_time\" content=\"2024-10-16T01:51:28+00:00\" \/>\n<meta property=\"og:image\" content=\"https:\/\/shop.bazarcia.com\/wp-content\/uploads\/2024\/10\/matrizes-para-alfaias.jpg\" \/>\n\t<meta property=\"og:image:width\" content=\"1080\" \/>\n\t<meta property=\"og:image:height\" content=\"1080\" \/>\n\t<meta property=\"og:image:type\" content=\"image\/jpeg\" \/>\n<meta name=\"twitter:card\" content=\"summary_large_image\" \/>\n<meta name=\"twitter:label1\" content=\"Est. reading time\" \/>\n\t<meta name=\"twitter:data1\" content=\"1 minute\" \/>\n<script type=\"application\/ld+json\" class=\"yoast-schema-graph\">{\"@context\":\"https:\/\/schema.org\",\"@graph\":[{\"@type\":\"WebPage\",\"@id\":\"https:\/\/shop.bazarcia.com\/produto\/matrizes-para-alfaias\/\",\"url\":\"https:\/\/shop.bazarcia.com\/produto\/matrizes-para-alfaias\/\",\"name\":\"Matrizes para ALFAIAS - \ud835\udc1b\ud835\udc1a\ud835\udc33\ud835\udc1a\ud835\udc2b &amp; \ud835\udc1c\ud835\udc22\ud835\udc1a\",\"isPartOf\":{\"@id\":\"https:\/\/shop.bazarcia.com\/#website\"},\"primaryImageOfPage\":{\"@id\":\"https:\/\/shop.bazarcia.com\/produto\/matrizes-para-alfaias\/#primaryimage\"},\"image\":{\"@id\":\"https:\/\/shop.bazarcia.com\/produto\/matrizes-para-alfaias\/#primaryimage\"},\"thumbnailUrl\":\"https:\/\/shop.bazarcia.com\/wp-content\/uploads\/2024\/10\/matrizes-para-alfaias.jpg\",\"datePublished\":\"2024-10-16T01:37:16+00:00\",\"dateModified\":\"2024-10-16T01:51:28+00:00\",\"breadcrumb\":{\"@id\":\"https:\/\/shop.bazarcia.com\/produto\/matrizes-para-alfaias\/#breadcrumb\"},\"inLanguage\":\"en-US\",\"potentialAction\":[{\"@type\":\"ReadAction\",\"target\":[\"https:\/\/shop.bazarcia.com\/produto\/matrizes-para-alfaias\/\"]}]},{\"@type\":\"ImageObject\",\"inLanguage\":\"en-US\",\"@id\":\"https:\/\/shop.bazarcia.com\/produto\/matrizes-para-alfaias\/#primaryimage\",\"url\":\"https:\/\/shop.bazarcia.com\/wp-content\/uploads\/2024\/10\/matrizes-para-alfaias.jpg\",\"contentUrl\":\"https:\/\/shop.bazarcia.com\/wp-content\/uploads\/2024\/10\/matrizes-para-alfaias.jpg\",\"width\":1080,\"height\":1080},{\"@type\":\"BreadcrumbList\",\"@id\":\"https:\/\/shop.bazarcia.com\/produto\/matrizes-para-alfaias\/#breadcrumb\",\"itemListElement\":[{\"@type\":\"ListItem\",\"position\":1,\"name\":\"In\u00edcio\",\"item\":\"https:\/\/shop.bazarcia.com\/\"},{\"@type\":\"ListItem\",\"position\":2,\"name\":\"Loja\",\"item\":\"https:\/\/shop.bazarcia.com\/loja\/\"},{\"@type\":\"ListItem\",\"position\":3,\"name\":\"Matrizes para ALFAIAS\"}]},{\"@type\":\"WebSite\",\"@id\":\"https:\/\/shop.bazarcia.com\/#website\",\"url\":\"https:\/\/shop.bazarcia.com\/\",\"name\":\"Bazar & Cia\",\"description\":\"criatividade ponto a ponto\",\"publisher\":{\"@id\":\"https:\/\/shop.bazarcia.com\/#organization\"},\"potentialAction\":[{\"@type\":\"SearchAction\",\"target\":{\"@type\":\"EntryPoint\",\"urlTemplate\":\"https:\/\/shop.bazarcia.com\/?s={search_term_string}\"},\"query-input\":{\"@type\":\"PropertyValueSpecification\",\"valueRequired\":true,\"valueName\":\"search_term_string\"}}],\"inLanguage\":\"en-US\"},{\"@type\":\"Organization\",\"@id\":\"https:\/\/shop.bazarcia.com\/#organization\",\"name\":\"Bazar & Cia\",\"url\":\"https:\/\/shop.bazarcia.com\/\",\"logo\":{\"@type\":\"ImageObject\",\"inLanguage\":\"en-US\",\"@id\":\"https:\/\/shop.bazarcia.com\/#\/schema\/logo\/image\/\",\"url\":\"https:\/\/shop.bazarcia.com\/wp-content\/uploads\/2024\/02\/cropped-logo_bazarcia.png\",\"contentUrl\":\"https:\/\/shop.bazarcia.com\/wp-content\/uploads\/2024\/02\/cropped-logo_bazarcia.png\",\"width\":150,\"height\":150,\"caption\":\"Bazar & Cia\"},\"image\":{\"@id\":\"https:\/\/shop.bazarcia.com\/#\/schema\/logo\/image\/\"},\"sameAs\":[\"https:\/\/www.facebook.com\/shopbazarcia\",\"https:\/\/www.instagram.com\/shopbazarcia\",\"https:\/\/br.pinterest.com\/suzane_eloise\/\",\"https:\/\/www.youtube.com\/c\/BazardoBordadoMatrizeseProjetos\"]}]}<\/script>\n<!-- \/ Yoast SEO plugin. -->","yoast_head_json":{"title":"Matrizes para ALFAIAS - \ud835\udc1b\ud835\udc1a\ud835\udc33\ud835\udc1a\ud835\udc2b &amp; \ud835\udc1c\ud835\udc22\ud835\udc1a","robots":{"index":"index","follow":"follow","max-snippet":"max-snippet:-1","max-image-preview":"max-image-preview:large","max-video-preview":"max-video-preview:-1"},"canonical":"https:\/\/shop.bazarcia.com\/en\/product\/matrizes-para-alfaias\/","og_locale":"en_US","og_type":"article","og_title":"Matrizes para ALFAIAS - \ud835\udc1b\ud835\udc1a\ud835\udc33\ud835\udc1a\ud835\udc2b &amp; \ud835\udc1c\ud835\udc22\ud835\udc1a","og_description":"Matrizes de bordado para confec\u00e7\u00e3o de ALFAIAS, as pe\u00e7as usadas na missa.  Geralmente essas pe\u00e7as tem tamanho padronizado e demandam motivos pequenos (pala \u00e9 a \u00fanica com a \u00e1rea toda bordada):  Pala: 15x15  Sangu\u00edneo: 27x38  Corporal: 53x53  Manust\u00e9rgio: 30x50  Tamanhos come\u00e7ando com 8cm de altura, tamanho 10 tamb\u00e9m \u00e9 bastante usado. Barrados com 12 cm de altura e a 15x15 para a pala. Tamb\u00e9m tem motivos maiores, no 16x26 para o caso de toalhas de altar ou de banho para a casa paroquial.  Formatos dos arquivos: PES, JEF, XXX, DST e EXP.  &nbsp;","og_url":"https:\/\/shop.bazarcia.com\/en\/product\/matrizes-para-alfaias\/","og_site_name":"\ud835\udc1b\ud835\udc1a\ud835\udc33\ud835\udc1a\ud835\udc2b &amp; \ud835\udc1c\ud835\udc22\ud835\udc1a","article_publisher":"https:\/\/www.facebook.com\/shopbazarcia","article_modified_time":"2024-10-16T01:51:28+00:00","og_image":[{"width":1080,"height":1080,"url":"https:\/\/shop.bazarcia.com\/wp-content\/uploads\/2024\/10\/matrizes-para-alfaias.jpg","type":"image\/jpeg"}],"twitter_card":"summary_large_image","twitter_misc":{"Est. reading time":"1 minute"},"schema":{"@context":"https:\/\/schema.org","@graph":[{"@type":"WebPage","@id":"https:\/\/shop.bazarcia.com\/produto\/matrizes-para-alfaias\/","url":"https:\/\/shop.bazarcia.com\/produto\/matrizes-para-alfaias\/","name":"Matrizes para ALFAIAS - \ud835\udc1b\ud835\udc1a\ud835\udc33\ud835\udc1a\ud835\udc2b &amp; \ud835\udc1c\ud835\udc22\ud835\udc1a","isPartOf":{"@id":"https:\/\/shop.bazarcia.com\/#website"},"primaryImageOfPage":{"@id":"https:\/\/shop.bazarcia.com\/produto\/matrizes-para-alfaias\/#primaryimage"},"image":{"@id":"https:\/\/shop.bazarcia.com\/produto\/matrizes-para-alfaias\/#primaryimage"},"thumbnailUrl":"https:\/\/shop.bazarcia.com\/wp-content\/uploads\/2024\/10\/matrizes-para-alfaias.jpg","datePublished":"2024-10-16T01:37:16+00:00","dateModified":"2024-10-16T01:51:28+00:00","breadcrumb":{"@id":"https:\/\/shop.bazarcia.com\/produto\/matrizes-para-alfaias\/#breadcrumb"},"inLanguage":"en-US","potentialAction":[{"@type":"ReadAction","target":["https:\/\/shop.bazarcia.com\/produto\/matrizes-para-alfaias\/"]}]},{"@type":"ImageObject","inLanguage":"en-US","@id":"https:\/\/shop.bazarcia.com\/produto\/matrizes-para-alfaias\/#primaryimage","url":"https:\/\/shop.bazarcia.com\/wp-content\/uploads\/2024\/10\/matrizes-para-alfaias.jpg","contentUrl":"https:\/\/shop.bazarcia.com\/wp-content\/uploads\/2024\/10\/matrizes-para-alfaias.jpg","width":1080,"height":1080},{"@type":"BreadcrumbList","@id":"https:\/\/shop.bazarcia.com\/produto\/matrizes-para-alfaias\/#breadcrumb","itemListElement":[{"@type":"ListItem","position":1,"name":"In\u00edcio","item":"https:\/\/shop.bazarcia.com\/"},{"@type":"ListItem","position":2,"name":"Loja","item":"https:\/\/shop.bazarcia.com\/loja\/"},{"@type":"ListItem","position":3,"name":"Matrizes para ALFAIAS"}]},{"@type":"WebSite","@id":"https:\/\/shop.bazarcia.com\/#website","url":"https:\/\/shop.bazarcia.com\/","name":"Bazar & Cia","description":"criatividade ponto a ponto","publisher":{"@id":"https:\/\/shop.bazarcia.com\/#organization"},"potentialAction":[{"@type":"SearchAction","target":{"@type":"EntryPoint","urlTemplate":"https:\/\/shop.bazarcia.com\/?s={search_term_string}"},"query-input":{"@type":"PropertyValueSpecification","valueRequired":true,"valueName":"search_term_string"}}],"inLanguage":"en-US"},{"@type":"Organization","@id":"https:\/\/shop.bazarcia.com\/#organization","name":"Bazar & Cia","url":"https:\/\/shop.bazarcia.com\/","logo":{"@type":"ImageObject","inLanguage":"en-US","@id":"https:\/\/shop.bazarcia.com\/#\/schema\/logo\/image\/","url":"https:\/\/shop.bazarcia.com\/wp-content\/uploads\/2024\/02\/cropped-logo_bazarcia.png","contentUrl":"https:\/\/shop.bazarcia.com\/wp-content\/uploads\/2024\/02\/cropped-logo_bazarcia.png","width":150,"height":150,"caption":"Bazar & Cia"},"image":{"@id":"https:\/\/shop.bazarcia.com\/#\/schema\/logo\/image\/"},"sameAs":["https:\/\/www.facebook.com\/shopbazarcia","https:\/\/www.instagram.com\/shopbazarcia","https:\/\/br.pinterest.com\/suzane_eloise\/","https:\/\/www.youtube.com\/c\/BazardoBordadoMatrizeseProjetos"]}]}},"_links":{"self":[{"href":"https:\/\/shop.bazarcia.com\/en\/wp-json\/wp\/v2\/product\/296361","targetHints":{"allow":["GET"]}}],"collection":[{"href":"https:\/\/shop.bazarcia.com\/en\/wp-json\/wp\/v2\/product"}],"about":[{"href":"https:\/\/shop.bazarcia.com\/en\/wp-json\/wp\/v2\/types\/product"}],"replies":[{"embeddable":true,"href":"https:\/\/shop.bazarcia.com\/en\/wp-json\/wp\/v2\/comments?post=296361"}],"version-history":[{"count":1,"href":"https:\/\/shop.bazarcia.com\/en\/wp-json\/wp\/v2\/product\/296361\/revisions"}],"predecessor-version":[{"id":296369,"href":"https:\/\/shop.bazarcia.com\/en\/wp-json\/wp\/v2\/product\/296361\/revisions\/296369"}],"wp:featuredmedia":[{"embeddable":true,"href":"https:\/\/shop.bazarcia.com\/en\/wp-json\/wp\/v2\/media\/296368"}],"wp:attachment":[{"href":"https:\/\/shop.bazarcia.com\/en\/wp-json\/wp\/v2\/media?parent=296361"}],"wp:term":[{"taxonomy":"product_brand","embeddable":true,"href":"https:\/\/shop.bazarcia.com\/en\/wp-json\/wp\/v2\/product_brand?post=296361"},{"taxonomy":"product_cat","embeddable":true,"href":"https:\/\/shop.bazarcia.com\/en\/wp-json\/wp\/v2\/product_cat?post=296361"},{"taxonomy":"product_tag","embeddable":true,"href":"https:\/\/shop.bazarcia.com\/en\/wp-json\/wp\/v2\/product_tag?post=296361"}],"curies":[{"name":"wp","href":"https:\/\/api.w.org\/{rel}","templated":true}]}}