{"id":29847,"date":"2020-05-28T00:04:01","date_gmt":"2020-05-28T03:04:01","guid":{"rendered":"https:\/\/shop.bazarcia.com\/produto\/matriz-de-bordado-colecao-festa-na-floresta\/"},"modified":"2023-05-31T10:36:06","modified_gmt":"2023-05-31T13:36:06","slug":"matriz-de-bordado-colecao-festa-na-floresta","status":"publish","type":"product","link":"https:\/\/shop.bazarcia.com\/en\/product\/matriz-de-bordado-colecao-festa-na-floresta\/","title":{"rendered":"Matriz de Bordado &#8211; Cole\u00e7\u00e3o Festa na Floresta"},"content":{"rendered":"<p>Este \u00e9 um produto digital que \u00e9 disponibilizado para DOWNLOAD logo ap\u00f3s a confirma\u00e7\u00e3o do pagamento.<\/p>\n<p>Os arquivos est\u00e3o em pasta compactada(ZIP), sendo necess\u00e1rio descompactar.<\/p>\n<p>Os mesmos s\u00e3o compat\u00edveis com v\u00e1rios tipos e modelos de m\u00e1quinas, com os seguintes formatos :<\/p>\n<p>PES \u2013 JEF \u2013\u00a0 EXP \u2013 DST<\/p>\n<p style=\"margin-top: 0px;margin-bottom: 1rem;color: #7a7a7a;font-family: raleway, sans-serif;font-size: 14px\">Tamanhos (AxL) em cm:<\/p>\n<p style=\"margin-top: 0px;margin-bottom: 1rem;color: #7a7a7a;font-family: raleway, sans-serif;font-size: 14px\">Coelho:<br \/>\n\u2013 08 x 04,5<br \/>\n\u2013 10 x 05,5<br \/>\n\u2013 11 x 06<br \/>\n\u2013 12 x 06,5<br \/>\n\u2013 14 x 08<br \/>\n\u2013 16 x 09<\/p>\n<p>Raposa:<br \/>\n<span style=\"color: #7a7a7a;font-family: raleway, sans-serif;font-size: 14px\">\u2013 08 x 05,5<\/span><br style=\"color: #7a7a7a;font-family: raleway, sans-serif;font-size: 14px\" \/><span style=\"color: #7a7a7a;font-family: raleway, sans-serif;font-size: 14px\">\u2013 10 x 07<\/span><br style=\"color: #7a7a7a;font-family: raleway, sans-serif;font-size: 14px\" \/><span style=\"color: #7a7a7a;font-family: raleway, sans-serif;font-size: 14px\">\u2013 11 x 07,5<\/span><br style=\"color: #7a7a7a;font-family: raleway, sans-serif;font-size: 14px\" \/><span style=\"color: #7a7a7a;font-family: raleway, sans-serif;font-size: 14px\">\u2013 12 x 08,5<\/span><br style=\"color: #7a7a7a;font-family: raleway, sans-serif;font-size: 14px\" \/><span style=\"color: #7a7a7a;font-family: raleway, sans-serif;font-size: 14px\">\u2013 14 x 10<\/span><br style=\"color: #7a7a7a;font-family: raleway, sans-serif;font-size: 14px\" \/><span style=\"color: #7a7a7a;font-family: raleway, sans-serif;font-size: 14px\">\u2013 16 x 11<\/span><\/p>\n<p>Panda:<br \/>\n<span style=\"color: #7a7a7a;font-family: raleway, sans-serif;font-size: 14px\">\u2013 08 x 06,2<\/span><br style=\"color: #7a7a7a;font-family: raleway, sans-serif;font-size: 14px\" \/><span style=\"color: #7a7a7a;font-family: raleway, sans-serif;font-size: 14px\">\u2013 10 x 7,7<\/span><br style=\"color: #7a7a7a;font-family: raleway, sans-serif;font-size: 14px\" \/><span style=\"color: #7a7a7a;font-family: raleway, sans-serif;font-size: 14px\">\u2013 11 x 8,5<\/span><br style=\"color: #7a7a7a;font-family: raleway, sans-serif;font-size: 14px\" \/><span style=\"color: #7a7a7a;font-family: raleway, sans-serif;font-size: 14px\">\u2013 12 x 9,2<\/span><br style=\"color: #7a7a7a;font-family: raleway, sans-serif;font-size: 14px\" \/><span style=\"color: #7a7a7a;font-family: raleway, sans-serif;font-size: 14px\">\u2013 14 x 10,8<\/span><br style=\"color: #7a7a7a;font-family: raleway, sans-serif;font-size: 14px\" \/><span style=\"color: #7a7a7a;font-family: raleway, sans-serif;font-size: 14px\">\u2013 16 x 12,3<\/span><\/p>\n<p>Guaxinim<br \/>\n<span style=\"color: #7a7a7a;font-family: raleway, sans-serif;font-size: 14px\">\u2013 08 x 04,8<\/span><br style=\"color: #7a7a7a;font-family: raleway, sans-serif;font-size: 14px\" \/><span style=\"color: #7a7a7a;font-family: raleway, sans-serif;font-size: 14px\">\u2013 10 x 06<\/span><br style=\"color: #7a7a7a;font-family: raleway, sans-serif;font-size: 14px\" \/><span style=\"color: #7a7a7a;font-family: raleway, sans-serif;font-size: 14px\">\u2013 11 x 6,6<\/span><br style=\"color: #7a7a7a;font-family: raleway, sans-serif;font-size: 14px\" \/><span style=\"color: #7a7a7a;font-family: raleway, sans-serif;font-size: 14px\">\u2013 12 x 7,2<\/span><br style=\"color: #7a7a7a;font-family: raleway, sans-serif;font-size: 14px\" \/><span style=\"color: #7a7a7a;font-family: raleway, sans-serif;font-size: 14px\">\u2013 14 x 8,4<\/span><br style=\"color: #7a7a7a;font-family: raleway, sans-serif;font-size: 14px\" \/><span style=\"color: #7a7a7a;font-family: raleway, sans-serif;font-size: 14px\">\u2013 16 x 10<\/span><\/p>\n<p>Cervo:<br \/>\n<span style=\"color: #7a7a7a;font-family: raleway, sans-serif;font-size: 14px\">\u2013 08 x 05,2<\/span><br style=\"color: #7a7a7a;font-family: raleway, sans-serif;font-size: 14px\" \/><span style=\"color: #7a7a7a;font-family: raleway, sans-serif;font-size: 14px\">\u2013 10 x 06,5<\/span><br style=\"color: #7a7a7a;font-family: raleway, sans-serif;font-size: 14px\" \/><span style=\"color: #7a7a7a;font-family: raleway, sans-serif;font-size: 14px\">\u2013 11 x 07,1<\/span><br style=\"color: #7a7a7a;font-family: raleway, sans-serif;font-size: 14px\" \/><span style=\"color: #7a7a7a;font-family: raleway, sans-serif;font-size: 14px\">\u2013 12 x 07,7<\/span><br style=\"color: #7a7a7a;font-family: raleway, sans-serif;font-size: 14px\" \/><span style=\"color: #7a7a7a;font-family: raleway, sans-serif;font-size: 14px\">\u2013 14 x 09<\/span><br style=\"color: #7a7a7a;font-family: raleway, sans-serif;font-size: 14px\" \/><span style=\"color: #7a7a7a;font-family: raleway, sans-serif;font-size: 14px\">\u2013 16 x 10,3<\/span><\/p>\n<p>Aten\u00e7\u00e3o! Confira os tamanhos antes de efetuar a compra.<\/p>","protected":false},"excerpt":{"rendered":"<p>Matriz de Bordado &#8211; Cole\u00e7\u00e3o Festa na Floresta<\/p>","protected":false},"featured_media":29844,"comment_status":"open","ping_status":"closed","template":"","meta":{"_acf_changed":false,"_joinchat":[]},"product_brand":[],"product_cat":[84,122,208,1197,1077,244,306],"product_tag":[],"class_list":{"0":"post-29847","1":"product","2":"type-product","3":"status-publish","4":"has-post-thumbnail","6":"product_cat-matrizes-de-bordado","7":"product_cat-matrizes-de-bordado-animais","8":"product_cat-coelhinhos","9":"product_cat-guaxinim","10":"product_cat-pandas","11":"product_cat-raposinhas","12":"product_cat-pacotinhos-de-matrizes","14":"first","15":"instock","16":"downloadable","17":"virtual","18":"purchasable","19":"product-type-simple"},"acf":[],"yoast_head":"<!-- This site is optimized with the Yoast SEO plugin v27.2 - https:\/\/yoast.com\/product\/yoast-seo-wordpress\/ -->\n<title>Matriz de Bordado - Cole\u00e7\u00e3o Festa na Floresta - \ud835\udc1b\ud835\udc1a\ud835\udc33\ud835\udc1a\ud835\udc2b &amp; \ud835\udc1c\ud835\udc22\ud835\udc1a<\/title>\n<meta name=\"robots\" content=\"index, follow, max-snippet:-1, max-image-preview:large, max-video-preview:-1\" \/>\n<link rel=\"canonical\" href=\"https:\/\/shop.bazarcia.com\/en\/product\/matriz-de-bordado-colecao-festa-na-floresta\/\" \/>\n<meta property=\"og:locale\" content=\"en_US\" \/>\n<meta property=\"og:type\" content=\"article\" \/>\n<meta property=\"og:title\" content=\"Matriz de Bordado - Cole\u00e7\u00e3o Festa na Floresta - \ud835\udc1b\ud835\udc1a\ud835\udc33\ud835\udc1a\ud835\udc2b &amp; \ud835\udc1c\ud835\udc22\ud835\udc1a\" \/>\n<meta property=\"og:description\" content=\"Matriz de Bordado - Cole\u00e7\u00e3o Festa na Floresta\" \/>\n<meta property=\"og:url\" content=\"https:\/\/shop.bazarcia.com\/en\/product\/matriz-de-bordado-colecao-festa-na-floresta\/\" \/>\n<meta property=\"og:site_name\" content=\"\ud835\udc1b\ud835\udc1a\ud835\udc33\ud835\udc1a\ud835\udc2b &amp; \ud835\udc1c\ud835\udc22\ud835\udc1a\" \/>\n<meta property=\"article:publisher\" content=\"https:\/\/www.facebook.com\/shopbazarcia\" \/>\n<meta property=\"article:modified_time\" content=\"2023-05-31T13:36:06+00:00\" \/>\n<meta property=\"og:image\" content=\"https:\/\/shop.bazarcia.com\/wp-content\/uploads\/2020\/05\/Kit_Festa_Floresta.png\" \/>\n\t<meta property=\"og:image:width\" content=\"1080\" \/>\n\t<meta property=\"og:image:height\" content=\"1080\" \/>\n\t<meta property=\"og:image:type\" content=\"image\/png\" \/>\n<meta name=\"twitter:card\" content=\"summary_large_image\" \/>\n<meta name=\"twitter:label1\" content=\"Est. reading time\" \/>\n\t<meta name=\"twitter:data1\" content=\"1 minute\" \/>\n<script type=\"application\/ld+json\" class=\"yoast-schema-graph\">{\"@context\":\"https:\/\/schema.org\",\"@graph\":[{\"@type\":\"WebPage\",\"@id\":\"https:\/\/shop.bazarcia.com\/produto\/matriz-de-bordado-colecao-festa-na-floresta\/\",\"url\":\"https:\/\/shop.bazarcia.com\/produto\/matriz-de-bordado-colecao-festa-na-floresta\/\",\"name\":\"Matriz de Bordado - Cole\u00e7\u00e3o Festa na Floresta - \ud835\udc1b\ud835\udc1a\ud835\udc33\ud835\udc1a\ud835\udc2b &amp; \ud835\udc1c\ud835\udc22\ud835\udc1a\",\"isPartOf\":{\"@id\":\"https:\/\/shop.bazarcia.com\/#website\"},\"primaryImageOfPage\":{\"@id\":\"https:\/\/shop.bazarcia.com\/produto\/matriz-de-bordado-colecao-festa-na-floresta\/#primaryimage\"},\"image\":{\"@id\":\"https:\/\/shop.bazarcia.com\/produto\/matriz-de-bordado-colecao-festa-na-floresta\/#primaryimage\"},\"thumbnailUrl\":\"https:\/\/shop.bazarcia.com\/wp-content\/uploads\/2020\/05\/Kit_Festa_Floresta.png\",\"datePublished\":\"2020-05-28T03:04:01+00:00\",\"dateModified\":\"2023-05-31T13:36:06+00:00\",\"breadcrumb\":{\"@id\":\"https:\/\/shop.bazarcia.com\/produto\/matriz-de-bordado-colecao-festa-na-floresta\/#breadcrumb\"},\"inLanguage\":\"en-US\",\"potentialAction\":[{\"@type\":\"ReadAction\",\"target\":[\"https:\/\/shop.bazarcia.com\/produto\/matriz-de-bordado-colecao-festa-na-floresta\/\"]}]},{\"@type\":\"ImageObject\",\"inLanguage\":\"en-US\",\"@id\":\"https:\/\/shop.bazarcia.com\/produto\/matriz-de-bordado-colecao-festa-na-floresta\/#primaryimage\",\"url\":\"https:\/\/shop.bazarcia.com\/wp-content\/uploads\/2020\/05\/Kit_Festa_Floresta.png\",\"contentUrl\":\"https:\/\/shop.bazarcia.com\/wp-content\/uploads\/2020\/05\/Kit_Festa_Floresta.png\",\"width\":1080,\"height\":1080},{\"@type\":\"BreadcrumbList\",\"@id\":\"https:\/\/shop.bazarcia.com\/produto\/matriz-de-bordado-colecao-festa-na-floresta\/#breadcrumb\",\"itemListElement\":[{\"@type\":\"ListItem\",\"position\":1,\"name\":\"In\u00edcio\",\"item\":\"https:\/\/shop.bazarcia.com\/\"},{\"@type\":\"ListItem\",\"position\":2,\"name\":\"Loja\",\"item\":\"https:\/\/shop.bazarcia.com\/loja\/\"},{\"@type\":\"ListItem\",\"position\":3,\"name\":\"Matriz de Bordado &#8211; Cole\u00e7\u00e3o Festa na Floresta\"}]},{\"@type\":\"WebSite\",\"@id\":\"https:\/\/shop.bazarcia.com\/#website\",\"url\":\"https:\/\/shop.bazarcia.com\/\",\"name\":\"Bazar & Cia\",\"description\":\"criatividade ponto a ponto\",\"publisher\":{\"@id\":\"https:\/\/shop.bazarcia.com\/#organization\"},\"potentialAction\":[{\"@type\":\"SearchAction\",\"target\":{\"@type\":\"EntryPoint\",\"urlTemplate\":\"https:\/\/shop.bazarcia.com\/?s={search_term_string}\"},\"query-input\":{\"@type\":\"PropertyValueSpecification\",\"valueRequired\":true,\"valueName\":\"search_term_string\"}}],\"inLanguage\":\"en-US\"},{\"@type\":\"Organization\",\"@id\":\"https:\/\/shop.bazarcia.com\/#organization\",\"name\":\"Bazar & Cia\",\"url\":\"https:\/\/shop.bazarcia.com\/\",\"logo\":{\"@type\":\"ImageObject\",\"inLanguage\":\"en-US\",\"@id\":\"https:\/\/shop.bazarcia.com\/#\/schema\/logo\/image\/\",\"url\":\"https:\/\/shop.bazarcia.com\/wp-content\/uploads\/2024\/02\/cropped-logo_bazarcia.png\",\"contentUrl\":\"https:\/\/shop.bazarcia.com\/wp-content\/uploads\/2024\/02\/cropped-logo_bazarcia.png\",\"width\":150,\"height\":150,\"caption\":\"Bazar & Cia\"},\"image\":{\"@id\":\"https:\/\/shop.bazarcia.com\/#\/schema\/logo\/image\/\"},\"sameAs\":[\"https:\/\/www.facebook.com\/shopbazarcia\",\"https:\/\/www.instagram.com\/shopbazarcia\",\"https:\/\/br.pinterest.com\/suzane_eloise\/\",\"https:\/\/www.youtube.com\/c\/BazardoBordadoMatrizeseProjetos\"]}]}<\/script>\n<!-- \/ Yoast SEO plugin. -->","yoast_head_json":{"title":"Matriz de Bordado - Cole\u00e7\u00e3o Festa na Floresta - \ud835\udc1b\ud835\udc1a\ud835\udc33\ud835\udc1a\ud835\udc2b &amp; \ud835\udc1c\ud835\udc22\ud835\udc1a","robots":{"index":"index","follow":"follow","max-snippet":"max-snippet:-1","max-image-preview":"max-image-preview:large","max-video-preview":"max-video-preview:-1"},"canonical":"https:\/\/shop.bazarcia.com\/en\/product\/matriz-de-bordado-colecao-festa-na-floresta\/","og_locale":"en_US","og_type":"article","og_title":"Matriz de Bordado - Cole\u00e7\u00e3o Festa na Floresta - \ud835\udc1b\ud835\udc1a\ud835\udc33\ud835\udc1a\ud835\udc2b &amp; \ud835\udc1c\ud835\udc22\ud835\udc1a","og_description":"Matriz de Bordado - Cole\u00e7\u00e3o Festa na Floresta","og_url":"https:\/\/shop.bazarcia.com\/en\/product\/matriz-de-bordado-colecao-festa-na-floresta\/","og_site_name":"\ud835\udc1b\ud835\udc1a\ud835\udc33\ud835\udc1a\ud835\udc2b &amp; \ud835\udc1c\ud835\udc22\ud835\udc1a","article_publisher":"https:\/\/www.facebook.com\/shopbazarcia","article_modified_time":"2023-05-31T13:36:06+00:00","og_image":[{"width":1080,"height":1080,"url":"https:\/\/shop.bazarcia.com\/wp-content\/uploads\/2020\/05\/Kit_Festa_Floresta.png","type":"image\/png"}],"twitter_card":"summary_large_image","twitter_misc":{"Est. reading time":"1 minute"},"schema":{"@context":"https:\/\/schema.org","@graph":[{"@type":"WebPage","@id":"https:\/\/shop.bazarcia.com\/produto\/matriz-de-bordado-colecao-festa-na-floresta\/","url":"https:\/\/shop.bazarcia.com\/produto\/matriz-de-bordado-colecao-festa-na-floresta\/","name":"Matriz de Bordado - Cole\u00e7\u00e3o Festa na Floresta - \ud835\udc1b\ud835\udc1a\ud835\udc33\ud835\udc1a\ud835\udc2b &amp; \ud835\udc1c\ud835\udc22\ud835\udc1a","isPartOf":{"@id":"https:\/\/shop.bazarcia.com\/#website"},"primaryImageOfPage":{"@id":"https:\/\/shop.bazarcia.com\/produto\/matriz-de-bordado-colecao-festa-na-floresta\/#primaryimage"},"image":{"@id":"https:\/\/shop.bazarcia.com\/produto\/matriz-de-bordado-colecao-festa-na-floresta\/#primaryimage"},"thumbnailUrl":"https:\/\/shop.bazarcia.com\/wp-content\/uploads\/2020\/05\/Kit_Festa_Floresta.png","datePublished":"2020-05-28T03:04:01+00:00","dateModified":"2023-05-31T13:36:06+00:00","breadcrumb":{"@id":"https:\/\/shop.bazarcia.com\/produto\/matriz-de-bordado-colecao-festa-na-floresta\/#breadcrumb"},"inLanguage":"en-US","potentialAction":[{"@type":"ReadAction","target":["https:\/\/shop.bazarcia.com\/produto\/matriz-de-bordado-colecao-festa-na-floresta\/"]}]},{"@type":"ImageObject","inLanguage":"en-US","@id":"https:\/\/shop.bazarcia.com\/produto\/matriz-de-bordado-colecao-festa-na-floresta\/#primaryimage","url":"https:\/\/shop.bazarcia.com\/wp-content\/uploads\/2020\/05\/Kit_Festa_Floresta.png","contentUrl":"https:\/\/shop.bazarcia.com\/wp-content\/uploads\/2020\/05\/Kit_Festa_Floresta.png","width":1080,"height":1080},{"@type":"BreadcrumbList","@id":"https:\/\/shop.bazarcia.com\/produto\/matriz-de-bordado-colecao-festa-na-floresta\/#breadcrumb","itemListElement":[{"@type":"ListItem","position":1,"name":"In\u00edcio","item":"https:\/\/shop.bazarcia.com\/"},{"@type":"ListItem","position":2,"name":"Loja","item":"https:\/\/shop.bazarcia.com\/loja\/"},{"@type":"ListItem","position":3,"name":"Matriz de Bordado &#8211; Cole\u00e7\u00e3o Festa na Floresta"}]},{"@type":"WebSite","@id":"https:\/\/shop.bazarcia.com\/#website","url":"https:\/\/shop.bazarcia.com\/","name":"Bazar & Cia","description":"criatividade ponto a ponto","publisher":{"@id":"https:\/\/shop.bazarcia.com\/#organization"},"potentialAction":[{"@type":"SearchAction","target":{"@type":"EntryPoint","urlTemplate":"https:\/\/shop.bazarcia.com\/?s={search_term_string}"},"query-input":{"@type":"PropertyValueSpecification","valueRequired":true,"valueName":"search_term_string"}}],"inLanguage":"en-US"},{"@type":"Organization","@id":"https:\/\/shop.bazarcia.com\/#organization","name":"Bazar & Cia","url":"https:\/\/shop.bazarcia.com\/","logo":{"@type":"ImageObject","inLanguage":"en-US","@id":"https:\/\/shop.bazarcia.com\/#\/schema\/logo\/image\/","url":"https:\/\/shop.bazarcia.com\/wp-content\/uploads\/2024\/02\/cropped-logo_bazarcia.png","contentUrl":"https:\/\/shop.bazarcia.com\/wp-content\/uploads\/2024\/02\/cropped-logo_bazarcia.png","width":150,"height":150,"caption":"Bazar & Cia"},"image":{"@id":"https:\/\/shop.bazarcia.com\/#\/schema\/logo\/image\/"},"sameAs":["https:\/\/www.facebook.com\/shopbazarcia","https:\/\/www.instagram.com\/shopbazarcia","https:\/\/br.pinterest.com\/suzane_eloise\/","https:\/\/www.youtube.com\/c\/BazardoBordadoMatrizeseProjetos"]}]}},"_links":{"self":[{"href":"https:\/\/shop.bazarcia.com\/en\/wp-json\/wp\/v2\/product\/29847","targetHints":{"allow":["GET"]}}],"collection":[{"href":"https:\/\/shop.bazarcia.com\/en\/wp-json\/wp\/v2\/product"}],"about":[{"href":"https:\/\/shop.bazarcia.com\/en\/wp-json\/wp\/v2\/types\/product"}],"replies":[{"embeddable":true,"href":"https:\/\/shop.bazarcia.com\/en\/wp-json\/wp\/v2\/comments?post=29847"}],"version-history":[{"count":1,"href":"https:\/\/shop.bazarcia.com\/en\/wp-json\/wp\/v2\/product\/29847\/revisions"}],"predecessor-version":[{"id":232498,"href":"https:\/\/shop.bazarcia.com\/en\/wp-json\/wp\/v2\/product\/29847\/revisions\/232498"}],"wp:featuredmedia":[{"embeddable":true,"href":"https:\/\/shop.bazarcia.com\/en\/wp-json\/wp\/v2\/media\/29844"}],"wp:attachment":[{"href":"https:\/\/shop.bazarcia.com\/en\/wp-json\/wp\/v2\/media?parent=29847"}],"wp:term":[{"taxonomy":"product_brand","embeddable":true,"href":"https:\/\/shop.bazarcia.com\/en\/wp-json\/wp\/v2\/product_brand?post=29847"},{"taxonomy":"product_cat","embeddable":true,"href":"https:\/\/shop.bazarcia.com\/en\/wp-json\/wp\/v2\/product_cat?post=29847"},{"taxonomy":"product_tag","embeddable":true,"href":"https:\/\/shop.bazarcia.com\/en\/wp-json\/wp\/v2\/product_tag?post=29847"}],"curies":[{"name":"wp","href":"https:\/\/api.w.org\/{rel}","templated":true}]}}