{"id":300936,"date":"2024-11-16T16:33:55","date_gmt":"2024-11-16T19:33:55","guid":{"rendered":"https:\/\/shop.bazarcia.com\/?post_type=product&#038;p=300936"},"modified":"2024-11-17T11:42:21","modified_gmt":"2024-11-17T14:42:21","slug":"margaridas","status":"publish","type":"product","link":"https:\/\/shop.bazarcia.com\/en\/product\/margaridas\/","title":{"rendered":"Margaridas"},"content":{"rendered":"<p>TEMA\u00a0 MARGARIDAS. Ideal para bordar em pe\u00e7as de ENXOVAL DE BEB\u00ca E DE COZINHA: fraldas, manta, toalhinhas&#8230;panos de prato e bate-m\u00e3o, toalhas de ch\u00e1 e de mesa, cobre bolos, lugar americano, trilho de mesa, TOALHAS BANHO, ROSTO e LAVABO, roupas de cama&#8230;<\/p>\n<p>Matrizes nos tamanhos 12 CM, 13&#215;18, 16&#215;26 e 20&#215;30 CM.<\/p>\n<p>BARRINHAS em 15, 26 e 30 cm. Bordar a primeira linha somente na entretela, ela \u00e9 a guia para posicionar o tecido por flutua\u00e7\u00e3o e tamb\u00e9m para casar com a pr\u00f3xima parte da execu\u00e7\u00e3o. Usar a marca\u00e7\u00e3o do final do ponto cheio de acabamento como guia para casar a emenda da barrinha. Podem ser executadas direto na pe\u00e7a ou podem tamb\u00e9m ser usadas para fazer e reservar, tudo emendadas, para aplica\u00e7\u00e3o posterior.<\/p>\n<p>Formatos dos arquivos: PES, JEF, XXX, DST e EXP.<\/p>\n<p>Trata-se de um produto virtual, matriz de bordado em ponto cheio e ponto contorno.<\/p>\n<p>A libera\u00e7\u00e3o das matrizes para DOWNLOAD ocorre logo ap\u00f3s a confirma\u00e7\u00e3o do pagamento, basta acessar DOWNLOADS na \u00e1rea do cliente neste site.<\/p>","protected":false},"excerpt":{"rendered":"<p>TEMA\u00a0 MARGARIDAS. Ideal para bordar em pe\u00e7as de ENXOVAL DE BEB\u00ca E DE COZINHA: fraldas, manta, toalhinhas&#8230;panos de prato e bate-m\u00e3o, toalhas de ch\u00e1 e de mesa, cobre bolos, lugar americano, trilho de mesa, TOALHAS BANHO, ROSTO e LAVABO, roupas de cama&#8230;<\/p>\n<p>Matrizes nos tamanhos 12 CM, 13&#215;18, 16&#215;26 e 20&#215;30 CM.<\/p>\n<p>BARRINHAS em 15, 26 e 30 cm. Bordar a primeira linha somente na entretela, ela \u00e9 a guia para posicionar o tecido por flutua\u00e7\u00e3o e tamb\u00e9m para casar com a pr\u00f3xima parte da execu\u00e7\u00e3o. Usar a marca\u00e7\u00e3o do final do ponto cheio de acabamento como guia para casar a emenda da barrinha. Podem ser executadas direto na pe\u00e7a ou podem tamb\u00e9m ser usadas para fazer e reservar, tudo emendadas, para aplica\u00e7\u00e3o posterior.<\/p>\n<p>Formatos dos arquivos: PES, JEF, XXX, DST e EXP.<\/p>\n<p>&nbsp;<\/p>","protected":false},"featured_media":301067,"comment_status":"open","ping_status":"closed","template":"","meta":{"_acf_changed":false,"_joinchat":[]},"product_brand":[],"product_cat":[84,296,1932],"product_tag":[],"class_list":{"0":"post-300936","1":"product","2":"type-product","3":"status-publish","4":"has-post-thumbnail","6":"product_cat-matrizes-de-bordado","7":"product_cat-florais","8":"product_cat-margarida","10":"first","11":"instock","12":"downloadable","13":"virtual","14":"purchasable","15":"product-type-simple"},"acf":[],"yoast_head":"<!-- This site is optimized with the Yoast SEO plugin v27.2 - https:\/\/yoast.com\/product\/yoast-seo-wordpress\/ -->\n<title>Margaridas - \ud835\udc1b\ud835\udc1a\ud835\udc33\ud835\udc1a\ud835\udc2b &amp; \ud835\udc1c\ud835\udc22\ud835\udc1a<\/title>\n<meta name=\"robots\" content=\"index, follow, max-snippet:-1, max-image-preview:large, max-video-preview:-1\" \/>\n<link rel=\"canonical\" href=\"https:\/\/shop.bazarcia.com\/en\/product\/margaridas\/\" \/>\n<meta property=\"og:locale\" content=\"en_US\" \/>\n<meta property=\"og:type\" content=\"article\" \/>\n<meta property=\"og:title\" content=\"Margaridas - \ud835\udc1b\ud835\udc1a\ud835\udc33\ud835\udc1a\ud835\udc2b &amp; \ud835\udc1c\ud835\udc22\ud835\udc1a\" \/>\n<meta property=\"og:description\" content=\"TEMA\u00a0 MARGARIDAS. Ideal para bordar em pe\u00e7as de ENXOVAL DE BEB\u00ca E DE COZINHA: fraldas, manta, toalhinhas...panos de prato e bate-m\u00e3o, toalhas de ch\u00e1 e de mesa, cobre bolos, lugar americano, trilho de mesa, TOALHAS BANHO, ROSTO e LAVABO, roupas de cama...  Matrizes nos tamanhos 12 CM, 13x18, 16x26 e 20x30 CM.  BARRINHAS em 15, 26 e 30 cm. Bordar a primeira linha somente na entretela, ela \u00e9 a guia para posicionar o tecido por flutua\u00e7\u00e3o e tamb\u00e9m para casar com a pr\u00f3xima parte da execu\u00e7\u00e3o. Usar a marca\u00e7\u00e3o do final do ponto cheio de acabamento como guia para casar a emenda da barrinha. Podem ser executadas direto na pe\u00e7a ou podem tamb\u00e9m ser usadas para fazer e reservar, tudo emendadas, para aplica\u00e7\u00e3o posterior.  Formatos dos arquivos: PES, JEF, XXX, DST e EXP.  &nbsp;\" \/>\n<meta property=\"og:url\" content=\"https:\/\/shop.bazarcia.com\/en\/product\/margaridas\/\" \/>\n<meta property=\"og:site_name\" content=\"\ud835\udc1b\ud835\udc1a\ud835\udc33\ud835\udc1a\ud835\udc2b &amp; \ud835\udc1c\ud835\udc22\ud835\udc1a\" \/>\n<meta property=\"article:publisher\" content=\"https:\/\/www.facebook.com\/shopbazarcia\" \/>\n<meta property=\"article:modified_time\" content=\"2024-11-17T14:42:21+00:00\" \/>\n<meta property=\"og:image\" content=\"https:\/\/shop.bazarcia.com\/wp-content\/uploads\/2024\/11\/MARGARIDAS-11.jpg\" \/>\n\t<meta property=\"og:image:width\" content=\"1080\" \/>\n\t<meta property=\"og:image:height\" content=\"1080\" \/>\n\t<meta property=\"og:image:type\" content=\"image\/jpeg\" \/>\n<meta name=\"twitter:card\" content=\"summary_large_image\" \/>\n<meta name=\"twitter:label1\" content=\"Est. reading time\" \/>\n\t<meta name=\"twitter:data1\" content=\"1 minute\" \/>\n<script type=\"application\/ld+json\" class=\"yoast-schema-graph\">{\"@context\":\"https:\/\/schema.org\",\"@graph\":[{\"@type\":\"WebPage\",\"@id\":\"https:\/\/shop.bazarcia.com\/produto\/margaridas\/\",\"url\":\"https:\/\/shop.bazarcia.com\/produto\/margaridas\/\",\"name\":\"Margaridas - \ud835\udc1b\ud835\udc1a\ud835\udc33\ud835\udc1a\ud835\udc2b &amp; \ud835\udc1c\ud835\udc22\ud835\udc1a\",\"isPartOf\":{\"@id\":\"https:\/\/shop.bazarcia.com\/#website\"},\"primaryImageOfPage\":{\"@id\":\"https:\/\/shop.bazarcia.com\/produto\/margaridas\/#primaryimage\"},\"image\":{\"@id\":\"https:\/\/shop.bazarcia.com\/produto\/margaridas\/#primaryimage\"},\"thumbnailUrl\":\"https:\/\/shop.bazarcia.com\/wp-content\/uploads\/2024\/11\/MARGARIDAS-11.jpg\",\"datePublished\":\"2024-11-16T19:33:55+00:00\",\"dateModified\":\"2024-11-17T14:42:21+00:00\",\"breadcrumb\":{\"@id\":\"https:\/\/shop.bazarcia.com\/produto\/margaridas\/#breadcrumb\"},\"inLanguage\":\"en-US\",\"potentialAction\":[{\"@type\":\"ReadAction\",\"target\":[\"https:\/\/shop.bazarcia.com\/produto\/margaridas\/\"]}]},{\"@type\":\"ImageObject\",\"inLanguage\":\"en-US\",\"@id\":\"https:\/\/shop.bazarcia.com\/produto\/margaridas\/#primaryimage\",\"url\":\"https:\/\/shop.bazarcia.com\/wp-content\/uploads\/2024\/11\/MARGARIDAS-11.jpg\",\"contentUrl\":\"https:\/\/shop.bazarcia.com\/wp-content\/uploads\/2024\/11\/MARGARIDAS-11.jpg\",\"width\":1080,\"height\":1080},{\"@type\":\"BreadcrumbList\",\"@id\":\"https:\/\/shop.bazarcia.com\/produto\/margaridas\/#breadcrumb\",\"itemListElement\":[{\"@type\":\"ListItem\",\"position\":1,\"name\":\"In\u00edcio\",\"item\":\"https:\/\/shop.bazarcia.com\/\"},{\"@type\":\"ListItem\",\"position\":2,\"name\":\"Loja\",\"item\":\"https:\/\/shop.bazarcia.com\/loja\/\"},{\"@type\":\"ListItem\",\"position\":3,\"name\":\"Margaridas\"}]},{\"@type\":\"WebSite\",\"@id\":\"https:\/\/shop.bazarcia.com\/#website\",\"url\":\"https:\/\/shop.bazarcia.com\/\",\"name\":\"Bazar & Cia\",\"description\":\"criatividade ponto a ponto\",\"publisher\":{\"@id\":\"https:\/\/shop.bazarcia.com\/#organization\"},\"potentialAction\":[{\"@type\":\"SearchAction\",\"target\":{\"@type\":\"EntryPoint\",\"urlTemplate\":\"https:\/\/shop.bazarcia.com\/?s={search_term_string}\"},\"query-input\":{\"@type\":\"PropertyValueSpecification\",\"valueRequired\":true,\"valueName\":\"search_term_string\"}}],\"inLanguage\":\"en-US\"},{\"@type\":\"Organization\",\"@id\":\"https:\/\/shop.bazarcia.com\/#organization\",\"name\":\"Bazar & Cia\",\"url\":\"https:\/\/shop.bazarcia.com\/\",\"logo\":{\"@type\":\"ImageObject\",\"inLanguage\":\"en-US\",\"@id\":\"https:\/\/shop.bazarcia.com\/#\/schema\/logo\/image\/\",\"url\":\"https:\/\/shop.bazarcia.com\/wp-content\/uploads\/2024\/02\/cropped-logo_bazarcia.png\",\"contentUrl\":\"https:\/\/shop.bazarcia.com\/wp-content\/uploads\/2024\/02\/cropped-logo_bazarcia.png\",\"width\":150,\"height\":150,\"caption\":\"Bazar & Cia\"},\"image\":{\"@id\":\"https:\/\/shop.bazarcia.com\/#\/schema\/logo\/image\/\"},\"sameAs\":[\"https:\/\/www.facebook.com\/shopbazarcia\",\"https:\/\/www.instagram.com\/shopbazarcia\",\"https:\/\/br.pinterest.com\/suzane_eloise\/\",\"https:\/\/www.youtube.com\/c\/BazardoBordadoMatrizeseProjetos\"]}]}<\/script>\n<!-- \/ Yoast SEO plugin. -->","yoast_head_json":{"title":"Margaridas - \ud835\udc1b\ud835\udc1a\ud835\udc33\ud835\udc1a\ud835\udc2b &amp; \ud835\udc1c\ud835\udc22\ud835\udc1a","robots":{"index":"index","follow":"follow","max-snippet":"max-snippet:-1","max-image-preview":"max-image-preview:large","max-video-preview":"max-video-preview:-1"},"canonical":"https:\/\/shop.bazarcia.com\/en\/product\/margaridas\/","og_locale":"en_US","og_type":"article","og_title":"Margaridas - \ud835\udc1b\ud835\udc1a\ud835\udc33\ud835\udc1a\ud835\udc2b &amp; \ud835\udc1c\ud835\udc22\ud835\udc1a","og_description":"TEMA\u00a0 MARGARIDAS. Ideal para bordar em pe\u00e7as de ENXOVAL DE BEB\u00ca E DE COZINHA: fraldas, manta, toalhinhas...panos de prato e bate-m\u00e3o, toalhas de ch\u00e1 e de mesa, cobre bolos, lugar americano, trilho de mesa, TOALHAS BANHO, ROSTO e LAVABO, roupas de cama...  Matrizes nos tamanhos 12 CM, 13x18, 16x26 e 20x30 CM.  BARRINHAS em 15, 26 e 30 cm. Bordar a primeira linha somente na entretela, ela \u00e9 a guia para posicionar o tecido por flutua\u00e7\u00e3o e tamb\u00e9m para casar com a pr\u00f3xima parte da execu\u00e7\u00e3o. Usar a marca\u00e7\u00e3o do final do ponto cheio de acabamento como guia para casar a emenda da barrinha. Podem ser executadas direto na pe\u00e7a ou podem tamb\u00e9m ser usadas para fazer e reservar, tudo emendadas, para aplica\u00e7\u00e3o posterior.  Formatos dos arquivos: PES, JEF, XXX, DST e EXP.  &nbsp;","og_url":"https:\/\/shop.bazarcia.com\/en\/product\/margaridas\/","og_site_name":"\ud835\udc1b\ud835\udc1a\ud835\udc33\ud835\udc1a\ud835\udc2b &amp; \ud835\udc1c\ud835\udc22\ud835\udc1a","article_publisher":"https:\/\/www.facebook.com\/shopbazarcia","article_modified_time":"2024-11-17T14:42:21+00:00","og_image":[{"width":1080,"height":1080,"url":"https:\/\/shop.bazarcia.com\/wp-content\/uploads\/2024\/11\/MARGARIDAS-11.jpg","type":"image\/jpeg"}],"twitter_card":"summary_large_image","twitter_misc":{"Est. reading time":"1 minute"},"schema":{"@context":"https:\/\/schema.org","@graph":[{"@type":"WebPage","@id":"https:\/\/shop.bazarcia.com\/produto\/margaridas\/","url":"https:\/\/shop.bazarcia.com\/produto\/margaridas\/","name":"Margaridas - \ud835\udc1b\ud835\udc1a\ud835\udc33\ud835\udc1a\ud835\udc2b &amp; \ud835\udc1c\ud835\udc22\ud835\udc1a","isPartOf":{"@id":"https:\/\/shop.bazarcia.com\/#website"},"primaryImageOfPage":{"@id":"https:\/\/shop.bazarcia.com\/produto\/margaridas\/#primaryimage"},"image":{"@id":"https:\/\/shop.bazarcia.com\/produto\/margaridas\/#primaryimage"},"thumbnailUrl":"https:\/\/shop.bazarcia.com\/wp-content\/uploads\/2024\/11\/MARGARIDAS-11.jpg","datePublished":"2024-11-16T19:33:55+00:00","dateModified":"2024-11-17T14:42:21+00:00","breadcrumb":{"@id":"https:\/\/shop.bazarcia.com\/produto\/margaridas\/#breadcrumb"},"inLanguage":"en-US","potentialAction":[{"@type":"ReadAction","target":["https:\/\/shop.bazarcia.com\/produto\/margaridas\/"]}]},{"@type":"ImageObject","inLanguage":"en-US","@id":"https:\/\/shop.bazarcia.com\/produto\/margaridas\/#primaryimage","url":"https:\/\/shop.bazarcia.com\/wp-content\/uploads\/2024\/11\/MARGARIDAS-11.jpg","contentUrl":"https:\/\/shop.bazarcia.com\/wp-content\/uploads\/2024\/11\/MARGARIDAS-11.jpg","width":1080,"height":1080},{"@type":"BreadcrumbList","@id":"https:\/\/shop.bazarcia.com\/produto\/margaridas\/#breadcrumb","itemListElement":[{"@type":"ListItem","position":1,"name":"In\u00edcio","item":"https:\/\/shop.bazarcia.com\/"},{"@type":"ListItem","position":2,"name":"Loja","item":"https:\/\/shop.bazarcia.com\/loja\/"},{"@type":"ListItem","position":3,"name":"Margaridas"}]},{"@type":"WebSite","@id":"https:\/\/shop.bazarcia.com\/#website","url":"https:\/\/shop.bazarcia.com\/","name":"Bazar & Cia","description":"criatividade ponto a ponto","publisher":{"@id":"https:\/\/shop.bazarcia.com\/#organization"},"potentialAction":[{"@type":"SearchAction","target":{"@type":"EntryPoint","urlTemplate":"https:\/\/shop.bazarcia.com\/?s={search_term_string}"},"query-input":{"@type":"PropertyValueSpecification","valueRequired":true,"valueName":"search_term_string"}}],"inLanguage":"en-US"},{"@type":"Organization","@id":"https:\/\/shop.bazarcia.com\/#organization","name":"Bazar & Cia","url":"https:\/\/shop.bazarcia.com\/","logo":{"@type":"ImageObject","inLanguage":"en-US","@id":"https:\/\/shop.bazarcia.com\/#\/schema\/logo\/image\/","url":"https:\/\/shop.bazarcia.com\/wp-content\/uploads\/2024\/02\/cropped-logo_bazarcia.png","contentUrl":"https:\/\/shop.bazarcia.com\/wp-content\/uploads\/2024\/02\/cropped-logo_bazarcia.png","width":150,"height":150,"caption":"Bazar & Cia"},"image":{"@id":"https:\/\/shop.bazarcia.com\/#\/schema\/logo\/image\/"},"sameAs":["https:\/\/www.facebook.com\/shopbazarcia","https:\/\/www.instagram.com\/shopbazarcia","https:\/\/br.pinterest.com\/suzane_eloise\/","https:\/\/www.youtube.com\/c\/BazardoBordadoMatrizeseProjetos"]}]}},"_links":{"self":[{"href":"https:\/\/shop.bazarcia.com\/en\/wp-json\/wp\/v2\/product\/300936","targetHints":{"allow":["GET"]}}],"collection":[{"href":"https:\/\/shop.bazarcia.com\/en\/wp-json\/wp\/v2\/product"}],"about":[{"href":"https:\/\/shop.bazarcia.com\/en\/wp-json\/wp\/v2\/types\/product"}],"replies":[{"embeddable":true,"href":"https:\/\/shop.bazarcia.com\/en\/wp-json\/wp\/v2\/comments?post=300936"}],"version-history":[{"count":1,"href":"https:\/\/shop.bazarcia.com\/en\/wp-json\/wp\/v2\/product\/300936\/revisions"}],"predecessor-version":[{"id":300969,"href":"https:\/\/shop.bazarcia.com\/en\/wp-json\/wp\/v2\/product\/300936\/revisions\/300969"}],"wp:featuredmedia":[{"embeddable":true,"href":"https:\/\/shop.bazarcia.com\/en\/wp-json\/wp\/v2\/media\/301067"}],"wp:attachment":[{"href":"https:\/\/shop.bazarcia.com\/en\/wp-json\/wp\/v2\/media?parent=300936"}],"wp:term":[{"taxonomy":"product_brand","embeddable":true,"href":"https:\/\/shop.bazarcia.com\/en\/wp-json\/wp\/v2\/product_brand?post=300936"},{"taxonomy":"product_cat","embeddable":true,"href":"https:\/\/shop.bazarcia.com\/en\/wp-json\/wp\/v2\/product_cat?post=300936"},{"taxonomy":"product_tag","embeddable":true,"href":"https:\/\/shop.bazarcia.com\/en\/wp-json\/wp\/v2\/product_tag?post=300936"}],"curies":[{"name":"wp","href":"https:\/\/api.w.org\/{rel}","templated":true}]}}