{"id":301505,"date":"2024-11-18T16:15:12","date_gmt":"2024-11-18T19:15:12","guid":{"rendered":"https:\/\/shop.bazarcia.com\/?post_type=product&#038;p=301505"},"modified":"2024-11-18T16:32:39","modified_gmt":"2024-11-18T19:32:39","slug":"matriz-de-bordado-faculdade-estacio-2","status":"publish","type":"product","link":"https:\/\/shop.bazarcia.com\/en\/product\/matriz-de-bordado-faculdade-estacio-2\/","title":{"rendered":"Matriz de Bordado Faculdade Est\u00e1cio"},"content":{"rendered":"<p>D\u00ea vida \u00e0s suas cria\u00e7\u00f5es com nossa matriz de bordado computadorizado da <strong>Faculdade Est\u00e1cio<\/strong>! Desenvolvida com precis\u00e3o e qualidade, essa matriz \u00e9 perfeita para personalizar roupas, acess\u00f3rios, toalhas, almofadas e muito mais, garantindo um acabamento profissional em todos os seus projetos.<\/p>\n<p style=\"text-align: center\"><strong>Dispon\u00edvel nos tamanhos:<\/strong><br \/>\n<strong>10cm x 8cm<\/strong><\/p>\n<p>Compat\u00edvel com os formatos mais populares de m\u00e1quinas de bordar, esta matriz \u00e9 f\u00e1cil de usar e otimizada para um bordado fluido e preciso, evitando falhas ou interrup\u00e7\u00f5es.<\/p>\n<p style=\"text-align: center\"><strong>Dispon\u00edvel nos formatos:<\/strong><br \/>\n<strong>.xxx<\/strong><br \/>\n<strong>.pes<\/strong><br \/>\n<strong>.jef<\/strong><br \/>\n<strong>.inb<\/strong><br \/>\n<strong>.exp<\/strong><br \/>\n<strong>.dst<\/strong><\/p>\n<p>Seja voc\u00ea um profissional ou entusiasta do bordado, nosso produto foi feito para facilitar seu trabalho, poupando tempo e garantindo a qualidade que seus clientes e projetos merecem.<\/p>\n<p>Destaques do produto:<br \/>\n&#8211; Design exclusivo com riqueza de detalhes.<br \/>\n&#8211; Acabamento impec\u00e1vel para elevar o n\u00edvel de suas pe\u00e7as.<br \/>\n&#8211; Compat\u00edvel com os formatos mais comuns de m\u00e1quinas de bordar.<br \/>\n&#8211; Ideal para personaliza\u00e7\u00e3o de roupas, itens decorativos e presentes especiais.<\/p>","protected":false},"excerpt":{"rendered":"<p>Transforme suas pe\u00e7as em verdadeiras obras de arte com nossa <strong>matriz de bordado computadorizado da Faculdade Est\u00e1cio<\/strong>. Ideal para personalizar roupas, acess\u00f3rios e itens decorativos, esta matriz \u00e9 compat\u00edvel com os formatos populares de m\u00e1quinas de bordar. Criada com aten\u00e7\u00e3o aos detalhes, ela garante acabamento impec\u00e1vel e facilidade na aplica\u00e7\u00e3o. Perfeita para profissionais e amantes do bordado!<\/p>","protected":false},"featured_media":301510,"comment_status":"open","ping_status":"closed","template":"","meta":{"_acf_changed":false,"_joinchat":[]},"product_brand":[],"product_cat":[1246,1729,84],"product_tag":[1431,1433,1430],"class_list":{"0":"post-301505","1":"product","2":"type-product","3":"status-publish","4":"has-post-thumbnail","6":"product_cat-brasoes","7":"product_cat-escudos","8":"product_cat-matrizes-de-bordado","9":"product_tag-bordado-computadorizado","10":"product_tag-bordado-eletronico","11":"product_tag-matriz-de-bordado","13":"first","14":"instock","15":"sale","16":"downloadable","17":"virtual","18":"purchasable","19":"product-type-simple"},"acf":[],"yoast_head":"<!-- This site is optimized with the Yoast SEO plugin v27.2 - https:\/\/yoast.com\/product\/yoast-seo-wordpress\/ -->\n<title>Matriz de Bordado Logo Est\u00e1cio - Personalize com Qualidade<\/title>\n<meta name=\"description\" content=\"Matriz de bordado da Faculdade Est\u00e1cio! Ideal para roupas, mochilas e presentes. Design fiel e acabamentos impec\u00e1veis!\" \/>\n<meta name=\"robots\" content=\"index, follow, max-snippet:-1, max-image-preview:large, max-video-preview:-1\" \/>\n<link rel=\"canonical\" href=\"https:\/\/shop.bazarcia.com\/en\/product\/matriz-de-bordado-faculdade-estacio-2\/\" \/>\n<meta property=\"og:locale\" content=\"en_US\" \/>\n<meta property=\"og:type\" content=\"article\" \/>\n<meta property=\"og:title\" content=\"Matriz de Bordado Logo Est\u00e1cio - Personalize com Qualidade\" \/>\n<meta property=\"og:description\" content=\"Matriz de bordado da Faculdade Est\u00e1cio! Ideal para roupas, mochilas e presentes. Design fiel e acabamentos impec\u00e1veis!\" \/>\n<meta property=\"og:url\" content=\"https:\/\/shop.bazarcia.com\/en\/product\/matriz-de-bordado-faculdade-estacio-2\/\" \/>\n<meta property=\"og:site_name\" content=\"\ud835\udc1b\ud835\udc1a\ud835\udc33\ud835\udc1a\ud835\udc2b &amp; \ud835\udc1c\ud835\udc22\ud835\udc1a\" \/>\n<meta property=\"article:publisher\" content=\"https:\/\/www.facebook.com\/shopbazarcia\" \/>\n<meta property=\"article:modified_time\" content=\"2024-11-18T19:32:39+00:00\" \/>\n<meta property=\"og:image\" content=\"https:\/\/shop.bazarcia.com\/wp-content\/uploads\/2024\/11\/estacio-matriz-bordado-foto.jpg\" \/>\n\t<meta property=\"og:image:width\" content=\"1081\" \/>\n\t<meta property=\"og:image:height\" content=\"1081\" \/>\n\t<meta property=\"og:image:type\" content=\"image\/jpeg\" \/>\n<meta name=\"twitter:card\" content=\"summary_large_image\" \/>\n<meta name=\"twitter:label1\" content=\"Est. reading time\" \/>\n\t<meta name=\"twitter:data1\" content=\"1 minute\" \/>\n<script type=\"application\/ld+json\" class=\"yoast-schema-graph\">{\"@context\":\"https:\/\/schema.org\",\"@graph\":[{\"@type\":\"WebPage\",\"@id\":\"https:\/\/shop.bazarcia.com\/produto\/matriz-de-bordado-faculdade-estacio-2\/\",\"url\":\"https:\/\/shop.bazarcia.com\/produto\/matriz-de-bordado-faculdade-estacio-2\/\",\"name\":\"Matriz de Bordado Logo Est\u00e1cio - Personalize com Qualidade\",\"isPartOf\":{\"@id\":\"https:\/\/shop.bazarcia.com\/#website\"},\"primaryImageOfPage\":{\"@id\":\"https:\/\/shop.bazarcia.com\/produto\/matriz-de-bordado-faculdade-estacio-2\/#primaryimage\"},\"image\":{\"@id\":\"https:\/\/shop.bazarcia.com\/produto\/matriz-de-bordado-faculdade-estacio-2\/#primaryimage\"},\"thumbnailUrl\":\"https:\/\/shop.bazarcia.com\/wp-content\/uploads\/2024\/11\/estacio-matriz-bordado-foto.jpg\",\"datePublished\":\"2024-11-18T19:15:12+00:00\",\"dateModified\":\"2024-11-18T19:32:39+00:00\",\"description\":\"Matriz de bordado da Faculdade Est\u00e1cio! Ideal para roupas, mochilas e presentes. Design fiel e acabamentos impec\u00e1veis!\",\"breadcrumb\":{\"@id\":\"https:\/\/shop.bazarcia.com\/produto\/matriz-de-bordado-faculdade-estacio-2\/#breadcrumb\"},\"inLanguage\":\"en-US\",\"potentialAction\":[{\"@type\":\"ReadAction\",\"target\":[\"https:\/\/shop.bazarcia.com\/produto\/matriz-de-bordado-faculdade-estacio-2\/\"]}]},{\"@type\":\"ImageObject\",\"inLanguage\":\"en-US\",\"@id\":\"https:\/\/shop.bazarcia.com\/produto\/matriz-de-bordado-faculdade-estacio-2\/#primaryimage\",\"url\":\"https:\/\/shop.bazarcia.com\/wp-content\/uploads\/2024\/11\/estacio-matriz-bordado-foto.jpg\",\"contentUrl\":\"https:\/\/shop.bazarcia.com\/wp-content\/uploads\/2024\/11\/estacio-matriz-bordado-foto.jpg\",\"width\":1081,\"height\":1081},{\"@type\":\"BreadcrumbList\",\"@id\":\"https:\/\/shop.bazarcia.com\/produto\/matriz-de-bordado-faculdade-estacio-2\/#breadcrumb\",\"itemListElement\":[{\"@type\":\"ListItem\",\"position\":1,\"name\":\"In\u00edcio\",\"item\":\"https:\/\/shop.bazarcia.com\/\"},{\"@type\":\"ListItem\",\"position\":2,\"name\":\"Loja\",\"item\":\"https:\/\/shop.bazarcia.com\/loja\/\"},{\"@type\":\"ListItem\",\"position\":3,\"name\":\"Matriz de Bordado Faculdade Est\u00e1cio\"}]},{\"@type\":\"WebSite\",\"@id\":\"https:\/\/shop.bazarcia.com\/#website\",\"url\":\"https:\/\/shop.bazarcia.com\/\",\"name\":\"Bazar & Cia\",\"description\":\"criatividade ponto a ponto\",\"publisher\":{\"@id\":\"https:\/\/shop.bazarcia.com\/#organization\"},\"potentialAction\":[{\"@type\":\"SearchAction\",\"target\":{\"@type\":\"EntryPoint\",\"urlTemplate\":\"https:\/\/shop.bazarcia.com\/?s={search_term_string}\"},\"query-input\":{\"@type\":\"PropertyValueSpecification\",\"valueRequired\":true,\"valueName\":\"search_term_string\"}}],\"inLanguage\":\"en-US\"},{\"@type\":\"Organization\",\"@id\":\"https:\/\/shop.bazarcia.com\/#organization\",\"name\":\"Bazar & Cia\",\"url\":\"https:\/\/shop.bazarcia.com\/\",\"logo\":{\"@type\":\"ImageObject\",\"inLanguage\":\"en-US\",\"@id\":\"https:\/\/shop.bazarcia.com\/#\/schema\/logo\/image\/\",\"url\":\"https:\/\/shop.bazarcia.com\/wp-content\/uploads\/2024\/02\/cropped-logo_bazarcia.png\",\"contentUrl\":\"https:\/\/shop.bazarcia.com\/wp-content\/uploads\/2024\/02\/cropped-logo_bazarcia.png\",\"width\":150,\"height\":150,\"caption\":\"Bazar & Cia\"},\"image\":{\"@id\":\"https:\/\/shop.bazarcia.com\/#\/schema\/logo\/image\/\"},\"sameAs\":[\"https:\/\/www.facebook.com\/shopbazarcia\",\"https:\/\/www.instagram.com\/shopbazarcia\",\"https:\/\/br.pinterest.com\/suzane_eloise\/\",\"https:\/\/www.youtube.com\/c\/BazardoBordadoMatrizeseProjetos\"]}]}<\/script>\n<!-- \/ Yoast SEO plugin. -->","yoast_head_json":{"title":"Matriz de Bordado Logo Est\u00e1cio - Personalize com Qualidade","description":"Matriz de bordado da Faculdade Est\u00e1cio! Ideal para roupas, mochilas e presentes. Design fiel e acabamentos impec\u00e1veis!","robots":{"index":"index","follow":"follow","max-snippet":"max-snippet:-1","max-image-preview":"max-image-preview:large","max-video-preview":"max-video-preview:-1"},"canonical":"https:\/\/shop.bazarcia.com\/en\/product\/matriz-de-bordado-faculdade-estacio-2\/","og_locale":"en_US","og_type":"article","og_title":"Matriz de Bordado Logo Est\u00e1cio - Personalize com Qualidade","og_description":"Matriz de bordado da Faculdade Est\u00e1cio! Ideal para roupas, mochilas e presentes. Design fiel e acabamentos impec\u00e1veis!","og_url":"https:\/\/shop.bazarcia.com\/en\/product\/matriz-de-bordado-faculdade-estacio-2\/","og_site_name":"\ud835\udc1b\ud835\udc1a\ud835\udc33\ud835\udc1a\ud835\udc2b &amp; \ud835\udc1c\ud835\udc22\ud835\udc1a","article_publisher":"https:\/\/www.facebook.com\/shopbazarcia","article_modified_time":"2024-11-18T19:32:39+00:00","og_image":[{"width":1081,"height":1081,"url":"https:\/\/shop.bazarcia.com\/wp-content\/uploads\/2024\/11\/estacio-matriz-bordado-foto.jpg","type":"image\/jpeg"}],"twitter_card":"summary_large_image","twitter_misc":{"Est. reading time":"1 minute"},"schema":{"@context":"https:\/\/schema.org","@graph":[{"@type":"WebPage","@id":"https:\/\/shop.bazarcia.com\/produto\/matriz-de-bordado-faculdade-estacio-2\/","url":"https:\/\/shop.bazarcia.com\/produto\/matriz-de-bordado-faculdade-estacio-2\/","name":"Matriz de Bordado Logo Est\u00e1cio - Personalize com Qualidade","isPartOf":{"@id":"https:\/\/shop.bazarcia.com\/#website"},"primaryImageOfPage":{"@id":"https:\/\/shop.bazarcia.com\/produto\/matriz-de-bordado-faculdade-estacio-2\/#primaryimage"},"image":{"@id":"https:\/\/shop.bazarcia.com\/produto\/matriz-de-bordado-faculdade-estacio-2\/#primaryimage"},"thumbnailUrl":"https:\/\/shop.bazarcia.com\/wp-content\/uploads\/2024\/11\/estacio-matriz-bordado-foto.jpg","datePublished":"2024-11-18T19:15:12+00:00","dateModified":"2024-11-18T19:32:39+00:00","description":"Matriz de bordado da Faculdade Est\u00e1cio! Ideal para roupas, mochilas e presentes. Design fiel e acabamentos impec\u00e1veis!","breadcrumb":{"@id":"https:\/\/shop.bazarcia.com\/produto\/matriz-de-bordado-faculdade-estacio-2\/#breadcrumb"},"inLanguage":"en-US","potentialAction":[{"@type":"ReadAction","target":["https:\/\/shop.bazarcia.com\/produto\/matriz-de-bordado-faculdade-estacio-2\/"]}]},{"@type":"ImageObject","inLanguage":"en-US","@id":"https:\/\/shop.bazarcia.com\/produto\/matriz-de-bordado-faculdade-estacio-2\/#primaryimage","url":"https:\/\/shop.bazarcia.com\/wp-content\/uploads\/2024\/11\/estacio-matriz-bordado-foto.jpg","contentUrl":"https:\/\/shop.bazarcia.com\/wp-content\/uploads\/2024\/11\/estacio-matriz-bordado-foto.jpg","width":1081,"height":1081},{"@type":"BreadcrumbList","@id":"https:\/\/shop.bazarcia.com\/produto\/matriz-de-bordado-faculdade-estacio-2\/#breadcrumb","itemListElement":[{"@type":"ListItem","position":1,"name":"In\u00edcio","item":"https:\/\/shop.bazarcia.com\/"},{"@type":"ListItem","position":2,"name":"Loja","item":"https:\/\/shop.bazarcia.com\/loja\/"},{"@type":"ListItem","position":3,"name":"Matriz de Bordado Faculdade Est\u00e1cio"}]},{"@type":"WebSite","@id":"https:\/\/shop.bazarcia.com\/#website","url":"https:\/\/shop.bazarcia.com\/","name":"Bazar & Cia","description":"criatividade ponto a ponto","publisher":{"@id":"https:\/\/shop.bazarcia.com\/#organization"},"potentialAction":[{"@type":"SearchAction","target":{"@type":"EntryPoint","urlTemplate":"https:\/\/shop.bazarcia.com\/?s={search_term_string}"},"query-input":{"@type":"PropertyValueSpecification","valueRequired":true,"valueName":"search_term_string"}}],"inLanguage":"en-US"},{"@type":"Organization","@id":"https:\/\/shop.bazarcia.com\/#organization","name":"Bazar & Cia","url":"https:\/\/shop.bazarcia.com\/","logo":{"@type":"ImageObject","inLanguage":"en-US","@id":"https:\/\/shop.bazarcia.com\/#\/schema\/logo\/image\/","url":"https:\/\/shop.bazarcia.com\/wp-content\/uploads\/2024\/02\/cropped-logo_bazarcia.png","contentUrl":"https:\/\/shop.bazarcia.com\/wp-content\/uploads\/2024\/02\/cropped-logo_bazarcia.png","width":150,"height":150,"caption":"Bazar & Cia"},"image":{"@id":"https:\/\/shop.bazarcia.com\/#\/schema\/logo\/image\/"},"sameAs":["https:\/\/www.facebook.com\/shopbazarcia","https:\/\/www.instagram.com\/shopbazarcia","https:\/\/br.pinterest.com\/suzane_eloise\/","https:\/\/www.youtube.com\/c\/BazardoBordadoMatrizeseProjetos"]}]}},"_links":{"self":[{"href":"https:\/\/shop.bazarcia.com\/en\/wp-json\/wp\/v2\/product\/301505","targetHints":{"allow":["GET"]}}],"collection":[{"href":"https:\/\/shop.bazarcia.com\/en\/wp-json\/wp\/v2\/product"}],"about":[{"href":"https:\/\/shop.bazarcia.com\/en\/wp-json\/wp\/v2\/types\/product"}],"replies":[{"embeddable":true,"href":"https:\/\/shop.bazarcia.com\/en\/wp-json\/wp\/v2\/comments?post=301505"}],"version-history":[{"count":1,"href":"https:\/\/shop.bazarcia.com\/en\/wp-json\/wp\/v2\/product\/301505\/revisions"}],"predecessor-version":[{"id":301513,"href":"https:\/\/shop.bazarcia.com\/en\/wp-json\/wp\/v2\/product\/301505\/revisions\/301513"}],"wp:featuredmedia":[{"embeddable":true,"href":"https:\/\/shop.bazarcia.com\/en\/wp-json\/wp\/v2\/media\/301510"}],"wp:attachment":[{"href":"https:\/\/shop.bazarcia.com\/en\/wp-json\/wp\/v2\/media?parent=301505"}],"wp:term":[{"taxonomy":"product_brand","embeddable":true,"href":"https:\/\/shop.bazarcia.com\/en\/wp-json\/wp\/v2\/product_brand?post=301505"},{"taxonomy":"product_cat","embeddable":true,"href":"https:\/\/shop.bazarcia.com\/en\/wp-json\/wp\/v2\/product_cat?post=301505"},{"taxonomy":"product_tag","embeddable":true,"href":"https:\/\/shop.bazarcia.com\/en\/wp-json\/wp\/v2\/product_tag?post=301505"}],"curies":[{"name":"wp","href":"https:\/\/api.w.org\/{rel}","templated":true}]}}