{"id":306778,"date":"2025-01-08T13:38:34","date_gmt":"2025-01-08T16:38:34","guid":{"rendered":"https:\/\/shop.bazarcia.com\/?post_type=product&#038;p=306778"},"modified":"2025-03-12T11:38:56","modified_gmt":"2025-03-12T14:38:56","slug":"estojo-escolar-2","status":"publish","type":"product","link":"https:\/\/shop.bazarcia.com\/en\/product\/estojo-escolar-2\/","title":{"rendered":"Estojo Escolar 2 &#8211; Bastidores Maiores"},"content":{"rendered":"","protected":false},"excerpt":{"rendered":"<p><strong>FA\u00c7A O LOGIN NO SITE PRA TER ACESSO AS MATRIZES OU PROJETOS.<\/strong><\/p>\n<p><strong>O SITE N\u00c3O FAZ ENVIOS PELO E-EMAL.<\/strong><\/p>\n<p><strong>Obs:. N\u00c3O TEM PAP.<\/strong><\/p>\n<p>Cont\u00e9m 5 modelos de Matrizes para bordado.<\/p>\n<p>Espelhos feitos na bordadeira e montagem feita na m\u00e1quina de costura.<\/p>\n<p>Bastidores compat\u00edveis a partir de 13&#215;18<\/p>\n<p><em>Tamanhos:<\/em><\/p>\n<ul>\n<li>15 x 30cm<\/li>\n<li>13 x26 cm<\/li>\n<li>9 x 18 cm<\/li>\n<\/ul>\n<p>Compat\u00edvel com diversos tipos de m\u00e1quinas! Formatos:<\/p>\n<ul>\n<li>PES &#8211; JEF &#8211; XXX &#8211; DST &#8211; EXP<\/li>\n<\/ul>\n<p>Todos os arquivos ser\u00e3o disponibilizados <strong>automaticamente<\/strong> em sua conta (criada automaticamente no momento da compra), e em formato ZIP (sendo necess\u00e1rio descompacta\u00e7\u00e3o).<\/p>","protected":false},"featured_media":306775,"comment_status":"open","ping_status":"closed","template":"","meta":{"_acf_changed":false,"_joinchat":[]},"product_brand":[],"product_cat":[1214,84],"product_tag":[],"class_list":{"0":"post-306778","1":"product","2":"type-product","3":"status-publish","4":"has-post-thumbnail","6":"product_cat-escolar","7":"product_cat-matrizes-de-bordado","9":"first","10":"instock","11":"sale","12":"downloadable","13":"virtual","14":"purchasable","15":"product-type-simple"},"acf":[],"yoast_head":"<!-- This site is optimized with the Yoast SEO plugin v27.2 - https:\/\/yoast.com\/product\/yoast-seo-wordpress\/ -->\n<title>Estojo Escolar 2 - Bastidores Maiores - \ud835\udc1b\ud835\udc1a\ud835\udc33\ud835\udc1a\ud835\udc2b &amp; \ud835\udc1c\ud835\udc22\ud835\udc1a<\/title>\n<meta name=\"robots\" content=\"index, follow, max-snippet:-1, max-image-preview:large, max-video-preview:-1\" \/>\n<link rel=\"canonical\" href=\"https:\/\/shop.bazarcia.com\/en\/product\/estojo-escolar-2\/\" \/>\n<meta property=\"og:locale\" content=\"en_US\" \/>\n<meta property=\"og:type\" content=\"article\" \/>\n<meta property=\"og:title\" content=\"Estojo Escolar 2 - Bastidores Maiores - \ud835\udc1b\ud835\udc1a\ud835\udc33\ud835\udc1a\ud835\udc2b &amp; \ud835\udc1c\ud835\udc22\ud835\udc1a\" \/>\n<meta property=\"og:description\" content=\"FA\u00c7A O LOGIN NO SITE PRA TER ACESSO AS MATRIZES OU PROJETOS.  O SITE N\u00c3O FAZ ENVIOS PELO E-EMAL.  Obs:. N\u00c3O TEM PAP.  Cont\u00e9m 5 modelos de Matrizes para bordado.  Espelhos feitos na bordadeira e montagem feita na m\u00e1quina de costura.  Bastidores compat\u00edveis a partir de 13x18  Tamanhos:   15 x 30cm  13 x26 cm  9 x 18 cm  Compat\u00edvel com diversos tipos de m\u00e1quinas! Formatos:   PES - JEF - XXX - DST - EXP  Todos os arquivos ser\u00e3o disponibilizados automaticamente em sua conta (criada automaticamente no momento da compra), e em formato ZIP (sendo necess\u00e1rio descompacta\u00e7\u00e3o).\" \/>\n<meta property=\"og:url\" content=\"https:\/\/shop.bazarcia.com\/en\/product\/estojo-escolar-2\/\" \/>\n<meta property=\"og:site_name\" content=\"\ud835\udc1b\ud835\udc1a\ud835\udc33\ud835\udc1a\ud835\udc2b &amp; \ud835\udc1c\ud835\udc22\ud835\udc1a\" \/>\n<meta property=\"article:publisher\" content=\"https:\/\/www.facebook.com\/shopbazarcia\" \/>\n<meta property=\"article:modified_time\" content=\"2025-03-12T14:38:56+00:00\" \/>\n<meta property=\"og:image\" content=\"https:\/\/shop.bazarcia.com\/wp-content\/uploads\/2025\/01\/Colecao-Kit-Jardim-33.png\" \/>\n\t<meta property=\"og:image:width\" content=\"1080\" \/>\n\t<meta property=\"og:image:height\" content=\"1080\" \/>\n\t<meta property=\"og:image:type\" content=\"image\/png\" \/>\n<meta name=\"twitter:card\" content=\"summary_large_image\" \/>\n<script type=\"application\/ld+json\" class=\"yoast-schema-graph\">{\"@context\":\"https:\/\/schema.org\",\"@graph\":[{\"@type\":\"WebPage\",\"@id\":\"https:\/\/shop.bazarcia.com\/produto\/estojo-escolar-2\/\",\"url\":\"https:\/\/shop.bazarcia.com\/produto\/estojo-escolar-2\/\",\"name\":\"Estojo Escolar 2 - Bastidores Maiores - \ud835\udc1b\ud835\udc1a\ud835\udc33\ud835\udc1a\ud835\udc2b &amp; \ud835\udc1c\ud835\udc22\ud835\udc1a\",\"isPartOf\":{\"@id\":\"https:\/\/shop.bazarcia.com\/#website\"},\"primaryImageOfPage\":{\"@id\":\"https:\/\/shop.bazarcia.com\/produto\/estojo-escolar-2\/#primaryimage\"},\"image\":{\"@id\":\"https:\/\/shop.bazarcia.com\/produto\/estojo-escolar-2\/#primaryimage\"},\"thumbnailUrl\":\"https:\/\/shop.bazarcia.com\/wp-content\/uploads\/2025\/01\/Colecao-Kit-Jardim-33.png\",\"datePublished\":\"2025-01-08T16:38:34+00:00\",\"dateModified\":\"2025-03-12T14:38:56+00:00\",\"breadcrumb\":{\"@id\":\"https:\/\/shop.bazarcia.com\/produto\/estojo-escolar-2\/#breadcrumb\"},\"inLanguage\":\"en-US\",\"potentialAction\":[{\"@type\":\"ReadAction\",\"target\":[\"https:\/\/shop.bazarcia.com\/produto\/estojo-escolar-2\/\"]}]},{\"@type\":\"ImageObject\",\"inLanguage\":\"en-US\",\"@id\":\"https:\/\/shop.bazarcia.com\/produto\/estojo-escolar-2\/#primaryimage\",\"url\":\"https:\/\/shop.bazarcia.com\/wp-content\/uploads\/2025\/01\/Colecao-Kit-Jardim-33.png\",\"contentUrl\":\"https:\/\/shop.bazarcia.com\/wp-content\/uploads\/2025\/01\/Colecao-Kit-Jardim-33.png\",\"width\":1080,\"height\":1080},{\"@type\":\"BreadcrumbList\",\"@id\":\"https:\/\/shop.bazarcia.com\/produto\/estojo-escolar-2\/#breadcrumb\",\"itemListElement\":[{\"@type\":\"ListItem\",\"position\":1,\"name\":\"In\u00edcio\",\"item\":\"https:\/\/shop.bazarcia.com\/\"},{\"@type\":\"ListItem\",\"position\":2,\"name\":\"Loja\",\"item\":\"https:\/\/shop.bazarcia.com\/loja\/\"},{\"@type\":\"ListItem\",\"position\":3,\"name\":\"Estojo Escolar 2 &#8211; Bastidores Maiores\"}]},{\"@type\":\"WebSite\",\"@id\":\"https:\/\/shop.bazarcia.com\/#website\",\"url\":\"https:\/\/shop.bazarcia.com\/\",\"name\":\"Bazar & Cia\",\"description\":\"criatividade ponto a ponto\",\"publisher\":{\"@id\":\"https:\/\/shop.bazarcia.com\/#organization\"},\"potentialAction\":[{\"@type\":\"SearchAction\",\"target\":{\"@type\":\"EntryPoint\",\"urlTemplate\":\"https:\/\/shop.bazarcia.com\/?s={search_term_string}\"},\"query-input\":{\"@type\":\"PropertyValueSpecification\",\"valueRequired\":true,\"valueName\":\"search_term_string\"}}],\"inLanguage\":\"en-US\"},{\"@type\":\"Organization\",\"@id\":\"https:\/\/shop.bazarcia.com\/#organization\",\"name\":\"Bazar & Cia\",\"url\":\"https:\/\/shop.bazarcia.com\/\",\"logo\":{\"@type\":\"ImageObject\",\"inLanguage\":\"en-US\",\"@id\":\"https:\/\/shop.bazarcia.com\/#\/schema\/logo\/image\/\",\"url\":\"https:\/\/shop.bazarcia.com\/wp-content\/uploads\/2024\/02\/cropped-logo_bazarcia.png\",\"contentUrl\":\"https:\/\/shop.bazarcia.com\/wp-content\/uploads\/2024\/02\/cropped-logo_bazarcia.png\",\"width\":150,\"height\":150,\"caption\":\"Bazar & Cia\"},\"image\":{\"@id\":\"https:\/\/shop.bazarcia.com\/#\/schema\/logo\/image\/\"},\"sameAs\":[\"https:\/\/www.facebook.com\/shopbazarcia\",\"https:\/\/www.instagram.com\/shopbazarcia\",\"https:\/\/br.pinterest.com\/suzane_eloise\/\",\"https:\/\/www.youtube.com\/c\/BazardoBordadoMatrizeseProjetos\"]}]}<\/script>\n<!-- \/ Yoast SEO plugin. -->","yoast_head_json":{"title":"Estojo Escolar 2 - Bastidores Maiores - \ud835\udc1b\ud835\udc1a\ud835\udc33\ud835\udc1a\ud835\udc2b &amp; \ud835\udc1c\ud835\udc22\ud835\udc1a","robots":{"index":"index","follow":"follow","max-snippet":"max-snippet:-1","max-image-preview":"max-image-preview:large","max-video-preview":"max-video-preview:-1"},"canonical":"https:\/\/shop.bazarcia.com\/en\/product\/estojo-escolar-2\/","og_locale":"en_US","og_type":"article","og_title":"Estojo Escolar 2 - Bastidores Maiores - \ud835\udc1b\ud835\udc1a\ud835\udc33\ud835\udc1a\ud835\udc2b &amp; \ud835\udc1c\ud835\udc22\ud835\udc1a","og_description":"FA\u00c7A O LOGIN NO SITE PRA TER ACESSO AS MATRIZES OU PROJETOS.  O SITE N\u00c3O FAZ ENVIOS PELO E-EMAL.  Obs:. N\u00c3O TEM PAP.  Cont\u00e9m 5 modelos de Matrizes para bordado.  Espelhos feitos na bordadeira e montagem feita na m\u00e1quina de costura.  Bastidores compat\u00edveis a partir de 13x18  Tamanhos:   15 x 30cm  13 x26 cm  9 x 18 cm  Compat\u00edvel com diversos tipos de m\u00e1quinas! Formatos:   PES - JEF - XXX - DST - EXP  Todos os arquivos ser\u00e3o disponibilizados automaticamente em sua conta (criada automaticamente no momento da compra), e em formato ZIP (sendo necess\u00e1rio descompacta\u00e7\u00e3o).","og_url":"https:\/\/shop.bazarcia.com\/en\/product\/estojo-escolar-2\/","og_site_name":"\ud835\udc1b\ud835\udc1a\ud835\udc33\ud835\udc1a\ud835\udc2b &amp; \ud835\udc1c\ud835\udc22\ud835\udc1a","article_publisher":"https:\/\/www.facebook.com\/shopbazarcia","article_modified_time":"2025-03-12T14:38:56+00:00","og_image":[{"width":1080,"height":1080,"url":"https:\/\/shop.bazarcia.com\/wp-content\/uploads\/2025\/01\/Colecao-Kit-Jardim-33.png","type":"image\/png"}],"twitter_card":"summary_large_image","schema":{"@context":"https:\/\/schema.org","@graph":[{"@type":"WebPage","@id":"https:\/\/shop.bazarcia.com\/produto\/estojo-escolar-2\/","url":"https:\/\/shop.bazarcia.com\/produto\/estojo-escolar-2\/","name":"Estojo Escolar 2 - Bastidores Maiores - \ud835\udc1b\ud835\udc1a\ud835\udc33\ud835\udc1a\ud835\udc2b &amp; \ud835\udc1c\ud835\udc22\ud835\udc1a","isPartOf":{"@id":"https:\/\/shop.bazarcia.com\/#website"},"primaryImageOfPage":{"@id":"https:\/\/shop.bazarcia.com\/produto\/estojo-escolar-2\/#primaryimage"},"image":{"@id":"https:\/\/shop.bazarcia.com\/produto\/estojo-escolar-2\/#primaryimage"},"thumbnailUrl":"https:\/\/shop.bazarcia.com\/wp-content\/uploads\/2025\/01\/Colecao-Kit-Jardim-33.png","datePublished":"2025-01-08T16:38:34+00:00","dateModified":"2025-03-12T14:38:56+00:00","breadcrumb":{"@id":"https:\/\/shop.bazarcia.com\/produto\/estojo-escolar-2\/#breadcrumb"},"inLanguage":"en-US","potentialAction":[{"@type":"ReadAction","target":["https:\/\/shop.bazarcia.com\/produto\/estojo-escolar-2\/"]}]},{"@type":"ImageObject","inLanguage":"en-US","@id":"https:\/\/shop.bazarcia.com\/produto\/estojo-escolar-2\/#primaryimage","url":"https:\/\/shop.bazarcia.com\/wp-content\/uploads\/2025\/01\/Colecao-Kit-Jardim-33.png","contentUrl":"https:\/\/shop.bazarcia.com\/wp-content\/uploads\/2025\/01\/Colecao-Kit-Jardim-33.png","width":1080,"height":1080},{"@type":"BreadcrumbList","@id":"https:\/\/shop.bazarcia.com\/produto\/estojo-escolar-2\/#breadcrumb","itemListElement":[{"@type":"ListItem","position":1,"name":"In\u00edcio","item":"https:\/\/shop.bazarcia.com\/"},{"@type":"ListItem","position":2,"name":"Loja","item":"https:\/\/shop.bazarcia.com\/loja\/"},{"@type":"ListItem","position":3,"name":"Estojo Escolar 2 &#8211; Bastidores Maiores"}]},{"@type":"WebSite","@id":"https:\/\/shop.bazarcia.com\/#website","url":"https:\/\/shop.bazarcia.com\/","name":"Bazar & Cia","description":"criatividade ponto a ponto","publisher":{"@id":"https:\/\/shop.bazarcia.com\/#organization"},"potentialAction":[{"@type":"SearchAction","target":{"@type":"EntryPoint","urlTemplate":"https:\/\/shop.bazarcia.com\/?s={search_term_string}"},"query-input":{"@type":"PropertyValueSpecification","valueRequired":true,"valueName":"search_term_string"}}],"inLanguage":"en-US"},{"@type":"Organization","@id":"https:\/\/shop.bazarcia.com\/#organization","name":"Bazar & Cia","url":"https:\/\/shop.bazarcia.com\/","logo":{"@type":"ImageObject","inLanguage":"en-US","@id":"https:\/\/shop.bazarcia.com\/#\/schema\/logo\/image\/","url":"https:\/\/shop.bazarcia.com\/wp-content\/uploads\/2024\/02\/cropped-logo_bazarcia.png","contentUrl":"https:\/\/shop.bazarcia.com\/wp-content\/uploads\/2024\/02\/cropped-logo_bazarcia.png","width":150,"height":150,"caption":"Bazar & Cia"},"image":{"@id":"https:\/\/shop.bazarcia.com\/#\/schema\/logo\/image\/"},"sameAs":["https:\/\/www.facebook.com\/shopbazarcia","https:\/\/www.instagram.com\/shopbazarcia","https:\/\/br.pinterest.com\/suzane_eloise\/","https:\/\/www.youtube.com\/c\/BazardoBordadoMatrizeseProjetos"]}]}},"_links":{"self":[{"href":"https:\/\/shop.bazarcia.com\/en\/wp-json\/wp\/v2\/product\/306778","targetHints":{"allow":["GET"]}}],"collection":[{"href":"https:\/\/shop.bazarcia.com\/en\/wp-json\/wp\/v2\/product"}],"about":[{"href":"https:\/\/shop.bazarcia.com\/en\/wp-json\/wp\/v2\/types\/product"}],"replies":[{"embeddable":true,"href":"https:\/\/shop.bazarcia.com\/en\/wp-json\/wp\/v2\/comments?post=306778"}],"version-history":[{"count":2,"href":"https:\/\/shop.bazarcia.com\/en\/wp-json\/wp\/v2\/product\/306778\/revisions"}],"predecessor-version":[{"id":306781,"href":"https:\/\/shop.bazarcia.com\/en\/wp-json\/wp\/v2\/product\/306778\/revisions\/306781"}],"wp:featuredmedia":[{"embeddable":true,"href":"https:\/\/shop.bazarcia.com\/en\/wp-json\/wp\/v2\/media\/306775"}],"wp:attachment":[{"href":"https:\/\/shop.bazarcia.com\/en\/wp-json\/wp\/v2\/media?parent=306778"}],"wp:term":[{"taxonomy":"product_brand","embeddable":true,"href":"https:\/\/shop.bazarcia.com\/en\/wp-json\/wp\/v2\/product_brand?post=306778"},{"taxonomy":"product_cat","embeddable":true,"href":"https:\/\/shop.bazarcia.com\/en\/wp-json\/wp\/v2\/product_cat?post=306778"},{"taxonomy":"product_tag","embeddable":true,"href":"https:\/\/shop.bazarcia.com\/en\/wp-json\/wp\/v2\/product_tag?post=306778"}],"curies":[{"name":"wp","href":"https:\/\/api.w.org\/{rel}","templated":true}]}}