{"id":308869,"date":"2025-01-23T13:35:55","date_gmt":"2025-01-23T16:35:55","guid":{"rendered":"https:\/\/shop.bazarcia.com\/?post_type=product&#038;p=308869"},"modified":"2025-09-04T16:07:06","modified_gmt":"2025-09-04T19:07:06","slug":"matriz-de-bordado-meu-batizado-12","status":"publish","type":"product","link":"https:\/\/shop.bazarcia.com\/en\/product\/matriz-de-bordado-meu-batizado-12\/","title":{"rendered":"Matriz de Bordado: Meu Batizado"},"content":{"rendered":"<p>Bem vindo a Lu Artes &amp; Cria\u00e7\u00f5es, \u00e9 muito bom ter voc\u00ea aqui!<\/p>\n<p>Segue abaixo algumas orienta\u00e7\u00f5es para um melhor atendimento de nossos clientes!<\/p>\n<p>SOBRE AS MATRIZES<\/p>\n<p>* Antes de realizar a compra da matriz leia bem a descri\u00e7\u00e3o do produto, pois n\u00e3o haver\u00e1 mudan\u00e7as no arquivo (exemplo: mudan\u00e7a de tamanho)<\/p>\n<p>*Na descri\u00e7\u00e3o \u00e9 informado tudo que acompanha o produto: quantas matrizes s\u00e3o, tamanho, tempo de entrega etc.<\/p>\n<p>* A matriz \u00e9 enviada na formata\u00e7\u00e3o da sua maquina de bordar (DST, JEF, PES e XXX)\u00a0Os mesmos s\u00e3o disponibilizados em pasta compactada (ZIP), sendo necess\u00e1rio descompactar.<\/p>\n<p>* N\u00c3O ENVIAMOS EM EMB.<\/p>\n<p>* N\u00e3o enviamos rela\u00e7\u00e3o de cores junto com a matriz.<\/p>\n<p>*A imagem postada da matriz corresponde a cores ILUSTRATIVAS para melhor entendimento do cliente, no entanto para configura\u00e7\u00f5es DST e XXX pode ocorrer altera\u00e7\u00f5es dessas cores, isso ocorre porque esses tipos de arquivo n\u00e3o aceitam varia\u00e7\u00e3o de tonalidades, apenas cores fixas (ex: na imagem a cor est\u00e1 verde oliva \u2013 voc\u00ea pode receber na cor roxa. pois o tipo de arquivo n\u00e3o entende essa varia\u00e7\u00e3o de cor) essa altera\u00e7\u00e3o \u00e9 feita de forma autom\u00e1tica pelo pr\u00f3prio tipo de arquivo<\/p>\n<p>*Garanto a qualidade do produto segundo o tamanho que eu envio. N\u00e3o recomendamos altera\u00e7\u00e3o de tamanho.<\/p>\n<p>* OBSERVA\u00c7\u00c3O: A qualidade da matriz \u00e9 garantida, mas a qualidade do bordado depende da experi\u00eancia do profissional, qualidade do tecido, qualidade da entretela, qualidade da maquina, agulha e linhas, dentre outros<\/p>\n<p>* A LIBERA\u00c7\u00c3O PARA DOWNLOAD DA MATRIZ \u00c9 AUTOM\u00c1TICA AP\u00d3S CONFIRMA\u00c7\u00c3O DO PAGAMENTO.<\/p>","protected":false},"excerpt":{"rendered":"<p>Matriz de Bordado: Meu Batizado<\/p>\n<p>Mando em um \u00fanico tamanho: 18 cm de largura x 13 cm de altura (n\u00e3o mudamos a medida)<br \/>\nN\u00e3o enviamos em EMB.<br \/>\nformatos dispon\u00edveis: PES, JEF, DST e\u00a0XXX.<br \/>\n****Libera\u00e7\u00e3o autom\u00e1tica ap\u00f3s confirma\u00e7\u00e3o do pagamento.<\/p>","protected":false},"featured_media":308870,"comment_status":"open","ping_status":"closed","template":"","meta":{"_acf_changed":false,"_joinchat":[]},"product_brand":[],"product_cat":[222,84],"product_tag":[],"class_list":{"0":"post-308869","1":"product","2":"type-product","3":"status-publish","4":"has-post-thumbnail","6":"product_cat-batizado","7":"product_cat-matrizes-de-bordado","9":"first","10":"instock","11":"downloadable","12":"virtual","13":"purchasable","14":"product-type-simple"},"acf":[],"yoast_head":"<!-- This site is optimized with the Yoast SEO plugin v27.2 - https:\/\/yoast.com\/product\/yoast-seo-wordpress\/ -->\n<title>Matriz de Bordado: Meu Batizado - \ud835\udc1b\ud835\udc1a\ud835\udc33\ud835\udc1a\ud835\udc2b &amp; \ud835\udc1c\ud835\udc22\ud835\udc1a<\/title>\n<meta name=\"robots\" content=\"index, follow, max-snippet:-1, max-image-preview:large, max-video-preview:-1\" \/>\n<link rel=\"canonical\" href=\"https:\/\/shop.bazarcia.com\/en\/product\/matriz-de-bordado-meu-batizado-12\/\" \/>\n<meta property=\"og:locale\" content=\"en_US\" \/>\n<meta property=\"og:type\" content=\"article\" \/>\n<meta property=\"og:title\" content=\"Matriz de Bordado: Meu Batizado - \ud835\udc1b\ud835\udc1a\ud835\udc33\ud835\udc1a\ud835\udc2b &amp; \ud835\udc1c\ud835\udc22\ud835\udc1a\" \/>\n<meta property=\"og:description\" content=\"Matriz de Bordado: Meu Batizado  Mando em um \u00fanico tamanho: 18 cm de largura x 13 cm de altura (n\u00e3o mudamos a medida) N\u00e3o enviamos em EMB. formatos dispon\u00edveis: PES, JEF, DST e\u00a0XXX. ****Libera\u00e7\u00e3o autom\u00e1tica ap\u00f3s confirma\u00e7\u00e3o do pagamento.\" \/>\n<meta property=\"og:url\" content=\"https:\/\/shop.bazarcia.com\/en\/product\/matriz-de-bordado-meu-batizado-12\/\" \/>\n<meta property=\"og:site_name\" content=\"\ud835\udc1b\ud835\udc1a\ud835\udc33\ud835\udc1a\ud835\udc2b &amp; \ud835\udc1c\ud835\udc22\ud835\udc1a\" \/>\n<meta property=\"article:publisher\" content=\"https:\/\/www.facebook.com\/shopbazarcia\" \/>\n<meta property=\"article:modified_time\" content=\"2025-09-04T19:07:06+00:00\" \/>\n<meta property=\"og:image\" content=\"https:\/\/shop.bazarcia.com\/wp-content\/uploads\/2025\/01\/MB-40.png\" \/>\n\t<meta property=\"og:image:width\" content=\"2074\" \/>\n\t<meta property=\"og:image:height\" content=\"1511\" \/>\n\t<meta property=\"og:image:type\" content=\"image\/png\" \/>\n<meta name=\"twitter:card\" content=\"summary_large_image\" \/>\n<meta name=\"twitter:label1\" content=\"Est. reading time\" \/>\n\t<meta name=\"twitter:data1\" content=\"1 minute\" \/>\n<script type=\"application\/ld+json\" class=\"yoast-schema-graph\">{\"@context\":\"https:\/\/schema.org\",\"@graph\":[{\"@type\":\"WebPage\",\"@id\":\"https:\/\/shop.bazarcia.com\/produto\/matriz-de-bordado-meu-batizado-12\/\",\"url\":\"https:\/\/shop.bazarcia.com\/produto\/matriz-de-bordado-meu-batizado-12\/\",\"name\":\"Matriz de Bordado: Meu Batizado - \ud835\udc1b\ud835\udc1a\ud835\udc33\ud835\udc1a\ud835\udc2b &amp; \ud835\udc1c\ud835\udc22\ud835\udc1a\",\"isPartOf\":{\"@id\":\"https:\/\/shop.bazarcia.com\/#website\"},\"primaryImageOfPage\":{\"@id\":\"https:\/\/shop.bazarcia.com\/produto\/matriz-de-bordado-meu-batizado-12\/#primaryimage\"},\"image\":{\"@id\":\"https:\/\/shop.bazarcia.com\/produto\/matriz-de-bordado-meu-batizado-12\/#primaryimage\"},\"thumbnailUrl\":\"https:\/\/shop.bazarcia.com\/wp-content\/uploads\/2025\/01\/MB-40.png\",\"datePublished\":\"2025-01-23T16:35:55+00:00\",\"dateModified\":\"2025-09-04T19:07:06+00:00\",\"breadcrumb\":{\"@id\":\"https:\/\/shop.bazarcia.com\/produto\/matriz-de-bordado-meu-batizado-12\/#breadcrumb\"},\"inLanguage\":\"en-US\",\"potentialAction\":[{\"@type\":\"ReadAction\",\"target\":[\"https:\/\/shop.bazarcia.com\/produto\/matriz-de-bordado-meu-batizado-12\/\"]}]},{\"@type\":\"ImageObject\",\"inLanguage\":\"en-US\",\"@id\":\"https:\/\/shop.bazarcia.com\/produto\/matriz-de-bordado-meu-batizado-12\/#primaryimage\",\"url\":\"https:\/\/shop.bazarcia.com\/wp-content\/uploads\/2025\/01\/MB-40.png\",\"contentUrl\":\"https:\/\/shop.bazarcia.com\/wp-content\/uploads\/2025\/01\/MB-40.png\",\"width\":2074,\"height\":1511},{\"@type\":\"BreadcrumbList\",\"@id\":\"https:\/\/shop.bazarcia.com\/produto\/matriz-de-bordado-meu-batizado-12\/#breadcrumb\",\"itemListElement\":[{\"@type\":\"ListItem\",\"position\":1,\"name\":\"In\u00edcio\",\"item\":\"https:\/\/shop.bazarcia.com\/\"},{\"@type\":\"ListItem\",\"position\":2,\"name\":\"Loja\",\"item\":\"https:\/\/shop.bazarcia.com\/loja\/\"},{\"@type\":\"ListItem\",\"position\":3,\"name\":\"Matriz de Bordado: Meu Batizado\"}]},{\"@type\":\"WebSite\",\"@id\":\"https:\/\/shop.bazarcia.com\/#website\",\"url\":\"https:\/\/shop.bazarcia.com\/\",\"name\":\"Bazar & Cia\",\"description\":\"criatividade ponto a ponto\",\"publisher\":{\"@id\":\"https:\/\/shop.bazarcia.com\/#organization\"},\"potentialAction\":[{\"@type\":\"SearchAction\",\"target\":{\"@type\":\"EntryPoint\",\"urlTemplate\":\"https:\/\/shop.bazarcia.com\/?s={search_term_string}\"},\"query-input\":{\"@type\":\"PropertyValueSpecification\",\"valueRequired\":true,\"valueName\":\"search_term_string\"}}],\"inLanguage\":\"en-US\"},{\"@type\":\"Organization\",\"@id\":\"https:\/\/shop.bazarcia.com\/#organization\",\"name\":\"Bazar & Cia\",\"url\":\"https:\/\/shop.bazarcia.com\/\",\"logo\":{\"@type\":\"ImageObject\",\"inLanguage\":\"en-US\",\"@id\":\"https:\/\/shop.bazarcia.com\/#\/schema\/logo\/image\/\",\"url\":\"https:\/\/shop.bazarcia.com\/wp-content\/uploads\/2024\/02\/cropped-logo_bazarcia.png\",\"contentUrl\":\"https:\/\/shop.bazarcia.com\/wp-content\/uploads\/2024\/02\/cropped-logo_bazarcia.png\",\"width\":150,\"height\":150,\"caption\":\"Bazar & Cia\"},\"image\":{\"@id\":\"https:\/\/shop.bazarcia.com\/#\/schema\/logo\/image\/\"},\"sameAs\":[\"https:\/\/www.facebook.com\/shopbazarcia\",\"https:\/\/www.instagram.com\/shopbazarcia\",\"https:\/\/br.pinterest.com\/suzane_eloise\/\",\"https:\/\/www.youtube.com\/c\/BazardoBordadoMatrizeseProjetos\"]}]}<\/script>\n<!-- \/ Yoast SEO plugin. -->","yoast_head_json":{"title":"Matriz de Bordado: Meu Batizado - \ud835\udc1b\ud835\udc1a\ud835\udc33\ud835\udc1a\ud835\udc2b &amp; \ud835\udc1c\ud835\udc22\ud835\udc1a","robots":{"index":"index","follow":"follow","max-snippet":"max-snippet:-1","max-image-preview":"max-image-preview:large","max-video-preview":"max-video-preview:-1"},"canonical":"https:\/\/shop.bazarcia.com\/en\/product\/matriz-de-bordado-meu-batizado-12\/","og_locale":"en_US","og_type":"article","og_title":"Matriz de Bordado: Meu Batizado - \ud835\udc1b\ud835\udc1a\ud835\udc33\ud835\udc1a\ud835\udc2b &amp; \ud835\udc1c\ud835\udc22\ud835\udc1a","og_description":"Matriz de Bordado: Meu Batizado  Mando em um \u00fanico tamanho: 18 cm de largura x 13 cm de altura (n\u00e3o mudamos a medida) N\u00e3o enviamos em EMB. formatos dispon\u00edveis: PES, JEF, DST e\u00a0XXX. ****Libera\u00e7\u00e3o autom\u00e1tica ap\u00f3s confirma\u00e7\u00e3o do pagamento.","og_url":"https:\/\/shop.bazarcia.com\/en\/product\/matriz-de-bordado-meu-batizado-12\/","og_site_name":"\ud835\udc1b\ud835\udc1a\ud835\udc33\ud835\udc1a\ud835\udc2b &amp; \ud835\udc1c\ud835\udc22\ud835\udc1a","article_publisher":"https:\/\/www.facebook.com\/shopbazarcia","article_modified_time":"2025-09-04T19:07:06+00:00","og_image":[{"width":2074,"height":1511,"url":"https:\/\/shop.bazarcia.com\/wp-content\/uploads\/2025\/01\/MB-40.png","type":"image\/png"}],"twitter_card":"summary_large_image","twitter_misc":{"Est. reading time":"1 minute"},"schema":{"@context":"https:\/\/schema.org","@graph":[{"@type":"WebPage","@id":"https:\/\/shop.bazarcia.com\/produto\/matriz-de-bordado-meu-batizado-12\/","url":"https:\/\/shop.bazarcia.com\/produto\/matriz-de-bordado-meu-batizado-12\/","name":"Matriz de Bordado: Meu Batizado - \ud835\udc1b\ud835\udc1a\ud835\udc33\ud835\udc1a\ud835\udc2b &amp; \ud835\udc1c\ud835\udc22\ud835\udc1a","isPartOf":{"@id":"https:\/\/shop.bazarcia.com\/#website"},"primaryImageOfPage":{"@id":"https:\/\/shop.bazarcia.com\/produto\/matriz-de-bordado-meu-batizado-12\/#primaryimage"},"image":{"@id":"https:\/\/shop.bazarcia.com\/produto\/matriz-de-bordado-meu-batizado-12\/#primaryimage"},"thumbnailUrl":"https:\/\/shop.bazarcia.com\/wp-content\/uploads\/2025\/01\/MB-40.png","datePublished":"2025-01-23T16:35:55+00:00","dateModified":"2025-09-04T19:07:06+00:00","breadcrumb":{"@id":"https:\/\/shop.bazarcia.com\/produto\/matriz-de-bordado-meu-batizado-12\/#breadcrumb"},"inLanguage":"en-US","potentialAction":[{"@type":"ReadAction","target":["https:\/\/shop.bazarcia.com\/produto\/matriz-de-bordado-meu-batizado-12\/"]}]},{"@type":"ImageObject","inLanguage":"en-US","@id":"https:\/\/shop.bazarcia.com\/produto\/matriz-de-bordado-meu-batizado-12\/#primaryimage","url":"https:\/\/shop.bazarcia.com\/wp-content\/uploads\/2025\/01\/MB-40.png","contentUrl":"https:\/\/shop.bazarcia.com\/wp-content\/uploads\/2025\/01\/MB-40.png","width":2074,"height":1511},{"@type":"BreadcrumbList","@id":"https:\/\/shop.bazarcia.com\/produto\/matriz-de-bordado-meu-batizado-12\/#breadcrumb","itemListElement":[{"@type":"ListItem","position":1,"name":"In\u00edcio","item":"https:\/\/shop.bazarcia.com\/"},{"@type":"ListItem","position":2,"name":"Loja","item":"https:\/\/shop.bazarcia.com\/loja\/"},{"@type":"ListItem","position":3,"name":"Matriz de Bordado: Meu Batizado"}]},{"@type":"WebSite","@id":"https:\/\/shop.bazarcia.com\/#website","url":"https:\/\/shop.bazarcia.com\/","name":"Bazar & Cia","description":"criatividade ponto a ponto","publisher":{"@id":"https:\/\/shop.bazarcia.com\/#organization"},"potentialAction":[{"@type":"SearchAction","target":{"@type":"EntryPoint","urlTemplate":"https:\/\/shop.bazarcia.com\/?s={search_term_string}"},"query-input":{"@type":"PropertyValueSpecification","valueRequired":true,"valueName":"search_term_string"}}],"inLanguage":"en-US"},{"@type":"Organization","@id":"https:\/\/shop.bazarcia.com\/#organization","name":"Bazar & Cia","url":"https:\/\/shop.bazarcia.com\/","logo":{"@type":"ImageObject","inLanguage":"en-US","@id":"https:\/\/shop.bazarcia.com\/#\/schema\/logo\/image\/","url":"https:\/\/shop.bazarcia.com\/wp-content\/uploads\/2024\/02\/cropped-logo_bazarcia.png","contentUrl":"https:\/\/shop.bazarcia.com\/wp-content\/uploads\/2024\/02\/cropped-logo_bazarcia.png","width":150,"height":150,"caption":"Bazar & Cia"},"image":{"@id":"https:\/\/shop.bazarcia.com\/#\/schema\/logo\/image\/"},"sameAs":["https:\/\/www.facebook.com\/shopbazarcia","https:\/\/www.instagram.com\/shopbazarcia","https:\/\/br.pinterest.com\/suzane_eloise\/","https:\/\/www.youtube.com\/c\/BazardoBordadoMatrizeseProjetos"]}]}},"_links":{"self":[{"href":"https:\/\/shop.bazarcia.com\/en\/wp-json\/wp\/v2\/product\/308869","targetHints":{"allow":["GET"]}}],"collection":[{"href":"https:\/\/shop.bazarcia.com\/en\/wp-json\/wp\/v2\/product"}],"about":[{"href":"https:\/\/shop.bazarcia.com\/en\/wp-json\/wp\/v2\/types\/product"}],"replies":[{"embeddable":true,"href":"https:\/\/shop.bazarcia.com\/en\/wp-json\/wp\/v2\/comments?post=308869"}],"version-history":[{"count":1,"href":"https:\/\/shop.bazarcia.com\/en\/wp-json\/wp\/v2\/product\/308869\/revisions"}],"predecessor-version":[{"id":308872,"href":"https:\/\/shop.bazarcia.com\/en\/wp-json\/wp\/v2\/product\/308869\/revisions\/308872"}],"wp:featuredmedia":[{"embeddable":true,"href":"https:\/\/shop.bazarcia.com\/en\/wp-json\/wp\/v2\/media\/308870"}],"wp:attachment":[{"href":"https:\/\/shop.bazarcia.com\/en\/wp-json\/wp\/v2\/media?parent=308869"}],"wp:term":[{"taxonomy":"product_brand","embeddable":true,"href":"https:\/\/shop.bazarcia.com\/en\/wp-json\/wp\/v2\/product_brand?post=308869"},{"taxonomy":"product_cat","embeddable":true,"href":"https:\/\/shop.bazarcia.com\/en\/wp-json\/wp\/v2\/product_cat?post=308869"},{"taxonomy":"product_tag","embeddable":true,"href":"https:\/\/shop.bazarcia.com\/en\/wp-json\/wp\/v2\/product_tag?post=308869"}],"curies":[{"name":"wp","href":"https:\/\/api.w.org\/{rel}","templated":true}]}}