{"id":309436,"date":"2025-01-26T12:33:23","date_gmt":"2025-01-26T15:33:23","guid":{"rendered":"https:\/\/shop.bazarcia.com\/?post_type=product&#038;p=309436"},"modified":"2025-01-26T12:36:57","modified_gmt":"2025-01-26T15:36:57","slug":"porta-terco-3","status":"publish","type":"product","link":"https:\/\/shop.bazarcia.com\/en\/product\/porta-terco-3\/","title":{"rendered":"Porta Ter\u00e7o 3"},"content":{"rendered":"<p>Matrizes de bordado para confec\u00e7\u00e3o de PORTA TER\u00c7O 3.<\/p>\n<p><span style=\"font-style: inherit;font-weight: inherit\">Sugiro recortar o tecido a uns 4 mil\u00edmetros do bordado, para que haja espa\u00e7o suficiente para costurar com facilidade. A costura na m\u00e1quina reta deve ser feita um pouquinho adentro da corrida tripla, por\u00e9m quase rente a ela. Colocar z\u00edper e pendurador conforme ensina o v\u00eddeo do link abaixo.<\/span><\/p>\n<p><span style=\"font-style: inherit;font-weight: inherit\">O porta ter\u00e7os tamb\u00e9m podem ser usados como chaveiros ou para carregar moedas, fones de ouvido, chaves, ter\u00e7os ou coisinhas de maquiagem, etc.<\/span><\/p>\n<p><span style=\"font-style: inherit;font-weight: inherit\">Trata-se de um produto virtual.<\/span><\/p>\n<p><span style=\"font-style: inherit;font-weight: inherit\">Tamanhos 10&#215;18 e 13&#215;23.<\/span><\/p>\n<p><span style=\"font-style: inherit;font-weight: inherit\">Formatos dos arquivos: PES, JEF, XXX, DST e EXP.<\/span><\/p>\n<p><span style=\"font-style: inherit;font-weight: inherit\">A libera\u00e7\u00e3o das matrizes para DOWNLOAD ocorre logo ap\u00f3s a confirma\u00e7\u00e3o do pagamento, basta acessar DOWNLOADS na \u00e1rea do cliente neste site.<\/span><\/p>\n<p><span style=\"font-style: inherit;font-weight: inherit\">Link do v\u00eddeo com o PASSO-A-PASSO:\u00a0<\/span><span style=\"font-style: inherit;font-weight: inherit\"><a style=\"font-style: inherit;font-weight: inherit\" href=\"https:\/\/youtu.be\/jVjx5EVmRcI?si=0TZBVlFngy65FTs1\">https:\/\/youtu.be\/jVjx5EVmRcI?si=0TZBVlFngy65FTs1<\/a><\/span><\/p>","protected":false},"excerpt":{"rendered":"<p>Matrizes de bordado para confec\u00e7\u00e3o de PORTA TER\u00c7O 3.<\/p>\n<p><span style=\"font-style: inherit;font-weight: inherit\">Sugiro recortar o tecido a uns 4 mil\u00edmetros do bordado, para que haja espa\u00e7o suficiente para costurar com facilidade. A costura na m\u00e1quina reta deve ser feita um pouquinho adentro da corrida tripla, por\u00e9m quase rente a ela. Colocar z\u00edper e pendurador conforme ensina o v\u00eddeo do link abaixo.<\/span><\/p>\n<p><span style=\"font-style: inherit;font-weight: inherit\">O porta ter\u00e7os tamb\u00e9m podem ser usados como chaveiros ou para carregar moedas, fones de ouvido, chaves, ter\u00e7os ou coisinhas de maquiagem, etc.<\/span><\/p>\n<p><span style=\"font-style: inherit;font-weight: inherit\">Trata-se de um produto virtual.<\/span><\/p>\n<p><span style=\"font-style: inherit;font-weight: inherit\">Tamanhos 10&#215;18 e 13&#215;23.<\/span><\/p>\n<p><span style=\"font-style: inherit;font-weight: inherit\">Formatos dos arquivos: PES, JEF, XXX, DST e EXP.<\/span><\/p>\n<p><span style=\"font-style: inherit;font-weight: inherit\">A libera\u00e7\u00e3o das matrizes para DOWNLOAD ocorre logo ap\u00f3s a confirma\u00e7\u00e3o do pagamento, basta acessar DOWNLOADS na \u00e1rea do cliente neste site.<\/span><\/p>\n<p><span style=\"font-style: inherit;font-weight: inherit\">Link do v\u00eddeo com o PASSO-A-PASSO:\u00a0<\/span><span style=\"font-style: inherit;font-weight: inherit\"><a style=\"font-style: inherit;font-weight: inherit\" href=\"https:\/\/youtu.be\/jVjx5EVmRcI?si=0TZBVlFngy65FTs1\">https:\/\/youtu.be\/jVjx5EVmRcI?si=0TZBVlFngy65FTs1<\/a><\/span><\/p>","protected":false},"featured_media":309443,"comment_status":"open","ping_status":"closed","template":"","meta":{"_acf_changed":false,"_joinchat":[]},"product_brand":[],"product_cat":[164,98],"product_tag":[],"class_list":{"0":"post-309436","1":"product","2":"type-product","3":"status-publish","4":"has-post-thumbnail","6":"product_cat-projeto-porta-trecos-na-bordadeira","7":"product_cat-projetos-na-bordadeira-in-the-hoop-embroidery","9":"first","10":"instock","11":"downloadable","12":"virtual","13":"purchasable","14":"product-type-simple"},"acf":[],"yoast_head":"<!-- This site is optimized with the Yoast SEO plugin v27.2 - https:\/\/yoast.com\/product\/yoast-seo-wordpress\/ -->\n<title>Porta Ter\u00e7o 3 - \ud835\udc1b\ud835\udc1a\ud835\udc33\ud835\udc1a\ud835\udc2b &amp; \ud835\udc1c\ud835\udc22\ud835\udc1a<\/title>\n<meta name=\"robots\" content=\"index, follow, max-snippet:-1, max-image-preview:large, max-video-preview:-1\" \/>\n<link rel=\"canonical\" href=\"https:\/\/shop.bazarcia.com\/en\/product\/porta-terco-3\/\" \/>\n<meta property=\"og:locale\" content=\"en_US\" \/>\n<meta property=\"og:type\" content=\"article\" \/>\n<meta property=\"og:title\" content=\"Porta Ter\u00e7o 3 - \ud835\udc1b\ud835\udc1a\ud835\udc33\ud835\udc1a\ud835\udc2b &amp; \ud835\udc1c\ud835\udc22\ud835\udc1a\" \/>\n<meta property=\"og:description\" content=\"Matrizes de bordado para confec\u00e7\u00e3o de PORTA TER\u00c7O 3.  Sugiro recortar o tecido a uns 4 mil\u00edmetros do bordado, para que haja espa\u00e7o suficiente para costurar com facilidade. A costura na m\u00e1quina reta deve ser feita um pouquinho adentro da corrida tripla, por\u00e9m quase rente a ela. Colocar z\u00edper e pendurador conforme ensina o v\u00eddeo do link abaixo.  O porta ter\u00e7os tamb\u00e9m podem ser usados como chaveiros ou para carregar moedas, fones de ouvido, chaves, ter\u00e7os ou coisinhas de maquiagem, etc.  Trata-se de um produto virtual.  Tamanhos 10x18 e 13x23.  Formatos dos arquivos: PES, JEF, XXX, DST e EXP.  A libera\u00e7\u00e3o das matrizes para DOWNLOAD ocorre logo ap\u00f3s a confirma\u00e7\u00e3o do pagamento, basta acessar DOWNLOADS na \u00e1rea do cliente neste site.  Link do v\u00eddeo com o PASSO-A-PASSO:\u00a0https:\/\/youtu.be\/jVjx5EVmRcI?si=0TZBVlFngy65FTs1\" \/>\n<meta property=\"og:url\" content=\"https:\/\/shop.bazarcia.com\/en\/product\/porta-terco-3\/\" \/>\n<meta property=\"og:site_name\" content=\"\ud835\udc1b\ud835\udc1a\ud835\udc33\ud835\udc1a\ud835\udc2b &amp; \ud835\udc1c\ud835\udc22\ud835\udc1a\" \/>\n<meta property=\"article:publisher\" content=\"https:\/\/www.facebook.com\/shopbazarcia\" \/>\n<meta property=\"article:modified_time\" content=\"2025-01-26T15:36:57+00:00\" \/>\n<meta property=\"og:image\" content=\"https:\/\/shop.bazarcia.com\/wp-content\/uploads\/2025\/01\/porta-terco-3.jpg\" \/>\n\t<meta property=\"og:image:width\" content=\"1080\" \/>\n\t<meta property=\"og:image:height\" content=\"1080\" \/>\n\t<meta property=\"og:image:type\" content=\"image\/jpeg\" \/>\n<meta name=\"twitter:card\" content=\"summary_large_image\" \/>\n<meta name=\"twitter:label1\" content=\"Est. reading time\" \/>\n\t<meta name=\"twitter:data1\" content=\"1 minute\" \/>\n<script type=\"application\/ld+json\" class=\"yoast-schema-graph\">{\"@context\":\"https:\/\/schema.org\",\"@graph\":[{\"@type\":\"WebPage\",\"@id\":\"https:\/\/shop.bazarcia.com\/produto\/porta-terco-3\/\",\"url\":\"https:\/\/shop.bazarcia.com\/produto\/porta-terco-3\/\",\"name\":\"Porta Ter\u00e7o 3 - \ud835\udc1b\ud835\udc1a\ud835\udc33\ud835\udc1a\ud835\udc2b &amp; \ud835\udc1c\ud835\udc22\ud835\udc1a\",\"isPartOf\":{\"@id\":\"https:\/\/shop.bazarcia.com\/#website\"},\"primaryImageOfPage\":{\"@id\":\"https:\/\/shop.bazarcia.com\/produto\/porta-terco-3\/#primaryimage\"},\"image\":{\"@id\":\"https:\/\/shop.bazarcia.com\/produto\/porta-terco-3\/#primaryimage\"},\"thumbnailUrl\":\"https:\/\/shop.bazarcia.com\/wp-content\/uploads\/2025\/01\/porta-terco-3.jpg\",\"datePublished\":\"2025-01-26T15:33:23+00:00\",\"dateModified\":\"2025-01-26T15:36:57+00:00\",\"breadcrumb\":{\"@id\":\"https:\/\/shop.bazarcia.com\/produto\/porta-terco-3\/#breadcrumb\"},\"inLanguage\":\"en-US\",\"potentialAction\":[{\"@type\":\"ReadAction\",\"target\":[\"https:\/\/shop.bazarcia.com\/produto\/porta-terco-3\/\"]}]},{\"@type\":\"ImageObject\",\"inLanguage\":\"en-US\",\"@id\":\"https:\/\/shop.bazarcia.com\/produto\/porta-terco-3\/#primaryimage\",\"url\":\"https:\/\/shop.bazarcia.com\/wp-content\/uploads\/2025\/01\/porta-terco-3.jpg\",\"contentUrl\":\"https:\/\/shop.bazarcia.com\/wp-content\/uploads\/2025\/01\/porta-terco-3.jpg\",\"width\":1080,\"height\":1080},{\"@type\":\"BreadcrumbList\",\"@id\":\"https:\/\/shop.bazarcia.com\/produto\/porta-terco-3\/#breadcrumb\",\"itemListElement\":[{\"@type\":\"ListItem\",\"position\":1,\"name\":\"In\u00edcio\",\"item\":\"https:\/\/shop.bazarcia.com\/\"},{\"@type\":\"ListItem\",\"position\":2,\"name\":\"Loja\",\"item\":\"https:\/\/shop.bazarcia.com\/loja\/\"},{\"@type\":\"ListItem\",\"position\":3,\"name\":\"Porta Ter\u00e7o 3\"}]},{\"@type\":\"WebSite\",\"@id\":\"https:\/\/shop.bazarcia.com\/#website\",\"url\":\"https:\/\/shop.bazarcia.com\/\",\"name\":\"Bazar & Cia\",\"description\":\"criatividade ponto a ponto\",\"publisher\":{\"@id\":\"https:\/\/shop.bazarcia.com\/#organization\"},\"potentialAction\":[{\"@type\":\"SearchAction\",\"target\":{\"@type\":\"EntryPoint\",\"urlTemplate\":\"https:\/\/shop.bazarcia.com\/?s={search_term_string}\"},\"query-input\":{\"@type\":\"PropertyValueSpecification\",\"valueRequired\":true,\"valueName\":\"search_term_string\"}}],\"inLanguage\":\"en-US\"},{\"@type\":\"Organization\",\"@id\":\"https:\/\/shop.bazarcia.com\/#organization\",\"name\":\"Bazar & Cia\",\"url\":\"https:\/\/shop.bazarcia.com\/\",\"logo\":{\"@type\":\"ImageObject\",\"inLanguage\":\"en-US\",\"@id\":\"https:\/\/shop.bazarcia.com\/#\/schema\/logo\/image\/\",\"url\":\"https:\/\/shop.bazarcia.com\/wp-content\/uploads\/2024\/02\/cropped-logo_bazarcia.png\",\"contentUrl\":\"https:\/\/shop.bazarcia.com\/wp-content\/uploads\/2024\/02\/cropped-logo_bazarcia.png\",\"width\":150,\"height\":150,\"caption\":\"Bazar & Cia\"},\"image\":{\"@id\":\"https:\/\/shop.bazarcia.com\/#\/schema\/logo\/image\/\"},\"sameAs\":[\"https:\/\/www.facebook.com\/shopbazarcia\",\"https:\/\/www.instagram.com\/shopbazarcia\",\"https:\/\/br.pinterest.com\/suzane_eloise\/\",\"https:\/\/www.youtube.com\/c\/BazardoBordadoMatrizeseProjetos\"]}]}<\/script>\n<!-- \/ Yoast SEO plugin. -->","yoast_head_json":{"title":"Porta Ter\u00e7o 3 - \ud835\udc1b\ud835\udc1a\ud835\udc33\ud835\udc1a\ud835\udc2b &amp; \ud835\udc1c\ud835\udc22\ud835\udc1a","robots":{"index":"index","follow":"follow","max-snippet":"max-snippet:-1","max-image-preview":"max-image-preview:large","max-video-preview":"max-video-preview:-1"},"canonical":"https:\/\/shop.bazarcia.com\/en\/product\/porta-terco-3\/","og_locale":"en_US","og_type":"article","og_title":"Porta Ter\u00e7o 3 - \ud835\udc1b\ud835\udc1a\ud835\udc33\ud835\udc1a\ud835\udc2b &amp; \ud835\udc1c\ud835\udc22\ud835\udc1a","og_description":"Matrizes de bordado para confec\u00e7\u00e3o de PORTA TER\u00c7O 3.  Sugiro recortar o tecido a uns 4 mil\u00edmetros do bordado, para que haja espa\u00e7o suficiente para costurar com facilidade. A costura na m\u00e1quina reta deve ser feita um pouquinho adentro da corrida tripla, por\u00e9m quase rente a ela. Colocar z\u00edper e pendurador conforme ensina o v\u00eddeo do link abaixo.  O porta ter\u00e7os tamb\u00e9m podem ser usados como chaveiros ou para carregar moedas, fones de ouvido, chaves, ter\u00e7os ou coisinhas de maquiagem, etc.  Trata-se de um produto virtual.  Tamanhos 10x18 e 13x23.  Formatos dos arquivos: PES, JEF, XXX, DST e EXP.  A libera\u00e7\u00e3o das matrizes para DOWNLOAD ocorre logo ap\u00f3s a confirma\u00e7\u00e3o do pagamento, basta acessar DOWNLOADS na \u00e1rea do cliente neste site.  Link do v\u00eddeo com o PASSO-A-PASSO:\u00a0https:\/\/youtu.be\/jVjx5EVmRcI?si=0TZBVlFngy65FTs1","og_url":"https:\/\/shop.bazarcia.com\/en\/product\/porta-terco-3\/","og_site_name":"\ud835\udc1b\ud835\udc1a\ud835\udc33\ud835\udc1a\ud835\udc2b &amp; \ud835\udc1c\ud835\udc22\ud835\udc1a","article_publisher":"https:\/\/www.facebook.com\/shopbazarcia","article_modified_time":"2025-01-26T15:36:57+00:00","og_image":[{"width":1080,"height":1080,"url":"https:\/\/shop.bazarcia.com\/wp-content\/uploads\/2025\/01\/porta-terco-3.jpg","type":"image\/jpeg"}],"twitter_card":"summary_large_image","twitter_misc":{"Est. reading time":"1 minute"},"schema":{"@context":"https:\/\/schema.org","@graph":[{"@type":"WebPage","@id":"https:\/\/shop.bazarcia.com\/produto\/porta-terco-3\/","url":"https:\/\/shop.bazarcia.com\/produto\/porta-terco-3\/","name":"Porta Ter\u00e7o 3 - \ud835\udc1b\ud835\udc1a\ud835\udc33\ud835\udc1a\ud835\udc2b &amp; \ud835\udc1c\ud835\udc22\ud835\udc1a","isPartOf":{"@id":"https:\/\/shop.bazarcia.com\/#website"},"primaryImageOfPage":{"@id":"https:\/\/shop.bazarcia.com\/produto\/porta-terco-3\/#primaryimage"},"image":{"@id":"https:\/\/shop.bazarcia.com\/produto\/porta-terco-3\/#primaryimage"},"thumbnailUrl":"https:\/\/shop.bazarcia.com\/wp-content\/uploads\/2025\/01\/porta-terco-3.jpg","datePublished":"2025-01-26T15:33:23+00:00","dateModified":"2025-01-26T15:36:57+00:00","breadcrumb":{"@id":"https:\/\/shop.bazarcia.com\/produto\/porta-terco-3\/#breadcrumb"},"inLanguage":"en-US","potentialAction":[{"@type":"ReadAction","target":["https:\/\/shop.bazarcia.com\/produto\/porta-terco-3\/"]}]},{"@type":"ImageObject","inLanguage":"en-US","@id":"https:\/\/shop.bazarcia.com\/produto\/porta-terco-3\/#primaryimage","url":"https:\/\/shop.bazarcia.com\/wp-content\/uploads\/2025\/01\/porta-terco-3.jpg","contentUrl":"https:\/\/shop.bazarcia.com\/wp-content\/uploads\/2025\/01\/porta-terco-3.jpg","width":1080,"height":1080},{"@type":"BreadcrumbList","@id":"https:\/\/shop.bazarcia.com\/produto\/porta-terco-3\/#breadcrumb","itemListElement":[{"@type":"ListItem","position":1,"name":"In\u00edcio","item":"https:\/\/shop.bazarcia.com\/"},{"@type":"ListItem","position":2,"name":"Loja","item":"https:\/\/shop.bazarcia.com\/loja\/"},{"@type":"ListItem","position":3,"name":"Porta Ter\u00e7o 3"}]},{"@type":"WebSite","@id":"https:\/\/shop.bazarcia.com\/#website","url":"https:\/\/shop.bazarcia.com\/","name":"Bazar & Cia","description":"criatividade ponto a ponto","publisher":{"@id":"https:\/\/shop.bazarcia.com\/#organization"},"potentialAction":[{"@type":"SearchAction","target":{"@type":"EntryPoint","urlTemplate":"https:\/\/shop.bazarcia.com\/?s={search_term_string}"},"query-input":{"@type":"PropertyValueSpecification","valueRequired":true,"valueName":"search_term_string"}}],"inLanguage":"en-US"},{"@type":"Organization","@id":"https:\/\/shop.bazarcia.com\/#organization","name":"Bazar & Cia","url":"https:\/\/shop.bazarcia.com\/","logo":{"@type":"ImageObject","inLanguage":"en-US","@id":"https:\/\/shop.bazarcia.com\/#\/schema\/logo\/image\/","url":"https:\/\/shop.bazarcia.com\/wp-content\/uploads\/2024\/02\/cropped-logo_bazarcia.png","contentUrl":"https:\/\/shop.bazarcia.com\/wp-content\/uploads\/2024\/02\/cropped-logo_bazarcia.png","width":150,"height":150,"caption":"Bazar & Cia"},"image":{"@id":"https:\/\/shop.bazarcia.com\/#\/schema\/logo\/image\/"},"sameAs":["https:\/\/www.facebook.com\/shopbazarcia","https:\/\/www.instagram.com\/shopbazarcia","https:\/\/br.pinterest.com\/suzane_eloise\/","https:\/\/www.youtube.com\/c\/BazardoBordadoMatrizeseProjetos"]}]}},"_links":{"self":[{"href":"https:\/\/shop.bazarcia.com\/en\/wp-json\/wp\/v2\/product\/309436","targetHints":{"allow":["GET"]}}],"collection":[{"href":"https:\/\/shop.bazarcia.com\/en\/wp-json\/wp\/v2\/product"}],"about":[{"href":"https:\/\/shop.bazarcia.com\/en\/wp-json\/wp\/v2\/types\/product"}],"replies":[{"embeddable":true,"href":"https:\/\/shop.bazarcia.com\/en\/wp-json\/wp\/v2\/comments?post=309436"}],"version-history":[{"count":1,"href":"https:\/\/shop.bazarcia.com\/en\/wp-json\/wp\/v2\/product\/309436\/revisions"}],"predecessor-version":[{"id":309445,"href":"https:\/\/shop.bazarcia.com\/en\/wp-json\/wp\/v2\/product\/309436\/revisions\/309445"}],"wp:featuredmedia":[{"embeddable":true,"href":"https:\/\/shop.bazarcia.com\/en\/wp-json\/wp\/v2\/media\/309443"}],"wp:attachment":[{"href":"https:\/\/shop.bazarcia.com\/en\/wp-json\/wp\/v2\/media?parent=309436"}],"wp:term":[{"taxonomy":"product_brand","embeddable":true,"href":"https:\/\/shop.bazarcia.com\/en\/wp-json\/wp\/v2\/product_brand?post=309436"},{"taxonomy":"product_cat","embeddable":true,"href":"https:\/\/shop.bazarcia.com\/en\/wp-json\/wp\/v2\/product_cat?post=309436"},{"taxonomy":"product_tag","embeddable":true,"href":"https:\/\/shop.bazarcia.com\/en\/wp-json\/wp\/v2\/product_tag?post=309436"}],"curies":[{"name":"wp","href":"https:\/\/api.w.org\/{rel}","templated":true}]}}