{"id":313067,"date":"2025-02-16T21:45:51","date_gmt":"2025-02-17T00:45:51","guid":{"rendered":"https:\/\/shop.bazarcia.com\/?post_type=product&#038;p=313067"},"modified":"2025-02-16T21:52:32","modified_gmt":"2025-02-17T00:52:32","slug":"matriz-de-bordado-mp-moldura-coracao-rosas-e-flores","status":"publish","type":"product","link":"https:\/\/shop.bazarcia.com\/en\/product\/matriz-de-bordado-mp-moldura-coracao-rosas-e-flores\/","title":{"rendered":"MATRIZ DE BORDADO &#8211; MP- Moldura Cora\u00e7\u00e3o Rosas e flores"},"content":{"rendered":"<p>Aten\u00e7\u00e3o: N\u00e3o \u00e9 recomendado redimensionar os tamanhos das matrizes para n\u00e3o comprometer a qualidade do bordado, por isso N\u00c3O ALTERAMOS O TAMANHO DA MATRIZ!<\/p>\n<p>Este \u00e9 um arquivo digital, n\u00e3o o produto pronto. Voc\u00ea precisar\u00e1 de uma m\u00e1quina de bordar para fazer o bordado da(s) Matriz(es).<\/p>\n<p>*ATEN\u00c7\u00c3O: CASO N\u00c3O ESTEJA DE ACORDO COM AS ESPECIFICA\u00c7\u00d5ES E REGRAS ACIMA CITADAS, N\u00c3O FINALIZE SEU PAGAMENTO.<\/p>\n<p>Desenvolvidas pela Programadora e Designer: Patr\u00edcia Almeida<\/p>","protected":false},"excerpt":{"rendered":"<p>Este \u00e9 um produto virtual, concebido para os modelos de m\u00e1quinas. Ideal para bordar em diversas pe\u00e7as, toalhinhas, etc. ou bordar em variados tipos de pe\u00e7as.<\/p>\n<p>Produto feito com muito amor e carinho!<\/p>\n<p>TAMANHO: Largura 14CM X 13CM Altura<br \/>\nQUANTIDADE DE PONTOS: 11125<br \/>\nQUANTIDADE DE COR(ES): 4<\/p>\n<p>Dispon\u00edvel nos formatos: PES \/ JEF \/ XXX \/ DST \/ EXP \/ HUS<br \/>\nN\u00c3O ENVIAMOS EMB<\/p>","protected":false},"featured_media":313068,"comment_status":"open","ping_status":"closed","template":"","meta":{"_acf_changed":false,"_joinchat":[]},"product_brand":[],"product_cat":[84,336,1550],"product_tag":[1915,1170,1431,1433,1280,1092,1090,1163,1348,1430,1432],"class_list":{"0":"post-313067","1":"product","2":"type-product","3":"status-publish","4":"has-post-thumbnail","6":"product_cat-matrizes-de-bordado","7":"product_cat-molduras","8":"product_cat-molduras-em-bordado","9":"product_tag-bastidor-bordado","10":"product_tag-bordado","11":"product_tag-bordado-computadorizado","12":"product_tag-bordado-eletronico","13":"product_tag-bordar","14":"product_tag-maquina-de-bordado-brother-bp2150ldv","15":"product_tag-maquina-de-bordar","16":"product_tag-maquina-de-costura","17":"product_tag-maquina-domestica","18":"product_tag-matriz-de-bordado","19":"product_tag-matrizes-de-bordado","21":"first","22":"instock","23":"downloadable","24":"virtual","25":"purchasable","26":"product-type-simple"},"acf":[],"yoast_head":"<!-- This site is optimized with the Yoast SEO plugin v27.2 - https:\/\/yoast.com\/product\/yoast-seo-wordpress\/ -->\n<title>MATRIZ DE BORDADO - MP- Moldura Cora\u00e7\u00e3o Rosas e flores - \ud835\udc1b\ud835\udc1a\ud835\udc33\ud835\udc1a\ud835\udc2b &amp; \ud835\udc1c\ud835\udc22\ud835\udc1a<\/title>\n<meta name=\"robots\" content=\"index, follow, max-snippet:-1, max-image-preview:large, max-video-preview:-1\" \/>\n<link rel=\"canonical\" href=\"https:\/\/shop.bazarcia.com\/en\/product\/matriz-de-bordado-mp-moldura-coracao-rosas-e-flores\/\" \/>\n<meta property=\"og:locale\" content=\"en_US\" \/>\n<meta property=\"og:type\" content=\"article\" \/>\n<meta property=\"og:title\" content=\"MATRIZ DE BORDADO - MP- Moldura Cora\u00e7\u00e3o Rosas e flores - \ud835\udc1b\ud835\udc1a\ud835\udc33\ud835\udc1a\ud835\udc2b &amp; \ud835\udc1c\ud835\udc22\ud835\udc1a\" \/>\n<meta property=\"og:description\" content=\"Este \u00e9 um produto virtual, concebido para os modelos de m\u00e1quinas. Ideal para bordar em diversas pe\u00e7as, toalhinhas, etc. ou bordar em variados tipos de pe\u00e7as.  Produto feito com muito amor e carinho!  TAMANHO: Largura 14CM X 13CM Altura QUANTIDADE DE PONTOS: 11125 QUANTIDADE DE COR(ES): 4  Dispon\u00edvel nos formatos: PES \/ JEF \/ XXX \/ DST \/ EXP \/ HUS N\u00c3O ENVIAMOS EMB\" \/>\n<meta property=\"og:url\" content=\"https:\/\/shop.bazarcia.com\/en\/product\/matriz-de-bordado-mp-moldura-coracao-rosas-e-flores\/\" \/>\n<meta property=\"og:site_name\" content=\"\ud835\udc1b\ud835\udc1a\ud835\udc33\ud835\udc1a\ud835\udc2b &amp; \ud835\udc1c\ud835\udc22\ud835\udc1a\" \/>\n<meta property=\"article:publisher\" content=\"https:\/\/www.facebook.com\/shopbazarcia\" \/>\n<meta property=\"article:modified_time\" content=\"2025-02-17T00:52:32+00:00\" \/>\n<meta property=\"og:image\" content=\"https:\/\/shop.bazarcia.com\/wp-content\/uploads\/2025\/02\/Coracao-rosas-e-flores-15cm.jpg\" \/>\n\t<meta property=\"og:image:width\" content=\"580\" \/>\n\t<meta property=\"og:image:height\" content=\"580\" \/>\n\t<meta property=\"og:image:type\" content=\"image\/jpeg\" \/>\n<meta name=\"twitter:card\" content=\"summary_large_image\" \/>\n<script type=\"application\/ld+json\" class=\"yoast-schema-graph\">{\"@context\":\"https:\/\/schema.org\",\"@graph\":[{\"@type\":\"WebPage\",\"@id\":\"https:\/\/shop.bazarcia.com\/produto\/matriz-de-bordado-mp-moldura-coracao-rosas-e-flores\/\",\"url\":\"https:\/\/shop.bazarcia.com\/produto\/matriz-de-bordado-mp-moldura-coracao-rosas-e-flores\/\",\"name\":\"MATRIZ DE BORDADO - MP- Moldura Cora\u00e7\u00e3o Rosas e flores - \ud835\udc1b\ud835\udc1a\ud835\udc33\ud835\udc1a\ud835\udc2b &amp; \ud835\udc1c\ud835\udc22\ud835\udc1a\",\"isPartOf\":{\"@id\":\"https:\/\/shop.bazarcia.com\/#website\"},\"primaryImageOfPage\":{\"@id\":\"https:\/\/shop.bazarcia.com\/produto\/matriz-de-bordado-mp-moldura-coracao-rosas-e-flores\/#primaryimage\"},\"image\":{\"@id\":\"https:\/\/shop.bazarcia.com\/produto\/matriz-de-bordado-mp-moldura-coracao-rosas-e-flores\/#primaryimage\"},\"thumbnailUrl\":\"https:\/\/shop.bazarcia.com\/wp-content\/uploads\/2025\/02\/Coracao-rosas-e-flores-15cm.jpg\",\"datePublished\":\"2025-02-17T00:45:51+00:00\",\"dateModified\":\"2025-02-17T00:52:32+00:00\",\"breadcrumb\":{\"@id\":\"https:\/\/shop.bazarcia.com\/produto\/matriz-de-bordado-mp-moldura-coracao-rosas-e-flores\/#breadcrumb\"},\"inLanguage\":\"en-US\",\"potentialAction\":[{\"@type\":\"ReadAction\",\"target\":[\"https:\/\/shop.bazarcia.com\/produto\/matriz-de-bordado-mp-moldura-coracao-rosas-e-flores\/\"]}]},{\"@type\":\"ImageObject\",\"inLanguage\":\"en-US\",\"@id\":\"https:\/\/shop.bazarcia.com\/produto\/matriz-de-bordado-mp-moldura-coracao-rosas-e-flores\/#primaryimage\",\"url\":\"https:\/\/shop.bazarcia.com\/wp-content\/uploads\/2025\/02\/Coracao-rosas-e-flores-15cm.jpg\",\"contentUrl\":\"https:\/\/shop.bazarcia.com\/wp-content\/uploads\/2025\/02\/Coracao-rosas-e-flores-15cm.jpg\",\"width\":580,\"height\":580},{\"@type\":\"BreadcrumbList\",\"@id\":\"https:\/\/shop.bazarcia.com\/produto\/matriz-de-bordado-mp-moldura-coracao-rosas-e-flores\/#breadcrumb\",\"itemListElement\":[{\"@type\":\"ListItem\",\"position\":1,\"name\":\"In\u00edcio\",\"item\":\"https:\/\/shop.bazarcia.com\/\"},{\"@type\":\"ListItem\",\"position\":2,\"name\":\"Loja\",\"item\":\"https:\/\/shop.bazarcia.com\/loja\/\"},{\"@type\":\"ListItem\",\"position\":3,\"name\":\"MATRIZ DE BORDADO &#8211; MP- Moldura Cora\u00e7\u00e3o Rosas e flores\"}]},{\"@type\":\"WebSite\",\"@id\":\"https:\/\/shop.bazarcia.com\/#website\",\"url\":\"https:\/\/shop.bazarcia.com\/\",\"name\":\"Bazar & Cia\",\"description\":\"criatividade ponto a ponto\",\"publisher\":{\"@id\":\"https:\/\/shop.bazarcia.com\/#organization\"},\"potentialAction\":[{\"@type\":\"SearchAction\",\"target\":{\"@type\":\"EntryPoint\",\"urlTemplate\":\"https:\/\/shop.bazarcia.com\/?s={search_term_string}\"},\"query-input\":{\"@type\":\"PropertyValueSpecification\",\"valueRequired\":true,\"valueName\":\"search_term_string\"}}],\"inLanguage\":\"en-US\"},{\"@type\":\"Organization\",\"@id\":\"https:\/\/shop.bazarcia.com\/#organization\",\"name\":\"Bazar & Cia\",\"url\":\"https:\/\/shop.bazarcia.com\/\",\"logo\":{\"@type\":\"ImageObject\",\"inLanguage\":\"en-US\",\"@id\":\"https:\/\/shop.bazarcia.com\/#\/schema\/logo\/image\/\",\"url\":\"https:\/\/shop.bazarcia.com\/wp-content\/uploads\/2024\/02\/cropped-logo_bazarcia.png\",\"contentUrl\":\"https:\/\/shop.bazarcia.com\/wp-content\/uploads\/2024\/02\/cropped-logo_bazarcia.png\",\"width\":150,\"height\":150,\"caption\":\"Bazar & Cia\"},\"image\":{\"@id\":\"https:\/\/shop.bazarcia.com\/#\/schema\/logo\/image\/\"},\"sameAs\":[\"https:\/\/www.facebook.com\/shopbazarcia\",\"https:\/\/www.instagram.com\/shopbazarcia\",\"https:\/\/br.pinterest.com\/suzane_eloise\/\",\"https:\/\/www.youtube.com\/c\/BazardoBordadoMatrizeseProjetos\"]}]}<\/script>\n<!-- \/ Yoast SEO plugin. -->","yoast_head_json":{"title":"MATRIZ DE BORDADO - MP- Moldura Cora\u00e7\u00e3o Rosas e flores - \ud835\udc1b\ud835\udc1a\ud835\udc33\ud835\udc1a\ud835\udc2b &amp; \ud835\udc1c\ud835\udc22\ud835\udc1a","robots":{"index":"index","follow":"follow","max-snippet":"max-snippet:-1","max-image-preview":"max-image-preview:large","max-video-preview":"max-video-preview:-1"},"canonical":"https:\/\/shop.bazarcia.com\/en\/product\/matriz-de-bordado-mp-moldura-coracao-rosas-e-flores\/","og_locale":"en_US","og_type":"article","og_title":"MATRIZ DE BORDADO - MP- Moldura Cora\u00e7\u00e3o Rosas e flores - \ud835\udc1b\ud835\udc1a\ud835\udc33\ud835\udc1a\ud835\udc2b &amp; \ud835\udc1c\ud835\udc22\ud835\udc1a","og_description":"Este \u00e9 um produto virtual, concebido para os modelos de m\u00e1quinas. Ideal para bordar em diversas pe\u00e7as, toalhinhas, etc. ou bordar em variados tipos de pe\u00e7as.  Produto feito com muito amor e carinho!  TAMANHO: Largura 14CM X 13CM Altura QUANTIDADE DE PONTOS: 11125 QUANTIDADE DE COR(ES): 4  Dispon\u00edvel nos formatos: PES \/ JEF \/ XXX \/ DST \/ EXP \/ HUS N\u00c3O ENVIAMOS EMB","og_url":"https:\/\/shop.bazarcia.com\/en\/product\/matriz-de-bordado-mp-moldura-coracao-rosas-e-flores\/","og_site_name":"\ud835\udc1b\ud835\udc1a\ud835\udc33\ud835\udc1a\ud835\udc2b &amp; \ud835\udc1c\ud835\udc22\ud835\udc1a","article_publisher":"https:\/\/www.facebook.com\/shopbazarcia","article_modified_time":"2025-02-17T00:52:32+00:00","og_image":[{"width":580,"height":580,"url":"https:\/\/shop.bazarcia.com\/wp-content\/uploads\/2025\/02\/Coracao-rosas-e-flores-15cm.jpg","type":"image\/jpeg"}],"twitter_card":"summary_large_image","schema":{"@context":"https:\/\/schema.org","@graph":[{"@type":"WebPage","@id":"https:\/\/shop.bazarcia.com\/produto\/matriz-de-bordado-mp-moldura-coracao-rosas-e-flores\/","url":"https:\/\/shop.bazarcia.com\/produto\/matriz-de-bordado-mp-moldura-coracao-rosas-e-flores\/","name":"MATRIZ DE BORDADO - MP- Moldura Cora\u00e7\u00e3o Rosas e flores - \ud835\udc1b\ud835\udc1a\ud835\udc33\ud835\udc1a\ud835\udc2b &amp; \ud835\udc1c\ud835\udc22\ud835\udc1a","isPartOf":{"@id":"https:\/\/shop.bazarcia.com\/#website"},"primaryImageOfPage":{"@id":"https:\/\/shop.bazarcia.com\/produto\/matriz-de-bordado-mp-moldura-coracao-rosas-e-flores\/#primaryimage"},"image":{"@id":"https:\/\/shop.bazarcia.com\/produto\/matriz-de-bordado-mp-moldura-coracao-rosas-e-flores\/#primaryimage"},"thumbnailUrl":"https:\/\/shop.bazarcia.com\/wp-content\/uploads\/2025\/02\/Coracao-rosas-e-flores-15cm.jpg","datePublished":"2025-02-17T00:45:51+00:00","dateModified":"2025-02-17T00:52:32+00:00","breadcrumb":{"@id":"https:\/\/shop.bazarcia.com\/produto\/matriz-de-bordado-mp-moldura-coracao-rosas-e-flores\/#breadcrumb"},"inLanguage":"en-US","potentialAction":[{"@type":"ReadAction","target":["https:\/\/shop.bazarcia.com\/produto\/matriz-de-bordado-mp-moldura-coracao-rosas-e-flores\/"]}]},{"@type":"ImageObject","inLanguage":"en-US","@id":"https:\/\/shop.bazarcia.com\/produto\/matriz-de-bordado-mp-moldura-coracao-rosas-e-flores\/#primaryimage","url":"https:\/\/shop.bazarcia.com\/wp-content\/uploads\/2025\/02\/Coracao-rosas-e-flores-15cm.jpg","contentUrl":"https:\/\/shop.bazarcia.com\/wp-content\/uploads\/2025\/02\/Coracao-rosas-e-flores-15cm.jpg","width":580,"height":580},{"@type":"BreadcrumbList","@id":"https:\/\/shop.bazarcia.com\/produto\/matriz-de-bordado-mp-moldura-coracao-rosas-e-flores\/#breadcrumb","itemListElement":[{"@type":"ListItem","position":1,"name":"In\u00edcio","item":"https:\/\/shop.bazarcia.com\/"},{"@type":"ListItem","position":2,"name":"Loja","item":"https:\/\/shop.bazarcia.com\/loja\/"},{"@type":"ListItem","position":3,"name":"MATRIZ DE BORDADO &#8211; MP- Moldura Cora\u00e7\u00e3o Rosas e flores"}]},{"@type":"WebSite","@id":"https:\/\/shop.bazarcia.com\/#website","url":"https:\/\/shop.bazarcia.com\/","name":"Bazar & Cia","description":"criatividade ponto a ponto","publisher":{"@id":"https:\/\/shop.bazarcia.com\/#organization"},"potentialAction":[{"@type":"SearchAction","target":{"@type":"EntryPoint","urlTemplate":"https:\/\/shop.bazarcia.com\/?s={search_term_string}"},"query-input":{"@type":"PropertyValueSpecification","valueRequired":true,"valueName":"search_term_string"}}],"inLanguage":"en-US"},{"@type":"Organization","@id":"https:\/\/shop.bazarcia.com\/#organization","name":"Bazar & Cia","url":"https:\/\/shop.bazarcia.com\/","logo":{"@type":"ImageObject","inLanguage":"en-US","@id":"https:\/\/shop.bazarcia.com\/#\/schema\/logo\/image\/","url":"https:\/\/shop.bazarcia.com\/wp-content\/uploads\/2024\/02\/cropped-logo_bazarcia.png","contentUrl":"https:\/\/shop.bazarcia.com\/wp-content\/uploads\/2024\/02\/cropped-logo_bazarcia.png","width":150,"height":150,"caption":"Bazar & Cia"},"image":{"@id":"https:\/\/shop.bazarcia.com\/#\/schema\/logo\/image\/"},"sameAs":["https:\/\/www.facebook.com\/shopbazarcia","https:\/\/www.instagram.com\/shopbazarcia","https:\/\/br.pinterest.com\/suzane_eloise\/","https:\/\/www.youtube.com\/c\/BazardoBordadoMatrizeseProjetos"]}]}},"_links":{"self":[{"href":"https:\/\/shop.bazarcia.com\/en\/wp-json\/wp\/v2\/product\/313067","targetHints":{"allow":["GET"]}}],"collection":[{"href":"https:\/\/shop.bazarcia.com\/en\/wp-json\/wp\/v2\/product"}],"about":[{"href":"https:\/\/shop.bazarcia.com\/en\/wp-json\/wp\/v2\/types\/product"}],"replies":[{"embeddable":true,"href":"https:\/\/shop.bazarcia.com\/en\/wp-json\/wp\/v2\/comments?post=313067"}],"version-history":[{"count":1,"href":"https:\/\/shop.bazarcia.com\/en\/wp-json\/wp\/v2\/product\/313067\/revisions"}],"predecessor-version":[{"id":313070,"href":"https:\/\/shop.bazarcia.com\/en\/wp-json\/wp\/v2\/product\/313067\/revisions\/313070"}],"wp:featuredmedia":[{"embeddable":true,"href":"https:\/\/shop.bazarcia.com\/en\/wp-json\/wp\/v2\/media\/313068"}],"wp:attachment":[{"href":"https:\/\/shop.bazarcia.com\/en\/wp-json\/wp\/v2\/media?parent=313067"}],"wp:term":[{"taxonomy":"product_brand","embeddable":true,"href":"https:\/\/shop.bazarcia.com\/en\/wp-json\/wp\/v2\/product_brand?post=313067"},{"taxonomy":"product_cat","embeddable":true,"href":"https:\/\/shop.bazarcia.com\/en\/wp-json\/wp\/v2\/product_cat?post=313067"},{"taxonomy":"product_tag","embeddable":true,"href":"https:\/\/shop.bazarcia.com\/en\/wp-json\/wp\/v2\/product_tag?post=313067"}],"curies":[{"name":"wp","href":"https:\/\/api.w.org\/{rel}","templated":true}]}}