{"id":313144,"date":"2025-02-17T10:26:03","date_gmt":"2025-02-17T13:26:03","guid":{"rendered":"https:\/\/shop.bazarcia.com\/?post_type=product&#038;p=313144"},"modified":"2025-03-05T11:10:43","modified_gmt":"2025-03-05T14:10:43","slug":"matriz-de-bordado-profissao-farmacia-farmaceutico-017","status":"publish","type":"product","link":"https:\/\/shop.bazarcia.com\/en\/product\/matriz-de-bordado-profissao-farmacia-farmaceutico-017\/","title":{"rendered":"Matriz de Bordado &#8211; Profiss\u00e3o Farm\u00e1cia &#8211; Farmac\u00eautico &#8211; 017"},"content":{"rendered":"<p>Compat\u00edveis nos formatos DST &#8211; EXP &#8211; HUS &#8211; JEF &#8211; PES &#8211; XXX, disponibilizados em pasta compactada (ZIP \/ RAR) sendo necess\u00e1rio descompactar com Winzip ou WinRar.<\/p>\n<p>TAMANHO: L=7,8cm x A=8,5cm<\/p>\n<p>CORES: 4<br \/>\nN. PONTOS: 7.915<br \/>\nTOTAL LINHA: 34m<br \/>\nTEMPO ESTIMADO: 20min<br \/>\nDemais dados anexo no arquivo .PDF<\/p>","protected":false},"excerpt":{"rendered":"<p>Matriz de Bordado &#8211; Cole\u00e7\u00e3o PROFISS\u00c3O &#8211; Farm\u00e1cia &#8211; 017<\/p>\n<p>Programa para bordadeiras dom\u00e9sticas ou profissionais<\/p>","protected":false},"featured_media":313151,"comment_status":"open","ping_status":"closed","template":"","meta":{"_acf_changed":false,"_joinchat":[]},"product_brand":[],"product_cat":[352,84,310],"product_tag":[1915,1462,1170,1912,1431,1433,1280,1090,1348,1430,1432,1434],"class_list":{"0":"post-313144","1":"product","2":"type-product","3":"status-publish","4":"has-post-thumbnail","6":"product_cat-farmacia","7":"product_cat-matrizes-de-bordado","8":"product_cat-profissoes","9":"product_tag-bastidor-bordado","10":"product_tag-body-personalizado","11":"product_tag-bordado","12":"product_tag-bordado-a-mao","13":"product_tag-bordado-computadorizado","14":"product_tag-bordado-eletronico","15":"product_tag-bordar","16":"product_tag-maquina-de-bordar","17":"product_tag-maquina-domestica","18":"product_tag-matriz-de-bordado","19":"product_tag-matrizes-de-bordado","20":"product_tag-matrizes-gratis","22":"first","23":"instock","24":"downloadable","25":"virtual","26":"purchasable","27":"product-type-simple"},"acf":[],"yoast_head":"<!-- This site is optimized with the Yoast SEO plugin v27.2 - https:\/\/yoast.com\/product\/yoast-seo-wordpress\/ -->\n<title>Matriz de Bordado - Farm\u00e1cia - [PROFISS\u00c3O]<\/title>\n<meta name=\"description\" content=\"Cont\u00e9m uma matriz de bordado para todos os modelos de m\u00e1quinas eletr\u00f4nicas, clique e adquira j\u00e1!\" \/>\n<meta name=\"robots\" content=\"index, follow, max-snippet:-1, max-image-preview:large, max-video-preview:-1\" \/>\n<link rel=\"canonical\" href=\"https:\/\/shop.bazarcia.com\/en\/product\/matriz-de-bordado-profissao-farmacia-farmaceutico-017\/\" \/>\n<meta property=\"og:locale\" content=\"en_US\" \/>\n<meta property=\"og:type\" content=\"article\" \/>\n<meta property=\"og:title\" content=\"Matriz de Bordado - Farm\u00e1cia - [PROFISS\u00c3O]\" \/>\n<meta property=\"og:description\" content=\"Cont\u00e9m uma matriz de bordado para todos os modelos de m\u00e1quinas eletr\u00f4nicas, clique e adquira j\u00e1!\" \/>\n<meta property=\"og:url\" content=\"https:\/\/shop.bazarcia.com\/en\/product\/matriz-de-bordado-profissao-farmacia-farmaceutico-017\/\" \/>\n<meta property=\"og:site_name\" content=\"\ud835\udc1b\ud835\udc1a\ud835\udc33\ud835\udc1a\ud835\udc2b &amp; \ud835\udc1c\ud835\udc22\ud835\udc1a\" \/>\n<meta property=\"article:publisher\" content=\"https:\/\/www.facebook.com\/shopbazarcia\" \/>\n<meta property=\"article:modified_time\" content=\"2025-03-05T14:10:43+00:00\" \/>\n<meta property=\"og:image\" content=\"https:\/\/shop.bazarcia.com\/wp-content\/uploads\/2025\/02\/01-FARMA-03-078085-017.png\" \/>\n\t<meta property=\"og:image:width\" content=\"1536\" \/>\n\t<meta property=\"og:image:height\" content=\"1673\" \/>\n\t<meta property=\"og:image:type\" content=\"image\/png\" \/>\n<meta name=\"twitter:card\" content=\"summary_large_image\" \/>\n<script type=\"application\/ld+json\" class=\"yoast-schema-graph\">{\"@context\":\"https:\/\/schema.org\",\"@graph\":[{\"@type\":\"WebPage\",\"@id\":\"https:\/\/shop.bazarcia.com\/produto\/matriz-de-bordado-profissao-farmacia-farmaceutico-017\/\",\"url\":\"https:\/\/shop.bazarcia.com\/produto\/matriz-de-bordado-profissao-farmacia-farmaceutico-017\/\",\"name\":\"Matriz de Bordado - Farm\u00e1cia - [PROFISS\u00c3O]\",\"isPartOf\":{\"@id\":\"https:\/\/shop.bazarcia.com\/#website\"},\"primaryImageOfPage\":{\"@id\":\"https:\/\/shop.bazarcia.com\/produto\/matriz-de-bordado-profissao-farmacia-farmaceutico-017\/#primaryimage\"},\"image\":{\"@id\":\"https:\/\/shop.bazarcia.com\/produto\/matriz-de-bordado-profissao-farmacia-farmaceutico-017\/#primaryimage\"},\"thumbnailUrl\":\"https:\/\/shop.bazarcia.com\/wp-content\/uploads\/2025\/02\/01-FARMA-03-078085-017.png\",\"datePublished\":\"2025-02-17T13:26:03+00:00\",\"dateModified\":\"2025-03-05T14:10:43+00:00\",\"description\":\"Cont\u00e9m uma matriz de bordado para todos os modelos de m\u00e1quinas eletr\u00f4nicas, clique e adquira j\u00e1!\",\"breadcrumb\":{\"@id\":\"https:\/\/shop.bazarcia.com\/produto\/matriz-de-bordado-profissao-farmacia-farmaceutico-017\/#breadcrumb\"},\"inLanguage\":\"en-US\",\"potentialAction\":[{\"@type\":\"ReadAction\",\"target\":[\"https:\/\/shop.bazarcia.com\/produto\/matriz-de-bordado-profissao-farmacia-farmaceutico-017\/\"]}]},{\"@type\":\"ImageObject\",\"inLanguage\":\"en-US\",\"@id\":\"https:\/\/shop.bazarcia.com\/produto\/matriz-de-bordado-profissao-farmacia-farmaceutico-017\/#primaryimage\",\"url\":\"https:\/\/shop.bazarcia.com\/wp-content\/uploads\/2025\/02\/01-FARMA-03-078085-017.png\",\"contentUrl\":\"https:\/\/shop.bazarcia.com\/wp-content\/uploads\/2025\/02\/01-FARMA-03-078085-017.png\",\"width\":1536,\"height\":1673,\"caption\":\"Matriz de Bordado Cole\u00e7\u00e3o PROFISS\u00c3O FARM\u00c1CIA\"},{\"@type\":\"BreadcrumbList\",\"@id\":\"https:\/\/shop.bazarcia.com\/produto\/matriz-de-bordado-profissao-farmacia-farmaceutico-017\/#breadcrumb\",\"itemListElement\":[{\"@type\":\"ListItem\",\"position\":1,\"name\":\"In\u00edcio\",\"item\":\"https:\/\/shop.bazarcia.com\/\"},{\"@type\":\"ListItem\",\"position\":2,\"name\":\"Loja\",\"item\":\"https:\/\/shop.bazarcia.com\/loja\/\"},{\"@type\":\"ListItem\",\"position\":3,\"name\":\"Matriz de Bordado &#8211; Profiss\u00e3o Farm\u00e1cia &#8211; Farmac\u00eautico &#8211; 017\"}]},{\"@type\":\"WebSite\",\"@id\":\"https:\/\/shop.bazarcia.com\/#website\",\"url\":\"https:\/\/shop.bazarcia.com\/\",\"name\":\"Bazar & Cia\",\"description\":\"criatividade ponto a ponto\",\"publisher\":{\"@id\":\"https:\/\/shop.bazarcia.com\/#organization\"},\"potentialAction\":[{\"@type\":\"SearchAction\",\"target\":{\"@type\":\"EntryPoint\",\"urlTemplate\":\"https:\/\/shop.bazarcia.com\/?s={search_term_string}\"},\"query-input\":{\"@type\":\"PropertyValueSpecification\",\"valueRequired\":true,\"valueName\":\"search_term_string\"}}],\"inLanguage\":\"en-US\"},{\"@type\":\"Organization\",\"@id\":\"https:\/\/shop.bazarcia.com\/#organization\",\"name\":\"Bazar & Cia\",\"url\":\"https:\/\/shop.bazarcia.com\/\",\"logo\":{\"@type\":\"ImageObject\",\"inLanguage\":\"en-US\",\"@id\":\"https:\/\/shop.bazarcia.com\/#\/schema\/logo\/image\/\",\"url\":\"https:\/\/shop.bazarcia.com\/wp-content\/uploads\/2024\/02\/cropped-logo_bazarcia.png\",\"contentUrl\":\"https:\/\/shop.bazarcia.com\/wp-content\/uploads\/2024\/02\/cropped-logo_bazarcia.png\",\"width\":150,\"height\":150,\"caption\":\"Bazar & Cia\"},\"image\":{\"@id\":\"https:\/\/shop.bazarcia.com\/#\/schema\/logo\/image\/\"},\"sameAs\":[\"https:\/\/www.facebook.com\/shopbazarcia\",\"https:\/\/www.instagram.com\/shopbazarcia\",\"https:\/\/br.pinterest.com\/suzane_eloise\/\",\"https:\/\/www.youtube.com\/c\/BazardoBordadoMatrizeseProjetos\"]}]}<\/script>\n<!-- \/ Yoast SEO plugin. -->","yoast_head_json":{"title":"Matriz de Bordado - Farm\u00e1cia - [PROFISS\u00c3O]","description":"Cont\u00e9m uma matriz de bordado para todos os modelos de m\u00e1quinas eletr\u00f4nicas, clique e adquira j\u00e1!","robots":{"index":"index","follow":"follow","max-snippet":"max-snippet:-1","max-image-preview":"max-image-preview:large","max-video-preview":"max-video-preview:-1"},"canonical":"https:\/\/shop.bazarcia.com\/en\/product\/matriz-de-bordado-profissao-farmacia-farmaceutico-017\/","og_locale":"en_US","og_type":"article","og_title":"Matriz de Bordado - Farm\u00e1cia - [PROFISS\u00c3O]","og_description":"Cont\u00e9m uma matriz de bordado para todos os modelos de m\u00e1quinas eletr\u00f4nicas, clique e adquira j\u00e1!","og_url":"https:\/\/shop.bazarcia.com\/en\/product\/matriz-de-bordado-profissao-farmacia-farmaceutico-017\/","og_site_name":"\ud835\udc1b\ud835\udc1a\ud835\udc33\ud835\udc1a\ud835\udc2b &amp; \ud835\udc1c\ud835\udc22\ud835\udc1a","article_publisher":"https:\/\/www.facebook.com\/shopbazarcia","article_modified_time":"2025-03-05T14:10:43+00:00","og_image":[{"width":1536,"height":1673,"url":"https:\/\/shop.bazarcia.com\/wp-content\/uploads\/2025\/02\/01-FARMA-03-078085-017.png","type":"image\/png"}],"twitter_card":"summary_large_image","schema":{"@context":"https:\/\/schema.org","@graph":[{"@type":"WebPage","@id":"https:\/\/shop.bazarcia.com\/produto\/matriz-de-bordado-profissao-farmacia-farmaceutico-017\/","url":"https:\/\/shop.bazarcia.com\/produto\/matriz-de-bordado-profissao-farmacia-farmaceutico-017\/","name":"Matriz de Bordado - Farm\u00e1cia - [PROFISS\u00c3O]","isPartOf":{"@id":"https:\/\/shop.bazarcia.com\/#website"},"primaryImageOfPage":{"@id":"https:\/\/shop.bazarcia.com\/produto\/matriz-de-bordado-profissao-farmacia-farmaceutico-017\/#primaryimage"},"image":{"@id":"https:\/\/shop.bazarcia.com\/produto\/matriz-de-bordado-profissao-farmacia-farmaceutico-017\/#primaryimage"},"thumbnailUrl":"https:\/\/shop.bazarcia.com\/wp-content\/uploads\/2025\/02\/01-FARMA-03-078085-017.png","datePublished":"2025-02-17T13:26:03+00:00","dateModified":"2025-03-05T14:10:43+00:00","description":"Cont\u00e9m uma matriz de bordado para todos os modelos de m\u00e1quinas eletr\u00f4nicas, clique e adquira j\u00e1!","breadcrumb":{"@id":"https:\/\/shop.bazarcia.com\/produto\/matriz-de-bordado-profissao-farmacia-farmaceutico-017\/#breadcrumb"},"inLanguage":"en-US","potentialAction":[{"@type":"ReadAction","target":["https:\/\/shop.bazarcia.com\/produto\/matriz-de-bordado-profissao-farmacia-farmaceutico-017\/"]}]},{"@type":"ImageObject","inLanguage":"en-US","@id":"https:\/\/shop.bazarcia.com\/produto\/matriz-de-bordado-profissao-farmacia-farmaceutico-017\/#primaryimage","url":"https:\/\/shop.bazarcia.com\/wp-content\/uploads\/2025\/02\/01-FARMA-03-078085-017.png","contentUrl":"https:\/\/shop.bazarcia.com\/wp-content\/uploads\/2025\/02\/01-FARMA-03-078085-017.png","width":1536,"height":1673,"caption":"Matriz de Bordado Cole\u00e7\u00e3o PROFISS\u00c3O FARM\u00c1CIA"},{"@type":"BreadcrumbList","@id":"https:\/\/shop.bazarcia.com\/produto\/matriz-de-bordado-profissao-farmacia-farmaceutico-017\/#breadcrumb","itemListElement":[{"@type":"ListItem","position":1,"name":"In\u00edcio","item":"https:\/\/shop.bazarcia.com\/"},{"@type":"ListItem","position":2,"name":"Loja","item":"https:\/\/shop.bazarcia.com\/loja\/"},{"@type":"ListItem","position":3,"name":"Matriz de Bordado &#8211; Profiss\u00e3o Farm\u00e1cia &#8211; Farmac\u00eautico &#8211; 017"}]},{"@type":"WebSite","@id":"https:\/\/shop.bazarcia.com\/#website","url":"https:\/\/shop.bazarcia.com\/","name":"Bazar & Cia","description":"criatividade ponto a ponto","publisher":{"@id":"https:\/\/shop.bazarcia.com\/#organization"},"potentialAction":[{"@type":"SearchAction","target":{"@type":"EntryPoint","urlTemplate":"https:\/\/shop.bazarcia.com\/?s={search_term_string}"},"query-input":{"@type":"PropertyValueSpecification","valueRequired":true,"valueName":"search_term_string"}}],"inLanguage":"en-US"},{"@type":"Organization","@id":"https:\/\/shop.bazarcia.com\/#organization","name":"Bazar & Cia","url":"https:\/\/shop.bazarcia.com\/","logo":{"@type":"ImageObject","inLanguage":"en-US","@id":"https:\/\/shop.bazarcia.com\/#\/schema\/logo\/image\/","url":"https:\/\/shop.bazarcia.com\/wp-content\/uploads\/2024\/02\/cropped-logo_bazarcia.png","contentUrl":"https:\/\/shop.bazarcia.com\/wp-content\/uploads\/2024\/02\/cropped-logo_bazarcia.png","width":150,"height":150,"caption":"Bazar & Cia"},"image":{"@id":"https:\/\/shop.bazarcia.com\/#\/schema\/logo\/image\/"},"sameAs":["https:\/\/www.facebook.com\/shopbazarcia","https:\/\/www.instagram.com\/shopbazarcia","https:\/\/br.pinterest.com\/suzane_eloise\/","https:\/\/www.youtube.com\/c\/BazardoBordadoMatrizeseProjetos"]}]}},"_links":{"self":[{"href":"https:\/\/shop.bazarcia.com\/en\/wp-json\/wp\/v2\/product\/313144","targetHints":{"allow":["GET"]}}],"collection":[{"href":"https:\/\/shop.bazarcia.com\/en\/wp-json\/wp\/v2\/product"}],"about":[{"href":"https:\/\/shop.bazarcia.com\/en\/wp-json\/wp\/v2\/types\/product"}],"replies":[{"embeddable":true,"href":"https:\/\/shop.bazarcia.com\/en\/wp-json\/wp\/v2\/comments?post=313144"}],"version-history":[{"count":2,"href":"https:\/\/shop.bazarcia.com\/en\/wp-json\/wp\/v2\/product\/313144\/revisions"}],"predecessor-version":[{"id":313154,"href":"https:\/\/shop.bazarcia.com\/en\/wp-json\/wp\/v2\/product\/313144\/revisions\/313154"}],"wp:featuredmedia":[{"embeddable":true,"href":"https:\/\/shop.bazarcia.com\/en\/wp-json\/wp\/v2\/media\/313151"}],"wp:attachment":[{"href":"https:\/\/shop.bazarcia.com\/en\/wp-json\/wp\/v2\/media?parent=313144"}],"wp:term":[{"taxonomy":"product_brand","embeddable":true,"href":"https:\/\/shop.bazarcia.com\/en\/wp-json\/wp\/v2\/product_brand?post=313144"},{"taxonomy":"product_cat","embeddable":true,"href":"https:\/\/shop.bazarcia.com\/en\/wp-json\/wp\/v2\/product_cat?post=313144"},{"taxonomy":"product_tag","embeddable":true,"href":"https:\/\/shop.bazarcia.com\/en\/wp-json\/wp\/v2\/product_tag?post=313144"}],"curies":[{"name":"wp","href":"https:\/\/api.w.org\/{rel}","templated":true}]}}