{"id":315893,"date":"2025-03-04T18:03:09","date_gmt":"2025-03-04T21:03:09","guid":{"rendered":"https:\/\/shop.bazarcia.com\/?post_type=product&#038;p=315893"},"modified":"2025-07-07T12:59:17","modified_gmt":"2025-07-07T15:59:17","slug":"kit-safari-pd-matrizes-de-bordado","status":"publish","type":"product","link":"https:\/\/shop.bazarcia.com\/en\/product\/kit-safari-pd-matrizes-de-bordado\/","title":{"rendered":"Projeto Porta Documentos [Bastidor 16&#215;26 ou maior] + Matrizes de Bordado"},"content":{"rendered":"<p><strong>Kit Safari PD Matrizes de Bordado<\/strong><\/p>\n<div>\n<p>\u2661 Este \u00e9 um produto DIGITAL, os arquivos estar\u00e3o dispon\u00edveis para download aqui mesmo, na sua conta, ap\u00f3s confirma\u00e7\u00e3o do pagamento. Para produtos em pr\u00e9-venda, atente-se \u00e0 data de entrega.<\/p>\n<p>\u2661 Os arquivos est\u00e3o em pasta compactada (ZIP), sendo necess\u00e1rio descompact\u00e1-la.<\/p>\n<p>\u2661 Os mesmos s\u00e3o compat\u00edveis com v\u00e1rios tipos e modelos de m\u00e1quinas, com os seguintes formatos:<br \/>\nDST &#8211; EXP &#8211; HUS &#8211; JEF &#8211; PES &#8211; XXX<\/p>\n<p>\u2661 Adquirindo nossas matrizes e projetos voc\u00ea se declara de acordo com nossos\u00a0<strong><b><a href=\"https:\/\/shop.bazarcia.com\/en\/store\/atelie-mamae-coruja\/toc\/\" target=\"_blank\" rel=\"nofollow noopener\">TERMOS E CONDI\u00c7\u00d5ES<\/a><\/b>.<\/strong><\/p>\n<p>Designers: Carol (Est\u00fadio 812)<\/p>\n<\/div>","protected":false},"excerpt":{"rendered":"<p><b>Este \u00e9 um PRODUTO DIGITAL destinado a artes\u00e3s e artes\u00e3os \u2665<\/b><\/p>\n<p><strong>Projeto Porta Documentos [Bastidor 16&#215;26 ou maior]<\/strong><\/p>\n<p>Um tema lindo e um dos preferidos das mam\u00e3es, bichinhos safari!<\/p>\n<p>\u25aa\ufe0f O Porta Documentos <strong>[Bastidor 16&#215;26 ou maior]<\/strong> \u00e9 uma pe\u00e7a fundamental no enxoval do beb\u00ea, pois nele a mam\u00e3e guardar\u00e1 todos os documentos importantes.<br \/>\nE convenhamos, \u00e9 um luxo que s\u00f3 chegar para uma consulta ao pediatra com uma pe\u00e7a t\u00e3o cheia de carinho como essa n\u00e9?!<\/p>\n<p>\u25aa\ufe0f Este kit de matrizes cont\u00e9m, al\u00e9m das matrizes para o porta documentos , como mostrado na foto <strong>[Bastidor 16&#215;26 ou maior]<\/strong>, acompanha tamb\u00e9m as matrizes de aplique desse trio fofo de bichinhos separado nos tamanhos de 10&#215;26, 11&#215;28, 12&#215;30 (para bastidores de 20&#215;30 e 13&#215;30 de 2 est\u00e1gios) e 14&#215;36.<\/p>\n<p><strong>IMPORTANTE: O PROJETO PORTA DOCUMENTOS S\u00d3 \u00c9 POSS\u00cdVEL SER FEITO BASTIDOR \u00c0 PARTIR DE 16X26<\/strong><\/p>\n<p>Mais informa\u00e7\u00f5es abaixo!<\/p>\n","protected":false},"featured_media":315894,"comment_status":"open","ping_status":"closed","template":"","meta":{"_acf_changed":false,"_joinchat":[]},"product_brand":[],"product_cat":[122,1422,187,237,238,84,1400,98,1387,1442],"product_tag":[],"class_list":{"0":"post-315893","1":"product","2":"type-product","3":"status-publish","4":"has-post-thumbnail","6":"product_cat-matrizes-de-bordado-animais","7":"product_cat-capa-de-caderneta-na-bordadeira-ith","8":"product_cat-elefantinhos","9":"product_cat-leaozinho","10":"product_cat-macaquinhos","11":"product_cat-matrizes-de-bordado","12":"product_cat-projetos-bastidor-20x28","13":"product_cat-projetos-na-bordadeira-in-the-hoop-embroidery","14":"product_cat-projetos-para-bastidores-18x30","15":"product_cat-projetos-para-bastidores-20x30-ith","17":"first","18":"instock","19":"downloadable","20":"virtual","21":"sold-individually","22":"purchasable","23":"product-type-simple"},"acf":[],"yoast_head":"<!-- This site is optimized with the Yoast SEO plugin v27.2 - https:\/\/yoast.com\/product\/yoast-seo-wordpress\/ -->\n<title>Projeto Porta Documentos [Bastidor 16x26 ou maior] + Matrizes de Bordado - \ud835\udc1b\ud835\udc1a\ud835\udc33\ud835\udc1a\ud835\udc2b &amp; \ud835\udc1c\ud835\udc22\ud835\udc1a<\/title>\n<meta name=\"robots\" content=\"index, follow, max-snippet:-1, max-image-preview:large, max-video-preview:-1\" \/>\n<link rel=\"canonical\" href=\"https:\/\/shop.bazarcia.com\/en\/product\/kit-safari-pd-matrizes-de-bordado\/\" \/>\n<meta property=\"og:locale\" content=\"en_US\" \/>\n<meta property=\"og:type\" content=\"article\" \/>\n<meta property=\"og:title\" content=\"Projeto Porta Documentos [Bastidor 16x26 ou maior] + Matrizes de Bordado - \ud835\udc1b\ud835\udc1a\ud835\udc33\ud835\udc1a\ud835\udc2b &amp; \ud835\udc1c\ud835\udc22\ud835\udc1a\" \/>\n<meta property=\"og:description\" content=\"Este \u00e9 um PRODUTO DIGITAL destinado a artes\u00e3s e artes\u00e3os \u2665  Projeto Porta Documentos [Bastidor 16x26 ou maior]  Um tema lindo e um dos preferidos das mam\u00e3es, bichinhos safari!  \u25aa\ufe0f O Porta Documentos [Bastidor 16x26 ou maior] \u00e9 uma pe\u00e7a fundamental no enxoval do beb\u00ea, pois nele a mam\u00e3e guardar\u00e1 todos os documentos importantes. E convenhamos, \u00e9 um luxo que s\u00f3 chegar para uma consulta ao pediatra com uma pe\u00e7a t\u00e3o cheia de carinho como essa n\u00e9?!  \u25aa\ufe0f Este kit de matrizes cont\u00e9m, al\u00e9m das matrizes para o porta documentos , como mostrado na foto [Bastidor 16x26 ou maior], acompanha tamb\u00e9m as matrizes de aplique desse trio fofo de bichinhos separado nos tamanhos de 10x26, 11x28, 12x30 (para bastidores de 20x30 e 13x30 de 2 est\u00e1gios) e 14x36.  IMPORTANTE: O PROJETO PORTA DOCUMENTOS S\u00d3 \u00c9 POSS\u00cdVEL SER FEITO BASTIDOR \u00c0 PARTIR DE 16X26  Mais informa\u00e7\u00f5es abaixo!\" \/>\n<meta property=\"og:url\" content=\"https:\/\/shop.bazarcia.com\/en\/product\/kit-safari-pd-matrizes-de-bordado\/\" \/>\n<meta property=\"og:site_name\" content=\"\ud835\udc1b\ud835\udc1a\ud835\udc33\ud835\udc1a\ud835\udc2b &amp; \ud835\udc1c\ud835\udc22\ud835\udc1a\" \/>\n<meta property=\"article:publisher\" content=\"https:\/\/www.facebook.com\/shopbazarcia\" \/>\n<meta property=\"article:modified_time\" content=\"2025-07-07T15:59:17+00:00\" \/>\n<meta property=\"og:image\" content=\"https:\/\/shop.bazarcia.com\/wp-content\/uploads\/2025\/03\/matrizes-de-bordado-safari-porta-documentos-apliques-elefante-macaco-leao-1.jpg\" \/>\n\t<meta property=\"og:image:width\" content=\"540\" \/>\n\t<meta property=\"og:image:height\" content=\"540\" \/>\n\t<meta property=\"og:image:type\" content=\"image\/jpeg\" \/>\n<meta name=\"twitter:card\" content=\"summary_large_image\" \/>\n<meta name=\"twitter:label1\" content=\"Est. reading time\" \/>\n\t<meta name=\"twitter:data1\" content=\"1 minute\" \/>\n<script type=\"application\/ld+json\" class=\"yoast-schema-graph\">{\"@context\":\"https:\/\/schema.org\",\"@graph\":[{\"@type\":\"WebPage\",\"@id\":\"https:\/\/shop.bazarcia.com\/produto\/kit-safari-pd-matrizes-de-bordado\/\",\"url\":\"https:\/\/shop.bazarcia.com\/produto\/kit-safari-pd-matrizes-de-bordado\/\",\"name\":\"Projeto Porta Documentos [Bastidor 16x26 ou maior] + Matrizes de Bordado - \ud835\udc1b\ud835\udc1a\ud835\udc33\ud835\udc1a\ud835\udc2b &amp; \ud835\udc1c\ud835\udc22\ud835\udc1a\",\"isPartOf\":{\"@id\":\"https:\/\/shop.bazarcia.com\/#website\"},\"primaryImageOfPage\":{\"@id\":\"https:\/\/shop.bazarcia.com\/produto\/kit-safari-pd-matrizes-de-bordado\/#primaryimage\"},\"image\":{\"@id\":\"https:\/\/shop.bazarcia.com\/produto\/kit-safari-pd-matrizes-de-bordado\/#primaryimage\"},\"thumbnailUrl\":\"https:\/\/shop.bazarcia.com\/wp-content\/uploads\/2025\/03\/matrizes-de-bordado-safari-porta-documentos-apliques-elefante-macaco-leao-1.jpg\",\"datePublished\":\"2025-03-04T21:03:09+00:00\",\"dateModified\":\"2025-07-07T15:59:17+00:00\",\"breadcrumb\":{\"@id\":\"https:\/\/shop.bazarcia.com\/produto\/kit-safari-pd-matrizes-de-bordado\/#breadcrumb\"},\"inLanguage\":\"en-US\",\"potentialAction\":[{\"@type\":\"ReadAction\",\"target\":[\"https:\/\/shop.bazarcia.com\/produto\/kit-safari-pd-matrizes-de-bordado\/\"]}]},{\"@type\":\"ImageObject\",\"inLanguage\":\"en-US\",\"@id\":\"https:\/\/shop.bazarcia.com\/produto\/kit-safari-pd-matrizes-de-bordado\/#primaryimage\",\"url\":\"https:\/\/shop.bazarcia.com\/wp-content\/uploads\/2025\/03\/matrizes-de-bordado-safari-porta-documentos-apliques-elefante-macaco-leao-1.jpg\",\"contentUrl\":\"https:\/\/shop.bazarcia.com\/wp-content\/uploads\/2025\/03\/matrizes-de-bordado-safari-porta-documentos-apliques-elefante-macaco-leao-1.jpg\",\"width\":540,\"height\":540},{\"@type\":\"BreadcrumbList\",\"@id\":\"https:\/\/shop.bazarcia.com\/produto\/kit-safari-pd-matrizes-de-bordado\/#breadcrumb\",\"itemListElement\":[{\"@type\":\"ListItem\",\"position\":1,\"name\":\"In\u00edcio\",\"item\":\"https:\/\/shop.bazarcia.com\/\"},{\"@type\":\"ListItem\",\"position\":2,\"name\":\"Loja\",\"item\":\"https:\/\/shop.bazarcia.com\/loja\/\"},{\"@type\":\"ListItem\",\"position\":3,\"name\":\"Projeto Porta Documentos [Bastidor 16&#215;26 ou maior] + Matrizes de Bordado\"}]},{\"@type\":\"WebSite\",\"@id\":\"https:\/\/shop.bazarcia.com\/#website\",\"url\":\"https:\/\/shop.bazarcia.com\/\",\"name\":\"Bazar & Cia\",\"description\":\"criatividade ponto a ponto\",\"publisher\":{\"@id\":\"https:\/\/shop.bazarcia.com\/#organization\"},\"potentialAction\":[{\"@type\":\"SearchAction\",\"target\":{\"@type\":\"EntryPoint\",\"urlTemplate\":\"https:\/\/shop.bazarcia.com\/?s={search_term_string}\"},\"query-input\":{\"@type\":\"PropertyValueSpecification\",\"valueRequired\":true,\"valueName\":\"search_term_string\"}}],\"inLanguage\":\"en-US\"},{\"@type\":\"Organization\",\"@id\":\"https:\/\/shop.bazarcia.com\/#organization\",\"name\":\"Bazar & Cia\",\"url\":\"https:\/\/shop.bazarcia.com\/\",\"logo\":{\"@type\":\"ImageObject\",\"inLanguage\":\"en-US\",\"@id\":\"https:\/\/shop.bazarcia.com\/#\/schema\/logo\/image\/\",\"url\":\"https:\/\/shop.bazarcia.com\/wp-content\/uploads\/2024\/02\/cropped-logo_bazarcia.png\",\"contentUrl\":\"https:\/\/shop.bazarcia.com\/wp-content\/uploads\/2024\/02\/cropped-logo_bazarcia.png\",\"width\":150,\"height\":150,\"caption\":\"Bazar & Cia\"},\"image\":{\"@id\":\"https:\/\/shop.bazarcia.com\/#\/schema\/logo\/image\/\"},\"sameAs\":[\"https:\/\/www.facebook.com\/shopbazarcia\",\"https:\/\/www.instagram.com\/shopbazarcia\",\"https:\/\/br.pinterest.com\/suzane_eloise\/\",\"https:\/\/www.youtube.com\/c\/BazardoBordadoMatrizeseProjetos\"]}]}<\/script>\n<!-- \/ Yoast SEO plugin. -->","yoast_head_json":{"title":"Projeto Porta Documentos [Bastidor 16x26 ou maior] + Matrizes de Bordado - \ud835\udc1b\ud835\udc1a\ud835\udc33\ud835\udc1a\ud835\udc2b &amp; \ud835\udc1c\ud835\udc22\ud835\udc1a","robots":{"index":"index","follow":"follow","max-snippet":"max-snippet:-1","max-image-preview":"max-image-preview:large","max-video-preview":"max-video-preview:-1"},"canonical":"https:\/\/shop.bazarcia.com\/en\/product\/kit-safari-pd-matrizes-de-bordado\/","og_locale":"en_US","og_type":"article","og_title":"Projeto Porta Documentos [Bastidor 16x26 ou maior] + Matrizes de Bordado - \ud835\udc1b\ud835\udc1a\ud835\udc33\ud835\udc1a\ud835\udc2b &amp; \ud835\udc1c\ud835\udc22\ud835\udc1a","og_description":"Este \u00e9 um PRODUTO DIGITAL destinado a artes\u00e3s e artes\u00e3os \u2665  Projeto Porta Documentos [Bastidor 16x26 ou maior]  Um tema lindo e um dos preferidos das mam\u00e3es, bichinhos safari!  \u25aa\ufe0f O Porta Documentos [Bastidor 16x26 ou maior] \u00e9 uma pe\u00e7a fundamental no enxoval do beb\u00ea, pois nele a mam\u00e3e guardar\u00e1 todos os documentos importantes. E convenhamos, \u00e9 um luxo que s\u00f3 chegar para uma consulta ao pediatra com uma pe\u00e7a t\u00e3o cheia de carinho como essa n\u00e9?!  \u25aa\ufe0f Este kit de matrizes cont\u00e9m, al\u00e9m das matrizes para o porta documentos , como mostrado na foto [Bastidor 16x26 ou maior], acompanha tamb\u00e9m as matrizes de aplique desse trio fofo de bichinhos separado nos tamanhos de 10x26, 11x28, 12x30 (para bastidores de 20x30 e 13x30 de 2 est\u00e1gios) e 14x36.  IMPORTANTE: O PROJETO PORTA DOCUMENTOS S\u00d3 \u00c9 POSS\u00cdVEL SER FEITO BASTIDOR \u00c0 PARTIR DE 16X26  Mais informa\u00e7\u00f5es abaixo!","og_url":"https:\/\/shop.bazarcia.com\/en\/product\/kit-safari-pd-matrizes-de-bordado\/","og_site_name":"\ud835\udc1b\ud835\udc1a\ud835\udc33\ud835\udc1a\ud835\udc2b &amp; \ud835\udc1c\ud835\udc22\ud835\udc1a","article_publisher":"https:\/\/www.facebook.com\/shopbazarcia","article_modified_time":"2025-07-07T15:59:17+00:00","og_image":[{"width":540,"height":540,"url":"https:\/\/shop.bazarcia.com\/wp-content\/uploads\/2025\/03\/matrizes-de-bordado-safari-porta-documentos-apliques-elefante-macaco-leao-1.jpg","type":"image\/jpeg"}],"twitter_card":"summary_large_image","twitter_misc":{"Est. reading time":"1 minute"},"schema":{"@context":"https:\/\/schema.org","@graph":[{"@type":"WebPage","@id":"https:\/\/shop.bazarcia.com\/produto\/kit-safari-pd-matrizes-de-bordado\/","url":"https:\/\/shop.bazarcia.com\/produto\/kit-safari-pd-matrizes-de-bordado\/","name":"Projeto Porta Documentos [Bastidor 16x26 ou maior] + Matrizes de Bordado - \ud835\udc1b\ud835\udc1a\ud835\udc33\ud835\udc1a\ud835\udc2b &amp; \ud835\udc1c\ud835\udc22\ud835\udc1a","isPartOf":{"@id":"https:\/\/shop.bazarcia.com\/#website"},"primaryImageOfPage":{"@id":"https:\/\/shop.bazarcia.com\/produto\/kit-safari-pd-matrizes-de-bordado\/#primaryimage"},"image":{"@id":"https:\/\/shop.bazarcia.com\/produto\/kit-safari-pd-matrizes-de-bordado\/#primaryimage"},"thumbnailUrl":"https:\/\/shop.bazarcia.com\/wp-content\/uploads\/2025\/03\/matrizes-de-bordado-safari-porta-documentos-apliques-elefante-macaco-leao-1.jpg","datePublished":"2025-03-04T21:03:09+00:00","dateModified":"2025-07-07T15:59:17+00:00","breadcrumb":{"@id":"https:\/\/shop.bazarcia.com\/produto\/kit-safari-pd-matrizes-de-bordado\/#breadcrumb"},"inLanguage":"en-US","potentialAction":[{"@type":"ReadAction","target":["https:\/\/shop.bazarcia.com\/produto\/kit-safari-pd-matrizes-de-bordado\/"]}]},{"@type":"ImageObject","inLanguage":"en-US","@id":"https:\/\/shop.bazarcia.com\/produto\/kit-safari-pd-matrizes-de-bordado\/#primaryimage","url":"https:\/\/shop.bazarcia.com\/wp-content\/uploads\/2025\/03\/matrizes-de-bordado-safari-porta-documentos-apliques-elefante-macaco-leao-1.jpg","contentUrl":"https:\/\/shop.bazarcia.com\/wp-content\/uploads\/2025\/03\/matrizes-de-bordado-safari-porta-documentos-apliques-elefante-macaco-leao-1.jpg","width":540,"height":540},{"@type":"BreadcrumbList","@id":"https:\/\/shop.bazarcia.com\/produto\/kit-safari-pd-matrizes-de-bordado\/#breadcrumb","itemListElement":[{"@type":"ListItem","position":1,"name":"In\u00edcio","item":"https:\/\/shop.bazarcia.com\/"},{"@type":"ListItem","position":2,"name":"Loja","item":"https:\/\/shop.bazarcia.com\/loja\/"},{"@type":"ListItem","position":3,"name":"Projeto Porta Documentos [Bastidor 16&#215;26 ou maior] + Matrizes de Bordado"}]},{"@type":"WebSite","@id":"https:\/\/shop.bazarcia.com\/#website","url":"https:\/\/shop.bazarcia.com\/","name":"Bazar & Cia","description":"criatividade ponto a ponto","publisher":{"@id":"https:\/\/shop.bazarcia.com\/#organization"},"potentialAction":[{"@type":"SearchAction","target":{"@type":"EntryPoint","urlTemplate":"https:\/\/shop.bazarcia.com\/?s={search_term_string}"},"query-input":{"@type":"PropertyValueSpecification","valueRequired":true,"valueName":"search_term_string"}}],"inLanguage":"en-US"},{"@type":"Organization","@id":"https:\/\/shop.bazarcia.com\/#organization","name":"Bazar & Cia","url":"https:\/\/shop.bazarcia.com\/","logo":{"@type":"ImageObject","inLanguage":"en-US","@id":"https:\/\/shop.bazarcia.com\/#\/schema\/logo\/image\/","url":"https:\/\/shop.bazarcia.com\/wp-content\/uploads\/2024\/02\/cropped-logo_bazarcia.png","contentUrl":"https:\/\/shop.bazarcia.com\/wp-content\/uploads\/2024\/02\/cropped-logo_bazarcia.png","width":150,"height":150,"caption":"Bazar & Cia"},"image":{"@id":"https:\/\/shop.bazarcia.com\/#\/schema\/logo\/image\/"},"sameAs":["https:\/\/www.facebook.com\/shopbazarcia","https:\/\/www.instagram.com\/shopbazarcia","https:\/\/br.pinterest.com\/suzane_eloise\/","https:\/\/www.youtube.com\/c\/BazardoBordadoMatrizeseProjetos"]}]}},"_links":{"self":[{"href":"https:\/\/shop.bazarcia.com\/en\/wp-json\/wp\/v2\/product\/315893","targetHints":{"allow":["GET"]}}],"collection":[{"href":"https:\/\/shop.bazarcia.com\/en\/wp-json\/wp\/v2\/product"}],"about":[{"href":"https:\/\/shop.bazarcia.com\/en\/wp-json\/wp\/v2\/types\/product"}],"replies":[{"embeddable":true,"href":"https:\/\/shop.bazarcia.com\/en\/wp-json\/wp\/v2\/comments?post=315893"}],"version-history":[{"count":6,"href":"https:\/\/shop.bazarcia.com\/en\/wp-json\/wp\/v2\/product\/315893\/revisions"}],"predecessor-version":[{"id":325966,"href":"https:\/\/shop.bazarcia.com\/en\/wp-json\/wp\/v2\/product\/315893\/revisions\/325966"}],"wp:featuredmedia":[{"embeddable":true,"href":"https:\/\/shop.bazarcia.com\/en\/wp-json\/wp\/v2\/media\/315894"}],"wp:attachment":[{"href":"https:\/\/shop.bazarcia.com\/en\/wp-json\/wp\/v2\/media?parent=315893"}],"wp:term":[{"taxonomy":"product_brand","embeddable":true,"href":"https:\/\/shop.bazarcia.com\/en\/wp-json\/wp\/v2\/product_brand?post=315893"},{"taxonomy":"product_cat","embeddable":true,"href":"https:\/\/shop.bazarcia.com\/en\/wp-json\/wp\/v2\/product_cat?post=315893"},{"taxonomy":"product_tag","embeddable":true,"href":"https:\/\/shop.bazarcia.com\/en\/wp-json\/wp\/v2\/product_tag?post=315893"}],"curies":[{"name":"wp","href":"https:\/\/api.w.org\/{rel}","templated":true}]}}