{"id":320684,"date":"2025-04-03T23:19:16","date_gmt":"2025-04-04T02:19:16","guid":{"rendered":"https:\/\/shop.bazarcia.com\/?post_type=product&#038;p=320684"},"modified":"2025-04-03T23:31:34","modified_gmt":"2025-04-04T02:31:34","slug":"matriz-de-bordado-mp-alfabeto-barco","status":"publish","type":"product","link":"https:\/\/shop.bazarcia.com\/en\/product\/matriz-de-bordado-mp-alfabeto-barco\/","title":{"rendered":"MATRIZ DE BORDADO &#8211; MP ALFABETO BARCO"},"content":{"rendered":"<p>Aten\u00e7\u00e3o: N\u00e3o \u00e9 recomendado redimensionar os tamanhos das matrizes para n\u00e3o comprometer a qualidade do bordado, por isso N\u00c3O ALTERAMOS O TAMANHO DA MATRIZ!<\/p>\n<p>Este \u00e9 um arquivo digital, n\u00e3o o produto pronto. Voc\u00ea precisar\u00e1 de uma m\u00e1quina de bordar para fazer o bordado da(s) Matriz(es).<\/p>\n<p>*ATEN\u00c7\u00c3O: CASO N\u00c3O ESTEJA DE ACORDO COM AS ESPECIFICA\u00c7\u00d5ES E REGRAS ACIMA CITADAS, N\u00c3O FINALIZE SEU PAGAMENTO.<br \/>\nVERIFIQUE A COMPATIBILIDADE DOS TAMANHOS DISPON\u00cdVEIS DA MATRIZ COM O TAMANHO DO(S) BASTIDOR(ES) DA SUA M\u00c1QUINA DE BORDAR, POIS, AP\u00d3S A ENTREGA N\u00c3O REALIZAMOS TROCAS NEM DEVOLU\u00c7\u00d5ES, POR SE TRATAR DE UM ARQUIVO DIGITAL.<\/p>\n<p>Ap\u00f3s a finaliza\u00e7\u00e3o do pedido e confirma\u00e7\u00e3o do pagamento, acesse sua conta e na aba \u201cDownload\u201d estar\u00e1 dispon\u00edvel o arquivo para voc\u00ea baixar suas matrizes.<\/p>\n<p>Libera\u00e7\u00e3o autom\u00e1tica das matrizes ap\u00f3s a confirma\u00e7\u00e3o do pagamento<\/p>\n<p>Desenvolvidas pela Programadora e Designer: Patr\u00edcia Almeida<\/p>","protected":false},"excerpt":{"rendered":"<p>Este \u00e9 um produto virtual, concebido para os modelos de m\u00e1quinas. Ideal para bordar em diversas pe\u00e7as, toalhinhas, etc. ou bordar em variados tipos de pe\u00e7as.<\/p>\n<p>Produto feito com muito amor e carinho!<\/p>\n<p>TAMANHO: Largura 12CM X 12CM Altura<br \/>\nQUANTIDADE DE PONTOS: 10196<br \/>\nQUANTIDADE DE COR(ES): 6<\/p>\n<p>Dispon\u00edvel nos formatos: PES \/ JEF \/ XXX \/ DST \/ EXP \/ HUS<br \/>\nN\u00c3O ENVIAMOS EMB<\/p>","protected":false},"featured_media":320685,"comment_status":"open","ping_status":"closed","template":"","meta":{"_acf_changed":false,"_joinchat":[]},"product_brand":[],"product_cat":[1050,84],"product_tag":[1915,1914,1170,1431,1433,1280,1091,1092,1090,1430,1432],"class_list":{"0":"post-320684","1":"product","2":"type-product","3":"status-publish","4":"has-post-thumbnail","6":"product_cat-barquinhos","7":"product_cat-matrizes-de-bordado","8":"product_tag-bastidor-bordado","9":"product_tag-bastidor-de-madeira","10":"product_tag-bordado","11":"product_tag-bordado-computadorizado","12":"product_tag-bordado-eletronico","13":"product_tag-bordar","14":"product_tag-brother","15":"product_tag-maquina-de-bordado-brother-bp2150ldv","16":"product_tag-maquina-de-bordar","17":"product_tag-matriz-de-bordado","18":"product_tag-matrizes-de-bordado","20":"first","21":"instock","22":"downloadable","23":"virtual","24":"purchasable","25":"product-type-simple"},"acf":[],"yoast_head":"<!-- This site is optimized with the Yoast SEO plugin v27.2 - https:\/\/yoast.com\/product\/yoast-seo-wordpress\/ -->\n<title>MATRIZ DE BORDADO - MP ALFABETO BARCO - \ud835\udc1b\ud835\udc1a\ud835\udc33\ud835\udc1a\ud835\udc2b &amp; \ud835\udc1c\ud835\udc22\ud835\udc1a<\/title>\n<meta name=\"robots\" content=\"index, follow, max-snippet:-1, max-image-preview:large, max-video-preview:-1\" \/>\n<link rel=\"canonical\" href=\"https:\/\/shop.bazarcia.com\/en\/product\/matriz-de-bordado-mp-alfabeto-barco\/\" \/>\n<meta property=\"og:locale\" content=\"en_US\" \/>\n<meta property=\"og:type\" content=\"article\" \/>\n<meta property=\"og:title\" content=\"MATRIZ DE BORDADO - MP ALFABETO BARCO - \ud835\udc1b\ud835\udc1a\ud835\udc33\ud835\udc1a\ud835\udc2b &amp; \ud835\udc1c\ud835\udc22\ud835\udc1a\" \/>\n<meta property=\"og:description\" content=\"Este \u00e9 um produto virtual, concebido para os modelos de m\u00e1quinas. Ideal para bordar em diversas pe\u00e7as, toalhinhas, etc. ou bordar em variados tipos de pe\u00e7as.  Produto feito com muito amor e carinho!  TAMANHO: Largura 12CM X 12CM Altura QUANTIDADE DE PONTOS: 10196 QUANTIDADE DE COR(ES): 6  Dispon\u00edvel nos formatos: PES \/ JEF \/ XXX \/ DST \/ EXP \/ HUS N\u00c3O ENVIAMOS EMB\" \/>\n<meta property=\"og:url\" content=\"https:\/\/shop.bazarcia.com\/en\/product\/matriz-de-bordado-mp-alfabeto-barco\/\" \/>\n<meta property=\"og:site_name\" content=\"\ud835\udc1b\ud835\udc1a\ud835\udc33\ud835\udc1a\ud835\udc2b &amp; \ud835\udc1c\ud835\udc22\ud835\udc1a\" \/>\n<meta property=\"article:publisher\" content=\"https:\/\/www.facebook.com\/shopbazarcia\" \/>\n<meta property=\"article:modified_time\" content=\"2025-04-04T02:31:34+00:00\" \/>\n<meta property=\"og:image\" content=\"https:\/\/shop.bazarcia.com\/wp-content\/uploads\/2025\/04\/1ED8D0F-mono-a-barco1.jpg\" \/>\n\t<meta property=\"og:image:width\" content=\"580\" \/>\n\t<meta property=\"og:image:height\" content=\"580\" \/>\n\t<meta property=\"og:image:type\" content=\"image\/jpeg\" \/>\n<meta name=\"twitter:card\" content=\"summary_large_image\" \/>\n<meta name=\"twitter:label1\" content=\"Est. reading time\" \/>\n\t<meta name=\"twitter:data1\" content=\"1 minute\" \/>\n<script type=\"application\/ld+json\" class=\"yoast-schema-graph\">{\"@context\":\"https:\/\/schema.org\",\"@graph\":[{\"@type\":\"WebPage\",\"@id\":\"https:\/\/shop.bazarcia.com\/produto\/matriz-de-bordado-mp-alfabeto-barco\/\",\"url\":\"https:\/\/shop.bazarcia.com\/produto\/matriz-de-bordado-mp-alfabeto-barco\/\",\"name\":\"MATRIZ DE BORDADO - MP ALFABETO BARCO - \ud835\udc1b\ud835\udc1a\ud835\udc33\ud835\udc1a\ud835\udc2b &amp; \ud835\udc1c\ud835\udc22\ud835\udc1a\",\"isPartOf\":{\"@id\":\"https:\/\/shop.bazarcia.com\/#website\"},\"primaryImageOfPage\":{\"@id\":\"https:\/\/shop.bazarcia.com\/produto\/matriz-de-bordado-mp-alfabeto-barco\/#primaryimage\"},\"image\":{\"@id\":\"https:\/\/shop.bazarcia.com\/produto\/matriz-de-bordado-mp-alfabeto-barco\/#primaryimage\"},\"thumbnailUrl\":\"https:\/\/shop.bazarcia.com\/wp-content\/uploads\/2025\/04\/1ED8D0F-mono-a-barco1.jpg\",\"datePublished\":\"2025-04-04T02:19:16+00:00\",\"dateModified\":\"2025-04-04T02:31:34+00:00\",\"breadcrumb\":{\"@id\":\"https:\/\/shop.bazarcia.com\/produto\/matriz-de-bordado-mp-alfabeto-barco\/#breadcrumb\"},\"inLanguage\":\"en-US\",\"potentialAction\":[{\"@type\":\"ReadAction\",\"target\":[\"https:\/\/shop.bazarcia.com\/produto\/matriz-de-bordado-mp-alfabeto-barco\/\"]}]},{\"@type\":\"ImageObject\",\"inLanguage\":\"en-US\",\"@id\":\"https:\/\/shop.bazarcia.com\/produto\/matriz-de-bordado-mp-alfabeto-barco\/#primaryimage\",\"url\":\"https:\/\/shop.bazarcia.com\/wp-content\/uploads\/2025\/04\/1ED8D0F-mono-a-barco1.jpg\",\"contentUrl\":\"https:\/\/shop.bazarcia.com\/wp-content\/uploads\/2025\/04\/1ED8D0F-mono-a-barco1.jpg\",\"width\":580,\"height\":580},{\"@type\":\"BreadcrumbList\",\"@id\":\"https:\/\/shop.bazarcia.com\/produto\/matriz-de-bordado-mp-alfabeto-barco\/#breadcrumb\",\"itemListElement\":[{\"@type\":\"ListItem\",\"position\":1,\"name\":\"In\u00edcio\",\"item\":\"https:\/\/shop.bazarcia.com\/\"},{\"@type\":\"ListItem\",\"position\":2,\"name\":\"Loja\",\"item\":\"https:\/\/shop.bazarcia.com\/loja\/\"},{\"@type\":\"ListItem\",\"position\":3,\"name\":\"MATRIZ DE BORDADO &#8211; MP ALFABETO BARCO\"}]},{\"@type\":\"WebSite\",\"@id\":\"https:\/\/shop.bazarcia.com\/#website\",\"url\":\"https:\/\/shop.bazarcia.com\/\",\"name\":\"Bazar & Cia\",\"description\":\"criatividade ponto a ponto\",\"publisher\":{\"@id\":\"https:\/\/shop.bazarcia.com\/#organization\"},\"potentialAction\":[{\"@type\":\"SearchAction\",\"target\":{\"@type\":\"EntryPoint\",\"urlTemplate\":\"https:\/\/shop.bazarcia.com\/?s={search_term_string}\"},\"query-input\":{\"@type\":\"PropertyValueSpecification\",\"valueRequired\":true,\"valueName\":\"search_term_string\"}}],\"inLanguage\":\"en-US\"},{\"@type\":\"Organization\",\"@id\":\"https:\/\/shop.bazarcia.com\/#organization\",\"name\":\"Bazar & Cia\",\"url\":\"https:\/\/shop.bazarcia.com\/\",\"logo\":{\"@type\":\"ImageObject\",\"inLanguage\":\"en-US\",\"@id\":\"https:\/\/shop.bazarcia.com\/#\/schema\/logo\/image\/\",\"url\":\"https:\/\/shop.bazarcia.com\/wp-content\/uploads\/2024\/02\/cropped-logo_bazarcia.png\",\"contentUrl\":\"https:\/\/shop.bazarcia.com\/wp-content\/uploads\/2024\/02\/cropped-logo_bazarcia.png\",\"width\":150,\"height\":150,\"caption\":\"Bazar & Cia\"},\"image\":{\"@id\":\"https:\/\/shop.bazarcia.com\/#\/schema\/logo\/image\/\"},\"sameAs\":[\"https:\/\/www.facebook.com\/shopbazarcia\",\"https:\/\/www.instagram.com\/shopbazarcia\",\"https:\/\/br.pinterest.com\/suzane_eloise\/\",\"https:\/\/www.youtube.com\/c\/BazardoBordadoMatrizeseProjetos\"]}]}<\/script>\n<!-- \/ Yoast SEO plugin. -->","yoast_head_json":{"title":"MATRIZ DE BORDADO - MP ALFABETO BARCO - \ud835\udc1b\ud835\udc1a\ud835\udc33\ud835\udc1a\ud835\udc2b &amp; \ud835\udc1c\ud835\udc22\ud835\udc1a","robots":{"index":"index","follow":"follow","max-snippet":"max-snippet:-1","max-image-preview":"max-image-preview:large","max-video-preview":"max-video-preview:-1"},"canonical":"https:\/\/shop.bazarcia.com\/en\/product\/matriz-de-bordado-mp-alfabeto-barco\/","og_locale":"en_US","og_type":"article","og_title":"MATRIZ DE BORDADO - MP ALFABETO BARCO - \ud835\udc1b\ud835\udc1a\ud835\udc33\ud835\udc1a\ud835\udc2b &amp; \ud835\udc1c\ud835\udc22\ud835\udc1a","og_description":"Este \u00e9 um produto virtual, concebido para os modelos de m\u00e1quinas. Ideal para bordar em diversas pe\u00e7as, toalhinhas, etc. ou bordar em variados tipos de pe\u00e7as.  Produto feito com muito amor e carinho!  TAMANHO: Largura 12CM X 12CM Altura QUANTIDADE DE PONTOS: 10196 QUANTIDADE DE COR(ES): 6  Dispon\u00edvel nos formatos: PES \/ JEF \/ XXX \/ DST \/ EXP \/ HUS N\u00c3O ENVIAMOS EMB","og_url":"https:\/\/shop.bazarcia.com\/en\/product\/matriz-de-bordado-mp-alfabeto-barco\/","og_site_name":"\ud835\udc1b\ud835\udc1a\ud835\udc33\ud835\udc1a\ud835\udc2b &amp; \ud835\udc1c\ud835\udc22\ud835\udc1a","article_publisher":"https:\/\/www.facebook.com\/shopbazarcia","article_modified_time":"2025-04-04T02:31:34+00:00","og_image":[{"width":580,"height":580,"url":"https:\/\/shop.bazarcia.com\/wp-content\/uploads\/2025\/04\/1ED8D0F-mono-a-barco1.jpg","type":"image\/jpeg"}],"twitter_card":"summary_large_image","twitter_misc":{"Est. reading time":"1 minute"},"schema":{"@context":"https:\/\/schema.org","@graph":[{"@type":"WebPage","@id":"https:\/\/shop.bazarcia.com\/produto\/matriz-de-bordado-mp-alfabeto-barco\/","url":"https:\/\/shop.bazarcia.com\/produto\/matriz-de-bordado-mp-alfabeto-barco\/","name":"MATRIZ DE BORDADO - MP ALFABETO BARCO - \ud835\udc1b\ud835\udc1a\ud835\udc33\ud835\udc1a\ud835\udc2b &amp; \ud835\udc1c\ud835\udc22\ud835\udc1a","isPartOf":{"@id":"https:\/\/shop.bazarcia.com\/#website"},"primaryImageOfPage":{"@id":"https:\/\/shop.bazarcia.com\/produto\/matriz-de-bordado-mp-alfabeto-barco\/#primaryimage"},"image":{"@id":"https:\/\/shop.bazarcia.com\/produto\/matriz-de-bordado-mp-alfabeto-barco\/#primaryimage"},"thumbnailUrl":"https:\/\/shop.bazarcia.com\/wp-content\/uploads\/2025\/04\/1ED8D0F-mono-a-barco1.jpg","datePublished":"2025-04-04T02:19:16+00:00","dateModified":"2025-04-04T02:31:34+00:00","breadcrumb":{"@id":"https:\/\/shop.bazarcia.com\/produto\/matriz-de-bordado-mp-alfabeto-barco\/#breadcrumb"},"inLanguage":"en-US","potentialAction":[{"@type":"ReadAction","target":["https:\/\/shop.bazarcia.com\/produto\/matriz-de-bordado-mp-alfabeto-barco\/"]}]},{"@type":"ImageObject","inLanguage":"en-US","@id":"https:\/\/shop.bazarcia.com\/produto\/matriz-de-bordado-mp-alfabeto-barco\/#primaryimage","url":"https:\/\/shop.bazarcia.com\/wp-content\/uploads\/2025\/04\/1ED8D0F-mono-a-barco1.jpg","contentUrl":"https:\/\/shop.bazarcia.com\/wp-content\/uploads\/2025\/04\/1ED8D0F-mono-a-barco1.jpg","width":580,"height":580},{"@type":"BreadcrumbList","@id":"https:\/\/shop.bazarcia.com\/produto\/matriz-de-bordado-mp-alfabeto-barco\/#breadcrumb","itemListElement":[{"@type":"ListItem","position":1,"name":"In\u00edcio","item":"https:\/\/shop.bazarcia.com\/"},{"@type":"ListItem","position":2,"name":"Loja","item":"https:\/\/shop.bazarcia.com\/loja\/"},{"@type":"ListItem","position":3,"name":"MATRIZ DE BORDADO &#8211; MP ALFABETO BARCO"}]},{"@type":"WebSite","@id":"https:\/\/shop.bazarcia.com\/#website","url":"https:\/\/shop.bazarcia.com\/","name":"Bazar & Cia","description":"criatividade ponto a ponto","publisher":{"@id":"https:\/\/shop.bazarcia.com\/#organization"},"potentialAction":[{"@type":"SearchAction","target":{"@type":"EntryPoint","urlTemplate":"https:\/\/shop.bazarcia.com\/?s={search_term_string}"},"query-input":{"@type":"PropertyValueSpecification","valueRequired":true,"valueName":"search_term_string"}}],"inLanguage":"en-US"},{"@type":"Organization","@id":"https:\/\/shop.bazarcia.com\/#organization","name":"Bazar & Cia","url":"https:\/\/shop.bazarcia.com\/","logo":{"@type":"ImageObject","inLanguage":"en-US","@id":"https:\/\/shop.bazarcia.com\/#\/schema\/logo\/image\/","url":"https:\/\/shop.bazarcia.com\/wp-content\/uploads\/2024\/02\/cropped-logo_bazarcia.png","contentUrl":"https:\/\/shop.bazarcia.com\/wp-content\/uploads\/2024\/02\/cropped-logo_bazarcia.png","width":150,"height":150,"caption":"Bazar & Cia"},"image":{"@id":"https:\/\/shop.bazarcia.com\/#\/schema\/logo\/image\/"},"sameAs":["https:\/\/www.facebook.com\/shopbazarcia","https:\/\/www.instagram.com\/shopbazarcia","https:\/\/br.pinterest.com\/suzane_eloise\/","https:\/\/www.youtube.com\/c\/BazardoBordadoMatrizeseProjetos"]}]}},"_links":{"self":[{"href":"https:\/\/shop.bazarcia.com\/en\/wp-json\/wp\/v2\/product\/320684","targetHints":{"allow":["GET"]}}],"collection":[{"href":"https:\/\/shop.bazarcia.com\/en\/wp-json\/wp\/v2\/product"}],"about":[{"href":"https:\/\/shop.bazarcia.com\/en\/wp-json\/wp\/v2\/types\/product"}],"replies":[{"embeddable":true,"href":"https:\/\/shop.bazarcia.com\/en\/wp-json\/wp\/v2\/comments?post=320684"}],"version-history":[{"count":1,"href":"https:\/\/shop.bazarcia.com\/en\/wp-json\/wp\/v2\/product\/320684\/revisions"}],"predecessor-version":[{"id":320691,"href":"https:\/\/shop.bazarcia.com\/en\/wp-json\/wp\/v2\/product\/320684\/revisions\/320691"}],"wp:featuredmedia":[{"embeddable":true,"href":"https:\/\/shop.bazarcia.com\/en\/wp-json\/wp\/v2\/media\/320685"}],"wp:attachment":[{"href":"https:\/\/shop.bazarcia.com\/en\/wp-json\/wp\/v2\/media?parent=320684"}],"wp:term":[{"taxonomy":"product_brand","embeddable":true,"href":"https:\/\/shop.bazarcia.com\/en\/wp-json\/wp\/v2\/product_brand?post=320684"},{"taxonomy":"product_cat","embeddable":true,"href":"https:\/\/shop.bazarcia.com\/en\/wp-json\/wp\/v2\/product_cat?post=320684"},{"taxonomy":"product_tag","embeddable":true,"href":"https:\/\/shop.bazarcia.com\/en\/wp-json\/wp\/v2\/product_tag?post=320684"}],"curies":[{"name":"wp","href":"https:\/\/api.w.org\/{rel}","templated":true}]}}