{"id":323990,"date":"2025-04-30T20:23:18","date_gmt":"2025-04-30T23:23:18","guid":{"rendered":"https:\/\/shop.bazarcia.com\/?post_type=product&#038;p=323990"},"modified":"2026-01-05T14:30:02","modified_gmt":"2026-01-05T17:30:02","slug":"matrizes-de-bordado-espelho-para-necessaire-trapezio-com-matelasse-circular","status":"publish","type":"product","link":"https:\/\/shop.bazarcia.com\/en\/product\/matrizes-de-bordado-espelho-para-necessaire-trapezio-com-matelasse-circular\/","title":{"rendered":"[Matrizes de Bordado] Espelho para Necessaire Trap\u00e9zio com Matelasse Circular"},"content":{"rendered":"<p>Fa\u00e7a lindas Necessaires Trap\u00e9zio com uma ou duas estampas. Projeto misto Bordadeira + M\u00e1quina de Costura.<\/p>\n<p>Matrizes para bastidores a partir de 13&#215;18(Brother) e 20&#215;20(Janome). O tamanho maior para bastidor 16&#215;26(Brother) e 20&#215;24(Janome).<\/p>\n<p>Este \u00e9 um produto DIGITAL e os arquivos estar\u00e3o dispon\u00edveis para download aqui mesmo na sua conta ap\u00f3s confirma\u00e7\u00e3o do pagamento.<\/p>\n<p>Os arquivos est\u00e3o em pasta compactada (ZIP), sendo necess\u00e1rio descompact\u00e1-la.<\/p>\n<p>Os mesmos s\u00e3o compat\u00edveis com v\u00e1rios tipos e modelos de m\u00e1quinas, com os seguintes formatos: DST \u2013 EXP \u2013 HUS \u2013 JEF \u2013 PES \u2013 XXX<\/p>","protected":false},"excerpt":{"rendered":"<p>Fa\u00e7a lindas Necessaires Trap\u00e9zio em dois tamanhos diferentes, usando uma ou duas estampas, ou a combina\u00e7\u00e3o que a sua imagina\u00e7\u00e3o permitir.<br \/>\nMatrizes para bastidores a partir de 13&#215;18(Brother) e 20&#215;20(Janome). O tamanho maior para bastidor 16&#215;26(Brother) e 20&#215;24(Janome).<br \/>\nProjeto misto Bordadeira + M\u00e1quina de Costura.<br \/>\nArrasta para o lado para conferir mais ideias.<br \/>\nPES \u2013 JEF\u2013 DST \u2013 XXX \u2013 EXP \u2013 HUS<\/p>","protected":false},"featured_media":323991,"comment_status":"open","ping_status":"closed","template":"","meta":{"_acf_changed":false,"_joinchat":[]},"product_brand":[],"product_cat":[98,1839,171],"product_tag":[1431,1433,1430,1432],"class_list":{"0":"post-323990","1":"product","2":"type-product","3":"status-publish","4":"has-post-thumbnail","6":"product_cat-projetos-na-bordadeira-in-the-hoop-embroidery","7":"product_cat-matelasse-na-bordadeira-ith","8":"product_cat-projeto-necessaire-na-bordadeira","9":"product_tag-bordado-computadorizado","10":"product_tag-bordado-eletronico","11":"product_tag-matriz-de-bordado","12":"product_tag-matrizes-de-bordado","14":"first","15":"instock","16":"downloadable","17":"virtual","18":"purchasable","19":"product-type-simple"},"acf":[],"yoast_head":"<!-- This site is optimized with the Yoast SEO plugin v27.2 - https:\/\/yoast.com\/product\/yoast-seo-wordpress\/ -->\n<title>[Matrizes de Bordado] Espelho para Necessaire Trap\u00e9zio com Matelasse Circular - \ud835\udc1b\ud835\udc1a\ud835\udc33\ud835\udc1a\ud835\udc2b &amp; \ud835\udc1c\ud835\udc22\ud835\udc1a<\/title>\n<meta name=\"robots\" content=\"index, follow, max-snippet:-1, max-image-preview:large, max-video-preview:-1\" \/>\n<link rel=\"canonical\" href=\"https:\/\/shop.bazarcia.com\/en\/product\/matrizes-de-bordado-espelho-para-necessaire-trapezio-com-matelasse-circular\/\" \/>\n<meta property=\"og:locale\" content=\"en_US\" \/>\n<meta property=\"og:type\" content=\"article\" \/>\n<meta property=\"og:title\" content=\"[Matrizes de Bordado] Espelho para Necessaire Trap\u00e9zio com Matelasse Circular - \ud835\udc1b\ud835\udc1a\ud835\udc33\ud835\udc1a\ud835\udc2b &amp; \ud835\udc1c\ud835\udc22\ud835\udc1a\" \/>\n<meta property=\"og:description\" content=\"Fa\u00e7a lindas Necessaires Trap\u00e9zio em dois tamanhos diferentes, usando uma ou duas estampas, ou a combina\u00e7\u00e3o que a sua imagina\u00e7\u00e3o permitir. Matrizes para bastidores a partir de 13x18(Brother) e 20x20(Janome). O tamanho maior para bastidor 16x26(Brother) e 20x24(Janome). Projeto misto Bordadeira + M\u00e1quina de Costura. Arrasta para o lado para conferir mais ideias. PES \u2013 JEF\u2013 DST \u2013 XXX \u2013 EXP \u2013 HUS\" \/>\n<meta property=\"og:url\" content=\"https:\/\/shop.bazarcia.com\/en\/product\/matrizes-de-bordado-espelho-para-necessaire-trapezio-com-matelasse-circular\/\" \/>\n<meta property=\"og:site_name\" content=\"\ud835\udc1b\ud835\udc1a\ud835\udc33\ud835\udc1a\ud835\udc2b &amp; \ud835\udc1c\ud835\udc22\ud835\udc1a\" \/>\n<meta property=\"article:publisher\" content=\"https:\/\/www.facebook.com\/shopbazarcia\" \/>\n<meta property=\"article:modified_time\" content=\"2026-01-05T17:30:02+00:00\" \/>\n<meta property=\"og:image\" content=\"https:\/\/shop.bazarcia.com\/wp-content\/uploads\/2025\/04\/Imagem-para-Bazar-1-2.jpg\" \/>\n\t<meta property=\"og:image:width\" content=\"1080\" \/>\n\t<meta property=\"og:image:height\" content=\"1080\" \/>\n\t<meta property=\"og:image:type\" content=\"image\/jpeg\" \/>\n<meta name=\"twitter:card\" content=\"summary_large_image\" \/>\n<meta name=\"twitter:label1\" content=\"Est. reading time\" \/>\n\t<meta name=\"twitter:data1\" content=\"1 minute\" \/>\n<script type=\"application\/ld+json\" class=\"yoast-schema-graph\">{\"@context\":\"https:\/\/schema.org\",\"@graph\":[{\"@type\":\"WebPage\",\"@id\":\"https:\/\/shop.bazarcia.com\/produto\/matrizes-de-bordado-espelho-para-necessaire-trapezio-com-matelasse-circular\/\",\"url\":\"https:\/\/shop.bazarcia.com\/produto\/matrizes-de-bordado-espelho-para-necessaire-trapezio-com-matelasse-circular\/\",\"name\":\"[Matrizes de Bordado] Espelho para Necessaire Trap\u00e9zio com Matelasse Circular - \ud835\udc1b\ud835\udc1a\ud835\udc33\ud835\udc1a\ud835\udc2b &amp; \ud835\udc1c\ud835\udc22\ud835\udc1a\",\"isPartOf\":{\"@id\":\"https:\/\/shop.bazarcia.com\/#website\"},\"primaryImageOfPage\":{\"@id\":\"https:\/\/shop.bazarcia.com\/produto\/matrizes-de-bordado-espelho-para-necessaire-trapezio-com-matelasse-circular\/#primaryimage\"},\"image\":{\"@id\":\"https:\/\/shop.bazarcia.com\/produto\/matrizes-de-bordado-espelho-para-necessaire-trapezio-com-matelasse-circular\/#primaryimage\"},\"thumbnailUrl\":\"https:\/\/shop.bazarcia.com\/wp-content\/uploads\/2025\/04\/Imagem-para-Bazar-1-2.jpg\",\"datePublished\":\"2025-04-30T23:23:18+00:00\",\"dateModified\":\"2026-01-05T17:30:02+00:00\",\"breadcrumb\":{\"@id\":\"https:\/\/shop.bazarcia.com\/produto\/matrizes-de-bordado-espelho-para-necessaire-trapezio-com-matelasse-circular\/#breadcrumb\"},\"inLanguage\":\"en-US\",\"potentialAction\":[{\"@type\":\"ReadAction\",\"target\":[\"https:\/\/shop.bazarcia.com\/produto\/matrizes-de-bordado-espelho-para-necessaire-trapezio-com-matelasse-circular\/\"]}]},{\"@type\":\"ImageObject\",\"inLanguage\":\"en-US\",\"@id\":\"https:\/\/shop.bazarcia.com\/produto\/matrizes-de-bordado-espelho-para-necessaire-trapezio-com-matelasse-circular\/#primaryimage\",\"url\":\"https:\/\/shop.bazarcia.com\/wp-content\/uploads\/2025\/04\/Imagem-para-Bazar-1-2.jpg\",\"contentUrl\":\"https:\/\/shop.bazarcia.com\/wp-content\/uploads\/2025\/04\/Imagem-para-Bazar-1-2.jpg\",\"width\":1080,\"height\":1080},{\"@type\":\"BreadcrumbList\",\"@id\":\"https:\/\/shop.bazarcia.com\/produto\/matrizes-de-bordado-espelho-para-necessaire-trapezio-com-matelasse-circular\/#breadcrumb\",\"itemListElement\":[{\"@type\":\"ListItem\",\"position\":1,\"name\":\"In\u00edcio\",\"item\":\"https:\/\/shop.bazarcia.com\/\"},{\"@type\":\"ListItem\",\"position\":2,\"name\":\"Loja\",\"item\":\"https:\/\/shop.bazarcia.com\/loja\/\"},{\"@type\":\"ListItem\",\"position\":3,\"name\":\"[Matrizes de Bordado] Espelho para Necessaire Trap\u00e9zio com Matelasse Circular\"}]},{\"@type\":\"WebSite\",\"@id\":\"https:\/\/shop.bazarcia.com\/#website\",\"url\":\"https:\/\/shop.bazarcia.com\/\",\"name\":\"Bazar & Cia\",\"description\":\"criatividade ponto a ponto\",\"publisher\":{\"@id\":\"https:\/\/shop.bazarcia.com\/#organization\"},\"potentialAction\":[{\"@type\":\"SearchAction\",\"target\":{\"@type\":\"EntryPoint\",\"urlTemplate\":\"https:\/\/shop.bazarcia.com\/?s={search_term_string}\"},\"query-input\":{\"@type\":\"PropertyValueSpecification\",\"valueRequired\":true,\"valueName\":\"search_term_string\"}}],\"inLanguage\":\"en-US\"},{\"@type\":\"Organization\",\"@id\":\"https:\/\/shop.bazarcia.com\/#organization\",\"name\":\"Bazar & Cia\",\"url\":\"https:\/\/shop.bazarcia.com\/\",\"logo\":{\"@type\":\"ImageObject\",\"inLanguage\":\"en-US\",\"@id\":\"https:\/\/shop.bazarcia.com\/#\/schema\/logo\/image\/\",\"url\":\"https:\/\/shop.bazarcia.com\/wp-content\/uploads\/2024\/02\/cropped-logo_bazarcia.png\",\"contentUrl\":\"https:\/\/shop.bazarcia.com\/wp-content\/uploads\/2024\/02\/cropped-logo_bazarcia.png\",\"width\":150,\"height\":150,\"caption\":\"Bazar & Cia\"},\"image\":{\"@id\":\"https:\/\/shop.bazarcia.com\/#\/schema\/logo\/image\/\"},\"sameAs\":[\"https:\/\/www.facebook.com\/shopbazarcia\",\"https:\/\/www.instagram.com\/shopbazarcia\",\"https:\/\/br.pinterest.com\/suzane_eloise\/\",\"https:\/\/www.youtube.com\/c\/BazardoBordadoMatrizeseProjetos\"]}]}<\/script>\n<!-- \/ Yoast SEO plugin. -->","yoast_head_json":{"title":"[Matrizes de Bordado] Espelho para Necessaire Trap\u00e9zio com Matelasse Circular - \ud835\udc1b\ud835\udc1a\ud835\udc33\ud835\udc1a\ud835\udc2b &amp; \ud835\udc1c\ud835\udc22\ud835\udc1a","robots":{"index":"index","follow":"follow","max-snippet":"max-snippet:-1","max-image-preview":"max-image-preview:large","max-video-preview":"max-video-preview:-1"},"canonical":"https:\/\/shop.bazarcia.com\/en\/product\/matrizes-de-bordado-espelho-para-necessaire-trapezio-com-matelasse-circular\/","og_locale":"en_US","og_type":"article","og_title":"[Matrizes de Bordado] Espelho para Necessaire Trap\u00e9zio com Matelasse Circular - \ud835\udc1b\ud835\udc1a\ud835\udc33\ud835\udc1a\ud835\udc2b &amp; \ud835\udc1c\ud835\udc22\ud835\udc1a","og_description":"Fa\u00e7a lindas Necessaires Trap\u00e9zio em dois tamanhos diferentes, usando uma ou duas estampas, ou a combina\u00e7\u00e3o que a sua imagina\u00e7\u00e3o permitir. Matrizes para bastidores a partir de 13x18(Brother) e 20x20(Janome). O tamanho maior para bastidor 16x26(Brother) e 20x24(Janome). Projeto misto Bordadeira + M\u00e1quina de Costura. Arrasta para o lado para conferir mais ideias. PES \u2013 JEF\u2013 DST \u2013 XXX \u2013 EXP \u2013 HUS","og_url":"https:\/\/shop.bazarcia.com\/en\/product\/matrizes-de-bordado-espelho-para-necessaire-trapezio-com-matelasse-circular\/","og_site_name":"\ud835\udc1b\ud835\udc1a\ud835\udc33\ud835\udc1a\ud835\udc2b &amp; \ud835\udc1c\ud835\udc22\ud835\udc1a","article_publisher":"https:\/\/www.facebook.com\/shopbazarcia","article_modified_time":"2026-01-05T17:30:02+00:00","og_image":[{"width":1080,"height":1080,"url":"https:\/\/shop.bazarcia.com\/wp-content\/uploads\/2025\/04\/Imagem-para-Bazar-1-2.jpg","type":"image\/jpeg"}],"twitter_card":"summary_large_image","twitter_misc":{"Est. reading time":"1 minute"},"schema":{"@context":"https:\/\/schema.org","@graph":[{"@type":"WebPage","@id":"https:\/\/shop.bazarcia.com\/produto\/matrizes-de-bordado-espelho-para-necessaire-trapezio-com-matelasse-circular\/","url":"https:\/\/shop.bazarcia.com\/produto\/matrizes-de-bordado-espelho-para-necessaire-trapezio-com-matelasse-circular\/","name":"[Matrizes de Bordado] Espelho para Necessaire Trap\u00e9zio com Matelasse Circular - \ud835\udc1b\ud835\udc1a\ud835\udc33\ud835\udc1a\ud835\udc2b &amp; \ud835\udc1c\ud835\udc22\ud835\udc1a","isPartOf":{"@id":"https:\/\/shop.bazarcia.com\/#website"},"primaryImageOfPage":{"@id":"https:\/\/shop.bazarcia.com\/produto\/matrizes-de-bordado-espelho-para-necessaire-trapezio-com-matelasse-circular\/#primaryimage"},"image":{"@id":"https:\/\/shop.bazarcia.com\/produto\/matrizes-de-bordado-espelho-para-necessaire-trapezio-com-matelasse-circular\/#primaryimage"},"thumbnailUrl":"https:\/\/shop.bazarcia.com\/wp-content\/uploads\/2025\/04\/Imagem-para-Bazar-1-2.jpg","datePublished":"2025-04-30T23:23:18+00:00","dateModified":"2026-01-05T17:30:02+00:00","breadcrumb":{"@id":"https:\/\/shop.bazarcia.com\/produto\/matrizes-de-bordado-espelho-para-necessaire-trapezio-com-matelasse-circular\/#breadcrumb"},"inLanguage":"en-US","potentialAction":[{"@type":"ReadAction","target":["https:\/\/shop.bazarcia.com\/produto\/matrizes-de-bordado-espelho-para-necessaire-trapezio-com-matelasse-circular\/"]}]},{"@type":"ImageObject","inLanguage":"en-US","@id":"https:\/\/shop.bazarcia.com\/produto\/matrizes-de-bordado-espelho-para-necessaire-trapezio-com-matelasse-circular\/#primaryimage","url":"https:\/\/shop.bazarcia.com\/wp-content\/uploads\/2025\/04\/Imagem-para-Bazar-1-2.jpg","contentUrl":"https:\/\/shop.bazarcia.com\/wp-content\/uploads\/2025\/04\/Imagem-para-Bazar-1-2.jpg","width":1080,"height":1080},{"@type":"BreadcrumbList","@id":"https:\/\/shop.bazarcia.com\/produto\/matrizes-de-bordado-espelho-para-necessaire-trapezio-com-matelasse-circular\/#breadcrumb","itemListElement":[{"@type":"ListItem","position":1,"name":"In\u00edcio","item":"https:\/\/shop.bazarcia.com\/"},{"@type":"ListItem","position":2,"name":"Loja","item":"https:\/\/shop.bazarcia.com\/loja\/"},{"@type":"ListItem","position":3,"name":"[Matrizes de Bordado] Espelho para Necessaire Trap\u00e9zio com Matelasse Circular"}]},{"@type":"WebSite","@id":"https:\/\/shop.bazarcia.com\/#website","url":"https:\/\/shop.bazarcia.com\/","name":"Bazar & Cia","description":"criatividade ponto a ponto","publisher":{"@id":"https:\/\/shop.bazarcia.com\/#organization"},"potentialAction":[{"@type":"SearchAction","target":{"@type":"EntryPoint","urlTemplate":"https:\/\/shop.bazarcia.com\/?s={search_term_string}"},"query-input":{"@type":"PropertyValueSpecification","valueRequired":true,"valueName":"search_term_string"}}],"inLanguage":"en-US"},{"@type":"Organization","@id":"https:\/\/shop.bazarcia.com\/#organization","name":"Bazar & Cia","url":"https:\/\/shop.bazarcia.com\/","logo":{"@type":"ImageObject","inLanguage":"en-US","@id":"https:\/\/shop.bazarcia.com\/#\/schema\/logo\/image\/","url":"https:\/\/shop.bazarcia.com\/wp-content\/uploads\/2024\/02\/cropped-logo_bazarcia.png","contentUrl":"https:\/\/shop.bazarcia.com\/wp-content\/uploads\/2024\/02\/cropped-logo_bazarcia.png","width":150,"height":150,"caption":"Bazar & Cia"},"image":{"@id":"https:\/\/shop.bazarcia.com\/#\/schema\/logo\/image\/"},"sameAs":["https:\/\/www.facebook.com\/shopbazarcia","https:\/\/www.instagram.com\/shopbazarcia","https:\/\/br.pinterest.com\/suzane_eloise\/","https:\/\/www.youtube.com\/c\/BazardoBordadoMatrizeseProjetos"]}]}},"_links":{"self":[{"href":"https:\/\/shop.bazarcia.com\/en\/wp-json\/wp\/v2\/product\/323990","targetHints":{"allow":["GET"]}}],"collection":[{"href":"https:\/\/shop.bazarcia.com\/en\/wp-json\/wp\/v2\/product"}],"about":[{"href":"https:\/\/shop.bazarcia.com\/en\/wp-json\/wp\/v2\/types\/product"}],"replies":[{"embeddable":true,"href":"https:\/\/shop.bazarcia.com\/en\/wp-json\/wp\/v2\/comments?post=323990"}],"version-history":[{"count":2,"href":"https:\/\/shop.bazarcia.com\/en\/wp-json\/wp\/v2\/product\/323990\/revisions"}],"predecessor-version":[{"id":361953,"href":"https:\/\/shop.bazarcia.com\/en\/wp-json\/wp\/v2\/product\/323990\/revisions\/361953"}],"wp:featuredmedia":[{"embeddable":true,"href":"https:\/\/shop.bazarcia.com\/en\/wp-json\/wp\/v2\/media\/323991"}],"wp:attachment":[{"href":"https:\/\/shop.bazarcia.com\/en\/wp-json\/wp\/v2\/media?parent=323990"}],"wp:term":[{"taxonomy":"product_brand","embeddable":true,"href":"https:\/\/shop.bazarcia.com\/en\/wp-json\/wp\/v2\/product_brand?post=323990"},{"taxonomy":"product_cat","embeddable":true,"href":"https:\/\/shop.bazarcia.com\/en\/wp-json\/wp\/v2\/product_cat?post=323990"},{"taxonomy":"product_tag","embeddable":true,"href":"https:\/\/shop.bazarcia.com\/en\/wp-json\/wp\/v2\/product_tag?post=323990"}],"curies":[{"name":"wp","href":"https:\/\/api.w.org\/{rel}","templated":true}]}}