{"id":325896,"date":"2025-05-18T17:34:29","date_gmt":"2025-05-18T20:34:29","guid":{"rendered":"https:\/\/shop.bazarcia.com\/?post_type=product&#038;p=325896"},"modified":"2025-05-18T17:39:18","modified_gmt":"2025-05-18T20:39:18","slug":"gravatinhas-juninas-3d","status":"publish","type":"product","link":"https:\/\/shop.bazarcia.com\/en\/product\/gravatinhas-juninas-3d\/","title":{"rendered":"Gravatinhas Juninas 3D"},"content":{"rendered":"<p>GRAVATINHAS JUNINAS 3D.<\/p>\n<p>Projetinho de bordado para confec\u00e7\u00e3o de gravatinhas juninas totalmente na bordadeira.<br \/>\nPrender a entretela no bastidor. Recortar o tecido principal (tricoline, algod\u00e3o cru, chita, feltro\u2026) um pouquinho maior que o tamanho da matriz e posicionar ao centro no bastidor.<br \/>\nA primeira linha prende o tecido.<br \/>\nSeguir bordando e, antes de bordar o contorno em corrida tripla, colocar por baixo do bastidor o tecido de forro com o avesso em contato com o bastidor.<br \/>\nBordar at\u00e9 o final e recortar pr\u00f3ximo ao bordado e dentro da pe\u00e7a tamb\u00e9m, nos dois locais na parte de cima onde vai passar a fita de prender a gravata na crian\u00e7a.<br \/>\nTamanhos 15, 18 e 25 cm.<\/p>\n<p>PARA COMPOR TRAJES JUNINOS OU USO EM PET.<\/p>\n<p>V\u00cdDEO DO PASSO A PASSO:<\/p>\n<p><a href=\"https:\/\/youtu.be\/m4VjbTm4Kc0?si=BheXGrK7GC2I4zAC\">https:\/\/youtu.be\/m4VjbTm4Kc0?si=BheXGrK7GC2I4zAC<\/a><\/p>\n<p>&nbsp;<\/p>\n<p>Os arquivos ficam dispon\u00edveis para download logo ap\u00f3s o pagamento.<\/p>\n<p>Os arquivos encontram-se em pasta compactada (ZIP), sendo necess\u00e1rio descompactar.<\/p>\n<p>&nbsp;<\/p>\n<p>Os mesmos s\u00e3o compat\u00edveis com v\u00e1rios tipos e modelos de m\u00e1quinas, com os seguintes formatos:<\/p>\n<p>&nbsp;<\/p>\n<p>PES \u2013 JEF \u2013 EXP \u2013 DST &#8211; XXX<\/p>","protected":false},"excerpt":{"rendered":"<p>GRAVATINHAS JUNINAS 3D.<\/p>\n<p>Projetinho de bordado para confec\u00e7\u00e3o de gravatinhas juninas totalmente na bordadeira.<br \/>\nPrender a entretela no bastidor. Recortar o tecido principal (tricoline, algod\u00e3o cru, chita, feltro\u2026) um pouquinho maior que o tamanho da matriz e posicionar ao centro no bastidor.<br \/>\nA primeira linha prende o tecido.<br \/>\nSeguir bordando e, antes de bordar o contorno em corrida tripla, colocar por baixo do bastidor o tecido de forro com o avesso em contato com o bastidor.<br \/>\nBordar at\u00e9 o final e recortar pr\u00f3ximo ao bordado e dentro da pe\u00e7a tamb\u00e9m, nos dois locais na parte de cima onde vai passar a fita de prender a gravata na crian\u00e7a.<br \/>\nTamanhos 15, 18 e 25 cm.<\/p>\n<p>PARA COMPOR TRAJES JUNINOS OU USO EM PET.<\/p>\n<p>V\u00cdDEO DO PASSO A PASSO:<\/p>\n<p><a href=\"https:\/\/youtu.be\/m4VjbTm4Kc0?si=BheXGrK7GC2I4zAC\">https:\/\/youtu.be\/m4VjbTm4Kc0?si=BheXGrK7GC2I4zAC<\/a><\/p>\n<p>&nbsp;<\/p>\n<p>Os arquivos ficam dispon\u00edveis para download logo ap\u00f3s o pagamento.<\/p>\n<p>Os arquivos encontram-se em pasta compactada (ZIP), sendo necess\u00e1rio descompactar.<\/p>\n<p>&nbsp;<\/p>\n<p>Os mesmos s\u00e3o compat\u00edveis com v\u00e1rios tipos e modelos de m\u00e1quinas, com os seguintes formatos:<\/p>\n<p>&nbsp;<\/p>\n<p>PES \u2013 JEF \u2013 EXP \u2013 DST &#8211; XXX<\/p>","protected":false},"featured_media":325897,"comment_status":"open","ping_status":"closed","template":"","meta":{"_acf_changed":false,"_joinchat":[]},"product_brand":[],"product_cat":[1648,98],"product_tag":[],"class_list":{"0":"post-325896","1":"product","2":"type-product","3":"status-publish","4":"has-post-thumbnail","6":"product_cat-projetos-em-etapas-na-bordadeira-ith","7":"product_cat-projetos-na-bordadeira-in-the-hoop-embroidery","9":"first","10":"instock","11":"downloadable","12":"virtual","13":"purchasable","14":"product-type-simple"},"acf":[],"yoast_head":"<!-- This site is optimized with the Yoast SEO plugin v27.2 - https:\/\/yoast.com\/product\/yoast-seo-wordpress\/ -->\n<title>Gravatinhas Juninas 3D - \ud835\udc1b\ud835\udc1a\ud835\udc33\ud835\udc1a\ud835\udc2b &amp; \ud835\udc1c\ud835\udc22\ud835\udc1a<\/title>\n<meta name=\"robots\" content=\"index, follow, max-snippet:-1, max-image-preview:large, max-video-preview:-1\" \/>\n<link rel=\"canonical\" href=\"https:\/\/shop.bazarcia.com\/en\/product\/gravatinhas-juninas-3d\/\" \/>\n<meta property=\"og:locale\" content=\"en_US\" \/>\n<meta property=\"og:type\" content=\"article\" \/>\n<meta property=\"og:title\" content=\"Gravatinhas Juninas 3D - \ud835\udc1b\ud835\udc1a\ud835\udc33\ud835\udc1a\ud835\udc2b &amp; \ud835\udc1c\ud835\udc22\ud835\udc1a\" \/>\n<meta property=\"og:description\" content=\"GRAVATINHAS JUNINAS 3D.  Projetinho de bordado para confec\u00e7\u00e3o de gravatinhas juninas totalmente na bordadeira. Prender a entretela no bastidor. Recortar o tecido principal (tricoline, algod\u00e3o cru, chita, feltro\u2026) um pouquinho maior que o tamanho da matriz e posicionar ao centro no bastidor. A primeira linha prende o tecido. Seguir bordando e, antes de bordar o contorno em corrida tripla, colocar por baixo do bastidor o tecido de forro com o avesso em contato com o bastidor. Bordar at\u00e9 o final e recortar pr\u00f3ximo ao bordado e dentro da pe\u00e7a tamb\u00e9m, nos dois locais na parte de cima onde vai passar a fita de prender a gravata na crian\u00e7a. Tamanhos 15, 18 e 25 cm.  PARA COMPOR TRAJES JUNINOS OU USO EM PET.  V\u00cdDEO DO PASSO A PASSO:  https:\/\/youtu.be\/m4VjbTm4Kc0?si=BheXGrK7GC2I4zAC  &nbsp;  Os arquivos ficam dispon\u00edveis para download logo ap\u00f3s o pagamento.  Os arquivos encontram-se em pasta compactada (ZIP), sendo necess\u00e1rio descompactar.  &nbsp;  Os mesmos s\u00e3o compat\u00edveis com v\u00e1rios tipos e modelos de m\u00e1quinas, com os seguintes formatos:  &nbsp;  PES \u2013 JEF \u2013 EXP \u2013 DST - XXX\" \/>\n<meta property=\"og:url\" content=\"https:\/\/shop.bazarcia.com\/en\/product\/gravatinhas-juninas-3d\/\" \/>\n<meta property=\"og:site_name\" content=\"\ud835\udc1b\ud835\udc1a\ud835\udc33\ud835\udc1a\ud835\udc2b &amp; \ud835\udc1c\ud835\udc22\ud835\udc1a\" \/>\n<meta property=\"article:publisher\" content=\"https:\/\/www.facebook.com\/shopbazarcia\" \/>\n<meta property=\"article:modified_time\" content=\"2025-05-18T20:39:18+00:00\" \/>\n<meta property=\"og:image\" content=\"https:\/\/shop.bazarcia.com\/wp-content\/uploads\/2025\/05\/GRAVATAS-JUNINAS-3D.jpg\" \/>\n\t<meta property=\"og:image:width\" content=\"1350\" \/>\n\t<meta property=\"og:image:height\" content=\"1350\" \/>\n\t<meta property=\"og:image:type\" content=\"image\/jpeg\" \/>\n<meta name=\"twitter:card\" content=\"summary_large_image\" \/>\n<meta name=\"twitter:label1\" content=\"Est. reading time\" \/>\n\t<meta name=\"twitter:data1\" content=\"1 minute\" \/>\n<script type=\"application\/ld+json\" class=\"yoast-schema-graph\">{\"@context\":\"https:\/\/schema.org\",\"@graph\":[{\"@type\":\"WebPage\",\"@id\":\"https:\/\/shop.bazarcia.com\/produto\/gravatinhas-juninas-3d\/\",\"url\":\"https:\/\/shop.bazarcia.com\/produto\/gravatinhas-juninas-3d\/\",\"name\":\"Gravatinhas Juninas 3D - \ud835\udc1b\ud835\udc1a\ud835\udc33\ud835\udc1a\ud835\udc2b &amp; \ud835\udc1c\ud835\udc22\ud835\udc1a\",\"isPartOf\":{\"@id\":\"https:\/\/shop.bazarcia.com\/#website\"},\"primaryImageOfPage\":{\"@id\":\"https:\/\/shop.bazarcia.com\/produto\/gravatinhas-juninas-3d\/#primaryimage\"},\"image\":{\"@id\":\"https:\/\/shop.bazarcia.com\/produto\/gravatinhas-juninas-3d\/#primaryimage\"},\"thumbnailUrl\":\"https:\/\/shop.bazarcia.com\/wp-content\/uploads\/2025\/05\/GRAVATAS-JUNINAS-3D.jpg\",\"datePublished\":\"2025-05-18T20:34:29+00:00\",\"dateModified\":\"2025-05-18T20:39:18+00:00\",\"breadcrumb\":{\"@id\":\"https:\/\/shop.bazarcia.com\/produto\/gravatinhas-juninas-3d\/#breadcrumb\"},\"inLanguage\":\"en-US\",\"potentialAction\":[{\"@type\":\"ReadAction\",\"target\":[\"https:\/\/shop.bazarcia.com\/produto\/gravatinhas-juninas-3d\/\"]}]},{\"@type\":\"ImageObject\",\"inLanguage\":\"en-US\",\"@id\":\"https:\/\/shop.bazarcia.com\/produto\/gravatinhas-juninas-3d\/#primaryimage\",\"url\":\"https:\/\/shop.bazarcia.com\/wp-content\/uploads\/2025\/05\/GRAVATAS-JUNINAS-3D.jpg\",\"contentUrl\":\"https:\/\/shop.bazarcia.com\/wp-content\/uploads\/2025\/05\/GRAVATAS-JUNINAS-3D.jpg\",\"width\":1350,\"height\":1350},{\"@type\":\"BreadcrumbList\",\"@id\":\"https:\/\/shop.bazarcia.com\/produto\/gravatinhas-juninas-3d\/#breadcrumb\",\"itemListElement\":[{\"@type\":\"ListItem\",\"position\":1,\"name\":\"In\u00edcio\",\"item\":\"https:\/\/shop.bazarcia.com\/\"},{\"@type\":\"ListItem\",\"position\":2,\"name\":\"Loja\",\"item\":\"https:\/\/shop.bazarcia.com\/loja\/\"},{\"@type\":\"ListItem\",\"position\":3,\"name\":\"Gravatinhas Juninas 3D\"}]},{\"@type\":\"WebSite\",\"@id\":\"https:\/\/shop.bazarcia.com\/#website\",\"url\":\"https:\/\/shop.bazarcia.com\/\",\"name\":\"Bazar & Cia\",\"description\":\"criatividade ponto a ponto\",\"publisher\":{\"@id\":\"https:\/\/shop.bazarcia.com\/#organization\"},\"potentialAction\":[{\"@type\":\"SearchAction\",\"target\":{\"@type\":\"EntryPoint\",\"urlTemplate\":\"https:\/\/shop.bazarcia.com\/?s={search_term_string}\"},\"query-input\":{\"@type\":\"PropertyValueSpecification\",\"valueRequired\":true,\"valueName\":\"search_term_string\"}}],\"inLanguage\":\"en-US\"},{\"@type\":\"Organization\",\"@id\":\"https:\/\/shop.bazarcia.com\/#organization\",\"name\":\"Bazar & Cia\",\"url\":\"https:\/\/shop.bazarcia.com\/\",\"logo\":{\"@type\":\"ImageObject\",\"inLanguage\":\"en-US\",\"@id\":\"https:\/\/shop.bazarcia.com\/#\/schema\/logo\/image\/\",\"url\":\"https:\/\/shop.bazarcia.com\/wp-content\/uploads\/2024\/02\/cropped-logo_bazarcia.png\",\"contentUrl\":\"https:\/\/shop.bazarcia.com\/wp-content\/uploads\/2024\/02\/cropped-logo_bazarcia.png\",\"width\":150,\"height\":150,\"caption\":\"Bazar & Cia\"},\"image\":{\"@id\":\"https:\/\/shop.bazarcia.com\/#\/schema\/logo\/image\/\"},\"sameAs\":[\"https:\/\/www.facebook.com\/shopbazarcia\",\"https:\/\/www.instagram.com\/shopbazarcia\",\"https:\/\/br.pinterest.com\/suzane_eloise\/\",\"https:\/\/www.youtube.com\/c\/BazardoBordadoMatrizeseProjetos\"]}]}<\/script>\n<!-- \/ Yoast SEO plugin. -->","yoast_head_json":{"title":"Gravatinhas Juninas 3D - \ud835\udc1b\ud835\udc1a\ud835\udc33\ud835\udc1a\ud835\udc2b &amp; \ud835\udc1c\ud835\udc22\ud835\udc1a","robots":{"index":"index","follow":"follow","max-snippet":"max-snippet:-1","max-image-preview":"max-image-preview:large","max-video-preview":"max-video-preview:-1"},"canonical":"https:\/\/shop.bazarcia.com\/en\/product\/gravatinhas-juninas-3d\/","og_locale":"en_US","og_type":"article","og_title":"Gravatinhas Juninas 3D - \ud835\udc1b\ud835\udc1a\ud835\udc33\ud835\udc1a\ud835\udc2b &amp; \ud835\udc1c\ud835\udc22\ud835\udc1a","og_description":"GRAVATINHAS JUNINAS 3D.  Projetinho de bordado para confec\u00e7\u00e3o de gravatinhas juninas totalmente na bordadeira. Prender a entretela no bastidor. Recortar o tecido principal (tricoline, algod\u00e3o cru, chita, feltro\u2026) um pouquinho maior que o tamanho da matriz e posicionar ao centro no bastidor. A primeira linha prende o tecido. Seguir bordando e, antes de bordar o contorno em corrida tripla, colocar por baixo do bastidor o tecido de forro com o avesso em contato com o bastidor. Bordar at\u00e9 o final e recortar pr\u00f3ximo ao bordado e dentro da pe\u00e7a tamb\u00e9m, nos dois locais na parte de cima onde vai passar a fita de prender a gravata na crian\u00e7a. Tamanhos 15, 18 e 25 cm.  PARA COMPOR TRAJES JUNINOS OU USO EM PET.  V\u00cdDEO DO PASSO A PASSO:  https:\/\/youtu.be\/m4VjbTm4Kc0?si=BheXGrK7GC2I4zAC  &nbsp;  Os arquivos ficam dispon\u00edveis para download logo ap\u00f3s o pagamento.  Os arquivos encontram-se em pasta compactada (ZIP), sendo necess\u00e1rio descompactar.  &nbsp;  Os mesmos s\u00e3o compat\u00edveis com v\u00e1rios tipos e modelos de m\u00e1quinas, com os seguintes formatos:  &nbsp;  PES \u2013 JEF \u2013 EXP \u2013 DST - XXX","og_url":"https:\/\/shop.bazarcia.com\/en\/product\/gravatinhas-juninas-3d\/","og_site_name":"\ud835\udc1b\ud835\udc1a\ud835\udc33\ud835\udc1a\ud835\udc2b &amp; \ud835\udc1c\ud835\udc22\ud835\udc1a","article_publisher":"https:\/\/www.facebook.com\/shopbazarcia","article_modified_time":"2025-05-18T20:39:18+00:00","og_image":[{"width":1350,"height":1350,"url":"https:\/\/shop.bazarcia.com\/wp-content\/uploads\/2025\/05\/GRAVATAS-JUNINAS-3D.jpg","type":"image\/jpeg"}],"twitter_card":"summary_large_image","twitter_misc":{"Est. reading time":"1 minute"},"schema":{"@context":"https:\/\/schema.org","@graph":[{"@type":"WebPage","@id":"https:\/\/shop.bazarcia.com\/produto\/gravatinhas-juninas-3d\/","url":"https:\/\/shop.bazarcia.com\/produto\/gravatinhas-juninas-3d\/","name":"Gravatinhas Juninas 3D - \ud835\udc1b\ud835\udc1a\ud835\udc33\ud835\udc1a\ud835\udc2b &amp; \ud835\udc1c\ud835\udc22\ud835\udc1a","isPartOf":{"@id":"https:\/\/shop.bazarcia.com\/#website"},"primaryImageOfPage":{"@id":"https:\/\/shop.bazarcia.com\/produto\/gravatinhas-juninas-3d\/#primaryimage"},"image":{"@id":"https:\/\/shop.bazarcia.com\/produto\/gravatinhas-juninas-3d\/#primaryimage"},"thumbnailUrl":"https:\/\/shop.bazarcia.com\/wp-content\/uploads\/2025\/05\/GRAVATAS-JUNINAS-3D.jpg","datePublished":"2025-05-18T20:34:29+00:00","dateModified":"2025-05-18T20:39:18+00:00","breadcrumb":{"@id":"https:\/\/shop.bazarcia.com\/produto\/gravatinhas-juninas-3d\/#breadcrumb"},"inLanguage":"en-US","potentialAction":[{"@type":"ReadAction","target":["https:\/\/shop.bazarcia.com\/produto\/gravatinhas-juninas-3d\/"]}]},{"@type":"ImageObject","inLanguage":"en-US","@id":"https:\/\/shop.bazarcia.com\/produto\/gravatinhas-juninas-3d\/#primaryimage","url":"https:\/\/shop.bazarcia.com\/wp-content\/uploads\/2025\/05\/GRAVATAS-JUNINAS-3D.jpg","contentUrl":"https:\/\/shop.bazarcia.com\/wp-content\/uploads\/2025\/05\/GRAVATAS-JUNINAS-3D.jpg","width":1350,"height":1350},{"@type":"BreadcrumbList","@id":"https:\/\/shop.bazarcia.com\/produto\/gravatinhas-juninas-3d\/#breadcrumb","itemListElement":[{"@type":"ListItem","position":1,"name":"In\u00edcio","item":"https:\/\/shop.bazarcia.com\/"},{"@type":"ListItem","position":2,"name":"Loja","item":"https:\/\/shop.bazarcia.com\/loja\/"},{"@type":"ListItem","position":3,"name":"Gravatinhas Juninas 3D"}]},{"@type":"WebSite","@id":"https:\/\/shop.bazarcia.com\/#website","url":"https:\/\/shop.bazarcia.com\/","name":"Bazar & Cia","description":"criatividade ponto a ponto","publisher":{"@id":"https:\/\/shop.bazarcia.com\/#organization"},"potentialAction":[{"@type":"SearchAction","target":{"@type":"EntryPoint","urlTemplate":"https:\/\/shop.bazarcia.com\/?s={search_term_string}"},"query-input":{"@type":"PropertyValueSpecification","valueRequired":true,"valueName":"search_term_string"}}],"inLanguage":"en-US"},{"@type":"Organization","@id":"https:\/\/shop.bazarcia.com\/#organization","name":"Bazar & Cia","url":"https:\/\/shop.bazarcia.com\/","logo":{"@type":"ImageObject","inLanguage":"en-US","@id":"https:\/\/shop.bazarcia.com\/#\/schema\/logo\/image\/","url":"https:\/\/shop.bazarcia.com\/wp-content\/uploads\/2024\/02\/cropped-logo_bazarcia.png","contentUrl":"https:\/\/shop.bazarcia.com\/wp-content\/uploads\/2024\/02\/cropped-logo_bazarcia.png","width":150,"height":150,"caption":"Bazar & Cia"},"image":{"@id":"https:\/\/shop.bazarcia.com\/#\/schema\/logo\/image\/"},"sameAs":["https:\/\/www.facebook.com\/shopbazarcia","https:\/\/www.instagram.com\/shopbazarcia","https:\/\/br.pinterest.com\/suzane_eloise\/","https:\/\/www.youtube.com\/c\/BazardoBordadoMatrizeseProjetos"]}]}},"_links":{"self":[{"href":"https:\/\/shop.bazarcia.com\/en\/wp-json\/wp\/v2\/product\/325896","targetHints":{"allow":["GET"]}}],"collection":[{"href":"https:\/\/shop.bazarcia.com\/en\/wp-json\/wp\/v2\/product"}],"about":[{"href":"https:\/\/shop.bazarcia.com\/en\/wp-json\/wp\/v2\/types\/product"}],"replies":[{"embeddable":true,"href":"https:\/\/shop.bazarcia.com\/en\/wp-json\/wp\/v2\/comments?post=325896"}],"version-history":[{"count":1,"href":"https:\/\/shop.bazarcia.com\/en\/wp-json\/wp\/v2\/product\/325896\/revisions"}],"predecessor-version":[{"id":325899,"href":"https:\/\/shop.bazarcia.com\/en\/wp-json\/wp\/v2\/product\/325896\/revisions\/325899"}],"wp:featuredmedia":[{"embeddable":true,"href":"https:\/\/shop.bazarcia.com\/en\/wp-json\/wp\/v2\/media\/325897"}],"wp:attachment":[{"href":"https:\/\/shop.bazarcia.com\/en\/wp-json\/wp\/v2\/media?parent=325896"}],"wp:term":[{"taxonomy":"product_brand","embeddable":true,"href":"https:\/\/shop.bazarcia.com\/en\/wp-json\/wp\/v2\/product_brand?post=325896"},{"taxonomy":"product_cat","embeddable":true,"href":"https:\/\/shop.bazarcia.com\/en\/wp-json\/wp\/v2\/product_cat?post=325896"},{"taxonomy":"product_tag","embeddable":true,"href":"https:\/\/shop.bazarcia.com\/en\/wp-json\/wp\/v2\/product_tag?post=325896"}],"curies":[{"name":"wp","href":"https:\/\/api.w.org\/{rel}","templated":true}]}}