{"id":326050,"date":"2025-05-20T12:03:07","date_gmt":"2025-05-20T15:03:07","guid":{"rendered":"https:\/\/shop.bazarcia.com\/?post_type=product&#038;p=326050"},"modified":"2025-05-20T13:38:56","modified_gmt":"2025-05-20T16:38:56","slug":"colecao-de-bordado-jardim-encantado","status":"publish","type":"product","link":"https:\/\/shop.bazarcia.com\/en\/product\/colecao-de-bordado-jardim-encantado\/","title":{"rendered":"Cole\u00e7\u00e3o de Bordado &#8211; Jardim Encantado"},"content":{"rendered":"<p>Formatos Dispon\u00edveis: DST, EXP, JEF, PES, XXX, HUS, VP3<\/p>\n<p>Tamanhos das Matrizes: 14 cm \/ 16 cm \/ 18 cm<\/p>\n<p>Quantidade de Matrizes: 04<\/p>\n<p>As matrizes s\u00e3o enviadas em uma pasta compactada (.rar) ou se preferir de forma convencional entre em contato pelas nossas redes social.<\/p>\n<p>Importante:<\/p>\n<p>Antes de finalizar a compra, confira os tamanhos e formatos compat\u00edveis com sua m\u00e1quina de bordado.<\/p>\n<p>Sempre realize testes em amostras de tecido antes de bordar diretamente no produto final, pois a qualidade do bordado pode variar conforme o tipo de material e configura\u00e7\u00e3o da m\u00e1quina.<\/p>\n<p>Deu problema na matriz? entre imediatamente em contato.<\/p>\n<p>Ap\u00f3s a compra, s\u00f3 aguarda no seu e-mail que enviaremos seu pedido<\/p>","protected":false},"excerpt":{"rendered":"<p>Este \u00e9 uma cole\u00e7\u00e3o de matrizes de bordado digitalizadas para uso em m\u00e1quinas de bordar computadorizadas.<\/p>","protected":false},"featured_media":326058,"comment_status":"open","ping_status":"closed","template":"","meta":{"_acf_changed":false,"_joinchat":[]},"product_brand":[],"product_cat":[122,338,321,84],"product_tag":[],"class_list":{"0":"post-326050","1":"product","2":"type-product","3":"status-publish","4":"has-post-thumbnail","6":"product_cat-matrizes-de-bordado-animais","7":"product_cat-arvores","8":"product_cat-borboletas","9":"product_cat-matrizes-de-bordado","10":"pa_cor-algodao","11":"pa_cor-amarelo-bb","12":"pa_cor-amarelo-ouro","13":"pa_cor-azul-bb","14":"pa_cor-azul-marinho","15":"pa_cor-azul-royal","16":"pa_cor-branco","17":"pa_cor-cinza-mescla","18":"pa_cor-dourada","19":"pa_cor-lilas","20":"pa_cor-marrom","21":"pa_cor-neutro","22":"pa_cor-off-white","23":"pa_cor-ouro","24":"pa_cor-ouro-rose","25":"pa_cor-perola","26":"pa_cor-prata","27":"pa_cor-preto","28":"pa_cor-rosa-bb","29":"pa_cor-rosa-chiclete","30":"pa_cor-rose","31":"pa_cor-roxa","32":"pa_cor-transparente","33":"pa_cor-verde-bandeira","34":"pa_cor-verde-bb","35":"pa_cor-vermelho","37":"first","38":"instock","39":"downloadable","40":"virtual","41":"purchasable","42":"product-type-simple"},"acf":[],"yoast_head":"<!-- This site is optimized with the Yoast SEO plugin v27.2 - https:\/\/yoast.com\/product\/yoast-seo-wordpress\/ -->\n<title>Cole\u00e7\u00e3o de Bordado - Jardim Encantado - \ud835\udc1b\ud835\udc1a\ud835\udc33\ud835\udc1a\ud835\udc2b &amp; \ud835\udc1c\ud835\udc22\ud835\udc1a<\/title>\n<meta name=\"robots\" content=\"index, follow, max-snippet:-1, max-image-preview:large, max-video-preview:-1\" \/>\n<link rel=\"canonical\" href=\"https:\/\/shop.bazarcia.com\/en\/product\/colecao-de-bordado-jardim-encantado\/\" \/>\n<meta property=\"og:locale\" content=\"en_US\" \/>\n<meta property=\"og:type\" content=\"article\" \/>\n<meta property=\"og:title\" content=\"Cole\u00e7\u00e3o de Bordado - Jardim Encantado - \ud835\udc1b\ud835\udc1a\ud835\udc33\ud835\udc1a\ud835\udc2b &amp; \ud835\udc1c\ud835\udc22\ud835\udc1a\" \/>\n<meta property=\"og:description\" content=\"Este \u00e9 uma cole\u00e7\u00e3o de matrizes de bordado digitalizadas para uso em m\u00e1quinas de bordar computadorizadas.\" \/>\n<meta property=\"og:url\" content=\"https:\/\/shop.bazarcia.com\/en\/product\/colecao-de-bordado-jardim-encantado\/\" \/>\n<meta property=\"og:site_name\" content=\"\ud835\udc1b\ud835\udc1a\ud835\udc33\ud835\udc1a\ud835\udc2b &amp; \ud835\udc1c\ud835\udc22\ud835\udc1a\" \/>\n<meta property=\"article:publisher\" content=\"https:\/\/www.facebook.com\/shopbazarcia\" \/>\n<meta property=\"article:modified_time\" content=\"2025-05-20T16:38:56+00:00\" \/>\n<meta property=\"og:image\" content=\"https:\/\/shop.bazarcia.com\/wp-content\/uploads\/2025\/05\/1-1.jpg\" \/>\n\t<meta property=\"og:image:width\" content=\"1080\" \/>\n\t<meta property=\"og:image:height\" content=\"1350\" \/>\n\t<meta property=\"og:image:type\" content=\"image\/jpeg\" \/>\n<meta name=\"twitter:card\" content=\"summary_large_image\" \/>\n<meta name=\"twitter:label1\" content=\"Est. reading time\" \/>\n\t<meta name=\"twitter:data1\" content=\"1 minute\" \/>\n<script type=\"application\/ld+json\" class=\"yoast-schema-graph\">{\"@context\":\"https:\/\/schema.org\",\"@graph\":[{\"@type\":\"WebPage\",\"@id\":\"https:\/\/shop.bazarcia.com\/produto\/colecao-de-bordado-jardim-encantado\/\",\"url\":\"https:\/\/shop.bazarcia.com\/produto\/colecao-de-bordado-jardim-encantado\/\",\"name\":\"Cole\u00e7\u00e3o de Bordado - Jardim Encantado - \ud835\udc1b\ud835\udc1a\ud835\udc33\ud835\udc1a\ud835\udc2b &amp; \ud835\udc1c\ud835\udc22\ud835\udc1a\",\"isPartOf\":{\"@id\":\"https:\/\/shop.bazarcia.com\/#website\"},\"primaryImageOfPage\":{\"@id\":\"https:\/\/shop.bazarcia.com\/produto\/colecao-de-bordado-jardim-encantado\/#primaryimage\"},\"image\":{\"@id\":\"https:\/\/shop.bazarcia.com\/produto\/colecao-de-bordado-jardim-encantado\/#primaryimage\"},\"thumbnailUrl\":\"https:\/\/shop.bazarcia.com\/wp-content\/uploads\/2025\/05\/1-1.jpg\",\"datePublished\":\"2025-05-20T15:03:07+00:00\",\"dateModified\":\"2025-05-20T16:38:56+00:00\",\"breadcrumb\":{\"@id\":\"https:\/\/shop.bazarcia.com\/produto\/colecao-de-bordado-jardim-encantado\/#breadcrumb\"},\"inLanguage\":\"en-US\",\"potentialAction\":[{\"@type\":\"ReadAction\",\"target\":[\"https:\/\/shop.bazarcia.com\/produto\/colecao-de-bordado-jardim-encantado\/\"]}]},{\"@type\":\"ImageObject\",\"inLanguage\":\"en-US\",\"@id\":\"https:\/\/shop.bazarcia.com\/produto\/colecao-de-bordado-jardim-encantado\/#primaryimage\",\"url\":\"https:\/\/shop.bazarcia.com\/wp-content\/uploads\/2025\/05\/1-1.jpg\",\"contentUrl\":\"https:\/\/shop.bazarcia.com\/wp-content\/uploads\/2025\/05\/1-1.jpg\",\"width\":1080,\"height\":1350},{\"@type\":\"BreadcrumbList\",\"@id\":\"https:\/\/shop.bazarcia.com\/produto\/colecao-de-bordado-jardim-encantado\/#breadcrumb\",\"itemListElement\":[{\"@type\":\"ListItem\",\"position\":1,\"name\":\"In\u00edcio\",\"item\":\"https:\/\/shop.bazarcia.com\/\"},{\"@type\":\"ListItem\",\"position\":2,\"name\":\"Loja\",\"item\":\"https:\/\/shop.bazarcia.com\/loja\/\"},{\"@type\":\"ListItem\",\"position\":3,\"name\":\"Cole\u00e7\u00e3o de Bordado &#8211; Jardim Encantado\"}]},{\"@type\":\"WebSite\",\"@id\":\"https:\/\/shop.bazarcia.com\/#website\",\"url\":\"https:\/\/shop.bazarcia.com\/\",\"name\":\"Bazar & Cia\",\"description\":\"criatividade ponto a ponto\",\"publisher\":{\"@id\":\"https:\/\/shop.bazarcia.com\/#organization\"},\"potentialAction\":[{\"@type\":\"SearchAction\",\"target\":{\"@type\":\"EntryPoint\",\"urlTemplate\":\"https:\/\/shop.bazarcia.com\/?s={search_term_string}\"},\"query-input\":{\"@type\":\"PropertyValueSpecification\",\"valueRequired\":true,\"valueName\":\"search_term_string\"}}],\"inLanguage\":\"en-US\"},{\"@type\":\"Organization\",\"@id\":\"https:\/\/shop.bazarcia.com\/#organization\",\"name\":\"Bazar & Cia\",\"url\":\"https:\/\/shop.bazarcia.com\/\",\"logo\":{\"@type\":\"ImageObject\",\"inLanguage\":\"en-US\",\"@id\":\"https:\/\/shop.bazarcia.com\/#\/schema\/logo\/image\/\",\"url\":\"https:\/\/shop.bazarcia.com\/wp-content\/uploads\/2024\/02\/cropped-logo_bazarcia.png\",\"contentUrl\":\"https:\/\/shop.bazarcia.com\/wp-content\/uploads\/2024\/02\/cropped-logo_bazarcia.png\",\"width\":150,\"height\":150,\"caption\":\"Bazar & Cia\"},\"image\":{\"@id\":\"https:\/\/shop.bazarcia.com\/#\/schema\/logo\/image\/\"},\"sameAs\":[\"https:\/\/www.facebook.com\/shopbazarcia\",\"https:\/\/www.instagram.com\/shopbazarcia\",\"https:\/\/br.pinterest.com\/suzane_eloise\/\",\"https:\/\/www.youtube.com\/c\/BazardoBordadoMatrizeseProjetos\"]}]}<\/script>\n<!-- \/ Yoast SEO plugin. -->","yoast_head_json":{"title":"Cole\u00e7\u00e3o de Bordado - Jardim Encantado - \ud835\udc1b\ud835\udc1a\ud835\udc33\ud835\udc1a\ud835\udc2b &amp; \ud835\udc1c\ud835\udc22\ud835\udc1a","robots":{"index":"index","follow":"follow","max-snippet":"max-snippet:-1","max-image-preview":"max-image-preview:large","max-video-preview":"max-video-preview:-1"},"canonical":"https:\/\/shop.bazarcia.com\/en\/product\/colecao-de-bordado-jardim-encantado\/","og_locale":"en_US","og_type":"article","og_title":"Cole\u00e7\u00e3o de Bordado - Jardim Encantado - \ud835\udc1b\ud835\udc1a\ud835\udc33\ud835\udc1a\ud835\udc2b &amp; \ud835\udc1c\ud835\udc22\ud835\udc1a","og_description":"Este \u00e9 uma cole\u00e7\u00e3o de matrizes de bordado digitalizadas para uso em m\u00e1quinas de bordar computadorizadas.","og_url":"https:\/\/shop.bazarcia.com\/en\/product\/colecao-de-bordado-jardim-encantado\/","og_site_name":"\ud835\udc1b\ud835\udc1a\ud835\udc33\ud835\udc1a\ud835\udc2b &amp; \ud835\udc1c\ud835\udc22\ud835\udc1a","article_publisher":"https:\/\/www.facebook.com\/shopbazarcia","article_modified_time":"2025-05-20T16:38:56+00:00","og_image":[{"width":1080,"height":1350,"url":"https:\/\/shop.bazarcia.com\/wp-content\/uploads\/2025\/05\/1-1.jpg","type":"image\/jpeg"}],"twitter_card":"summary_large_image","twitter_misc":{"Est. reading time":"1 minute"},"schema":{"@context":"https:\/\/schema.org","@graph":[{"@type":"WebPage","@id":"https:\/\/shop.bazarcia.com\/produto\/colecao-de-bordado-jardim-encantado\/","url":"https:\/\/shop.bazarcia.com\/produto\/colecao-de-bordado-jardim-encantado\/","name":"Cole\u00e7\u00e3o de Bordado - Jardim Encantado - \ud835\udc1b\ud835\udc1a\ud835\udc33\ud835\udc1a\ud835\udc2b &amp; \ud835\udc1c\ud835\udc22\ud835\udc1a","isPartOf":{"@id":"https:\/\/shop.bazarcia.com\/#website"},"primaryImageOfPage":{"@id":"https:\/\/shop.bazarcia.com\/produto\/colecao-de-bordado-jardim-encantado\/#primaryimage"},"image":{"@id":"https:\/\/shop.bazarcia.com\/produto\/colecao-de-bordado-jardim-encantado\/#primaryimage"},"thumbnailUrl":"https:\/\/shop.bazarcia.com\/wp-content\/uploads\/2025\/05\/1-1.jpg","datePublished":"2025-05-20T15:03:07+00:00","dateModified":"2025-05-20T16:38:56+00:00","breadcrumb":{"@id":"https:\/\/shop.bazarcia.com\/produto\/colecao-de-bordado-jardim-encantado\/#breadcrumb"},"inLanguage":"en-US","potentialAction":[{"@type":"ReadAction","target":["https:\/\/shop.bazarcia.com\/produto\/colecao-de-bordado-jardim-encantado\/"]}]},{"@type":"ImageObject","inLanguage":"en-US","@id":"https:\/\/shop.bazarcia.com\/produto\/colecao-de-bordado-jardim-encantado\/#primaryimage","url":"https:\/\/shop.bazarcia.com\/wp-content\/uploads\/2025\/05\/1-1.jpg","contentUrl":"https:\/\/shop.bazarcia.com\/wp-content\/uploads\/2025\/05\/1-1.jpg","width":1080,"height":1350},{"@type":"BreadcrumbList","@id":"https:\/\/shop.bazarcia.com\/produto\/colecao-de-bordado-jardim-encantado\/#breadcrumb","itemListElement":[{"@type":"ListItem","position":1,"name":"In\u00edcio","item":"https:\/\/shop.bazarcia.com\/"},{"@type":"ListItem","position":2,"name":"Loja","item":"https:\/\/shop.bazarcia.com\/loja\/"},{"@type":"ListItem","position":3,"name":"Cole\u00e7\u00e3o de Bordado &#8211; Jardim Encantado"}]},{"@type":"WebSite","@id":"https:\/\/shop.bazarcia.com\/#website","url":"https:\/\/shop.bazarcia.com\/","name":"Bazar & Cia","description":"criatividade ponto a ponto","publisher":{"@id":"https:\/\/shop.bazarcia.com\/#organization"},"potentialAction":[{"@type":"SearchAction","target":{"@type":"EntryPoint","urlTemplate":"https:\/\/shop.bazarcia.com\/?s={search_term_string}"},"query-input":{"@type":"PropertyValueSpecification","valueRequired":true,"valueName":"search_term_string"}}],"inLanguage":"en-US"},{"@type":"Organization","@id":"https:\/\/shop.bazarcia.com\/#organization","name":"Bazar & Cia","url":"https:\/\/shop.bazarcia.com\/","logo":{"@type":"ImageObject","inLanguage":"en-US","@id":"https:\/\/shop.bazarcia.com\/#\/schema\/logo\/image\/","url":"https:\/\/shop.bazarcia.com\/wp-content\/uploads\/2024\/02\/cropped-logo_bazarcia.png","contentUrl":"https:\/\/shop.bazarcia.com\/wp-content\/uploads\/2024\/02\/cropped-logo_bazarcia.png","width":150,"height":150,"caption":"Bazar & Cia"},"image":{"@id":"https:\/\/shop.bazarcia.com\/#\/schema\/logo\/image\/"},"sameAs":["https:\/\/www.facebook.com\/shopbazarcia","https:\/\/www.instagram.com\/shopbazarcia","https:\/\/br.pinterest.com\/suzane_eloise\/","https:\/\/www.youtube.com\/c\/BazardoBordadoMatrizeseProjetos"]}]}},"_links":{"self":[{"href":"https:\/\/shop.bazarcia.com\/en\/wp-json\/wp\/v2\/product\/326050","targetHints":{"allow":["GET"]}}],"collection":[{"href":"https:\/\/shop.bazarcia.com\/en\/wp-json\/wp\/v2\/product"}],"about":[{"href":"https:\/\/shop.bazarcia.com\/en\/wp-json\/wp\/v2\/types\/product"}],"replies":[{"embeddable":true,"href":"https:\/\/shop.bazarcia.com\/en\/wp-json\/wp\/v2\/comments?post=326050"}],"version-history":[{"count":1,"href":"https:\/\/shop.bazarcia.com\/en\/wp-json\/wp\/v2\/product\/326050\/revisions"}],"predecessor-version":[{"id":326052,"href":"https:\/\/shop.bazarcia.com\/en\/wp-json\/wp\/v2\/product\/326050\/revisions\/326052"}],"wp:featuredmedia":[{"embeddable":true,"href":"https:\/\/shop.bazarcia.com\/en\/wp-json\/wp\/v2\/media\/326058"}],"wp:attachment":[{"href":"https:\/\/shop.bazarcia.com\/en\/wp-json\/wp\/v2\/media?parent=326050"}],"wp:term":[{"taxonomy":"product_brand","embeddable":true,"href":"https:\/\/shop.bazarcia.com\/en\/wp-json\/wp\/v2\/product_brand?post=326050"},{"taxonomy":"product_cat","embeddable":true,"href":"https:\/\/shop.bazarcia.com\/en\/wp-json\/wp\/v2\/product_cat?post=326050"},{"taxonomy":"product_tag","embeddable":true,"href":"https:\/\/shop.bazarcia.com\/en\/wp-json\/wp\/v2\/product_tag?post=326050"}],"curies":[{"name":"wp","href":"https:\/\/api.w.org\/{rel}","templated":true}]}}