{"id":32732,"date":"2020-06-11T23:59:34","date_gmt":"2020-06-12T02:59:34","guid":{"rendered":"https:\/\/shop.bazarcia.com\/?post_type=product&#038;p=32732"},"modified":"2021-03-03T20:47:01","modified_gmt":"2021-03-03T23:47:01","slug":"mascaras-3d-bordado-central-floral-13-matriz-de-bordado-copia","status":"publish","type":"product","link":"https:\/\/shop.bazarcia.com\/en\/product\/mascaras-3d-bordado-central-floral-13-matriz-de-bordado-copia\/","title":{"rendered":"M\u00e1scara 3D Bordado Central Floral 14"},"content":{"rendered":"<p>Modelo: PCTMSK27-4<\/p>\n<p>Os arquivos cont\u00e9m os seguintes formatos:<\/p>\n<p>DST * EXP * HUS * JEF * VP3 * XXX * PCS * PES<\/p>","protected":false},"excerpt":{"rendered":"<p>ADULTO: 24.80 cm largura &#8211; 17.40 cm altura<\/p>\n<p>Veja como fazer sua m\u00e1scara 3D<\/p>\n<p>https:\/\/www.youtube.com\/watch?v=5udERQF34IM&amp;feature=youtu.be<\/p>\n<p>===== ATEN\u00c7\u00c3O ESTE \u00c9 UM ARQUIVO DIGITAL, N\u00c3O \u00c9 UM PRODUTO PRONTO ====<br \/>\n\u00c9 necess\u00e1rio ter uma m\u00e1quina de bordar para usar esse arquivo.<\/p>","protected":false},"featured_media":30989,"comment_status":"open","ping_status":"closed","template":"","meta":{"_acf_changed":false,"_joinchat":[]},"product_brand":[],"product_cat":[1327,1400,98,1387],"product_tag":[1090],"class_list":{"0":"post-32732","1":"product","2":"type-product","3":"status-publish","4":"has-post-thumbnail","6":"product_cat-projeto-mascaras-de-protecao-na-bordadeira","7":"product_cat-projetos-bastidor-20x28","8":"product_cat-projetos-na-bordadeira-in-the-hoop-embroidery","9":"product_cat-projetos-para-bastidores-18x30","10":"product_tag-maquina-de-bordar","12":"first","13":"instock","14":"downloadable","15":"virtual","16":"purchasable","17":"product-type-simple"},"acf":[],"yoast_head":"<!-- This site is optimized with the Yoast SEO plugin v27.2 - https:\/\/yoast.com\/product\/yoast-seo-wordpress\/ -->\n<title>M\u00e1scara 3D Bordado Central Floral 14 - \ud835\udc1b\ud835\udc1a\ud835\udc33\ud835\udc1a\ud835\udc2b &amp; \ud835\udc1c\ud835\udc22\ud835\udc1a<\/title>\n<meta name=\"robots\" content=\"index, follow, max-snippet:-1, max-image-preview:large, max-video-preview:-1\" \/>\n<link rel=\"canonical\" href=\"https:\/\/shop.bazarcia.com\/en\/product\/mascaras-3d-bordado-central-floral-13-matriz-de-bordado-copia\/\" \/>\n<meta property=\"og:locale\" content=\"en_US\" \/>\n<meta property=\"og:type\" content=\"article\" \/>\n<meta property=\"og:title\" content=\"M\u00e1scara 3D Bordado Central Floral 14 - \ud835\udc1b\ud835\udc1a\ud835\udc33\ud835\udc1a\ud835\udc2b &amp; \ud835\udc1c\ud835\udc22\ud835\udc1a\" \/>\n<meta property=\"og:description\" content=\"ADULTO: 24.80 cm largura - 17.40 cm altura  Veja como fazer sua m\u00e1scara 3D  https:\/\/www.youtube.com\/watch?v=5udERQF34IM&amp;feature=youtu.be  ===== ATEN\u00c7\u00c3O ESTE \u00c9 UM ARQUIVO DIGITAL, N\u00c3O \u00c9 UM PRODUTO PRONTO ==== \u00c9 necess\u00e1rio ter uma m\u00e1quina de bordar para usar esse arquivo.\" \/>\n<meta property=\"og:url\" content=\"https:\/\/shop.bazarcia.com\/en\/product\/mascaras-3d-bordado-central-floral-13-matriz-de-bordado-copia\/\" \/>\n<meta property=\"og:site_name\" content=\"\ud835\udc1b\ud835\udc1a\ud835\udc33\ud835\udc1a\ud835\udc2b &amp; \ud835\udc1c\ud835\udc22\ud835\udc1a\" \/>\n<meta property=\"article:publisher\" content=\"https:\/\/www.facebook.com\/shopbazarcia\" \/>\n<meta property=\"article:modified_time\" content=\"2021-03-03T23:47:01+00:00\" \/>\n<meta property=\"og:image\" content=\"https:\/\/shop.bazarcia.com\/wp-content\/uploads\/2020\/06\/PCTMSK27-4.jpg\" \/>\n\t<meta property=\"og:image:width\" content=\"935\" \/>\n\t<meta property=\"og:image:height\" content=\"654\" \/>\n\t<meta property=\"og:image:type\" content=\"image\/jpeg\" \/>\n<meta name=\"twitter:card\" content=\"summary_large_image\" \/>\n<script type=\"application\/ld+json\" class=\"yoast-schema-graph\">{\"@context\":\"https:\/\/schema.org\",\"@graph\":[{\"@type\":\"WebPage\",\"@id\":\"https:\/\/shop.bazarcia.com\/produto\/mascaras-3d-bordado-central-floral-13-matriz-de-bordado-copia\/\",\"url\":\"https:\/\/shop.bazarcia.com\/produto\/mascaras-3d-bordado-central-floral-13-matriz-de-bordado-copia\/\",\"name\":\"M\u00e1scara 3D Bordado Central Floral 14 - \ud835\udc1b\ud835\udc1a\ud835\udc33\ud835\udc1a\ud835\udc2b &amp; \ud835\udc1c\ud835\udc22\ud835\udc1a\",\"isPartOf\":{\"@id\":\"https:\/\/shop.bazarcia.com\/#website\"},\"primaryImageOfPage\":{\"@id\":\"https:\/\/shop.bazarcia.com\/produto\/mascaras-3d-bordado-central-floral-13-matriz-de-bordado-copia\/#primaryimage\"},\"image\":{\"@id\":\"https:\/\/shop.bazarcia.com\/produto\/mascaras-3d-bordado-central-floral-13-matriz-de-bordado-copia\/#primaryimage\"},\"thumbnailUrl\":\"https:\/\/shop.bazarcia.com\/wp-content\/uploads\/2020\/06\/PCTMSK27-4.jpg\",\"datePublished\":\"2020-06-12T02:59:34+00:00\",\"dateModified\":\"2021-03-03T23:47:01+00:00\",\"breadcrumb\":{\"@id\":\"https:\/\/shop.bazarcia.com\/produto\/mascaras-3d-bordado-central-floral-13-matriz-de-bordado-copia\/#breadcrumb\"},\"inLanguage\":\"en-US\",\"potentialAction\":[{\"@type\":\"ReadAction\",\"target\":[\"https:\/\/shop.bazarcia.com\/produto\/mascaras-3d-bordado-central-floral-13-matriz-de-bordado-copia\/\"]}]},{\"@type\":\"ImageObject\",\"inLanguage\":\"en-US\",\"@id\":\"https:\/\/shop.bazarcia.com\/produto\/mascaras-3d-bordado-central-floral-13-matriz-de-bordado-copia\/#primaryimage\",\"url\":\"https:\/\/shop.bazarcia.com\/wp-content\/uploads\/2020\/06\/PCTMSK27-4.jpg\",\"contentUrl\":\"https:\/\/shop.bazarcia.com\/wp-content\/uploads\/2020\/06\/PCTMSK27-4.jpg\",\"width\":935,\"height\":654},{\"@type\":\"BreadcrumbList\",\"@id\":\"https:\/\/shop.bazarcia.com\/produto\/mascaras-3d-bordado-central-floral-13-matriz-de-bordado-copia\/#breadcrumb\",\"itemListElement\":[{\"@type\":\"ListItem\",\"position\":1,\"name\":\"In\u00edcio\",\"item\":\"https:\/\/shop.bazarcia.com\/\"},{\"@type\":\"ListItem\",\"position\":2,\"name\":\"Loja\",\"item\":\"https:\/\/shop.bazarcia.com\/loja\/\"},{\"@type\":\"ListItem\",\"position\":3,\"name\":\"M\u00e1scara 3D Bordado Central Floral 14\"}]},{\"@type\":\"WebSite\",\"@id\":\"https:\/\/shop.bazarcia.com\/#website\",\"url\":\"https:\/\/shop.bazarcia.com\/\",\"name\":\"Bazar & Cia\",\"description\":\"criatividade ponto a ponto\",\"publisher\":{\"@id\":\"https:\/\/shop.bazarcia.com\/#organization\"},\"potentialAction\":[{\"@type\":\"SearchAction\",\"target\":{\"@type\":\"EntryPoint\",\"urlTemplate\":\"https:\/\/shop.bazarcia.com\/?s={search_term_string}\"},\"query-input\":{\"@type\":\"PropertyValueSpecification\",\"valueRequired\":true,\"valueName\":\"search_term_string\"}}],\"inLanguage\":\"en-US\"},{\"@type\":\"Organization\",\"@id\":\"https:\/\/shop.bazarcia.com\/#organization\",\"name\":\"Bazar & Cia\",\"url\":\"https:\/\/shop.bazarcia.com\/\",\"logo\":{\"@type\":\"ImageObject\",\"inLanguage\":\"en-US\",\"@id\":\"https:\/\/shop.bazarcia.com\/#\/schema\/logo\/image\/\",\"url\":\"https:\/\/shop.bazarcia.com\/wp-content\/uploads\/2024\/02\/cropped-logo_bazarcia.png\",\"contentUrl\":\"https:\/\/shop.bazarcia.com\/wp-content\/uploads\/2024\/02\/cropped-logo_bazarcia.png\",\"width\":150,\"height\":150,\"caption\":\"Bazar & Cia\"},\"image\":{\"@id\":\"https:\/\/shop.bazarcia.com\/#\/schema\/logo\/image\/\"},\"sameAs\":[\"https:\/\/www.facebook.com\/shopbazarcia\",\"https:\/\/www.instagram.com\/shopbazarcia\",\"https:\/\/br.pinterest.com\/suzane_eloise\/\",\"https:\/\/www.youtube.com\/c\/BazardoBordadoMatrizeseProjetos\"]}]}<\/script>\n<!-- \/ Yoast SEO plugin. -->","yoast_head_json":{"title":"M\u00e1scara 3D Bordado Central Floral 14 - \ud835\udc1b\ud835\udc1a\ud835\udc33\ud835\udc1a\ud835\udc2b &amp; \ud835\udc1c\ud835\udc22\ud835\udc1a","robots":{"index":"index","follow":"follow","max-snippet":"max-snippet:-1","max-image-preview":"max-image-preview:large","max-video-preview":"max-video-preview:-1"},"canonical":"https:\/\/shop.bazarcia.com\/en\/product\/mascaras-3d-bordado-central-floral-13-matriz-de-bordado-copia\/","og_locale":"en_US","og_type":"article","og_title":"M\u00e1scara 3D Bordado Central Floral 14 - \ud835\udc1b\ud835\udc1a\ud835\udc33\ud835\udc1a\ud835\udc2b &amp; \ud835\udc1c\ud835\udc22\ud835\udc1a","og_description":"ADULTO: 24.80 cm largura - 17.40 cm altura  Veja como fazer sua m\u00e1scara 3D  https:\/\/www.youtube.com\/watch?v=5udERQF34IM&amp;feature=youtu.be  ===== ATEN\u00c7\u00c3O ESTE \u00c9 UM ARQUIVO DIGITAL, N\u00c3O \u00c9 UM PRODUTO PRONTO ==== \u00c9 necess\u00e1rio ter uma m\u00e1quina de bordar para usar esse arquivo.","og_url":"https:\/\/shop.bazarcia.com\/en\/product\/mascaras-3d-bordado-central-floral-13-matriz-de-bordado-copia\/","og_site_name":"\ud835\udc1b\ud835\udc1a\ud835\udc33\ud835\udc1a\ud835\udc2b &amp; \ud835\udc1c\ud835\udc22\ud835\udc1a","article_publisher":"https:\/\/www.facebook.com\/shopbazarcia","article_modified_time":"2021-03-03T23:47:01+00:00","og_image":[{"width":935,"height":654,"url":"https:\/\/shop.bazarcia.com\/wp-content\/uploads\/2020\/06\/PCTMSK27-4.jpg","type":"image\/jpeg"}],"twitter_card":"summary_large_image","schema":{"@context":"https:\/\/schema.org","@graph":[{"@type":"WebPage","@id":"https:\/\/shop.bazarcia.com\/produto\/mascaras-3d-bordado-central-floral-13-matriz-de-bordado-copia\/","url":"https:\/\/shop.bazarcia.com\/produto\/mascaras-3d-bordado-central-floral-13-matriz-de-bordado-copia\/","name":"M\u00e1scara 3D Bordado Central Floral 14 - \ud835\udc1b\ud835\udc1a\ud835\udc33\ud835\udc1a\ud835\udc2b &amp; \ud835\udc1c\ud835\udc22\ud835\udc1a","isPartOf":{"@id":"https:\/\/shop.bazarcia.com\/#website"},"primaryImageOfPage":{"@id":"https:\/\/shop.bazarcia.com\/produto\/mascaras-3d-bordado-central-floral-13-matriz-de-bordado-copia\/#primaryimage"},"image":{"@id":"https:\/\/shop.bazarcia.com\/produto\/mascaras-3d-bordado-central-floral-13-matriz-de-bordado-copia\/#primaryimage"},"thumbnailUrl":"https:\/\/shop.bazarcia.com\/wp-content\/uploads\/2020\/06\/PCTMSK27-4.jpg","datePublished":"2020-06-12T02:59:34+00:00","dateModified":"2021-03-03T23:47:01+00:00","breadcrumb":{"@id":"https:\/\/shop.bazarcia.com\/produto\/mascaras-3d-bordado-central-floral-13-matriz-de-bordado-copia\/#breadcrumb"},"inLanguage":"en-US","potentialAction":[{"@type":"ReadAction","target":["https:\/\/shop.bazarcia.com\/produto\/mascaras-3d-bordado-central-floral-13-matriz-de-bordado-copia\/"]}]},{"@type":"ImageObject","inLanguage":"en-US","@id":"https:\/\/shop.bazarcia.com\/produto\/mascaras-3d-bordado-central-floral-13-matriz-de-bordado-copia\/#primaryimage","url":"https:\/\/shop.bazarcia.com\/wp-content\/uploads\/2020\/06\/PCTMSK27-4.jpg","contentUrl":"https:\/\/shop.bazarcia.com\/wp-content\/uploads\/2020\/06\/PCTMSK27-4.jpg","width":935,"height":654},{"@type":"BreadcrumbList","@id":"https:\/\/shop.bazarcia.com\/produto\/mascaras-3d-bordado-central-floral-13-matriz-de-bordado-copia\/#breadcrumb","itemListElement":[{"@type":"ListItem","position":1,"name":"In\u00edcio","item":"https:\/\/shop.bazarcia.com\/"},{"@type":"ListItem","position":2,"name":"Loja","item":"https:\/\/shop.bazarcia.com\/loja\/"},{"@type":"ListItem","position":3,"name":"M\u00e1scara 3D Bordado Central Floral 14"}]},{"@type":"WebSite","@id":"https:\/\/shop.bazarcia.com\/#website","url":"https:\/\/shop.bazarcia.com\/","name":"Bazar & Cia","description":"criatividade ponto a ponto","publisher":{"@id":"https:\/\/shop.bazarcia.com\/#organization"},"potentialAction":[{"@type":"SearchAction","target":{"@type":"EntryPoint","urlTemplate":"https:\/\/shop.bazarcia.com\/?s={search_term_string}"},"query-input":{"@type":"PropertyValueSpecification","valueRequired":true,"valueName":"search_term_string"}}],"inLanguage":"en-US"},{"@type":"Organization","@id":"https:\/\/shop.bazarcia.com\/#organization","name":"Bazar & Cia","url":"https:\/\/shop.bazarcia.com\/","logo":{"@type":"ImageObject","inLanguage":"en-US","@id":"https:\/\/shop.bazarcia.com\/#\/schema\/logo\/image\/","url":"https:\/\/shop.bazarcia.com\/wp-content\/uploads\/2024\/02\/cropped-logo_bazarcia.png","contentUrl":"https:\/\/shop.bazarcia.com\/wp-content\/uploads\/2024\/02\/cropped-logo_bazarcia.png","width":150,"height":150,"caption":"Bazar & Cia"},"image":{"@id":"https:\/\/shop.bazarcia.com\/#\/schema\/logo\/image\/"},"sameAs":["https:\/\/www.facebook.com\/shopbazarcia","https:\/\/www.instagram.com\/shopbazarcia","https:\/\/br.pinterest.com\/suzane_eloise\/","https:\/\/www.youtube.com\/c\/BazardoBordadoMatrizeseProjetos"]}]}},"_links":{"self":[{"href":"https:\/\/shop.bazarcia.com\/en\/wp-json\/wp\/v2\/product\/32732","targetHints":{"allow":["GET"]}}],"collection":[{"href":"https:\/\/shop.bazarcia.com\/en\/wp-json\/wp\/v2\/product"}],"about":[{"href":"https:\/\/shop.bazarcia.com\/en\/wp-json\/wp\/v2\/types\/product"}],"replies":[{"embeddable":true,"href":"https:\/\/shop.bazarcia.com\/en\/wp-json\/wp\/v2\/comments?post=32732"}],"version-history":[{"count":0,"href":"https:\/\/shop.bazarcia.com\/en\/wp-json\/wp\/v2\/product\/32732\/revisions"}],"wp:featuredmedia":[{"embeddable":true,"href":"https:\/\/shop.bazarcia.com\/en\/wp-json\/wp\/v2\/media\/30989"}],"wp:attachment":[{"href":"https:\/\/shop.bazarcia.com\/en\/wp-json\/wp\/v2\/media?parent=32732"}],"wp:term":[{"taxonomy":"product_brand","embeddable":true,"href":"https:\/\/shop.bazarcia.com\/en\/wp-json\/wp\/v2\/product_brand?post=32732"},{"taxonomy":"product_cat","embeddable":true,"href":"https:\/\/shop.bazarcia.com\/en\/wp-json\/wp\/v2\/product_cat?post=32732"},{"taxonomy":"product_tag","embeddable":true,"href":"https:\/\/shop.bazarcia.com\/en\/wp-json\/wp\/v2\/product_tag?post=32732"}],"curies":[{"name":"wp","href":"https:\/\/api.w.org\/{rel}","templated":true}]}}