{"id":329421,"date":"2025-06-14T16:23:29","date_gmt":"2025-06-14T19:23:29","guid":{"rendered":"https:\/\/shop.bazarcia.com\/?post_type=product&#038;p=329421"},"modified":"2025-06-14T16:34:39","modified_gmt":"2025-06-14T19:34:39","slug":"matrizes-de-bordado-ursinhos-combo","status":"publish","type":"product","link":"https:\/\/shop.bazarcia.com\/en\/product\/matrizes-de-bordado-ursinhos-combo\/","title":{"rendered":"Matrizes de Bordado &#8211; Combo Ursinhos [Bailarina + Aviador]"},"content":{"rendered":"<p>Este \u00e9 um produto DIGITAL e os arquivos estar\u00e3o dispon\u00edveis aqui mesmo na sua conta no Bazar na aba DOWNLOADS .<\/p>\n<p>Os arquivos est\u00e3o em pasta compactada (ZIP), sendo necess\u00e1rio descompact\u00e1-la.<\/p>\n<p>Os mesmos s\u00e3o compat\u00edveis com v\u00e1rios tipos e modelos de m\u00e1quinas, com os seguintes formatos :<\/p>\n<p>PES \u2013 JEF \u2013 EXP \u2013 DST &#8211; VP3 &#8211; HUS.<\/p>\n<p>Adquirindo nossas matrizes e projetos voc\u00ea se declara de acordo com nossos TERMOS E CONDI\u00c7\u00d5ES.<br \/>\nPrograma\u00e7\u00e3o das Matrizes by Bazar do Bordado<\/p>","protected":false},"excerpt":{"rendered":"<p data-start=\"177\" data-end=\"500\">2 cole\u00e7\u00f5es lindas de matrizes de bordado de ursinhos (bailarina e aviador) , ideais para bastidores a partir do 10&#215;10. Baixe na Hora!<\/p>\n<p data-start=\"502\" data-end=\"696\">Este Kit cont\u00e9m <strong data-start=\"518\" data-end=\"552\">v\u00e1rias matrizes de bordado<\/strong>. As matrizes est\u00e3o em parceria com a Lu @artesdalucineia (J\u00e1 testadas e aprovadas para voc\u00ea bordar com tranquilidade), dispon\u00edveis em tamanhos variados (conferir imagens na galeria) , ideais para bastidores a partir do 10&#215;10. Compat\u00edveis com os principais formatos de m\u00e1quinas de bordado.<\/p>\n<p data-start=\"698\" data-end=\"928\">\ud83d\udca1 <strong data-start=\"701\" data-end=\"715\">Dicas:<\/strong><br data-start=\"715\" data-end=\"718\" \/>\u2022 Use em toalhinhas de beb\u00ea, mantas, bodies e paninhos de boca<br data-start=\"780\" data-end=\"783\" \/>\u2022 Combine com tecidos em tons pastel para um visual ainda mais delicado<br data-start=\"854\" data-end=\"857\" \/>\u2022 Ideal para compor kits de maternidade<\/p>","protected":false},"featured_media":329424,"comment_status":"open","ping_status":"closed","template":"","meta":{"_acf_changed":false,"_joinchat":[]},"product_brand":[],"product_cat":[122,280,84,1115,123],"product_tag":[],"class_list":{"0":"post-329421","1":"product","2":"type-product","3":"status-publish","4":"has-post-thumbnail","6":"product_cat-matrizes-de-bordado-animais","7":"product_cat-bailarinas","8":"product_cat-matrizes-de-bordado","9":"product_cat-sem-categoria","10":"product_cat-ursinhos","12":"first","13":"instock","14":"downloadable","15":"virtual","16":"purchasable","17":"product-type-simple"},"acf":[],"yoast_head":"<!-- This site is optimized with the Yoast SEO plugin v27.2 - https:\/\/yoast.com\/product\/yoast-seo-wordpress\/ -->\n<title>Matrizes de Bordado - Combo Ursinhos [Bailarina + Aviador] - \ud835\udc1b\ud835\udc1a\ud835\udc33\ud835\udc1a\ud835\udc2b &amp; \ud835\udc1c\ud835\udc22\ud835\udc1a<\/title>\n<meta name=\"description\" content=\"2 cole\u00e7\u00f5es lindas de matrizes de bordado de ursinhos (bailarina e aviador) , ideais para bastidores a partir do 10x10. Baixe na Hora!\" \/>\n<meta name=\"robots\" content=\"index, follow, max-snippet:-1, max-image-preview:large, max-video-preview:-1\" \/>\n<link rel=\"canonical\" href=\"https:\/\/shop.bazarcia.com\/en\/product\/matrizes-de-bordado-ursinhos-combo\/\" \/>\n<meta property=\"og:locale\" content=\"en_US\" \/>\n<meta property=\"og:type\" content=\"article\" \/>\n<meta property=\"og:title\" content=\"Matrizes de Bordado - Combo Ursinhos [Bailarina + Aviador] - \ud835\udc1b\ud835\udc1a\ud835\udc33\ud835\udc1a\ud835\udc2b &amp; \ud835\udc1c\ud835\udc22\ud835\udc1a\" \/>\n<meta property=\"og:description\" content=\"2 cole\u00e7\u00f5es lindas de matrizes de bordado de ursinhos (bailarina e aviador) , ideais para bastidores a partir do 10x10. Baixe na Hora!\" \/>\n<meta property=\"og:url\" content=\"https:\/\/shop.bazarcia.com\/en\/product\/matrizes-de-bordado-ursinhos-combo\/\" \/>\n<meta property=\"og:site_name\" content=\"\ud835\udc1b\ud835\udc1a\ud835\udc33\ud835\udc1a\ud835\udc2b &amp; \ud835\udc1c\ud835\udc22\ud835\udc1a\" \/>\n<meta property=\"article:publisher\" content=\"https:\/\/www.facebook.com\/shopbazarcia\" \/>\n<meta property=\"article:modified_time\" content=\"2025-06-14T19:34:39+00:00\" \/>\n<meta property=\"og:image\" content=\"https:\/\/shop.bazarcia.com\/wp-content\/uploads\/2025\/06\/MATRIZES-URSINHA.png\" \/>\n\t<meta property=\"og:image:width\" content=\"800\" \/>\n\t<meta property=\"og:image:height\" content=\"800\" \/>\n\t<meta property=\"og:image:type\" content=\"image\/png\" \/>\n<meta name=\"twitter:card\" content=\"summary_large_image\" \/>\n<meta name=\"twitter:label1\" content=\"Est. reading time\" \/>\n\t<meta name=\"twitter:data1\" content=\"1 minute\" \/>\n<script type=\"application\/ld+json\" class=\"yoast-schema-graph\">{\"@context\":\"https:\/\/schema.org\",\"@graph\":[{\"@type\":\"WebPage\",\"@id\":\"https:\/\/shop.bazarcia.com\/produto\/matrizes-de-bordado-ursinhos-combo\/\",\"url\":\"https:\/\/shop.bazarcia.com\/produto\/matrizes-de-bordado-ursinhos-combo\/\",\"name\":\"Matrizes de Bordado - Combo Ursinhos [Bailarina + Aviador] - \ud835\udc1b\ud835\udc1a\ud835\udc33\ud835\udc1a\ud835\udc2b &amp; \ud835\udc1c\ud835\udc22\ud835\udc1a\",\"isPartOf\":{\"@id\":\"https:\/\/shop.bazarcia.com\/#website\"},\"primaryImageOfPage\":{\"@id\":\"https:\/\/shop.bazarcia.com\/produto\/matrizes-de-bordado-ursinhos-combo\/#primaryimage\"},\"image\":{\"@id\":\"https:\/\/shop.bazarcia.com\/produto\/matrizes-de-bordado-ursinhos-combo\/#primaryimage\"},\"thumbnailUrl\":\"https:\/\/shop.bazarcia.com\/wp-content\/uploads\/2025\/06\/MATRIZES-URSINHA.png\",\"datePublished\":\"2025-06-14T19:23:29+00:00\",\"dateModified\":\"2025-06-14T19:34:39+00:00\",\"description\":\"2 cole\u00e7\u00f5es lindas de matrizes de bordado de ursinhos (bailarina e aviador) , ideais para bastidores a partir do 10x10. Baixe na Hora!\",\"breadcrumb\":{\"@id\":\"https:\/\/shop.bazarcia.com\/produto\/matrizes-de-bordado-ursinhos-combo\/#breadcrumb\"},\"inLanguage\":\"en-US\",\"potentialAction\":[{\"@type\":\"ReadAction\",\"target\":[\"https:\/\/shop.bazarcia.com\/produto\/matrizes-de-bordado-ursinhos-combo\/\"]}]},{\"@type\":\"ImageObject\",\"inLanguage\":\"en-US\",\"@id\":\"https:\/\/shop.bazarcia.com\/produto\/matrizes-de-bordado-ursinhos-combo\/#primaryimage\",\"url\":\"https:\/\/shop.bazarcia.com\/wp-content\/uploads\/2025\/06\/MATRIZES-URSINHA.png\",\"contentUrl\":\"https:\/\/shop.bazarcia.com\/wp-content\/uploads\/2025\/06\/MATRIZES-URSINHA.png\",\"width\":800,\"height\":800},{\"@type\":\"BreadcrumbList\",\"@id\":\"https:\/\/shop.bazarcia.com\/produto\/matrizes-de-bordado-ursinhos-combo\/#breadcrumb\",\"itemListElement\":[{\"@type\":\"ListItem\",\"position\":1,\"name\":\"In\u00edcio\",\"item\":\"https:\/\/shop.bazarcia.com\/\"},{\"@type\":\"ListItem\",\"position\":2,\"name\":\"Loja\",\"item\":\"https:\/\/shop.bazarcia.com\/loja\/\"},{\"@type\":\"ListItem\",\"position\":3,\"name\":\"Matrizes de Bordado &#8211; Combo Ursinhos [Bailarina + Aviador]\"}]},{\"@type\":\"WebSite\",\"@id\":\"https:\/\/shop.bazarcia.com\/#website\",\"url\":\"https:\/\/shop.bazarcia.com\/\",\"name\":\"Bazar & Cia\",\"description\":\"criatividade ponto a ponto\",\"publisher\":{\"@id\":\"https:\/\/shop.bazarcia.com\/#organization\"},\"potentialAction\":[{\"@type\":\"SearchAction\",\"target\":{\"@type\":\"EntryPoint\",\"urlTemplate\":\"https:\/\/shop.bazarcia.com\/?s={search_term_string}\"},\"query-input\":{\"@type\":\"PropertyValueSpecification\",\"valueRequired\":true,\"valueName\":\"search_term_string\"}}],\"inLanguage\":\"en-US\"},{\"@type\":\"Organization\",\"@id\":\"https:\/\/shop.bazarcia.com\/#organization\",\"name\":\"Bazar & Cia\",\"url\":\"https:\/\/shop.bazarcia.com\/\",\"logo\":{\"@type\":\"ImageObject\",\"inLanguage\":\"en-US\",\"@id\":\"https:\/\/shop.bazarcia.com\/#\/schema\/logo\/image\/\",\"url\":\"https:\/\/shop.bazarcia.com\/wp-content\/uploads\/2024\/02\/cropped-logo_bazarcia.png\",\"contentUrl\":\"https:\/\/shop.bazarcia.com\/wp-content\/uploads\/2024\/02\/cropped-logo_bazarcia.png\",\"width\":150,\"height\":150,\"caption\":\"Bazar & Cia\"},\"image\":{\"@id\":\"https:\/\/shop.bazarcia.com\/#\/schema\/logo\/image\/\"},\"sameAs\":[\"https:\/\/www.facebook.com\/shopbazarcia\",\"https:\/\/www.instagram.com\/shopbazarcia\",\"https:\/\/br.pinterest.com\/suzane_eloise\/\",\"https:\/\/www.youtube.com\/c\/BazardoBordadoMatrizeseProjetos\"]}]}<\/script>\n<!-- \/ Yoast SEO plugin. -->","yoast_head_json":{"title":"Matrizes de Bordado - Combo Ursinhos [Bailarina + Aviador] - \ud835\udc1b\ud835\udc1a\ud835\udc33\ud835\udc1a\ud835\udc2b &amp; \ud835\udc1c\ud835\udc22\ud835\udc1a","description":"2 cole\u00e7\u00f5es lindas de matrizes de bordado de ursinhos (bailarina e aviador) , ideais para bastidores a partir do 10x10. Baixe na Hora!","robots":{"index":"index","follow":"follow","max-snippet":"max-snippet:-1","max-image-preview":"max-image-preview:large","max-video-preview":"max-video-preview:-1"},"canonical":"https:\/\/shop.bazarcia.com\/en\/product\/matrizes-de-bordado-ursinhos-combo\/","og_locale":"en_US","og_type":"article","og_title":"Matrizes de Bordado - Combo Ursinhos [Bailarina + Aviador] - \ud835\udc1b\ud835\udc1a\ud835\udc33\ud835\udc1a\ud835\udc2b &amp; \ud835\udc1c\ud835\udc22\ud835\udc1a","og_description":"2 cole\u00e7\u00f5es lindas de matrizes de bordado de ursinhos (bailarina e aviador) , ideais para bastidores a partir do 10x10. Baixe na Hora!","og_url":"https:\/\/shop.bazarcia.com\/en\/product\/matrizes-de-bordado-ursinhos-combo\/","og_site_name":"\ud835\udc1b\ud835\udc1a\ud835\udc33\ud835\udc1a\ud835\udc2b &amp; \ud835\udc1c\ud835\udc22\ud835\udc1a","article_publisher":"https:\/\/www.facebook.com\/shopbazarcia","article_modified_time":"2025-06-14T19:34:39+00:00","og_image":[{"width":800,"height":800,"url":"https:\/\/shop.bazarcia.com\/wp-content\/uploads\/2025\/06\/MATRIZES-URSINHA.png","type":"image\/png"}],"twitter_card":"summary_large_image","twitter_misc":{"Est. reading time":"1 minute"},"schema":{"@context":"https:\/\/schema.org","@graph":[{"@type":"WebPage","@id":"https:\/\/shop.bazarcia.com\/produto\/matrizes-de-bordado-ursinhos-combo\/","url":"https:\/\/shop.bazarcia.com\/produto\/matrizes-de-bordado-ursinhos-combo\/","name":"Matrizes de Bordado - Combo Ursinhos [Bailarina + Aviador] - \ud835\udc1b\ud835\udc1a\ud835\udc33\ud835\udc1a\ud835\udc2b &amp; \ud835\udc1c\ud835\udc22\ud835\udc1a","isPartOf":{"@id":"https:\/\/shop.bazarcia.com\/#website"},"primaryImageOfPage":{"@id":"https:\/\/shop.bazarcia.com\/produto\/matrizes-de-bordado-ursinhos-combo\/#primaryimage"},"image":{"@id":"https:\/\/shop.bazarcia.com\/produto\/matrizes-de-bordado-ursinhos-combo\/#primaryimage"},"thumbnailUrl":"https:\/\/shop.bazarcia.com\/wp-content\/uploads\/2025\/06\/MATRIZES-URSINHA.png","datePublished":"2025-06-14T19:23:29+00:00","dateModified":"2025-06-14T19:34:39+00:00","description":"2 cole\u00e7\u00f5es lindas de matrizes de bordado de ursinhos (bailarina e aviador) , ideais para bastidores a partir do 10x10. Baixe na Hora!","breadcrumb":{"@id":"https:\/\/shop.bazarcia.com\/produto\/matrizes-de-bordado-ursinhos-combo\/#breadcrumb"},"inLanguage":"en-US","potentialAction":[{"@type":"ReadAction","target":["https:\/\/shop.bazarcia.com\/produto\/matrizes-de-bordado-ursinhos-combo\/"]}]},{"@type":"ImageObject","inLanguage":"en-US","@id":"https:\/\/shop.bazarcia.com\/produto\/matrizes-de-bordado-ursinhos-combo\/#primaryimage","url":"https:\/\/shop.bazarcia.com\/wp-content\/uploads\/2025\/06\/MATRIZES-URSINHA.png","contentUrl":"https:\/\/shop.bazarcia.com\/wp-content\/uploads\/2025\/06\/MATRIZES-URSINHA.png","width":800,"height":800},{"@type":"BreadcrumbList","@id":"https:\/\/shop.bazarcia.com\/produto\/matrizes-de-bordado-ursinhos-combo\/#breadcrumb","itemListElement":[{"@type":"ListItem","position":1,"name":"In\u00edcio","item":"https:\/\/shop.bazarcia.com\/"},{"@type":"ListItem","position":2,"name":"Loja","item":"https:\/\/shop.bazarcia.com\/loja\/"},{"@type":"ListItem","position":3,"name":"Matrizes de Bordado &#8211; Combo Ursinhos [Bailarina + Aviador]"}]},{"@type":"WebSite","@id":"https:\/\/shop.bazarcia.com\/#website","url":"https:\/\/shop.bazarcia.com\/","name":"Bazar & Cia","description":"criatividade ponto a ponto","publisher":{"@id":"https:\/\/shop.bazarcia.com\/#organization"},"potentialAction":[{"@type":"SearchAction","target":{"@type":"EntryPoint","urlTemplate":"https:\/\/shop.bazarcia.com\/?s={search_term_string}"},"query-input":{"@type":"PropertyValueSpecification","valueRequired":true,"valueName":"search_term_string"}}],"inLanguage":"en-US"},{"@type":"Organization","@id":"https:\/\/shop.bazarcia.com\/#organization","name":"Bazar & Cia","url":"https:\/\/shop.bazarcia.com\/","logo":{"@type":"ImageObject","inLanguage":"en-US","@id":"https:\/\/shop.bazarcia.com\/#\/schema\/logo\/image\/","url":"https:\/\/shop.bazarcia.com\/wp-content\/uploads\/2024\/02\/cropped-logo_bazarcia.png","contentUrl":"https:\/\/shop.bazarcia.com\/wp-content\/uploads\/2024\/02\/cropped-logo_bazarcia.png","width":150,"height":150,"caption":"Bazar & Cia"},"image":{"@id":"https:\/\/shop.bazarcia.com\/#\/schema\/logo\/image\/"},"sameAs":["https:\/\/www.facebook.com\/shopbazarcia","https:\/\/www.instagram.com\/shopbazarcia","https:\/\/br.pinterest.com\/suzane_eloise\/","https:\/\/www.youtube.com\/c\/BazardoBordadoMatrizeseProjetos"]}]}},"_links":{"self":[{"href":"https:\/\/shop.bazarcia.com\/en\/wp-json\/wp\/v2\/product\/329421","targetHints":{"allow":["GET"]}}],"collection":[{"href":"https:\/\/shop.bazarcia.com\/en\/wp-json\/wp\/v2\/product"}],"about":[{"href":"https:\/\/shop.bazarcia.com\/en\/wp-json\/wp\/v2\/types\/product"}],"replies":[{"embeddable":true,"href":"https:\/\/shop.bazarcia.com\/en\/wp-json\/wp\/v2\/comments?post=329421"}],"version-history":[{"count":3,"href":"https:\/\/shop.bazarcia.com\/en\/wp-json\/wp\/v2\/product\/329421\/revisions"}],"predecessor-version":[{"id":329425,"href":"https:\/\/shop.bazarcia.com\/en\/wp-json\/wp\/v2\/product\/329421\/revisions\/329425"}],"wp:featuredmedia":[{"embeddable":true,"href":"https:\/\/shop.bazarcia.com\/en\/wp-json\/wp\/v2\/media\/329424"}],"wp:attachment":[{"href":"https:\/\/shop.bazarcia.com\/en\/wp-json\/wp\/v2\/media?parent=329421"}],"wp:term":[{"taxonomy":"product_brand","embeddable":true,"href":"https:\/\/shop.bazarcia.com\/en\/wp-json\/wp\/v2\/product_brand?post=329421"},{"taxonomy":"product_cat","embeddable":true,"href":"https:\/\/shop.bazarcia.com\/en\/wp-json\/wp\/v2\/product_cat?post=329421"},{"taxonomy":"product_tag","embeddable":true,"href":"https:\/\/shop.bazarcia.com\/en\/wp-json\/wp\/v2\/product_tag?post=329421"}],"curies":[{"name":"wp","href":"https:\/\/api.w.org\/{rel}","templated":true}]}}