{"id":329601,"date":"2025-06-15T18:34:38","date_gmt":"2025-06-15T21:34:38","guid":{"rendered":"https:\/\/shop.bazarcia.com\/?post_type=product&#038;p=329601"},"modified":"2025-06-15T19:18:25","modified_gmt":"2025-06-15T22:18:25","slug":"matrizes-de-bordado-trio-jardim-e-borboletas","status":"publish","type":"product","link":"https:\/\/shop.bazarcia.com\/en\/product\/matrizes-de-bordado-trio-jardim-e-borboletas\/","title":{"rendered":"Matrizes de Bordado &#8211; Trio Jardim e Borboletas"},"content":{"rendered":"<p>Este Kit cont\u00e9m um trio de matrizes de bordado. As matrizes est\u00e3o dispon\u00edveis em diversos tamanhos, ideais para bastidores a partir do 10&#215;10 (conferir tamanhos nas imagens). Compat\u00edveis com os principais formatos de m\u00e1quinas de bordado.<\/p>\n<ul data-start=\"780\" data-end=\"1041\">\n<li data-start=\"780\" data-end=\"902\">\n<p data-start=\"782\" data-end=\"902\">Matrizes de Bordado disponibilizadas em <strong data-start=\"822\" data-end=\"835\">Pasta ZIP<\/strong>, nos seguintes formatos: PES &#8211; JEF &#8211; EXP &#8211; DST &#8211; HUS &#8211; VP3<\/p>\n<\/li>\n<li data-start=\"780\" data-end=\"902\">\ud83e\uddf5 <strong data-start=\"79\" data-end=\"106\">Formato DST dispon\u00edvel!<\/strong><br data-start=\"106\" data-end=\"109\" \/>Essa cole\u00e7\u00e3o tamb\u00e9m est\u00e1 dispon\u00edvel no formato <strong data-start=\"156\" data-end=\"163\">DST<\/strong>, considerado um <strong data-start=\"180\" data-end=\"203\">\u201cformato universal\u201d<\/strong> por ser aceito pelas principais marcas e modelos de m\u00e1quinas de bordado, tanto <strong data-start=\"283\" data-end=\"316\">dom\u00e9sticas quanto industriais<\/strong>.<br data-start=\"317\" data-end=\"320\" \/>Entre as compat\u00edveis est\u00e3o <strong data-start=\"347\" data-end=\"412\">Tajima, Barudan, Brother, Janome (modelos compat\u00edveis), Melco<\/strong>, entre outras.<br data-start=\"427\" data-end=\"430\" \/>O arquivo DST cont\u00e9m todas as instru\u00e7\u00f5es de pontos necess\u00e1rias para que sua m\u00e1quina execute o bordado com precis\u00e3o.<\/li>\n<li data-start=\"903\" data-end=\"937\">\n<p data-start=\"905\" data-end=\"937\"><strong data-start=\"905\" data-end=\"931\">Tamanhos das Matrizes: ver imagens da galeria<\/strong><\/p>\n<\/li>\n<li data-start=\"938\" data-end=\"1041\">\n<p data-start=\"940\" data-end=\"1041\">Palavras-chave: matriz, matrizes, projeto, bordado, borboletas, jardim, flores, delicado, primavera<\/p>\n<\/li>\n<\/ul>","protected":false},"excerpt":{"rendered":"<p>Delicadeza em cada ponto! Este trio exclusivo de matrizes une o charme das borboletas com a leveza das flores, criando composi\u00e7\u00f5es encantadoras para fraldas, toalhas, n\u00e9cessaire e pe\u00e7as decorativas. Uma cole\u00e7\u00e3o perfeita para quem ama bordar com suavidade e feminilidade.<\/p>\n<p>\u2022 Ideal para projetos rom\u00e2nticos e florais<br \/>\n\u2022 Combina\u00e7\u00f5es vers\u00e1teis<br \/>\n\u2022 Parceria especial com @ateliepamelagodoi \u2013 testado e aprovado!<\/p>\n<p>Este Kit cont\u00e9m um trio de matrizes de bordado. As matrizes est\u00e3o dispon\u00edveis em diversos tamanhos, ideais para bastidores a partir do 10&#215;10 (conferir tamanhos nas imagens). Compat\u00edveis com os principais formatos de m\u00e1quinas de bordado.<\/p>","protected":false},"featured_media":329606,"comment_status":"open","ping_status":"closed","template":"","meta":{"_acf_changed":false,"_joinchat":[]},"product_brand":[],"product_cat":[296,1954,84],"product_tag":[1432],"class_list":{"0":"post-329601","1":"product","2":"type-product","3":"status-publish","4":"has-post-thumbnail","6":"product_cat-florais","7":"product_cat-flores-de-jardim","8":"product_cat-matrizes-de-bordado","9":"product_tag-matrizes-de-bordado","11":"first","12":"instock","13":"sale","14":"downloadable","15":"virtual","16":"purchasable","17":"product-type-simple"},"acf":[],"yoast_head":"<!-- This site is optimized with the Yoast SEO plugin v27.2 - https:\/\/yoast.com\/product\/yoast-seo-wordpress\/ -->\n<title>Matrizes de Bordado - Trio Jardim e Borboletas - \ud835\udc1b\ud835\udc1a\ud835\udc33\ud835\udc1a\ud835\udc2b &amp; \ud835\udc1c\ud835\udc22\ud835\udc1a<\/title>\n<meta name=\"description\" content=\"Este Kit cont\u00e9m um trio de matrizes de bordado. As matrizes est\u00e3o dispon\u00edveis em diversos tamanhos, ideais para bastidores a partir do 10x10.\" \/>\n<meta name=\"robots\" content=\"index, follow, max-snippet:-1, max-image-preview:large, max-video-preview:-1\" \/>\n<link rel=\"canonical\" href=\"https:\/\/shop.bazarcia.com\/en\/product\/matrizes-de-bordado-trio-jardim-e-borboletas\/\" \/>\n<meta property=\"og:locale\" content=\"en_US\" \/>\n<meta property=\"og:type\" content=\"article\" \/>\n<meta property=\"og:title\" content=\"Matrizes de Bordado - Trio Jardim e Borboletas - \ud835\udc1b\ud835\udc1a\ud835\udc33\ud835\udc1a\ud835\udc2b &amp; \ud835\udc1c\ud835\udc22\ud835\udc1a\" \/>\n<meta property=\"og:description\" content=\"Este Kit cont\u00e9m um trio de matrizes de bordado. As matrizes est\u00e3o dispon\u00edveis em diversos tamanhos, ideais para bastidores a partir do 10x10.\" \/>\n<meta property=\"og:url\" content=\"https:\/\/shop.bazarcia.com\/en\/product\/matrizes-de-bordado-trio-jardim-e-borboletas\/\" \/>\n<meta property=\"og:site_name\" content=\"\ud835\udc1b\ud835\udc1a\ud835\udc33\ud835\udc1a\ud835\udc2b &amp; \ud835\udc1c\ud835\udc22\ud835\udc1a\" \/>\n<meta property=\"article:publisher\" content=\"https:\/\/www.facebook.com\/shopbazarcia\" \/>\n<meta property=\"article:modified_time\" content=\"2025-06-15T22:18:25+00:00\" \/>\n<meta property=\"og:image\" content=\"https:\/\/shop.bazarcia.com\/wp-content\/uploads\/2025\/06\/matrizes-jardim-trio-pam.png\" \/>\n\t<meta property=\"og:image:width\" content=\"800\" \/>\n\t<meta property=\"og:image:height\" content=\"800\" \/>\n\t<meta property=\"og:image:type\" content=\"image\/png\" \/>\n<meta name=\"twitter:card\" content=\"summary_large_image\" \/>\n<meta name=\"twitter:label1\" content=\"Est. reading time\" \/>\n\t<meta name=\"twitter:data1\" content=\"1 minute\" \/>\n<script type=\"application\/ld+json\" class=\"yoast-schema-graph\">{\"@context\":\"https:\/\/schema.org\",\"@graph\":[{\"@type\":\"WebPage\",\"@id\":\"https:\/\/shop.bazarcia.com\/produto\/matrizes-de-bordado-trio-jardim-e-borboletas\/\",\"url\":\"https:\/\/shop.bazarcia.com\/produto\/matrizes-de-bordado-trio-jardim-e-borboletas\/\",\"name\":\"Matrizes de Bordado - Trio Jardim e Borboletas - \ud835\udc1b\ud835\udc1a\ud835\udc33\ud835\udc1a\ud835\udc2b &amp; \ud835\udc1c\ud835\udc22\ud835\udc1a\",\"isPartOf\":{\"@id\":\"https:\/\/shop.bazarcia.com\/#website\"},\"primaryImageOfPage\":{\"@id\":\"https:\/\/shop.bazarcia.com\/produto\/matrizes-de-bordado-trio-jardim-e-borboletas\/#primaryimage\"},\"image\":{\"@id\":\"https:\/\/shop.bazarcia.com\/produto\/matrizes-de-bordado-trio-jardim-e-borboletas\/#primaryimage\"},\"thumbnailUrl\":\"https:\/\/shop.bazarcia.com\/wp-content\/uploads\/2025\/06\/matrizes-jardim-trio-pam.png\",\"datePublished\":\"2025-06-15T21:34:38+00:00\",\"dateModified\":\"2025-06-15T22:18:25+00:00\",\"description\":\"Este Kit cont\u00e9m um trio de matrizes de bordado. As matrizes est\u00e3o dispon\u00edveis em diversos tamanhos, ideais para bastidores a partir do 10x10.\",\"breadcrumb\":{\"@id\":\"https:\/\/shop.bazarcia.com\/produto\/matrizes-de-bordado-trio-jardim-e-borboletas\/#breadcrumb\"},\"inLanguage\":\"en-US\",\"potentialAction\":[{\"@type\":\"ReadAction\",\"target\":[\"https:\/\/shop.bazarcia.com\/produto\/matrizes-de-bordado-trio-jardim-e-borboletas\/\"]}]},{\"@type\":\"ImageObject\",\"inLanguage\":\"en-US\",\"@id\":\"https:\/\/shop.bazarcia.com\/produto\/matrizes-de-bordado-trio-jardim-e-borboletas\/#primaryimage\",\"url\":\"https:\/\/shop.bazarcia.com\/wp-content\/uploads\/2025\/06\/matrizes-jardim-trio-pam.png\",\"contentUrl\":\"https:\/\/shop.bazarcia.com\/wp-content\/uploads\/2025\/06\/matrizes-jardim-trio-pam.png\",\"width\":800,\"height\":800},{\"@type\":\"BreadcrumbList\",\"@id\":\"https:\/\/shop.bazarcia.com\/produto\/matrizes-de-bordado-trio-jardim-e-borboletas\/#breadcrumb\",\"itemListElement\":[{\"@type\":\"ListItem\",\"position\":1,\"name\":\"In\u00edcio\",\"item\":\"https:\/\/shop.bazarcia.com\/\"},{\"@type\":\"ListItem\",\"position\":2,\"name\":\"Loja\",\"item\":\"https:\/\/shop.bazarcia.com\/loja\/\"},{\"@type\":\"ListItem\",\"position\":3,\"name\":\"Matrizes de Bordado &#8211; Trio Jardim e Borboletas\"}]},{\"@type\":\"WebSite\",\"@id\":\"https:\/\/shop.bazarcia.com\/#website\",\"url\":\"https:\/\/shop.bazarcia.com\/\",\"name\":\"Bazar & Cia\",\"description\":\"criatividade ponto a ponto\",\"publisher\":{\"@id\":\"https:\/\/shop.bazarcia.com\/#organization\"},\"potentialAction\":[{\"@type\":\"SearchAction\",\"target\":{\"@type\":\"EntryPoint\",\"urlTemplate\":\"https:\/\/shop.bazarcia.com\/?s={search_term_string}\"},\"query-input\":{\"@type\":\"PropertyValueSpecification\",\"valueRequired\":true,\"valueName\":\"search_term_string\"}}],\"inLanguage\":\"en-US\"},{\"@type\":\"Organization\",\"@id\":\"https:\/\/shop.bazarcia.com\/#organization\",\"name\":\"Bazar & Cia\",\"url\":\"https:\/\/shop.bazarcia.com\/\",\"logo\":{\"@type\":\"ImageObject\",\"inLanguage\":\"en-US\",\"@id\":\"https:\/\/shop.bazarcia.com\/#\/schema\/logo\/image\/\",\"url\":\"https:\/\/shop.bazarcia.com\/wp-content\/uploads\/2024\/02\/cropped-logo_bazarcia.png\",\"contentUrl\":\"https:\/\/shop.bazarcia.com\/wp-content\/uploads\/2024\/02\/cropped-logo_bazarcia.png\",\"width\":150,\"height\":150,\"caption\":\"Bazar & Cia\"},\"image\":{\"@id\":\"https:\/\/shop.bazarcia.com\/#\/schema\/logo\/image\/\"},\"sameAs\":[\"https:\/\/www.facebook.com\/shopbazarcia\",\"https:\/\/www.instagram.com\/shopbazarcia\",\"https:\/\/br.pinterest.com\/suzane_eloise\/\",\"https:\/\/www.youtube.com\/c\/BazardoBordadoMatrizeseProjetos\"]}]}<\/script>\n<!-- \/ Yoast SEO plugin. -->","yoast_head_json":{"title":"Matrizes de Bordado - Trio Jardim e Borboletas - \ud835\udc1b\ud835\udc1a\ud835\udc33\ud835\udc1a\ud835\udc2b &amp; \ud835\udc1c\ud835\udc22\ud835\udc1a","description":"Este Kit cont\u00e9m um trio de matrizes de bordado. As matrizes est\u00e3o dispon\u00edveis em diversos tamanhos, ideais para bastidores a partir do 10x10.","robots":{"index":"index","follow":"follow","max-snippet":"max-snippet:-1","max-image-preview":"max-image-preview:large","max-video-preview":"max-video-preview:-1"},"canonical":"https:\/\/shop.bazarcia.com\/en\/product\/matrizes-de-bordado-trio-jardim-e-borboletas\/","og_locale":"en_US","og_type":"article","og_title":"Matrizes de Bordado - Trio Jardim e Borboletas - \ud835\udc1b\ud835\udc1a\ud835\udc33\ud835\udc1a\ud835\udc2b &amp; \ud835\udc1c\ud835\udc22\ud835\udc1a","og_description":"Este Kit cont\u00e9m um trio de matrizes de bordado. As matrizes est\u00e3o dispon\u00edveis em diversos tamanhos, ideais para bastidores a partir do 10x10.","og_url":"https:\/\/shop.bazarcia.com\/en\/product\/matrizes-de-bordado-trio-jardim-e-borboletas\/","og_site_name":"\ud835\udc1b\ud835\udc1a\ud835\udc33\ud835\udc1a\ud835\udc2b &amp; \ud835\udc1c\ud835\udc22\ud835\udc1a","article_publisher":"https:\/\/www.facebook.com\/shopbazarcia","article_modified_time":"2025-06-15T22:18:25+00:00","og_image":[{"width":800,"height":800,"url":"https:\/\/shop.bazarcia.com\/wp-content\/uploads\/2025\/06\/matrizes-jardim-trio-pam.png","type":"image\/png"}],"twitter_card":"summary_large_image","twitter_misc":{"Est. reading time":"1 minute"},"schema":{"@context":"https:\/\/schema.org","@graph":[{"@type":"WebPage","@id":"https:\/\/shop.bazarcia.com\/produto\/matrizes-de-bordado-trio-jardim-e-borboletas\/","url":"https:\/\/shop.bazarcia.com\/produto\/matrizes-de-bordado-trio-jardim-e-borboletas\/","name":"Matrizes de Bordado - Trio Jardim e Borboletas - \ud835\udc1b\ud835\udc1a\ud835\udc33\ud835\udc1a\ud835\udc2b &amp; \ud835\udc1c\ud835\udc22\ud835\udc1a","isPartOf":{"@id":"https:\/\/shop.bazarcia.com\/#website"},"primaryImageOfPage":{"@id":"https:\/\/shop.bazarcia.com\/produto\/matrizes-de-bordado-trio-jardim-e-borboletas\/#primaryimage"},"image":{"@id":"https:\/\/shop.bazarcia.com\/produto\/matrizes-de-bordado-trio-jardim-e-borboletas\/#primaryimage"},"thumbnailUrl":"https:\/\/shop.bazarcia.com\/wp-content\/uploads\/2025\/06\/matrizes-jardim-trio-pam.png","datePublished":"2025-06-15T21:34:38+00:00","dateModified":"2025-06-15T22:18:25+00:00","description":"Este Kit cont\u00e9m um trio de matrizes de bordado. As matrizes est\u00e3o dispon\u00edveis em diversos tamanhos, ideais para bastidores a partir do 10x10.","breadcrumb":{"@id":"https:\/\/shop.bazarcia.com\/produto\/matrizes-de-bordado-trio-jardim-e-borboletas\/#breadcrumb"},"inLanguage":"en-US","potentialAction":[{"@type":"ReadAction","target":["https:\/\/shop.bazarcia.com\/produto\/matrizes-de-bordado-trio-jardim-e-borboletas\/"]}]},{"@type":"ImageObject","inLanguage":"en-US","@id":"https:\/\/shop.bazarcia.com\/produto\/matrizes-de-bordado-trio-jardim-e-borboletas\/#primaryimage","url":"https:\/\/shop.bazarcia.com\/wp-content\/uploads\/2025\/06\/matrizes-jardim-trio-pam.png","contentUrl":"https:\/\/shop.bazarcia.com\/wp-content\/uploads\/2025\/06\/matrizes-jardim-trio-pam.png","width":800,"height":800},{"@type":"BreadcrumbList","@id":"https:\/\/shop.bazarcia.com\/produto\/matrizes-de-bordado-trio-jardim-e-borboletas\/#breadcrumb","itemListElement":[{"@type":"ListItem","position":1,"name":"In\u00edcio","item":"https:\/\/shop.bazarcia.com\/"},{"@type":"ListItem","position":2,"name":"Loja","item":"https:\/\/shop.bazarcia.com\/loja\/"},{"@type":"ListItem","position":3,"name":"Matrizes de Bordado &#8211; Trio Jardim e Borboletas"}]},{"@type":"WebSite","@id":"https:\/\/shop.bazarcia.com\/#website","url":"https:\/\/shop.bazarcia.com\/","name":"Bazar & Cia","description":"criatividade ponto a ponto","publisher":{"@id":"https:\/\/shop.bazarcia.com\/#organization"},"potentialAction":[{"@type":"SearchAction","target":{"@type":"EntryPoint","urlTemplate":"https:\/\/shop.bazarcia.com\/?s={search_term_string}"},"query-input":{"@type":"PropertyValueSpecification","valueRequired":true,"valueName":"search_term_string"}}],"inLanguage":"en-US"},{"@type":"Organization","@id":"https:\/\/shop.bazarcia.com\/#organization","name":"Bazar & Cia","url":"https:\/\/shop.bazarcia.com\/","logo":{"@type":"ImageObject","inLanguage":"en-US","@id":"https:\/\/shop.bazarcia.com\/#\/schema\/logo\/image\/","url":"https:\/\/shop.bazarcia.com\/wp-content\/uploads\/2024\/02\/cropped-logo_bazarcia.png","contentUrl":"https:\/\/shop.bazarcia.com\/wp-content\/uploads\/2024\/02\/cropped-logo_bazarcia.png","width":150,"height":150,"caption":"Bazar & Cia"},"image":{"@id":"https:\/\/shop.bazarcia.com\/#\/schema\/logo\/image\/"},"sameAs":["https:\/\/www.facebook.com\/shopbazarcia","https:\/\/www.instagram.com\/shopbazarcia","https:\/\/br.pinterest.com\/suzane_eloise\/","https:\/\/www.youtube.com\/c\/BazardoBordadoMatrizeseProjetos"]}]}},"_links":{"self":[{"href":"https:\/\/shop.bazarcia.com\/en\/wp-json\/wp\/v2\/product\/329601","targetHints":{"allow":["GET"]}}],"collection":[{"href":"https:\/\/shop.bazarcia.com\/en\/wp-json\/wp\/v2\/product"}],"about":[{"href":"https:\/\/shop.bazarcia.com\/en\/wp-json\/wp\/v2\/types\/product"}],"replies":[{"embeddable":true,"href":"https:\/\/shop.bazarcia.com\/en\/wp-json\/wp\/v2\/comments?post=329601"}],"version-history":[{"count":1,"href":"https:\/\/shop.bazarcia.com\/en\/wp-json\/wp\/v2\/product\/329601\/revisions"}],"predecessor-version":[{"id":329618,"href":"https:\/\/shop.bazarcia.com\/en\/wp-json\/wp\/v2\/product\/329601\/revisions\/329618"}],"wp:featuredmedia":[{"embeddable":true,"href":"https:\/\/shop.bazarcia.com\/en\/wp-json\/wp\/v2\/media\/329606"}],"wp:attachment":[{"href":"https:\/\/shop.bazarcia.com\/en\/wp-json\/wp\/v2\/media?parent=329601"}],"wp:term":[{"taxonomy":"product_brand","embeddable":true,"href":"https:\/\/shop.bazarcia.com\/en\/wp-json\/wp\/v2\/product_brand?post=329601"},{"taxonomy":"product_cat","embeddable":true,"href":"https:\/\/shop.bazarcia.com\/en\/wp-json\/wp\/v2\/product_cat?post=329601"},{"taxonomy":"product_tag","embeddable":true,"href":"https:\/\/shop.bazarcia.com\/en\/wp-json\/wp\/v2\/product_tag?post=329601"}],"curies":[{"name":"wp","href":"https:\/\/api.w.org\/{rel}","templated":true}]}}