{"id":333669,"date":"2025-07-10T16:00:10","date_gmt":"2025-07-10T19:00:10","guid":{"rendered":"https:\/\/shop.bazarcia.com\/?post_type=product&#038;p=333669"},"modified":"2025-07-17T12:41:18","modified_gmt":"2025-07-17T15:41:18","slug":"dia-dos-pais-com-bigode-dia-dos-pais","status":"publish","type":"product","link":"https:\/\/shop.bazarcia.com\/en\/product\/dia-dos-pais-com-bigode-dia-dos-pais\/","title":{"rendered":"DIA DOS PAIS COM BIGODE &#8211; DIA DOS PAIS"},"content":{"rendered":"<p><em>Matriz Especial DIA DOS PAIS<\/em><br \/>\n#1022\u00a0 DIA DOS PAIS COM BIGODE<\/p>\n<p><em><strong>Dados da Matriz<\/strong><\/em><\/p>\n<p>Tamanho \u2013 90mm X 53mm<br \/>\nEstilo de Ponto \u2013 Ponto Cheio\/Imput C\/tatami Especial<br \/>\nArquivos enviados em DST, PES, JEF, XXX e ZSK \u2013 para demais formatos entrar em contato.<\/p>\n<p><strong>Informa\u00e7\u00f5es adicionais<\/strong><br \/>\nPara aplica\u00e7\u00e3o em bon\u00e9s, solicitar nova matriz pois o projeto de constru\u00e7\u00e3o \u00e9 totalmente diferente.<\/p>\n<p><strong>Contato<\/strong><br \/>\nWhatsapp (48) 996382339<\/p>","protected":false},"excerpt":{"rendered":"<p>Matriz Especial DIA DOS PAIS #1022\u00a0 DIA DOS PAIS COM BIGODE Dados da Matriz Tamanho \u2013 90mm X 53mm Estilo<\/p>","protected":false},"featured_media":333670,"comment_status":"open","ping_status":"closed","template":"","meta":{"_acf_changed":false,"_joinchat":[]},"product_brand":[],"product_cat":[84,145],"product_tag":[],"class_list":{"0":"post-333669","1":"product","2":"type-product","3":"status-publish","4":"has-post-thumbnail","6":"product_cat-matrizes-de-bordado","7":"product_cat-dia-dos-pais","9":"first","10":"instock","11":"downloadable","12":"virtual","13":"purchasable","14":"product-type-simple"},"acf":[],"yoast_head":"<!-- This site is optimized with the Yoast SEO plugin v27.2 - https:\/\/yoast.com\/product\/yoast-seo-wordpress\/ -->\n<title>DIA DOS PAIS COM BIGODE - DIA DOS PAIS - \ud835\udc1b\ud835\udc1a\ud835\udc33\ud835\udc1a\ud835\udc2b &amp; \ud835\udc1c\ud835\udc22\ud835\udc1a<\/title>\n<meta name=\"robots\" content=\"index, follow, max-snippet:-1, max-image-preview:large, max-video-preview:-1\" \/>\n<link rel=\"canonical\" href=\"https:\/\/shop.bazarcia.com\/en\/product\/dia-dos-pais-com-bigode-dia-dos-pais\/\" \/>\n<meta property=\"og:locale\" content=\"en_US\" \/>\n<meta property=\"og:type\" content=\"article\" \/>\n<meta property=\"og:title\" content=\"DIA DOS PAIS COM BIGODE - DIA DOS PAIS - \ud835\udc1b\ud835\udc1a\ud835\udc33\ud835\udc1a\ud835\udc2b &amp; \ud835\udc1c\ud835\udc22\ud835\udc1a\" \/>\n<meta property=\"og:description\" content=\"Matriz Especial DIA DOS PAIS #1022\u00a0 DIA DOS PAIS COM BIGODE Dados da Matriz Tamanho \u2013 90mm X 53mm Estilo\" \/>\n<meta property=\"og:url\" content=\"https:\/\/shop.bazarcia.com\/en\/product\/dia-dos-pais-com-bigode-dia-dos-pais\/\" \/>\n<meta property=\"og:site_name\" content=\"\ud835\udc1b\ud835\udc1a\ud835\udc33\ud835\udc1a\ud835\udc2b &amp; \ud835\udc1c\ud835\udc22\ud835\udc1a\" \/>\n<meta property=\"article:publisher\" content=\"https:\/\/www.facebook.com\/shopbazarcia\" \/>\n<meta property=\"article:modified_time\" content=\"2025-07-17T15:41:18+00:00\" \/>\n<meta property=\"og:image\" content=\"https:\/\/shop.bazarcia.com\/wp-content\/uploads\/2025\/07\/1022-Dia-dos-Pais-Bigode-2.png\" \/>\n\t<meta property=\"og:image:width\" content=\"1067\" \/>\n\t<meta property=\"og:image:height\" content=\"627\" \/>\n\t<meta property=\"og:image:type\" content=\"image\/png\" \/>\n<meta name=\"twitter:card\" content=\"summary_large_image\" \/>\n<script type=\"application\/ld+json\" class=\"yoast-schema-graph\">{\"@context\":\"https:\/\/schema.org\",\"@graph\":[{\"@type\":\"WebPage\",\"@id\":\"https:\/\/shop.bazarcia.com\/produto\/dia-dos-pais-com-bigode-dia-dos-pais\/\",\"url\":\"https:\/\/shop.bazarcia.com\/produto\/dia-dos-pais-com-bigode-dia-dos-pais\/\",\"name\":\"DIA DOS PAIS COM BIGODE - DIA DOS PAIS - \ud835\udc1b\ud835\udc1a\ud835\udc33\ud835\udc1a\ud835\udc2b &amp; \ud835\udc1c\ud835\udc22\ud835\udc1a\",\"isPartOf\":{\"@id\":\"https:\/\/shop.bazarcia.com\/#website\"},\"primaryImageOfPage\":{\"@id\":\"https:\/\/shop.bazarcia.com\/produto\/dia-dos-pais-com-bigode-dia-dos-pais\/#primaryimage\"},\"image\":{\"@id\":\"https:\/\/shop.bazarcia.com\/produto\/dia-dos-pais-com-bigode-dia-dos-pais\/#primaryimage\"},\"thumbnailUrl\":\"https:\/\/shop.bazarcia.com\/wp-content\/uploads\/2025\/07\/1022-Dia-dos-Pais-Bigode-2.png\",\"datePublished\":\"2025-07-10T19:00:10+00:00\",\"dateModified\":\"2025-07-17T15:41:18+00:00\",\"breadcrumb\":{\"@id\":\"https:\/\/shop.bazarcia.com\/produto\/dia-dos-pais-com-bigode-dia-dos-pais\/#breadcrumb\"},\"inLanguage\":\"en-US\",\"potentialAction\":[{\"@type\":\"ReadAction\",\"target\":[\"https:\/\/shop.bazarcia.com\/produto\/dia-dos-pais-com-bigode-dia-dos-pais\/\"]}]},{\"@type\":\"ImageObject\",\"inLanguage\":\"en-US\",\"@id\":\"https:\/\/shop.bazarcia.com\/produto\/dia-dos-pais-com-bigode-dia-dos-pais\/#primaryimage\",\"url\":\"https:\/\/shop.bazarcia.com\/wp-content\/uploads\/2025\/07\/1022-Dia-dos-Pais-Bigode-2.png\",\"contentUrl\":\"https:\/\/shop.bazarcia.com\/wp-content\/uploads\/2025\/07\/1022-Dia-dos-Pais-Bigode-2.png\",\"width\":1067,\"height\":627},{\"@type\":\"BreadcrumbList\",\"@id\":\"https:\/\/shop.bazarcia.com\/produto\/dia-dos-pais-com-bigode-dia-dos-pais\/#breadcrumb\",\"itemListElement\":[{\"@type\":\"ListItem\",\"position\":1,\"name\":\"In\u00edcio\",\"item\":\"https:\/\/shop.bazarcia.com\/\"},{\"@type\":\"ListItem\",\"position\":2,\"name\":\"Loja\",\"item\":\"https:\/\/shop.bazarcia.com\/loja\/\"},{\"@type\":\"ListItem\",\"position\":3,\"name\":\"DIA DOS PAIS COM BIGODE &#8211; DIA DOS PAIS\"}]},{\"@type\":\"WebSite\",\"@id\":\"https:\/\/shop.bazarcia.com\/#website\",\"url\":\"https:\/\/shop.bazarcia.com\/\",\"name\":\"Bazar & Cia\",\"description\":\"criatividade ponto a ponto\",\"publisher\":{\"@id\":\"https:\/\/shop.bazarcia.com\/#organization\"},\"potentialAction\":[{\"@type\":\"SearchAction\",\"target\":{\"@type\":\"EntryPoint\",\"urlTemplate\":\"https:\/\/shop.bazarcia.com\/?s={search_term_string}\"},\"query-input\":{\"@type\":\"PropertyValueSpecification\",\"valueRequired\":true,\"valueName\":\"search_term_string\"}}],\"inLanguage\":\"en-US\"},{\"@type\":\"Organization\",\"@id\":\"https:\/\/shop.bazarcia.com\/#organization\",\"name\":\"Bazar & Cia\",\"url\":\"https:\/\/shop.bazarcia.com\/\",\"logo\":{\"@type\":\"ImageObject\",\"inLanguage\":\"en-US\",\"@id\":\"https:\/\/shop.bazarcia.com\/#\/schema\/logo\/image\/\",\"url\":\"https:\/\/shop.bazarcia.com\/wp-content\/uploads\/2024\/02\/cropped-logo_bazarcia.png\",\"contentUrl\":\"https:\/\/shop.bazarcia.com\/wp-content\/uploads\/2024\/02\/cropped-logo_bazarcia.png\",\"width\":150,\"height\":150,\"caption\":\"Bazar & Cia\"},\"image\":{\"@id\":\"https:\/\/shop.bazarcia.com\/#\/schema\/logo\/image\/\"},\"sameAs\":[\"https:\/\/www.facebook.com\/shopbazarcia\",\"https:\/\/www.instagram.com\/shopbazarcia\",\"https:\/\/br.pinterest.com\/suzane_eloise\/\",\"https:\/\/www.youtube.com\/c\/BazardoBordadoMatrizeseProjetos\"]}]}<\/script>\n<!-- \/ Yoast SEO plugin. -->","yoast_head_json":{"title":"DIA DOS PAIS COM BIGODE - DIA DOS PAIS - \ud835\udc1b\ud835\udc1a\ud835\udc33\ud835\udc1a\ud835\udc2b &amp; \ud835\udc1c\ud835\udc22\ud835\udc1a","robots":{"index":"index","follow":"follow","max-snippet":"max-snippet:-1","max-image-preview":"max-image-preview:large","max-video-preview":"max-video-preview:-1"},"canonical":"https:\/\/shop.bazarcia.com\/en\/product\/dia-dos-pais-com-bigode-dia-dos-pais\/","og_locale":"en_US","og_type":"article","og_title":"DIA DOS PAIS COM BIGODE - DIA DOS PAIS - \ud835\udc1b\ud835\udc1a\ud835\udc33\ud835\udc1a\ud835\udc2b &amp; \ud835\udc1c\ud835\udc22\ud835\udc1a","og_description":"Matriz Especial DIA DOS PAIS #1022\u00a0 DIA DOS PAIS COM BIGODE Dados da Matriz Tamanho \u2013 90mm X 53mm Estilo","og_url":"https:\/\/shop.bazarcia.com\/en\/product\/dia-dos-pais-com-bigode-dia-dos-pais\/","og_site_name":"\ud835\udc1b\ud835\udc1a\ud835\udc33\ud835\udc1a\ud835\udc2b &amp; \ud835\udc1c\ud835\udc22\ud835\udc1a","article_publisher":"https:\/\/www.facebook.com\/shopbazarcia","article_modified_time":"2025-07-17T15:41:18+00:00","og_image":[{"width":1067,"height":627,"url":"https:\/\/shop.bazarcia.com\/wp-content\/uploads\/2025\/07\/1022-Dia-dos-Pais-Bigode-2.png","type":"image\/png"}],"twitter_card":"summary_large_image","schema":{"@context":"https:\/\/schema.org","@graph":[{"@type":"WebPage","@id":"https:\/\/shop.bazarcia.com\/produto\/dia-dos-pais-com-bigode-dia-dos-pais\/","url":"https:\/\/shop.bazarcia.com\/produto\/dia-dos-pais-com-bigode-dia-dos-pais\/","name":"DIA DOS PAIS COM BIGODE - DIA DOS PAIS - \ud835\udc1b\ud835\udc1a\ud835\udc33\ud835\udc1a\ud835\udc2b &amp; \ud835\udc1c\ud835\udc22\ud835\udc1a","isPartOf":{"@id":"https:\/\/shop.bazarcia.com\/#website"},"primaryImageOfPage":{"@id":"https:\/\/shop.bazarcia.com\/produto\/dia-dos-pais-com-bigode-dia-dos-pais\/#primaryimage"},"image":{"@id":"https:\/\/shop.bazarcia.com\/produto\/dia-dos-pais-com-bigode-dia-dos-pais\/#primaryimage"},"thumbnailUrl":"https:\/\/shop.bazarcia.com\/wp-content\/uploads\/2025\/07\/1022-Dia-dos-Pais-Bigode-2.png","datePublished":"2025-07-10T19:00:10+00:00","dateModified":"2025-07-17T15:41:18+00:00","breadcrumb":{"@id":"https:\/\/shop.bazarcia.com\/produto\/dia-dos-pais-com-bigode-dia-dos-pais\/#breadcrumb"},"inLanguage":"en-US","potentialAction":[{"@type":"ReadAction","target":["https:\/\/shop.bazarcia.com\/produto\/dia-dos-pais-com-bigode-dia-dos-pais\/"]}]},{"@type":"ImageObject","inLanguage":"en-US","@id":"https:\/\/shop.bazarcia.com\/produto\/dia-dos-pais-com-bigode-dia-dos-pais\/#primaryimage","url":"https:\/\/shop.bazarcia.com\/wp-content\/uploads\/2025\/07\/1022-Dia-dos-Pais-Bigode-2.png","contentUrl":"https:\/\/shop.bazarcia.com\/wp-content\/uploads\/2025\/07\/1022-Dia-dos-Pais-Bigode-2.png","width":1067,"height":627},{"@type":"BreadcrumbList","@id":"https:\/\/shop.bazarcia.com\/produto\/dia-dos-pais-com-bigode-dia-dos-pais\/#breadcrumb","itemListElement":[{"@type":"ListItem","position":1,"name":"In\u00edcio","item":"https:\/\/shop.bazarcia.com\/"},{"@type":"ListItem","position":2,"name":"Loja","item":"https:\/\/shop.bazarcia.com\/loja\/"},{"@type":"ListItem","position":3,"name":"DIA DOS PAIS COM BIGODE &#8211; DIA DOS PAIS"}]},{"@type":"WebSite","@id":"https:\/\/shop.bazarcia.com\/#website","url":"https:\/\/shop.bazarcia.com\/","name":"Bazar & Cia","description":"criatividade ponto a ponto","publisher":{"@id":"https:\/\/shop.bazarcia.com\/#organization"},"potentialAction":[{"@type":"SearchAction","target":{"@type":"EntryPoint","urlTemplate":"https:\/\/shop.bazarcia.com\/?s={search_term_string}"},"query-input":{"@type":"PropertyValueSpecification","valueRequired":true,"valueName":"search_term_string"}}],"inLanguage":"en-US"},{"@type":"Organization","@id":"https:\/\/shop.bazarcia.com\/#organization","name":"Bazar & Cia","url":"https:\/\/shop.bazarcia.com\/","logo":{"@type":"ImageObject","inLanguage":"en-US","@id":"https:\/\/shop.bazarcia.com\/#\/schema\/logo\/image\/","url":"https:\/\/shop.bazarcia.com\/wp-content\/uploads\/2024\/02\/cropped-logo_bazarcia.png","contentUrl":"https:\/\/shop.bazarcia.com\/wp-content\/uploads\/2024\/02\/cropped-logo_bazarcia.png","width":150,"height":150,"caption":"Bazar & Cia"},"image":{"@id":"https:\/\/shop.bazarcia.com\/#\/schema\/logo\/image\/"},"sameAs":["https:\/\/www.facebook.com\/shopbazarcia","https:\/\/www.instagram.com\/shopbazarcia","https:\/\/br.pinterest.com\/suzane_eloise\/","https:\/\/www.youtube.com\/c\/BazardoBordadoMatrizeseProjetos"]}]}},"_links":{"self":[{"href":"https:\/\/shop.bazarcia.com\/en\/wp-json\/wp\/v2\/product\/333669","targetHints":{"allow":["GET"]}}],"collection":[{"href":"https:\/\/shop.bazarcia.com\/en\/wp-json\/wp\/v2\/product"}],"about":[{"href":"https:\/\/shop.bazarcia.com\/en\/wp-json\/wp\/v2\/types\/product"}],"replies":[{"embeddable":true,"href":"https:\/\/shop.bazarcia.com\/en\/wp-json\/wp\/v2\/comments?post=333669"}],"version-history":[{"count":1,"href":"https:\/\/shop.bazarcia.com\/en\/wp-json\/wp\/v2\/product\/333669\/revisions"}],"predecessor-version":[{"id":333672,"href":"https:\/\/shop.bazarcia.com\/en\/wp-json\/wp\/v2\/product\/333669\/revisions\/333672"}],"wp:featuredmedia":[{"embeddable":true,"href":"https:\/\/shop.bazarcia.com\/en\/wp-json\/wp\/v2\/media\/333670"}],"wp:attachment":[{"href":"https:\/\/shop.bazarcia.com\/en\/wp-json\/wp\/v2\/media?parent=333669"}],"wp:term":[{"taxonomy":"product_brand","embeddable":true,"href":"https:\/\/shop.bazarcia.com\/en\/wp-json\/wp\/v2\/product_brand?post=333669"},{"taxonomy":"product_cat","embeddable":true,"href":"https:\/\/shop.bazarcia.com\/en\/wp-json\/wp\/v2\/product_cat?post=333669"},{"taxonomy":"product_tag","embeddable":true,"href":"https:\/\/shop.bazarcia.com\/en\/wp-json\/wp\/v2\/product_tag?post=333669"}],"curies":[{"name":"wp","href":"https:\/\/api.w.org\/{rel}","templated":true}]}}