{"id":334616,"date":"2025-07-14T17:04:45","date_gmt":"2025-07-14T20:04:45","guid":{"rendered":"https:\/\/shop.bazarcia.com\/?post_type=product&#038;p=334616"},"modified":"2026-02-16T15:06:19","modified_gmt":"2026-02-16T18:06:19","slug":"matriz-de-bordado-colecao-patinho-fofo","status":"publish","type":"product","link":"https:\/\/shop.bazarcia.com\/en\/product\/matriz-de-bordado-colecao-patinho-fofo\/","title":{"rendered":"Matriz de Bordado Cole\u00e7\u00e3o Patinho fofo"},"content":{"rendered":"<p>tamanho 10&#215;10 e 13&#215;18<br \/>\nformatos pes jef dst exp xxx<\/p>","protected":false},"excerpt":{"rendered":"<div id=\"model-response-message-contentr_7c118ff13f3cffb0\" class=\"markdown markdown-main-panel enable-updated-hr-color\" dir=\"ltr\">\n<hr \/>\n<p>&nbsp;<\/p>\n<h2>Patinho Marinheiro: Uma Aventura Fofa em Cada Ponto! \u2693\ud83e\udd86<\/h2>\n<p>&nbsp;<\/p>\n<p>Prepare-se para navegar em um mar de fofura com nossa nova <b>Cole\u00e7\u00e3o de Matrizes de Bordado Patinho Marinheiro<\/b>! Cheios de charme e prontos para a divers\u00e3o, esses patinhos v\u00e3o trazer um toque n\u00e1utico e muita do\u00e7ura aos seus projetos.<\/p>\n<p>Perfeitos para enxovais de beb\u00ea, toalhinhas, quadros decorativos ou para dar um toque especial em qualquer pe\u00e7a. <b>I\u00e7ar as velas da criatividade<\/b> e transforme seus bordados em aventuras ador\u00e1veis!<\/p>\n<hr \/>\n<p>Qual ser\u00e1 a pr\u00f3xima pe\u00e7a a embarcar nessa viagem de fofura com o nosso Patinho Marinheiro?<\/p>\n<\/div>","protected":false},"featured_media":334387,"comment_status":"open","ping_status":"closed","template":"","meta":{"_acf_changed":false,"_joinchat":[]},"product_brand":[],"product_cat":[84,122,331],"product_tag":[],"class_list":{"0":"post-334616","1":"product","2":"type-product","3":"status-publish","4":"has-post-thumbnail","6":"product_cat-matrizes-de-bordado","7":"product_cat-matrizes-de-bordado-animais","8":"product_cat-patinhos","10":"first","11":"instock","12":"sale","13":"downloadable","14":"shipping-taxable","15":"purchasable","16":"product-type-simple"},"acf":[],"yoast_head":"<!-- This site is optimized with the Yoast SEO plugin v27.2 - https:\/\/yoast.com\/product\/yoast-seo-wordpress\/ -->\n<title>Matriz de Bordado Cole\u00e7\u00e3o Patinho fofo - \ud835\udc1b\ud835\udc1a\ud835\udc33\ud835\udc1a\ud835\udc2b &amp; \ud835\udc1c\ud835\udc22\ud835\udc1a<\/title>\n<meta name=\"robots\" content=\"index, follow, max-snippet:-1, max-image-preview:large, max-video-preview:-1\" \/>\n<link rel=\"canonical\" href=\"https:\/\/shop.bazarcia.com\/en\/product\/matriz-de-bordado-colecao-patinho-fofo\/\" \/>\n<meta property=\"og:locale\" content=\"en_US\" \/>\n<meta property=\"og:type\" content=\"article\" \/>\n<meta property=\"og:title\" content=\"Matriz de Bordado Cole\u00e7\u00e3o Patinho fofo - \ud835\udc1b\ud835\udc1a\ud835\udc33\ud835\udc1a\ud835\udc2b &amp; \ud835\udc1c\ud835\udc22\ud835\udc1a\" \/>\n<meta property=\"og:description\" content=\"&nbsp; Patinho Marinheiro: Uma Aventura Fofa em Cada Ponto! \u2693\ud83e\udd86 &nbsp;  Prepare-se para navegar em um mar de fofura com nossa nova Cole\u00e7\u00e3o de Matrizes de Bordado Patinho Marinheiro! Cheios de charme e prontos para a divers\u00e3o, esses patinhos v\u00e3o trazer um toque n\u00e1utico e muita do\u00e7ura aos seus projetos.  Perfeitos para enxovais de beb\u00ea, toalhinhas, quadros decorativos ou para dar um toque especial em qualquer pe\u00e7a. I\u00e7ar as velas da criatividade e transforme seus bordados em aventuras ador\u00e1veis!    Qual ser\u00e1 a pr\u00f3xima pe\u00e7a a embarcar nessa viagem de fofura com o nosso Patinho Marinheiro?\" \/>\n<meta property=\"og:url\" content=\"https:\/\/shop.bazarcia.com\/en\/product\/matriz-de-bordado-colecao-patinho-fofo\/\" \/>\n<meta property=\"og:site_name\" content=\"\ud835\udc1b\ud835\udc1a\ud835\udc33\ud835\udc1a\ud835\udc2b &amp; \ud835\udc1c\ud835\udc22\ud835\udc1a\" \/>\n<meta property=\"article:publisher\" content=\"https:\/\/www.facebook.com\/shopbazarcia\" \/>\n<meta property=\"article:modified_time\" content=\"2026-02-16T18:06:19+00:00\" \/>\n<meta property=\"og:image\" content=\"https:\/\/shop.bazarcia.com\/wp-content\/uploads\/2025\/07\/cod132.jpeg\" \/>\n\t<meta property=\"og:image:width\" content=\"1600\" \/>\n\t<meta property=\"og:image:height\" content=\"1158\" \/>\n\t<meta property=\"og:image:type\" content=\"image\/jpeg\" \/>\n<meta name=\"twitter:card\" content=\"summary_large_image\" \/>\n<script type=\"application\/ld+json\" class=\"yoast-schema-graph\">{\"@context\":\"https:\/\/schema.org\",\"@graph\":[{\"@type\":\"WebPage\",\"@id\":\"https:\/\/shop.bazarcia.com\/produto\/matriz-de-bordado-colecao-patinho-fofo\/\",\"url\":\"https:\/\/shop.bazarcia.com\/produto\/matriz-de-bordado-colecao-patinho-fofo\/\",\"name\":\"Matriz de Bordado Cole\u00e7\u00e3o Patinho fofo - \ud835\udc1b\ud835\udc1a\ud835\udc33\ud835\udc1a\ud835\udc2b &amp; \ud835\udc1c\ud835\udc22\ud835\udc1a\",\"isPartOf\":{\"@id\":\"https:\/\/shop.bazarcia.com\/#website\"},\"primaryImageOfPage\":{\"@id\":\"https:\/\/shop.bazarcia.com\/produto\/matriz-de-bordado-colecao-patinho-fofo\/#primaryimage\"},\"image\":{\"@id\":\"https:\/\/shop.bazarcia.com\/produto\/matriz-de-bordado-colecao-patinho-fofo\/#primaryimage\"},\"thumbnailUrl\":\"https:\/\/shop.bazarcia.com\/wp-content\/uploads\/2025\/07\/cod132.jpeg\",\"datePublished\":\"2025-07-14T20:04:45+00:00\",\"dateModified\":\"2026-02-16T18:06:19+00:00\",\"breadcrumb\":{\"@id\":\"https:\/\/shop.bazarcia.com\/produto\/matriz-de-bordado-colecao-patinho-fofo\/#breadcrumb\"},\"inLanguage\":\"en-US\",\"potentialAction\":[{\"@type\":\"ReadAction\",\"target\":[\"https:\/\/shop.bazarcia.com\/produto\/matriz-de-bordado-colecao-patinho-fofo\/\"]}]},{\"@type\":\"ImageObject\",\"inLanguage\":\"en-US\",\"@id\":\"https:\/\/shop.bazarcia.com\/produto\/matriz-de-bordado-colecao-patinho-fofo\/#primaryimage\",\"url\":\"https:\/\/shop.bazarcia.com\/wp-content\/uploads\/2025\/07\/cod132.jpeg\",\"contentUrl\":\"https:\/\/shop.bazarcia.com\/wp-content\/uploads\/2025\/07\/cod132.jpeg\",\"width\":1600,\"height\":1158,\"caption\":\"--- ## Patinho Marinheiro: Uma Aventura Fofa em Cada Ponto! \u2693\ud83e\udd86 Prepare-se para navegar em um mar de fofura com nossa nova **Cole\u00e7\u00e3o de Matrizes de Bordado Patinho Marinheiro**! Cheios de charme e prontos para a divers\u00e3o, esses patinhos v\u00e3o trazer um toque n\u00e1utico e muita do\u00e7ura aos seus projetos. Perfeitos para enxovais de beb\u00ea, toalhinhas, quadros decorativos ou para dar um toque especial em qualquer pe\u00e7a. **I\u00e7ar as velas da criatividade** e transforme seus bordados em aventuras ador\u00e1veis! --- Qual ser\u00e1 a pr\u00f3xima pe\u00e7a a embarcar nessa viagem de fofura com o nosso Patinho Marinheiro?\"},{\"@type\":\"BreadcrumbList\",\"@id\":\"https:\/\/shop.bazarcia.com\/produto\/matriz-de-bordado-colecao-patinho-fofo\/#breadcrumb\",\"itemListElement\":[{\"@type\":\"ListItem\",\"position\":1,\"name\":\"In\u00edcio\",\"item\":\"https:\/\/shop.bazarcia.com\/\"},{\"@type\":\"ListItem\",\"position\":2,\"name\":\"Loja\",\"item\":\"https:\/\/shop.bazarcia.com\/loja\/\"},{\"@type\":\"ListItem\",\"position\":3,\"name\":\"Matriz de Bordado Cole\u00e7\u00e3o Patinho fofo\"}]},{\"@type\":\"WebSite\",\"@id\":\"https:\/\/shop.bazarcia.com\/#website\",\"url\":\"https:\/\/shop.bazarcia.com\/\",\"name\":\"Bazar & Cia\",\"description\":\"criatividade ponto a ponto\",\"publisher\":{\"@id\":\"https:\/\/shop.bazarcia.com\/#organization\"},\"potentialAction\":[{\"@type\":\"SearchAction\",\"target\":{\"@type\":\"EntryPoint\",\"urlTemplate\":\"https:\/\/shop.bazarcia.com\/?s={search_term_string}\"},\"query-input\":{\"@type\":\"PropertyValueSpecification\",\"valueRequired\":true,\"valueName\":\"search_term_string\"}}],\"inLanguage\":\"en-US\"},{\"@type\":\"Organization\",\"@id\":\"https:\/\/shop.bazarcia.com\/#organization\",\"name\":\"Bazar & Cia\",\"url\":\"https:\/\/shop.bazarcia.com\/\",\"logo\":{\"@type\":\"ImageObject\",\"inLanguage\":\"en-US\",\"@id\":\"https:\/\/shop.bazarcia.com\/#\/schema\/logo\/image\/\",\"url\":\"https:\/\/shop.bazarcia.com\/wp-content\/uploads\/2024\/02\/cropped-logo_bazarcia.png\",\"contentUrl\":\"https:\/\/shop.bazarcia.com\/wp-content\/uploads\/2024\/02\/cropped-logo_bazarcia.png\",\"width\":150,\"height\":150,\"caption\":\"Bazar & Cia\"},\"image\":{\"@id\":\"https:\/\/shop.bazarcia.com\/#\/schema\/logo\/image\/\"},\"sameAs\":[\"https:\/\/www.facebook.com\/shopbazarcia\",\"https:\/\/www.instagram.com\/shopbazarcia\",\"https:\/\/br.pinterest.com\/suzane_eloise\/\",\"https:\/\/www.youtube.com\/c\/BazardoBordadoMatrizeseProjetos\"]}]}<\/script>\n<!-- \/ Yoast SEO plugin. -->","yoast_head_json":{"title":"Matriz de Bordado Cole\u00e7\u00e3o Patinho fofo - \ud835\udc1b\ud835\udc1a\ud835\udc33\ud835\udc1a\ud835\udc2b &amp; \ud835\udc1c\ud835\udc22\ud835\udc1a","robots":{"index":"index","follow":"follow","max-snippet":"max-snippet:-1","max-image-preview":"max-image-preview:large","max-video-preview":"max-video-preview:-1"},"canonical":"https:\/\/shop.bazarcia.com\/en\/product\/matriz-de-bordado-colecao-patinho-fofo\/","og_locale":"en_US","og_type":"article","og_title":"Matriz de Bordado Cole\u00e7\u00e3o Patinho fofo - \ud835\udc1b\ud835\udc1a\ud835\udc33\ud835\udc1a\ud835\udc2b &amp; \ud835\udc1c\ud835\udc22\ud835\udc1a","og_description":"&nbsp; Patinho Marinheiro: Uma Aventura Fofa em Cada Ponto! \u2693\ud83e\udd86 &nbsp;  Prepare-se para navegar em um mar de fofura com nossa nova Cole\u00e7\u00e3o de Matrizes de Bordado Patinho Marinheiro! Cheios de charme e prontos para a divers\u00e3o, esses patinhos v\u00e3o trazer um toque n\u00e1utico e muita do\u00e7ura aos seus projetos.  Perfeitos para enxovais de beb\u00ea, toalhinhas, quadros decorativos ou para dar um toque especial em qualquer pe\u00e7a. I\u00e7ar as velas da criatividade e transforme seus bordados em aventuras ador\u00e1veis!    Qual ser\u00e1 a pr\u00f3xima pe\u00e7a a embarcar nessa viagem de fofura com o nosso Patinho Marinheiro?","og_url":"https:\/\/shop.bazarcia.com\/en\/product\/matriz-de-bordado-colecao-patinho-fofo\/","og_site_name":"\ud835\udc1b\ud835\udc1a\ud835\udc33\ud835\udc1a\ud835\udc2b &amp; \ud835\udc1c\ud835\udc22\ud835\udc1a","article_publisher":"https:\/\/www.facebook.com\/shopbazarcia","article_modified_time":"2026-02-16T18:06:19+00:00","og_image":[{"width":1600,"height":1158,"url":"https:\/\/shop.bazarcia.com\/wp-content\/uploads\/2025\/07\/cod132.jpeg","type":"image\/jpeg"}],"twitter_card":"summary_large_image","schema":{"@context":"https:\/\/schema.org","@graph":[{"@type":"WebPage","@id":"https:\/\/shop.bazarcia.com\/produto\/matriz-de-bordado-colecao-patinho-fofo\/","url":"https:\/\/shop.bazarcia.com\/produto\/matriz-de-bordado-colecao-patinho-fofo\/","name":"Matriz de Bordado Cole\u00e7\u00e3o Patinho fofo - \ud835\udc1b\ud835\udc1a\ud835\udc33\ud835\udc1a\ud835\udc2b &amp; \ud835\udc1c\ud835\udc22\ud835\udc1a","isPartOf":{"@id":"https:\/\/shop.bazarcia.com\/#website"},"primaryImageOfPage":{"@id":"https:\/\/shop.bazarcia.com\/produto\/matriz-de-bordado-colecao-patinho-fofo\/#primaryimage"},"image":{"@id":"https:\/\/shop.bazarcia.com\/produto\/matriz-de-bordado-colecao-patinho-fofo\/#primaryimage"},"thumbnailUrl":"https:\/\/shop.bazarcia.com\/wp-content\/uploads\/2025\/07\/cod132.jpeg","datePublished":"2025-07-14T20:04:45+00:00","dateModified":"2026-02-16T18:06:19+00:00","breadcrumb":{"@id":"https:\/\/shop.bazarcia.com\/produto\/matriz-de-bordado-colecao-patinho-fofo\/#breadcrumb"},"inLanguage":"en-US","potentialAction":[{"@type":"ReadAction","target":["https:\/\/shop.bazarcia.com\/produto\/matriz-de-bordado-colecao-patinho-fofo\/"]}]},{"@type":"ImageObject","inLanguage":"en-US","@id":"https:\/\/shop.bazarcia.com\/produto\/matriz-de-bordado-colecao-patinho-fofo\/#primaryimage","url":"https:\/\/shop.bazarcia.com\/wp-content\/uploads\/2025\/07\/cod132.jpeg","contentUrl":"https:\/\/shop.bazarcia.com\/wp-content\/uploads\/2025\/07\/cod132.jpeg","width":1600,"height":1158,"caption":"--- ## Patinho Marinheiro: Uma Aventura Fofa em Cada Ponto! \u2693\ud83e\udd86 Prepare-se para navegar em um mar de fofura com nossa nova **Cole\u00e7\u00e3o de Matrizes de Bordado Patinho Marinheiro**! Cheios de charme e prontos para a divers\u00e3o, esses patinhos v\u00e3o trazer um toque n\u00e1utico e muita do\u00e7ura aos seus projetos. Perfeitos para enxovais de beb\u00ea, toalhinhas, quadros decorativos ou para dar um toque especial em qualquer pe\u00e7a. **I\u00e7ar as velas da criatividade** e transforme seus bordados em aventuras ador\u00e1veis! --- Qual ser\u00e1 a pr\u00f3xima pe\u00e7a a embarcar nessa viagem de fofura com o nosso Patinho Marinheiro?"},{"@type":"BreadcrumbList","@id":"https:\/\/shop.bazarcia.com\/produto\/matriz-de-bordado-colecao-patinho-fofo\/#breadcrumb","itemListElement":[{"@type":"ListItem","position":1,"name":"In\u00edcio","item":"https:\/\/shop.bazarcia.com\/"},{"@type":"ListItem","position":2,"name":"Loja","item":"https:\/\/shop.bazarcia.com\/loja\/"},{"@type":"ListItem","position":3,"name":"Matriz de Bordado Cole\u00e7\u00e3o Patinho fofo"}]},{"@type":"WebSite","@id":"https:\/\/shop.bazarcia.com\/#website","url":"https:\/\/shop.bazarcia.com\/","name":"Bazar & Cia","description":"criatividade ponto a ponto","publisher":{"@id":"https:\/\/shop.bazarcia.com\/#organization"},"potentialAction":[{"@type":"SearchAction","target":{"@type":"EntryPoint","urlTemplate":"https:\/\/shop.bazarcia.com\/?s={search_term_string}"},"query-input":{"@type":"PropertyValueSpecification","valueRequired":true,"valueName":"search_term_string"}}],"inLanguage":"en-US"},{"@type":"Organization","@id":"https:\/\/shop.bazarcia.com\/#organization","name":"Bazar & Cia","url":"https:\/\/shop.bazarcia.com\/","logo":{"@type":"ImageObject","inLanguage":"en-US","@id":"https:\/\/shop.bazarcia.com\/#\/schema\/logo\/image\/","url":"https:\/\/shop.bazarcia.com\/wp-content\/uploads\/2024\/02\/cropped-logo_bazarcia.png","contentUrl":"https:\/\/shop.bazarcia.com\/wp-content\/uploads\/2024\/02\/cropped-logo_bazarcia.png","width":150,"height":150,"caption":"Bazar & Cia"},"image":{"@id":"https:\/\/shop.bazarcia.com\/#\/schema\/logo\/image\/"},"sameAs":["https:\/\/www.facebook.com\/shopbazarcia","https:\/\/www.instagram.com\/shopbazarcia","https:\/\/br.pinterest.com\/suzane_eloise\/","https:\/\/www.youtube.com\/c\/BazardoBordadoMatrizeseProjetos"]}]}},"_links":{"self":[{"href":"https:\/\/shop.bazarcia.com\/en\/wp-json\/wp\/v2\/product\/334616","targetHints":{"allow":["GET"]}}],"collection":[{"href":"https:\/\/shop.bazarcia.com\/en\/wp-json\/wp\/v2\/product"}],"about":[{"href":"https:\/\/shop.bazarcia.com\/en\/wp-json\/wp\/v2\/types\/product"}],"replies":[{"embeddable":true,"href":"https:\/\/shop.bazarcia.com\/en\/wp-json\/wp\/v2\/comments?post=334616"}],"version-history":[{"count":1,"href":"https:\/\/shop.bazarcia.com\/en\/wp-json\/wp\/v2\/product\/334616\/revisions"}],"predecessor-version":[{"id":334621,"href":"https:\/\/shop.bazarcia.com\/en\/wp-json\/wp\/v2\/product\/334616\/revisions\/334621"}],"wp:featuredmedia":[{"embeddable":true,"href":"https:\/\/shop.bazarcia.com\/en\/wp-json\/wp\/v2\/media\/334387"}],"wp:attachment":[{"href":"https:\/\/shop.bazarcia.com\/en\/wp-json\/wp\/v2\/media?parent=334616"}],"wp:term":[{"taxonomy":"product_brand","embeddable":true,"href":"https:\/\/shop.bazarcia.com\/en\/wp-json\/wp\/v2\/product_brand?post=334616"},{"taxonomy":"product_cat","embeddable":true,"href":"https:\/\/shop.bazarcia.com\/en\/wp-json\/wp\/v2\/product_cat?post=334616"},{"taxonomy":"product_tag","embeddable":true,"href":"https:\/\/shop.bazarcia.com\/en\/wp-json\/wp\/v2\/product_tag?post=334616"}],"curies":[{"name":"wp","href":"https:\/\/api.w.org\/{rel}","templated":true}]}}