{"id":334946,"date":"2025-07-15T17:10:42","date_gmt":"2025-07-15T20:10:42","guid":{"rendered":"https:\/\/shop.bazarcia.com\/?post_type=product&#038;p=334946"},"modified":"2026-01-19T11:10:00","modified_gmt":"2026-01-19T14:10:00","slug":"matriz-para-bordado-patinha-lago","status":"publish","type":"product","link":"https:\/\/shop.bazarcia.com\/en\/product\/matriz-para-bordado-patinha-lago\/","title":{"rendered":"Matriz para Bordado Patinha no Lago"},"content":{"rendered":"<p data-start=\"367\" data-end=\"690\">Essa matriz traz uma cena encantadora da patinha fofa repousando sobre a \u00e1gua, em um momento de calmaria e ternura \ud83d\udc25\ud83d\udca7\ud83c\udf3f. Os tra\u00e7os delicados e o estilo minimalista fazem dessa pe\u00e7a uma escolha perfeita para enxovais de beb\u00ea, kits de banho ou bordados decorativos com toque de leveza e aconchego.<\/p>\n<p data-start=\"692\" data-end=\"716\">Dispon\u00edvel nos tamanhos:<\/p>\n<ul data-start=\"717\" data-end=\"747\">\n<li data-start=\"717\" data-end=\"727\">\n<p data-start=\"719\" data-end=\"727\">9,8 cm<\/p>\n<\/li>\n<li data-start=\"728\" data-end=\"737\">\n<p data-start=\"730\" data-end=\"737\">11 cm<\/p>\n<\/li>\n<li data-start=\"738\" data-end=\"747\">\n<p data-start=\"740\" data-end=\"747\">12 cm<\/p>\n<\/li>\n<\/ul>\n<p data-start=\"749\" data-end=\"798\">Arquivos inclu\u00eddos:<br data-start=\"768\" data-end=\"771\" \/><strong data-start=\"771\" data-end=\"798\">DST, PES, JEF, XXX, EXP<\/strong><\/p>\n<p data-start=\"800\" data-end=\"884\">Ideal para fraldinhas e babetes com acabamento suave e toque cute para bordar com amor!<\/p>\n<p data-start=\"868\" data-end=\"970\"><a href=\"https:\/\/shop.bazarcia.com\/en\/store\/damel-programacao-de-bordados\/toc\/\">Termos e Condi\u00e7\u00f5es<\/a><\/p>","protected":false},"excerpt":{"rendered":"<p>Uma cena doce e tranquila: a patinha fofa flutua no lago rodeada de paz e delicadeza \ud83c\udf3f\ud83d\udca7 Perfeita para pe\u00e7as suaves e acolhedoras!<\/p>","protected":false},"featured_media":334904,"comment_status":"open","ping_status":"closed","template":"","meta":{"_acf_changed":false,"_joinchat":[]},"product_brand":[],"product_cat":[122,1556,84,312,331],"product_tag":[1170,1431,1433,1280,1430,1432],"class_list":{"0":"post-334946","1":"product","2":"type-product","3":"status-publish","4":"has-post-thumbnail","6":"product_cat-matrizes-de-bordado-animais","7":"product_cat-matriz-para-quadro-bastidor","8":"product_cat-matrizes-de-bordado","9":"product_cat-matrizes-pontos-leves","10":"product_cat-patinhos","11":"product_tag-bordado","12":"product_tag-bordado-computadorizado","13":"product_tag-bordado-eletronico","14":"product_tag-bordar","15":"product_tag-matriz-de-bordado","16":"product_tag-matrizes-de-bordado","18":"first","19":"instock","20":"downloadable","21":"virtual","22":"purchasable","23":"product-type-simple"},"acf":[],"yoast_head":"<!-- This site is optimized with the Yoast SEO plugin v27.2 - https:\/\/yoast.com\/product\/yoast-seo-wordpress\/ -->\n<title>Matriz para Bordado Patinha no Lago - \ud835\udc1b\ud835\udc1a\ud835\udc33\ud835\udc1a\ud835\udc2b &amp; \ud835\udc1c\ud835\udc22\ud835\udc1a<\/title>\n<meta name=\"robots\" content=\"index, follow, max-snippet:-1, max-image-preview:large, max-video-preview:-1\" \/>\n<link rel=\"canonical\" href=\"https:\/\/shop.bazarcia.com\/en\/product\/matriz-para-bordado-patinha-lago\/\" \/>\n<meta property=\"og:locale\" content=\"en_US\" \/>\n<meta property=\"og:type\" content=\"article\" \/>\n<meta property=\"og:title\" content=\"Matriz para Bordado Patinha no Lago - \ud835\udc1b\ud835\udc1a\ud835\udc33\ud835\udc1a\ud835\udc2b &amp; \ud835\udc1c\ud835\udc22\ud835\udc1a\" \/>\n<meta property=\"og:description\" content=\"Uma cena doce e tranquila: a patinha fofa flutua no lago rodeada de paz e delicadeza \ud83c\udf3f\ud83d\udca7 Perfeita para pe\u00e7as suaves e acolhedoras!\" \/>\n<meta property=\"og:url\" content=\"https:\/\/shop.bazarcia.com\/en\/product\/matriz-para-bordado-patinha-lago\/\" \/>\n<meta property=\"og:site_name\" content=\"\ud835\udc1b\ud835\udc1a\ud835\udc33\ud835\udc1a\ud835\udc2b &amp; \ud835\udc1c\ud835\udc22\ud835\udc1a\" \/>\n<meta property=\"article:publisher\" content=\"https:\/\/www.facebook.com\/shopbazarcia\" \/>\n<meta property=\"article:modified_time\" content=\"2026-01-19T14:10:00+00:00\" \/>\n<meta property=\"og:image\" content=\"https:\/\/shop.bazarcia.com\/wp-content\/uploads\/2025\/07\/patinha-no-lago-.png\" \/>\n\t<meta property=\"og:image:width\" content=\"919\" \/>\n\t<meta property=\"og:image:height\" content=\"938\" \/>\n\t<meta property=\"og:image:type\" content=\"image\/png\" \/>\n<meta name=\"twitter:card\" content=\"summary_large_image\" \/>\n<script type=\"application\/ld+json\" class=\"yoast-schema-graph\">{\"@context\":\"https:\/\/schema.org\",\"@graph\":[{\"@type\":\"WebPage\",\"@id\":\"https:\/\/shop.bazarcia.com\/produto\/matriz-para-bordado-patinha-lago\/\",\"url\":\"https:\/\/shop.bazarcia.com\/produto\/matriz-para-bordado-patinha-lago\/\",\"name\":\"Matriz para Bordado Patinha no Lago - \ud835\udc1b\ud835\udc1a\ud835\udc33\ud835\udc1a\ud835\udc2b &amp; \ud835\udc1c\ud835\udc22\ud835\udc1a\",\"isPartOf\":{\"@id\":\"https:\/\/shop.bazarcia.com\/#website\"},\"primaryImageOfPage\":{\"@id\":\"https:\/\/shop.bazarcia.com\/produto\/matriz-para-bordado-patinha-lago\/#primaryimage\"},\"image\":{\"@id\":\"https:\/\/shop.bazarcia.com\/produto\/matriz-para-bordado-patinha-lago\/#primaryimage\"},\"thumbnailUrl\":\"https:\/\/shop.bazarcia.com\/wp-content\/uploads\/2025\/07\/patinha-no-lago-.png\",\"datePublished\":\"2025-07-15T20:10:42+00:00\",\"dateModified\":\"2026-01-19T14:10:00+00:00\",\"breadcrumb\":{\"@id\":\"https:\/\/shop.bazarcia.com\/produto\/matriz-para-bordado-patinha-lago\/#breadcrumb\"},\"inLanguage\":\"en-US\",\"potentialAction\":[{\"@type\":\"ReadAction\",\"target\":[\"https:\/\/shop.bazarcia.com\/produto\/matriz-para-bordado-patinha-lago\/\"]}]},{\"@type\":\"ImageObject\",\"inLanguage\":\"en-US\",\"@id\":\"https:\/\/shop.bazarcia.com\/produto\/matriz-para-bordado-patinha-lago\/#primaryimage\",\"url\":\"https:\/\/shop.bazarcia.com\/wp-content\/uploads\/2025\/07\/patinha-no-lago-.png\",\"contentUrl\":\"https:\/\/shop.bazarcia.com\/wp-content\/uploads\/2025\/07\/patinha-no-lago-.png\",\"width\":919,\"height\":938},{\"@type\":\"BreadcrumbList\",\"@id\":\"https:\/\/shop.bazarcia.com\/produto\/matriz-para-bordado-patinha-lago\/#breadcrumb\",\"itemListElement\":[{\"@type\":\"ListItem\",\"position\":1,\"name\":\"In\u00edcio\",\"item\":\"https:\/\/shop.bazarcia.com\/\"},{\"@type\":\"ListItem\",\"position\":2,\"name\":\"Loja\",\"item\":\"https:\/\/shop.bazarcia.com\/loja\/\"},{\"@type\":\"ListItem\",\"position\":3,\"name\":\"Matriz para Bordado Patinha no Lago\"}]},{\"@type\":\"WebSite\",\"@id\":\"https:\/\/shop.bazarcia.com\/#website\",\"url\":\"https:\/\/shop.bazarcia.com\/\",\"name\":\"Bazar & Cia\",\"description\":\"criatividade ponto a ponto\",\"publisher\":{\"@id\":\"https:\/\/shop.bazarcia.com\/#organization\"},\"potentialAction\":[{\"@type\":\"SearchAction\",\"target\":{\"@type\":\"EntryPoint\",\"urlTemplate\":\"https:\/\/shop.bazarcia.com\/?s={search_term_string}\"},\"query-input\":{\"@type\":\"PropertyValueSpecification\",\"valueRequired\":true,\"valueName\":\"search_term_string\"}}],\"inLanguage\":\"en-US\"},{\"@type\":\"Organization\",\"@id\":\"https:\/\/shop.bazarcia.com\/#organization\",\"name\":\"Bazar & Cia\",\"url\":\"https:\/\/shop.bazarcia.com\/\",\"logo\":{\"@type\":\"ImageObject\",\"inLanguage\":\"en-US\",\"@id\":\"https:\/\/shop.bazarcia.com\/#\/schema\/logo\/image\/\",\"url\":\"https:\/\/shop.bazarcia.com\/wp-content\/uploads\/2024\/02\/cropped-logo_bazarcia.png\",\"contentUrl\":\"https:\/\/shop.bazarcia.com\/wp-content\/uploads\/2024\/02\/cropped-logo_bazarcia.png\",\"width\":150,\"height\":150,\"caption\":\"Bazar & Cia\"},\"image\":{\"@id\":\"https:\/\/shop.bazarcia.com\/#\/schema\/logo\/image\/\"},\"sameAs\":[\"https:\/\/www.facebook.com\/shopbazarcia\",\"https:\/\/www.instagram.com\/shopbazarcia\",\"https:\/\/br.pinterest.com\/suzane_eloise\/\",\"https:\/\/www.youtube.com\/c\/BazardoBordadoMatrizeseProjetos\"]}]}<\/script>\n<!-- \/ Yoast SEO plugin. -->","yoast_head_json":{"title":"Matriz para Bordado Patinha no Lago - \ud835\udc1b\ud835\udc1a\ud835\udc33\ud835\udc1a\ud835\udc2b &amp; \ud835\udc1c\ud835\udc22\ud835\udc1a","robots":{"index":"index","follow":"follow","max-snippet":"max-snippet:-1","max-image-preview":"max-image-preview:large","max-video-preview":"max-video-preview:-1"},"canonical":"https:\/\/shop.bazarcia.com\/en\/product\/matriz-para-bordado-patinha-lago\/","og_locale":"en_US","og_type":"article","og_title":"Matriz para Bordado Patinha no Lago - \ud835\udc1b\ud835\udc1a\ud835\udc33\ud835\udc1a\ud835\udc2b &amp; \ud835\udc1c\ud835\udc22\ud835\udc1a","og_description":"Uma cena doce e tranquila: a patinha fofa flutua no lago rodeada de paz e delicadeza \ud83c\udf3f\ud83d\udca7 Perfeita para pe\u00e7as suaves e acolhedoras!","og_url":"https:\/\/shop.bazarcia.com\/en\/product\/matriz-para-bordado-patinha-lago\/","og_site_name":"\ud835\udc1b\ud835\udc1a\ud835\udc33\ud835\udc1a\ud835\udc2b &amp; \ud835\udc1c\ud835\udc22\ud835\udc1a","article_publisher":"https:\/\/www.facebook.com\/shopbazarcia","article_modified_time":"2026-01-19T14:10:00+00:00","og_image":[{"width":919,"height":938,"url":"https:\/\/shop.bazarcia.com\/wp-content\/uploads\/2025\/07\/patinha-no-lago-.png","type":"image\/png"}],"twitter_card":"summary_large_image","schema":{"@context":"https:\/\/schema.org","@graph":[{"@type":"WebPage","@id":"https:\/\/shop.bazarcia.com\/produto\/matriz-para-bordado-patinha-lago\/","url":"https:\/\/shop.bazarcia.com\/produto\/matriz-para-bordado-patinha-lago\/","name":"Matriz para Bordado Patinha no Lago - \ud835\udc1b\ud835\udc1a\ud835\udc33\ud835\udc1a\ud835\udc2b &amp; \ud835\udc1c\ud835\udc22\ud835\udc1a","isPartOf":{"@id":"https:\/\/shop.bazarcia.com\/#website"},"primaryImageOfPage":{"@id":"https:\/\/shop.bazarcia.com\/produto\/matriz-para-bordado-patinha-lago\/#primaryimage"},"image":{"@id":"https:\/\/shop.bazarcia.com\/produto\/matriz-para-bordado-patinha-lago\/#primaryimage"},"thumbnailUrl":"https:\/\/shop.bazarcia.com\/wp-content\/uploads\/2025\/07\/patinha-no-lago-.png","datePublished":"2025-07-15T20:10:42+00:00","dateModified":"2026-01-19T14:10:00+00:00","breadcrumb":{"@id":"https:\/\/shop.bazarcia.com\/produto\/matriz-para-bordado-patinha-lago\/#breadcrumb"},"inLanguage":"en-US","potentialAction":[{"@type":"ReadAction","target":["https:\/\/shop.bazarcia.com\/produto\/matriz-para-bordado-patinha-lago\/"]}]},{"@type":"ImageObject","inLanguage":"en-US","@id":"https:\/\/shop.bazarcia.com\/produto\/matriz-para-bordado-patinha-lago\/#primaryimage","url":"https:\/\/shop.bazarcia.com\/wp-content\/uploads\/2025\/07\/patinha-no-lago-.png","contentUrl":"https:\/\/shop.bazarcia.com\/wp-content\/uploads\/2025\/07\/patinha-no-lago-.png","width":919,"height":938},{"@type":"BreadcrumbList","@id":"https:\/\/shop.bazarcia.com\/produto\/matriz-para-bordado-patinha-lago\/#breadcrumb","itemListElement":[{"@type":"ListItem","position":1,"name":"In\u00edcio","item":"https:\/\/shop.bazarcia.com\/"},{"@type":"ListItem","position":2,"name":"Loja","item":"https:\/\/shop.bazarcia.com\/loja\/"},{"@type":"ListItem","position":3,"name":"Matriz para Bordado Patinha no Lago"}]},{"@type":"WebSite","@id":"https:\/\/shop.bazarcia.com\/#website","url":"https:\/\/shop.bazarcia.com\/","name":"Bazar & Cia","description":"criatividade ponto a ponto","publisher":{"@id":"https:\/\/shop.bazarcia.com\/#organization"},"potentialAction":[{"@type":"SearchAction","target":{"@type":"EntryPoint","urlTemplate":"https:\/\/shop.bazarcia.com\/?s={search_term_string}"},"query-input":{"@type":"PropertyValueSpecification","valueRequired":true,"valueName":"search_term_string"}}],"inLanguage":"en-US"},{"@type":"Organization","@id":"https:\/\/shop.bazarcia.com\/#organization","name":"Bazar & Cia","url":"https:\/\/shop.bazarcia.com\/","logo":{"@type":"ImageObject","inLanguage":"en-US","@id":"https:\/\/shop.bazarcia.com\/#\/schema\/logo\/image\/","url":"https:\/\/shop.bazarcia.com\/wp-content\/uploads\/2024\/02\/cropped-logo_bazarcia.png","contentUrl":"https:\/\/shop.bazarcia.com\/wp-content\/uploads\/2024\/02\/cropped-logo_bazarcia.png","width":150,"height":150,"caption":"Bazar & Cia"},"image":{"@id":"https:\/\/shop.bazarcia.com\/#\/schema\/logo\/image\/"},"sameAs":["https:\/\/www.facebook.com\/shopbazarcia","https:\/\/www.instagram.com\/shopbazarcia","https:\/\/br.pinterest.com\/suzane_eloise\/","https:\/\/www.youtube.com\/c\/BazardoBordadoMatrizeseProjetos"]}]}},"_links":{"self":[{"href":"https:\/\/shop.bazarcia.com\/en\/wp-json\/wp\/v2\/product\/334946","targetHints":{"allow":["GET"]}}],"collection":[{"href":"https:\/\/shop.bazarcia.com\/en\/wp-json\/wp\/v2\/product"}],"about":[{"href":"https:\/\/shop.bazarcia.com\/en\/wp-json\/wp\/v2\/types\/product"}],"replies":[{"embeddable":true,"href":"https:\/\/shop.bazarcia.com\/en\/wp-json\/wp\/v2\/comments?post=334946"}],"version-history":[{"count":2,"href":"https:\/\/shop.bazarcia.com\/en\/wp-json\/wp\/v2\/product\/334946\/revisions"}],"predecessor-version":[{"id":334950,"href":"https:\/\/shop.bazarcia.com\/en\/wp-json\/wp\/v2\/product\/334946\/revisions\/334950"}],"wp:featuredmedia":[{"embeddable":true,"href":"https:\/\/shop.bazarcia.com\/en\/wp-json\/wp\/v2\/media\/334904"}],"wp:attachment":[{"href":"https:\/\/shop.bazarcia.com\/en\/wp-json\/wp\/v2\/media?parent=334946"}],"wp:term":[{"taxonomy":"product_brand","embeddable":true,"href":"https:\/\/shop.bazarcia.com\/en\/wp-json\/wp\/v2\/product_brand?post=334946"},{"taxonomy":"product_cat","embeddable":true,"href":"https:\/\/shop.bazarcia.com\/en\/wp-json\/wp\/v2\/product_cat?post=334946"},{"taxonomy":"product_tag","embeddable":true,"href":"https:\/\/shop.bazarcia.com\/en\/wp-json\/wp\/v2\/product_tag?post=334946"}],"curies":[{"name":"wp","href":"https:\/\/api.w.org\/{rel}","templated":true}]}}