{"id":33584,"date":"2020-06-16T21:47:46","date_gmt":"2020-06-17T00:47:46","guid":{"rendered":"https:\/\/shop.bazarcia.com\/produto\/projeto-almofadas-trio-turminha-do-bosque-em-patch-aplique-pre-venda\/"},"modified":"2025-04-25T16:43:23","modified_gmt":"2025-04-25T19:43:23","slug":"projeto-almofadas-trio-turminha-do-bosque-em-patch-aplique-pre-venda","status":"publish","type":"product","link":"https:\/\/shop.bazarcia.com\/en\/product\/projeto-almofadas-trio-turminha-do-bosque-em-patch-aplique-pre-venda\/","title":{"rendered":"Curso Online: Almofadas Trio Turminha do Bosque em Patch Aplique"},"content":{"rendered":"<p>Os bichinhos: Guaxinim , Raposinha e Ursinho, da Turminha do Bosque, viraram lindas almofadas em Patch Aplique e voc\u00ea n\u00e3o s\u00f3 receber\u00e1 os moldes, como ir\u00e1 aprender a fazer essas lindezas por v\u00eddeo aulas bem detalhadas!<\/p>\n<p>As almofadas prontas ficam com aproximadamente 40 cm de largura e com a altura proporcional ao rostinho de cada bichinho.<\/p>\n<p>V\u00eddeo aulas dispon\u00edveis em grupo fechado do Facebook para voc\u00ea assistir quando e onde quiser, sempre que precisar, com moldes disponibilizados em uma apostila em PDF, na sua conta aqui no Bazar &amp; Cia e tamb\u00e9m na p\u00e1gina de arquivos do grupo.<\/p>\n<p>O Patch Aplique \u00e9 uma t\u00e9cnica muito conhecida com a utiliza\u00e7\u00e3o do famoso termocolante, mas se voc\u00ea n\u00e3o tiver esse material, ou tiver dificuldade em encontrar na sua cidade, ou simplesmente o encontra mas por um valor que nem sempre cabe no bolso, n\u00e3o se preocupe, pois \u00e9 poss\u00edvel sim executar essa t\u00e9cnica sem esse material. \u00c9 s\u00f3 adquirir o projeto e vir comigo que eu vou te ensinar todos os macetes!<\/p>\n<p>Designer dos Desenhos: Carol (Est\u00fadio 812)<\/p>\n<p>Adquirindo nossas matrizes e projetos voc\u00ea se declara de acordo com nossos TERMOS E CONDI\u00c7\u00d5ES.<\/p>","protected":false},"excerpt":{"rendered":"<p>PROJETO DE COSTURA COM T\u00c9CNICA PATCH APLIQUE<\/p>\n<p>Aula + Grupo de Apoio<\/p>\n<p>Moldes em PDF (Guaxinim , Raposinha e Ursinho)<\/p>\n<p>As almofadas prontas ficam com aproximadamente 40 cm de largura e com a altura proporcional ao rostinho de cada bichinho.<\/p>\n<p>V\u00eddeo aulas dispon\u00edveis em grupo fechado do Facebook para voc\u00ea assistir quando e onde quiser, sempre que precisar, com moldes disponibilizados em uma apostila em PDF, na sua conta aqui no Bazar &amp; Cia e tamb\u00e9m na p\u00e1gina de arquivos do grupo.<\/p>\n<p>O Patch Aplique \u00e9 uma t\u00e9cnica muito conhecida com a utiliza\u00e7\u00e3o do famoso termocolante, mas se voc\u00ea n\u00e3o tiver esse material, ou tiver dificuldade em encontrar na sua cidade, ou simplesmente o encontra mas por um valor que nem sempre cabe no bolso, n\u00e3o se preocupe, pois \u00e9 poss\u00edvel sim executar essa t\u00e9cnica sem esse material. \u00c9 s\u00f3 adquirir o projeto e vir comigo que eu vou te ensinar todos os macetes!<\/p>\n<p>Designer dos Desenhos: Carol (Est\u00fadio 812)<\/p>\n<p>Adquirindo nossas matrizes e projetos voc\u00ea se declara de acordo com nossos TERMOS E CONDI\u00c7\u00d5ES.<\/p>","protected":false},"featured_media":271256,"comment_status":"open","ping_status":"closed","template":"","meta":{"_acf_changed":false,"_joinchat":[]},"product_brand":[],"product_cat":[122,1047,1049,1414,1197,84,1193,244,123],"product_tag":[],"class_list":{"0":"post-33584","1":"product","2":"type-product","3":"status-publish","4":"has-post-thumbnail","6":"product_cat-matrizes-de-bordado-animais","7":"product_cat-cursos","8":"product_cat-cursos-de-costura","9":"product_cat-cursos-patch-aplique","10":"product_cat-guaxinim","11":"product_cat-matrizes-de-bordado","12":"product_cat-projetos-de-costura","13":"product_cat-raposinhas","14":"product_cat-ursinhos","16":"first","17":"instock","18":"downloadable","19":"virtual","20":"sold-individually","21":"purchasable","22":"product-type-simple"},"acf":[],"yoast_head":"<!-- This site is optimized with the Yoast SEO plugin v27.2 - https:\/\/yoast.com\/product\/yoast-seo-wordpress\/ -->\n<title>Curso Online: Almofadas Trio Turminha do Bosque em Patch Aplique - \ud835\udc1b\ud835\udc1a\ud835\udc33\ud835\udc1a\ud835\udc2b &amp; \ud835\udc1c\ud835\udc22\ud835\udc1a<\/title>\n<meta name=\"description\" content=\"Please provide a meta description by editing the snippet below. If you don\u2019t, Google will try to find a relevant part of your post to show in the search results.\" \/>\n<meta name=\"robots\" content=\"index, follow, max-snippet:-1, max-image-preview:large, max-video-preview:-1\" \/>\n<link rel=\"canonical\" href=\"https:\/\/shop.bazarcia.com\/en\/product\/projeto-almofadas-trio-turminha-do-bosque-em-patch-aplique-pre-venda\/\" \/>\n<meta property=\"og:locale\" content=\"en_US\" \/>\n<meta property=\"og:type\" content=\"article\" \/>\n<meta property=\"og:title\" content=\"Curso Online: Almofadas Trio Turminha do Bosque em Patch Aplique - \ud835\udc1b\ud835\udc1a\ud835\udc33\ud835\udc1a\ud835\udc2b &amp; \ud835\udc1c\ud835\udc22\ud835\udc1a\" \/>\n<meta property=\"og:description\" content=\"Please provide a meta description by editing the snippet below. If you don\u2019t, Google will try to find a relevant part of your post to show in the search results.\" \/>\n<meta property=\"og:url\" content=\"https:\/\/shop.bazarcia.com\/en\/product\/projeto-almofadas-trio-turminha-do-bosque-em-patch-aplique-pre-venda\/\" \/>\n<meta property=\"og:site_name\" content=\"\ud835\udc1b\ud835\udc1a\ud835\udc33\ud835\udc1a\ud835\udc2b &amp; \ud835\udc1c\ud835\udc22\ud835\udc1a\" \/>\n<meta property=\"article:publisher\" content=\"https:\/\/www.facebook.com\/shopbazarcia\" \/>\n<meta property=\"article:modified_time\" content=\"2025-04-25T19:43:23+00:00\" \/>\n<meta property=\"og:image\" content=\"https:\/\/shop.bazarcia.com\/wp-content\/uploads\/2020\/06\/CURSOS-PATCH.png\" \/>\n\t<meta property=\"og:image:width\" content=\"1080\" \/>\n\t<meta property=\"og:image:height\" content=\"1080\" \/>\n\t<meta property=\"og:image:type\" content=\"image\/png\" \/>\n<meta name=\"twitter:card\" content=\"summary_large_image\" \/>\n<meta name=\"twitter:label1\" content=\"Est. reading time\" \/>\n\t<meta name=\"twitter:data1\" content=\"2 minutes\" \/>\n<script type=\"application\/ld+json\" class=\"yoast-schema-graph\">{\"@context\":\"https:\/\/schema.org\",\"@graph\":[{\"@type\":\"WebPage\",\"@id\":\"https:\/\/shop.bazarcia.com\/produto\/projeto-almofadas-trio-turminha-do-bosque-em-patch-aplique-pre-venda\/\",\"url\":\"https:\/\/shop.bazarcia.com\/produto\/projeto-almofadas-trio-turminha-do-bosque-em-patch-aplique-pre-venda\/\",\"name\":\"Curso Online: Almofadas Trio Turminha do Bosque em Patch Aplique - \ud835\udc1b\ud835\udc1a\ud835\udc33\ud835\udc1a\ud835\udc2b &amp; \ud835\udc1c\ud835\udc22\ud835\udc1a\",\"isPartOf\":{\"@id\":\"https:\/\/shop.bazarcia.com\/#website\"},\"primaryImageOfPage\":{\"@id\":\"https:\/\/shop.bazarcia.com\/produto\/projeto-almofadas-trio-turminha-do-bosque-em-patch-aplique-pre-venda\/#primaryimage\"},\"image\":{\"@id\":\"https:\/\/shop.bazarcia.com\/produto\/projeto-almofadas-trio-turminha-do-bosque-em-patch-aplique-pre-venda\/#primaryimage\"},\"thumbnailUrl\":\"https:\/\/shop.bazarcia.com\/wp-content\/uploads\/2020\/06\/CURSOS-PATCH.png\",\"datePublished\":\"2020-06-17T00:47:46+00:00\",\"dateModified\":\"2025-04-25T19:43:23+00:00\",\"description\":\"Please provide a meta description by editing the snippet below. If you don\u2019t, Google will try to find a relevant part of your post to show in the search results.\",\"breadcrumb\":{\"@id\":\"https:\/\/shop.bazarcia.com\/produto\/projeto-almofadas-trio-turminha-do-bosque-em-patch-aplique-pre-venda\/#breadcrumb\"},\"inLanguage\":\"en-US\",\"potentialAction\":[{\"@type\":\"ReadAction\",\"target\":[\"https:\/\/shop.bazarcia.com\/produto\/projeto-almofadas-trio-turminha-do-bosque-em-patch-aplique-pre-venda\/\"]}]},{\"@type\":\"ImageObject\",\"inLanguage\":\"en-US\",\"@id\":\"https:\/\/shop.bazarcia.com\/produto\/projeto-almofadas-trio-turminha-do-bosque-em-patch-aplique-pre-venda\/#primaryimage\",\"url\":\"https:\/\/shop.bazarcia.com\/wp-content\/uploads\/2020\/06\/CURSOS-PATCH.png\",\"contentUrl\":\"https:\/\/shop.bazarcia.com\/wp-content\/uploads\/2020\/06\/CURSOS-PATCH.png\",\"width\":1080,\"height\":1080},{\"@type\":\"BreadcrumbList\",\"@id\":\"https:\/\/shop.bazarcia.com\/produto\/projeto-almofadas-trio-turminha-do-bosque-em-patch-aplique-pre-venda\/#breadcrumb\",\"itemListElement\":[{\"@type\":\"ListItem\",\"position\":1,\"name\":\"In\u00edcio\",\"item\":\"https:\/\/shop.bazarcia.com\/\"},{\"@type\":\"ListItem\",\"position\":2,\"name\":\"Loja\",\"item\":\"https:\/\/shop.bazarcia.com\/loja\/\"},{\"@type\":\"ListItem\",\"position\":3,\"name\":\"Curso Online: Almofadas Trio Turminha do Bosque em Patch Aplique\"}]},{\"@type\":\"WebSite\",\"@id\":\"https:\/\/shop.bazarcia.com\/#website\",\"url\":\"https:\/\/shop.bazarcia.com\/\",\"name\":\"Bazar & Cia\",\"description\":\"criatividade ponto a ponto\",\"publisher\":{\"@id\":\"https:\/\/shop.bazarcia.com\/#organization\"},\"potentialAction\":[{\"@type\":\"SearchAction\",\"target\":{\"@type\":\"EntryPoint\",\"urlTemplate\":\"https:\/\/shop.bazarcia.com\/?s={search_term_string}\"},\"query-input\":{\"@type\":\"PropertyValueSpecification\",\"valueRequired\":true,\"valueName\":\"search_term_string\"}}],\"inLanguage\":\"en-US\"},{\"@type\":\"Organization\",\"@id\":\"https:\/\/shop.bazarcia.com\/#organization\",\"name\":\"Bazar & Cia\",\"url\":\"https:\/\/shop.bazarcia.com\/\",\"logo\":{\"@type\":\"ImageObject\",\"inLanguage\":\"en-US\",\"@id\":\"https:\/\/shop.bazarcia.com\/#\/schema\/logo\/image\/\",\"url\":\"https:\/\/shop.bazarcia.com\/wp-content\/uploads\/2024\/02\/cropped-logo_bazarcia.png\",\"contentUrl\":\"https:\/\/shop.bazarcia.com\/wp-content\/uploads\/2024\/02\/cropped-logo_bazarcia.png\",\"width\":150,\"height\":150,\"caption\":\"Bazar & Cia\"},\"image\":{\"@id\":\"https:\/\/shop.bazarcia.com\/#\/schema\/logo\/image\/\"},\"sameAs\":[\"https:\/\/www.facebook.com\/shopbazarcia\",\"https:\/\/www.instagram.com\/shopbazarcia\",\"https:\/\/br.pinterest.com\/suzane_eloise\/\",\"https:\/\/www.youtube.com\/c\/BazardoBordadoMatrizeseProjetos\"]}]}<\/script>\n<!-- \/ Yoast SEO plugin. -->","yoast_head_json":{"title":"Curso Online: Almofadas Trio Turminha do Bosque em Patch Aplique - \ud835\udc1b\ud835\udc1a\ud835\udc33\ud835\udc1a\ud835\udc2b &amp; \ud835\udc1c\ud835\udc22\ud835\udc1a","description":"Please provide a meta description by editing the snippet below. If you don\u2019t, Google will try to find a relevant part of your post to show in the search results.","robots":{"index":"index","follow":"follow","max-snippet":"max-snippet:-1","max-image-preview":"max-image-preview:large","max-video-preview":"max-video-preview:-1"},"canonical":"https:\/\/shop.bazarcia.com\/en\/product\/projeto-almofadas-trio-turminha-do-bosque-em-patch-aplique-pre-venda\/","og_locale":"en_US","og_type":"article","og_title":"Curso Online: Almofadas Trio Turminha do Bosque em Patch Aplique - \ud835\udc1b\ud835\udc1a\ud835\udc33\ud835\udc1a\ud835\udc2b &amp; \ud835\udc1c\ud835\udc22\ud835\udc1a","og_description":"Please provide a meta description by editing the snippet below. If you don\u2019t, Google will try to find a relevant part of your post to show in the search results.","og_url":"https:\/\/shop.bazarcia.com\/en\/product\/projeto-almofadas-trio-turminha-do-bosque-em-patch-aplique-pre-venda\/","og_site_name":"\ud835\udc1b\ud835\udc1a\ud835\udc33\ud835\udc1a\ud835\udc2b &amp; \ud835\udc1c\ud835\udc22\ud835\udc1a","article_publisher":"https:\/\/www.facebook.com\/shopbazarcia","article_modified_time":"2025-04-25T19:43:23+00:00","og_image":[{"width":1080,"height":1080,"url":"https:\/\/shop.bazarcia.com\/wp-content\/uploads\/2020\/06\/CURSOS-PATCH.png","type":"image\/png"}],"twitter_card":"summary_large_image","twitter_misc":{"Est. reading time":"2 minutes"},"schema":{"@context":"https:\/\/schema.org","@graph":[{"@type":"WebPage","@id":"https:\/\/shop.bazarcia.com\/produto\/projeto-almofadas-trio-turminha-do-bosque-em-patch-aplique-pre-venda\/","url":"https:\/\/shop.bazarcia.com\/produto\/projeto-almofadas-trio-turminha-do-bosque-em-patch-aplique-pre-venda\/","name":"Curso Online: Almofadas Trio Turminha do Bosque em Patch Aplique - \ud835\udc1b\ud835\udc1a\ud835\udc33\ud835\udc1a\ud835\udc2b &amp; \ud835\udc1c\ud835\udc22\ud835\udc1a","isPartOf":{"@id":"https:\/\/shop.bazarcia.com\/#website"},"primaryImageOfPage":{"@id":"https:\/\/shop.bazarcia.com\/produto\/projeto-almofadas-trio-turminha-do-bosque-em-patch-aplique-pre-venda\/#primaryimage"},"image":{"@id":"https:\/\/shop.bazarcia.com\/produto\/projeto-almofadas-trio-turminha-do-bosque-em-patch-aplique-pre-venda\/#primaryimage"},"thumbnailUrl":"https:\/\/shop.bazarcia.com\/wp-content\/uploads\/2020\/06\/CURSOS-PATCH.png","datePublished":"2020-06-17T00:47:46+00:00","dateModified":"2025-04-25T19:43:23+00:00","description":"Please provide a meta description by editing the snippet below. If you don\u2019t, Google will try to find a relevant part of your post to show in the search results.","breadcrumb":{"@id":"https:\/\/shop.bazarcia.com\/produto\/projeto-almofadas-trio-turminha-do-bosque-em-patch-aplique-pre-venda\/#breadcrumb"},"inLanguage":"en-US","potentialAction":[{"@type":"ReadAction","target":["https:\/\/shop.bazarcia.com\/produto\/projeto-almofadas-trio-turminha-do-bosque-em-patch-aplique-pre-venda\/"]}]},{"@type":"ImageObject","inLanguage":"en-US","@id":"https:\/\/shop.bazarcia.com\/produto\/projeto-almofadas-trio-turminha-do-bosque-em-patch-aplique-pre-venda\/#primaryimage","url":"https:\/\/shop.bazarcia.com\/wp-content\/uploads\/2020\/06\/CURSOS-PATCH.png","contentUrl":"https:\/\/shop.bazarcia.com\/wp-content\/uploads\/2020\/06\/CURSOS-PATCH.png","width":1080,"height":1080},{"@type":"BreadcrumbList","@id":"https:\/\/shop.bazarcia.com\/produto\/projeto-almofadas-trio-turminha-do-bosque-em-patch-aplique-pre-venda\/#breadcrumb","itemListElement":[{"@type":"ListItem","position":1,"name":"In\u00edcio","item":"https:\/\/shop.bazarcia.com\/"},{"@type":"ListItem","position":2,"name":"Loja","item":"https:\/\/shop.bazarcia.com\/loja\/"},{"@type":"ListItem","position":3,"name":"Curso Online: Almofadas Trio Turminha do Bosque em Patch Aplique"}]},{"@type":"WebSite","@id":"https:\/\/shop.bazarcia.com\/#website","url":"https:\/\/shop.bazarcia.com\/","name":"Bazar & Cia","description":"criatividade ponto a ponto","publisher":{"@id":"https:\/\/shop.bazarcia.com\/#organization"},"potentialAction":[{"@type":"SearchAction","target":{"@type":"EntryPoint","urlTemplate":"https:\/\/shop.bazarcia.com\/?s={search_term_string}"},"query-input":{"@type":"PropertyValueSpecification","valueRequired":true,"valueName":"search_term_string"}}],"inLanguage":"en-US"},{"@type":"Organization","@id":"https:\/\/shop.bazarcia.com\/#organization","name":"Bazar & Cia","url":"https:\/\/shop.bazarcia.com\/","logo":{"@type":"ImageObject","inLanguage":"en-US","@id":"https:\/\/shop.bazarcia.com\/#\/schema\/logo\/image\/","url":"https:\/\/shop.bazarcia.com\/wp-content\/uploads\/2024\/02\/cropped-logo_bazarcia.png","contentUrl":"https:\/\/shop.bazarcia.com\/wp-content\/uploads\/2024\/02\/cropped-logo_bazarcia.png","width":150,"height":150,"caption":"Bazar & Cia"},"image":{"@id":"https:\/\/shop.bazarcia.com\/#\/schema\/logo\/image\/"},"sameAs":["https:\/\/www.facebook.com\/shopbazarcia","https:\/\/www.instagram.com\/shopbazarcia","https:\/\/br.pinterest.com\/suzane_eloise\/","https:\/\/www.youtube.com\/c\/BazardoBordadoMatrizeseProjetos"]}]}},"_links":{"self":[{"href":"https:\/\/shop.bazarcia.com\/en\/wp-json\/wp\/v2\/product\/33584","targetHints":{"allow":["GET"]}}],"collection":[{"href":"https:\/\/shop.bazarcia.com\/en\/wp-json\/wp\/v2\/product"}],"about":[{"href":"https:\/\/shop.bazarcia.com\/en\/wp-json\/wp\/v2\/types\/product"}],"replies":[{"embeddable":true,"href":"https:\/\/shop.bazarcia.com\/en\/wp-json\/wp\/v2\/comments?post=33584"}],"version-history":[{"count":3,"href":"https:\/\/shop.bazarcia.com\/en\/wp-json\/wp\/v2\/product\/33584\/revisions"}],"predecessor-version":[{"id":271257,"href":"https:\/\/shop.bazarcia.com\/en\/wp-json\/wp\/v2\/product\/33584\/revisions\/271257"}],"wp:featuredmedia":[{"embeddable":true,"href":"https:\/\/shop.bazarcia.com\/en\/wp-json\/wp\/v2\/media\/271256"}],"wp:attachment":[{"href":"https:\/\/shop.bazarcia.com\/en\/wp-json\/wp\/v2\/media?parent=33584"}],"wp:term":[{"taxonomy":"product_brand","embeddable":true,"href":"https:\/\/shop.bazarcia.com\/en\/wp-json\/wp\/v2\/product_brand?post=33584"},{"taxonomy":"product_cat","embeddable":true,"href":"https:\/\/shop.bazarcia.com\/en\/wp-json\/wp\/v2\/product_cat?post=33584"},{"taxonomy":"product_tag","embeddable":true,"href":"https:\/\/shop.bazarcia.com\/en\/wp-json\/wp\/v2\/product_tag?post=33584"}],"curies":[{"name":"wp","href":"https:\/\/api.w.org\/{rel}","templated":true}]}}