{"id":338970,"date":"2025-08-12T20:57:42","date_gmt":"2025-08-12T23:57:42","guid":{"rendered":"https:\/\/shop.bazarcia.com\/?post_type=product&#038;p=338970"},"modified":"2025-08-13T08:31:53","modified_gmt":"2025-08-13T11:31:53","slug":"bastidor-de-bone-suporte-agb-pra-bordar-bones-singer-se9185-lancamento-frete-gratis-pra-todo-brasil","status":"publish","type":"product","link":"https:\/\/shop.bazarcia.com\/en\/product\/bastidor-de-bone-suporte-agb-pra-bordar-bones-singer-se9185-lancamento-frete-gratis-pra-todo-brasil\/","title":{"rendered":"Bastidor de Bon\u00e9 \/ Suporte AGB pra Bordar Bon\u00e9s | SINGER SE9185 LAN\u00c7AMENTO! FRETE GR\u00c1TIS PRA TODO BRASIL!"},"content":{"rendered":"<p><span style=\"font-family: Roboto, 'Helvetica Neue', Helvetica, Arial, \u6587\u6cc9\u9a5b\u6b63\u9ed1, 'WenQuanYi Zen Hei', 'Hiragino Sans GB', '\u5137\u9ed1 Pro', 'LiHei Pro', 'Heiti TC', \u5fae\u8edf\u6b63\u9ed1\u9ad4, 'Microsoft JhengHei UI', 'Microsoft JhengHei', sans-serif;font-size: 14px\">Com o Suporte AGB agora \u00e9 poss\u00edvel Bordar Bon\u00e9s com a sua Bordadeira SINGER SE9185<\/span><\/p>\n<p><span style=\"font-family: Roboto, 'Helvetica Neue', Helvetica, Arial, \u6587\u6cc9\u9a5b\u6b63\u9ed1, 'WenQuanYi Zen Hei', 'Hiragino Sans GB', '\u5137\u9ed1 Pro', 'LiHei Pro', 'Heiti TC', \u5fae\u8edf\u6b63\u9ed1\u9ad4, 'Microsoft JhengHei UI', 'Microsoft JhengHei', sans-serif;font-size: 14px\"><span style=\"text-decoration: underline\"><strong>SUPORTE MODELO S9185 (BASTIDOR 17&#215;10) | M\u00e1quina Compat\u00edvel: SINGER SE9185<\/strong><\/span><\/span><\/p>\n<p>&nbsp;<\/p>\n<p><span style=\"font-family: Roboto, 'Helvetica Neue', Helvetica, Arial, \u6587\u6cc9\u9a5b\u6b63\u9ed1, 'WenQuanYi Zen Hei', 'Hiragino Sans GB', '\u5137\u9ed1 Pro', 'LiHei Pro', 'Heiti TC', \u5fae\u8edf\u6b63\u9ed1\u9ad4, 'Microsoft JhengHei UI', 'Microsoft JhengHei', sans-serif;font-size: 14px\">Comece \u00e1 Bordar Bon\u00e9s e Aumente a Sua Renda! Com Este Suporte, Este Desejo Agora J\u00e1 \u00e9 Realidade. Normalmente o bordado em bon\u00e9s s\u00f3 \u00e9 realizado em m\u00e1quinas de porte industrial, mas com o Suporte AGB voc\u00ea consegue bordar em sua m\u00e1quina dom\u00e9stica \/ profissional.<\/span><\/p>\n<p>&nbsp;<\/p>\n<p><strong>Parcele no Cart\u00e3o de Cr\u00e9dito!<\/strong><\/p>\n<p><strong><span style=\"font-family: Roboto, 'Helvetica Neue', Helvetica, Arial, \u6587\u6cc9\u9a5b\u6b63\u9ed1, 'WenQuanYi Zen Hei', 'Hiragino Sans GB', '\u5137\u9ed1 Pro', 'LiHei Pro', 'Heiti TC', \u5fae\u8edf\u6b63\u9ed1\u9ad4, 'Microsoft JhengHei UI', 'Microsoft JhengHei', sans-serif;font-size: 14px\">A<\/span><span style=\"font-family: Roboto, 'Helvetica Neue', Helvetica, Arial, \u6587\u6cc9\u9a5b\u6b63\u9ed1, 'WenQuanYi Zen Hei', 'Hiragino Sans GB', '\u5137\u9ed1 Pro', 'LiHei Pro', 'Heiti TC', \u5fae\u8edf\u6b63\u9ed1\u9ad4, 'Microsoft JhengHei UI', 'Microsoft JhengHei', sans-serif;font-size: 14px\">qui Sua Compra \u00e9 100% Segura e Garantida! <\/span><\/strong><\/p>\n<p><strong><span style=\"font-family: Roboto, 'Helvetica Neue', Helvetica, Arial, \u6587\u6cc9\u9a5b\u6b63\u9ed1, 'WenQuanYi Zen Hei', 'Hiragino Sans GB', '\u5137\u9ed1 Pro', 'LiHei Pro', 'Heiti TC', \u5fae\u8edf\u6b63\u9ed1\u9ad4, 'Microsoft JhengHei UI', 'Microsoft JhengHei', sans-serif;font-size: 14px\">ADQUIRA J\u00c1!<\/span><\/strong><\/p>\n<p><b>\u27a6 PRAZO PARA POSTAGEM: 7 a 10 dias \u00fateis + o prazo de entrega do sistema de envios!\u00a0<\/b><\/p>\n<p>&nbsp;<\/p>","protected":false},"excerpt":{"rendered":"<p>!!! LAN\u00c7AMENTO !!!<\/p>\n<p><strong><span style=\"font-family: Roboto, 'Helvetica Neue', Helvetica, Arial, \u6587\u6cc9\u9a5b\u6b63\u9ed1, 'WenQuanYi Zen Hei', 'Hiragino Sans GB', '\u5137\u9ed1 Pro', 'LiHei Pro', 'Heiti TC', \u5fae\u8edf\u6b63\u9ed1\u9ad4, 'Microsoft JhengHei UI', 'Microsoft JhengHei', sans-serif;font-size: 20px\">Suporte AGB pra<\/span><span style=\"font-family: Roboto, 'Helvetica Neue', Helvetica, Arial, \u6587\u6cc9\u9a5b\u6b63\u9ed1, 'WenQuanYi Zen Hei', 'Hiragino Sans GB', '\u5137\u9ed1 Pro', 'LiHei Pro', 'Heiti TC', \u5fae\u8edf\u6b63\u9ed1\u9ad4, 'Microsoft JhengHei UI', 'Microsoft JhengHei', sans-serif;font-size: 20px\">\u00a0<\/span><\/strong><strong><span style=\"font-family: Roboto, 'Helvetica Neue', Helvetica, Arial, \u6587\u6cc9\u9a5b\u6b63\u9ed1, 'WenQuanYi Zen Hei', 'Hiragino Sans GB', '\u5137\u9ed1 Pro', 'LiHei Pro', 'Heiti TC', \u5fae\u8edf\u6b63\u9ed1\u9ad4, 'Microsoft JhengHei UI', 'Microsoft JhengHei', sans-serif;font-size: 20px\">Bordadeiras <\/span><\/strong><strong><span style=\"font-family: Roboto, 'Helvetica Neue', Helvetica, Arial, \u6587\u6cc9\u9a5b\u6b63\u9ed1, 'WenQuanYi Zen Hei', 'Hiragino Sans GB', '\u5137\u9ed1 Pro', 'LiHei Pro', 'Heiti TC', \u5fae\u8edf\u6b63\u9ed1\u9ad4, 'Microsoft JhengHei UI', 'Microsoft JhengHei', sans-serif;font-size: 20px\">Singer SE9185<\/span><\/strong><\/p>\n<p>FRETE GR\u00c1TIS PRA TODO BRASIL!<\/p>\n<p><b><u>\u27a6 PRAZO PARA POSTAGEM: 7 a 10 dias \u00fateis + o prazo de entrega do sistema de envios!\u00a0<\/u><\/b><\/p>\n<p>TUTORIAL DE COMO USAR:<\/p>\n<p>https:\/\/www.youtube.com\/watch?v=M3Fwki1GJOA&amp;t=205s<\/p>\n<p>Leia descri\u00e7\u00e3o abaixo.<\/p>","protected":false},"featured_media":338971,"comment_status":"open","ping_status":"closed","template":"","meta":{"_acf_changed":false,"_joinchat":[]},"product_brand":[],"product_cat":[1845,1842],"product_tag":[1170,1433,1280,1091,1090,1348],"class_list":{"0":"post-338970","1":"product","2":"type-product","3":"status-publish","4":"has-post-thumbnail","6":"product_cat-bastidores-para-bones-singer","7":"product_cat-bastidores-para-bones","8":"product_tag-bordado","9":"product_tag-bordado-eletronico","10":"product_tag-bordar","11":"product_tag-brother","12":"product_tag-maquina-de-bordar","13":"product_tag-maquina-domestica","15":"first","16":"instock","17":"sale","18":"virtual","19":"purchasable","20":"product-type-simple"},"acf":[],"yoast_head":"<!-- This site is optimized with the Yoast SEO plugin v27.2 - https:\/\/yoast.com\/product\/yoast-seo-wordpress\/ -->\n<title>Bastidor de Bon\u00e9 \/ Suporte AGB pra Bordar Bon\u00e9s | SINGER SE9185 LAN\u00c7AMENTO! FRETE GR\u00c1TIS PRA TODO BRASIL! - \ud835\udc1b\ud835\udc1a\ud835\udc33\ud835\udc1a\ud835\udc2b &amp; \ud835\udc1c\ud835\udc22\ud835\udc1a<\/title>\n<meta name=\"robots\" content=\"index, follow, max-snippet:-1, max-image-preview:large, max-video-preview:-1\" \/>\n<link rel=\"canonical\" href=\"https:\/\/shop.bazarcia.com\/en\/product\/bastidor-de-bone-suporte-agb-pra-bordar-bones-singer-se9185-lancamento-frete-gratis-pra-todo-brasil\/\" \/>\n<meta property=\"og:locale\" content=\"en_US\" \/>\n<meta property=\"og:type\" content=\"article\" \/>\n<meta property=\"og:title\" content=\"Bastidor de Bon\u00e9 \/ Suporte AGB pra Bordar Bon\u00e9s | SINGER SE9185 LAN\u00c7AMENTO! FRETE GR\u00c1TIS PRA TODO BRASIL! - \ud835\udc1b\ud835\udc1a\ud835\udc33\ud835\udc1a\ud835\udc2b &amp; \ud835\udc1c\ud835\udc22\ud835\udc1a\" \/>\n<meta property=\"og:description\" content=\"!!! LAN\u00c7AMENTO !!!  Suporte AGB pra\u00a0Bordadeiras Singer SE9185  FRETE GR\u00c1TIS PRA TODO BRASIL!  \u27a6 PRAZO PARA POSTAGEM: 7 a 10 dias \u00fateis + o prazo de entrega do sistema de envios!\u00a0  TUTORIAL DE COMO USAR:  https:\/\/www.youtube.com\/watch?v=M3Fwki1GJOA&amp;t=205s  Leia descri\u00e7\u00e3o abaixo.\" \/>\n<meta property=\"og:url\" content=\"https:\/\/shop.bazarcia.com\/en\/product\/bastidor-de-bone-suporte-agb-pra-bordar-bones-singer-se9185-lancamento-frete-gratis-pra-todo-brasil\/\" \/>\n<meta property=\"og:site_name\" content=\"\ud835\udc1b\ud835\udc1a\ud835\udc33\ud835\udc1a\ud835\udc2b &amp; \ud835\udc1c\ud835\udc22\ud835\udc1a\" \/>\n<meta property=\"article:publisher\" content=\"https:\/\/www.facebook.com\/shopbazarcia\" \/>\n<meta property=\"article:modified_time\" content=\"2025-08-13T11:31:53+00:00\" \/>\n<meta property=\"og:image\" content=\"https:\/\/shop.bazarcia.com\/wp-content\/uploads\/2025\/08\/S9185-scaled.jpg\" \/>\n\t<meta property=\"og:image:width\" content=\"2560\" \/>\n\t<meta property=\"og:image:height\" content=\"1922\" \/>\n\t<meta property=\"og:image:type\" content=\"image\/jpeg\" \/>\n<meta name=\"twitter:card\" content=\"summary_large_image\" \/>\n<meta name=\"twitter:label1\" content=\"Est. reading time\" \/>\n\t<meta name=\"twitter:data1\" content=\"1 minute\" \/>\n<script type=\"application\/ld+json\" class=\"yoast-schema-graph\">{\"@context\":\"https:\/\/schema.org\",\"@graph\":[{\"@type\":\"WebPage\",\"@id\":\"https:\/\/shop.bazarcia.com\/produto\/bastidor-de-bone-suporte-agb-pra-bordar-bones-singer-se9185-lancamento-frete-gratis-pra-todo-brasil\/\",\"url\":\"https:\/\/shop.bazarcia.com\/produto\/bastidor-de-bone-suporte-agb-pra-bordar-bones-singer-se9185-lancamento-frete-gratis-pra-todo-brasil\/\",\"name\":\"Bastidor de Bon\u00e9 \/ Suporte AGB pra Bordar Bon\u00e9s | SINGER SE9185 LAN\u00c7AMENTO! FRETE GR\u00c1TIS PRA TODO BRASIL! - \ud835\udc1b\ud835\udc1a\ud835\udc33\ud835\udc1a\ud835\udc2b &amp; \ud835\udc1c\ud835\udc22\ud835\udc1a\",\"isPartOf\":{\"@id\":\"https:\/\/shop.bazarcia.com\/#website\"},\"primaryImageOfPage\":{\"@id\":\"https:\/\/shop.bazarcia.com\/produto\/bastidor-de-bone-suporte-agb-pra-bordar-bones-singer-se9185-lancamento-frete-gratis-pra-todo-brasil\/#primaryimage\"},\"image\":{\"@id\":\"https:\/\/shop.bazarcia.com\/produto\/bastidor-de-bone-suporte-agb-pra-bordar-bones-singer-se9185-lancamento-frete-gratis-pra-todo-brasil\/#primaryimage\"},\"thumbnailUrl\":\"https:\/\/shop.bazarcia.com\/wp-content\/uploads\/2025\/08\/S9185-scaled.jpg\",\"datePublished\":\"2025-08-12T23:57:42+00:00\",\"dateModified\":\"2025-08-13T11:31:53+00:00\",\"breadcrumb\":{\"@id\":\"https:\/\/shop.bazarcia.com\/produto\/bastidor-de-bone-suporte-agb-pra-bordar-bones-singer-se9185-lancamento-frete-gratis-pra-todo-brasil\/#breadcrumb\"},\"inLanguage\":\"en-US\",\"potentialAction\":[{\"@type\":\"ReadAction\",\"target\":[\"https:\/\/shop.bazarcia.com\/produto\/bastidor-de-bone-suporte-agb-pra-bordar-bones-singer-se9185-lancamento-frete-gratis-pra-todo-brasil\/\"]}]},{\"@type\":\"ImageObject\",\"inLanguage\":\"en-US\",\"@id\":\"https:\/\/shop.bazarcia.com\/produto\/bastidor-de-bone-suporte-agb-pra-bordar-bones-singer-se9185-lancamento-frete-gratis-pra-todo-brasil\/#primaryimage\",\"url\":\"https:\/\/shop.bazarcia.com\/wp-content\/uploads\/2025\/08\/S9185-scaled.jpg\",\"contentUrl\":\"https:\/\/shop.bazarcia.com\/wp-content\/uploads\/2025\/08\/S9185-scaled.jpg\",\"width\":2560,\"height\":1922},{\"@type\":\"BreadcrumbList\",\"@id\":\"https:\/\/shop.bazarcia.com\/produto\/bastidor-de-bone-suporte-agb-pra-bordar-bones-singer-se9185-lancamento-frete-gratis-pra-todo-brasil\/#breadcrumb\",\"itemListElement\":[{\"@type\":\"ListItem\",\"position\":1,\"name\":\"In\u00edcio\",\"item\":\"https:\/\/shop.bazarcia.com\/\"},{\"@type\":\"ListItem\",\"position\":2,\"name\":\"Loja\",\"item\":\"https:\/\/shop.bazarcia.com\/loja\/\"},{\"@type\":\"ListItem\",\"position\":3,\"name\":\"Bastidor de Bon\u00e9 \/ Suporte AGB pra Bordar Bon\u00e9s | SINGER SE9185 LAN\u00c7AMENTO! FRETE GR\u00c1TIS PRA TODO BRASIL!\"}]},{\"@type\":\"WebSite\",\"@id\":\"https:\/\/shop.bazarcia.com\/#website\",\"url\":\"https:\/\/shop.bazarcia.com\/\",\"name\":\"Bazar & Cia\",\"description\":\"criatividade ponto a ponto\",\"publisher\":{\"@id\":\"https:\/\/shop.bazarcia.com\/#organization\"},\"potentialAction\":[{\"@type\":\"SearchAction\",\"target\":{\"@type\":\"EntryPoint\",\"urlTemplate\":\"https:\/\/shop.bazarcia.com\/?s={search_term_string}\"},\"query-input\":{\"@type\":\"PropertyValueSpecification\",\"valueRequired\":true,\"valueName\":\"search_term_string\"}}],\"inLanguage\":\"en-US\"},{\"@type\":\"Organization\",\"@id\":\"https:\/\/shop.bazarcia.com\/#organization\",\"name\":\"Bazar & Cia\",\"url\":\"https:\/\/shop.bazarcia.com\/\",\"logo\":{\"@type\":\"ImageObject\",\"inLanguage\":\"en-US\",\"@id\":\"https:\/\/shop.bazarcia.com\/#\/schema\/logo\/image\/\",\"url\":\"https:\/\/shop.bazarcia.com\/wp-content\/uploads\/2024\/02\/cropped-logo_bazarcia.png\",\"contentUrl\":\"https:\/\/shop.bazarcia.com\/wp-content\/uploads\/2024\/02\/cropped-logo_bazarcia.png\",\"width\":150,\"height\":150,\"caption\":\"Bazar & Cia\"},\"image\":{\"@id\":\"https:\/\/shop.bazarcia.com\/#\/schema\/logo\/image\/\"},\"sameAs\":[\"https:\/\/www.facebook.com\/shopbazarcia\",\"https:\/\/www.instagram.com\/shopbazarcia\",\"https:\/\/br.pinterest.com\/suzane_eloise\/\",\"https:\/\/www.youtube.com\/c\/BazardoBordadoMatrizeseProjetos\"]}]}<\/script>\n<!-- \/ Yoast SEO plugin. -->","yoast_head_json":{"title":"Bastidor de Bon\u00e9 \/ Suporte AGB pra Bordar Bon\u00e9s | SINGER SE9185 LAN\u00c7AMENTO! FRETE GR\u00c1TIS PRA TODO BRASIL! - \ud835\udc1b\ud835\udc1a\ud835\udc33\ud835\udc1a\ud835\udc2b &amp; \ud835\udc1c\ud835\udc22\ud835\udc1a","robots":{"index":"index","follow":"follow","max-snippet":"max-snippet:-1","max-image-preview":"max-image-preview:large","max-video-preview":"max-video-preview:-1"},"canonical":"https:\/\/shop.bazarcia.com\/en\/product\/bastidor-de-bone-suporte-agb-pra-bordar-bones-singer-se9185-lancamento-frete-gratis-pra-todo-brasil\/","og_locale":"en_US","og_type":"article","og_title":"Bastidor de Bon\u00e9 \/ Suporte AGB pra Bordar Bon\u00e9s | SINGER SE9185 LAN\u00c7AMENTO! FRETE GR\u00c1TIS PRA TODO BRASIL! - \ud835\udc1b\ud835\udc1a\ud835\udc33\ud835\udc1a\ud835\udc2b &amp; \ud835\udc1c\ud835\udc22\ud835\udc1a","og_description":"!!! LAN\u00c7AMENTO !!!  Suporte AGB pra\u00a0Bordadeiras Singer SE9185  FRETE GR\u00c1TIS PRA TODO BRASIL!  \u27a6 PRAZO PARA POSTAGEM: 7 a 10 dias \u00fateis + o prazo de entrega do sistema de envios!\u00a0  TUTORIAL DE COMO USAR:  https:\/\/www.youtube.com\/watch?v=M3Fwki1GJOA&amp;t=205s  Leia descri\u00e7\u00e3o abaixo.","og_url":"https:\/\/shop.bazarcia.com\/en\/product\/bastidor-de-bone-suporte-agb-pra-bordar-bones-singer-se9185-lancamento-frete-gratis-pra-todo-brasil\/","og_site_name":"\ud835\udc1b\ud835\udc1a\ud835\udc33\ud835\udc1a\ud835\udc2b &amp; \ud835\udc1c\ud835\udc22\ud835\udc1a","article_publisher":"https:\/\/www.facebook.com\/shopbazarcia","article_modified_time":"2025-08-13T11:31:53+00:00","og_image":[{"width":2560,"height":1922,"url":"https:\/\/shop.bazarcia.com\/wp-content\/uploads\/2025\/08\/S9185-scaled.jpg","type":"image\/jpeg"}],"twitter_card":"summary_large_image","twitter_misc":{"Est. reading time":"1 minute"},"schema":{"@context":"https:\/\/schema.org","@graph":[{"@type":"WebPage","@id":"https:\/\/shop.bazarcia.com\/produto\/bastidor-de-bone-suporte-agb-pra-bordar-bones-singer-se9185-lancamento-frete-gratis-pra-todo-brasil\/","url":"https:\/\/shop.bazarcia.com\/produto\/bastidor-de-bone-suporte-agb-pra-bordar-bones-singer-se9185-lancamento-frete-gratis-pra-todo-brasil\/","name":"Bastidor de Bon\u00e9 \/ Suporte AGB pra Bordar Bon\u00e9s | SINGER SE9185 LAN\u00c7AMENTO! FRETE GR\u00c1TIS PRA TODO BRASIL! - \ud835\udc1b\ud835\udc1a\ud835\udc33\ud835\udc1a\ud835\udc2b &amp; \ud835\udc1c\ud835\udc22\ud835\udc1a","isPartOf":{"@id":"https:\/\/shop.bazarcia.com\/#website"},"primaryImageOfPage":{"@id":"https:\/\/shop.bazarcia.com\/produto\/bastidor-de-bone-suporte-agb-pra-bordar-bones-singer-se9185-lancamento-frete-gratis-pra-todo-brasil\/#primaryimage"},"image":{"@id":"https:\/\/shop.bazarcia.com\/produto\/bastidor-de-bone-suporte-agb-pra-bordar-bones-singer-se9185-lancamento-frete-gratis-pra-todo-brasil\/#primaryimage"},"thumbnailUrl":"https:\/\/shop.bazarcia.com\/wp-content\/uploads\/2025\/08\/S9185-scaled.jpg","datePublished":"2025-08-12T23:57:42+00:00","dateModified":"2025-08-13T11:31:53+00:00","breadcrumb":{"@id":"https:\/\/shop.bazarcia.com\/produto\/bastidor-de-bone-suporte-agb-pra-bordar-bones-singer-se9185-lancamento-frete-gratis-pra-todo-brasil\/#breadcrumb"},"inLanguage":"en-US","potentialAction":[{"@type":"ReadAction","target":["https:\/\/shop.bazarcia.com\/produto\/bastidor-de-bone-suporte-agb-pra-bordar-bones-singer-se9185-lancamento-frete-gratis-pra-todo-brasil\/"]}]},{"@type":"ImageObject","inLanguage":"en-US","@id":"https:\/\/shop.bazarcia.com\/produto\/bastidor-de-bone-suporte-agb-pra-bordar-bones-singer-se9185-lancamento-frete-gratis-pra-todo-brasil\/#primaryimage","url":"https:\/\/shop.bazarcia.com\/wp-content\/uploads\/2025\/08\/S9185-scaled.jpg","contentUrl":"https:\/\/shop.bazarcia.com\/wp-content\/uploads\/2025\/08\/S9185-scaled.jpg","width":2560,"height":1922},{"@type":"BreadcrumbList","@id":"https:\/\/shop.bazarcia.com\/produto\/bastidor-de-bone-suporte-agb-pra-bordar-bones-singer-se9185-lancamento-frete-gratis-pra-todo-brasil\/#breadcrumb","itemListElement":[{"@type":"ListItem","position":1,"name":"In\u00edcio","item":"https:\/\/shop.bazarcia.com\/"},{"@type":"ListItem","position":2,"name":"Loja","item":"https:\/\/shop.bazarcia.com\/loja\/"},{"@type":"ListItem","position":3,"name":"Bastidor de Bon\u00e9 \/ Suporte AGB pra Bordar Bon\u00e9s | SINGER SE9185 LAN\u00c7AMENTO! FRETE GR\u00c1TIS PRA TODO BRASIL!"}]},{"@type":"WebSite","@id":"https:\/\/shop.bazarcia.com\/#website","url":"https:\/\/shop.bazarcia.com\/","name":"Bazar & Cia","description":"criatividade ponto a ponto","publisher":{"@id":"https:\/\/shop.bazarcia.com\/#organization"},"potentialAction":[{"@type":"SearchAction","target":{"@type":"EntryPoint","urlTemplate":"https:\/\/shop.bazarcia.com\/?s={search_term_string}"},"query-input":{"@type":"PropertyValueSpecification","valueRequired":true,"valueName":"search_term_string"}}],"inLanguage":"en-US"},{"@type":"Organization","@id":"https:\/\/shop.bazarcia.com\/#organization","name":"Bazar & Cia","url":"https:\/\/shop.bazarcia.com\/","logo":{"@type":"ImageObject","inLanguage":"en-US","@id":"https:\/\/shop.bazarcia.com\/#\/schema\/logo\/image\/","url":"https:\/\/shop.bazarcia.com\/wp-content\/uploads\/2024\/02\/cropped-logo_bazarcia.png","contentUrl":"https:\/\/shop.bazarcia.com\/wp-content\/uploads\/2024\/02\/cropped-logo_bazarcia.png","width":150,"height":150,"caption":"Bazar & Cia"},"image":{"@id":"https:\/\/shop.bazarcia.com\/#\/schema\/logo\/image\/"},"sameAs":["https:\/\/www.facebook.com\/shopbazarcia","https:\/\/www.instagram.com\/shopbazarcia","https:\/\/br.pinterest.com\/suzane_eloise\/","https:\/\/www.youtube.com\/c\/BazardoBordadoMatrizeseProjetos"]}]}},"_links":{"self":[{"href":"https:\/\/shop.bazarcia.com\/en\/wp-json\/wp\/v2\/product\/338970","targetHints":{"allow":["GET"]}}],"collection":[{"href":"https:\/\/shop.bazarcia.com\/en\/wp-json\/wp\/v2\/product"}],"about":[{"href":"https:\/\/shop.bazarcia.com\/en\/wp-json\/wp\/v2\/types\/product"}],"replies":[{"embeddable":true,"href":"https:\/\/shop.bazarcia.com\/en\/wp-json\/wp\/v2\/comments?post=338970"}],"version-history":[{"count":1,"href":"https:\/\/shop.bazarcia.com\/en\/wp-json\/wp\/v2\/product\/338970\/revisions"}],"predecessor-version":[{"id":338973,"href":"https:\/\/shop.bazarcia.com\/en\/wp-json\/wp\/v2\/product\/338970\/revisions\/338973"}],"wp:featuredmedia":[{"embeddable":true,"href":"https:\/\/shop.bazarcia.com\/en\/wp-json\/wp\/v2\/media\/338971"}],"wp:attachment":[{"href":"https:\/\/shop.bazarcia.com\/en\/wp-json\/wp\/v2\/media?parent=338970"}],"wp:term":[{"taxonomy":"product_brand","embeddable":true,"href":"https:\/\/shop.bazarcia.com\/en\/wp-json\/wp\/v2\/product_brand?post=338970"},{"taxonomy":"product_cat","embeddable":true,"href":"https:\/\/shop.bazarcia.com\/en\/wp-json\/wp\/v2\/product_cat?post=338970"},{"taxonomy":"product_tag","embeddable":true,"href":"https:\/\/shop.bazarcia.com\/en\/wp-json\/wp\/v2\/product_tag?post=338970"}],"curies":[{"name":"wp","href":"https:\/\/api.w.org\/{rel}","templated":true}]}}