{"id":33930,"date":"2020-06-18T19:58:22","date_gmt":"2020-06-18T22:58:22","guid":{"rendered":"https:\/\/shop.bazarcia.com\/?post_type=product&#038;p=33930"},"modified":"2021-03-03T20:59:03","modified_gmt":"2021-03-03T23:59:03","slug":"3-bolsinhas-porta-mascaras-autismo-copia","status":"publish","type":"product","link":"https:\/\/shop.bazarcia.com\/en\/product\/3-bolsinhas-porta-mascaras-autismo-copia\/","title":{"rendered":"3 Bolsinhas Porta M\u00e1scaras Gratid\u00e3o"},"content":{"rendered":"<p><span style=\"font-weight: bold;color: #787878;font-family: Quicksand, sans-serif;font-size: 13.2px;text-align: justify\">Modelo:<\/span><span style=\"color: #787878;font-family: Quicksand, sans-serif;font-size: 13.2px;text-align: justify\"> MASK0411<\/span><\/p>\n<p>Os arquivos cont\u00e9m os seguintes formatos:<\/p>\n<p>DST * EXP * HUS * JEF * VP3 * XXX * PCS * PES<\/p>","protected":false},"excerpt":{"rendered":"<p>TAMANHO: 12.80 cm largura &#8211; 16.60 cm altura<br \/>\nTAMANHO: 13.70 cm largura &#8211; 17.90 cm altura<br \/>\nTAMANHO: 17.80 cm largura &#8211; 23.10 cm altura<\/p>\n<p>VEJA O PASSO A PASSO DE COMO FAZER SUA BOLSINHA:<br \/>\n<a href=\"https:\/\/www.youtube.com\/watch?v=SQ_ctRPb3Cc&amp;fbclid=IwAR0LNQ29tLkZeWbkNd5mMJe6hf9q6rjMFdvq1POFydUgw8xynm_WylRVUGY\">https:\/\/www.youtube.com\/watch?v=SQ_ctRPb3Cc&amp;fbclid=IwAR0LNQ29tLkZeWbkNd5mMJe6hf9q6rjMFdvq1POFydUgw8xynm_WylRVUGY<\/a><\/p>\n<p>===== ATEN\u00c7\u00c3O ESTE \u00c9 UM ARQUIVO DIGITAL, N\u00c3O \u00c9 UM PRODUTO PRONTO ====<br \/>\n\u00c9 necess\u00e1rio ter uma m\u00e1quina de bordar para usar esse arquivo.<\/p>","protected":false},"featured_media":33931,"comment_status":"open","ping_status":"closed","template":"","meta":{"_acf_changed":false,"_joinchat":[]},"product_brand":[],"product_cat":[1416,1327,98,1385,1392,1386,1387],"product_tag":[1090],"class_list":{"0":"post-33930","1":"product","2":"type-product","3":"status-publish","4":"has-post-thumbnail","6":"product_cat-bolsinha-na-bordadeira-ith","7":"product_cat-projeto-mascaras-de-protecao-na-bordadeira","8":"product_cat-projetos-na-bordadeira-in-the-hoop-embroidery","9":"product_cat-projetos-para-bastidor-13x18","10":"product_cat-projetos-para-bastidor-14x20","11":"product_cat-projetos-para-bastidor-15x26-ou-16x26","12":"product_cat-projetos-para-bastidores-18x30","13":"product_tag-maquina-de-bordar","15":"first","16":"instock","17":"downloadable","18":"virtual","19":"purchasable","20":"product-type-simple"},"acf":[],"yoast_head":"<!-- This site is optimized with the Yoast SEO plugin v27.2 - https:\/\/yoast.com\/product\/yoast-seo-wordpress\/ -->\n<title>3 Bolsinhas Porta M\u00e1scaras Gratid\u00e3o - \ud835\udc1b\ud835\udc1a\ud835\udc33\ud835\udc1a\ud835\udc2b &amp; \ud835\udc1c\ud835\udc22\ud835\udc1a<\/title>\n<meta name=\"robots\" content=\"index, follow, max-snippet:-1, max-image-preview:large, max-video-preview:-1\" \/>\n<link rel=\"canonical\" href=\"https:\/\/shop.bazarcia.com\/en\/product\/3-bolsinhas-porta-mascaras-autismo-copia\/\" \/>\n<meta property=\"og:locale\" content=\"en_US\" \/>\n<meta property=\"og:type\" content=\"article\" \/>\n<meta property=\"og:title\" content=\"3 Bolsinhas Porta M\u00e1scaras Gratid\u00e3o - \ud835\udc1b\ud835\udc1a\ud835\udc33\ud835\udc1a\ud835\udc2b &amp; \ud835\udc1c\ud835\udc22\ud835\udc1a\" \/>\n<meta property=\"og:description\" content=\"TAMANHO: 12.80 cm largura - 16.60 cm altura TAMANHO: 13.70 cm largura - 17.90 cm altura TAMANHO: 17.80 cm largura - 23.10 cm altura  VEJA O PASSO A PASSO DE COMO FAZER SUA BOLSINHA: https:\/\/www.youtube.com\/watch?v=SQ_ctRPb3Cc&amp;fbclid=IwAR0LNQ29tLkZeWbkNd5mMJe6hf9q6rjMFdvq1POFydUgw8xynm_WylRVUGY  ===== ATEN\u00c7\u00c3O ESTE \u00c9 UM ARQUIVO DIGITAL, N\u00c3O \u00c9 UM PRODUTO PRONTO ==== \u00c9 necess\u00e1rio ter uma m\u00e1quina de bordar para usar esse arquivo.\" \/>\n<meta property=\"og:url\" content=\"https:\/\/shop.bazarcia.com\/en\/product\/3-bolsinhas-porta-mascaras-autismo-copia\/\" \/>\n<meta property=\"og:site_name\" content=\"\ud835\udc1b\ud835\udc1a\ud835\udc33\ud835\udc1a\ud835\udc2b &amp; \ud835\udc1c\ud835\udc22\ud835\udc1a\" \/>\n<meta property=\"article:publisher\" content=\"https:\/\/www.facebook.com\/shopbazarcia\" \/>\n<meta property=\"article:modified_time\" content=\"2021-03-03T23:59:03+00:00\" \/>\n<meta property=\"og:image\" content=\"https:\/\/shop.bazarcia.com\/wp-content\/uploads\/2020\/06\/MASK0411.jpg\" \/>\n\t<meta property=\"og:image:width\" content=\"400\" \/>\n\t<meta property=\"og:image:height\" content=\"400\" \/>\n\t<meta property=\"og:image:type\" content=\"image\/jpeg\" \/>\n<meta name=\"twitter:card\" content=\"summary_large_image\" \/>\n<script type=\"application\/ld+json\" class=\"yoast-schema-graph\">{\"@context\":\"https:\/\/schema.org\",\"@graph\":[{\"@type\":\"WebPage\",\"@id\":\"https:\/\/shop.bazarcia.com\/produto\/3-bolsinhas-porta-mascaras-autismo-copia\/\",\"url\":\"https:\/\/shop.bazarcia.com\/produto\/3-bolsinhas-porta-mascaras-autismo-copia\/\",\"name\":\"3 Bolsinhas Porta M\u00e1scaras Gratid\u00e3o - \ud835\udc1b\ud835\udc1a\ud835\udc33\ud835\udc1a\ud835\udc2b &amp; \ud835\udc1c\ud835\udc22\ud835\udc1a\",\"isPartOf\":{\"@id\":\"https:\/\/shop.bazarcia.com\/#website\"},\"primaryImageOfPage\":{\"@id\":\"https:\/\/shop.bazarcia.com\/produto\/3-bolsinhas-porta-mascaras-autismo-copia\/#primaryimage\"},\"image\":{\"@id\":\"https:\/\/shop.bazarcia.com\/produto\/3-bolsinhas-porta-mascaras-autismo-copia\/#primaryimage\"},\"thumbnailUrl\":\"https:\/\/shop.bazarcia.com\/wp-content\/uploads\/2020\/06\/MASK0411.jpg\",\"datePublished\":\"2020-06-18T22:58:22+00:00\",\"dateModified\":\"2021-03-03T23:59:03+00:00\",\"breadcrumb\":{\"@id\":\"https:\/\/shop.bazarcia.com\/produto\/3-bolsinhas-porta-mascaras-autismo-copia\/#breadcrumb\"},\"inLanguage\":\"en-US\",\"potentialAction\":[{\"@type\":\"ReadAction\",\"target\":[\"https:\/\/shop.bazarcia.com\/produto\/3-bolsinhas-porta-mascaras-autismo-copia\/\"]}]},{\"@type\":\"ImageObject\",\"inLanguage\":\"en-US\",\"@id\":\"https:\/\/shop.bazarcia.com\/produto\/3-bolsinhas-porta-mascaras-autismo-copia\/#primaryimage\",\"url\":\"https:\/\/shop.bazarcia.com\/wp-content\/uploads\/2020\/06\/MASK0411.jpg\",\"contentUrl\":\"https:\/\/shop.bazarcia.com\/wp-content\/uploads\/2020\/06\/MASK0411.jpg\",\"width\":400,\"height\":400},{\"@type\":\"BreadcrumbList\",\"@id\":\"https:\/\/shop.bazarcia.com\/produto\/3-bolsinhas-porta-mascaras-autismo-copia\/#breadcrumb\",\"itemListElement\":[{\"@type\":\"ListItem\",\"position\":1,\"name\":\"In\u00edcio\",\"item\":\"https:\/\/shop.bazarcia.com\/\"},{\"@type\":\"ListItem\",\"position\":2,\"name\":\"Loja\",\"item\":\"https:\/\/shop.bazarcia.com\/loja\/\"},{\"@type\":\"ListItem\",\"position\":3,\"name\":\"3 Bolsinhas Porta M\u00e1scaras Gratid\u00e3o\"}]},{\"@type\":\"WebSite\",\"@id\":\"https:\/\/shop.bazarcia.com\/#website\",\"url\":\"https:\/\/shop.bazarcia.com\/\",\"name\":\"Bazar & Cia\",\"description\":\"criatividade ponto a ponto\",\"publisher\":{\"@id\":\"https:\/\/shop.bazarcia.com\/#organization\"},\"potentialAction\":[{\"@type\":\"SearchAction\",\"target\":{\"@type\":\"EntryPoint\",\"urlTemplate\":\"https:\/\/shop.bazarcia.com\/?s={search_term_string}\"},\"query-input\":{\"@type\":\"PropertyValueSpecification\",\"valueRequired\":true,\"valueName\":\"search_term_string\"}}],\"inLanguage\":\"en-US\"},{\"@type\":\"Organization\",\"@id\":\"https:\/\/shop.bazarcia.com\/#organization\",\"name\":\"Bazar & Cia\",\"url\":\"https:\/\/shop.bazarcia.com\/\",\"logo\":{\"@type\":\"ImageObject\",\"inLanguage\":\"en-US\",\"@id\":\"https:\/\/shop.bazarcia.com\/#\/schema\/logo\/image\/\",\"url\":\"https:\/\/shop.bazarcia.com\/wp-content\/uploads\/2024\/02\/cropped-logo_bazarcia.png\",\"contentUrl\":\"https:\/\/shop.bazarcia.com\/wp-content\/uploads\/2024\/02\/cropped-logo_bazarcia.png\",\"width\":150,\"height\":150,\"caption\":\"Bazar & Cia\"},\"image\":{\"@id\":\"https:\/\/shop.bazarcia.com\/#\/schema\/logo\/image\/\"},\"sameAs\":[\"https:\/\/www.facebook.com\/shopbazarcia\",\"https:\/\/www.instagram.com\/shopbazarcia\",\"https:\/\/br.pinterest.com\/suzane_eloise\/\",\"https:\/\/www.youtube.com\/c\/BazardoBordadoMatrizeseProjetos\"]}]}<\/script>\n<!-- \/ Yoast SEO plugin. -->","yoast_head_json":{"title":"3 Bolsinhas Porta M\u00e1scaras Gratid\u00e3o - \ud835\udc1b\ud835\udc1a\ud835\udc33\ud835\udc1a\ud835\udc2b &amp; \ud835\udc1c\ud835\udc22\ud835\udc1a","robots":{"index":"index","follow":"follow","max-snippet":"max-snippet:-1","max-image-preview":"max-image-preview:large","max-video-preview":"max-video-preview:-1"},"canonical":"https:\/\/shop.bazarcia.com\/en\/product\/3-bolsinhas-porta-mascaras-autismo-copia\/","og_locale":"en_US","og_type":"article","og_title":"3 Bolsinhas Porta M\u00e1scaras Gratid\u00e3o - \ud835\udc1b\ud835\udc1a\ud835\udc33\ud835\udc1a\ud835\udc2b &amp; \ud835\udc1c\ud835\udc22\ud835\udc1a","og_description":"TAMANHO: 12.80 cm largura - 16.60 cm altura TAMANHO: 13.70 cm largura - 17.90 cm altura TAMANHO: 17.80 cm largura - 23.10 cm altura  VEJA O PASSO A PASSO DE COMO FAZER SUA BOLSINHA: https:\/\/www.youtube.com\/watch?v=SQ_ctRPb3Cc&amp;fbclid=IwAR0LNQ29tLkZeWbkNd5mMJe6hf9q6rjMFdvq1POFydUgw8xynm_WylRVUGY  ===== ATEN\u00c7\u00c3O ESTE \u00c9 UM ARQUIVO DIGITAL, N\u00c3O \u00c9 UM PRODUTO PRONTO ==== \u00c9 necess\u00e1rio ter uma m\u00e1quina de bordar para usar esse arquivo.","og_url":"https:\/\/shop.bazarcia.com\/en\/product\/3-bolsinhas-porta-mascaras-autismo-copia\/","og_site_name":"\ud835\udc1b\ud835\udc1a\ud835\udc33\ud835\udc1a\ud835\udc2b &amp; \ud835\udc1c\ud835\udc22\ud835\udc1a","article_publisher":"https:\/\/www.facebook.com\/shopbazarcia","article_modified_time":"2021-03-03T23:59:03+00:00","og_image":[{"width":400,"height":400,"url":"https:\/\/shop.bazarcia.com\/wp-content\/uploads\/2020\/06\/MASK0411.jpg","type":"image\/jpeg"}],"twitter_card":"summary_large_image","schema":{"@context":"https:\/\/schema.org","@graph":[{"@type":"WebPage","@id":"https:\/\/shop.bazarcia.com\/produto\/3-bolsinhas-porta-mascaras-autismo-copia\/","url":"https:\/\/shop.bazarcia.com\/produto\/3-bolsinhas-porta-mascaras-autismo-copia\/","name":"3 Bolsinhas Porta M\u00e1scaras Gratid\u00e3o - \ud835\udc1b\ud835\udc1a\ud835\udc33\ud835\udc1a\ud835\udc2b &amp; \ud835\udc1c\ud835\udc22\ud835\udc1a","isPartOf":{"@id":"https:\/\/shop.bazarcia.com\/#website"},"primaryImageOfPage":{"@id":"https:\/\/shop.bazarcia.com\/produto\/3-bolsinhas-porta-mascaras-autismo-copia\/#primaryimage"},"image":{"@id":"https:\/\/shop.bazarcia.com\/produto\/3-bolsinhas-porta-mascaras-autismo-copia\/#primaryimage"},"thumbnailUrl":"https:\/\/shop.bazarcia.com\/wp-content\/uploads\/2020\/06\/MASK0411.jpg","datePublished":"2020-06-18T22:58:22+00:00","dateModified":"2021-03-03T23:59:03+00:00","breadcrumb":{"@id":"https:\/\/shop.bazarcia.com\/produto\/3-bolsinhas-porta-mascaras-autismo-copia\/#breadcrumb"},"inLanguage":"en-US","potentialAction":[{"@type":"ReadAction","target":["https:\/\/shop.bazarcia.com\/produto\/3-bolsinhas-porta-mascaras-autismo-copia\/"]}]},{"@type":"ImageObject","inLanguage":"en-US","@id":"https:\/\/shop.bazarcia.com\/produto\/3-bolsinhas-porta-mascaras-autismo-copia\/#primaryimage","url":"https:\/\/shop.bazarcia.com\/wp-content\/uploads\/2020\/06\/MASK0411.jpg","contentUrl":"https:\/\/shop.bazarcia.com\/wp-content\/uploads\/2020\/06\/MASK0411.jpg","width":400,"height":400},{"@type":"BreadcrumbList","@id":"https:\/\/shop.bazarcia.com\/produto\/3-bolsinhas-porta-mascaras-autismo-copia\/#breadcrumb","itemListElement":[{"@type":"ListItem","position":1,"name":"In\u00edcio","item":"https:\/\/shop.bazarcia.com\/"},{"@type":"ListItem","position":2,"name":"Loja","item":"https:\/\/shop.bazarcia.com\/loja\/"},{"@type":"ListItem","position":3,"name":"3 Bolsinhas Porta M\u00e1scaras Gratid\u00e3o"}]},{"@type":"WebSite","@id":"https:\/\/shop.bazarcia.com\/#website","url":"https:\/\/shop.bazarcia.com\/","name":"Bazar & Cia","description":"criatividade ponto a ponto","publisher":{"@id":"https:\/\/shop.bazarcia.com\/#organization"},"potentialAction":[{"@type":"SearchAction","target":{"@type":"EntryPoint","urlTemplate":"https:\/\/shop.bazarcia.com\/?s={search_term_string}"},"query-input":{"@type":"PropertyValueSpecification","valueRequired":true,"valueName":"search_term_string"}}],"inLanguage":"en-US"},{"@type":"Organization","@id":"https:\/\/shop.bazarcia.com\/#organization","name":"Bazar & Cia","url":"https:\/\/shop.bazarcia.com\/","logo":{"@type":"ImageObject","inLanguage":"en-US","@id":"https:\/\/shop.bazarcia.com\/#\/schema\/logo\/image\/","url":"https:\/\/shop.bazarcia.com\/wp-content\/uploads\/2024\/02\/cropped-logo_bazarcia.png","contentUrl":"https:\/\/shop.bazarcia.com\/wp-content\/uploads\/2024\/02\/cropped-logo_bazarcia.png","width":150,"height":150,"caption":"Bazar & Cia"},"image":{"@id":"https:\/\/shop.bazarcia.com\/#\/schema\/logo\/image\/"},"sameAs":["https:\/\/www.facebook.com\/shopbazarcia","https:\/\/www.instagram.com\/shopbazarcia","https:\/\/br.pinterest.com\/suzane_eloise\/","https:\/\/www.youtube.com\/c\/BazardoBordadoMatrizeseProjetos"]}]}},"_links":{"self":[{"href":"https:\/\/shop.bazarcia.com\/en\/wp-json\/wp\/v2\/product\/33930","targetHints":{"allow":["GET"]}}],"collection":[{"href":"https:\/\/shop.bazarcia.com\/en\/wp-json\/wp\/v2\/product"}],"about":[{"href":"https:\/\/shop.bazarcia.com\/en\/wp-json\/wp\/v2\/types\/product"}],"replies":[{"embeddable":true,"href":"https:\/\/shop.bazarcia.com\/en\/wp-json\/wp\/v2\/comments?post=33930"}],"version-history":[{"count":0,"href":"https:\/\/shop.bazarcia.com\/en\/wp-json\/wp\/v2\/product\/33930\/revisions"}],"wp:featuredmedia":[{"embeddable":true,"href":"https:\/\/shop.bazarcia.com\/en\/wp-json\/wp\/v2\/media\/33931"}],"wp:attachment":[{"href":"https:\/\/shop.bazarcia.com\/en\/wp-json\/wp\/v2\/media?parent=33930"}],"wp:term":[{"taxonomy":"product_brand","embeddable":true,"href":"https:\/\/shop.bazarcia.com\/en\/wp-json\/wp\/v2\/product_brand?post=33930"},{"taxonomy":"product_cat","embeddable":true,"href":"https:\/\/shop.bazarcia.com\/en\/wp-json\/wp\/v2\/product_cat?post=33930"},{"taxonomy":"product_tag","embeddable":true,"href":"https:\/\/shop.bazarcia.com\/en\/wp-json\/wp\/v2\/product_tag?post=33930"}],"curies":[{"name":"wp","href":"https:\/\/api.w.org\/{rel}","templated":true}]}}