{"id":340569,"date":"2025-08-23T11:31:52","date_gmt":"2025-08-23T14:31:52","guid":{"rendered":"https:\/\/shop.bazarcia.com\/?post_type=product&#038;p=340569"},"modified":"2025-08-23T11:35:54","modified_gmt":"2025-08-23T14:35:54","slug":"matriz-de-bordado-brasao-enfermagem","status":"publish","type":"product","link":"https:\/\/shop.bazarcia.com\/en\/product\/matriz-de-bordado-brasao-enfermagem\/","title":{"rendered":"Matriz de Bordado &#8211; Bras\u00e3o Enfermagem"},"content":{"rendered":"<p style=\"margin-top: 0pt;margin-bottom: 0pt;margin-left: 0in;text-align: left;direction: ltr\"><span style=\"font-size: 18.0pt;font-family: museo_sans;color: #333333;font-weight: normal;font-style: normal\">MATRIZ DIGITAL PARA BORDADO<\/span><\/p>\n<p style=\"margin-top: 0pt;margin-bottom: 0pt;margin-left: 0in;text-align: left;direction: ltr\"><span style=\"font-size: 18.0pt;font-family: Georgia;color: #333333;font-weight: normal;font-style: normal\">BRAS\u00c3O ENFERMAGEM<\/span><\/p>\n<p><span style=\"font-size: 18.0pt;font-family: museo_sans;color: #333333;font-weight: normal;font-style: normal\">Arquivo digital para bordado eletr\u00f4nico.<\/span><span style=\"font-size: 18.0pt;font-family: Georgia;color: #333333;font-weight: normal;font-style: normal\"><br \/>\n<\/span><span style=\"font-size: 18.0pt;font-family: museo_sans;color: #333333;font-weight: normal;font-style: normal\">Antes de realizar sua compra confira os formatos dispon\u00edveis, pois por se tratar de arquivo digital n\u00e3o \u00e9 poss\u00edvel realizar devolu\u00e7\u00e3o<\/span><span style=\"font-size: 18.0pt;font-family: Georgia;color: #333333;font-weight: normal;font-style: normal\"><br \/>\n<\/span><span style=\"font-size: 18.0pt;font-family: museo_sans;color: #333333;font-weight: normal;font-style: normal\">N\u00c3O enviamos em EMB.<\/span><span style=\"font-size: 18.0pt;font-family: Georgia;color: #333333;font-weight: normal;font-style: normal\"><br \/>\n<\/span><span style=\"font-size: 18.0pt;font-family: museo_sans;color: #333333;font-weight: normal;font-style: normal\">DISPON\u00cdVEL NOS FORMATOS: DST, PES e JEF, os mesmos s\u00e3o disponibilizados em pasta compactada(ZIP), sendo necess\u00e1rio descompactar.<\/span><span style=\"font-size: 18.0pt;font-family: Georgia;color: #333333;font-weight: normal;font-style: normal\"><br \/>\n<\/span><span style=\"font-size: 18.0pt;font-family: museo_sans;color: #333333;font-weight: normal;font-style: normal\">N\u00c3O FAZEMOS MODIFICA\u00c7\u00d5ES.<\/span><span style=\"font-size: 18.0pt;font-family: Georgia;color: #333333;font-weight: normal;font-style: normal\"><br \/>\n<\/span><span style=\"font-size: 18.0pt;font-family: museo_sans;color: #333333;font-weight: normal;font-style: normal\">Medida: 10cm<\/span><\/p>\n<p style=\"margin-top: 0pt;margin-bottom: 0pt;margin-left: 0in;text-align: left;direction: ltr\"><span style=\"font-size: 18.0pt;font-family: Georgia;color: #333333;font-weight: normal;font-style: normal\">A matriz N\u00c3O acompanha a escrita do ano letivo e da turma<\/span><\/p>\n<p style=\"margin-top: 0pt;margin-bottom: 0pt;margin-left: 0in;text-align: left;direction: ltr\"><span style=\"font-size: 18.0pt;font-family: museo_sans;color: #444444;font-weight: normal;font-style: normal\">*A imagem postada da matriz corresponde a cores ILUSTRATIVAS para melhor entendimento do cliente, no entanto para configura\u00e7\u00f5es DST e XXX pode ocorrer altera\u00e7\u00f5es dessas cores, isso ocorre porque esses tipos de arquivo n\u00e3o aceitam varia\u00e7\u00e3o de tonalidades, apenas cores fixas (<\/span><span style=\"font-size: 18.0pt;font-family: museo_sans;color: #444444;font-weight: normal;font-style: normal\">ex<\/span><span style=\"font-size: 18.0pt;font-family: museo_sans;color: #444444;font-weight: normal;font-style: normal\">: na imagem a cor est\u00e1 verde oliva &#8211; voc\u00ea pode receber na cor roxa. pois o tipo de arquivo n\u00e3o entende essa varia\u00e7\u00e3o de cor) essa altera\u00e7\u00e3o \u00e9 feita de forma autom\u00e1tica pelo pr\u00f3prio tipo de arquivo<\/span><\/p>\n<p style=\"margin-top: 0pt;margin-bottom: 0pt;margin-left: 0in;text-align: left;direction: ltr\"><span style=\"font-size: 18.0pt;font-family: museo_sans;color: #444444;font-weight: normal;font-style: normal\">*Garanto a qualidade do produto segundo o tamanho que eu envio. N\u00e3o recomendamos altera\u00e7\u00e3o de tamanho. * OBSERVA\u00c7\u00c3O: A qualidade da matriz \u00e9 garantida, mas a qualidade do bordado depende da experi\u00eancia do profissional, qualidade do tecido, qualidade da entretela, qualidade da maquina, agulha e linhas, dentre outros<\/span><span style=\"font-size: 18.0pt;font-family: Georgia;color: #333333;font-weight: normal;font-style: normal\"><br \/>\n<\/span><\/p>\n<p style=\"margin-top: 0pt;margin-bottom: 0pt;margin-left: 0in;text-align: left;direction: ltr\"><span style=\"font-size: 18.0pt;font-family: Georgia;color: #333333;font-weight: normal;font-style: normal\">*** LIBERA\u00c7\u00c3O AUTOM\u00c1TICA AP\u00d3S CONFIRMA\u00c7\u00c3O DO PAGAMENTO<\/span><\/p>","protected":false},"excerpt":{"rendered":"<p>Dispon\u00edvel nos seguintes formatos: DST, PES, XXX e JEF<br \/>\nApenas 1 medida: 10cm<br \/>\nN\u00c3O ENVIAMOS EM EMB<br \/>\n*** LIBERA\u00c7\u00c3O AUTOM\u00c1TICA AP\u00d3S CONFIRMA\u00c7\u00c3O DO PAGAMENTO<\/p>","protected":false},"featured_media":340361,"comment_status":"open","ping_status":"closed","template":"","meta":{"_acf_changed":false,"_joinchat":[]},"product_brand":[],"product_cat":[1246,84],"product_tag":[1430,1432],"class_list":{"0":"post-340569","1":"product","2":"type-product","3":"status-publish","4":"has-post-thumbnail","6":"product_cat-brasoes","7":"product_cat-matrizes-de-bordado","8":"product_tag-matriz-de-bordado","9":"product_tag-matrizes-de-bordado","11":"first","12":"instock","13":"downloadable","14":"virtual","15":"purchasable","16":"product-type-simple"},"acf":[],"yoast_head":"<!-- This site is optimized with the Yoast SEO plugin v27.2 - https:\/\/yoast.com\/product\/yoast-seo-wordpress\/ -->\n<title>Matriz de Bordado - Bras\u00e3o Enfermagem - \ud835\udc1b\ud835\udc1a\ud835\udc33\ud835\udc1a\ud835\udc2b &amp; \ud835\udc1c\ud835\udc22\ud835\udc1a<\/title>\n<meta name=\"robots\" content=\"index, follow, max-snippet:-1, max-image-preview:large, max-video-preview:-1\" \/>\n<link rel=\"canonical\" href=\"https:\/\/shop.bazarcia.com\/en\/product\/matriz-de-bordado-brasao-enfermagem\/\" \/>\n<meta property=\"og:locale\" content=\"en_US\" \/>\n<meta property=\"og:type\" content=\"article\" \/>\n<meta property=\"og:title\" content=\"Matriz de Bordado - Bras\u00e3o Enfermagem - \ud835\udc1b\ud835\udc1a\ud835\udc33\ud835\udc1a\ud835\udc2b &amp; \ud835\udc1c\ud835\udc22\ud835\udc1a\" \/>\n<meta property=\"og:description\" content=\"Dispon\u00edvel nos seguintes formatos: DST, PES, XXX e JEF Apenas 1 medida: 10cm N\u00c3O ENVIAMOS EM EMB *** LIBERA\u00c7\u00c3O AUTOM\u00c1TICA AP\u00d3S CONFIRMA\u00c7\u00c3O DO PAGAMENTO\" \/>\n<meta property=\"og:url\" content=\"https:\/\/shop.bazarcia.com\/en\/product\/matriz-de-bordado-brasao-enfermagem\/\" \/>\n<meta property=\"og:site_name\" content=\"\ud835\udc1b\ud835\udc1a\ud835\udc33\ud835\udc1a\ud835\udc2b &amp; \ud835\udc1c\ud835\udc22\ud835\udc1a\" \/>\n<meta property=\"article:publisher\" content=\"https:\/\/www.facebook.com\/shopbazarcia\" \/>\n<meta property=\"article:modified_time\" content=\"2025-08-23T14:35:54+00:00\" \/>\n<meta property=\"og:image\" content=\"https:\/\/shop.bazarcia.com\/wp-content\/uploads\/2025\/08\/BRASAO_ENF_001.png\" \/>\n\t<meta property=\"og:image:width\" content=\"1158\" \/>\n\t<meta property=\"og:image:height\" content=\"1054\" \/>\n\t<meta property=\"og:image:type\" content=\"image\/png\" \/>\n<meta name=\"twitter:card\" content=\"summary_large_image\" \/>\n<meta name=\"twitter:label1\" content=\"Est. reading time\" \/>\n\t<meta name=\"twitter:data1\" content=\"1 minute\" \/>\n<script type=\"application\/ld+json\" class=\"yoast-schema-graph\">{\"@context\":\"https:\/\/schema.org\",\"@graph\":[{\"@type\":\"WebPage\",\"@id\":\"https:\/\/shop.bazarcia.com\/produto\/matriz-de-bordado-brasao-enfermagem\/\",\"url\":\"https:\/\/shop.bazarcia.com\/produto\/matriz-de-bordado-brasao-enfermagem\/\",\"name\":\"Matriz de Bordado - Bras\u00e3o Enfermagem - \ud835\udc1b\ud835\udc1a\ud835\udc33\ud835\udc1a\ud835\udc2b &amp; \ud835\udc1c\ud835\udc22\ud835\udc1a\",\"isPartOf\":{\"@id\":\"https:\/\/shop.bazarcia.com\/#website\"},\"primaryImageOfPage\":{\"@id\":\"https:\/\/shop.bazarcia.com\/produto\/matriz-de-bordado-brasao-enfermagem\/#primaryimage\"},\"image\":{\"@id\":\"https:\/\/shop.bazarcia.com\/produto\/matriz-de-bordado-brasao-enfermagem\/#primaryimage\"},\"thumbnailUrl\":\"https:\/\/shop.bazarcia.com\/wp-content\/uploads\/2025\/08\/BRASAO_ENF_001.png\",\"datePublished\":\"2025-08-23T14:31:52+00:00\",\"dateModified\":\"2025-08-23T14:35:54+00:00\",\"breadcrumb\":{\"@id\":\"https:\/\/shop.bazarcia.com\/produto\/matriz-de-bordado-brasao-enfermagem\/#breadcrumb\"},\"inLanguage\":\"en-US\",\"potentialAction\":[{\"@type\":\"ReadAction\",\"target\":[\"https:\/\/shop.bazarcia.com\/produto\/matriz-de-bordado-brasao-enfermagem\/\"]}]},{\"@type\":\"ImageObject\",\"inLanguage\":\"en-US\",\"@id\":\"https:\/\/shop.bazarcia.com\/produto\/matriz-de-bordado-brasao-enfermagem\/#primaryimage\",\"url\":\"https:\/\/shop.bazarcia.com\/wp-content\/uploads\/2025\/08\/BRASAO_ENF_001.png\",\"contentUrl\":\"https:\/\/shop.bazarcia.com\/wp-content\/uploads\/2025\/08\/BRASAO_ENF_001.png\",\"width\":1158,\"height\":1054},{\"@type\":\"BreadcrumbList\",\"@id\":\"https:\/\/shop.bazarcia.com\/produto\/matriz-de-bordado-brasao-enfermagem\/#breadcrumb\",\"itemListElement\":[{\"@type\":\"ListItem\",\"position\":1,\"name\":\"In\u00edcio\",\"item\":\"https:\/\/shop.bazarcia.com\/\"},{\"@type\":\"ListItem\",\"position\":2,\"name\":\"Loja\",\"item\":\"https:\/\/shop.bazarcia.com\/loja\/\"},{\"@type\":\"ListItem\",\"position\":3,\"name\":\"Matriz de Bordado &#8211; Bras\u00e3o Enfermagem\"}]},{\"@type\":\"WebSite\",\"@id\":\"https:\/\/shop.bazarcia.com\/#website\",\"url\":\"https:\/\/shop.bazarcia.com\/\",\"name\":\"Bazar & Cia\",\"description\":\"criatividade ponto a ponto\",\"publisher\":{\"@id\":\"https:\/\/shop.bazarcia.com\/#organization\"},\"potentialAction\":[{\"@type\":\"SearchAction\",\"target\":{\"@type\":\"EntryPoint\",\"urlTemplate\":\"https:\/\/shop.bazarcia.com\/?s={search_term_string}\"},\"query-input\":{\"@type\":\"PropertyValueSpecification\",\"valueRequired\":true,\"valueName\":\"search_term_string\"}}],\"inLanguage\":\"en-US\"},{\"@type\":\"Organization\",\"@id\":\"https:\/\/shop.bazarcia.com\/#organization\",\"name\":\"Bazar & Cia\",\"url\":\"https:\/\/shop.bazarcia.com\/\",\"logo\":{\"@type\":\"ImageObject\",\"inLanguage\":\"en-US\",\"@id\":\"https:\/\/shop.bazarcia.com\/#\/schema\/logo\/image\/\",\"url\":\"https:\/\/shop.bazarcia.com\/wp-content\/uploads\/2024\/02\/cropped-logo_bazarcia.png\",\"contentUrl\":\"https:\/\/shop.bazarcia.com\/wp-content\/uploads\/2024\/02\/cropped-logo_bazarcia.png\",\"width\":150,\"height\":150,\"caption\":\"Bazar & Cia\"},\"image\":{\"@id\":\"https:\/\/shop.bazarcia.com\/#\/schema\/logo\/image\/\"},\"sameAs\":[\"https:\/\/www.facebook.com\/shopbazarcia\",\"https:\/\/www.instagram.com\/shopbazarcia\",\"https:\/\/br.pinterest.com\/suzane_eloise\/\",\"https:\/\/www.youtube.com\/c\/BazardoBordadoMatrizeseProjetos\"]}]}<\/script>\n<!-- \/ Yoast SEO plugin. -->","yoast_head_json":{"title":"Matriz de Bordado - Bras\u00e3o Enfermagem - \ud835\udc1b\ud835\udc1a\ud835\udc33\ud835\udc1a\ud835\udc2b &amp; \ud835\udc1c\ud835\udc22\ud835\udc1a","robots":{"index":"index","follow":"follow","max-snippet":"max-snippet:-1","max-image-preview":"max-image-preview:large","max-video-preview":"max-video-preview:-1"},"canonical":"https:\/\/shop.bazarcia.com\/en\/product\/matriz-de-bordado-brasao-enfermagem\/","og_locale":"en_US","og_type":"article","og_title":"Matriz de Bordado - Bras\u00e3o Enfermagem - \ud835\udc1b\ud835\udc1a\ud835\udc33\ud835\udc1a\ud835\udc2b &amp; \ud835\udc1c\ud835\udc22\ud835\udc1a","og_description":"Dispon\u00edvel nos seguintes formatos: DST, PES, XXX e JEF Apenas 1 medida: 10cm N\u00c3O ENVIAMOS EM EMB *** LIBERA\u00c7\u00c3O AUTOM\u00c1TICA AP\u00d3S CONFIRMA\u00c7\u00c3O DO PAGAMENTO","og_url":"https:\/\/shop.bazarcia.com\/en\/product\/matriz-de-bordado-brasao-enfermagem\/","og_site_name":"\ud835\udc1b\ud835\udc1a\ud835\udc33\ud835\udc1a\ud835\udc2b &amp; \ud835\udc1c\ud835\udc22\ud835\udc1a","article_publisher":"https:\/\/www.facebook.com\/shopbazarcia","article_modified_time":"2025-08-23T14:35:54+00:00","og_image":[{"url":"https:\/\/shop.bazarcia.com\/wp-content\/uploads\/2025\/08\/BRASAO_ENF_001.png","width":1158,"height":1054,"type":"image\/png"}],"twitter_card":"summary_large_image","twitter_misc":{"Est. reading time":"1 minute"},"schema":{"@context":"https:\/\/schema.org","@graph":[{"@type":"WebPage","@id":"https:\/\/shop.bazarcia.com\/produto\/matriz-de-bordado-brasao-enfermagem\/","url":"https:\/\/shop.bazarcia.com\/produto\/matriz-de-bordado-brasao-enfermagem\/","name":"Matriz de Bordado - Bras\u00e3o Enfermagem - \ud835\udc1b\ud835\udc1a\ud835\udc33\ud835\udc1a\ud835\udc2b &amp; \ud835\udc1c\ud835\udc22\ud835\udc1a","isPartOf":{"@id":"https:\/\/shop.bazarcia.com\/#website"},"primaryImageOfPage":{"@id":"https:\/\/shop.bazarcia.com\/produto\/matriz-de-bordado-brasao-enfermagem\/#primaryimage"},"image":{"@id":"https:\/\/shop.bazarcia.com\/produto\/matriz-de-bordado-brasao-enfermagem\/#primaryimage"},"thumbnailUrl":"https:\/\/shop.bazarcia.com\/wp-content\/uploads\/2025\/08\/BRASAO_ENF_001.png","datePublished":"2025-08-23T14:31:52+00:00","dateModified":"2025-08-23T14:35:54+00:00","breadcrumb":{"@id":"https:\/\/shop.bazarcia.com\/produto\/matriz-de-bordado-brasao-enfermagem\/#breadcrumb"},"inLanguage":"en-US","potentialAction":[{"@type":"ReadAction","target":["https:\/\/shop.bazarcia.com\/produto\/matriz-de-bordado-brasao-enfermagem\/"]}]},{"@type":"ImageObject","inLanguage":"en-US","@id":"https:\/\/shop.bazarcia.com\/produto\/matriz-de-bordado-brasao-enfermagem\/#primaryimage","url":"https:\/\/shop.bazarcia.com\/wp-content\/uploads\/2025\/08\/BRASAO_ENF_001.png","contentUrl":"https:\/\/shop.bazarcia.com\/wp-content\/uploads\/2025\/08\/BRASAO_ENF_001.png","width":1158,"height":1054},{"@type":"BreadcrumbList","@id":"https:\/\/shop.bazarcia.com\/produto\/matriz-de-bordado-brasao-enfermagem\/#breadcrumb","itemListElement":[{"@type":"ListItem","position":1,"name":"In\u00edcio","item":"https:\/\/shop.bazarcia.com\/"},{"@type":"ListItem","position":2,"name":"Loja","item":"https:\/\/shop.bazarcia.com\/loja\/"},{"@type":"ListItem","position":3,"name":"Matriz de Bordado &#8211; Bras\u00e3o Enfermagem"}]},{"@type":"WebSite","@id":"https:\/\/shop.bazarcia.com\/#website","url":"https:\/\/shop.bazarcia.com\/","name":"Bazar & Cia","description":"criatividade ponto a ponto","publisher":{"@id":"https:\/\/shop.bazarcia.com\/#organization"},"potentialAction":[{"@type":"SearchAction","target":{"@type":"EntryPoint","urlTemplate":"https:\/\/shop.bazarcia.com\/?s={search_term_string}"},"query-input":{"@type":"PropertyValueSpecification","valueRequired":true,"valueName":"search_term_string"}}],"inLanguage":"en-US"},{"@type":"Organization","@id":"https:\/\/shop.bazarcia.com\/#organization","name":"Bazar & Cia","url":"https:\/\/shop.bazarcia.com\/","logo":{"@type":"ImageObject","inLanguage":"en-US","@id":"https:\/\/shop.bazarcia.com\/#\/schema\/logo\/image\/","url":"https:\/\/shop.bazarcia.com\/wp-content\/uploads\/2024\/02\/cropped-logo_bazarcia.png","contentUrl":"https:\/\/shop.bazarcia.com\/wp-content\/uploads\/2024\/02\/cropped-logo_bazarcia.png","width":150,"height":150,"caption":"Bazar & Cia"},"image":{"@id":"https:\/\/shop.bazarcia.com\/#\/schema\/logo\/image\/"},"sameAs":["https:\/\/www.facebook.com\/shopbazarcia","https:\/\/www.instagram.com\/shopbazarcia","https:\/\/br.pinterest.com\/suzane_eloise\/","https:\/\/www.youtube.com\/c\/BazardoBordadoMatrizeseProjetos"]}]}},"_links":{"self":[{"href":"https:\/\/shop.bazarcia.com\/en\/wp-json\/wp\/v2\/product\/340569","targetHints":{"allow":["GET"]}}],"collection":[{"href":"https:\/\/shop.bazarcia.com\/en\/wp-json\/wp\/v2\/product"}],"about":[{"href":"https:\/\/shop.bazarcia.com\/en\/wp-json\/wp\/v2\/types\/product"}],"replies":[{"embeddable":true,"href":"https:\/\/shop.bazarcia.com\/en\/wp-json\/wp\/v2\/comments?post=340569"}],"version-history":[{"count":1,"href":"https:\/\/shop.bazarcia.com\/en\/wp-json\/wp\/v2\/product\/340569\/revisions"}],"predecessor-version":[{"id":340571,"href":"https:\/\/shop.bazarcia.com\/en\/wp-json\/wp\/v2\/product\/340569\/revisions\/340571"}],"wp:featuredmedia":[{"embeddable":true,"href":"https:\/\/shop.bazarcia.com\/en\/wp-json\/wp\/v2\/media\/340361"}],"wp:attachment":[{"href":"https:\/\/shop.bazarcia.com\/en\/wp-json\/wp\/v2\/media?parent=340569"}],"wp:term":[{"taxonomy":"product_brand","embeddable":true,"href":"https:\/\/shop.bazarcia.com\/en\/wp-json\/wp\/v2\/product_brand?post=340569"},{"taxonomy":"product_cat","embeddable":true,"href":"https:\/\/shop.bazarcia.com\/en\/wp-json\/wp\/v2\/product_cat?post=340569"},{"taxonomy":"product_tag","embeddable":true,"href":"https:\/\/shop.bazarcia.com\/en\/wp-json\/wp\/v2\/product_tag?post=340569"}],"curies":[{"name":"wp","href":"https:\/\/api.w.org\/{rel}","templated":true}]}}