{"id":340764,"date":"2025-08-25T17:04:39","date_gmt":"2025-08-25T20:04:39","guid":{"rendered":"https:\/\/shop.bazarcia.com\/?post_type=product&#038;p=340764"},"modified":"2025-09-02T11:46:21","modified_gmt":"2025-09-02T14:46:21","slug":"matriz-de-bordado-galho-floral-e-gaiola","status":"publish","type":"product","link":"https:\/\/shop.bazarcia.com\/en\/product\/matriz-de-bordado-galho-floral-e-gaiola\/","title":{"rendered":"Matriz de bordado Galho floral e gaiola"},"content":{"rendered":"<p>Produto\u00a0 de facil venda, voc\u00ea obter\u00e1 um otimo lucro e uma otima renda, aproveite as lindas matrizes que estao a disposi\u00e7\u00e3o na loja<\/p>\n<p>Todos os meus designs s\u00e3o digitalizados manualmente e t\u00eam alta qualidade!!!<\/p>\n<p>****<br \/>\nAntes de efetuar a compra, leia a descri\u00e7\u00e3o do design. A descri\u00e7\u00e3o cont\u00e9m todas as dimens\u00f5es do design, bem como o tamanho m\u00ednimo permitido. N\u00e3o reduzo o tamanho do design al\u00e9m do tamanho m\u00ednimo indicado na descri\u00e7\u00e3o!!!<br \/>\nN\u00e3o h\u00e1 reembolso para itens digitais.<\/p>\n<p>*****<br \/>\nPara uma boa qualidade de bordado, use o estabilizador adequado. Para evitar que o tecido fique apertado, verifique a tens\u00e3o da linha superior e da bobina.<br \/>\nO design pode ser bordado em toalhas de cozinha, guardanapos, aventais, toalhas de mesa e assim por diante, em camisetas e decora\u00e7\u00e3o t\u00eaxtil para o lar.<\/p>\n<p>*****<br \/>\n\u00c9 um arquivo digital que \u00e9 usado para a m\u00e1quina de bordar. N\u00e3o \u00e9 um item f\u00edsico!<br \/>\nAp\u00f3s a compra, baixe os arquivos zip para seu computador. Voc\u00ea deve conseguir descompactar o arquivo zip e transferir os arquivos para sua m\u00e1quina.<\/p>\n<h5>*****<br \/>\nEste desenho de bordado estar\u00e1 dispon\u00edvel em\u00a0 2\u00a0 tamanhos<br \/>\n1- bastidores brother:<br \/>\n<strong>13&#215;18<\/strong><br \/>\n<strong>26&#215;16<\/strong><br \/>\n*****<br \/>\n\u2714Os arquivos s\u00e3o compat\u00edveis com v\u00e1rios tipos e modelos de m\u00e1quinas, com os seguintes formatos:<br \/>\n<strong>DST, EXP, HUS, JEF, PES, VIP, VP3, XXX.<\/strong><\/h5>\n<p>*****<br \/>\nSe voc\u00ea usar um conversor ou outro software de bordado para converter os arquivos, n\u00e3o me responsabilizo pela qualidade do design convertido.<br \/>\nObserve que se voc\u00ea quiser redimensionar o desenho, isso pode influenciar na qualidade do bordado.<\/p>\n<p>*****Os arquivos s\u00f3 podem ser usados pela pessoa que os comprou diretamente.<br \/>\nVoc\u00ea pode us\u00e1-lo para necessidades pessoais ou comerciais (por exemplo, para costurar em itens que est\u00e3o sendo vendidos), indicou a fonte de produ\u00e7\u00e3o &#8220;O design de bordado foi reproduzido por Cherry Matrizes<br \/>\nN\u00e3o \u00e9 permitido compartilhar, duplicar ou revender os arquivos digitais do design.<\/p>\n<p>*****<br \/>\nDownload instant\u00e2neo<br \/>\nSeus arquivos estar\u00e3o dispon\u00edveis para download assim que o pagamento for confirmado.<br \/>\nN\u00e3o aceito devolu\u00e7\u00f5es, trocas ou cancelamentos. Mas se voc\u00ea tiver alguma d\u00favida, sinta-se \u00e0 vontade para entrar em contato comigo.<\/p>\n<p>*****<br \/>\nObrigado por comprar na minha loja!!!<\/p>","protected":false},"excerpt":{"rendered":"<p>Bastidores usados 13&#215;18 e 26&#215;16<\/p>\n<p>formatos PES-JEF-XXX-EXP-VIP-VIP3-VIP4-DST-HUS<\/p>\n<p>Para mais informa\u00e7\u00f5es leia a descri\u00e7\u00e3o logo abaixo!<\/p>","protected":false},"featured_media":340768,"comment_status":"open","ping_status":"closed","template":"","meta":{"_acf_changed":false,"_joinchat":[]},"product_brand":[],"product_cat":[296,1698,84,1956],"product_tag":[],"class_list":{"0":"post-340764","1":"product","2":"type-product","3":"status-publish","4":"has-post-thumbnail","6":"product_cat-florais","7":"product_cat-gaiolas","8":"product_cat-matrizes-de-bordado","9":"product_cat-outras","11":"first","12":"instock","13":"downloadable","14":"virtual","15":"purchasable","16":"product-type-simple"},"acf":[],"yoast_head":"<!-- This site is optimized with the Yoast SEO plugin v27.2 - https:\/\/yoast.com\/product\/yoast-seo-wordpress\/ -->\n<title>Matriz de bordado Galho floral e gaiola - \ud835\udc1b\ud835\udc1a\ud835\udc33\ud835\udc1a\ud835\udc2b &amp; \ud835\udc1c\ud835\udc22\ud835\udc1a<\/title>\n<meta name=\"robots\" content=\"index, follow, max-snippet:-1, max-image-preview:large, max-video-preview:-1\" \/>\n<link rel=\"canonical\" href=\"https:\/\/shop.bazarcia.com\/en\/product\/matriz-de-bordado-galho-floral-e-gaiola\/\" \/>\n<meta property=\"og:locale\" content=\"en_US\" \/>\n<meta property=\"og:type\" content=\"article\" \/>\n<meta property=\"og:title\" content=\"Matriz de bordado Galho floral e gaiola - \ud835\udc1b\ud835\udc1a\ud835\udc33\ud835\udc1a\ud835\udc2b &amp; \ud835\udc1c\ud835\udc22\ud835\udc1a\" \/>\n<meta property=\"og:description\" content=\"Bastidores usados 13x18 e 26x16  formatos PES-JEF-XXX-EXP-VIP-VIP3-VIP4-DST-HUS  Para mais informa\u00e7\u00f5es leia a descri\u00e7\u00e3o logo abaixo!\" \/>\n<meta property=\"og:url\" content=\"https:\/\/shop.bazarcia.com\/en\/product\/matriz-de-bordado-galho-floral-e-gaiola\/\" \/>\n<meta property=\"og:site_name\" content=\"\ud835\udc1b\ud835\udc1a\ud835\udc33\ud835\udc1a\ud835\udc2b &amp; \ud835\udc1c\ud835\udc22\ud835\udc1a\" \/>\n<meta property=\"article:publisher\" content=\"https:\/\/www.facebook.com\/shopbazarcia\" \/>\n<meta property=\"article:modified_time\" content=\"2025-09-02T14:46:21+00:00\" \/>\n<meta property=\"og:image\" content=\"https:\/\/shop.bazarcia.com\/wp-content\/uploads\/2025\/08\/galho-e-gaiola.jpg\" \/>\n\t<meta property=\"og:image:width\" content=\"1080\" \/>\n\t<meta property=\"og:image:height\" content=\"1080\" \/>\n\t<meta property=\"og:image:type\" content=\"image\/jpeg\" \/>\n<meta name=\"twitter:card\" content=\"summary_large_image\" \/>\n<meta name=\"twitter:label1\" content=\"Est. reading time\" \/>\n\t<meta name=\"twitter:data1\" content=\"2 minutes\" \/>\n<script type=\"application\/ld+json\" class=\"yoast-schema-graph\">{\"@context\":\"https:\/\/schema.org\",\"@graph\":[{\"@type\":\"WebPage\",\"@id\":\"https:\/\/shop.bazarcia.com\/produto\/matriz-de-bordado-galho-floral-e-gaiola\/\",\"url\":\"https:\/\/shop.bazarcia.com\/produto\/matriz-de-bordado-galho-floral-e-gaiola\/\",\"name\":\"Matriz de bordado Galho floral e gaiola - \ud835\udc1b\ud835\udc1a\ud835\udc33\ud835\udc1a\ud835\udc2b &amp; \ud835\udc1c\ud835\udc22\ud835\udc1a\",\"isPartOf\":{\"@id\":\"https:\/\/shop.bazarcia.com\/#website\"},\"primaryImageOfPage\":{\"@id\":\"https:\/\/shop.bazarcia.com\/produto\/matriz-de-bordado-galho-floral-e-gaiola\/#primaryimage\"},\"image\":{\"@id\":\"https:\/\/shop.bazarcia.com\/produto\/matriz-de-bordado-galho-floral-e-gaiola\/#primaryimage\"},\"thumbnailUrl\":\"https:\/\/shop.bazarcia.com\/wp-content\/uploads\/2025\/08\/galho-e-gaiola.jpg\",\"datePublished\":\"2025-08-25T20:04:39+00:00\",\"dateModified\":\"2025-09-02T14:46:21+00:00\",\"breadcrumb\":{\"@id\":\"https:\/\/shop.bazarcia.com\/produto\/matriz-de-bordado-galho-floral-e-gaiola\/#breadcrumb\"},\"inLanguage\":\"en-US\",\"potentialAction\":[{\"@type\":\"ReadAction\",\"target\":[\"https:\/\/shop.bazarcia.com\/produto\/matriz-de-bordado-galho-floral-e-gaiola\/\"]}]},{\"@type\":\"ImageObject\",\"inLanguage\":\"en-US\",\"@id\":\"https:\/\/shop.bazarcia.com\/produto\/matriz-de-bordado-galho-floral-e-gaiola\/#primaryimage\",\"url\":\"https:\/\/shop.bazarcia.com\/wp-content\/uploads\/2025\/08\/galho-e-gaiola.jpg\",\"contentUrl\":\"https:\/\/shop.bazarcia.com\/wp-content\/uploads\/2025\/08\/galho-e-gaiola.jpg\",\"width\":1080,\"height\":1080},{\"@type\":\"BreadcrumbList\",\"@id\":\"https:\/\/shop.bazarcia.com\/produto\/matriz-de-bordado-galho-floral-e-gaiola\/#breadcrumb\",\"itemListElement\":[{\"@type\":\"ListItem\",\"position\":1,\"name\":\"In\u00edcio\",\"item\":\"https:\/\/shop.bazarcia.com\/\"},{\"@type\":\"ListItem\",\"position\":2,\"name\":\"Loja\",\"item\":\"https:\/\/shop.bazarcia.com\/loja\/\"},{\"@type\":\"ListItem\",\"position\":3,\"name\":\"Matriz de bordado Galho floral e gaiola\"}]},{\"@type\":\"WebSite\",\"@id\":\"https:\/\/shop.bazarcia.com\/#website\",\"url\":\"https:\/\/shop.bazarcia.com\/\",\"name\":\"Bazar & Cia\",\"description\":\"criatividade ponto a ponto\",\"publisher\":{\"@id\":\"https:\/\/shop.bazarcia.com\/#organization\"},\"potentialAction\":[{\"@type\":\"SearchAction\",\"target\":{\"@type\":\"EntryPoint\",\"urlTemplate\":\"https:\/\/shop.bazarcia.com\/?s={search_term_string}\"},\"query-input\":{\"@type\":\"PropertyValueSpecification\",\"valueRequired\":true,\"valueName\":\"search_term_string\"}}],\"inLanguage\":\"en-US\"},{\"@type\":\"Organization\",\"@id\":\"https:\/\/shop.bazarcia.com\/#organization\",\"name\":\"Bazar & Cia\",\"url\":\"https:\/\/shop.bazarcia.com\/\",\"logo\":{\"@type\":\"ImageObject\",\"inLanguage\":\"en-US\",\"@id\":\"https:\/\/shop.bazarcia.com\/#\/schema\/logo\/image\/\",\"url\":\"https:\/\/shop.bazarcia.com\/wp-content\/uploads\/2024\/02\/cropped-logo_bazarcia.png\",\"contentUrl\":\"https:\/\/shop.bazarcia.com\/wp-content\/uploads\/2024\/02\/cropped-logo_bazarcia.png\",\"width\":150,\"height\":150,\"caption\":\"Bazar & Cia\"},\"image\":{\"@id\":\"https:\/\/shop.bazarcia.com\/#\/schema\/logo\/image\/\"},\"sameAs\":[\"https:\/\/www.facebook.com\/shopbazarcia\",\"https:\/\/www.instagram.com\/shopbazarcia\",\"https:\/\/br.pinterest.com\/suzane_eloise\/\",\"https:\/\/www.youtube.com\/c\/BazardoBordadoMatrizeseProjetos\"]}]}<\/script>\n<!-- \/ Yoast SEO plugin. -->","yoast_head_json":{"title":"Matriz de bordado Galho floral e gaiola - \ud835\udc1b\ud835\udc1a\ud835\udc33\ud835\udc1a\ud835\udc2b &amp; \ud835\udc1c\ud835\udc22\ud835\udc1a","robots":{"index":"index","follow":"follow","max-snippet":"max-snippet:-1","max-image-preview":"max-image-preview:large","max-video-preview":"max-video-preview:-1"},"canonical":"https:\/\/shop.bazarcia.com\/en\/product\/matriz-de-bordado-galho-floral-e-gaiola\/","og_locale":"en_US","og_type":"article","og_title":"Matriz de bordado Galho floral e gaiola - \ud835\udc1b\ud835\udc1a\ud835\udc33\ud835\udc1a\ud835\udc2b &amp; \ud835\udc1c\ud835\udc22\ud835\udc1a","og_description":"Bastidores usados 13x18 e 26x16  formatos PES-JEF-XXX-EXP-VIP-VIP3-VIP4-DST-HUS  Para mais informa\u00e7\u00f5es leia a descri\u00e7\u00e3o logo abaixo!","og_url":"https:\/\/shop.bazarcia.com\/en\/product\/matriz-de-bordado-galho-floral-e-gaiola\/","og_site_name":"\ud835\udc1b\ud835\udc1a\ud835\udc33\ud835\udc1a\ud835\udc2b &amp; \ud835\udc1c\ud835\udc22\ud835\udc1a","article_publisher":"https:\/\/www.facebook.com\/shopbazarcia","article_modified_time":"2025-09-02T14:46:21+00:00","og_image":[{"width":1080,"height":1080,"url":"https:\/\/shop.bazarcia.com\/wp-content\/uploads\/2025\/08\/galho-e-gaiola.jpg","type":"image\/jpeg"}],"twitter_card":"summary_large_image","twitter_misc":{"Est. reading time":"2 minutes"},"schema":{"@context":"https:\/\/schema.org","@graph":[{"@type":"WebPage","@id":"https:\/\/shop.bazarcia.com\/produto\/matriz-de-bordado-galho-floral-e-gaiola\/","url":"https:\/\/shop.bazarcia.com\/produto\/matriz-de-bordado-galho-floral-e-gaiola\/","name":"Matriz de bordado Galho floral e gaiola - \ud835\udc1b\ud835\udc1a\ud835\udc33\ud835\udc1a\ud835\udc2b &amp; \ud835\udc1c\ud835\udc22\ud835\udc1a","isPartOf":{"@id":"https:\/\/shop.bazarcia.com\/#website"},"primaryImageOfPage":{"@id":"https:\/\/shop.bazarcia.com\/produto\/matriz-de-bordado-galho-floral-e-gaiola\/#primaryimage"},"image":{"@id":"https:\/\/shop.bazarcia.com\/produto\/matriz-de-bordado-galho-floral-e-gaiola\/#primaryimage"},"thumbnailUrl":"https:\/\/shop.bazarcia.com\/wp-content\/uploads\/2025\/08\/galho-e-gaiola.jpg","datePublished":"2025-08-25T20:04:39+00:00","dateModified":"2025-09-02T14:46:21+00:00","breadcrumb":{"@id":"https:\/\/shop.bazarcia.com\/produto\/matriz-de-bordado-galho-floral-e-gaiola\/#breadcrumb"},"inLanguage":"en-US","potentialAction":[{"@type":"ReadAction","target":["https:\/\/shop.bazarcia.com\/produto\/matriz-de-bordado-galho-floral-e-gaiola\/"]}]},{"@type":"ImageObject","inLanguage":"en-US","@id":"https:\/\/shop.bazarcia.com\/produto\/matriz-de-bordado-galho-floral-e-gaiola\/#primaryimage","url":"https:\/\/shop.bazarcia.com\/wp-content\/uploads\/2025\/08\/galho-e-gaiola.jpg","contentUrl":"https:\/\/shop.bazarcia.com\/wp-content\/uploads\/2025\/08\/galho-e-gaiola.jpg","width":1080,"height":1080},{"@type":"BreadcrumbList","@id":"https:\/\/shop.bazarcia.com\/produto\/matriz-de-bordado-galho-floral-e-gaiola\/#breadcrumb","itemListElement":[{"@type":"ListItem","position":1,"name":"In\u00edcio","item":"https:\/\/shop.bazarcia.com\/"},{"@type":"ListItem","position":2,"name":"Loja","item":"https:\/\/shop.bazarcia.com\/loja\/"},{"@type":"ListItem","position":3,"name":"Matriz de bordado Galho floral e gaiola"}]},{"@type":"WebSite","@id":"https:\/\/shop.bazarcia.com\/#website","url":"https:\/\/shop.bazarcia.com\/","name":"Bazar & Cia","description":"criatividade ponto a ponto","publisher":{"@id":"https:\/\/shop.bazarcia.com\/#organization"},"potentialAction":[{"@type":"SearchAction","target":{"@type":"EntryPoint","urlTemplate":"https:\/\/shop.bazarcia.com\/?s={search_term_string}"},"query-input":{"@type":"PropertyValueSpecification","valueRequired":true,"valueName":"search_term_string"}}],"inLanguage":"en-US"},{"@type":"Organization","@id":"https:\/\/shop.bazarcia.com\/#organization","name":"Bazar & Cia","url":"https:\/\/shop.bazarcia.com\/","logo":{"@type":"ImageObject","inLanguage":"en-US","@id":"https:\/\/shop.bazarcia.com\/#\/schema\/logo\/image\/","url":"https:\/\/shop.bazarcia.com\/wp-content\/uploads\/2024\/02\/cropped-logo_bazarcia.png","contentUrl":"https:\/\/shop.bazarcia.com\/wp-content\/uploads\/2024\/02\/cropped-logo_bazarcia.png","width":150,"height":150,"caption":"Bazar & Cia"},"image":{"@id":"https:\/\/shop.bazarcia.com\/#\/schema\/logo\/image\/"},"sameAs":["https:\/\/www.facebook.com\/shopbazarcia","https:\/\/www.instagram.com\/shopbazarcia","https:\/\/br.pinterest.com\/suzane_eloise\/","https:\/\/www.youtube.com\/c\/BazardoBordadoMatrizeseProjetos"]}]}},"_links":{"self":[{"href":"https:\/\/shop.bazarcia.com\/en\/wp-json\/wp\/v2\/product\/340764","targetHints":{"allow":["GET"]}}],"collection":[{"href":"https:\/\/shop.bazarcia.com\/en\/wp-json\/wp\/v2\/product"}],"about":[{"href":"https:\/\/shop.bazarcia.com\/en\/wp-json\/wp\/v2\/types\/product"}],"replies":[{"embeddable":true,"href":"https:\/\/shop.bazarcia.com\/en\/wp-json\/wp\/v2\/comments?post=340764"}],"version-history":[{"count":2,"href":"https:\/\/shop.bazarcia.com\/en\/wp-json\/wp\/v2\/product\/340764\/revisions"}],"predecessor-version":[{"id":342042,"href":"https:\/\/shop.bazarcia.com\/en\/wp-json\/wp\/v2\/product\/340764\/revisions\/342042"}],"wp:featuredmedia":[{"embeddable":true,"href":"https:\/\/shop.bazarcia.com\/en\/wp-json\/wp\/v2\/media\/340768"}],"wp:attachment":[{"href":"https:\/\/shop.bazarcia.com\/en\/wp-json\/wp\/v2\/media?parent=340764"}],"wp:term":[{"taxonomy":"product_brand","embeddable":true,"href":"https:\/\/shop.bazarcia.com\/en\/wp-json\/wp\/v2\/product_brand?post=340764"},{"taxonomy":"product_cat","embeddable":true,"href":"https:\/\/shop.bazarcia.com\/en\/wp-json\/wp\/v2\/product_cat?post=340764"},{"taxonomy":"product_tag","embeddable":true,"href":"https:\/\/shop.bazarcia.com\/en\/wp-json\/wp\/v2\/product_tag?post=340764"}],"curies":[{"name":"wp","href":"https:\/\/api.w.org\/{rel}","templated":true}]}}