{"id":341511,"date":"2025-08-30T09:37:23","date_gmt":"2025-08-30T12:37:23","guid":{"rendered":"https:\/\/shop.bazarcia.com\/?post_type=product&#038;p=341511"},"modified":"2025-08-30T09:45:10","modified_gmt":"2025-08-30T12:45:10","slug":"colecoes-matrizes-de-bordado-nuvens-magicas","status":"publish","type":"product","link":"https:\/\/shop.bazarcia.com\/en\/product\/colecoes-matrizes-de-bordado-nuvens-magicas\/","title":{"rendered":"Cole\u00e7\u00f5es Matrizes de Bordado Nuvens M\u00e1gicas"},"content":{"rendered":"<p>Formatos Dispon\u00edveis: DST, EXP, JEF, PES, XXX, HUS, VP3<\/p>\n<p>Tamanhos das Matrizes: 10 cm \/ 13 cm<\/p>\n<p>Quantidade de Matrizes: 05<\/p>\n<p>As matrizes s\u00e3o enviadas em uma pasta compactada (.rar) ou se preferir de forma convencional entre em contato pelas nossas redes social.<\/p>\n<p><strong>Importante:\u00a0<\/strong>Antes de finalizar a compra, confira os tamanhos e formatos compat\u00edveis com sua m\u00e1quina de bordado.<\/p>\n<p>Sempre realize testes em amostras de tecido antes de bordar diretamente no produto final, pois a qualidade do bordado pode variar conforme o tipo de material e configura\u00e7\u00e3o da m\u00e1quina.<\/p>\n<p>Deu problema na matriz? entre imediatamente em contato.<\/p>\n<p>Ap\u00f3s a compra, s\u00f3 aguarda no seu e-mail que enviaremos seu pedido<\/p>","protected":false},"excerpt":{"rendered":"<p>Esta \u00e9 uma cole\u00e7\u00e3o de matrizes de bordado digitalizadas para uso em m\u00e1quinas de bordar computadorizadas.<\/p>","protected":false},"featured_media":341522,"comment_status":"open","ping_status":"closed","template":"","meta":{"_acf_changed":false,"_joinchat":[]},"product_brand":[],"product_cat":[1078,1066,300,1556,84,312],"product_tag":[1528,1470,1431,1532],"class_list":{"0":"post-341511","1":"product","2":"type-product","3":"status-publish","4":"has-post-thumbnail","6":"product_cat-arco-iris","7":"product_cat-colecoes-matrizes-de-bordado","8":"product_cat-hora-do-banho","9":"product_cat-matriz-para-quadro-bastidor","10":"product_cat-matrizes-de-bordado","11":"product_cat-matrizes-pontos-leves","12":"product_tag-almofada","13":"product_tag-avental-infantil","14":"product_tag-bordado-computadorizado","15":"product_tag-manta","17":"first","18":"instock","19":"downloadable","20":"virtual","21":"purchasable","22":"product-type-simple"},"acf":[],"yoast_head":"<!-- This site is optimized with the Yoast SEO plugin v27.2 - https:\/\/yoast.com\/product\/yoast-seo-wordpress\/ -->\n<title>Cole\u00e7\u00f5es Matrizes de Bordado Nuvens M\u00e1gicas - \ud835\udc1b\ud835\udc1a\ud835\udc33\ud835\udc1a\ud835\udc2b &amp; \ud835\udc1c\ud835\udc22\ud835\udc1a<\/title>\n<meta name=\"description\" content=\"Cole\u00e7\u00e3o completa de matrizes de bordado digital com o tema Nuvem Fofa e Chuva de Cora\u00e7\u00f5es. Perfeito para personalizar enxovais de beb\u00ea, roupas infantis, quadros e outros projetos com um toque delicado e m\u00e1gico\" \/>\n<meta name=\"robots\" content=\"index, follow, max-snippet:-1, max-image-preview:large, max-video-preview:-1\" \/>\n<link rel=\"canonical\" href=\"https:\/\/shop.bazarcia.com\/en\/product\/colecoes-matrizes-de-bordado-nuvens-magicas\/\" \/>\n<meta property=\"og:locale\" content=\"en_US\" \/>\n<meta property=\"og:type\" content=\"article\" \/>\n<meta property=\"og:title\" content=\"Cole\u00e7\u00f5es Matrizes de Bordado Nuvens M\u00e1gicas - \ud835\udc1b\ud835\udc1a\ud835\udc33\ud835\udc1a\ud835\udc2b &amp; \ud835\udc1c\ud835\udc22\ud835\udc1a\" \/>\n<meta property=\"og:description\" content=\"Cole\u00e7\u00e3o completa de matrizes de bordado digital com o tema Nuvem Fofa e Chuva de Cora\u00e7\u00f5es. Perfeito para personalizar enxovais de beb\u00ea, roupas infantis, quadros e outros projetos com um toque delicado e m\u00e1gico\" \/>\n<meta property=\"og:url\" content=\"https:\/\/shop.bazarcia.com\/en\/product\/colecoes-matrizes-de-bordado-nuvens-magicas\/\" \/>\n<meta property=\"og:site_name\" content=\"\ud835\udc1b\ud835\udc1a\ud835\udc33\ud835\udc1a\ud835\udc2b &amp; \ud835\udc1c\ud835\udc22\ud835\udc1a\" \/>\n<meta property=\"article:publisher\" content=\"https:\/\/www.facebook.com\/shopbazarcia\" \/>\n<meta property=\"article:modified_time\" content=\"2025-08-30T12:45:10+00:00\" \/>\n<meta property=\"og:image\" content=\"https:\/\/shop.bazarcia.com\/wp-content\/uploads\/2025\/08\/backup_of_ampost-ff5152886e5dcd624d17085192266372-640-0.png\" \/>\n\t<meta property=\"og:image:width\" content=\"640\" \/>\n\t<meta property=\"og:image:height\" content=\"701\" \/>\n\t<meta property=\"og:image:type\" content=\"image\/png\" \/>\n<meta name=\"twitter:card\" content=\"summary_large_image\" \/>\n<meta name=\"twitter:label1\" content=\"Est. reading time\" \/>\n\t<meta name=\"twitter:data1\" content=\"1 minute\" \/>\n<script type=\"application\/ld+json\" class=\"yoast-schema-graph\">{\"@context\":\"https:\/\/schema.org\",\"@graph\":[{\"@type\":\"WebPage\",\"@id\":\"https:\/\/shop.bazarcia.com\/produto\/colecoes-matrizes-de-bordado-nuvens-magicas\/\",\"url\":\"https:\/\/shop.bazarcia.com\/produto\/colecoes-matrizes-de-bordado-nuvens-magicas\/\",\"name\":\"Cole\u00e7\u00f5es Matrizes de Bordado Nuvens M\u00e1gicas - \ud835\udc1b\ud835\udc1a\ud835\udc33\ud835\udc1a\ud835\udc2b &amp; \ud835\udc1c\ud835\udc22\ud835\udc1a\",\"isPartOf\":{\"@id\":\"https:\/\/shop.bazarcia.com\/#website\"},\"primaryImageOfPage\":{\"@id\":\"https:\/\/shop.bazarcia.com\/produto\/colecoes-matrizes-de-bordado-nuvens-magicas\/#primaryimage\"},\"image\":{\"@id\":\"https:\/\/shop.bazarcia.com\/produto\/colecoes-matrizes-de-bordado-nuvens-magicas\/#primaryimage\"},\"thumbnailUrl\":\"https:\/\/shop.bazarcia.com\/wp-content\/uploads\/2025\/08\/backup_of_ampost-ff5152886e5dcd624d17085192266372-640-0.png\",\"datePublished\":\"2025-08-30T12:37:23+00:00\",\"dateModified\":\"2025-08-30T12:45:10+00:00\",\"description\":\"Cole\u00e7\u00e3o completa de matrizes de bordado digital com o tema Nuvem Fofa e Chuva de Cora\u00e7\u00f5es. Perfeito para personalizar enxovais de beb\u00ea, roupas infantis, quadros e outros projetos com um toque delicado e m\u00e1gico\",\"breadcrumb\":{\"@id\":\"https:\/\/shop.bazarcia.com\/produto\/colecoes-matrizes-de-bordado-nuvens-magicas\/#breadcrumb\"},\"inLanguage\":\"en-US\",\"potentialAction\":[{\"@type\":\"ReadAction\",\"target\":[\"https:\/\/shop.bazarcia.com\/produto\/colecoes-matrizes-de-bordado-nuvens-magicas\/\"]}]},{\"@type\":\"ImageObject\",\"inLanguage\":\"en-US\",\"@id\":\"https:\/\/shop.bazarcia.com\/produto\/colecoes-matrizes-de-bordado-nuvens-magicas\/#primaryimage\",\"url\":\"https:\/\/shop.bazarcia.com\/wp-content\/uploads\/2025\/08\/backup_of_ampost-ff5152886e5dcd624d17085192266372-640-0.png\",\"contentUrl\":\"https:\/\/shop.bazarcia.com\/wp-content\/uploads\/2025\/08\/backup_of_ampost-ff5152886e5dcd624d17085192266372-640-0.png\",\"width\":640,\"height\":701,\"caption\":\"Matrizes de Bordado Nuvem e Arco-\u00cdris para Enxoval de Beb\u00ea\"},{\"@type\":\"BreadcrumbList\",\"@id\":\"https:\/\/shop.bazarcia.com\/produto\/colecoes-matrizes-de-bordado-nuvens-magicas\/#breadcrumb\",\"itemListElement\":[{\"@type\":\"ListItem\",\"position\":1,\"name\":\"In\u00edcio\",\"item\":\"https:\/\/shop.bazarcia.com\/\"},{\"@type\":\"ListItem\",\"position\":2,\"name\":\"Loja\",\"item\":\"https:\/\/shop.bazarcia.com\/loja\/\"},{\"@type\":\"ListItem\",\"position\":3,\"name\":\"Cole\u00e7\u00f5es Matrizes de Bordado Nuvens M\u00e1gicas\"}]},{\"@type\":\"WebSite\",\"@id\":\"https:\/\/shop.bazarcia.com\/#website\",\"url\":\"https:\/\/shop.bazarcia.com\/\",\"name\":\"Bazar & Cia\",\"description\":\"criatividade ponto a ponto\",\"publisher\":{\"@id\":\"https:\/\/shop.bazarcia.com\/#organization\"},\"potentialAction\":[{\"@type\":\"SearchAction\",\"target\":{\"@type\":\"EntryPoint\",\"urlTemplate\":\"https:\/\/shop.bazarcia.com\/?s={search_term_string}\"},\"query-input\":{\"@type\":\"PropertyValueSpecification\",\"valueRequired\":true,\"valueName\":\"search_term_string\"}}],\"inLanguage\":\"en-US\"},{\"@type\":\"Organization\",\"@id\":\"https:\/\/shop.bazarcia.com\/#organization\",\"name\":\"Bazar & Cia\",\"url\":\"https:\/\/shop.bazarcia.com\/\",\"logo\":{\"@type\":\"ImageObject\",\"inLanguage\":\"en-US\",\"@id\":\"https:\/\/shop.bazarcia.com\/#\/schema\/logo\/image\/\",\"url\":\"https:\/\/shop.bazarcia.com\/wp-content\/uploads\/2024\/02\/cropped-logo_bazarcia.png\",\"contentUrl\":\"https:\/\/shop.bazarcia.com\/wp-content\/uploads\/2024\/02\/cropped-logo_bazarcia.png\",\"width\":150,\"height\":150,\"caption\":\"Bazar & Cia\"},\"image\":{\"@id\":\"https:\/\/shop.bazarcia.com\/#\/schema\/logo\/image\/\"},\"sameAs\":[\"https:\/\/www.facebook.com\/shopbazarcia\",\"https:\/\/www.instagram.com\/shopbazarcia\",\"https:\/\/br.pinterest.com\/suzane_eloise\/\",\"https:\/\/www.youtube.com\/c\/BazardoBordadoMatrizeseProjetos\"]}]}<\/script>\n<!-- \/ Yoast SEO plugin. -->","yoast_head_json":{"title":"Cole\u00e7\u00f5es Matrizes de Bordado Nuvens M\u00e1gicas - \ud835\udc1b\ud835\udc1a\ud835\udc33\ud835\udc1a\ud835\udc2b &amp; \ud835\udc1c\ud835\udc22\ud835\udc1a","description":"Cole\u00e7\u00e3o completa de matrizes de bordado digital com o tema Nuvem Fofa e Chuva de Cora\u00e7\u00f5es. Perfeito para personalizar enxovais de beb\u00ea, roupas infantis, quadros e outros projetos com um toque delicado e m\u00e1gico","robots":{"index":"index","follow":"follow","max-snippet":"max-snippet:-1","max-image-preview":"max-image-preview:large","max-video-preview":"max-video-preview:-1"},"canonical":"https:\/\/shop.bazarcia.com\/en\/product\/colecoes-matrizes-de-bordado-nuvens-magicas\/","og_locale":"en_US","og_type":"article","og_title":"Cole\u00e7\u00f5es Matrizes de Bordado Nuvens M\u00e1gicas - \ud835\udc1b\ud835\udc1a\ud835\udc33\ud835\udc1a\ud835\udc2b &amp; \ud835\udc1c\ud835\udc22\ud835\udc1a","og_description":"Cole\u00e7\u00e3o completa de matrizes de bordado digital com o tema Nuvem Fofa e Chuva de Cora\u00e7\u00f5es. Perfeito para personalizar enxovais de beb\u00ea, roupas infantis, quadros e outros projetos com um toque delicado e m\u00e1gico","og_url":"https:\/\/shop.bazarcia.com\/en\/product\/colecoes-matrizes-de-bordado-nuvens-magicas\/","og_site_name":"\ud835\udc1b\ud835\udc1a\ud835\udc33\ud835\udc1a\ud835\udc2b &amp; \ud835\udc1c\ud835\udc22\ud835\udc1a","article_publisher":"https:\/\/www.facebook.com\/shopbazarcia","article_modified_time":"2025-08-30T12:45:10+00:00","og_image":[{"width":640,"height":701,"url":"https:\/\/shop.bazarcia.com\/wp-content\/uploads\/2025\/08\/backup_of_ampost-ff5152886e5dcd624d17085192266372-640-0.png","type":"image\/png"}],"twitter_card":"summary_large_image","twitter_misc":{"Est. reading time":"1 minute"},"schema":{"@context":"https:\/\/schema.org","@graph":[{"@type":"WebPage","@id":"https:\/\/shop.bazarcia.com\/produto\/colecoes-matrizes-de-bordado-nuvens-magicas\/","url":"https:\/\/shop.bazarcia.com\/produto\/colecoes-matrizes-de-bordado-nuvens-magicas\/","name":"Cole\u00e7\u00f5es Matrizes de Bordado Nuvens M\u00e1gicas - \ud835\udc1b\ud835\udc1a\ud835\udc33\ud835\udc1a\ud835\udc2b &amp; \ud835\udc1c\ud835\udc22\ud835\udc1a","isPartOf":{"@id":"https:\/\/shop.bazarcia.com\/#website"},"primaryImageOfPage":{"@id":"https:\/\/shop.bazarcia.com\/produto\/colecoes-matrizes-de-bordado-nuvens-magicas\/#primaryimage"},"image":{"@id":"https:\/\/shop.bazarcia.com\/produto\/colecoes-matrizes-de-bordado-nuvens-magicas\/#primaryimage"},"thumbnailUrl":"https:\/\/shop.bazarcia.com\/wp-content\/uploads\/2025\/08\/backup_of_ampost-ff5152886e5dcd624d17085192266372-640-0.png","datePublished":"2025-08-30T12:37:23+00:00","dateModified":"2025-08-30T12:45:10+00:00","description":"Cole\u00e7\u00e3o completa de matrizes de bordado digital com o tema Nuvem Fofa e Chuva de Cora\u00e7\u00f5es. Perfeito para personalizar enxovais de beb\u00ea, roupas infantis, quadros e outros projetos com um toque delicado e m\u00e1gico","breadcrumb":{"@id":"https:\/\/shop.bazarcia.com\/produto\/colecoes-matrizes-de-bordado-nuvens-magicas\/#breadcrumb"},"inLanguage":"en-US","potentialAction":[{"@type":"ReadAction","target":["https:\/\/shop.bazarcia.com\/produto\/colecoes-matrizes-de-bordado-nuvens-magicas\/"]}]},{"@type":"ImageObject","inLanguage":"en-US","@id":"https:\/\/shop.bazarcia.com\/produto\/colecoes-matrizes-de-bordado-nuvens-magicas\/#primaryimage","url":"https:\/\/shop.bazarcia.com\/wp-content\/uploads\/2025\/08\/backup_of_ampost-ff5152886e5dcd624d17085192266372-640-0.png","contentUrl":"https:\/\/shop.bazarcia.com\/wp-content\/uploads\/2025\/08\/backup_of_ampost-ff5152886e5dcd624d17085192266372-640-0.png","width":640,"height":701,"caption":"Matrizes de Bordado Nuvem e Arco-\u00cdris para Enxoval de Beb\u00ea"},{"@type":"BreadcrumbList","@id":"https:\/\/shop.bazarcia.com\/produto\/colecoes-matrizes-de-bordado-nuvens-magicas\/#breadcrumb","itemListElement":[{"@type":"ListItem","position":1,"name":"In\u00edcio","item":"https:\/\/shop.bazarcia.com\/"},{"@type":"ListItem","position":2,"name":"Loja","item":"https:\/\/shop.bazarcia.com\/loja\/"},{"@type":"ListItem","position":3,"name":"Cole\u00e7\u00f5es Matrizes de Bordado Nuvens M\u00e1gicas"}]},{"@type":"WebSite","@id":"https:\/\/shop.bazarcia.com\/#website","url":"https:\/\/shop.bazarcia.com\/","name":"Bazar & Cia","description":"criatividade ponto a ponto","publisher":{"@id":"https:\/\/shop.bazarcia.com\/#organization"},"potentialAction":[{"@type":"SearchAction","target":{"@type":"EntryPoint","urlTemplate":"https:\/\/shop.bazarcia.com\/?s={search_term_string}"},"query-input":{"@type":"PropertyValueSpecification","valueRequired":true,"valueName":"search_term_string"}}],"inLanguage":"en-US"},{"@type":"Organization","@id":"https:\/\/shop.bazarcia.com\/#organization","name":"Bazar & Cia","url":"https:\/\/shop.bazarcia.com\/","logo":{"@type":"ImageObject","inLanguage":"en-US","@id":"https:\/\/shop.bazarcia.com\/#\/schema\/logo\/image\/","url":"https:\/\/shop.bazarcia.com\/wp-content\/uploads\/2024\/02\/cropped-logo_bazarcia.png","contentUrl":"https:\/\/shop.bazarcia.com\/wp-content\/uploads\/2024\/02\/cropped-logo_bazarcia.png","width":150,"height":150,"caption":"Bazar & Cia"},"image":{"@id":"https:\/\/shop.bazarcia.com\/#\/schema\/logo\/image\/"},"sameAs":["https:\/\/www.facebook.com\/shopbazarcia","https:\/\/www.instagram.com\/shopbazarcia","https:\/\/br.pinterest.com\/suzane_eloise\/","https:\/\/www.youtube.com\/c\/BazardoBordadoMatrizeseProjetos"]}]}},"_links":{"self":[{"href":"https:\/\/shop.bazarcia.com\/en\/wp-json\/wp\/v2\/product\/341511","targetHints":{"allow":["GET"]}}],"collection":[{"href":"https:\/\/shop.bazarcia.com\/en\/wp-json\/wp\/v2\/product"}],"about":[{"href":"https:\/\/shop.bazarcia.com\/en\/wp-json\/wp\/v2\/types\/product"}],"replies":[{"embeddable":true,"href":"https:\/\/shop.bazarcia.com\/en\/wp-json\/wp\/v2\/comments?post=341511"}],"version-history":[{"count":1,"href":"https:\/\/shop.bazarcia.com\/en\/wp-json\/wp\/v2\/product\/341511\/revisions"}],"predecessor-version":[{"id":341521,"href":"https:\/\/shop.bazarcia.com\/en\/wp-json\/wp\/v2\/product\/341511\/revisions\/341521"}],"wp:featuredmedia":[{"embeddable":true,"href":"https:\/\/shop.bazarcia.com\/en\/wp-json\/wp\/v2\/media\/341522"}],"wp:attachment":[{"href":"https:\/\/shop.bazarcia.com\/en\/wp-json\/wp\/v2\/media?parent=341511"}],"wp:term":[{"taxonomy":"product_brand","embeddable":true,"href":"https:\/\/shop.bazarcia.com\/en\/wp-json\/wp\/v2\/product_brand?post=341511"},{"taxonomy":"product_cat","embeddable":true,"href":"https:\/\/shop.bazarcia.com\/en\/wp-json\/wp\/v2\/product_cat?post=341511"},{"taxonomy":"product_tag","embeddable":true,"href":"https:\/\/shop.bazarcia.com\/en\/wp-json\/wp\/v2\/product_tag?post=341511"}],"curies":[{"name":"wp","href":"https:\/\/api.w.org\/{rel}","templated":true}]}}