{"id":342015,"date":"2025-09-02T11:21:00","date_gmt":"2025-09-02T14:21:00","guid":{"rendered":"https:\/\/shop.bazarcia.com\/?post_type=product&#038;p=342015"},"modified":"2025-10-16T22:33:02","modified_gmt":"2025-10-17T01:33:02","slug":"matriz-de-bordado-terapia-ocupacional-programa-de-bordado","status":"publish","type":"product","link":"https:\/\/shop.bazarcia.com\/en\/product\/matriz-de-bordado-terapia-ocupacional-programa-de-bordado\/","title":{"rendered":"Matriz de Bordado Terapia Ocupacional &#8211; Programa de Bordado"},"content":{"rendered":"<pre><strong>ARQUIVO DIGITAL\r\nARQUIVO INSERIDO NAS MAQUINAS DE BORDAR\r\n\r\n<\/strong>AP\u00d3S A COMPRA OS ARQUIVOS SER\u00c3O DISPONIBILIZADOS NA P\u00c1GINA <strong>MINHA CONTA &gt; DOWNLOADS<\/strong> \r\n\r\nCores: Preto, Verde, Laranja e Dourado\r\nMedidas: 7x8 cm\r\nTipos de Ponto: Ponto Cheio, Tatami e Ponto Corrido\r\nQuantidade de Pontos: 9.919\r\nFormatos: JEF, XXX, EXP, DST e PES\r\n<strong>\r\nCOLA\u00c7O MATRIZES<\/strong><\/pre>","protected":false},"excerpt":{"rendered":"<p><strong>ARQUIVO DIGITAL<\/strong><\/p>\n<p><strong>Medidas:<\/strong> 7&#215;8 cm<br \/>\n<strong>Tipos de Ponto:<\/strong> Ponto Cheio, Tatami e Ponto Corrido<br \/>\n<strong>Quantidade de Pontos:<\/strong> 9.919<br \/>\n<strong>Formatos:<\/strong> PES, JEF, XXX, EXP e DST<\/p>","protected":false},"featured_media":341471,"comment_status":"open","ping_status":"closed","template":"","meta":{"_acf_changed":false,"_joinchat":[]},"product_brand":[],"product_cat":[15],"product_tag":[1431,1433,1430,1432],"class_list":{"0":"post-342015","1":"product","2":"type-product","3":"status-publish","4":"has-post-thumbnail","6":"product_cat-uncategorized","7":"product_tag-bordado-computadorizado","8":"product_tag-bordado-eletronico","9":"product_tag-matriz-de-bordado","10":"product_tag-matrizes-de-bordado","12":"first","13":"instock","14":"downloadable","15":"virtual","16":"purchasable","17":"product-type-simple"},"acf":[],"yoast_head":"<!-- This site is optimized with the Yoast SEO plugin v27.2 - https:\/\/yoast.com\/product\/yoast-seo-wordpress\/ -->\n<title>Matriz de Bordado Terapia Ocupacional - Programa de Bordado - \ud835\udc1b\ud835\udc1a\ud835\udc33\ud835\udc1a\ud835\udc2b &amp; \ud835\udc1c\ud835\udc22\ud835\udc1a<\/title>\n<meta name=\"robots\" content=\"index, follow, max-snippet:-1, max-image-preview:large, max-video-preview:-1\" \/>\n<link rel=\"canonical\" href=\"https:\/\/shop.bazarcia.com\/en\/product\/matriz-de-bordado-terapia-ocupacional-programa-de-bordado\/\" \/>\n<meta property=\"og:locale\" content=\"en_US\" \/>\n<meta property=\"og:type\" content=\"article\" \/>\n<meta property=\"og:title\" content=\"Matriz de Bordado Terapia Ocupacional - Programa de Bordado - \ud835\udc1b\ud835\udc1a\ud835\udc33\ud835\udc1a\ud835\udc2b &amp; \ud835\udc1c\ud835\udc22\ud835\udc1a\" \/>\n<meta property=\"og:description\" content=\"ARQUIVO DIGITAL  Medidas: 7x8 cm Tipos de Ponto: Ponto Cheio, Tatami e Ponto Corrido Quantidade de Pontos: 9.919 Formatos: PES, JEF, XXX, EXP e DST\" \/>\n<meta property=\"og:url\" content=\"https:\/\/shop.bazarcia.com\/en\/product\/matriz-de-bordado-terapia-ocupacional-programa-de-bordado\/\" \/>\n<meta property=\"og:site_name\" content=\"\ud835\udc1b\ud835\udc1a\ud835\udc33\ud835\udc1a\ud835\udc2b &amp; \ud835\udc1c\ud835\udc22\ud835\udc1a\" \/>\n<meta property=\"article:publisher\" content=\"https:\/\/www.facebook.com\/shopbazarcia\" \/>\n<meta property=\"article:modified_time\" content=\"2025-10-17T01:33:02+00:00\" \/>\n<meta property=\"og:image\" content=\"https:\/\/shop.bazarcia.com\/wp-content\/uploads\/2025\/08\/t-ocup.jpg\" \/>\n\t<meta property=\"og:image:width\" content=\"672\" \/>\n\t<meta property=\"og:image:height\" content=\"670\" \/>\n\t<meta property=\"og:image:type\" content=\"image\/jpeg\" \/>\n<meta name=\"twitter:card\" content=\"summary_large_image\" \/>\n<script type=\"application\/ld+json\" class=\"yoast-schema-graph\">{\"@context\":\"https:\/\/schema.org\",\"@graph\":[{\"@type\":\"WebPage\",\"@id\":\"https:\/\/shop.bazarcia.com\/produto\/matriz-de-bordado-terapia-ocupacional-programa-de-bordado\/\",\"url\":\"https:\/\/shop.bazarcia.com\/produto\/matriz-de-bordado-terapia-ocupacional-programa-de-bordado\/\",\"name\":\"Matriz de Bordado Terapia Ocupacional - Programa de Bordado - \ud835\udc1b\ud835\udc1a\ud835\udc33\ud835\udc1a\ud835\udc2b &amp; \ud835\udc1c\ud835\udc22\ud835\udc1a\",\"isPartOf\":{\"@id\":\"https:\/\/shop.bazarcia.com\/#website\"},\"primaryImageOfPage\":{\"@id\":\"https:\/\/shop.bazarcia.com\/produto\/matriz-de-bordado-terapia-ocupacional-programa-de-bordado\/#primaryimage\"},\"image\":{\"@id\":\"https:\/\/shop.bazarcia.com\/produto\/matriz-de-bordado-terapia-ocupacional-programa-de-bordado\/#primaryimage\"},\"thumbnailUrl\":\"https:\/\/shop.bazarcia.com\/wp-content\/uploads\/2025\/08\/t-ocup.jpg\",\"datePublished\":\"2025-09-02T14:21:00+00:00\",\"dateModified\":\"2025-10-17T01:33:02+00:00\",\"breadcrumb\":{\"@id\":\"https:\/\/shop.bazarcia.com\/produto\/matriz-de-bordado-terapia-ocupacional-programa-de-bordado\/#breadcrumb\"},\"inLanguage\":\"en-US\",\"potentialAction\":[{\"@type\":\"ReadAction\",\"target\":[\"https:\/\/shop.bazarcia.com\/produto\/matriz-de-bordado-terapia-ocupacional-programa-de-bordado\/\"]}]},{\"@type\":\"ImageObject\",\"inLanguage\":\"en-US\",\"@id\":\"https:\/\/shop.bazarcia.com\/produto\/matriz-de-bordado-terapia-ocupacional-programa-de-bordado\/#primaryimage\",\"url\":\"https:\/\/shop.bazarcia.com\/wp-content\/uploads\/2025\/08\/t-ocup.jpg\",\"contentUrl\":\"https:\/\/shop.bazarcia.com\/wp-content\/uploads\/2025\/08\/t-ocup.jpg\",\"width\":672,\"height\":670},{\"@type\":\"BreadcrumbList\",\"@id\":\"https:\/\/shop.bazarcia.com\/produto\/matriz-de-bordado-terapia-ocupacional-programa-de-bordado\/#breadcrumb\",\"itemListElement\":[{\"@type\":\"ListItem\",\"position\":1,\"name\":\"In\u00edcio\",\"item\":\"https:\/\/shop.bazarcia.com\/\"},{\"@type\":\"ListItem\",\"position\":2,\"name\":\"Loja\",\"item\":\"https:\/\/shop.bazarcia.com\/loja\/\"},{\"@type\":\"ListItem\",\"position\":3,\"name\":\"Matriz de Bordado Terapia Ocupacional &#8211; Programa de Bordado\"}]},{\"@type\":\"WebSite\",\"@id\":\"https:\/\/shop.bazarcia.com\/#website\",\"url\":\"https:\/\/shop.bazarcia.com\/\",\"name\":\"Bazar & Cia\",\"description\":\"criatividade ponto a ponto\",\"publisher\":{\"@id\":\"https:\/\/shop.bazarcia.com\/#organization\"},\"potentialAction\":[{\"@type\":\"SearchAction\",\"target\":{\"@type\":\"EntryPoint\",\"urlTemplate\":\"https:\/\/shop.bazarcia.com\/?s={search_term_string}\"},\"query-input\":{\"@type\":\"PropertyValueSpecification\",\"valueRequired\":true,\"valueName\":\"search_term_string\"}}],\"inLanguage\":\"en-US\"},{\"@type\":\"Organization\",\"@id\":\"https:\/\/shop.bazarcia.com\/#organization\",\"name\":\"Bazar & Cia\",\"url\":\"https:\/\/shop.bazarcia.com\/\",\"logo\":{\"@type\":\"ImageObject\",\"inLanguage\":\"en-US\",\"@id\":\"https:\/\/shop.bazarcia.com\/#\/schema\/logo\/image\/\",\"url\":\"https:\/\/shop.bazarcia.com\/wp-content\/uploads\/2024\/02\/cropped-logo_bazarcia.png\",\"contentUrl\":\"https:\/\/shop.bazarcia.com\/wp-content\/uploads\/2024\/02\/cropped-logo_bazarcia.png\",\"width\":150,\"height\":150,\"caption\":\"Bazar & Cia\"},\"image\":{\"@id\":\"https:\/\/shop.bazarcia.com\/#\/schema\/logo\/image\/\"},\"sameAs\":[\"https:\/\/www.facebook.com\/shopbazarcia\",\"https:\/\/www.instagram.com\/shopbazarcia\",\"https:\/\/br.pinterest.com\/suzane_eloise\/\",\"https:\/\/www.youtube.com\/c\/BazardoBordadoMatrizeseProjetos\"]}]}<\/script>\n<!-- \/ Yoast SEO plugin. -->","yoast_head_json":{"title":"Matriz de Bordado Terapia Ocupacional - Programa de Bordado - \ud835\udc1b\ud835\udc1a\ud835\udc33\ud835\udc1a\ud835\udc2b &amp; \ud835\udc1c\ud835\udc22\ud835\udc1a","robots":{"index":"index","follow":"follow","max-snippet":"max-snippet:-1","max-image-preview":"max-image-preview:large","max-video-preview":"max-video-preview:-1"},"canonical":"https:\/\/shop.bazarcia.com\/en\/product\/matriz-de-bordado-terapia-ocupacional-programa-de-bordado\/","og_locale":"en_US","og_type":"article","og_title":"Matriz de Bordado Terapia Ocupacional - Programa de Bordado - \ud835\udc1b\ud835\udc1a\ud835\udc33\ud835\udc1a\ud835\udc2b &amp; \ud835\udc1c\ud835\udc22\ud835\udc1a","og_description":"ARQUIVO DIGITAL  Medidas: 7x8 cm Tipos de Ponto: Ponto Cheio, Tatami e Ponto Corrido Quantidade de Pontos: 9.919 Formatos: PES, JEF, XXX, EXP e DST","og_url":"https:\/\/shop.bazarcia.com\/en\/product\/matriz-de-bordado-terapia-ocupacional-programa-de-bordado\/","og_site_name":"\ud835\udc1b\ud835\udc1a\ud835\udc33\ud835\udc1a\ud835\udc2b &amp; \ud835\udc1c\ud835\udc22\ud835\udc1a","article_publisher":"https:\/\/www.facebook.com\/shopbazarcia","article_modified_time":"2025-10-17T01:33:02+00:00","og_image":[{"width":672,"height":670,"url":"https:\/\/shop.bazarcia.com\/wp-content\/uploads\/2025\/08\/t-ocup.jpg","type":"image\/jpeg"}],"twitter_card":"summary_large_image","schema":{"@context":"https:\/\/schema.org","@graph":[{"@type":"WebPage","@id":"https:\/\/shop.bazarcia.com\/produto\/matriz-de-bordado-terapia-ocupacional-programa-de-bordado\/","url":"https:\/\/shop.bazarcia.com\/produto\/matriz-de-bordado-terapia-ocupacional-programa-de-bordado\/","name":"Matriz de Bordado Terapia Ocupacional - Programa de Bordado - \ud835\udc1b\ud835\udc1a\ud835\udc33\ud835\udc1a\ud835\udc2b &amp; \ud835\udc1c\ud835\udc22\ud835\udc1a","isPartOf":{"@id":"https:\/\/shop.bazarcia.com\/#website"},"primaryImageOfPage":{"@id":"https:\/\/shop.bazarcia.com\/produto\/matriz-de-bordado-terapia-ocupacional-programa-de-bordado\/#primaryimage"},"image":{"@id":"https:\/\/shop.bazarcia.com\/produto\/matriz-de-bordado-terapia-ocupacional-programa-de-bordado\/#primaryimage"},"thumbnailUrl":"https:\/\/shop.bazarcia.com\/wp-content\/uploads\/2025\/08\/t-ocup.jpg","datePublished":"2025-09-02T14:21:00+00:00","dateModified":"2025-10-17T01:33:02+00:00","breadcrumb":{"@id":"https:\/\/shop.bazarcia.com\/produto\/matriz-de-bordado-terapia-ocupacional-programa-de-bordado\/#breadcrumb"},"inLanguage":"en-US","potentialAction":[{"@type":"ReadAction","target":["https:\/\/shop.bazarcia.com\/produto\/matriz-de-bordado-terapia-ocupacional-programa-de-bordado\/"]}]},{"@type":"ImageObject","inLanguage":"en-US","@id":"https:\/\/shop.bazarcia.com\/produto\/matriz-de-bordado-terapia-ocupacional-programa-de-bordado\/#primaryimage","url":"https:\/\/shop.bazarcia.com\/wp-content\/uploads\/2025\/08\/t-ocup.jpg","contentUrl":"https:\/\/shop.bazarcia.com\/wp-content\/uploads\/2025\/08\/t-ocup.jpg","width":672,"height":670},{"@type":"BreadcrumbList","@id":"https:\/\/shop.bazarcia.com\/produto\/matriz-de-bordado-terapia-ocupacional-programa-de-bordado\/#breadcrumb","itemListElement":[{"@type":"ListItem","position":1,"name":"In\u00edcio","item":"https:\/\/shop.bazarcia.com\/"},{"@type":"ListItem","position":2,"name":"Loja","item":"https:\/\/shop.bazarcia.com\/loja\/"},{"@type":"ListItem","position":3,"name":"Matriz de Bordado Terapia Ocupacional &#8211; Programa de Bordado"}]},{"@type":"WebSite","@id":"https:\/\/shop.bazarcia.com\/#website","url":"https:\/\/shop.bazarcia.com\/","name":"Bazar & Cia","description":"criatividade ponto a ponto","publisher":{"@id":"https:\/\/shop.bazarcia.com\/#organization"},"potentialAction":[{"@type":"SearchAction","target":{"@type":"EntryPoint","urlTemplate":"https:\/\/shop.bazarcia.com\/?s={search_term_string}"},"query-input":{"@type":"PropertyValueSpecification","valueRequired":true,"valueName":"search_term_string"}}],"inLanguage":"en-US"},{"@type":"Organization","@id":"https:\/\/shop.bazarcia.com\/#organization","name":"Bazar & Cia","url":"https:\/\/shop.bazarcia.com\/","logo":{"@type":"ImageObject","inLanguage":"en-US","@id":"https:\/\/shop.bazarcia.com\/#\/schema\/logo\/image\/","url":"https:\/\/shop.bazarcia.com\/wp-content\/uploads\/2024\/02\/cropped-logo_bazarcia.png","contentUrl":"https:\/\/shop.bazarcia.com\/wp-content\/uploads\/2024\/02\/cropped-logo_bazarcia.png","width":150,"height":150,"caption":"Bazar & Cia"},"image":{"@id":"https:\/\/shop.bazarcia.com\/#\/schema\/logo\/image\/"},"sameAs":["https:\/\/www.facebook.com\/shopbazarcia","https:\/\/www.instagram.com\/shopbazarcia","https:\/\/br.pinterest.com\/suzane_eloise\/","https:\/\/www.youtube.com\/c\/BazardoBordadoMatrizeseProjetos"]}]}},"_links":{"self":[{"href":"https:\/\/shop.bazarcia.com\/en\/wp-json\/wp\/v2\/product\/342015","targetHints":{"allow":["GET"]}}],"collection":[{"href":"https:\/\/shop.bazarcia.com\/en\/wp-json\/wp\/v2\/product"}],"about":[{"href":"https:\/\/shop.bazarcia.com\/en\/wp-json\/wp\/v2\/types\/product"}],"replies":[{"embeddable":true,"href":"https:\/\/shop.bazarcia.com\/en\/wp-json\/wp\/v2\/comments?post=342015"}],"version-history":[{"count":3,"href":"https:\/\/shop.bazarcia.com\/en\/wp-json\/wp\/v2\/product\/342015\/revisions"}],"predecessor-version":[{"id":349608,"href":"https:\/\/shop.bazarcia.com\/en\/wp-json\/wp\/v2\/product\/342015\/revisions\/349608"}],"wp:featuredmedia":[{"embeddable":true,"href":"https:\/\/shop.bazarcia.com\/en\/wp-json\/wp\/v2\/media\/341471"}],"wp:attachment":[{"href":"https:\/\/shop.bazarcia.com\/en\/wp-json\/wp\/v2\/media?parent=342015"}],"wp:term":[{"taxonomy":"product_brand","embeddable":true,"href":"https:\/\/shop.bazarcia.com\/en\/wp-json\/wp\/v2\/product_brand?post=342015"},{"taxonomy":"product_cat","embeddable":true,"href":"https:\/\/shop.bazarcia.com\/en\/wp-json\/wp\/v2\/product_cat?post=342015"},{"taxonomy":"product_tag","embeddable":true,"href":"https:\/\/shop.bazarcia.com\/en\/wp-json\/wp\/v2\/product_tag?post=342015"}],"curies":[{"name":"wp","href":"https:\/\/api.w.org\/{rel}","templated":true}]}}