{"id":342487,"date":"2025-09-04T13:29:47","date_gmt":"2025-09-04T16:29:47","guid":{"rendered":"https:\/\/shop.bazarcia.com\/?post_type=product&#038;p=342487"},"modified":"2025-09-04T20:37:02","modified_gmt":"2025-09-04T23:37:02","slug":"projeto-na-bordadeira-porta-bombom-maca-e-coruja-dia-dos-professores","status":"publish","type":"product","link":"https:\/\/shop.bazarcia.com\/en\/product\/projeto-na-bordadeira-porta-bombom-maca-e-coruja-dia-dos-professores\/","title":{"rendered":"[Projeto na Bordadeira] Porta Bombom Ma\u00e7\u00e3 e Coruja &#8211; Dia dos Professores"},"content":{"rendered":"<p>Fa\u00e7a lindos Porta Bombons!<\/p>\n<p>Um em formato de ma\u00e7\u00e3 e outro como corujinha, que pode ser confeccionado com tecido, feltro e\/ou sint\u00e9tico. Voc\u00ea ainda pode fazer adapta\u00e7\u00f5es em pe\u00e7as diferentes, tamb\u00e9m \u00e9 uma sugest\u00e3o de lembrancinha.<\/p>\n<p>Cada pacote est\u00e1 dividido em 4 e 5 partes, onde a parte maior \u00e9 confeccionada em uma vez no bastidor 13&#215;18, ou em duas no bastidor 10&#215;10, o restante pode ser confeccionado no bastidor a partir do 10&#215;10 normalmente.<\/p>\n<p>Este \u00e9 um produto DIGITAL e os arquivos estar\u00e3o dispon\u00edveis para download aqui mesmo na sua conta ap\u00f3s confirma\u00e7\u00e3o do pagamento.<\/p>\n<p>Os arquivos est\u00e3o em pasta compactada (ZIP), sendo necess\u00e1rio descompact\u00e1-la.<\/p>\n<p>Os mesmos s\u00e3o compat\u00edveis com v\u00e1rios tipos e modelos de m\u00e1quinas, com os seguintes formatos: DST \u2013 EXP \u2013 HUS \u2013 JEF \u2013 PES \u2013 XXX<\/p>","protected":false},"excerpt":{"rendered":"<p>Fa\u00e7a lindos Porta Bombons em formato de Ma\u00e7\u00e3 e Coruja.<br \/>\nMatrizes para bastidores a partir de 10 x 10cm.<br \/>\nArrasta para o lado para conferir mais ideias.<br \/>\nPES \u2013 JEF\u2013 DST \u2013 XXX \u2013 EXP \u2013 HUS<\/p>","protected":false},"featured_media":342488,"comment_status":"open","ping_status":"closed","template":"","meta":{"_acf_changed":false,"_joinchat":[]},"product_brand":[],"product_cat":[151,84,1368,98,1383,1385,1330],"product_tag":[1431,1433,1430,1432],"class_list":{"0":"post-342487","1":"product","2":"type-product","3":"status-publish","4":"has-post-thumbnail","6":"product_cat-dia-dos-professores","7":"product_cat-matrizes-de-bordado","8":"product_cat-dia-dos-professores-projetos-para-datas-especiais","9":"product_cat-projetos-na-bordadeira-in-the-hoop-embroidery","10":"product_cat-projetos-para-bastidor-10x10","11":"product_cat-projetos-para-bastidor-13x18","12":"product_cat-projetos-para-datas-especiais","13":"product_tag-bordado-computadorizado","14":"product_tag-bordado-eletronico","15":"product_tag-matriz-de-bordado","16":"product_tag-matrizes-de-bordado","18":"first","19":"instock","20":"downloadable","21":"virtual","22":"purchasable","23":"product-type-simple"},"acf":[],"yoast_head":"<!-- This site is optimized with the Yoast SEO plugin v27.2 - https:\/\/yoast.com\/product\/yoast-seo-wordpress\/ -->\n<title>[Projeto na Bordadeira] Porta Bombom Ma\u00e7\u00e3 e Coruja - Dia dos Professores - \ud835\udc1b\ud835\udc1a\ud835\udc33\ud835\udc1a\ud835\udc2b &amp; \ud835\udc1c\ud835\udc22\ud835\udc1a<\/title>\n<meta name=\"robots\" content=\"index, follow, max-snippet:-1, max-image-preview:large, max-video-preview:-1\" \/>\n<link rel=\"canonical\" href=\"https:\/\/shop.bazarcia.com\/en\/product\/projeto-na-bordadeira-porta-bombom-maca-e-coruja-dia-dos-professores\/\" \/>\n<meta property=\"og:locale\" content=\"en_US\" \/>\n<meta property=\"og:type\" content=\"article\" \/>\n<meta property=\"og:title\" content=\"[Projeto na Bordadeira] Porta Bombom Ma\u00e7\u00e3 e Coruja - Dia dos Professores - \ud835\udc1b\ud835\udc1a\ud835\udc33\ud835\udc1a\ud835\udc2b &amp; \ud835\udc1c\ud835\udc22\ud835\udc1a\" \/>\n<meta property=\"og:description\" content=\"Fa\u00e7a lindos Porta Bombons em formato de Ma\u00e7\u00e3 e Coruja. Matrizes para bastidores a partir de 10 x 10cm. Arrasta para o lado para conferir mais ideias. PES \u2013 JEF\u2013 DST \u2013 XXX \u2013 EXP \u2013 HUS\" \/>\n<meta property=\"og:url\" content=\"https:\/\/shop.bazarcia.com\/en\/product\/projeto-na-bordadeira-porta-bombom-maca-e-coruja-dia-dos-professores\/\" \/>\n<meta property=\"og:site_name\" content=\"\ud835\udc1b\ud835\udc1a\ud835\udc33\ud835\udc1a\ud835\udc2b &amp; \ud835\udc1c\ud835\udc22\ud835\udc1a\" \/>\n<meta property=\"article:publisher\" content=\"https:\/\/www.facebook.com\/shopbazarcia\" \/>\n<meta property=\"article:modified_time\" content=\"2025-09-04T23:37:02+00:00\" \/>\n<meta property=\"og:image\" content=\"https:\/\/shop.bazarcia.com\/wp-content\/uploads\/2025\/09\/Imagem-para-Bazar1-2.jpg\" \/>\n\t<meta property=\"og:image:width\" content=\"1080\" \/>\n\t<meta property=\"og:image:height\" content=\"1080\" \/>\n\t<meta property=\"og:image:type\" content=\"image\/jpeg\" \/>\n<meta name=\"twitter:card\" content=\"summary_large_image\" \/>\n<meta name=\"twitter:label1\" content=\"Est. reading time\" \/>\n\t<meta name=\"twitter:data1\" content=\"1 minute\" \/>\n<script type=\"application\/ld+json\" class=\"yoast-schema-graph\">{\"@context\":\"https:\/\/schema.org\",\"@graph\":[{\"@type\":\"WebPage\",\"@id\":\"https:\/\/shop.bazarcia.com\/produto\/projeto-na-bordadeira-porta-bombom-maca-e-coruja-dia-dos-professores\/\",\"url\":\"https:\/\/shop.bazarcia.com\/produto\/projeto-na-bordadeira-porta-bombom-maca-e-coruja-dia-dos-professores\/\",\"name\":\"[Projeto na Bordadeira] Porta Bombom Ma\u00e7\u00e3 e Coruja - Dia dos Professores - \ud835\udc1b\ud835\udc1a\ud835\udc33\ud835\udc1a\ud835\udc2b &amp; \ud835\udc1c\ud835\udc22\ud835\udc1a\",\"isPartOf\":{\"@id\":\"https:\/\/shop.bazarcia.com\/#website\"},\"primaryImageOfPage\":{\"@id\":\"https:\/\/shop.bazarcia.com\/produto\/projeto-na-bordadeira-porta-bombom-maca-e-coruja-dia-dos-professores\/#primaryimage\"},\"image\":{\"@id\":\"https:\/\/shop.bazarcia.com\/produto\/projeto-na-bordadeira-porta-bombom-maca-e-coruja-dia-dos-professores\/#primaryimage\"},\"thumbnailUrl\":\"https:\/\/shop.bazarcia.com\/wp-content\/uploads\/2025\/09\/Imagem-para-Bazar1-2.jpg\",\"datePublished\":\"2025-09-04T16:29:47+00:00\",\"dateModified\":\"2025-09-04T23:37:02+00:00\",\"breadcrumb\":{\"@id\":\"https:\/\/shop.bazarcia.com\/produto\/projeto-na-bordadeira-porta-bombom-maca-e-coruja-dia-dos-professores\/#breadcrumb\"},\"inLanguage\":\"en-US\",\"potentialAction\":[{\"@type\":\"ReadAction\",\"target\":[\"https:\/\/shop.bazarcia.com\/produto\/projeto-na-bordadeira-porta-bombom-maca-e-coruja-dia-dos-professores\/\"]}]},{\"@type\":\"ImageObject\",\"inLanguage\":\"en-US\",\"@id\":\"https:\/\/shop.bazarcia.com\/produto\/projeto-na-bordadeira-porta-bombom-maca-e-coruja-dia-dos-professores\/#primaryimage\",\"url\":\"https:\/\/shop.bazarcia.com\/wp-content\/uploads\/2025\/09\/Imagem-para-Bazar1-2.jpg\",\"contentUrl\":\"https:\/\/shop.bazarcia.com\/wp-content\/uploads\/2025\/09\/Imagem-para-Bazar1-2.jpg\",\"width\":1080,\"height\":1080},{\"@type\":\"BreadcrumbList\",\"@id\":\"https:\/\/shop.bazarcia.com\/produto\/projeto-na-bordadeira-porta-bombom-maca-e-coruja-dia-dos-professores\/#breadcrumb\",\"itemListElement\":[{\"@type\":\"ListItem\",\"position\":1,\"name\":\"In\u00edcio\",\"item\":\"https:\/\/shop.bazarcia.com\/\"},{\"@type\":\"ListItem\",\"position\":2,\"name\":\"Loja\",\"item\":\"https:\/\/shop.bazarcia.com\/loja\/\"},{\"@type\":\"ListItem\",\"position\":3,\"name\":\"[Projeto na Bordadeira] Porta Bombom Ma\u00e7\u00e3 e Coruja &#8211; Dia dos Professores\"}]},{\"@type\":\"WebSite\",\"@id\":\"https:\/\/shop.bazarcia.com\/#website\",\"url\":\"https:\/\/shop.bazarcia.com\/\",\"name\":\"Bazar & Cia\",\"description\":\"criatividade ponto a ponto\",\"publisher\":{\"@id\":\"https:\/\/shop.bazarcia.com\/#organization\"},\"potentialAction\":[{\"@type\":\"SearchAction\",\"target\":{\"@type\":\"EntryPoint\",\"urlTemplate\":\"https:\/\/shop.bazarcia.com\/?s={search_term_string}\"},\"query-input\":{\"@type\":\"PropertyValueSpecification\",\"valueRequired\":true,\"valueName\":\"search_term_string\"}}],\"inLanguage\":\"en-US\"},{\"@type\":\"Organization\",\"@id\":\"https:\/\/shop.bazarcia.com\/#organization\",\"name\":\"Bazar & Cia\",\"url\":\"https:\/\/shop.bazarcia.com\/\",\"logo\":{\"@type\":\"ImageObject\",\"inLanguage\":\"en-US\",\"@id\":\"https:\/\/shop.bazarcia.com\/#\/schema\/logo\/image\/\",\"url\":\"https:\/\/shop.bazarcia.com\/wp-content\/uploads\/2024\/02\/cropped-logo_bazarcia.png\",\"contentUrl\":\"https:\/\/shop.bazarcia.com\/wp-content\/uploads\/2024\/02\/cropped-logo_bazarcia.png\",\"width\":150,\"height\":150,\"caption\":\"Bazar & Cia\"},\"image\":{\"@id\":\"https:\/\/shop.bazarcia.com\/#\/schema\/logo\/image\/\"},\"sameAs\":[\"https:\/\/www.facebook.com\/shopbazarcia\",\"https:\/\/www.instagram.com\/shopbazarcia\",\"https:\/\/br.pinterest.com\/suzane_eloise\/\",\"https:\/\/www.youtube.com\/c\/BazardoBordadoMatrizeseProjetos\"]}]}<\/script>\n<!-- \/ Yoast SEO plugin. -->","yoast_head_json":{"title":"[Projeto na Bordadeira] Porta Bombom Ma\u00e7\u00e3 e Coruja - Dia dos Professores - \ud835\udc1b\ud835\udc1a\ud835\udc33\ud835\udc1a\ud835\udc2b &amp; \ud835\udc1c\ud835\udc22\ud835\udc1a","robots":{"index":"index","follow":"follow","max-snippet":"max-snippet:-1","max-image-preview":"max-image-preview:large","max-video-preview":"max-video-preview:-1"},"canonical":"https:\/\/shop.bazarcia.com\/en\/product\/projeto-na-bordadeira-porta-bombom-maca-e-coruja-dia-dos-professores\/","og_locale":"en_US","og_type":"article","og_title":"[Projeto na Bordadeira] Porta Bombom Ma\u00e7\u00e3 e Coruja - Dia dos Professores - \ud835\udc1b\ud835\udc1a\ud835\udc33\ud835\udc1a\ud835\udc2b &amp; \ud835\udc1c\ud835\udc22\ud835\udc1a","og_description":"Fa\u00e7a lindos Porta Bombons em formato de Ma\u00e7\u00e3 e Coruja. Matrizes para bastidores a partir de 10 x 10cm. Arrasta para o lado para conferir mais ideias. PES \u2013 JEF\u2013 DST \u2013 XXX \u2013 EXP \u2013 HUS","og_url":"https:\/\/shop.bazarcia.com\/en\/product\/projeto-na-bordadeira-porta-bombom-maca-e-coruja-dia-dos-professores\/","og_site_name":"\ud835\udc1b\ud835\udc1a\ud835\udc33\ud835\udc1a\ud835\udc2b &amp; \ud835\udc1c\ud835\udc22\ud835\udc1a","article_publisher":"https:\/\/www.facebook.com\/shopbazarcia","article_modified_time":"2025-09-04T23:37:02+00:00","og_image":[{"width":1080,"height":1080,"url":"https:\/\/shop.bazarcia.com\/wp-content\/uploads\/2025\/09\/Imagem-para-Bazar1-2.jpg","type":"image\/jpeg"}],"twitter_card":"summary_large_image","twitter_misc":{"Est. reading time":"1 minute"},"schema":{"@context":"https:\/\/schema.org","@graph":[{"@type":"WebPage","@id":"https:\/\/shop.bazarcia.com\/produto\/projeto-na-bordadeira-porta-bombom-maca-e-coruja-dia-dos-professores\/","url":"https:\/\/shop.bazarcia.com\/produto\/projeto-na-bordadeira-porta-bombom-maca-e-coruja-dia-dos-professores\/","name":"[Projeto na Bordadeira] Porta Bombom Ma\u00e7\u00e3 e Coruja - Dia dos Professores - \ud835\udc1b\ud835\udc1a\ud835\udc33\ud835\udc1a\ud835\udc2b &amp; \ud835\udc1c\ud835\udc22\ud835\udc1a","isPartOf":{"@id":"https:\/\/shop.bazarcia.com\/#website"},"primaryImageOfPage":{"@id":"https:\/\/shop.bazarcia.com\/produto\/projeto-na-bordadeira-porta-bombom-maca-e-coruja-dia-dos-professores\/#primaryimage"},"image":{"@id":"https:\/\/shop.bazarcia.com\/produto\/projeto-na-bordadeira-porta-bombom-maca-e-coruja-dia-dos-professores\/#primaryimage"},"thumbnailUrl":"https:\/\/shop.bazarcia.com\/wp-content\/uploads\/2025\/09\/Imagem-para-Bazar1-2.jpg","datePublished":"2025-09-04T16:29:47+00:00","dateModified":"2025-09-04T23:37:02+00:00","breadcrumb":{"@id":"https:\/\/shop.bazarcia.com\/produto\/projeto-na-bordadeira-porta-bombom-maca-e-coruja-dia-dos-professores\/#breadcrumb"},"inLanguage":"en-US","potentialAction":[{"@type":"ReadAction","target":["https:\/\/shop.bazarcia.com\/produto\/projeto-na-bordadeira-porta-bombom-maca-e-coruja-dia-dos-professores\/"]}]},{"@type":"ImageObject","inLanguage":"en-US","@id":"https:\/\/shop.bazarcia.com\/produto\/projeto-na-bordadeira-porta-bombom-maca-e-coruja-dia-dos-professores\/#primaryimage","url":"https:\/\/shop.bazarcia.com\/wp-content\/uploads\/2025\/09\/Imagem-para-Bazar1-2.jpg","contentUrl":"https:\/\/shop.bazarcia.com\/wp-content\/uploads\/2025\/09\/Imagem-para-Bazar1-2.jpg","width":1080,"height":1080},{"@type":"BreadcrumbList","@id":"https:\/\/shop.bazarcia.com\/produto\/projeto-na-bordadeira-porta-bombom-maca-e-coruja-dia-dos-professores\/#breadcrumb","itemListElement":[{"@type":"ListItem","position":1,"name":"In\u00edcio","item":"https:\/\/shop.bazarcia.com\/"},{"@type":"ListItem","position":2,"name":"Loja","item":"https:\/\/shop.bazarcia.com\/loja\/"},{"@type":"ListItem","position":3,"name":"[Projeto na Bordadeira] Porta Bombom Ma\u00e7\u00e3 e Coruja &#8211; Dia dos Professores"}]},{"@type":"WebSite","@id":"https:\/\/shop.bazarcia.com\/#website","url":"https:\/\/shop.bazarcia.com\/","name":"Bazar & Cia","description":"criatividade ponto a ponto","publisher":{"@id":"https:\/\/shop.bazarcia.com\/#organization"},"potentialAction":[{"@type":"SearchAction","target":{"@type":"EntryPoint","urlTemplate":"https:\/\/shop.bazarcia.com\/?s={search_term_string}"},"query-input":{"@type":"PropertyValueSpecification","valueRequired":true,"valueName":"search_term_string"}}],"inLanguage":"en-US"},{"@type":"Organization","@id":"https:\/\/shop.bazarcia.com\/#organization","name":"Bazar & Cia","url":"https:\/\/shop.bazarcia.com\/","logo":{"@type":"ImageObject","inLanguage":"en-US","@id":"https:\/\/shop.bazarcia.com\/#\/schema\/logo\/image\/","url":"https:\/\/shop.bazarcia.com\/wp-content\/uploads\/2024\/02\/cropped-logo_bazarcia.png","contentUrl":"https:\/\/shop.bazarcia.com\/wp-content\/uploads\/2024\/02\/cropped-logo_bazarcia.png","width":150,"height":150,"caption":"Bazar & Cia"},"image":{"@id":"https:\/\/shop.bazarcia.com\/#\/schema\/logo\/image\/"},"sameAs":["https:\/\/www.facebook.com\/shopbazarcia","https:\/\/www.instagram.com\/shopbazarcia","https:\/\/br.pinterest.com\/suzane_eloise\/","https:\/\/www.youtube.com\/c\/BazardoBordadoMatrizeseProjetos"]}]}},"_links":{"self":[{"href":"https:\/\/shop.bazarcia.com\/en\/wp-json\/wp\/v2\/product\/342487","targetHints":{"allow":["GET"]}}],"collection":[{"href":"https:\/\/shop.bazarcia.com\/en\/wp-json\/wp\/v2\/product"}],"about":[{"href":"https:\/\/shop.bazarcia.com\/en\/wp-json\/wp\/v2\/types\/product"}],"replies":[{"embeddable":true,"href":"https:\/\/shop.bazarcia.com\/en\/wp-json\/wp\/v2\/comments?post=342487"}],"version-history":[{"count":1,"href":"https:\/\/shop.bazarcia.com\/en\/wp-json\/wp\/v2\/product\/342487\/revisions"}],"predecessor-version":[{"id":342501,"href":"https:\/\/shop.bazarcia.com\/en\/wp-json\/wp\/v2\/product\/342487\/revisions\/342501"}],"wp:featuredmedia":[{"embeddable":true,"href":"https:\/\/shop.bazarcia.com\/en\/wp-json\/wp\/v2\/media\/342488"}],"wp:attachment":[{"href":"https:\/\/shop.bazarcia.com\/en\/wp-json\/wp\/v2\/media?parent=342487"}],"wp:term":[{"taxonomy":"product_brand","embeddable":true,"href":"https:\/\/shop.bazarcia.com\/en\/wp-json\/wp\/v2\/product_brand?post=342487"},{"taxonomy":"product_cat","embeddable":true,"href":"https:\/\/shop.bazarcia.com\/en\/wp-json\/wp\/v2\/product_cat?post=342487"},{"taxonomy":"product_tag","embeddable":true,"href":"https:\/\/shop.bazarcia.com\/en\/wp-json\/wp\/v2\/product_tag?post=342487"}],"curies":[{"name":"wp","href":"https:\/\/api.w.org\/{rel}","templated":true}]}}