{"id":343210,"date":"2025-09-09T11:19:07","date_gmt":"2025-09-09T14:19:07","guid":{"rendered":"https:\/\/shop.bazarcia.com\/?post_type=product&#038;p=343210"},"modified":"2026-01-23T21:58:04","modified_gmt":"2026-01-24T00:58:04","slug":"matriz-para-bordado-cogumelo-e-borboletas","status":"publish","type":"product","link":"https:\/\/shop.bazarcia.com\/en\/product\/matriz-para-bordado-cogumelo-e-borboletas\/","title":{"rendered":"Matriz para Bordado Cogumelo e Borboletas"},"content":{"rendered":"<p data-start=\"1541\" data-end=\"1681\">Matriz de bordado digital \u201cCogumelo e Borbolets\u201d, com tra\u00e7os suaves e detalhes que valorizam pe\u00e7as infantis e decorativas.<\/p>\n<ul data-start=\"1682\" data-end=\"2040\">\n<li data-start=\"1682\" data-end=\"1761\">\n<p data-start=\"1684\" data-end=\"1761\"><strong data-start=\"1684\" data-end=\"1696\">Tamanhos<\/strong>: 9 cm, 10 cm e 11 cm de <strong data-start=\"1721\" data-end=\"1731\">altura<\/strong> (largura <strong data-start=\"1741\" data-end=\"1757\">proporcional<\/strong>).<\/p>\n<\/li>\n<li data-start=\"1762\" data-end=\"1804\">\n<p data-start=\"1764\" data-end=\"1804\"><strong data-start=\"1764\" data-end=\"1776\">Formatos<\/strong>: DST, JEF, EXP, PES, XXX.<\/p>\n<\/li>\n<li data-start=\"1805\" data-end=\"2040\">\n<p data-start=\"1807\" data-end=\"2040\">Indicado para roupas infantis, bodies, babadores, toalhas, necessaires, capas de caderno e itens de decora\u00e7\u00e3o.<\/p>\n<\/li>\n<\/ul>\n<p><a href=\"https:\/\/shop.bazarcia.com\/en\/store\/damel-programacao-de-bordados\/toc\/\">Termos e Condi\u00e7\u00f5es<\/a><\/p>","protected":false},"excerpt":{"rendered":"<p>Um cogumelo gracioso com borboletas ao redor \u2014 leve, delicado e perfeito para dar movimento e poesia \u00e0s suas pe\u00e7as.<\/p>\n<p>Quer ver mais? Confira a cole\u00e7\u00e3o completa \u2014 <a href=\"https:\/\/shop.bazarcia.com\/en\/product\/colecao-a-turminha-dos-cogumelos\/\"><strong data-start=\"672\" data-end=\"687\">clique aqui<\/strong>!<\/a><\/p>\n<p>&nbsp;<\/p>","protected":false},"featured_media":343110,"comment_status":"open","ping_status":"closed","template":"","meta":{"_acf_changed":false,"_joinchat":[]},"product_brand":[],"product_cat":[122,321,1671,1208,84,312],"product_tag":[1170,1912,1431,1433,1280,1430,1432],"class_list":{"0":"post-343210","1":"product","2":"type-product","3":"status-publish","4":"has-post-thumbnail","6":"product_cat-matrizes-de-bordado-animais","7":"product_cat-borboletas","8":"product_cat-cogumelos","9":"product_cat-cute-kawaii","10":"product_cat-matrizes-de-bordado","11":"product_cat-matrizes-pontos-leves","12":"product_tag-bordado","13":"product_tag-bordado-a-mao","14":"product_tag-bordado-computadorizado","15":"product_tag-bordado-eletronico","16":"product_tag-bordar","17":"product_tag-matriz-de-bordado","18":"product_tag-matrizes-de-bordado","20":"first","21":"instock","22":"downloadable","23":"virtual","24":"purchasable","25":"product-type-simple"},"acf":[],"yoast_head":"<!-- This site is optimized with the Yoast SEO plugin v27.2 - https:\/\/yoast.com\/product\/yoast-seo-wordpress\/ -->\n<title>Matriz para Bordado Cogumelo e Borboletas - \ud835\udc1b\ud835\udc1a\ud835\udc33\ud835\udc1a\ud835\udc2b &amp; \ud835\udc1c\ud835\udc22\ud835\udc1a<\/title>\n<meta name=\"robots\" content=\"index, follow, max-snippet:-1, max-image-preview:large, max-video-preview:-1\" \/>\n<link rel=\"canonical\" href=\"https:\/\/shop.bazarcia.com\/en\/product\/matriz-para-bordado-cogumelo-e-borboletas\/\" \/>\n<meta property=\"og:locale\" content=\"en_US\" \/>\n<meta property=\"og:type\" content=\"article\" \/>\n<meta property=\"og:title\" content=\"Matriz para Bordado Cogumelo e Borboletas - \ud835\udc1b\ud835\udc1a\ud835\udc33\ud835\udc1a\ud835\udc2b &amp; \ud835\udc1c\ud835\udc22\ud835\udc1a\" \/>\n<meta property=\"og:description\" content=\"Um cogumelo gracioso com borboletas ao redor \u2014 leve, delicado e perfeito para dar movimento e poesia \u00e0s suas pe\u00e7as.  Quer ver mais? Confira a cole\u00e7\u00e3o completa \u2014 clique aqui!  &nbsp;\" \/>\n<meta property=\"og:url\" content=\"https:\/\/shop.bazarcia.com\/en\/product\/matriz-para-bordado-cogumelo-e-borboletas\/\" \/>\n<meta property=\"og:site_name\" content=\"\ud835\udc1b\ud835\udc1a\ud835\udc33\ud835\udc1a\ud835\udc2b &amp; \ud835\udc1c\ud835\udc22\ud835\udc1a\" \/>\n<meta property=\"article:publisher\" content=\"https:\/\/www.facebook.com\/shopbazarcia\" \/>\n<meta property=\"article:modified_time\" content=\"2026-01-24T00:58:04+00:00\" \/>\n<meta property=\"og:image\" content=\"https:\/\/shop.bazarcia.com\/wp-content\/uploads\/2025\/09\/cogumelo-e-borboleta.png\" \/>\n\t<meta property=\"og:image:width\" content=\"1080\" \/>\n\t<meta property=\"og:image:height\" content=\"1080\" \/>\n\t<meta property=\"og:image:type\" content=\"image\/png\" \/>\n<meta name=\"twitter:card\" content=\"summary_large_image\" \/>\n<script type=\"application\/ld+json\" class=\"yoast-schema-graph\">{\"@context\":\"https:\/\/schema.org\",\"@graph\":[{\"@type\":\"WebPage\",\"@id\":\"https:\/\/shop.bazarcia.com\/produto\/matriz-para-bordado-cogumelo-e-borboletas\/\",\"url\":\"https:\/\/shop.bazarcia.com\/produto\/matriz-para-bordado-cogumelo-e-borboletas\/\",\"name\":\"Matriz para Bordado Cogumelo e Borboletas - \ud835\udc1b\ud835\udc1a\ud835\udc33\ud835\udc1a\ud835\udc2b &amp; \ud835\udc1c\ud835\udc22\ud835\udc1a\",\"isPartOf\":{\"@id\":\"https:\/\/shop.bazarcia.com\/#website\"},\"primaryImageOfPage\":{\"@id\":\"https:\/\/shop.bazarcia.com\/produto\/matriz-para-bordado-cogumelo-e-borboletas\/#primaryimage\"},\"image\":{\"@id\":\"https:\/\/shop.bazarcia.com\/produto\/matriz-para-bordado-cogumelo-e-borboletas\/#primaryimage\"},\"thumbnailUrl\":\"https:\/\/shop.bazarcia.com\/wp-content\/uploads\/2025\/09\/cogumelo-e-borboleta.png\",\"datePublished\":\"2025-09-09T14:19:07+00:00\",\"dateModified\":\"2026-01-24T00:58:04+00:00\",\"breadcrumb\":{\"@id\":\"https:\/\/shop.bazarcia.com\/produto\/matriz-para-bordado-cogumelo-e-borboletas\/#breadcrumb\"},\"inLanguage\":\"en-US\",\"potentialAction\":[{\"@type\":\"ReadAction\",\"target\":[\"https:\/\/shop.bazarcia.com\/produto\/matriz-para-bordado-cogumelo-e-borboletas\/\"]}]},{\"@type\":\"ImageObject\",\"inLanguage\":\"en-US\",\"@id\":\"https:\/\/shop.bazarcia.com\/produto\/matriz-para-bordado-cogumelo-e-borboletas\/#primaryimage\",\"url\":\"https:\/\/shop.bazarcia.com\/wp-content\/uploads\/2025\/09\/cogumelo-e-borboleta.png\",\"contentUrl\":\"https:\/\/shop.bazarcia.com\/wp-content\/uploads\/2025\/09\/cogumelo-e-borboleta.png\",\"width\":1080,\"height\":1080},{\"@type\":\"BreadcrumbList\",\"@id\":\"https:\/\/shop.bazarcia.com\/produto\/matriz-para-bordado-cogumelo-e-borboletas\/#breadcrumb\",\"itemListElement\":[{\"@type\":\"ListItem\",\"position\":1,\"name\":\"In\u00edcio\",\"item\":\"https:\/\/shop.bazarcia.com\/\"},{\"@type\":\"ListItem\",\"position\":2,\"name\":\"Loja\",\"item\":\"https:\/\/shop.bazarcia.com\/loja\/\"},{\"@type\":\"ListItem\",\"position\":3,\"name\":\"Matriz para Bordado Cogumelo e Borboletas\"}]},{\"@type\":\"WebSite\",\"@id\":\"https:\/\/shop.bazarcia.com\/#website\",\"url\":\"https:\/\/shop.bazarcia.com\/\",\"name\":\"Bazar & Cia\",\"description\":\"criatividade ponto a ponto\",\"publisher\":{\"@id\":\"https:\/\/shop.bazarcia.com\/#organization\"},\"potentialAction\":[{\"@type\":\"SearchAction\",\"target\":{\"@type\":\"EntryPoint\",\"urlTemplate\":\"https:\/\/shop.bazarcia.com\/?s={search_term_string}\"},\"query-input\":{\"@type\":\"PropertyValueSpecification\",\"valueRequired\":true,\"valueName\":\"search_term_string\"}}],\"inLanguage\":\"en-US\"},{\"@type\":\"Organization\",\"@id\":\"https:\/\/shop.bazarcia.com\/#organization\",\"name\":\"Bazar & Cia\",\"url\":\"https:\/\/shop.bazarcia.com\/\",\"logo\":{\"@type\":\"ImageObject\",\"inLanguage\":\"en-US\",\"@id\":\"https:\/\/shop.bazarcia.com\/#\/schema\/logo\/image\/\",\"url\":\"https:\/\/shop.bazarcia.com\/wp-content\/uploads\/2024\/02\/cropped-logo_bazarcia.png\",\"contentUrl\":\"https:\/\/shop.bazarcia.com\/wp-content\/uploads\/2024\/02\/cropped-logo_bazarcia.png\",\"width\":150,\"height\":150,\"caption\":\"Bazar & Cia\"},\"image\":{\"@id\":\"https:\/\/shop.bazarcia.com\/#\/schema\/logo\/image\/\"},\"sameAs\":[\"https:\/\/www.facebook.com\/shopbazarcia\",\"https:\/\/www.instagram.com\/shopbazarcia\",\"https:\/\/br.pinterest.com\/suzane_eloise\/\",\"https:\/\/www.youtube.com\/c\/BazardoBordadoMatrizeseProjetos\"]}]}<\/script>\n<!-- \/ Yoast SEO plugin. -->","yoast_head_json":{"title":"Matriz para Bordado Cogumelo e Borboletas - \ud835\udc1b\ud835\udc1a\ud835\udc33\ud835\udc1a\ud835\udc2b &amp; \ud835\udc1c\ud835\udc22\ud835\udc1a","robots":{"index":"index","follow":"follow","max-snippet":"max-snippet:-1","max-image-preview":"max-image-preview:large","max-video-preview":"max-video-preview:-1"},"canonical":"https:\/\/shop.bazarcia.com\/en\/product\/matriz-para-bordado-cogumelo-e-borboletas\/","og_locale":"en_US","og_type":"article","og_title":"Matriz para Bordado Cogumelo e Borboletas - \ud835\udc1b\ud835\udc1a\ud835\udc33\ud835\udc1a\ud835\udc2b &amp; \ud835\udc1c\ud835\udc22\ud835\udc1a","og_description":"Um cogumelo gracioso com borboletas ao redor \u2014 leve, delicado e perfeito para dar movimento e poesia \u00e0s suas pe\u00e7as.  Quer ver mais? Confira a cole\u00e7\u00e3o completa \u2014 clique aqui!  &nbsp;","og_url":"https:\/\/shop.bazarcia.com\/en\/product\/matriz-para-bordado-cogumelo-e-borboletas\/","og_site_name":"\ud835\udc1b\ud835\udc1a\ud835\udc33\ud835\udc1a\ud835\udc2b &amp; \ud835\udc1c\ud835\udc22\ud835\udc1a","article_publisher":"https:\/\/www.facebook.com\/shopbazarcia","article_modified_time":"2026-01-24T00:58:04+00:00","og_image":[{"width":1080,"height":1080,"url":"https:\/\/shop.bazarcia.com\/wp-content\/uploads\/2025\/09\/cogumelo-e-borboleta.png","type":"image\/png"}],"twitter_card":"summary_large_image","schema":{"@context":"https:\/\/schema.org","@graph":[{"@type":"WebPage","@id":"https:\/\/shop.bazarcia.com\/produto\/matriz-para-bordado-cogumelo-e-borboletas\/","url":"https:\/\/shop.bazarcia.com\/produto\/matriz-para-bordado-cogumelo-e-borboletas\/","name":"Matriz para Bordado Cogumelo e Borboletas - \ud835\udc1b\ud835\udc1a\ud835\udc33\ud835\udc1a\ud835\udc2b &amp; \ud835\udc1c\ud835\udc22\ud835\udc1a","isPartOf":{"@id":"https:\/\/shop.bazarcia.com\/#website"},"primaryImageOfPage":{"@id":"https:\/\/shop.bazarcia.com\/produto\/matriz-para-bordado-cogumelo-e-borboletas\/#primaryimage"},"image":{"@id":"https:\/\/shop.bazarcia.com\/produto\/matriz-para-bordado-cogumelo-e-borboletas\/#primaryimage"},"thumbnailUrl":"https:\/\/shop.bazarcia.com\/wp-content\/uploads\/2025\/09\/cogumelo-e-borboleta.png","datePublished":"2025-09-09T14:19:07+00:00","dateModified":"2026-01-24T00:58:04+00:00","breadcrumb":{"@id":"https:\/\/shop.bazarcia.com\/produto\/matriz-para-bordado-cogumelo-e-borboletas\/#breadcrumb"},"inLanguage":"en-US","potentialAction":[{"@type":"ReadAction","target":["https:\/\/shop.bazarcia.com\/produto\/matriz-para-bordado-cogumelo-e-borboletas\/"]}]},{"@type":"ImageObject","inLanguage":"en-US","@id":"https:\/\/shop.bazarcia.com\/produto\/matriz-para-bordado-cogumelo-e-borboletas\/#primaryimage","url":"https:\/\/shop.bazarcia.com\/wp-content\/uploads\/2025\/09\/cogumelo-e-borboleta.png","contentUrl":"https:\/\/shop.bazarcia.com\/wp-content\/uploads\/2025\/09\/cogumelo-e-borboleta.png","width":1080,"height":1080},{"@type":"BreadcrumbList","@id":"https:\/\/shop.bazarcia.com\/produto\/matriz-para-bordado-cogumelo-e-borboletas\/#breadcrumb","itemListElement":[{"@type":"ListItem","position":1,"name":"In\u00edcio","item":"https:\/\/shop.bazarcia.com\/"},{"@type":"ListItem","position":2,"name":"Loja","item":"https:\/\/shop.bazarcia.com\/loja\/"},{"@type":"ListItem","position":3,"name":"Matriz para Bordado Cogumelo e Borboletas"}]},{"@type":"WebSite","@id":"https:\/\/shop.bazarcia.com\/#website","url":"https:\/\/shop.bazarcia.com\/","name":"Bazar & Cia","description":"criatividade ponto a ponto","publisher":{"@id":"https:\/\/shop.bazarcia.com\/#organization"},"potentialAction":[{"@type":"SearchAction","target":{"@type":"EntryPoint","urlTemplate":"https:\/\/shop.bazarcia.com\/?s={search_term_string}"},"query-input":{"@type":"PropertyValueSpecification","valueRequired":true,"valueName":"search_term_string"}}],"inLanguage":"en-US"},{"@type":"Organization","@id":"https:\/\/shop.bazarcia.com\/#organization","name":"Bazar & Cia","url":"https:\/\/shop.bazarcia.com\/","logo":{"@type":"ImageObject","inLanguage":"en-US","@id":"https:\/\/shop.bazarcia.com\/#\/schema\/logo\/image\/","url":"https:\/\/shop.bazarcia.com\/wp-content\/uploads\/2024\/02\/cropped-logo_bazarcia.png","contentUrl":"https:\/\/shop.bazarcia.com\/wp-content\/uploads\/2024\/02\/cropped-logo_bazarcia.png","width":150,"height":150,"caption":"Bazar & Cia"},"image":{"@id":"https:\/\/shop.bazarcia.com\/#\/schema\/logo\/image\/"},"sameAs":["https:\/\/www.facebook.com\/shopbazarcia","https:\/\/www.instagram.com\/shopbazarcia","https:\/\/br.pinterest.com\/suzane_eloise\/","https:\/\/www.youtube.com\/c\/BazardoBordadoMatrizeseProjetos"]}]}},"_links":{"self":[{"href":"https:\/\/shop.bazarcia.com\/en\/wp-json\/wp\/v2\/product\/343210","targetHints":{"allow":["GET"]}}],"collection":[{"href":"https:\/\/shop.bazarcia.com\/en\/wp-json\/wp\/v2\/product"}],"about":[{"href":"https:\/\/shop.bazarcia.com\/en\/wp-json\/wp\/v2\/types\/product"}],"replies":[{"embeddable":true,"href":"https:\/\/shop.bazarcia.com\/en\/wp-json\/wp\/v2\/comments?post=343210"}],"version-history":[{"count":2,"href":"https:\/\/shop.bazarcia.com\/en\/wp-json\/wp\/v2\/product\/343210\/revisions"}],"predecessor-version":[{"id":343213,"href":"https:\/\/shop.bazarcia.com\/en\/wp-json\/wp\/v2\/product\/343210\/revisions\/343213"}],"wp:featuredmedia":[{"embeddable":true,"href":"https:\/\/shop.bazarcia.com\/en\/wp-json\/wp\/v2\/media\/343110"}],"wp:attachment":[{"href":"https:\/\/shop.bazarcia.com\/en\/wp-json\/wp\/v2\/media?parent=343210"}],"wp:term":[{"taxonomy":"product_brand","embeddable":true,"href":"https:\/\/shop.bazarcia.com\/en\/wp-json\/wp\/v2\/product_brand?post=343210"},{"taxonomy":"product_cat","embeddable":true,"href":"https:\/\/shop.bazarcia.com\/en\/wp-json\/wp\/v2\/product_cat?post=343210"},{"taxonomy":"product_tag","embeddable":true,"href":"https:\/\/shop.bazarcia.com\/en\/wp-json\/wp\/v2\/product_tag?post=343210"}],"curies":[{"name":"wp","href":"https:\/\/api.w.org\/{rel}","templated":true}]}}