{"id":343783,"date":"2025-09-12T16:10:34","date_gmt":"2025-09-12T19:10:34","guid":{"rendered":"https:\/\/shop.bazarcia.com\/?post_type=product&#038;p=343783"},"modified":"2025-10-14T15:48:18","modified_gmt":"2025-10-14T18:48:18","slug":"matrizes-de-bordado-colecao-meninas-e-seus-bichinhos","status":"publish","type":"product","link":"https:\/\/shop.bazarcia.com\/en\/product\/matrizes-de-bordado-colecao-meninas-e-seus-bichinhos\/","title":{"rendered":"Matrizes de bordado cole\u00e7\u00e3o meninas e seus bichinhos"},"content":{"rendered":"<p>Este pacote de matrizes de bordado \u00e9 um produto virtual.<\/p>\n<p>Matrizes j\u00e1 testadas para voc\u00ea bordar com tranquilidade.<br \/>\nBrinde: PDF sugest\u00e3o com refer\u00eancia de cores usadas no teste.<\/p>\n<p>Tamanhos:<br \/>\n10 cm, 12 cm, 14 cm, 16 cm, 18 cm e 20 cm<\/p>\n<p>Arquivos nos formatos: PES \u2013 JEF \u2013 EXP \u2013 XXX \u2013 DST \u2013 HUS, os mesmos s\u00e3o disponibilizados em pasta compactada(ZIP), sendo necess\u00e1rio descompactar.<\/p>","protected":false},"excerpt":{"rendered":"<p>\u2728 Cole\u00e7\u00e3o encantadora para enxoval infantil \u2728<br \/>\nMatrizes delicadas com animais de estima\u00e7\u00e3o e cheias de amor, perfeitas para dar um toque de ternura e agregar valor sentimental as suas pe\u00e7as! \ud83d\udc95<\/p>\n<p>Este pacote de matrizes de bordado \u00e9 um produto virtual.<br \/>\nCont\u00e9m 4 matrizes em pontos leves, compat\u00edveis com v\u00e1rios modelos de m\u00e1quinas.<\/p>\n<p>Ideal para bordar em fraldas, toalhinhas e outros tipos de pe\u00e7as.<\/p>","protected":false},"featured_media":343798,"comment_status":"open","ping_status":"closed","template":"","meta":{"_acf_changed":false,"_joinchat":[]},"product_brand":[],"product_cat":[122,1081,1066,326,84],"product_tag":[],"class_list":{"0":"post-343783","1":"product","2":"type-product","3":"status-publish","4":"has-post-thumbnail","6":"product_cat-matrizes-de-bordado-animais","7":"product_cat-cachorrinhos","8":"product_cat-colecoes-matrizes-de-bordado","9":"product_cat-gatinhos","10":"product_cat-matrizes-de-bordado","12":"first","13":"instock","14":"sale","15":"downloadable","16":"virtual","17":"purchasable","18":"product-type-simple"},"acf":[],"yoast_head":"<!-- This site is optimized with the Yoast SEO plugin v27.2 - https:\/\/yoast.com\/product\/yoast-seo-wordpress\/ -->\n<title>Matrizes de bordado cole\u00e7\u00e3o meninas e seus bichinhos - \ud835\udc1b\ud835\udc1a\ud835\udc33\ud835\udc1a\ud835\udc2b &amp; \ud835\udc1c\ud835\udc22\ud835\udc1a<\/title>\n<meta name=\"robots\" content=\"index, follow, max-snippet:-1, max-image-preview:large, max-video-preview:-1\" \/>\n<link rel=\"canonical\" href=\"https:\/\/shop.bazarcia.com\/en\/product\/matrizes-de-bordado-colecao-meninas-e-seus-bichinhos\/\" \/>\n<meta property=\"og:locale\" content=\"en_US\" \/>\n<meta property=\"og:type\" content=\"article\" \/>\n<meta property=\"og:title\" content=\"Matrizes de bordado cole\u00e7\u00e3o meninas e seus bichinhos - \ud835\udc1b\ud835\udc1a\ud835\udc33\ud835\udc1a\ud835\udc2b &amp; \ud835\udc1c\ud835\udc22\ud835\udc1a\" \/>\n<meta property=\"og:description\" content=\"\u2728 Cole\u00e7\u00e3o encantadora para enxoval infantil \u2728 Matrizes delicadas com animais de estima\u00e7\u00e3o e cheias de amor, perfeitas para dar um toque de ternura e agregar valor sentimental as suas pe\u00e7as! \ud83d\udc95  Este pacote de matrizes de bordado \u00e9 um produto virtual. Cont\u00e9m 4 matrizes em pontos leves, compat\u00edveis com v\u00e1rios modelos de m\u00e1quinas.  Ideal para bordar em fraldas, toalhinhas e outros tipos de pe\u00e7as.\" \/>\n<meta property=\"og:url\" content=\"https:\/\/shop.bazarcia.com\/en\/product\/matrizes-de-bordado-colecao-meninas-e-seus-bichinhos\/\" \/>\n<meta property=\"og:site_name\" content=\"\ud835\udc1b\ud835\udc1a\ud835\udc33\ud835\udc1a\ud835\udc2b &amp; \ud835\udc1c\ud835\udc22\ud835\udc1a\" \/>\n<meta property=\"article:publisher\" content=\"https:\/\/www.facebook.com\/shopbazarcia\" \/>\n<meta property=\"article:modified_time\" content=\"2025-10-14T18:48:18+00:00\" \/>\n<meta property=\"og:image\" content=\"https:\/\/shop.bazarcia.com\/wp-content\/uploads\/2025\/09\/capa-2.jpeg\" \/>\n\t<meta property=\"og:image:width\" content=\"1080\" \/>\n\t<meta property=\"og:image:height\" content=\"1080\" \/>\n\t<meta property=\"og:image:type\" content=\"image\/jpeg\" \/>\n<meta name=\"twitter:card\" content=\"summary_large_image\" \/>\n<script type=\"application\/ld+json\" class=\"yoast-schema-graph\">{\"@context\":\"https:\/\/schema.org\",\"@graph\":[{\"@type\":\"WebPage\",\"@id\":\"https:\/\/shop.bazarcia.com\/produto\/matrizes-de-bordado-colecao-meninas-e-seus-bichinhos\/\",\"url\":\"https:\/\/shop.bazarcia.com\/produto\/matrizes-de-bordado-colecao-meninas-e-seus-bichinhos\/\",\"name\":\"Matrizes de bordado cole\u00e7\u00e3o meninas e seus bichinhos - \ud835\udc1b\ud835\udc1a\ud835\udc33\ud835\udc1a\ud835\udc2b &amp; \ud835\udc1c\ud835\udc22\ud835\udc1a\",\"isPartOf\":{\"@id\":\"https:\/\/shop.bazarcia.com\/#website\"},\"primaryImageOfPage\":{\"@id\":\"https:\/\/shop.bazarcia.com\/produto\/matrizes-de-bordado-colecao-meninas-e-seus-bichinhos\/#primaryimage\"},\"image\":{\"@id\":\"https:\/\/shop.bazarcia.com\/produto\/matrizes-de-bordado-colecao-meninas-e-seus-bichinhos\/#primaryimage\"},\"thumbnailUrl\":\"https:\/\/shop.bazarcia.com\/wp-content\/uploads\/2025\/09\/capa-2.jpeg\",\"datePublished\":\"2025-09-12T19:10:34+00:00\",\"dateModified\":\"2025-10-14T18:48:18+00:00\",\"breadcrumb\":{\"@id\":\"https:\/\/shop.bazarcia.com\/produto\/matrizes-de-bordado-colecao-meninas-e-seus-bichinhos\/#breadcrumb\"},\"inLanguage\":\"en-US\",\"potentialAction\":[{\"@type\":\"ReadAction\",\"target\":[\"https:\/\/shop.bazarcia.com\/produto\/matrizes-de-bordado-colecao-meninas-e-seus-bichinhos\/\"]}]},{\"@type\":\"ImageObject\",\"inLanguage\":\"en-US\",\"@id\":\"https:\/\/shop.bazarcia.com\/produto\/matrizes-de-bordado-colecao-meninas-e-seus-bichinhos\/#primaryimage\",\"url\":\"https:\/\/shop.bazarcia.com\/wp-content\/uploads\/2025\/09\/capa-2.jpeg\",\"contentUrl\":\"https:\/\/shop.bazarcia.com\/wp-content\/uploads\/2025\/09\/capa-2.jpeg\",\"width\":1080,\"height\":1080},{\"@type\":\"BreadcrumbList\",\"@id\":\"https:\/\/shop.bazarcia.com\/produto\/matrizes-de-bordado-colecao-meninas-e-seus-bichinhos\/#breadcrumb\",\"itemListElement\":[{\"@type\":\"ListItem\",\"position\":1,\"name\":\"In\u00edcio\",\"item\":\"https:\/\/shop.bazarcia.com\/\"},{\"@type\":\"ListItem\",\"position\":2,\"name\":\"Loja\",\"item\":\"https:\/\/shop.bazarcia.com\/loja\/\"},{\"@type\":\"ListItem\",\"position\":3,\"name\":\"Matrizes de bordado cole\u00e7\u00e3o meninas e seus bichinhos\"}]},{\"@type\":\"WebSite\",\"@id\":\"https:\/\/shop.bazarcia.com\/#website\",\"url\":\"https:\/\/shop.bazarcia.com\/\",\"name\":\"Bazar & Cia\",\"description\":\"criatividade ponto a ponto\",\"publisher\":{\"@id\":\"https:\/\/shop.bazarcia.com\/#organization\"},\"potentialAction\":[{\"@type\":\"SearchAction\",\"target\":{\"@type\":\"EntryPoint\",\"urlTemplate\":\"https:\/\/shop.bazarcia.com\/?s={search_term_string}\"},\"query-input\":{\"@type\":\"PropertyValueSpecification\",\"valueRequired\":true,\"valueName\":\"search_term_string\"}}],\"inLanguage\":\"en-US\"},{\"@type\":\"Organization\",\"@id\":\"https:\/\/shop.bazarcia.com\/#organization\",\"name\":\"Bazar & Cia\",\"url\":\"https:\/\/shop.bazarcia.com\/\",\"logo\":{\"@type\":\"ImageObject\",\"inLanguage\":\"en-US\",\"@id\":\"https:\/\/shop.bazarcia.com\/#\/schema\/logo\/image\/\",\"url\":\"https:\/\/shop.bazarcia.com\/wp-content\/uploads\/2024\/02\/cropped-logo_bazarcia.png\",\"contentUrl\":\"https:\/\/shop.bazarcia.com\/wp-content\/uploads\/2024\/02\/cropped-logo_bazarcia.png\",\"width\":150,\"height\":150,\"caption\":\"Bazar & Cia\"},\"image\":{\"@id\":\"https:\/\/shop.bazarcia.com\/#\/schema\/logo\/image\/\"},\"sameAs\":[\"https:\/\/www.facebook.com\/shopbazarcia\",\"https:\/\/www.instagram.com\/shopbazarcia\",\"https:\/\/br.pinterest.com\/suzane_eloise\/\",\"https:\/\/www.youtube.com\/c\/BazardoBordadoMatrizeseProjetos\"]}]}<\/script>\n<!-- \/ Yoast SEO plugin. -->","yoast_head_json":{"title":"Matrizes de bordado cole\u00e7\u00e3o meninas e seus bichinhos - \ud835\udc1b\ud835\udc1a\ud835\udc33\ud835\udc1a\ud835\udc2b &amp; \ud835\udc1c\ud835\udc22\ud835\udc1a","robots":{"index":"index","follow":"follow","max-snippet":"max-snippet:-1","max-image-preview":"max-image-preview:large","max-video-preview":"max-video-preview:-1"},"canonical":"https:\/\/shop.bazarcia.com\/en\/product\/matrizes-de-bordado-colecao-meninas-e-seus-bichinhos\/","og_locale":"en_US","og_type":"article","og_title":"Matrizes de bordado cole\u00e7\u00e3o meninas e seus bichinhos - \ud835\udc1b\ud835\udc1a\ud835\udc33\ud835\udc1a\ud835\udc2b &amp; \ud835\udc1c\ud835\udc22\ud835\udc1a","og_description":"\u2728 Cole\u00e7\u00e3o encantadora para enxoval infantil \u2728 Matrizes delicadas com animais de estima\u00e7\u00e3o e cheias de amor, perfeitas para dar um toque de ternura e agregar valor sentimental as suas pe\u00e7as! \ud83d\udc95  Este pacote de matrizes de bordado \u00e9 um produto virtual. Cont\u00e9m 4 matrizes em pontos leves, compat\u00edveis com v\u00e1rios modelos de m\u00e1quinas.  Ideal para bordar em fraldas, toalhinhas e outros tipos de pe\u00e7as.","og_url":"https:\/\/shop.bazarcia.com\/en\/product\/matrizes-de-bordado-colecao-meninas-e-seus-bichinhos\/","og_site_name":"\ud835\udc1b\ud835\udc1a\ud835\udc33\ud835\udc1a\ud835\udc2b &amp; \ud835\udc1c\ud835\udc22\ud835\udc1a","article_publisher":"https:\/\/www.facebook.com\/shopbazarcia","article_modified_time":"2025-10-14T18:48:18+00:00","og_image":[{"width":1080,"height":1080,"url":"https:\/\/shop.bazarcia.com\/wp-content\/uploads\/2025\/09\/capa-2.jpeg","type":"image\/jpeg"}],"twitter_card":"summary_large_image","schema":{"@context":"https:\/\/schema.org","@graph":[{"@type":"WebPage","@id":"https:\/\/shop.bazarcia.com\/produto\/matrizes-de-bordado-colecao-meninas-e-seus-bichinhos\/","url":"https:\/\/shop.bazarcia.com\/produto\/matrizes-de-bordado-colecao-meninas-e-seus-bichinhos\/","name":"Matrizes de bordado cole\u00e7\u00e3o meninas e seus bichinhos - \ud835\udc1b\ud835\udc1a\ud835\udc33\ud835\udc1a\ud835\udc2b &amp; \ud835\udc1c\ud835\udc22\ud835\udc1a","isPartOf":{"@id":"https:\/\/shop.bazarcia.com\/#website"},"primaryImageOfPage":{"@id":"https:\/\/shop.bazarcia.com\/produto\/matrizes-de-bordado-colecao-meninas-e-seus-bichinhos\/#primaryimage"},"image":{"@id":"https:\/\/shop.bazarcia.com\/produto\/matrizes-de-bordado-colecao-meninas-e-seus-bichinhos\/#primaryimage"},"thumbnailUrl":"https:\/\/shop.bazarcia.com\/wp-content\/uploads\/2025\/09\/capa-2.jpeg","datePublished":"2025-09-12T19:10:34+00:00","dateModified":"2025-10-14T18:48:18+00:00","breadcrumb":{"@id":"https:\/\/shop.bazarcia.com\/produto\/matrizes-de-bordado-colecao-meninas-e-seus-bichinhos\/#breadcrumb"},"inLanguage":"en-US","potentialAction":[{"@type":"ReadAction","target":["https:\/\/shop.bazarcia.com\/produto\/matrizes-de-bordado-colecao-meninas-e-seus-bichinhos\/"]}]},{"@type":"ImageObject","inLanguage":"en-US","@id":"https:\/\/shop.bazarcia.com\/produto\/matrizes-de-bordado-colecao-meninas-e-seus-bichinhos\/#primaryimage","url":"https:\/\/shop.bazarcia.com\/wp-content\/uploads\/2025\/09\/capa-2.jpeg","contentUrl":"https:\/\/shop.bazarcia.com\/wp-content\/uploads\/2025\/09\/capa-2.jpeg","width":1080,"height":1080},{"@type":"BreadcrumbList","@id":"https:\/\/shop.bazarcia.com\/produto\/matrizes-de-bordado-colecao-meninas-e-seus-bichinhos\/#breadcrumb","itemListElement":[{"@type":"ListItem","position":1,"name":"In\u00edcio","item":"https:\/\/shop.bazarcia.com\/"},{"@type":"ListItem","position":2,"name":"Loja","item":"https:\/\/shop.bazarcia.com\/loja\/"},{"@type":"ListItem","position":3,"name":"Matrizes de bordado cole\u00e7\u00e3o meninas e seus bichinhos"}]},{"@type":"WebSite","@id":"https:\/\/shop.bazarcia.com\/#website","url":"https:\/\/shop.bazarcia.com\/","name":"Bazar & Cia","description":"criatividade ponto a ponto","publisher":{"@id":"https:\/\/shop.bazarcia.com\/#organization"},"potentialAction":[{"@type":"SearchAction","target":{"@type":"EntryPoint","urlTemplate":"https:\/\/shop.bazarcia.com\/?s={search_term_string}"},"query-input":{"@type":"PropertyValueSpecification","valueRequired":true,"valueName":"search_term_string"}}],"inLanguage":"en-US"},{"@type":"Organization","@id":"https:\/\/shop.bazarcia.com\/#organization","name":"Bazar & Cia","url":"https:\/\/shop.bazarcia.com\/","logo":{"@type":"ImageObject","inLanguage":"en-US","@id":"https:\/\/shop.bazarcia.com\/#\/schema\/logo\/image\/","url":"https:\/\/shop.bazarcia.com\/wp-content\/uploads\/2024\/02\/cropped-logo_bazarcia.png","contentUrl":"https:\/\/shop.bazarcia.com\/wp-content\/uploads\/2024\/02\/cropped-logo_bazarcia.png","width":150,"height":150,"caption":"Bazar & Cia"},"image":{"@id":"https:\/\/shop.bazarcia.com\/#\/schema\/logo\/image\/"},"sameAs":["https:\/\/www.facebook.com\/shopbazarcia","https:\/\/www.instagram.com\/shopbazarcia","https:\/\/br.pinterest.com\/suzane_eloise\/","https:\/\/www.youtube.com\/c\/BazardoBordadoMatrizeseProjetos"]}]}},"_links":{"self":[{"href":"https:\/\/shop.bazarcia.com\/en\/wp-json\/wp\/v2\/product\/343783","targetHints":{"allow":["GET"]}}],"collection":[{"href":"https:\/\/shop.bazarcia.com\/en\/wp-json\/wp\/v2\/product"}],"about":[{"href":"https:\/\/shop.bazarcia.com\/en\/wp-json\/wp\/v2\/types\/product"}],"replies":[{"embeddable":true,"href":"https:\/\/shop.bazarcia.com\/en\/wp-json\/wp\/v2\/comments?post=343783"}],"version-history":[{"count":5,"href":"https:\/\/shop.bazarcia.com\/en\/wp-json\/wp\/v2\/product\/343783\/revisions"}],"predecessor-version":[{"id":345530,"href":"https:\/\/shop.bazarcia.com\/en\/wp-json\/wp\/v2\/product\/343783\/revisions\/345530"}],"wp:featuredmedia":[{"embeddable":true,"href":"https:\/\/shop.bazarcia.com\/en\/wp-json\/wp\/v2\/media\/343798"}],"wp:attachment":[{"href":"https:\/\/shop.bazarcia.com\/en\/wp-json\/wp\/v2\/media?parent=343783"}],"wp:term":[{"taxonomy":"product_brand","embeddable":true,"href":"https:\/\/shop.bazarcia.com\/en\/wp-json\/wp\/v2\/product_brand?post=343783"},{"taxonomy":"product_cat","embeddable":true,"href":"https:\/\/shop.bazarcia.com\/en\/wp-json\/wp\/v2\/product_cat?post=343783"},{"taxonomy":"product_tag","embeddable":true,"href":"https:\/\/shop.bazarcia.com\/en\/wp-json\/wp\/v2\/product_tag?post=343783"}],"curies":[{"name":"wp","href":"https:\/\/api.w.org\/{rel}","templated":true}]}}