{"id":343882,"date":"2025-09-13T17:08:23","date_gmt":"2025-09-13T20:08:23","guid":{"rendered":"https:\/\/shop.bazarcia.com\/?post_type=product&#038;p=343882"},"modified":"2025-09-13T17:18:41","modified_gmt":"2025-09-13T20:18:41","slug":"matrizes-de-bordado-animais-fofos-versao-boho","status":"publish","type":"product","link":"https:\/\/shop.bazarcia.com\/en\/product\/matrizes-de-bordado-animais-fofos-versao-boho\/","title":{"rendered":"Matrizes de Bordado &#8211; Animais Fofos + Vers\u00e3o Boho"},"content":{"rendered":"<p>Matrizes de bordado &#8211; Cole\u00e7\u00e3o Animais + Vers\u00e3o Boho<\/p>\n<p>10 e 12 cm<\/p>\n<p>Este \u00e9 um arquivo digital de matriz para bordado computadorizado, necess\u00e1rio m\u00e1quina de bordar para a utiliza\u00e7\u00e3o do produto.<\/p>\n<p>Nossos arquivos para bordados s\u00e3o compat\u00edveis com as m\u00e1quinas de bordado eletr\u00f4nicas dos fabricantes:<br \/>\nBrother &#8211; Janome &#8211; Singer &#8211; Barudan &#8211; SWF<\/p>\n<p>Palavras Chave: Dia dos Professores, Teacher, Volta as Aulas, Escolar, Materiais Escolares<\/p>\n<ul data-start=\"780\" data-end=\"1041\">\n<li data-start=\"780\" data-end=\"902\">\n<p data-start=\"782\" data-end=\"902\">Matrizes de Bordado disponibilizadas em\u00a0<strong data-start=\"822\" data-end=\"835\">Pasta ZIP<\/strong>, nos seguintes formatos: PES \u2013 JEF \u2013 EXP \u2013 DST \u2013 HUS \u2013 VP3<\/p>\n<\/li>\n<li data-start=\"780\" data-end=\"902\">\ud83e\uddf5\u00a0<strong data-start=\"79\" data-end=\"106\">Formato DST dispon\u00edvel!<\/strong><br data-start=\"106\" data-end=\"109\" \/>Essa cole\u00e7\u00e3o tamb\u00e9m est\u00e1 dispon\u00edvel no formato\u00a0<strong data-start=\"156\" data-end=\"163\">DST<\/strong>, considerado um\u00a0<strong data-start=\"180\" data-end=\"203\">\u201cformato universal\u201d<\/strong>\u00a0por ser aceito pelas principais marcas e modelos de m\u00e1quinas de bordado, tanto\u00a0<strong data-start=\"283\" data-end=\"316\">dom\u00e9sticas quanto industriais<\/strong>.<br data-start=\"317\" data-end=\"320\" \/>Entre as compat\u00edveis est\u00e3o\u00a0<strong data-start=\"347\" data-end=\"412\">Tajima, Barudan, Brother, Janome (modelos compat\u00edveis), Melco<\/strong>, entre outras.O arquivo DST cont\u00e9m todas as instru\u00e7\u00f5es de pontos necess\u00e1rias para que sua m\u00e1quina execute o bordado com precis\u00e3o.<\/li>\n<\/ul>","protected":false},"excerpt":{"rendered":"<p>Matrizes de bordado &#8211; Cole\u00e7\u00e3o Animais + Vers\u00e3o Boho<\/p>\n<p>10 e 12 cm<\/p>\n<p>Este \u00e9 um arquivo digital de matriz para bordado computadorizado, necess\u00e1rio m\u00e1quina de bordar para a utiliza\u00e7\u00e3o do produto.<\/p>\n<p>Nossos arquivos para bordados s\u00e3o compat\u00edveis com as m\u00e1quinas de bordado eletr\u00f4nicas dos fabricantes:<br \/>\nBrother &#8211; Janome &#8211; Singer &#8211; Barudan &#8211; SWF<\/p>\n<p>&nbsp;<\/p>","protected":false},"featured_media":343885,"comment_status":"open","ping_status":"closed","template":"","meta":{"_acf_changed":false,"_joinchat":[]},"product_brand":[],"product_cat":[84,122,234,1646],"product_tag":[],"class_list":{"0":"post-343882","1":"product","2":"type-product","3":"status-publish","4":"has-post-thumbnail","6":"product_cat-matrizes-de-bordado","7":"product_cat-matrizes-de-bordado-animais","8":"product_cat-safari","9":"product_cat-estilo-boho","11":"first","12":"instock","13":"downloadable","14":"virtual","15":"purchasable","16":"product-type-simple"},"acf":[],"yoast_head":"<!-- This site is optimized with the Yoast SEO plugin v27.2 - https:\/\/yoast.com\/product\/yoast-seo-wordpress\/ -->\n<title>Matrizes de Bordado - Animais Fofos + Vers\u00e3o Boho - \ud835\udc1b\ud835\udc1a\ud835\udc33\ud835\udc1a\ud835\udc2b &amp; \ud835\udc1c\ud835\udc22\ud835\udc1a<\/title>\n<meta name=\"robots\" content=\"index, follow, max-snippet:-1, max-image-preview:large, max-video-preview:-1\" \/>\n<link rel=\"canonical\" href=\"https:\/\/shop.bazarcia.com\/en\/product\/matrizes-de-bordado-animais-fofos-versao-boho\/\" \/>\n<meta property=\"og:locale\" content=\"en_US\" \/>\n<meta property=\"og:type\" content=\"article\" \/>\n<meta property=\"og:title\" content=\"Matrizes de Bordado - Animais Fofos + Vers\u00e3o Boho - \ud835\udc1b\ud835\udc1a\ud835\udc33\ud835\udc1a\ud835\udc2b &amp; \ud835\udc1c\ud835\udc22\ud835\udc1a\" \/>\n<meta property=\"og:description\" content=\"Matrizes de bordado - Cole\u00e7\u00e3o Animais + Vers\u00e3o Boho  10 e 12 cm  Este \u00e9 um arquivo digital de matriz para bordado computadorizado, necess\u00e1rio m\u00e1quina de bordar para a utiliza\u00e7\u00e3o do produto.  Nossos arquivos para bordados s\u00e3o compat\u00edveis com as m\u00e1quinas de bordado eletr\u00f4nicas dos fabricantes: Brother - Janome - Singer - Barudan - SWF   &nbsp;\" \/>\n<meta property=\"og:url\" content=\"https:\/\/shop.bazarcia.com\/en\/product\/matrizes-de-bordado-animais-fofos-versao-boho\/\" \/>\n<meta property=\"og:site_name\" content=\"\ud835\udc1b\ud835\udc1a\ud835\udc33\ud835\udc1a\ud835\udc2b &amp; \ud835\udc1c\ud835\udc22\ud835\udc1a\" \/>\n<meta property=\"article:publisher\" content=\"https:\/\/www.facebook.com\/shopbazarcia\" \/>\n<meta property=\"article:modified_time\" content=\"2025-09-13T20:18:41+00:00\" \/>\n<meta property=\"og:image\" content=\"https:\/\/shop.bazarcia.com\/wp-content\/uploads\/2025\/09\/Animais-Fofos-600x0-1.png\" \/>\n\t<meta property=\"og:image:width\" content=\"600\" \/>\n\t<meta property=\"og:image:height\" content=\"600\" \/>\n\t<meta property=\"og:image:type\" content=\"image\/png\" \/>\n<meta name=\"twitter:card\" content=\"summary_large_image\" \/>\n<meta name=\"twitter:label1\" content=\"Est. reading time\" \/>\n\t<meta name=\"twitter:data1\" content=\"1 minute\" \/>\n<script type=\"application\/ld+json\" class=\"yoast-schema-graph\">{\"@context\":\"https:\/\/schema.org\",\"@graph\":[{\"@type\":\"WebPage\",\"@id\":\"https:\/\/shop.bazarcia.com\/produto\/matrizes-de-bordado-animais-fofos-versao-boho\/\",\"url\":\"https:\/\/shop.bazarcia.com\/produto\/matrizes-de-bordado-animais-fofos-versao-boho\/\",\"name\":\"Matrizes de Bordado - Animais Fofos + Vers\u00e3o Boho - \ud835\udc1b\ud835\udc1a\ud835\udc33\ud835\udc1a\ud835\udc2b &amp; \ud835\udc1c\ud835\udc22\ud835\udc1a\",\"isPartOf\":{\"@id\":\"https:\/\/shop.bazarcia.com\/#website\"},\"primaryImageOfPage\":{\"@id\":\"https:\/\/shop.bazarcia.com\/produto\/matrizes-de-bordado-animais-fofos-versao-boho\/#primaryimage\"},\"image\":{\"@id\":\"https:\/\/shop.bazarcia.com\/produto\/matrizes-de-bordado-animais-fofos-versao-boho\/#primaryimage\"},\"thumbnailUrl\":\"https:\/\/shop.bazarcia.com\/wp-content\/uploads\/2025\/09\/Animais-Fofos-600x0-1.png\",\"datePublished\":\"2025-09-13T20:08:23+00:00\",\"dateModified\":\"2025-09-13T20:18:41+00:00\",\"breadcrumb\":{\"@id\":\"https:\/\/shop.bazarcia.com\/produto\/matrizes-de-bordado-animais-fofos-versao-boho\/#breadcrumb\"},\"inLanguage\":\"en-US\",\"potentialAction\":[{\"@type\":\"ReadAction\",\"target\":[\"https:\/\/shop.bazarcia.com\/produto\/matrizes-de-bordado-animais-fofos-versao-boho\/\"]}]},{\"@type\":\"ImageObject\",\"inLanguage\":\"en-US\",\"@id\":\"https:\/\/shop.bazarcia.com\/produto\/matrizes-de-bordado-animais-fofos-versao-boho\/#primaryimage\",\"url\":\"https:\/\/shop.bazarcia.com\/wp-content\/uploads\/2025\/09\/Animais-Fofos-600x0-1.png\",\"contentUrl\":\"https:\/\/shop.bazarcia.com\/wp-content\/uploads\/2025\/09\/Animais-Fofos-600x0-1.png\",\"width\":600,\"height\":600},{\"@type\":\"BreadcrumbList\",\"@id\":\"https:\/\/shop.bazarcia.com\/produto\/matrizes-de-bordado-animais-fofos-versao-boho\/#breadcrumb\",\"itemListElement\":[{\"@type\":\"ListItem\",\"position\":1,\"name\":\"In\u00edcio\",\"item\":\"https:\/\/shop.bazarcia.com\/\"},{\"@type\":\"ListItem\",\"position\":2,\"name\":\"Loja\",\"item\":\"https:\/\/shop.bazarcia.com\/loja\/\"},{\"@type\":\"ListItem\",\"position\":3,\"name\":\"Matrizes de Bordado &#8211; Animais Fofos + Vers\u00e3o Boho\"}]},{\"@type\":\"WebSite\",\"@id\":\"https:\/\/shop.bazarcia.com\/#website\",\"url\":\"https:\/\/shop.bazarcia.com\/\",\"name\":\"Bazar & Cia\",\"description\":\"criatividade ponto a ponto\",\"publisher\":{\"@id\":\"https:\/\/shop.bazarcia.com\/#organization\"},\"potentialAction\":[{\"@type\":\"SearchAction\",\"target\":{\"@type\":\"EntryPoint\",\"urlTemplate\":\"https:\/\/shop.bazarcia.com\/?s={search_term_string}\"},\"query-input\":{\"@type\":\"PropertyValueSpecification\",\"valueRequired\":true,\"valueName\":\"search_term_string\"}}],\"inLanguage\":\"en-US\"},{\"@type\":\"Organization\",\"@id\":\"https:\/\/shop.bazarcia.com\/#organization\",\"name\":\"Bazar & Cia\",\"url\":\"https:\/\/shop.bazarcia.com\/\",\"logo\":{\"@type\":\"ImageObject\",\"inLanguage\":\"en-US\",\"@id\":\"https:\/\/shop.bazarcia.com\/#\/schema\/logo\/image\/\",\"url\":\"https:\/\/shop.bazarcia.com\/wp-content\/uploads\/2024\/02\/cropped-logo_bazarcia.png\",\"contentUrl\":\"https:\/\/shop.bazarcia.com\/wp-content\/uploads\/2024\/02\/cropped-logo_bazarcia.png\",\"width\":150,\"height\":150,\"caption\":\"Bazar & Cia\"},\"image\":{\"@id\":\"https:\/\/shop.bazarcia.com\/#\/schema\/logo\/image\/\"},\"sameAs\":[\"https:\/\/www.facebook.com\/shopbazarcia\",\"https:\/\/www.instagram.com\/shopbazarcia\",\"https:\/\/br.pinterest.com\/suzane_eloise\/\",\"https:\/\/www.youtube.com\/c\/BazardoBordadoMatrizeseProjetos\"]}]}<\/script>\n<!-- \/ Yoast SEO plugin. -->","yoast_head_json":{"title":"Matrizes de Bordado - Animais Fofos + Vers\u00e3o Boho - \ud835\udc1b\ud835\udc1a\ud835\udc33\ud835\udc1a\ud835\udc2b &amp; \ud835\udc1c\ud835\udc22\ud835\udc1a","robots":{"index":"index","follow":"follow","max-snippet":"max-snippet:-1","max-image-preview":"max-image-preview:large","max-video-preview":"max-video-preview:-1"},"canonical":"https:\/\/shop.bazarcia.com\/en\/product\/matrizes-de-bordado-animais-fofos-versao-boho\/","og_locale":"en_US","og_type":"article","og_title":"Matrizes de Bordado - Animais Fofos + Vers\u00e3o Boho - \ud835\udc1b\ud835\udc1a\ud835\udc33\ud835\udc1a\ud835\udc2b &amp; \ud835\udc1c\ud835\udc22\ud835\udc1a","og_description":"Matrizes de bordado - Cole\u00e7\u00e3o Animais + Vers\u00e3o Boho  10 e 12 cm  Este \u00e9 um arquivo digital de matriz para bordado computadorizado, necess\u00e1rio m\u00e1quina de bordar para a utiliza\u00e7\u00e3o do produto.  Nossos arquivos para bordados s\u00e3o compat\u00edveis com as m\u00e1quinas de bordado eletr\u00f4nicas dos fabricantes: Brother - Janome - Singer - Barudan - SWF   &nbsp;","og_url":"https:\/\/shop.bazarcia.com\/en\/product\/matrizes-de-bordado-animais-fofos-versao-boho\/","og_site_name":"\ud835\udc1b\ud835\udc1a\ud835\udc33\ud835\udc1a\ud835\udc2b &amp; \ud835\udc1c\ud835\udc22\ud835\udc1a","article_publisher":"https:\/\/www.facebook.com\/shopbazarcia","article_modified_time":"2025-09-13T20:18:41+00:00","og_image":[{"width":600,"height":600,"url":"https:\/\/shop.bazarcia.com\/wp-content\/uploads\/2025\/09\/Animais-Fofos-600x0-1.png","type":"image\/png"}],"twitter_card":"summary_large_image","twitter_misc":{"Est. reading time":"1 minute"},"schema":{"@context":"https:\/\/schema.org","@graph":[{"@type":"WebPage","@id":"https:\/\/shop.bazarcia.com\/produto\/matrizes-de-bordado-animais-fofos-versao-boho\/","url":"https:\/\/shop.bazarcia.com\/produto\/matrizes-de-bordado-animais-fofos-versao-boho\/","name":"Matrizes de Bordado - Animais Fofos + Vers\u00e3o Boho - \ud835\udc1b\ud835\udc1a\ud835\udc33\ud835\udc1a\ud835\udc2b &amp; \ud835\udc1c\ud835\udc22\ud835\udc1a","isPartOf":{"@id":"https:\/\/shop.bazarcia.com\/#website"},"primaryImageOfPage":{"@id":"https:\/\/shop.bazarcia.com\/produto\/matrizes-de-bordado-animais-fofos-versao-boho\/#primaryimage"},"image":{"@id":"https:\/\/shop.bazarcia.com\/produto\/matrizes-de-bordado-animais-fofos-versao-boho\/#primaryimage"},"thumbnailUrl":"https:\/\/shop.bazarcia.com\/wp-content\/uploads\/2025\/09\/Animais-Fofos-600x0-1.png","datePublished":"2025-09-13T20:08:23+00:00","dateModified":"2025-09-13T20:18:41+00:00","breadcrumb":{"@id":"https:\/\/shop.bazarcia.com\/produto\/matrizes-de-bordado-animais-fofos-versao-boho\/#breadcrumb"},"inLanguage":"en-US","potentialAction":[{"@type":"ReadAction","target":["https:\/\/shop.bazarcia.com\/produto\/matrizes-de-bordado-animais-fofos-versao-boho\/"]}]},{"@type":"ImageObject","inLanguage":"en-US","@id":"https:\/\/shop.bazarcia.com\/produto\/matrizes-de-bordado-animais-fofos-versao-boho\/#primaryimage","url":"https:\/\/shop.bazarcia.com\/wp-content\/uploads\/2025\/09\/Animais-Fofos-600x0-1.png","contentUrl":"https:\/\/shop.bazarcia.com\/wp-content\/uploads\/2025\/09\/Animais-Fofos-600x0-1.png","width":600,"height":600},{"@type":"BreadcrumbList","@id":"https:\/\/shop.bazarcia.com\/produto\/matrizes-de-bordado-animais-fofos-versao-boho\/#breadcrumb","itemListElement":[{"@type":"ListItem","position":1,"name":"In\u00edcio","item":"https:\/\/shop.bazarcia.com\/"},{"@type":"ListItem","position":2,"name":"Loja","item":"https:\/\/shop.bazarcia.com\/loja\/"},{"@type":"ListItem","position":3,"name":"Matrizes de Bordado &#8211; Animais Fofos + Vers\u00e3o Boho"}]},{"@type":"WebSite","@id":"https:\/\/shop.bazarcia.com\/#website","url":"https:\/\/shop.bazarcia.com\/","name":"Bazar & Cia","description":"criatividade ponto a ponto","publisher":{"@id":"https:\/\/shop.bazarcia.com\/#organization"},"potentialAction":[{"@type":"SearchAction","target":{"@type":"EntryPoint","urlTemplate":"https:\/\/shop.bazarcia.com\/?s={search_term_string}"},"query-input":{"@type":"PropertyValueSpecification","valueRequired":true,"valueName":"search_term_string"}}],"inLanguage":"en-US"},{"@type":"Organization","@id":"https:\/\/shop.bazarcia.com\/#organization","name":"Bazar & Cia","url":"https:\/\/shop.bazarcia.com\/","logo":{"@type":"ImageObject","inLanguage":"en-US","@id":"https:\/\/shop.bazarcia.com\/#\/schema\/logo\/image\/","url":"https:\/\/shop.bazarcia.com\/wp-content\/uploads\/2024\/02\/cropped-logo_bazarcia.png","contentUrl":"https:\/\/shop.bazarcia.com\/wp-content\/uploads\/2024\/02\/cropped-logo_bazarcia.png","width":150,"height":150,"caption":"Bazar & Cia"},"image":{"@id":"https:\/\/shop.bazarcia.com\/#\/schema\/logo\/image\/"},"sameAs":["https:\/\/www.facebook.com\/shopbazarcia","https:\/\/www.instagram.com\/shopbazarcia","https:\/\/br.pinterest.com\/suzane_eloise\/","https:\/\/www.youtube.com\/c\/BazardoBordadoMatrizeseProjetos"]}]}},"_links":{"self":[{"href":"https:\/\/shop.bazarcia.com\/en\/wp-json\/wp\/v2\/product\/343882","targetHints":{"allow":["GET"]}}],"collection":[{"href":"https:\/\/shop.bazarcia.com\/en\/wp-json\/wp\/v2\/product"}],"about":[{"href":"https:\/\/shop.bazarcia.com\/en\/wp-json\/wp\/v2\/types\/product"}],"replies":[{"embeddable":true,"href":"https:\/\/shop.bazarcia.com\/en\/wp-json\/wp\/v2\/comments?post=343882"}],"version-history":[{"count":1,"href":"https:\/\/shop.bazarcia.com\/en\/wp-json\/wp\/v2\/product\/343882\/revisions"}],"predecessor-version":[{"id":343887,"href":"https:\/\/shop.bazarcia.com\/en\/wp-json\/wp\/v2\/product\/343882\/revisions\/343887"}],"wp:featuredmedia":[{"embeddable":true,"href":"https:\/\/shop.bazarcia.com\/en\/wp-json\/wp\/v2\/media\/343885"}],"wp:attachment":[{"href":"https:\/\/shop.bazarcia.com\/en\/wp-json\/wp\/v2\/media?parent=343882"}],"wp:term":[{"taxonomy":"product_brand","embeddable":true,"href":"https:\/\/shop.bazarcia.com\/en\/wp-json\/wp\/v2\/product_brand?post=343882"},{"taxonomy":"product_cat","embeddable":true,"href":"https:\/\/shop.bazarcia.com\/en\/wp-json\/wp\/v2\/product_cat?post=343882"},{"taxonomy":"product_tag","embeddable":true,"href":"https:\/\/shop.bazarcia.com\/en\/wp-json\/wp\/v2\/product_tag?post=343882"}],"curies":[{"name":"wp","href":"https:\/\/api.w.org\/{rel}","templated":true}]}}