{"id":343898,"date":"2025-09-13T17:36:20","date_gmt":"2025-09-13T20:36:20","guid":{"rendered":"https:\/\/shop.bazarcia.com\/?post_type=product&#038;p=343898"},"modified":"2025-09-13T17:43:58","modified_gmt":"2025-09-13T20:43:58","slug":"matrizes-de-bordado-kit-oceano-monocromatico","status":"publish","type":"product","link":"https:\/\/shop.bazarcia.com\/en\/product\/matrizes-de-bordado-kit-oceano-monocromatico\/","title":{"rendered":"Matrizes de Bordado \u2013 Kit Oceano Monocrom\u00e1tico"},"content":{"rendered":"<p>Tamanhos: 10 e 12 cm<\/p>\n<p>Arquivos compat\u00edveis com v\u00e1rios tipos e modelos de m\u00e1quinas, dispon\u00edveis em pasta compactada (ZIP) com os seguintes formatos :<\/p>\n<p>PES \u2013 JEF \u2013 EXP \u2013 DST \u2013 HUS \u2013 XXX<\/p>\n<ul data-start=\"780\" data-end=\"1041\">\n<li data-start=\"780\" data-end=\"902\">\n<p data-start=\"782\" data-end=\"902\">Matrizes de Bordado disponibilizadas em\u00a0<strong data-start=\"822\" data-end=\"835\">Pasta ZIP<\/strong>, nos seguintes formatos: PES \u2013 JEF \u2013 EXP \u2013 DST \u2013 HUS \u2013 VP3<\/p>\n<\/li>\n<li data-start=\"780\" data-end=\"902\">\ud83e\uddf5\u00a0<strong data-start=\"79\" data-end=\"106\">Formato DST dispon\u00edvel!<\/strong><br data-start=\"106\" data-end=\"109\" \/>Essa cole\u00e7\u00e3o tamb\u00e9m est\u00e1 dispon\u00edvel no formato\u00a0<strong data-start=\"156\" data-end=\"163\">DST<\/strong>, considerado um\u00a0<strong data-start=\"180\" data-end=\"203\">\u201cformato universal\u201d<\/strong>\u00a0por ser aceito pelas principais marcas e modelos de m\u00e1quinas de bordado, tanto\u00a0<strong data-start=\"283\" data-end=\"316\">dom\u00e9sticas quanto industriais<\/strong>.<br data-start=\"317\" data-end=\"320\" \/>Entre as compat\u00edveis est\u00e3o\u00a0<strong data-start=\"347\" data-end=\"412\">Tajima, Barudan, Brother, Janome (modelos compat\u00edveis), Melco<\/strong>, entre outras.O arquivo DST cont\u00e9m todas as instru\u00e7\u00f5es de pontos necess\u00e1rias para que sua m\u00e1quina execute o bordado com precis\u00e3o.<\/li>\n<\/ul>","protected":false},"excerpt":{"rendered":"<p>Tamanhos: 10 e 12 cm<\/p>\n<p>Arquivos compat\u00edveis com v\u00e1rios tipos e modelos de m\u00e1quinas, dispon\u00edveis em pasta compactada (ZIP) com os seguintes formatos :<\/p>\n<p>PES \u2013 JEF \u2013 EXP \u2013 DST \u2013 HUS \u2013 XXX<\/p>","protected":false},"featured_media":343900,"comment_status":"open","ping_status":"closed","template":"","meta":{"_acf_changed":false,"_joinchat":[]},"product_brand":[],"product_cat":[1965,84,122,202,1957],"product_tag":[],"class_list":{"0":"post-343898","1":"product","2":"type-product","3":"status-publish","4":"has-post-thumbnail","6":"product_cat-futebol-copa","7":"product_cat-matrizes-de-bordado","8":"product_cat-matrizes-de-bordado-animais","9":"product_cat-fundo-do-mar","10":"product_cat-fundo-do-mar-fundo-do-mar","12":"first","13":"instock","14":"downloadable","15":"virtual","16":"purchasable","17":"product-type-simple"},"acf":[],"yoast_head":"<!-- This site is optimized with the Yoast SEO plugin v27.2 - https:\/\/yoast.com\/product\/yoast-seo-wordpress\/ -->\n<title>Matrizes de Bordado \u2013 Kit Oceano Monocrom\u00e1tico - \ud835\udc1b\ud835\udc1a\ud835\udc33\ud835\udc1a\ud835\udc2b &amp; \ud835\udc1c\ud835\udc22\ud835\udc1a<\/title>\n<meta name=\"robots\" content=\"index, follow, max-snippet:-1, max-image-preview:large, max-video-preview:-1\" \/>\n<link rel=\"canonical\" href=\"https:\/\/shop.bazarcia.com\/en\/product\/matrizes-de-bordado-kit-oceano-monocromatico\/\" \/>\n<meta property=\"og:locale\" content=\"en_US\" \/>\n<meta property=\"og:type\" content=\"article\" \/>\n<meta property=\"og:title\" content=\"Matrizes de Bordado \u2013 Kit Oceano Monocrom\u00e1tico - \ud835\udc1b\ud835\udc1a\ud835\udc33\ud835\udc1a\ud835\udc2b &amp; \ud835\udc1c\ud835\udc22\ud835\udc1a\" \/>\n<meta property=\"og:description\" content=\"Tamanhos: 10 e 12 cm  Arquivos compat\u00edveis com v\u00e1rios tipos e modelos de m\u00e1quinas, dispon\u00edveis em pasta compactada (ZIP) com os seguintes formatos :  PES \u2013 JEF \u2013 EXP \u2013 DST \u2013 HUS \u2013 XXX\" \/>\n<meta property=\"og:url\" content=\"https:\/\/shop.bazarcia.com\/en\/product\/matrizes-de-bordado-kit-oceano-monocromatico\/\" \/>\n<meta property=\"og:site_name\" content=\"\ud835\udc1b\ud835\udc1a\ud835\udc33\ud835\udc1a\ud835\udc2b &amp; \ud835\udc1c\ud835\udc22\ud835\udc1a\" \/>\n<meta property=\"article:publisher\" content=\"https:\/\/www.facebook.com\/shopbazarcia\" \/>\n<meta property=\"article:modified_time\" content=\"2025-09-13T20:43:58+00:00\" \/>\n<meta property=\"og:image\" content=\"https:\/\/shop.bazarcia.com\/wp-content\/uploads\/2025\/09\/matrizes-oceano-600x0-1.jpg\" \/>\n\t<meta property=\"og:image:width\" content=\"600\" \/>\n\t<meta property=\"og:image:height\" content=\"600\" \/>\n\t<meta property=\"og:image:type\" content=\"image\/jpeg\" \/>\n<meta name=\"twitter:card\" content=\"summary_large_image\" \/>\n<meta name=\"twitter:label1\" content=\"Est. reading time\" \/>\n\t<meta name=\"twitter:data1\" content=\"1 minute\" \/>\n<script type=\"application\/ld+json\" class=\"yoast-schema-graph\">{\"@context\":\"https:\/\/schema.org\",\"@graph\":[{\"@type\":\"WebPage\",\"@id\":\"https:\/\/shop.bazarcia.com\/produto\/matrizes-de-bordado-kit-oceano-monocromatico\/\",\"url\":\"https:\/\/shop.bazarcia.com\/produto\/matrizes-de-bordado-kit-oceano-monocromatico\/\",\"name\":\"Matrizes de Bordado \u2013 Kit Oceano Monocrom\u00e1tico - \ud835\udc1b\ud835\udc1a\ud835\udc33\ud835\udc1a\ud835\udc2b &amp; \ud835\udc1c\ud835\udc22\ud835\udc1a\",\"isPartOf\":{\"@id\":\"https:\/\/shop.bazarcia.com\/#website\"},\"primaryImageOfPage\":{\"@id\":\"https:\/\/shop.bazarcia.com\/produto\/matrizes-de-bordado-kit-oceano-monocromatico\/#primaryimage\"},\"image\":{\"@id\":\"https:\/\/shop.bazarcia.com\/produto\/matrizes-de-bordado-kit-oceano-monocromatico\/#primaryimage\"},\"thumbnailUrl\":\"https:\/\/shop.bazarcia.com\/wp-content\/uploads\/2025\/09\/matrizes-oceano-600x0-1.jpg\",\"datePublished\":\"2025-09-13T20:36:20+00:00\",\"dateModified\":\"2025-09-13T20:43:58+00:00\",\"breadcrumb\":{\"@id\":\"https:\/\/shop.bazarcia.com\/produto\/matrizes-de-bordado-kit-oceano-monocromatico\/#breadcrumb\"},\"inLanguage\":\"en-US\",\"potentialAction\":[{\"@type\":\"ReadAction\",\"target\":[\"https:\/\/shop.bazarcia.com\/produto\/matrizes-de-bordado-kit-oceano-monocromatico\/\"]}]},{\"@type\":\"ImageObject\",\"inLanguage\":\"en-US\",\"@id\":\"https:\/\/shop.bazarcia.com\/produto\/matrizes-de-bordado-kit-oceano-monocromatico\/#primaryimage\",\"url\":\"https:\/\/shop.bazarcia.com\/wp-content\/uploads\/2025\/09\/matrizes-oceano-600x0-1.jpg\",\"contentUrl\":\"https:\/\/shop.bazarcia.com\/wp-content\/uploads\/2025\/09\/matrizes-oceano-600x0-1.jpg\",\"width\":600,\"height\":600,\"caption\":\"xr:d:DAFIxeGS2CM:5,j:32449622887,t:22080821\"},{\"@type\":\"BreadcrumbList\",\"@id\":\"https:\/\/shop.bazarcia.com\/produto\/matrizes-de-bordado-kit-oceano-monocromatico\/#breadcrumb\",\"itemListElement\":[{\"@type\":\"ListItem\",\"position\":1,\"name\":\"In\u00edcio\",\"item\":\"https:\/\/shop.bazarcia.com\/\"},{\"@type\":\"ListItem\",\"position\":2,\"name\":\"Loja\",\"item\":\"https:\/\/shop.bazarcia.com\/loja\/\"},{\"@type\":\"ListItem\",\"position\":3,\"name\":\"Matrizes de Bordado \u2013 Kit Oceano Monocrom\u00e1tico\"}]},{\"@type\":\"WebSite\",\"@id\":\"https:\/\/shop.bazarcia.com\/#website\",\"url\":\"https:\/\/shop.bazarcia.com\/\",\"name\":\"Bazar & Cia\",\"description\":\"criatividade ponto a ponto\",\"publisher\":{\"@id\":\"https:\/\/shop.bazarcia.com\/#organization\"},\"potentialAction\":[{\"@type\":\"SearchAction\",\"target\":{\"@type\":\"EntryPoint\",\"urlTemplate\":\"https:\/\/shop.bazarcia.com\/?s={search_term_string}\"},\"query-input\":{\"@type\":\"PropertyValueSpecification\",\"valueRequired\":true,\"valueName\":\"search_term_string\"}}],\"inLanguage\":\"en-US\"},{\"@type\":\"Organization\",\"@id\":\"https:\/\/shop.bazarcia.com\/#organization\",\"name\":\"Bazar & Cia\",\"url\":\"https:\/\/shop.bazarcia.com\/\",\"logo\":{\"@type\":\"ImageObject\",\"inLanguage\":\"en-US\",\"@id\":\"https:\/\/shop.bazarcia.com\/#\/schema\/logo\/image\/\",\"url\":\"https:\/\/shop.bazarcia.com\/wp-content\/uploads\/2024\/02\/cropped-logo_bazarcia.png\",\"contentUrl\":\"https:\/\/shop.bazarcia.com\/wp-content\/uploads\/2024\/02\/cropped-logo_bazarcia.png\",\"width\":150,\"height\":150,\"caption\":\"Bazar & Cia\"},\"image\":{\"@id\":\"https:\/\/shop.bazarcia.com\/#\/schema\/logo\/image\/\"},\"sameAs\":[\"https:\/\/www.facebook.com\/shopbazarcia\",\"https:\/\/www.instagram.com\/shopbazarcia\",\"https:\/\/br.pinterest.com\/suzane_eloise\/\",\"https:\/\/www.youtube.com\/c\/BazardoBordadoMatrizeseProjetos\"]}]}<\/script>\n<!-- \/ Yoast SEO plugin. -->","yoast_head_json":{"title":"Matrizes de Bordado \u2013 Kit Oceano Monocrom\u00e1tico - \ud835\udc1b\ud835\udc1a\ud835\udc33\ud835\udc1a\ud835\udc2b &amp; \ud835\udc1c\ud835\udc22\ud835\udc1a","robots":{"index":"index","follow":"follow","max-snippet":"max-snippet:-1","max-image-preview":"max-image-preview:large","max-video-preview":"max-video-preview:-1"},"canonical":"https:\/\/shop.bazarcia.com\/en\/product\/matrizes-de-bordado-kit-oceano-monocromatico\/","og_locale":"en_US","og_type":"article","og_title":"Matrizes de Bordado \u2013 Kit Oceano Monocrom\u00e1tico - \ud835\udc1b\ud835\udc1a\ud835\udc33\ud835\udc1a\ud835\udc2b &amp; \ud835\udc1c\ud835\udc22\ud835\udc1a","og_description":"Tamanhos: 10 e 12 cm  Arquivos compat\u00edveis com v\u00e1rios tipos e modelos de m\u00e1quinas, dispon\u00edveis em pasta compactada (ZIP) com os seguintes formatos :  PES \u2013 JEF \u2013 EXP \u2013 DST \u2013 HUS \u2013 XXX","og_url":"https:\/\/shop.bazarcia.com\/en\/product\/matrizes-de-bordado-kit-oceano-monocromatico\/","og_site_name":"\ud835\udc1b\ud835\udc1a\ud835\udc33\ud835\udc1a\ud835\udc2b &amp; \ud835\udc1c\ud835\udc22\ud835\udc1a","article_publisher":"https:\/\/www.facebook.com\/shopbazarcia","article_modified_time":"2025-09-13T20:43:58+00:00","og_image":[{"width":600,"height":600,"url":"https:\/\/shop.bazarcia.com\/wp-content\/uploads\/2025\/09\/matrizes-oceano-600x0-1.jpg","type":"image\/jpeg"}],"twitter_card":"summary_large_image","twitter_misc":{"Est. reading time":"1 minute"},"schema":{"@context":"https:\/\/schema.org","@graph":[{"@type":"WebPage","@id":"https:\/\/shop.bazarcia.com\/produto\/matrizes-de-bordado-kit-oceano-monocromatico\/","url":"https:\/\/shop.bazarcia.com\/produto\/matrizes-de-bordado-kit-oceano-monocromatico\/","name":"Matrizes de Bordado \u2013 Kit Oceano Monocrom\u00e1tico - \ud835\udc1b\ud835\udc1a\ud835\udc33\ud835\udc1a\ud835\udc2b &amp; \ud835\udc1c\ud835\udc22\ud835\udc1a","isPartOf":{"@id":"https:\/\/shop.bazarcia.com\/#website"},"primaryImageOfPage":{"@id":"https:\/\/shop.bazarcia.com\/produto\/matrizes-de-bordado-kit-oceano-monocromatico\/#primaryimage"},"image":{"@id":"https:\/\/shop.bazarcia.com\/produto\/matrizes-de-bordado-kit-oceano-monocromatico\/#primaryimage"},"thumbnailUrl":"https:\/\/shop.bazarcia.com\/wp-content\/uploads\/2025\/09\/matrizes-oceano-600x0-1.jpg","datePublished":"2025-09-13T20:36:20+00:00","dateModified":"2025-09-13T20:43:58+00:00","breadcrumb":{"@id":"https:\/\/shop.bazarcia.com\/produto\/matrizes-de-bordado-kit-oceano-monocromatico\/#breadcrumb"},"inLanguage":"en-US","potentialAction":[{"@type":"ReadAction","target":["https:\/\/shop.bazarcia.com\/produto\/matrizes-de-bordado-kit-oceano-monocromatico\/"]}]},{"@type":"ImageObject","inLanguage":"en-US","@id":"https:\/\/shop.bazarcia.com\/produto\/matrizes-de-bordado-kit-oceano-monocromatico\/#primaryimage","url":"https:\/\/shop.bazarcia.com\/wp-content\/uploads\/2025\/09\/matrizes-oceano-600x0-1.jpg","contentUrl":"https:\/\/shop.bazarcia.com\/wp-content\/uploads\/2025\/09\/matrizes-oceano-600x0-1.jpg","width":600,"height":600,"caption":"xr:d:DAFIxeGS2CM:5,j:32449622887,t:22080821"},{"@type":"BreadcrumbList","@id":"https:\/\/shop.bazarcia.com\/produto\/matrizes-de-bordado-kit-oceano-monocromatico\/#breadcrumb","itemListElement":[{"@type":"ListItem","position":1,"name":"In\u00edcio","item":"https:\/\/shop.bazarcia.com\/"},{"@type":"ListItem","position":2,"name":"Loja","item":"https:\/\/shop.bazarcia.com\/loja\/"},{"@type":"ListItem","position":3,"name":"Matrizes de Bordado \u2013 Kit Oceano Monocrom\u00e1tico"}]},{"@type":"WebSite","@id":"https:\/\/shop.bazarcia.com\/#website","url":"https:\/\/shop.bazarcia.com\/","name":"Bazar & Cia","description":"criatividade ponto a ponto","publisher":{"@id":"https:\/\/shop.bazarcia.com\/#organization"},"potentialAction":[{"@type":"SearchAction","target":{"@type":"EntryPoint","urlTemplate":"https:\/\/shop.bazarcia.com\/?s={search_term_string}"},"query-input":{"@type":"PropertyValueSpecification","valueRequired":true,"valueName":"search_term_string"}}],"inLanguage":"en-US"},{"@type":"Organization","@id":"https:\/\/shop.bazarcia.com\/#organization","name":"Bazar & Cia","url":"https:\/\/shop.bazarcia.com\/","logo":{"@type":"ImageObject","inLanguage":"en-US","@id":"https:\/\/shop.bazarcia.com\/#\/schema\/logo\/image\/","url":"https:\/\/shop.bazarcia.com\/wp-content\/uploads\/2024\/02\/cropped-logo_bazarcia.png","contentUrl":"https:\/\/shop.bazarcia.com\/wp-content\/uploads\/2024\/02\/cropped-logo_bazarcia.png","width":150,"height":150,"caption":"Bazar & Cia"},"image":{"@id":"https:\/\/shop.bazarcia.com\/#\/schema\/logo\/image\/"},"sameAs":["https:\/\/www.facebook.com\/shopbazarcia","https:\/\/www.instagram.com\/shopbazarcia","https:\/\/br.pinterest.com\/suzane_eloise\/","https:\/\/www.youtube.com\/c\/BazardoBordadoMatrizeseProjetos"]}]}},"_links":{"self":[{"href":"https:\/\/shop.bazarcia.com\/en\/wp-json\/wp\/v2\/product\/343898","targetHints":{"allow":["GET"]}}],"collection":[{"href":"https:\/\/shop.bazarcia.com\/en\/wp-json\/wp\/v2\/product"}],"about":[{"href":"https:\/\/shop.bazarcia.com\/en\/wp-json\/wp\/v2\/types\/product"}],"replies":[{"embeddable":true,"href":"https:\/\/shop.bazarcia.com\/en\/wp-json\/wp\/v2\/comments?post=343898"}],"version-history":[{"count":1,"href":"https:\/\/shop.bazarcia.com\/en\/wp-json\/wp\/v2\/product\/343898\/revisions"}],"predecessor-version":[{"id":343902,"href":"https:\/\/shop.bazarcia.com\/en\/wp-json\/wp\/v2\/product\/343898\/revisions\/343902"}],"wp:featuredmedia":[{"embeddable":true,"href":"https:\/\/shop.bazarcia.com\/en\/wp-json\/wp\/v2\/media\/343900"}],"wp:attachment":[{"href":"https:\/\/shop.bazarcia.com\/en\/wp-json\/wp\/v2\/media?parent=343898"}],"wp:term":[{"taxonomy":"product_brand","embeddable":true,"href":"https:\/\/shop.bazarcia.com\/en\/wp-json\/wp\/v2\/product_brand?post=343898"},{"taxonomy":"product_cat","embeddable":true,"href":"https:\/\/shop.bazarcia.com\/en\/wp-json\/wp\/v2\/product_cat?post=343898"},{"taxonomy":"product_tag","embeddable":true,"href":"https:\/\/shop.bazarcia.com\/en\/wp-json\/wp\/v2\/product_tag?post=343898"}],"curies":[{"name":"wp","href":"https:\/\/api.w.org\/{rel}","templated":true}]}}