{"id":345159,"date":"2025-09-20T18:55:03","date_gmt":"2025-09-20T21:55:03","guid":{"rendered":"https:\/\/shop.bazarcia.com\/?post_type=product&#038;p=345159"},"modified":"2025-09-20T18:57:38","modified_gmt":"2025-09-20T21:57:38","slug":"matriz-de-nome-para-bordar-em-jaleco-sob-encomenda","status":"publish","type":"product","link":"https:\/\/shop.bazarcia.com\/en\/product\/matriz-de-nome-para-bordar-em-jaleco-sob-encomenda\/","title":{"rendered":"Matriz de Nome para Bordar em Jaleco | Sob Encomenda"},"content":{"rendered":"<p><em>Precisa de uma matriz com um nome espec\u00edfico?<\/em> <strong>Fa\u00e7a sua encomenda aqui! Criamos a matriz com o nome que voc\u00ea precisar!\u00a0<\/strong><\/p>\n<p>Basta realizar a compra aqui mesmo no site, na quantidade voc\u00ea acrescenta quantas matrizes deseja, 1, 2, 3 nomes diversos por exemplo, ent\u00e3o \u00e9 s\u00f3 finalizar a compra e na nota do seu pedido voc\u00ea pode escrever os nomes que deseja.<\/p>\n<p><strong>Voc\u00ea tamb\u00e9m pode nos chamar no WhatsApp do Bazar: (62) 99351-7244 ou <a href=\"https:\/\/wa.me\/message\/MLKATU6TJXHNK1\" target=\"_blank\" rel=\"noopener\">CLIQUE AQUI!\u00a0<\/a><\/strong><\/p>","protected":false},"excerpt":{"rendered":"<p><em>Precisa de uma matriz com um nome espec\u00edfico?<\/em> <strong>Fa\u00e7a sua encomenda aqui! Criamos a matriz com o nome que voc\u00ea precisar!\u00a0<\/strong><\/p>\n<p>Basta realizar a compra aqui mesmo no site, na quantidade voc\u00ea acrescenta quantas matrizes deseja, 1, 2, 3 nomes diversos por exemplo, ent\u00e3o \u00e9 s\u00f3 finalizar a compra e na nota do seu pedido voc\u00ea pode escrever os nomes que deseja.<\/p>\n<p>Modelo para bordar em jaleco, para doutores, estudantes, enfermeiras, m\u00e9dicos, com detalhe de estetosc\u00f3pio.<\/p>\n<p><strong>Voc\u00ea tamb\u00e9m pode nos chamar no WhatsApp do Bazar: (62) 99351-7244 ou <a href=\"https:\/\/wa.me\/message\/MLKATU6TJXHNK1\" target=\"_blank\" rel=\"noopener\">CLIQUE AQUI!\u00a0<\/a><\/strong><\/p>\n<p>&nbsp;<\/p>\n<p>&nbsp;<\/p>","protected":false},"featured_media":345160,"comment_status":"open","ping_status":"closed","template":"","meta":{"_acf_changed":false,"_joinchat":[]},"product_brand":[],"product_cat":[84,1318,1949,1213],"product_tag":[],"class_list":{"0":"post-345159","1":"product","2":"type-product","3":"status-publish","4":"has-post-thumbnail","6":"product_cat-matrizes-de-bordado","7":"product_cat-matrizes-de-bordado-sob-encomenda","8":"product_cat-matrizes-de-nomes-sob-encomenda-nomes-para-bordar","9":"product_cat-nomes","11":"first","12":"instock","13":"downloadable","14":"virtual","15":"purchasable","16":"product-type-simple"},"acf":[],"yoast_head":"<!-- This site is optimized with the Yoast SEO plugin v27.2 - https:\/\/yoast.com\/product\/yoast-seo-wordpress\/ -->\n<title>Matriz de Nome para Bordar em Jaleco | Sob Encomenda - \ud835\udc1b\ud835\udc1a\ud835\udc33\ud835\udc1a\ud835\udc2b &amp; \ud835\udc1c\ud835\udc22\ud835\udc1a<\/title>\n<meta name=\"description\" content=\"Encomende aqui no Bazar o nome que quiser bordar, no tamanho e formato de arquivo que precisar. WhatsApp (62) 99351-7244. Entrega R\u00e1pida!\" \/>\n<meta name=\"robots\" content=\"index, follow, max-snippet:-1, max-image-preview:large, max-video-preview:-1\" \/>\n<link rel=\"canonical\" href=\"https:\/\/shop.bazarcia.com\/en\/product\/matriz-de-nome-para-bordar-em-jaleco-sob-encomenda\/\" \/>\n<meta property=\"og:locale\" content=\"en_US\" \/>\n<meta property=\"og:type\" content=\"article\" \/>\n<meta property=\"og:title\" content=\"Matriz de Nome para Bordar em Jaleco | Sob Encomenda - \ud835\udc1b\ud835\udc1a\ud835\udc33\ud835\udc1a\ud835\udc2b &amp; \ud835\udc1c\ud835\udc22\ud835\udc1a\" \/>\n<meta property=\"og:description\" content=\"Encomende aqui no Bazar o nome que quiser bordar, no tamanho e formato de arquivo que precisar. WhatsApp (62) 99351-7244. Entrega R\u00e1pida!\" \/>\n<meta property=\"og:url\" content=\"https:\/\/shop.bazarcia.com\/en\/product\/matriz-de-nome-para-bordar-em-jaleco-sob-encomenda\/\" \/>\n<meta property=\"og:site_name\" content=\"\ud835\udc1b\ud835\udc1a\ud835\udc33\ud835\udc1a\ud835\udc2b &amp; \ud835\udc1c\ud835\udc22\ud835\udc1a\" \/>\n<meta property=\"article:publisher\" content=\"https:\/\/www.facebook.com\/shopbazarcia\" \/>\n<meta property=\"article:modified_time\" content=\"2025-09-20T21:57:38+00:00\" \/>\n<meta property=\"og:image\" content=\"https:\/\/shop.bazarcia.com\/wp-content\/uploads\/2025\/09\/Nome-para-bordar-4.png\" \/>\n\t<meta property=\"og:image:width\" content=\"1080\" \/>\n\t<meta property=\"og:image:height\" content=\"1080\" \/>\n\t<meta property=\"og:image:type\" content=\"image\/png\" \/>\n<meta name=\"twitter:card\" content=\"summary_large_image\" \/>\n<meta name=\"twitter:label1\" content=\"Est. reading time\" \/>\n\t<meta name=\"twitter:data1\" content=\"1 minute\" \/>\n<script type=\"application\/ld+json\" class=\"yoast-schema-graph\">{\"@context\":\"https:\/\/schema.org\",\"@graph\":[{\"@type\":\"WebPage\",\"@id\":\"https:\/\/shop.bazarcia.com\/produto\/matriz-de-nome-para-bordar-em-jaleco-sob-encomenda\/\",\"url\":\"https:\/\/shop.bazarcia.com\/produto\/matriz-de-nome-para-bordar-em-jaleco-sob-encomenda\/\",\"name\":\"Matriz de Nome para Bordar em Jaleco | Sob Encomenda - \ud835\udc1b\ud835\udc1a\ud835\udc33\ud835\udc1a\ud835\udc2b &amp; \ud835\udc1c\ud835\udc22\ud835\udc1a\",\"isPartOf\":{\"@id\":\"https:\/\/shop.bazarcia.com\/#website\"},\"primaryImageOfPage\":{\"@id\":\"https:\/\/shop.bazarcia.com\/produto\/matriz-de-nome-para-bordar-em-jaleco-sob-encomenda\/#primaryimage\"},\"image\":{\"@id\":\"https:\/\/shop.bazarcia.com\/produto\/matriz-de-nome-para-bordar-em-jaleco-sob-encomenda\/#primaryimage\"},\"thumbnailUrl\":\"https:\/\/shop.bazarcia.com\/wp-content\/uploads\/2025\/09\/Nome-para-bordar-4.png\",\"datePublished\":\"2025-09-20T21:55:03+00:00\",\"dateModified\":\"2025-09-20T21:57:38+00:00\",\"description\":\"Encomende aqui no Bazar o nome que quiser bordar, no tamanho e formato de arquivo que precisar. WhatsApp (62) 99351-7244. Entrega R\u00e1pida!\",\"breadcrumb\":{\"@id\":\"https:\/\/shop.bazarcia.com\/produto\/matriz-de-nome-para-bordar-em-jaleco-sob-encomenda\/#breadcrumb\"},\"inLanguage\":\"en-US\",\"potentialAction\":[{\"@type\":\"ReadAction\",\"target\":[\"https:\/\/shop.bazarcia.com\/produto\/matriz-de-nome-para-bordar-em-jaleco-sob-encomenda\/\"]}]},{\"@type\":\"ImageObject\",\"inLanguage\":\"en-US\",\"@id\":\"https:\/\/shop.bazarcia.com\/produto\/matriz-de-nome-para-bordar-em-jaleco-sob-encomenda\/#primaryimage\",\"url\":\"https:\/\/shop.bazarcia.com\/wp-content\/uploads\/2025\/09\/Nome-para-bordar-4.png\",\"contentUrl\":\"https:\/\/shop.bazarcia.com\/wp-content\/uploads\/2025\/09\/Nome-para-bordar-4.png\",\"width\":1080,\"height\":1080},{\"@type\":\"BreadcrumbList\",\"@id\":\"https:\/\/shop.bazarcia.com\/produto\/matriz-de-nome-para-bordar-em-jaleco-sob-encomenda\/#breadcrumb\",\"itemListElement\":[{\"@type\":\"ListItem\",\"position\":1,\"name\":\"In\u00edcio\",\"item\":\"https:\/\/shop.bazarcia.com\/\"},{\"@type\":\"ListItem\",\"position\":2,\"name\":\"Loja\",\"item\":\"https:\/\/shop.bazarcia.com\/loja\/\"},{\"@type\":\"ListItem\",\"position\":3,\"name\":\"Matriz de Nome para Bordar em Jaleco | Sob Encomenda\"}]},{\"@type\":\"WebSite\",\"@id\":\"https:\/\/shop.bazarcia.com\/#website\",\"url\":\"https:\/\/shop.bazarcia.com\/\",\"name\":\"Bazar & Cia\",\"description\":\"criatividade ponto a ponto\",\"publisher\":{\"@id\":\"https:\/\/shop.bazarcia.com\/#organization\"},\"potentialAction\":[{\"@type\":\"SearchAction\",\"target\":{\"@type\":\"EntryPoint\",\"urlTemplate\":\"https:\/\/shop.bazarcia.com\/?s={search_term_string}\"},\"query-input\":{\"@type\":\"PropertyValueSpecification\",\"valueRequired\":true,\"valueName\":\"search_term_string\"}}],\"inLanguage\":\"en-US\"},{\"@type\":\"Organization\",\"@id\":\"https:\/\/shop.bazarcia.com\/#organization\",\"name\":\"Bazar & Cia\",\"url\":\"https:\/\/shop.bazarcia.com\/\",\"logo\":{\"@type\":\"ImageObject\",\"inLanguage\":\"en-US\",\"@id\":\"https:\/\/shop.bazarcia.com\/#\/schema\/logo\/image\/\",\"url\":\"https:\/\/shop.bazarcia.com\/wp-content\/uploads\/2024\/02\/cropped-logo_bazarcia.png\",\"contentUrl\":\"https:\/\/shop.bazarcia.com\/wp-content\/uploads\/2024\/02\/cropped-logo_bazarcia.png\",\"width\":150,\"height\":150,\"caption\":\"Bazar & Cia\"},\"image\":{\"@id\":\"https:\/\/shop.bazarcia.com\/#\/schema\/logo\/image\/\"},\"sameAs\":[\"https:\/\/www.facebook.com\/shopbazarcia\",\"https:\/\/www.instagram.com\/shopbazarcia\",\"https:\/\/br.pinterest.com\/suzane_eloise\/\",\"https:\/\/www.youtube.com\/c\/BazardoBordadoMatrizeseProjetos\"]}]}<\/script>\n<!-- \/ Yoast SEO plugin. -->","yoast_head_json":{"title":"Matriz de Nome para Bordar em Jaleco | Sob Encomenda - \ud835\udc1b\ud835\udc1a\ud835\udc33\ud835\udc1a\ud835\udc2b &amp; \ud835\udc1c\ud835\udc22\ud835\udc1a","description":"Encomende aqui no Bazar o nome que quiser bordar, no tamanho e formato de arquivo que precisar. WhatsApp (62) 99351-7244. Entrega R\u00e1pida!","robots":{"index":"index","follow":"follow","max-snippet":"max-snippet:-1","max-image-preview":"max-image-preview:large","max-video-preview":"max-video-preview:-1"},"canonical":"https:\/\/shop.bazarcia.com\/en\/product\/matriz-de-nome-para-bordar-em-jaleco-sob-encomenda\/","og_locale":"en_US","og_type":"article","og_title":"Matriz de Nome para Bordar em Jaleco | Sob Encomenda - \ud835\udc1b\ud835\udc1a\ud835\udc33\ud835\udc1a\ud835\udc2b &amp; \ud835\udc1c\ud835\udc22\ud835\udc1a","og_description":"Encomende aqui no Bazar o nome que quiser bordar, no tamanho e formato de arquivo que precisar. WhatsApp (62) 99351-7244. Entrega R\u00e1pida!","og_url":"https:\/\/shop.bazarcia.com\/en\/product\/matriz-de-nome-para-bordar-em-jaleco-sob-encomenda\/","og_site_name":"\ud835\udc1b\ud835\udc1a\ud835\udc33\ud835\udc1a\ud835\udc2b &amp; \ud835\udc1c\ud835\udc22\ud835\udc1a","article_publisher":"https:\/\/www.facebook.com\/shopbazarcia","article_modified_time":"2025-09-20T21:57:38+00:00","og_image":[{"width":1080,"height":1080,"url":"https:\/\/shop.bazarcia.com\/wp-content\/uploads\/2025\/09\/Nome-para-bordar-4.png","type":"image\/png"}],"twitter_card":"summary_large_image","twitter_misc":{"Est. reading time":"1 minute"},"schema":{"@context":"https:\/\/schema.org","@graph":[{"@type":"WebPage","@id":"https:\/\/shop.bazarcia.com\/produto\/matriz-de-nome-para-bordar-em-jaleco-sob-encomenda\/","url":"https:\/\/shop.bazarcia.com\/produto\/matriz-de-nome-para-bordar-em-jaleco-sob-encomenda\/","name":"Matriz de Nome para Bordar em Jaleco | Sob Encomenda - \ud835\udc1b\ud835\udc1a\ud835\udc33\ud835\udc1a\ud835\udc2b &amp; \ud835\udc1c\ud835\udc22\ud835\udc1a","isPartOf":{"@id":"https:\/\/shop.bazarcia.com\/#website"},"primaryImageOfPage":{"@id":"https:\/\/shop.bazarcia.com\/produto\/matriz-de-nome-para-bordar-em-jaleco-sob-encomenda\/#primaryimage"},"image":{"@id":"https:\/\/shop.bazarcia.com\/produto\/matriz-de-nome-para-bordar-em-jaleco-sob-encomenda\/#primaryimage"},"thumbnailUrl":"https:\/\/shop.bazarcia.com\/wp-content\/uploads\/2025\/09\/Nome-para-bordar-4.png","datePublished":"2025-09-20T21:55:03+00:00","dateModified":"2025-09-20T21:57:38+00:00","description":"Encomende aqui no Bazar o nome que quiser bordar, no tamanho e formato de arquivo que precisar. WhatsApp (62) 99351-7244. Entrega R\u00e1pida!","breadcrumb":{"@id":"https:\/\/shop.bazarcia.com\/produto\/matriz-de-nome-para-bordar-em-jaleco-sob-encomenda\/#breadcrumb"},"inLanguage":"en-US","potentialAction":[{"@type":"ReadAction","target":["https:\/\/shop.bazarcia.com\/produto\/matriz-de-nome-para-bordar-em-jaleco-sob-encomenda\/"]}]},{"@type":"ImageObject","inLanguage":"en-US","@id":"https:\/\/shop.bazarcia.com\/produto\/matriz-de-nome-para-bordar-em-jaleco-sob-encomenda\/#primaryimage","url":"https:\/\/shop.bazarcia.com\/wp-content\/uploads\/2025\/09\/Nome-para-bordar-4.png","contentUrl":"https:\/\/shop.bazarcia.com\/wp-content\/uploads\/2025\/09\/Nome-para-bordar-4.png","width":1080,"height":1080},{"@type":"BreadcrumbList","@id":"https:\/\/shop.bazarcia.com\/produto\/matriz-de-nome-para-bordar-em-jaleco-sob-encomenda\/#breadcrumb","itemListElement":[{"@type":"ListItem","position":1,"name":"In\u00edcio","item":"https:\/\/shop.bazarcia.com\/"},{"@type":"ListItem","position":2,"name":"Loja","item":"https:\/\/shop.bazarcia.com\/loja\/"},{"@type":"ListItem","position":3,"name":"Matriz de Nome para Bordar em Jaleco | Sob Encomenda"}]},{"@type":"WebSite","@id":"https:\/\/shop.bazarcia.com\/#website","url":"https:\/\/shop.bazarcia.com\/","name":"Bazar & Cia","description":"criatividade ponto a ponto","publisher":{"@id":"https:\/\/shop.bazarcia.com\/#organization"},"potentialAction":[{"@type":"SearchAction","target":{"@type":"EntryPoint","urlTemplate":"https:\/\/shop.bazarcia.com\/?s={search_term_string}"},"query-input":{"@type":"PropertyValueSpecification","valueRequired":true,"valueName":"search_term_string"}}],"inLanguage":"en-US"},{"@type":"Organization","@id":"https:\/\/shop.bazarcia.com\/#organization","name":"Bazar & Cia","url":"https:\/\/shop.bazarcia.com\/","logo":{"@type":"ImageObject","inLanguage":"en-US","@id":"https:\/\/shop.bazarcia.com\/#\/schema\/logo\/image\/","url":"https:\/\/shop.bazarcia.com\/wp-content\/uploads\/2024\/02\/cropped-logo_bazarcia.png","contentUrl":"https:\/\/shop.bazarcia.com\/wp-content\/uploads\/2024\/02\/cropped-logo_bazarcia.png","width":150,"height":150,"caption":"Bazar & Cia"},"image":{"@id":"https:\/\/shop.bazarcia.com\/#\/schema\/logo\/image\/"},"sameAs":["https:\/\/www.facebook.com\/shopbazarcia","https:\/\/www.instagram.com\/shopbazarcia","https:\/\/br.pinterest.com\/suzane_eloise\/","https:\/\/www.youtube.com\/c\/BazardoBordadoMatrizeseProjetos"]}]}},"_links":{"self":[{"href":"https:\/\/shop.bazarcia.com\/en\/wp-json\/wp\/v2\/product\/345159","targetHints":{"allow":["GET"]}}],"collection":[{"href":"https:\/\/shop.bazarcia.com\/en\/wp-json\/wp\/v2\/product"}],"about":[{"href":"https:\/\/shop.bazarcia.com\/en\/wp-json\/wp\/v2\/types\/product"}],"replies":[{"embeddable":true,"href":"https:\/\/shop.bazarcia.com\/en\/wp-json\/wp\/v2\/comments?post=345159"}],"version-history":[{"count":1,"href":"https:\/\/shop.bazarcia.com\/en\/wp-json\/wp\/v2\/product\/345159\/revisions"}],"predecessor-version":[{"id":345161,"href":"https:\/\/shop.bazarcia.com\/en\/wp-json\/wp\/v2\/product\/345159\/revisions\/345161"}],"wp:featuredmedia":[{"embeddable":true,"href":"https:\/\/shop.bazarcia.com\/en\/wp-json\/wp\/v2\/media\/345160"}],"wp:attachment":[{"href":"https:\/\/shop.bazarcia.com\/en\/wp-json\/wp\/v2\/media?parent=345159"}],"wp:term":[{"taxonomy":"product_brand","embeddable":true,"href":"https:\/\/shop.bazarcia.com\/en\/wp-json\/wp\/v2\/product_brand?post=345159"},{"taxonomy":"product_cat","embeddable":true,"href":"https:\/\/shop.bazarcia.com\/en\/wp-json\/wp\/v2\/product_cat?post=345159"},{"taxonomy":"product_tag","embeddable":true,"href":"https:\/\/shop.bazarcia.com\/en\/wp-json\/wp\/v2\/product_tag?post=345159"}],"curies":[{"name":"wp","href":"https:\/\/api.w.org\/{rel}","templated":true}]}}