{"id":347524,"date":"2025-10-02T16:05:53","date_gmt":"2025-10-02T19:05:53","guid":{"rendered":"https:\/\/shop.bazarcia.com\/?post_type=product&#038;p=347524"},"modified":"2025-10-02T16:28:16","modified_gmt":"2025-10-02T19:28:16","slug":"matriz-de-bordado-flork","status":"publish","type":"product","link":"https:\/\/shop.bazarcia.com\/en\/product\/matriz-de-bordado-flork\/","title":{"rendered":"Matriz de Bordado &#8211; Flork"},"content":{"rendered":"<p data-start=\"124\" data-end=\"522\">A <strong data-start=\"157\" data-end=\"184\">Matriz de Bordado Flork<\/strong> foi desenvolvida em ponto leve, garantindo um bordado r\u00e1pido, delicado e com acabamento impec\u00e1vel. Perfeita para aplicar em pe\u00e7as variadas como almofadas, camisetas, toalhas, necessaires e muito mais, essa matriz \u00e9 ideal tanto para uso pessoal quanto para quem deseja aumentar suas vendas com produtos bordados que est\u00e3o super em alta.<\/p>\n<p data-start=\"524\" data-end=\"765\">Com m\u00faltiplos tamanhos e compatibilidade com diferentes modelos de m\u00e1quinas, voc\u00ea ter\u00e1 liberdade e praticidade na hora de produzir. Al\u00e9m disso, os personagens no estilo Flork fazem sucesso e deixam qualquer pe\u00e7a divertida, moderna e \u00fanica.<\/p>\n<p data-start=\"767\" data-end=\"876\"><strong data-start=\"770\" data-end=\"791\">\u2714Tamanhos inclusos<\/strong>: 10 cm | 13&#215;14 cm | 16&#215;17 cm<br data-start=\"820\" data-end=\"823\" \/>\u2714 <strong data-start=\"825\" data-end=\"849\">Formatos dispon\u00edveis<\/strong>: PES, JEF, DST, HUS, EXP<\/p>\n<p data-start=\"878\" data-end=\"897\"><strong data-start=\"881\" data-end=\"894\">\u2714Vantagens<\/strong>:<\/p>\n<ul data-start=\"898\" data-end=\"1067\">\n<li data-start=\"898\" data-end=\"935\">\n<p data-start=\"900\" data-end=\"935\">Matrizes leves e f\u00e1ceis de bordar<\/p>\n<\/li>\n<li data-start=\"936\" data-end=\"973\">\n<p data-start=\"938\" data-end=\"973\">Compat\u00edveis com diversas m\u00e1quinas<\/p>\n<\/li>\n<li data-start=\"974\" data-end=\"1011\">\n<p data-start=\"976\" data-end=\"1011\">Design criativo e de alta procura<\/p>\n<\/li>\n<li data-start=\"1012\" data-end=\"1067\">\n<p data-start=\"1014\" data-end=\"1067\">Produto digital de f\u00e1cil acesso e download imediato<\/p>\n<\/li>\n<\/ul>","protected":false},"excerpt":{"rendered":"<p data-start=\"99\" data-end=\"345\"><strong data-start=\"99\" data-end=\"126\">Matriz de Bordado Flork<\/strong><br data-start=\"126\" data-end=\"129\" \/>Matriz digital desenvolvida em ponto leve, ideal para personalizar pe\u00e7as com muito charme e praticidade. Compat\u00edvel com diversos modelos de m\u00e1quinas, \u00e9 perfeita para criar bordados criativos e com \u00f3timo acabamento.<\/p>\n<p data-start=\"347\" data-end=\"447\"><strong data-start=\"350\" data-end=\"362\">\u2714 Tamanhos<\/strong>: 10 cm | 13&#215;14 cm | 16&#215;17 cm<br data-start=\"391\" data-end=\"394\" \/>\u2714 <strong data-start=\"396\" data-end=\"420\">Formatos dispon\u00edveis<\/strong>: PES, JEF, DST, HUS, EXP<\/p>","protected":false},"featured_media":347530,"comment_status":"open","ping_status":"closed","template":"","meta":{"_acf_changed":false,"_joinchat":[]},"product_brand":[],"product_cat":[1929,297,84],"product_tag":[1170,1430,1432],"class_list":{"0":"post-347524","1":"product","2":"type-product","3":"status-publish","4":"has-post-thumbnail","6":"product_cat-frases-divertidas-ironicas","7":"product_cat-frases-palavras","8":"product_cat-matrizes-de-bordado","9":"product_tag-bordado","10":"product_tag-matriz-de-bordado","11":"product_tag-matrizes-de-bordado","13":"first","14":"instock","15":"downloadable","16":"virtual","17":"purchasable","18":"product-type-simple"},"acf":[],"yoast_head":"<!-- This site is optimized with the Yoast SEO plugin v27.2 - https:\/\/yoast.com\/product\/yoast-seo-wordpress\/ -->\n<title>Matriz de Bordado Flork em Ponto Leve \u2013 Arquivo Digital PES JEF DST HUS EXP<\/title>\n<meta name=\"description\" content=\"Matriz de bordado Flork em ponto leve. Arquivo digital compat\u00edvel com v\u00e1rias m\u00e1quinas nos formatos PES, JEF, DST, HUS e EXP.\" \/>\n<meta name=\"robots\" content=\"index, follow, max-snippet:-1, max-image-preview:large, max-video-preview:-1\" \/>\n<link rel=\"canonical\" href=\"https:\/\/shop.bazarcia.com\/en\/product\/matriz-de-bordado-flork\/\" \/>\n<meta property=\"og:locale\" content=\"en_US\" \/>\n<meta property=\"og:type\" content=\"article\" \/>\n<meta property=\"og:title\" content=\"Matriz de Bordado Flork em Ponto Leve \u2013 Arquivo Digital PES JEF DST HUS EXP\" \/>\n<meta property=\"og:description\" content=\"Matriz de bordado Flork em ponto leve. Arquivo digital compat\u00edvel com v\u00e1rias m\u00e1quinas nos formatos PES, JEF, DST, HUS e EXP.\" \/>\n<meta property=\"og:url\" content=\"https:\/\/shop.bazarcia.com\/en\/product\/matriz-de-bordado-flork\/\" \/>\n<meta property=\"og:site_name\" content=\"\ud835\udc1b\ud835\udc1a\ud835\udc33\ud835\udc1a\ud835\udc2b &amp; \ud835\udc1c\ud835\udc22\ud835\udc1a\" \/>\n<meta property=\"article:publisher\" content=\"https:\/\/www.facebook.com\/shopbazarcia\" \/>\n<meta property=\"article:modified_time\" content=\"2025-10-02T19:28:16+00:00\" \/>\n<meta property=\"og:image\" content=\"https:\/\/shop.bazarcia.com\/wp-content\/uploads\/2025\/10\/FLORK.webp\" \/>\n\t<meta property=\"og:image:width\" content=\"1000\" \/>\n\t<meta property=\"og:image:height\" content=\"1000\" \/>\n\t<meta property=\"og:image:type\" content=\"image\/webp\" \/>\n<meta name=\"twitter:card\" content=\"summary_large_image\" \/>\n<meta name=\"twitter:label1\" content=\"Est. reading time\" \/>\n\t<meta name=\"twitter:data1\" content=\"1 minute\" \/>\n<script type=\"application\/ld+json\" class=\"yoast-schema-graph\">{\"@context\":\"https:\/\/schema.org\",\"@graph\":[{\"@type\":\"WebPage\",\"@id\":\"https:\/\/shop.bazarcia.com\/produto\/matriz-de-bordado-flork\/\",\"url\":\"https:\/\/shop.bazarcia.com\/produto\/matriz-de-bordado-flork\/\",\"name\":\"Matriz de Bordado Flork em Ponto Leve \u2013 Arquivo Digital PES JEF DST HUS EXP\",\"isPartOf\":{\"@id\":\"https:\/\/shop.bazarcia.com\/#website\"},\"primaryImageOfPage\":{\"@id\":\"https:\/\/shop.bazarcia.com\/produto\/matriz-de-bordado-flork\/#primaryimage\"},\"image\":{\"@id\":\"https:\/\/shop.bazarcia.com\/produto\/matriz-de-bordado-flork\/#primaryimage\"},\"thumbnailUrl\":\"https:\/\/shop.bazarcia.com\/wp-content\/uploads\/2025\/10\/FLORK.webp\",\"datePublished\":\"2025-10-02T19:05:53+00:00\",\"dateModified\":\"2025-10-02T19:28:16+00:00\",\"description\":\"Matriz de bordado Flork em ponto leve. Arquivo digital compat\u00edvel com v\u00e1rias m\u00e1quinas nos formatos PES, JEF, DST, HUS e EXP.\",\"breadcrumb\":{\"@id\":\"https:\/\/shop.bazarcia.com\/produto\/matriz-de-bordado-flork\/#breadcrumb\"},\"inLanguage\":\"en-US\",\"potentialAction\":[{\"@type\":\"ReadAction\",\"target\":[\"https:\/\/shop.bazarcia.com\/produto\/matriz-de-bordado-flork\/\"]}]},{\"@type\":\"ImageObject\",\"inLanguage\":\"en-US\",\"@id\":\"https:\/\/shop.bazarcia.com\/produto\/matriz-de-bordado-flork\/#primaryimage\",\"url\":\"https:\/\/shop.bazarcia.com\/wp-content\/uploads\/2025\/10\/FLORK.webp\",\"contentUrl\":\"https:\/\/shop.bazarcia.com\/wp-content\/uploads\/2025\/10\/FLORK.webp\",\"width\":1000,\"height\":1000},{\"@type\":\"BreadcrumbList\",\"@id\":\"https:\/\/shop.bazarcia.com\/produto\/matriz-de-bordado-flork\/#breadcrumb\",\"itemListElement\":[{\"@type\":\"ListItem\",\"position\":1,\"name\":\"In\u00edcio\",\"item\":\"https:\/\/shop.bazarcia.com\/\"},{\"@type\":\"ListItem\",\"position\":2,\"name\":\"Loja\",\"item\":\"https:\/\/shop.bazarcia.com\/loja\/\"},{\"@type\":\"ListItem\",\"position\":3,\"name\":\"Matriz de Bordado &#8211; Flork\"}]},{\"@type\":\"WebSite\",\"@id\":\"https:\/\/shop.bazarcia.com\/#website\",\"url\":\"https:\/\/shop.bazarcia.com\/\",\"name\":\"Bazar & Cia\",\"description\":\"criatividade ponto a ponto\",\"publisher\":{\"@id\":\"https:\/\/shop.bazarcia.com\/#organization\"},\"potentialAction\":[{\"@type\":\"SearchAction\",\"target\":{\"@type\":\"EntryPoint\",\"urlTemplate\":\"https:\/\/shop.bazarcia.com\/?s={search_term_string}\"},\"query-input\":{\"@type\":\"PropertyValueSpecification\",\"valueRequired\":true,\"valueName\":\"search_term_string\"}}],\"inLanguage\":\"en-US\"},{\"@type\":\"Organization\",\"@id\":\"https:\/\/shop.bazarcia.com\/#organization\",\"name\":\"Bazar & Cia\",\"url\":\"https:\/\/shop.bazarcia.com\/\",\"logo\":{\"@type\":\"ImageObject\",\"inLanguage\":\"en-US\",\"@id\":\"https:\/\/shop.bazarcia.com\/#\/schema\/logo\/image\/\",\"url\":\"https:\/\/shop.bazarcia.com\/wp-content\/uploads\/2024\/02\/cropped-logo_bazarcia.png\",\"contentUrl\":\"https:\/\/shop.bazarcia.com\/wp-content\/uploads\/2024\/02\/cropped-logo_bazarcia.png\",\"width\":150,\"height\":150,\"caption\":\"Bazar & Cia\"},\"image\":{\"@id\":\"https:\/\/shop.bazarcia.com\/#\/schema\/logo\/image\/\"},\"sameAs\":[\"https:\/\/www.facebook.com\/shopbazarcia\",\"https:\/\/www.instagram.com\/shopbazarcia\",\"https:\/\/br.pinterest.com\/suzane_eloise\/\",\"https:\/\/www.youtube.com\/c\/BazardoBordadoMatrizeseProjetos\"]}]}<\/script>\n<!-- \/ Yoast SEO plugin. -->","yoast_head_json":{"title":"Matriz de Bordado Flork em Ponto Leve \u2013 Arquivo Digital PES JEF DST HUS EXP","description":"Matriz de bordado Flork em ponto leve. Arquivo digital compat\u00edvel com v\u00e1rias m\u00e1quinas nos formatos PES, JEF, DST, HUS e EXP.","robots":{"index":"index","follow":"follow","max-snippet":"max-snippet:-1","max-image-preview":"max-image-preview:large","max-video-preview":"max-video-preview:-1"},"canonical":"https:\/\/shop.bazarcia.com\/en\/product\/matriz-de-bordado-flork\/","og_locale":"en_US","og_type":"article","og_title":"Matriz de Bordado Flork em Ponto Leve \u2013 Arquivo Digital PES JEF DST HUS EXP","og_description":"Matriz de bordado Flork em ponto leve. Arquivo digital compat\u00edvel com v\u00e1rias m\u00e1quinas nos formatos PES, JEF, DST, HUS e EXP.","og_url":"https:\/\/shop.bazarcia.com\/en\/product\/matriz-de-bordado-flork\/","og_site_name":"\ud835\udc1b\ud835\udc1a\ud835\udc33\ud835\udc1a\ud835\udc2b &amp; \ud835\udc1c\ud835\udc22\ud835\udc1a","article_publisher":"https:\/\/www.facebook.com\/shopbazarcia","article_modified_time":"2025-10-02T19:28:16+00:00","og_image":[{"width":1000,"height":1000,"url":"https:\/\/shop.bazarcia.com\/wp-content\/uploads\/2025\/10\/FLORK.webp","type":"image\/webp"}],"twitter_card":"summary_large_image","twitter_misc":{"Est. reading time":"1 minute"},"schema":{"@context":"https:\/\/schema.org","@graph":[{"@type":"WebPage","@id":"https:\/\/shop.bazarcia.com\/produto\/matriz-de-bordado-flork\/","url":"https:\/\/shop.bazarcia.com\/produto\/matriz-de-bordado-flork\/","name":"Matriz de Bordado Flork em Ponto Leve \u2013 Arquivo Digital PES JEF DST HUS EXP","isPartOf":{"@id":"https:\/\/shop.bazarcia.com\/#website"},"primaryImageOfPage":{"@id":"https:\/\/shop.bazarcia.com\/produto\/matriz-de-bordado-flork\/#primaryimage"},"image":{"@id":"https:\/\/shop.bazarcia.com\/produto\/matriz-de-bordado-flork\/#primaryimage"},"thumbnailUrl":"https:\/\/shop.bazarcia.com\/wp-content\/uploads\/2025\/10\/FLORK.webp","datePublished":"2025-10-02T19:05:53+00:00","dateModified":"2025-10-02T19:28:16+00:00","description":"Matriz de bordado Flork em ponto leve. Arquivo digital compat\u00edvel com v\u00e1rias m\u00e1quinas nos formatos PES, JEF, DST, HUS e EXP.","breadcrumb":{"@id":"https:\/\/shop.bazarcia.com\/produto\/matriz-de-bordado-flork\/#breadcrumb"},"inLanguage":"en-US","potentialAction":[{"@type":"ReadAction","target":["https:\/\/shop.bazarcia.com\/produto\/matriz-de-bordado-flork\/"]}]},{"@type":"ImageObject","inLanguage":"en-US","@id":"https:\/\/shop.bazarcia.com\/produto\/matriz-de-bordado-flork\/#primaryimage","url":"https:\/\/shop.bazarcia.com\/wp-content\/uploads\/2025\/10\/FLORK.webp","contentUrl":"https:\/\/shop.bazarcia.com\/wp-content\/uploads\/2025\/10\/FLORK.webp","width":1000,"height":1000},{"@type":"BreadcrumbList","@id":"https:\/\/shop.bazarcia.com\/produto\/matriz-de-bordado-flork\/#breadcrumb","itemListElement":[{"@type":"ListItem","position":1,"name":"In\u00edcio","item":"https:\/\/shop.bazarcia.com\/"},{"@type":"ListItem","position":2,"name":"Loja","item":"https:\/\/shop.bazarcia.com\/loja\/"},{"@type":"ListItem","position":3,"name":"Matriz de Bordado &#8211; Flork"}]},{"@type":"WebSite","@id":"https:\/\/shop.bazarcia.com\/#website","url":"https:\/\/shop.bazarcia.com\/","name":"Bazar & Cia","description":"criatividade ponto a ponto","publisher":{"@id":"https:\/\/shop.bazarcia.com\/#organization"},"potentialAction":[{"@type":"SearchAction","target":{"@type":"EntryPoint","urlTemplate":"https:\/\/shop.bazarcia.com\/?s={search_term_string}"},"query-input":{"@type":"PropertyValueSpecification","valueRequired":true,"valueName":"search_term_string"}}],"inLanguage":"en-US"},{"@type":"Organization","@id":"https:\/\/shop.bazarcia.com\/#organization","name":"Bazar & Cia","url":"https:\/\/shop.bazarcia.com\/","logo":{"@type":"ImageObject","inLanguage":"en-US","@id":"https:\/\/shop.bazarcia.com\/#\/schema\/logo\/image\/","url":"https:\/\/shop.bazarcia.com\/wp-content\/uploads\/2024\/02\/cropped-logo_bazarcia.png","contentUrl":"https:\/\/shop.bazarcia.com\/wp-content\/uploads\/2024\/02\/cropped-logo_bazarcia.png","width":150,"height":150,"caption":"Bazar & Cia"},"image":{"@id":"https:\/\/shop.bazarcia.com\/#\/schema\/logo\/image\/"},"sameAs":["https:\/\/www.facebook.com\/shopbazarcia","https:\/\/www.instagram.com\/shopbazarcia","https:\/\/br.pinterest.com\/suzane_eloise\/","https:\/\/www.youtube.com\/c\/BazardoBordadoMatrizeseProjetos"]}]}},"_links":{"self":[{"href":"https:\/\/shop.bazarcia.com\/en\/wp-json\/wp\/v2\/product\/347524","targetHints":{"allow":["GET"]}}],"collection":[{"href":"https:\/\/shop.bazarcia.com\/en\/wp-json\/wp\/v2\/product"}],"about":[{"href":"https:\/\/shop.bazarcia.com\/en\/wp-json\/wp\/v2\/types\/product"}],"replies":[{"embeddable":true,"href":"https:\/\/shop.bazarcia.com\/en\/wp-json\/wp\/v2\/comments?post=347524"}],"version-history":[{"count":1,"href":"https:\/\/shop.bazarcia.com\/en\/wp-json\/wp\/v2\/product\/347524\/revisions"}],"predecessor-version":[{"id":347529,"href":"https:\/\/shop.bazarcia.com\/en\/wp-json\/wp\/v2\/product\/347524\/revisions\/347529"}],"wp:featuredmedia":[{"embeddable":true,"href":"https:\/\/shop.bazarcia.com\/en\/wp-json\/wp\/v2\/media\/347530"}],"wp:attachment":[{"href":"https:\/\/shop.bazarcia.com\/en\/wp-json\/wp\/v2\/media?parent=347524"}],"wp:term":[{"taxonomy":"product_brand","embeddable":true,"href":"https:\/\/shop.bazarcia.com\/en\/wp-json\/wp\/v2\/product_brand?post=347524"},{"taxonomy":"product_cat","embeddable":true,"href":"https:\/\/shop.bazarcia.com\/en\/wp-json\/wp\/v2\/product_cat?post=347524"},{"taxonomy":"product_tag","embeddable":true,"href":"https:\/\/shop.bazarcia.com\/en\/wp-json\/wp\/v2\/product_tag?post=347524"}],"curies":[{"name":"wp","href":"https:\/\/api.w.org\/{rel}","templated":true}]}}