{"id":348370,"date":"2025-10-08T13:41:48","date_gmt":"2025-10-08T16:41:48","guid":{"rendered":"https:\/\/shop.bazarcia.com\/?post_type=product&#038;p=348370"},"modified":"2025-11-10T11:54:00","modified_gmt":"2025-11-10T14:54:00","slug":"projeto-enfeite-de-porta-maternidade","status":"publish","type":"product","link":"https:\/\/shop.bazarcia.com\/en\/product\/projeto-enfeite-de-porta-maternidade\/","title":{"rendered":"Projeto Enfeite de Porta Maternidade"},"content":{"rendered":"<p data-start=\"225\" data-end=\"413\"><span data-start=\"299\" data-end=\"322\">M<\/span><strong data-start=\"299\" data-end=\"322\">atrizes exclusivas<\/strong> de f\u00e1cil execu\u00e7\u00e3o, borda como t\u00e9cnica de aplique.<\/p>\n<p data-start=\"415\" data-end=\"565\">\ud83e\uddf5 <strong data-start=\"418\" data-end=\"443\">Bastidor Necess\u00e1rio:<\/strong> acima de 13&#215;18 ou 14&#215;20 (dispon\u00edvel tamb\u00e9m em 16&#215;26)\u00a0<br data-start=\"457\" data-end=\"460\" \/>\ud83d\udca1 <strong data-start=\"463\" data-end=\"478\">Ideal para:<\/strong> bordadeiras criativas que buscam pe\u00e7as \u00fateis, vend\u00e1veis e com acabamento profissional.<\/p>\n<p data-start=\"827\" data-end=\"972\">\ud83c\udf81 Aproveite para criar essa pe\u00e7a que encanta em feiras, para presente ou para uso pr\u00f3prio. \u00c9 o tipo de projeto que se transforma em venda rapidinha!<\/p>\n<p>Matrizes de Bordado disponibilizadas em <strong data-start=\"849\" data-end=\"862\">Pasta ZIP<\/strong>, nos seguintes formatos: PES &#8211; JEF &#8211; EXP &#8211; DST.<\/p>","protected":false},"excerpt":{"rendered":"<p data-start=\"225\" data-end=\"413\"><span data-start=\"299\" data-end=\"322\">M<\/span><strong data-start=\"299\" data-end=\"322\">atrizes exclusivas<\/strong> de f\u00e1cil execu\u00e7\u00e3o, borda como t\u00e9cnica de aplique.<\/p>\n<p data-start=\"225\" data-end=\"413\">Dispon\u00edvel em vers\u00e3o menino e menina, use as fotos para divulgar e pegue encomendas!<\/p>\n<p data-start=\"415\" data-end=\"565\">\ud83e\uddf5 <strong data-start=\"418\" data-end=\"443\">Bastidor Necess\u00e1rio:<\/strong> acima de 13&#215;18 ou 14&#215;20 (dispon\u00edvel tamb\u00e9m em 16&#215;26)\u00a0<br data-start=\"457\" data-end=\"460\" \/>\ud83d\udca1 <strong data-start=\"463\" data-end=\"478\">Ideal para:<\/strong> bordadeiras criativas que buscam pe\u00e7as \u00fateis, vend\u00e1veis e com acabamento profissional.<\/p>\n<p data-start=\"827\" data-end=\"972\">\ud83c\udf81 Aproveite para criar essa pe\u00e7a que encanta o momento de chegada de um beb\u00ea!<\/p>\n<p>&nbsp;<\/p>","protected":false},"featured_media":348555,"comment_status":"open","ping_status":"closed","template":"","meta":{"_acf_changed":false,"_joinchat":[]},"product_brand":[1969],"product_cat":[1207,1429,84,98,1385,1392,1386],"product_tag":[],"class_list":{"0":"post-348370","1":"product","2":"type-product","3":"status-publish","4":"has-post-thumbnail","6":"product_brand-exclusivo-bazar","7":"product_cat-baby","8":"product_cat-enfeite-porta-na-bordadeira-ith","9":"product_cat-matrizes-de-bordado","10":"product_cat-projetos-na-bordadeira-in-the-hoop-embroidery","11":"product_cat-projetos-para-bastidor-13x18","12":"product_cat-projetos-para-bastidor-14x20","13":"product_cat-projetos-para-bastidor-15x26-ou-16x26","15":"first","16":"instock","17":"sale","18":"downloadable","19":"virtual","20":"purchasable","21":"product-type-simple"},"acf":[],"yoast_head":"<!-- This site is optimized with the Yoast SEO plugin v27.2 - https:\/\/yoast.com\/product\/yoast-seo-wordpress\/ -->\n<title>Projeto Enfeite de Porta Maternidade - \ud835\udc1b\ud835\udc1a\ud835\udc33\ud835\udc1a\ud835\udc2b &amp; \ud835\udc1c\ud835\udc22\ud835\udc1a<\/title>\n<meta name=\"description\" content=\"Um projeto encantador para fazer na m\u00e1quina de bordar!\u00a0 Sucesso para fazer e\u00a0 vender o ano todos, pois sempre tem beb\u00eas nascendo!\" \/>\n<meta name=\"robots\" content=\"index, follow, max-snippet:-1, max-image-preview:large, max-video-preview:-1\" \/>\n<link rel=\"canonical\" href=\"https:\/\/shop.bazarcia.com\/en\/product\/projeto-enfeite-de-porta-maternidade\/\" \/>\n<meta property=\"og:locale\" content=\"en_US\" \/>\n<meta property=\"og:type\" content=\"article\" \/>\n<meta property=\"og:title\" content=\"Projeto Enfeite de Porta Maternidade - \ud835\udc1b\ud835\udc1a\ud835\udc33\ud835\udc1a\ud835\udc2b &amp; \ud835\udc1c\ud835\udc22\ud835\udc1a\" \/>\n<meta property=\"og:description\" content=\"Um projeto encantador para fazer na m\u00e1quina de bordar!\u00a0 Sucesso para fazer e\u00a0 vender o ano todos, pois sempre tem beb\u00eas nascendo!\" \/>\n<meta property=\"og:url\" content=\"https:\/\/shop.bazarcia.com\/en\/product\/projeto-enfeite-de-porta-maternidade\/\" \/>\n<meta property=\"og:site_name\" content=\"\ud835\udc1b\ud835\udc1a\ud835\udc33\ud835\udc1a\ud835\udc2b &amp; \ud835\udc1c\ud835\udc22\ud835\udc1a\" \/>\n<meta property=\"article:publisher\" content=\"https:\/\/www.facebook.com\/shopbazarcia\" \/>\n<meta property=\"article:modified_time\" content=\"2025-11-10T14:54:00+00:00\" \/>\n<meta property=\"og:image\" content=\"https:\/\/shop.bazarcia.com\/wp-content\/uploads\/2025\/10\/artesanildo-pro-6-25-e1760033678564.png\" \/>\n\t<meta property=\"og:image:width\" content=\"588\" \/>\n\t<meta property=\"og:image:height\" content=\"588\" \/>\n\t<meta property=\"og:image:type\" content=\"image\/png\" \/>\n<meta name=\"twitter:card\" content=\"summary_large_image\" \/>\n<meta name=\"twitter:label1\" content=\"Est. reading time\" \/>\n\t<meta name=\"twitter:data1\" content=\"1 minute\" \/>\n<script type=\"application\/ld+json\" class=\"yoast-schema-graph\">{\"@context\":\"https:\/\/schema.org\",\"@graph\":[{\"@type\":\"WebPage\",\"@id\":\"https:\/\/shop.bazarcia.com\/produto\/projeto-enfeite-de-porta-maternidade\/\",\"url\":\"https:\/\/shop.bazarcia.com\/produto\/projeto-enfeite-de-porta-maternidade\/\",\"name\":\"Projeto Enfeite de Porta Maternidade - \ud835\udc1b\ud835\udc1a\ud835\udc33\ud835\udc1a\ud835\udc2b &amp; \ud835\udc1c\ud835\udc22\ud835\udc1a\",\"isPartOf\":{\"@id\":\"https:\/\/shop.bazarcia.com\/#website\"},\"primaryImageOfPage\":{\"@id\":\"https:\/\/shop.bazarcia.com\/produto\/projeto-enfeite-de-porta-maternidade\/#primaryimage\"},\"image\":{\"@id\":\"https:\/\/shop.bazarcia.com\/produto\/projeto-enfeite-de-porta-maternidade\/#primaryimage\"},\"thumbnailUrl\":\"https:\/\/shop.bazarcia.com\/wp-content\/uploads\/2025\/10\/artesanildo-pro-6-25-e1760033678564.png\",\"datePublished\":\"2025-10-08T16:41:48+00:00\",\"dateModified\":\"2025-11-10T14:54:00+00:00\",\"description\":\"Um projeto encantador para fazer na m\u00e1quina de bordar!\u00a0 Sucesso para fazer e\u00a0 vender o ano todos, pois sempre tem beb\u00eas nascendo!\",\"breadcrumb\":{\"@id\":\"https:\/\/shop.bazarcia.com\/produto\/projeto-enfeite-de-porta-maternidade\/#breadcrumb\"},\"inLanguage\":\"en-US\",\"potentialAction\":[{\"@type\":\"ReadAction\",\"target\":[\"https:\/\/shop.bazarcia.com\/produto\/projeto-enfeite-de-porta-maternidade\/\"]}]},{\"@type\":\"ImageObject\",\"inLanguage\":\"en-US\",\"@id\":\"https:\/\/shop.bazarcia.com\/produto\/projeto-enfeite-de-porta-maternidade\/#primaryimage\",\"url\":\"https:\/\/shop.bazarcia.com\/wp-content\/uploads\/2025\/10\/artesanildo-pro-6-25-e1760033678564.png\",\"contentUrl\":\"https:\/\/shop.bazarcia.com\/wp-content\/uploads\/2025\/10\/artesanildo-pro-6-25-e1760033678564.png\",\"width\":588,\"height\":588},{\"@type\":\"BreadcrumbList\",\"@id\":\"https:\/\/shop.bazarcia.com\/produto\/projeto-enfeite-de-porta-maternidade\/#breadcrumb\",\"itemListElement\":[{\"@type\":\"ListItem\",\"position\":1,\"name\":\"In\u00edcio\",\"item\":\"https:\/\/shop.bazarcia.com\/\"},{\"@type\":\"ListItem\",\"position\":2,\"name\":\"Loja\",\"item\":\"https:\/\/shop.bazarcia.com\/loja\/\"},{\"@type\":\"ListItem\",\"position\":3,\"name\":\"Projeto Enfeite de Porta Maternidade\"}]},{\"@type\":\"WebSite\",\"@id\":\"https:\/\/shop.bazarcia.com\/#website\",\"url\":\"https:\/\/shop.bazarcia.com\/\",\"name\":\"Bazar & Cia\",\"description\":\"criatividade ponto a ponto\",\"publisher\":{\"@id\":\"https:\/\/shop.bazarcia.com\/#organization\"},\"potentialAction\":[{\"@type\":\"SearchAction\",\"target\":{\"@type\":\"EntryPoint\",\"urlTemplate\":\"https:\/\/shop.bazarcia.com\/?s={search_term_string}\"},\"query-input\":{\"@type\":\"PropertyValueSpecification\",\"valueRequired\":true,\"valueName\":\"search_term_string\"}}],\"inLanguage\":\"en-US\"},{\"@type\":\"Organization\",\"@id\":\"https:\/\/shop.bazarcia.com\/#organization\",\"name\":\"Bazar & Cia\",\"url\":\"https:\/\/shop.bazarcia.com\/\",\"logo\":{\"@type\":\"ImageObject\",\"inLanguage\":\"en-US\",\"@id\":\"https:\/\/shop.bazarcia.com\/#\/schema\/logo\/image\/\",\"url\":\"https:\/\/shop.bazarcia.com\/wp-content\/uploads\/2024\/02\/cropped-logo_bazarcia.png\",\"contentUrl\":\"https:\/\/shop.bazarcia.com\/wp-content\/uploads\/2024\/02\/cropped-logo_bazarcia.png\",\"width\":150,\"height\":150,\"caption\":\"Bazar & Cia\"},\"image\":{\"@id\":\"https:\/\/shop.bazarcia.com\/#\/schema\/logo\/image\/\"},\"sameAs\":[\"https:\/\/www.facebook.com\/shopbazarcia\",\"https:\/\/www.instagram.com\/shopbazarcia\",\"https:\/\/br.pinterest.com\/suzane_eloise\/\",\"https:\/\/www.youtube.com\/c\/BazardoBordadoMatrizeseProjetos\"]}]}<\/script>\n<!-- \/ Yoast SEO plugin. -->","yoast_head_json":{"title":"Projeto Enfeite de Porta Maternidade - \ud835\udc1b\ud835\udc1a\ud835\udc33\ud835\udc1a\ud835\udc2b &amp; \ud835\udc1c\ud835\udc22\ud835\udc1a","description":"Um projeto encantador para fazer na m\u00e1quina de bordar!\u00a0 Sucesso para fazer e\u00a0 vender o ano todos, pois sempre tem beb\u00eas nascendo!","robots":{"index":"index","follow":"follow","max-snippet":"max-snippet:-1","max-image-preview":"max-image-preview:large","max-video-preview":"max-video-preview:-1"},"canonical":"https:\/\/shop.bazarcia.com\/en\/product\/projeto-enfeite-de-porta-maternidade\/","og_locale":"en_US","og_type":"article","og_title":"Projeto Enfeite de Porta Maternidade - \ud835\udc1b\ud835\udc1a\ud835\udc33\ud835\udc1a\ud835\udc2b &amp; \ud835\udc1c\ud835\udc22\ud835\udc1a","og_description":"Um projeto encantador para fazer na m\u00e1quina de bordar!\u00a0 Sucesso para fazer e\u00a0 vender o ano todos, pois sempre tem beb\u00eas nascendo!","og_url":"https:\/\/shop.bazarcia.com\/en\/product\/projeto-enfeite-de-porta-maternidade\/","og_site_name":"\ud835\udc1b\ud835\udc1a\ud835\udc33\ud835\udc1a\ud835\udc2b &amp; \ud835\udc1c\ud835\udc22\ud835\udc1a","article_publisher":"https:\/\/www.facebook.com\/shopbazarcia","article_modified_time":"2025-11-10T14:54:00+00:00","og_image":[{"width":588,"height":588,"url":"https:\/\/shop.bazarcia.com\/wp-content\/uploads\/2025\/10\/artesanildo-pro-6-25-e1760033678564.png","type":"image\/png"}],"twitter_card":"summary_large_image","twitter_misc":{"Est. reading time":"1 minute"},"schema":{"@context":"https:\/\/schema.org","@graph":[{"@type":"WebPage","@id":"https:\/\/shop.bazarcia.com\/produto\/projeto-enfeite-de-porta-maternidade\/","url":"https:\/\/shop.bazarcia.com\/produto\/projeto-enfeite-de-porta-maternidade\/","name":"Projeto Enfeite de Porta Maternidade - \ud835\udc1b\ud835\udc1a\ud835\udc33\ud835\udc1a\ud835\udc2b &amp; \ud835\udc1c\ud835\udc22\ud835\udc1a","isPartOf":{"@id":"https:\/\/shop.bazarcia.com\/#website"},"primaryImageOfPage":{"@id":"https:\/\/shop.bazarcia.com\/produto\/projeto-enfeite-de-porta-maternidade\/#primaryimage"},"image":{"@id":"https:\/\/shop.bazarcia.com\/produto\/projeto-enfeite-de-porta-maternidade\/#primaryimage"},"thumbnailUrl":"https:\/\/shop.bazarcia.com\/wp-content\/uploads\/2025\/10\/artesanildo-pro-6-25-e1760033678564.png","datePublished":"2025-10-08T16:41:48+00:00","dateModified":"2025-11-10T14:54:00+00:00","description":"Um projeto encantador para fazer na m\u00e1quina de bordar!\u00a0 Sucesso para fazer e\u00a0 vender o ano todos, pois sempre tem beb\u00eas nascendo!","breadcrumb":{"@id":"https:\/\/shop.bazarcia.com\/produto\/projeto-enfeite-de-porta-maternidade\/#breadcrumb"},"inLanguage":"en-US","potentialAction":[{"@type":"ReadAction","target":["https:\/\/shop.bazarcia.com\/produto\/projeto-enfeite-de-porta-maternidade\/"]}]},{"@type":"ImageObject","inLanguage":"en-US","@id":"https:\/\/shop.bazarcia.com\/produto\/projeto-enfeite-de-porta-maternidade\/#primaryimage","url":"https:\/\/shop.bazarcia.com\/wp-content\/uploads\/2025\/10\/artesanildo-pro-6-25-e1760033678564.png","contentUrl":"https:\/\/shop.bazarcia.com\/wp-content\/uploads\/2025\/10\/artesanildo-pro-6-25-e1760033678564.png","width":588,"height":588},{"@type":"BreadcrumbList","@id":"https:\/\/shop.bazarcia.com\/produto\/projeto-enfeite-de-porta-maternidade\/#breadcrumb","itemListElement":[{"@type":"ListItem","position":1,"name":"In\u00edcio","item":"https:\/\/shop.bazarcia.com\/"},{"@type":"ListItem","position":2,"name":"Loja","item":"https:\/\/shop.bazarcia.com\/loja\/"},{"@type":"ListItem","position":3,"name":"Projeto Enfeite de Porta Maternidade"}]},{"@type":"WebSite","@id":"https:\/\/shop.bazarcia.com\/#website","url":"https:\/\/shop.bazarcia.com\/","name":"Bazar & Cia","description":"criatividade ponto a ponto","publisher":{"@id":"https:\/\/shop.bazarcia.com\/#organization"},"potentialAction":[{"@type":"SearchAction","target":{"@type":"EntryPoint","urlTemplate":"https:\/\/shop.bazarcia.com\/?s={search_term_string}"},"query-input":{"@type":"PropertyValueSpecification","valueRequired":true,"valueName":"search_term_string"}}],"inLanguage":"en-US"},{"@type":"Organization","@id":"https:\/\/shop.bazarcia.com\/#organization","name":"Bazar & Cia","url":"https:\/\/shop.bazarcia.com\/","logo":{"@type":"ImageObject","inLanguage":"en-US","@id":"https:\/\/shop.bazarcia.com\/#\/schema\/logo\/image\/","url":"https:\/\/shop.bazarcia.com\/wp-content\/uploads\/2024\/02\/cropped-logo_bazarcia.png","contentUrl":"https:\/\/shop.bazarcia.com\/wp-content\/uploads\/2024\/02\/cropped-logo_bazarcia.png","width":150,"height":150,"caption":"Bazar & Cia"},"image":{"@id":"https:\/\/shop.bazarcia.com\/#\/schema\/logo\/image\/"},"sameAs":["https:\/\/www.facebook.com\/shopbazarcia","https:\/\/www.instagram.com\/shopbazarcia","https:\/\/br.pinterest.com\/suzane_eloise\/","https:\/\/www.youtube.com\/c\/BazardoBordadoMatrizeseProjetos"]}]}},"_links":{"self":[{"href":"https:\/\/shop.bazarcia.com\/en\/wp-json\/wp\/v2\/product\/348370","targetHints":{"allow":["GET"]}}],"collection":[{"href":"https:\/\/shop.bazarcia.com\/en\/wp-json\/wp\/v2\/product"}],"about":[{"href":"https:\/\/shop.bazarcia.com\/en\/wp-json\/wp\/v2\/types\/product"}],"replies":[{"embeddable":true,"href":"https:\/\/shop.bazarcia.com\/en\/wp-json\/wp\/v2\/comments?post=348370"}],"version-history":[{"count":6,"href":"https:\/\/shop.bazarcia.com\/en\/wp-json\/wp\/v2\/product\/348370\/revisions"}],"predecessor-version":[{"id":357049,"href":"https:\/\/shop.bazarcia.com\/en\/wp-json\/wp\/v2\/product\/348370\/revisions\/357049"}],"wp:featuredmedia":[{"embeddable":true,"href":"https:\/\/shop.bazarcia.com\/en\/wp-json\/wp\/v2\/media\/348555"}],"wp:attachment":[{"href":"https:\/\/shop.bazarcia.com\/en\/wp-json\/wp\/v2\/media?parent=348370"}],"wp:term":[{"taxonomy":"product_brand","embeddable":true,"href":"https:\/\/shop.bazarcia.com\/en\/wp-json\/wp\/v2\/product_brand?post=348370"},{"taxonomy":"product_cat","embeddable":true,"href":"https:\/\/shop.bazarcia.com\/en\/wp-json\/wp\/v2\/product_cat?post=348370"},{"taxonomy":"product_tag","embeddable":true,"href":"https:\/\/shop.bazarcia.com\/en\/wp-json\/wp\/v2\/product_tag?post=348370"}],"curies":[{"name":"wp","href":"https:\/\/api.w.org\/{rel}","templated":true}]}}